{"id":14529,"date":"2015-01-11T11:21:51","date_gmt":"2015-01-11T09:21:51","guid":{"rendered":"http:\/\/slidebird.wpengine.com\/?page_id=12"},"modified":"2015-01-11T11:21:51","modified_gmt":"2015-01-11T09:21:51","slug":"parquet","status":"publish","type":"page","link":"https:\/\/schubertstone.com\/en\/parkett\/","title":{"rendered":"Parquet flooring"},"content":{"rendered":"<div class=\"wpb-content-wrapper\"><div class=\"vc_row wpb_row vc_row-fluid\"><div class=\"wpb_column vc_column_container vc_col-sm-12\"><div class=\"vc_column-inner\"><div class=\"wpb_wrapper\">[rev_slider_vc alias=&#8220;slider_parkett-1&#8243;]<\/div><\/div><\/div><\/div><div class=\"vc_row wpb_row vc_row-fluid\"><div class=\"wpb_column vc_column_container vc_col-sm-12 vc_col-has-fill\"><div class=\"vc_column-inner vc_custom_1543875557316\"><div class=\"wpb_wrapper\">\n\t<div class=\"wpb_text_column wpb_content_element\" >\n\t\t<div class=\"wpb_wrapper\">\n\t\t\t<h1 style=\"text-align: center;\"><span style=\"font-size: 20px;\">Nat\u00fcrliche Holzb\u00f6den<\/span><\/h1>\n<p style=\"text-align: left;\"><span style=\"font-size: 16px;\">Echtholz-Parkett ist die perfekte Wahl f\u00fcr alle, die einen traditionelleren Bodenbelag suchen, der aber dennoch viele Stiloptionen bietet. Parkett ist perfekt geeignet, um jedem Raum einen Hauch von Eleganz zu verleihen, ohne das Budget zu sprengen. Parkett ist au\u00dferdem bei richtiger Pflege sehr langlebig ohne mit der Zeit starke Abnutzungserscheinungen zu zeigen. Dar\u00fcber hinaus verf\u00fcgt Parkett \u00fcber ausgezeichnete akustische Eigenschaften und eignet sich daher hervorragend f\u00fcr Wohnbereiche. Bodenbel\u00e4ge aus Holz sind zudem besonders stimmige Begleiter von Naturstein sowie Feinsteinzeug und lassen sich aufgrund vielf\u00e4ltiger Farb- und Verarbeitungsvarianten perfekt kombinieren. <\/span><\/p>\n<p style=\"text-align: left;\"><span style=\"font-size: 16px;\">Um h\u00f6chsten Anspr\u00fcchen gerecht zu werden, besteht das Parkett-Sortiment von SCHUBERT STONE ausschlie\u00dflich aus langlebigen, hochqualitative Holzsorten aus Europa. Ob breite Landhausdielen, raumlange Schlossdielen, klassischer oder franz\u00f6sischer Fischgr\u00e4t-Parkett, Sie haben die Wahl.<\/span><\/p>\n\n\t\t<\/div>\n\t<\/div>\n<div class=\"ult-spacer spacer-69f56c022ea89\" data-id=\"69f56c022ea89\" data-height=\"15\" data-height-mobile=\"5\" data-height-tab=\"5\" data-height-tab-portrait=\"5\" data-height-mobile-landscape=\"5\" style=\"clear:both;display:block;\"><\/div><\/div><\/div><\/div><\/div><div class=\"vc_row wpb_row vc_row-fluid\"><div class=\"wpb_column vc_column_container vc_col-sm-6 vc_col-has-fill\"><div class=\"vc_column-inner vc_custom_1533589290553\"><div class=\"wpb_wrapper\">\n\t<div  class=\"wpb_single_image wpb_content_element vc_align_left wpb_content_element  single-gridpicture-margin\">\n\t\t\n\t\t<figure class=\"wpb_wrapper vc_figure\">\n\t\t\t<a href=\"https:\/\/schubertstone.com\/parkett\/schotten-hansen\/\" target=\"_self\" class=\"vc_single_image-wrapper   vc_box_border_grey\"><\/a>\n\t\t<\/figure>\n\t<\/div>\n\n\t<div class=\"wpb_text_column wpb_content_element vc_custom_1465212512090\" >\n\t\t<div class=\"wpb_wrapper\">\n\t\t\t<h3 class=\"grid-pages-new\" style=\"text-align: center;\"><a href=\"https:\/\/schubertstone.com\/parkett\/schotten-hansen\/\">SCHOTTEN &amp; HANSEN<\/a><\/h3>\n\n\t\t<\/div>\n\t<\/div>\n\n\t<div class=\"wpb_text_column wpb_content_element vc_custom_1503577943137\" >\n\t\t<div class=\"wpb_wrapper\">\n\t\t\t<p class=\"grid-pages-new-text\">Schotten &amp; Hansen sind edle Holzb\u00f6den f\u00fcr h\u00f6chste Anspr\u00fcche. Wunderbar nat\u00fcrlich und einzigartig sch\u00f6n, das sind Holzb\u00f6den von Schotten &amp; Hansen.<\/p>\n\n\t\t<\/div>\n\t<\/div>\n<div class=\"vc_btn3-container vc_btn3-center vc_do_btn\" ><a class=\"vc_general vc_btn3 vc_btn3-size-lg vc_btn3-shape-square vc_btn3-style-outline vc_btn3-color-chino\" href=\"https:\/\/schubertstone.com\/parkett\/schotten-hansen\/\" title=\"\">Mehr erfahren<\/a><\/div><\/div><\/div><\/div><div class=\"wpb_column vc_column_container vc_col-sm-6 vc_col-has-fill\"><div class=\"vc_column-inner vc_custom_1533588736497\"><div class=\"wpb_wrapper\">\n\t<div  class=\"wpb_single_image wpb_content_element vc_align_left wpb_content_element  single-gridpicture-margin\">\n\t\t\n\t\t<figure class=\"wpb_wrapper vc_figure\">\n\t\t\t<a href=\"https:\/\/schubertstone.com\/parkett\/schlossdielen\/\" target=\"_self\" class=\"vc_single_image-wrapper   vc_box_border_grey\"><\/a>\n\t\t<\/figure>\n\t<\/div>\n\n\t<div class=\"wpb_text_column wpb_content_element vc_custom_1465384455850\" >\n\t\t<div class=\"wpb_wrapper\">\n\t\t\t<h3 class=\"grid-pages-new\" style=\"text-align: center;\"><a href=\"https:\/\/schubertstone.com\/parkett\/schlossdielen\/\">SCHLOSSDIELEN<\/a><\/h3>\n\n\t\t<\/div>\n\t<\/div>\n\n\t<div class=\"wpb_text_column wpb_content_element vc_custom_1465214263519\" >\n\t\t<div class=\"wpb_wrapper\">\n\t\t\t<p class=\"grid-pages-new-text\">Schlossdielen sind massive, meist aus Eiche geschnittene Holzdielen. Einst wurden Schlossdielen aus Eiche in Schl\u00f6ssern und Kirchen eingesetzt.<\/p>\n\n\t\t<\/div>\n\t<\/div>\n<div class=\"vc_btn3-container vc_btn3-center vc_do_btn\" ><a class=\"vc_general vc_btn3 vc_btn3-size-lg vc_btn3-shape-square vc_btn3-style-outline vc_btn3-color-chino\" href=\"https:\/\/schubertstone.com\/parkett\/schlossdielen\/\" title=\"\">Mehr erfahren<\/a><\/div><\/div><\/div><\/div><\/div><div class=\"vc_row wpb_row vc_row-fluid\"><div class=\"wpb_column vc_column_container vc_col-sm-12\"><div class=\"vc_column-inner\"><div class=\"wpb_wrapper\"><div class=\"vc_empty_space\"   style=\"height: 32px\"><span class=\"vc_empty_space_inner\"><\/span><\/div><\/div><\/div><\/div><\/div><div class=\"vc_row wpb_row vc_row-fluid\"><div class=\"wpb_column vc_column_container vc_col-sm-6 vc_col-has-fill\"><div class=\"vc_column-inner vc_custom_1533551806341\"><div class=\"wpb_wrapper\">\n\t<div  class=\"wpb_single_image wpb_content_element vc_align_left wpb_content_element  single-gridpicture-margin\">\n\t\t\n\t\t<figure class=\"wpb_wrapper vc_figure\">\n\t\t\t<a href=\"https:\/\/schubertstone.com\/parkett\/parkett-eiche\/\" target=\"_self\" class=\"vc_single_image-wrapper   vc_box_border_grey\"><img fetchpriority=\"high\" decoding=\"async\" width=\"1000\" height=\"666\" src=\"https:\/\/schubertstone.com\/wp-content\/uploads\/2025\/02\/SCHUBERT-STONE-Geschichte-31-1024x682.webp\" class=\"vc_single_image-img attachment-large\" alt=\"\" title=\"SCHUBERT STONE Geschichte-31\" srcset=\"https:\/\/schubertstone.com\/wp-content\/uploads\/2025\/02\/SCHUBERT-STONE-Geschichte-31-1024x682.webp 1024w, https:\/\/schubertstone.com\/wp-content\/uploads\/2025\/02\/SCHUBERT-STONE-Geschichte-31-300x200.webp 300w, https:\/\/schubertstone.com\/wp-content\/uploads\/2025\/02\/SCHUBERT-STONE-Geschichte-31-768x511.webp 768w, https:\/\/schubertstone.com\/wp-content\/uploads\/2025\/02\/SCHUBERT-STONE-Geschichte-31-1536x1022.webp 1536w, https:\/\/schubertstone.com\/wp-content\/uploads\/2025\/02\/SCHUBERT-STONE-Geschichte-31-650x433.webp 650w, https:\/\/schubertstone.com\/wp-content\/uploads\/2025\/02\/SCHUBERT-STONE-Geschichte-31-600x399.webp 600w, https:\/\/schubertstone.com\/wp-content\/uploads\/2025\/02\/SCHUBERT-STONE-Geschichte-31.webp 1920w\" sizes=\"(max-width: 1000px) 100vw, 1000px\" \/><\/a>\n\t\t<\/figure>\n\t<\/div>\n\n\t<div class=\"wpb_text_column wpb_content_element vc_custom_1465214813166\" >\n\t\t<div class=\"wpb_wrapper\">\n\t\t\t<h3 class=\"grid-pages-new\" style=\"text-align: center;\"><a href=\"https:\/\/schubertstone.com\/parkett\/parkett-eiche\/\">PARKETT EICHE<\/a><\/h3>\n\n\t\t<\/div>\n\t<\/div>\n\n\t<div class=\"wpb_text_column wpb_content_element vc_custom_1465215066490\" >\n\t\t<div class=\"wpb_wrapper\">\n\t\t\t<p class=\"grid-pages-new-text\">Parkett Eiche ist ein zeitlos sch\u00f6ner Fussboden, der sich problemlos nahezu jedem Einrichtungsstil anpasst und mit der richtigen Behandlung \u00fcber Jahrzehnte hinweg attraktiv bleibt.<\/p>\n\n\t\t<\/div>\n\t<\/div>\n<div class=\"vc_btn3-container vc_btn3-center vc_do_btn\" ><a class=\"vc_general vc_btn3 vc_btn3-size-lg vc_btn3-shape-square vc_btn3-style-outline vc_btn3-color-chino\" href=\"https:\/\/schubertstone.com\/parkett\/parkett-eiche\/\" title=\"\">Mehr erfahren<\/a><\/div><\/div><\/div><\/div><div class=\"wpb_column vc_column_container vc_col-sm-6 vc_col-has-fill\"><div class=\"vc_column-inner vc_custom_1533551812495\"><div class=\"wpb_wrapper\">\n\t<div  class=\"wpb_single_image wpb_content_element vc_align_left wpb_content_element  single-gridpicture-margin\">\n\t\t\n\t\t<figure class=\"wpb_wrapper vc_figure\">\n\t\t\t<a href=\"https:\/\/schubertstone.com\/parkett\/raeuchereiche\/\" target=\"_self\" class=\"vc_single_image-wrapper   vc_box_border_grey\"><img decoding=\"async\" width=\"900\" height=\"639\" src=\"https:\/\/schubertstone.com\/wp-content\/uploads\/2015\/03\/gr-parkettboden-raeuchereiche-w900-h639.jpg\" class=\"vc_single_image-img attachment-large\" alt=\"Parkettboden R\u00e4uchereiche\" title=\"gr-parkettboden-raeuchereiche-w900-h639\" srcset=\"https:\/\/schubertstone.com\/wp-content\/uploads\/2015\/03\/gr-parkettboden-raeuchereiche-w900-h639.jpg 900w, https:\/\/schubertstone.com\/wp-content\/uploads\/2015\/03\/gr-parkettboden-raeuchereiche-w900-h639-300x213.jpg 300w, https:\/\/schubertstone.com\/wp-content\/uploads\/2015\/03\/gr-parkettboden-raeuchereiche-w900-h639-768x545.jpg 768w, https:\/\/schubertstone.com\/wp-content\/uploads\/2015\/03\/gr-parkettboden-raeuchereiche-w900-h639-650x462.jpg 650w, https:\/\/schubertstone.com\/wp-content\/uploads\/2015\/03\/gr-parkettboden-raeuchereiche-w900-h639-600x426.webp 600w\" sizes=\"(max-width: 900px) 100vw, 900px\" \/><\/a>\n\t\t<\/figure>\n\t<\/div>\n\n\t<div class=\"wpb_text_column wpb_content_element vc_custom_1465214570271\" >\n\t\t<div class=\"wpb_wrapper\">\n\t\t\t<h3 class=\"grid-pages-new\" style=\"text-align: center;\"><a href=\"https:\/\/schubertstone.com\/parkett\/raeuchereiche\/\">R\u00c4UCHEREICHE<\/a><\/h3>\n\n\t\t<\/div>\n\t<\/div>\n\n\t<div class=\"wpb_text_column wpb_content_element vc_custom_1465214653540\" >\n\t\t<div class=\"wpb_wrapper\">\n\t\t\t<p class=\"grid-pages-new-text\">R\u00e4uchereiche Parkett ist unverwechselbar: Unter den edelsten der Parketth\u00f6lzer ist dieses samtig dunkle Material das anmutigste. Das liegt an der besonderen R\u00e4uchereiche Herstellung.<\/p>\n\n\t\t<\/div>\n\t<\/div>\n<div class=\"vc_btn3-container vc_btn3-center vc_do_btn\" ><a class=\"vc_general vc_btn3 vc_btn3-size-lg vc_btn3-shape-square vc_btn3-style-outline vc_btn3-color-chino\" href=\"https:\/\/schubertstone.com\/technostein\/eigenschaften\/\" title=\"\">Mehr erfahren<\/a><\/div><\/div><\/div><\/div><\/div><div id=\"row-hide\" class=\"vc_row wpb_row vc_row-fluid\"><div class=\"wpb_column vc_column_container vc_col-sm-12\"><div class=\"vc_column-inner\"><div class=\"wpb_wrapper\"><div class=\"vc_empty_space\"   style=\"height: 32px\"><span class=\"vc_empty_space_inner\"><\/span><\/div><\/div><\/div><\/div><\/div><div class=\"vc_row wpb_row vc_row-fluid\"><div class=\"wpb_column vc_column_container vc_col-sm-6 vc_col-has-fill\"><div class=\"vc_column-inner vc_custom_1533551788341\"><div class=\"wpb_wrapper\">\n\t<div  class=\"wpb_single_image wpb_content_element vc_align_left wpb_content_element  single-gridpicture-margin\">\n\t\t\n\t\t<figure class=\"wpb_wrapper vc_figure\">\n\t\t\t<a href=\"https:\/\/schubertstone.com\/parkett\/landhausdielen\/\" target=\"_self\" class=\"vc_single_image-wrapper   vc_box_border_grey\"><img decoding=\"async\" width=\"900\" height=\"639\" src=\"https:\/\/schubertstone.com\/wp-content\/uploads\/2015\/03\/gr-h-landhausdiele-parkettboden-w900-h639.jpg\" class=\"vc_single_image-img attachment-large\" alt=\"Landhausdiele Parkettboden\" title=\"gr-h-landhausdiele-parkettboden-w900-h639\" srcset=\"https:\/\/schubertstone.com\/wp-content\/uploads\/2015\/03\/gr-h-landhausdiele-parkettboden-w900-h639.jpg 900w, https:\/\/schubertstone.com\/wp-content\/uploads\/2015\/03\/gr-h-landhausdiele-parkettboden-w900-h639-300x213.jpg 300w, https:\/\/schubertstone.com\/wp-content\/uploads\/2015\/03\/gr-h-landhausdiele-parkettboden-w900-h639-768x545.jpg 768w, https:\/\/schubertstone.com\/wp-content\/uploads\/2015\/03\/gr-h-landhausdiele-parkettboden-w900-h639-650x462.jpg 650w, https:\/\/schubertstone.com\/wp-content\/uploads\/2015\/03\/gr-h-landhausdiele-parkettboden-w900-h639-600x426.webp 600w\" sizes=\"(max-width: 900px) 100vw, 900px\" \/><\/a>\n\t\t<\/figure>\n\t<\/div>\n\n\t<div class=\"wpb_text_column wpb_content_element vc_custom_1465384468899\" >\n\t\t<div class=\"wpb_wrapper\">\n\t\t\t<h3 class=\"grid-pages-new\" style=\"text-align: center;\"><a href=\"https:\/\/schubertstone.com\/parkett\/landhausdielen\/\">LANDHAUSDIELEN<\/a><\/h3>\n\n\t\t<\/div>\n\t<\/div>\n\n\t<div class=\"wpb_text_column wpb_content_element vc_custom_1465214396918\" >\n\t\t<div class=\"wpb_wrapper\">\n\t\t\t<p class=\"grid-pages-new-text\">Landhausdielen sind wahre Klassiker unter den Fu\u00dfb\u00f6den. Kein Wunder, sind sie doch strapazierf\u00e4hig, angenehm zu begehen und ausgesprochen sch\u00f6n.<\/p>\n\n\t\t<\/div>\n\t<\/div>\n<div class=\"vc_btn3-container vc_btn3-center vc_do_btn\" ><a class=\"vc_general vc_btn3 vc_btn3-size-lg vc_btn3-shape-square vc_btn3-style-outline vc_btn3-color-chino\" href=\"https:\/\/schubertstone.com\/parkett\/landhausdielen\/\" title=\"\">Mehr erfahren<\/a><\/div><\/div><\/div><\/div><div class=\"wpb_column vc_column_container vc_col-sm-6 vc_col-has-fill\"><div class=\"vc_column-inner vc_custom_1533551781173\"><div class=\"wpb_wrapper\">\n\t<div  class=\"wpb_single_image wpb_content_element vc_align_left wpb_content_element  single-gridpicture-margin\">\n\t\t\n\t\t<figure class=\"wpb_wrapper vc_figure\">\n\t\t\t<a href=\"https:\/\/schubertstone.com\/parkett\/parkett-nussbaum\/\" target=\"_self\" class=\"vc_single_image-wrapper   vc_box_border_grey\"><\/a>\n\t\t<\/figure>\n\t<\/div>\n\n\t<div class=\"wpb_text_column wpb_content_element vc_custom_1465215282399\" >\n\t\t<div class=\"wpb_wrapper\">\n\t\t\t<h3 class=\"grid-pages-new\" style=\"text-align: center;\"><a href=\"https:\/\/schubertstone.com\/parkett\/parkett-nussbaum\/\">PARKETT NUSSBAUM<\/a><\/h3>\n\n\t\t<\/div>\n\t<\/div>\n\n\t<div class=\"wpb_text_column wpb_content_element vc_custom_1533553393294\" >\n\t\t<div class=\"wpb_wrapper\">\n\t\t\t<p class=\"grid-pages-new-text\">Nussbaum Parkett ist ein edler, robuster Bodenbelag. Nussbaum Parkett\u00a0ist neben der dunklen nat\u00fcrlichen Optik pflegeleicht und langleblig sch\u00f6n.<\/p>\n\n\t\t<\/div>\n\t<\/div>\n<div class=\"vc_btn3-container vc_btn3-center vc_do_btn\" ><a class=\"vc_general vc_btn3 vc_btn3-size-lg vc_btn3-shape-square vc_btn3-style-outline vc_btn3-color-chino\" href=\"https:\/\/schubertstone.com\/parkett\/parkett-nussbaum\/\" title=\"\">Mehr erfahren<\/a><\/div><\/div><\/div><\/div><\/div><div id=\"row-hide\" class=\"vc_row wpb_row vc_row-fluid\"><div class=\"wpb_column vc_column_container vc_col-sm-12\"><div class=\"vc_column-inner\"><div class=\"wpb_wrapper\"><div class=\"vc_empty_space\"   style=\"height: 32px\"><span class=\"vc_empty_space_inner\"><\/span><\/div><\/div><\/div><\/div><\/div><div class=\"vc_row wpb_row vc_row-fluid\"><div class=\"wpb_column vc_column_container vc_col-sm-12\"><div class=\"vc_column-inner\"><div class=\"wpb_wrapper\"><div class=\"vc_empty_space\"   style=\"height: 32px\"><span class=\"vc_empty_space_inner\"><\/span><\/div><\/div><\/div><\/div><\/div><div class=\"vc_row wpb_row vc_row-fluid\"><div class=\"wpb_column vc_column_container vc_col-sm-6 vc_col-has-fill\"><div class=\"vc_column-inner vc_custom_1533551731487\"><div class=\"wpb_wrapper\">\n\t<div  class=\"wpb_single_image wpb_content_element vc_align_left wpb_content_element  single-gridpicture-margin\">\n\t\t\n\t\t<figure class=\"wpb_wrapper vc_figure\">\n\t\t\t<a href=\"https:\/\/schubertstone.com\/parkett\/massivholzdielen\/\" target=\"_self\" class=\"vc_single_image-wrapper   vc_box_border_grey\"><\/a>\n\t\t<\/figure>\n\t<\/div>\n\n\t<div class=\"wpb_text_column wpb_content_element vc_custom_1465217026073\" >\n\t\t<div class=\"wpb_wrapper\">\n\t\t\t<h3 class=\"grid-pages-new\" style=\"text-align: center;\"><a href=\"https:\/\/schubertstone.com\/parkett\/massivholzdielen\/\">MASSIVHOLZDIELEN<\/a><\/h3>\n\n\t\t<\/div>\n\t<\/div>\n\n\t<div class=\"wpb_text_column wpb_content_element vc_custom_1465217106098\" >\n\t\t<div class=\"wpb_wrapper\">\n\t\t\t<p class=\"grid-pages-new-text\">Massivholzdielen bringen \u201eNatur pur\u201c in jeden Wohnraum. Sie bestehen aus einer massiven Holzschicht, werden \u00fcblicherweise roh verlegt und im Anschluss mehrmals abgeschliffen.<\/p>\n\n\t\t<\/div>\n\t<\/div>\n<div class=\"vc_btn3-container vc_btn3-center vc_do_btn\" ><a class=\"vc_general vc_btn3 vc_btn3-size-lg vc_btn3-shape-square vc_btn3-style-outline vc_btn3-color-chino\" href=\"https:\/\/schubertstone.com\/parkett\/massivholzdielen\/\" title=\"\">Mehr erfahren<\/a><\/div><\/div><\/div><\/div><div class=\"wpb_column vc_column_container vc_col-sm-6 vc_col-has-fill\"><div class=\"vc_column-inner vc_custom_1533553601691\"><div class=\"wpb_wrapper\">\n\t<div  class=\"wpb_single_image wpb_content_element vc_align_left wpb_content_element  single-gridpicture-margin\">\n\t\t\n\t\t<figure class=\"wpb_wrapper vc_figure\">\n\t\t\t<a href=\"https:\/\/schubertstone.com\/parkett\/parkett-laerche\/\" target=\"_self\" class=\"vc_single_image-wrapper   vc_box_border_grey\"><\/a>\n\t\t<\/figure>\n\t<\/div>\n\n\t<div class=\"wpb_text_column wpb_content_element vc_custom_1465214943407\" >\n\t\t<div class=\"wpb_wrapper\">\n\t\t\t<h3 class=\"grid-pages-new\" style=\"text-align: center;\"><a href=\"https:\/\/schubertstone.com\/parkett\/parkett-laerche\/\">PARKETT L\u00c4RCHE<\/a><\/h3>\n\n\t\t<\/div>\n\t<\/div>\n\n\t<div class=\"wpb_text_column wpb_content_element vc_custom_1465214987405\" >\n\t\t<div class=\"wpb_wrapper\">\n\t\t\t<p class=\"grid-pages-new-text\">Parkett L\u00e4rche erfreut sich aufgrund seiner einzigartigen nat\u00fcrlichen Sch\u00f6nheit als Bodenbelag gro\u00dfer Beliebtheit. Die zahlreichen positiven Merkmale machen ihn zu einem besonders hochwertigen und vielseitigen Boden.<\/p>\n\n\t\t<\/div>\n\t<\/div>\n<div class=\"vc_btn3-container vc_btn3-center vc_do_btn\" ><a class=\"vc_general vc_btn3 vc_btn3-size-lg vc_btn3-shape-square vc_btn3-style-outline vc_btn3-color-chino\" href=\"https:\/\/schubertstone.com\/parkett\/parkett-laerche\/\" title=\"\">Mehr erfahren<\/a><\/div><\/div><\/div><\/div><\/div>\n<\/div>","protected":false},"excerpt":{"rendered":"[rev_slider_vc alias=\"slider_parkett-1\"] Nat\u00fcrliche Holzb\u00f6den Echtholz-Parkett ist die perfekte Wahl f\u00fcr alle, die einen traditionelleren Bodenbelag suchen, der aber dennoch viele Stiloptionen bietet. [...]","protected":false},"author":3,"featured_media":0,"parent":0,"menu_order":0,"comment_status":"closed","ping_status":"open","template":"","meta":{"footnotes":""},"class_list":["post-14529","page","type-page","status-publish","hentry"],"yoast_head":"<!-- This site is optimized with the Yoast SEO Premium plugin v27.3 (Yoast SEO v27.5) - https:\/\/yoast.com\/product\/yoast-seo-premium-wordpress\/ -->\n<title>Parkett - SCHUBERT STONE - Naturstein, Feinsteinzeug, Parkett<\/title>\n<meta name=\"robots\" content=\"index, follow, max-snippet:-1, max-image-preview:large, max-video-preview:-1\" \/>\n<link rel=\"canonical\" href=\"https:\/\/schubertstone.com\/en\/parquet\/\" \/>\n<meta property=\"og:locale\" content=\"en_US\" \/>\n<meta property=\"og:type\" content=\"article\" \/>\n<meta property=\"og:title\" content=\"Parkett\" \/>\n<meta property=\"og:url\" content=\"https:\/\/schubertstone.com\/en\/parquet\/\" \/>\n<meta property=\"og:site_name\" content=\"SCHUBERT STONE - Naturstein, Feinsteinzeug, Parkett\" \/>\n<meta name=\"twitter:card\" content=\"summary_large_image\" \/>\n<meta name=\"twitter:label1\" content=\"Est. reading time\" \/>\n\t<meta name=\"twitter:data1\" content=\"7 minutes\" \/>\n<script type=\"application\/ld+json\" class=\"yoast-schema-graph\">{\"@context\":\"https:\\\/\\\/schema.org\",\"@graph\":[{\"@type\":\"WebPage\",\"@id\":\"https:\\\/\\\/schubertstone.com\\\/parkett\\\/\",\"url\":\"https:\\\/\\\/schubertstone.com\\\/parkett\\\/\",\"name\":\"Parkett - SCHUBERT STONE - Naturstein, Feinsteinzeug, Parkett\",\"isPartOf\":{\"@id\":\"https:\\\/\\\/schubertstone.com\\\/#website\"},\"datePublished\":\"2015-01-11T09:21:51+00:00\",\"breadcrumb\":{\"@id\":\"https:\\\/\\\/schubertstone.com\\\/parkett\\\/#breadcrumb\"},\"inLanguage\":\"en-US\",\"potentialAction\":[{\"@type\":\"ReadAction\",\"target\":[\"https:\\\/\\\/schubertstone.com\\\/parkett\\\/\"]}]},{\"@type\":\"BreadcrumbList\",\"@id\":\"https:\\\/\\\/schubertstone.com\\\/parkett\\\/#breadcrumb\",\"itemListElement\":[{\"@type\":\"ListItem\",\"position\":1,\"name\":\"Home\",\"item\":\"https:\\\/\\\/schubertstone.com\\\/\"},{\"@type\":\"ListItem\",\"position\":2,\"name\":\"Parkett\"}]},{\"@type\":\"WebSite\",\"@id\":\"https:\\\/\\\/schubertstone.com\\\/#website\",\"url\":\"https:\\\/\\\/schubertstone.com\\\/\",\"name\":\"SCHUBERT STONE - Naturstein, Feinsteinzeug, Parkett\",\"description\":\"Edle B\u00f6den &amp; Terrassen f\u00fcr Ihre exklusive Immobilie\",\"potentialAction\":[{\"@type\":\"SearchAction\",\"target\":{\"@type\":\"EntryPoint\",\"urlTemplate\":\"https:\\\/\\\/schubertstone.com\\\/?s={search_term_string}\"},\"query-input\":{\"@type\":\"PropertyValueSpecification\",\"valueRequired\":true,\"valueName\":\"search_term_string\"}}],\"inLanguage\":\"en-US\"}]}<\/script>\n<!-- \/ Yoast SEO Premium plugin. -->","yoast_head_json":{"title":"Parquet - SCHUBERT STONE - Natural stone, fine stoneware, parquet","robots":{"index":"index","follow":"follow","max-snippet":"max-snippet:-1","max-image-preview":"max-image-preview:large","max-video-preview":"max-video-preview:-1"},"canonical":"https:\/\/schubertstone.com\/en\/parquet\/","og_locale":"en_US","og_type":"article","og_title":"Parkett","og_url":"https:\/\/schubertstone.com\/en\/parquet\/","og_site_name":"SCHUBERT STONE - Naturstein, Feinsteinzeug, Parkett","twitter_card":"summary_large_image","twitter_misc":{"Est. reading time":"7 minutes"},"schema":{"@context":"https:\/\/schema.org","@graph":[{"@type":"WebPage","@id":"https:\/\/schubertstone.com\/parkett\/","url":"https:\/\/schubertstone.com\/parkett\/","name":"Parquet - SCHUBERT STONE - Natural stone, fine stoneware, parquet","isPartOf":{"@id":"https:\/\/schubertstone.com\/#website"},"datePublished":"2015-01-11T09:21:51+00:00","breadcrumb":{"@id":"https:\/\/schubertstone.com\/parkett\/#breadcrumb"},"inLanguage":"en-US","potentialAction":[{"@type":"ReadAction","target":["https:\/\/schubertstone.com\/parkett\/"]}]},{"@type":"BreadcrumbList","@id":"https:\/\/schubertstone.com\/parkett\/#breadcrumb","itemListElement":[{"@type":"ListItem","position":1,"name":"Home","item":"https:\/\/schubertstone.com\/"},{"@type":"ListItem","position":2,"name":"Parkett"}]},{"@type":"WebSite","@id":"https:\/\/schubertstone.com\/#website","url":"https:\/\/schubertstone.com\/","name":"SCHUBERT STONE - Natural stone, porcelain stoneware, parquet","description":"Fine floors &amp; terraces for your exclusive property","potentialAction":[{"@type":"SearchAction","target":{"@type":"EntryPoint","urlTemplate":"https:\/\/schubertstone.com\/?s={search_term_string}"},"query-input":{"@type":"PropertyValueSpecification","valueRequired":true,"valueName":"search_term_string"}}],"inLanguage":"en-US"}]}},"_links":{"self":[{"href":"https:\/\/schubertstone.com\/en\/wp-json\/wp\/v2\/pages\/14529","targetHints":{"allow":["GET"]}}],"collection":[{"href":"https:\/\/schubertstone.com\/en\/wp-json\/wp\/v2\/pages"}],"about":[{"href":"https:\/\/schubertstone.com\/en\/wp-json\/wp\/v2\/types\/page"}],"author":[{"embeddable":true,"href":"https:\/\/schubertstone.com\/en\/wp-json\/wp\/v2\/users\/3"}],"replies":[{"embeddable":true,"href":"https:\/\/schubertstone.com\/en\/wp-json\/wp\/v2\/comments?post=14529"}],"version-history":[{"count":0,"href":"https:\/\/schubertstone.com\/en\/wp-json\/wp\/v2\/pages\/14529\/revisions"}],"wp:attachment":[{"href":"https:\/\/schubertstone.com\/en\/wp-json\/wp\/v2\/media?parent=14529"}],"curies":[{"name":"wp","href":"https:\/\/api.w.org\/{rel}","templated":true}]}}