{"id":1961,"date":"2015-03-08T20:04:46","date_gmt":"2015-03-08T18:04:46","guid":{"rendered":"http:\/\/slidebird.wpengine.com\/?page_id=1961"},"modified":"2015-03-08T20:04:46","modified_gmt":"2015-03-08T18:04:46","slug":"wood-stone","status":"publish","type":"page","link":"https:\/\/schubertstone.com\/en\/parkett\/holz-stein\/","title":{"rendered":"Wood and stone"},"content":{"rendered":"<div class=\"wpb-content-wrapper\"><div class=\"vc_row wpb_row vc_row-fluid\"><div class=\"wpb_column vc_column_container vc_col-sm-12\"><div class=\"vc_column-inner\"><div class=\"wpb_wrapper\">\n\t<div class=\"wpb_text_column wpb_content_element\" >\n\t\t<div class=\"wpb_wrapper\">\n\t\t\t<div id=\"Headline\">\n<h1><span style=\"font-size: 20px;\">Holz und Stein in edlen Kombinationen<\/span><\/h1>\n<\/div>\n\n\t\t<\/div>\n\t<\/div>\n\n\t<div class=\"wpb_text_column wpb_content_element\" >\n\t\t<div class=\"wpb_wrapper\">\n\t\t\t<p>Stein und Holz sind zwei klassische Materialien, die seit Jahrhunderten f\u00fcr die Einrichtung von Immobilien verwendet werden. Beide Materialien verleihen einem Raum einen Hauch von Zeitlosigkeit und W\u00e4rme, erh\u00f6hen seine visuelle Anziehungskraft und schaffen eine Atmosph\u00e4re von Luxus. Holz f\u00fcgt sich nahtlos in jedes Dekor ein, von traditionell bis modern, w\u00e4hrend Stein Charme und Charakter verleiht, vor allem, wenn er gro\u00dfz\u00fcgig in gro\u00dffl\u00e4chige Elemente integriert wird. Wenn Sie auf der Suche nach einer M\u00f6glichkeit sind, Ihrer Immobilie Raffinesse und Opulenz zu verleihen, ohne dabei Kompromisse bei der \u00c4sthetik einzugehen, dann ist die Einrichtung mit Stein und Holz die perfekte Wahl, um jeder Wohnung einen luxuri\u00f6sen Anstrich zu verleihen.<\/p>\n\n\t\t<\/div>\n\t<\/div>\n<div class=\"wpb_gallery wpb_content_element vc_clearfix wpb_content_element\" ><div class=\"wpb_wrapper\"><div class=\"wpb_gallery_slides wpb_flexslider flexslider_fade flexslider\" data-interval=\"3\" data-flex_fx=\"fade\"><ul class=\"slides\"><li><a class=\"\" href=\"\" data-lightbox=\"lightbox[rel-1961-1415938985]\"><\/a><\/li><li><a class=\"\" href=\"\" data-lightbox=\"lightbox[rel-1961-1415938985]\"><\/a><\/li><li><a class=\"\" href=\"\" data-lightbox=\"lightbox[rel-1961-1415938985]\"><\/a><\/li><li><a class=\"\" href=\"\" data-lightbox=\"lightbox[rel-1961-1415938985]\"><\/a><\/li><li><a class=\"\"  href=\"https:\/\/schubertstone.com\/wp-content\/uploads\/2025\/02\/SCHUBERT-STONE-Team-1024x682.jpg\" data-rel=\"lightbox-gallery-bGlnaHRib3gtZ2FsbGVyeS0w\" data-rl_title=\"\" data-rl_caption=\"\" data-rl_title=\"\" data-rl_caption=\"\" data-lightbox=\"lightbox[rel-1961-1415938985]\"><img fetchpriority=\"high\" decoding=\"async\" width=\"1000\" height=\"666\" src=\"https:\/\/schubertstone.com\/wp-content\/uploads\/2025\/02\/SCHUBERT-STONE-Team-1024x682.jpg\" class=\"attachment-large\" alt=\"\" title=\"\" srcset=\"https:\/\/schubertstone.com\/wp-content\/uploads\/2025\/02\/SCHUBERT-STONE-Team-1024x682.jpg 1024w, https:\/\/schubertstone.com\/wp-content\/uploads\/2025\/02\/SCHUBERT-STONE-Team-300x200.jpg 300w, https:\/\/schubertstone.com\/wp-content\/uploads\/2025\/02\/SCHUBERT-STONE-Team-768x512.jpg 768w, https:\/\/schubertstone.com\/wp-content\/uploads\/2025\/02\/SCHUBERT-STONE-Team-1536x1023.jpg 1536w, https:\/\/schubertstone.com\/wp-content\/uploads\/2025\/02\/SCHUBERT-STONE-Team-650x433.jpg 650w, https:\/\/schubertstone.com\/wp-content\/uploads\/2025\/02\/SCHUBERT-STONE-Team-600x400.webp 600w, https:\/\/schubertstone.com\/wp-content\/uploads\/2025\/02\/SCHUBERT-STONE-Team.jpg 2048w\" sizes=\"(max-width: 1000px) 100vw, 1000px\" \/><\/a><\/li><li><a class=\"\" href=\"\" data-lightbox=\"lightbox[rel-1961-1415938985]\"><\/a><\/li><li><a class=\"\"  href=\"https:\/\/schubertstone.com\/wp-content\/uploads\/2015\/03\/gr-stein-und-holz-esszimmer-vorraum-w900-h639.jpg\" data-rel=\"lightbox-gallery-bGlnaHRib3gtZ2FsbGVyeS0w\" data-rl_title=\"\" data-rl_caption=\"\" data-rl_title=\"\" data-rl_caption=\"\" data-lightbox=\"lightbox[rel-1961-1415938985]\"><img decoding=\"async\" width=\"900\" height=\"639\" src=\"https:\/\/schubertstone.com\/wp-content\/uploads\/2015\/03\/gr-stein-und-holz-esszimmer-vorraum-w900-h639.jpg\" class=\"attachment-large\" alt=\"Stein und Holz Esszimmer Vorraum\" title=\"\" srcset=\"https:\/\/schubertstone.com\/wp-content\/uploads\/2015\/03\/gr-stein-und-holz-esszimmer-vorraum-w900-h639.jpg 900w, https:\/\/schubertstone.com\/wp-content\/uploads\/2015\/03\/gr-stein-und-holz-esszimmer-vorraum-w900-h639-300x213.jpg 300w, https:\/\/schubertstone.com\/wp-content\/uploads\/2015\/03\/gr-stein-und-holz-esszimmer-vorraum-w900-h639-768x545.jpg 768w, https:\/\/schubertstone.com\/wp-content\/uploads\/2015\/03\/gr-stein-und-holz-esszimmer-vorraum-w900-h639-650x462.jpg 650w, https:\/\/schubertstone.com\/wp-content\/uploads\/2015\/03\/gr-stein-und-holz-esszimmer-vorraum-w900-h639-600x426.jpg 600w\" sizes=\"(max-width: 900px) 100vw, 900px\" \/><\/a><\/li><li><a class=\"\" href=\"\" data-lightbox=\"lightbox[rel-1961-1415938985]\"><\/a><\/li><\/ul><\/div><\/div><\/div>\n\t<div class=\"wpb_text_column wpb_content_element\" >\n\t\t<div class=\"wpb_wrapper\">\n\t\t\t<p>Holz und Stein im Haus bieten ein ebenso nat\u00fcrliches Zusammenspiel. Terrassenh\u00f6lzer auf der Veranda oder an ungez\u00e4hlten anderen Anwendungsbereichen in der <a title=\"Terrassen &amp; Mauer Ausstellung und Outdoor-Schaulager\" href=\"https:\/\/schubertstone.com\/unsere-ausstellung-in-wien-das-steinzentrum\/terrassen-mauer-ausstellung-und-outdoor-schaulager\/\">Terrassengestaltung<\/a> bieten als Kr\u00f6nung der Philosophie f\u00fcr Auge und Fu\u00df ein besonderes sinnliches Erlebnis bei der entspannten, t\u00e4glichen Nutzung des eigenen Au\u00dfenwohnbereichs. Kurz: Steine\u00a0lassen sich geradezu ideal mit Parkett kombinieren.<\/p>\n\n\t\t<\/div>\n\t<\/div>\n\n\t<div class=\"wpb_raw_code wpb_raw_html wpb_content_element\" >\n\t\t<div class=\"wpb_wrapper\">\n\t\t\t<iframe width=\"853\" height=\"480\" src=\"https:\/\/www.youtube.com\/embed\/F4gl8oSqXXM?rel=0\" frameborder=\"0\" allowfullscreen><\/iframe>\n\t\t<\/div>\n\t<\/div>\n\n\t<div class=\"wpb_text_column wpb_content_element\" >\n\t\t<div class=\"wpb_wrapper\">\n\t\t\t<p style=\"text-align: left;\">Ob das dunkle, fast schwarze <a title=\"Parkett Wenge\" href=\"https:\/\/schubertstone.com\/parkett\/parkett-wenge\/\">Parkett Wenge<\/a>, das mit dem Charme des Mysteri\u00f6sen kokettierende, dunkelbraune Holz der <a title=\"R\u00e4uchereiche\" href=\"https:\/\/schubertstone.com\/parkett\/raeuchereiche\/\">R\u00e4uchereiche<\/a>\u00a0oder das mittelfeste, fast ocker schimmernde Parkett Teak, f\u00fcr jeden\u00a0Steinboden gibt es das passende Parkett &#8211; und f\u00fcr jeden Parkettboden\u00a0den richtigen Stein. Von der Wirkung von fachkundig ausgew\u00e4hlten\u00a0Parkettb\u00f6den und Steinb\u00f6den im Zusammenspiel k\u00f6nnen Sie sich in unseren umfangreichen Schaur\u00e4umen \u00fcberzeugen. Wir f\u00fchren au\u00dfergew\u00f6hnliche, sorgf\u00e4ltig bearbeitete Holz- und Steinarten, die ihr edles Flair von Natur und menschlicher Meisterleistung im Einklang bei der gemeinsamen Verwendung in jedem neuen Zuhause verspr\u00fchen.<\/p>\n<h2 style=\"text-align: left;\">Vielzahl verschiedener Oberfl\u00e4chen<\/h2>\n<p style=\"text-align: left;\">Lassen Sie sich von der Vielzahl verschiedener Oberfl\u00e4chen begeistern, bestaunen Sie kunstfertig geschliffene, bewusst strukturierte und sorgf\u00e4ltig von Hand bearbeitete Oberfl\u00e4chen aus Holz und Stein. Und lassen Sie so den Traum von einem mit allen Sinnen erlebbaren Heim ganz einfach Wirklichkeit werden. Die Boden- und Wandbel\u00e4ge erreichen eine besonders lange Lebensdauer, wenn Sie zum Abschluss auf Wunsch mit \u00d6l oder Wachs versiegelt werden.<\/p>\n<p style=\"text-align: left;\">Ideal: Kommen Sie zu einem unverbindlichen Beratungsgespr\u00e4ch in den kombinierten Holz und Stein Schauraum in 1230 Wien. Damit wir Ihnen eine kompetente Fachberatung ohne Wartezeit garantieren k\u00f6nnen, bitten wir Sie um Terminvereinbarung.<\/p>\n\n\t\t<\/div>\n\t<\/div>\n<div class=\"wpb_gallery wpb_content_element vc_clearfix wpb_content_element\" ><div class=\"wpb_wrapper\"><div class=\"wpb_gallery_slides wpb_flexslider flexslider_fade flexslider\" data-interval=\"3\" data-flex_fx=\"fade\"><ul class=\"slides\"><li><a class=\"\"  href=\"https:\/\/schubertstone.com\/wp-content\/uploads\/2025\/02\/SCHUBERT-STONE-Verlegung-4-1024x683.jpg\" data-rel=\"lightbox-gallery-bGlnaHRib3gtZ2FsbGVyeS0w\" data-rl_title=\"\" data-rl_caption=\"\" data-rl_title=\"\" data-rl_caption=\"\" data-lightbox=\"lightbox[rel-1961-3926505092]\"><img decoding=\"async\" width=\"1000\" height=\"667\" src=\"https:\/\/schubertstone.com\/wp-content\/uploads\/2025\/02\/SCHUBERT-STONE-Verlegung-4-1024x683.jpg\" class=\"attachment-large\" alt=\"\" title=\"\" srcset=\"https:\/\/schubertstone.com\/wp-content\/uploads\/2025\/02\/SCHUBERT-STONE-Verlegung-4-1024x683.jpg 1024w, https:\/\/schubertstone.com\/wp-content\/uploads\/2025\/02\/SCHUBERT-STONE-Verlegung-4-300x200.jpg 300w, https:\/\/schubertstone.com\/wp-content\/uploads\/2025\/02\/SCHUBERT-STONE-Verlegung-4-768x512.jpg 768w, https:\/\/schubertstone.com\/wp-content\/uploads\/2025\/02\/SCHUBERT-STONE-Verlegung-4-1536x1025.jpg 1536w, https:\/\/schubertstone.com\/wp-content\/uploads\/2025\/02\/SCHUBERT-STONE-Verlegung-4-650x434.jpg 650w, https:\/\/schubertstone.com\/wp-content\/uploads\/2025\/02\/SCHUBERT-STONE-Verlegung-4-600x400.webp 600w, https:\/\/schubertstone.com\/wp-content\/uploads\/2025\/02\/SCHUBERT-STONE-Verlegung-4.jpg 2048w\" sizes=\"(max-width: 1000px) 100vw, 1000px\" \/><\/a><\/li><li><a class=\"\"  href=\"https:\/\/schubertstone.com\/wp-content\/uploads\/2025\/02\/SCHUBERT-STONE-Verlegung-5-683x1024.jpg\" data-rel=\"lightbox-gallery-bGlnaHRib3gtZ2FsbGVyeS0w\" data-rl_title=\"\" data-rl_caption=\"\" data-rl_title=\"\" data-rl_caption=\"\" data-lightbox=\"lightbox[rel-1961-3926505092]\"><img loading=\"lazy\" decoding=\"async\" width=\"683\" height=\"1024\" src=\"https:\/\/schubertstone.com\/wp-content\/uploads\/2025\/02\/SCHUBERT-STONE-Verlegung-5-683x1024.jpg\" class=\"attachment-large\" alt=\"\" title=\"\" srcset=\"https:\/\/schubertstone.com\/wp-content\/uploads\/2025\/02\/SCHUBERT-STONE-Verlegung-5-683x1024.jpg 683w, https:\/\/schubertstone.com\/wp-content\/uploads\/2025\/02\/SCHUBERT-STONE-Verlegung-5-200x300.jpg 200w, https:\/\/schubertstone.com\/wp-content\/uploads\/2025\/02\/SCHUBERT-STONE-Verlegung-5-768x1152.jpg 768w, https:\/\/schubertstone.com\/wp-content\/uploads\/2025\/02\/SCHUBERT-STONE-Verlegung-5-1024x1536.jpg 1024w, https:\/\/schubertstone.com\/wp-content\/uploads\/2025\/02\/SCHUBERT-STONE-Verlegung-5-433x650.jpg 433w, https:\/\/schubertstone.com\/wp-content\/uploads\/2025\/02\/SCHUBERT-STONE-Verlegung-5-600x900.webp 600w, https:\/\/schubertstone.com\/wp-content\/uploads\/2025\/02\/SCHUBERT-STONE-Verlegung-5.jpg 1365w\" sizes=\"(max-width: 683px) 100vw, 683px\" \/><\/a><\/li><li><a class=\"\"  href=\"https:\/\/schubertstone.com\/wp-content\/uploads\/2025\/02\/SCHUBERT-STONE-Verlegung-1-1024x682.jpg\" data-rel=\"lightbox-gallery-bGlnaHRib3gtZ2FsbGVyeS0w\" data-rl_title=\"\" data-rl_caption=\"\" data-rl_title=\"\" data-rl_caption=\"\" data-lightbox=\"lightbox[rel-1961-3926505092]\"><img loading=\"lazy\" decoding=\"async\" width=\"1000\" height=\"666\" src=\"https:\/\/schubertstone.com\/wp-content\/uploads\/2025\/02\/SCHUBERT-STONE-Verlegung-1-1024x682.jpg\" class=\"attachment-large\" alt=\"\" title=\"\" srcset=\"https:\/\/schubertstone.com\/wp-content\/uploads\/2025\/02\/SCHUBERT-STONE-Verlegung-1-1024x682.jpg 1024w, https:\/\/schubertstone.com\/wp-content\/uploads\/2025\/02\/SCHUBERT-STONE-Verlegung-1-300x200.jpg 300w, https:\/\/schubertstone.com\/wp-content\/uploads\/2025\/02\/SCHUBERT-STONE-Verlegung-1-768x511.jpg 768w, https:\/\/schubertstone.com\/wp-content\/uploads\/2025\/02\/SCHUBERT-STONE-Verlegung-1-1536x1022.jpg 1536w, https:\/\/schubertstone.com\/wp-content\/uploads\/2025\/02\/SCHUBERT-STONE-Verlegung-1-650x433.jpg 650w, https:\/\/schubertstone.com\/wp-content\/uploads\/2025\/02\/SCHUBERT-STONE-Verlegung-1-600x399.webp 600w, https:\/\/schubertstone.com\/wp-content\/uploads\/2025\/02\/SCHUBERT-STONE-Verlegung-1.jpg 2048w\" sizes=\"(max-width: 1000px) 100vw, 1000px\" \/><\/a><\/li><li><a class=\"\"  href=\"https:\/\/schubertstone.com\/wp-content\/uploads\/2025\/02\/SCHUBERT-STONE-Verlegung-2-1024x683.jpg\" data-rel=\"lightbox-gallery-bGlnaHRib3gtZ2FsbGVyeS0w\" data-rl_title=\"\" data-rl_caption=\"\" data-rl_title=\"\" data-rl_caption=\"\" data-lightbox=\"lightbox[rel-1961-3926505092]\"><img loading=\"lazy\" decoding=\"async\" width=\"1000\" height=\"667\" src=\"https:\/\/schubertstone.com\/wp-content\/uploads\/2025\/02\/SCHUBERT-STONE-Verlegung-2-1024x683.jpg\" class=\"attachment-large\" alt=\"\" title=\"\" srcset=\"https:\/\/schubertstone.com\/wp-content\/uploads\/2025\/02\/SCHUBERT-STONE-Verlegung-2-1024x683.jpg 1024w, https:\/\/schubertstone.com\/wp-content\/uploads\/2025\/02\/SCHUBERT-STONE-Verlegung-2-300x200.jpg 300w, https:\/\/schubertstone.com\/wp-content\/uploads\/2025\/02\/SCHUBERT-STONE-Verlegung-2-768x512.jpg 768w, https:\/\/schubertstone.com\/wp-content\/uploads\/2025\/02\/SCHUBERT-STONE-Verlegung-2-1536x1024.jpg 1536w, https:\/\/schubertstone.com\/wp-content\/uploads\/2025\/02\/SCHUBERT-STONE-Verlegung-2-650x433.jpg 650w, https:\/\/schubertstone.com\/wp-content\/uploads\/2025\/02\/SCHUBERT-STONE-Verlegung-2-600x400.webp 600w, https:\/\/schubertstone.com\/wp-content\/uploads\/2025\/02\/SCHUBERT-STONE-Verlegung-2.jpg 2048w\" sizes=\"(max-width: 1000px) 100vw, 1000px\" \/><\/a><\/li><li><a class=\"\" href=\"\" data-lightbox=\"lightbox[rel-1961-3926505092]\"><\/a><\/li><\/ul><\/div><\/div><\/div><\/div><\/div><\/div><\/div><div class=\"vc_row wpb_row vc_row-fluid\"><div class=\"wpb_column vc_column_container vc_col-sm-12\"><div class=\"vc_column-inner\"><div class=\"wpb_wrapper\">\n\t<div  class=\"wpb_single_image wpb_content_element vc_align_left wpb_content_element\">\n\t\t\n\t\t<figure class=\"wpb_wrapper vc_figure\">\n\t\t\t<div class=\"vc_single_image-wrapper   vc_box_border_grey\"><\/div>\n\t\t<\/figure>\n\t<\/div>\n<\/div><\/div><\/div><\/div>\n<\/div>","protected":false},"excerpt":{"rendered":"Holz und Stein in edlen Kombinationen Stein und Holz sind zwei klassische Materialien, die seit Jahrhunderten f\u00fcr die Einrichtung von Immobilien verwendet [...]","protected":false},"author":3,"featured_media":2076,"parent":14529,"menu_order":0,"comment_status":"closed","ping_status":"open","template":"","meta":{"footnotes":""},"class_list":["post-1961","page","type-page","status-publish","has-post-thumbnail","hentry"],"yoast_head":"<!-- This site is optimized with the Yoast SEO Premium plugin v27.3 (Yoast SEO v27.5) - https:\/\/yoast.com\/product\/yoast-seo-premium-wordpress\/ -->\n<title>Holz und Stein - SCHUBERT STONE - Naturstein, Feinsteinzeug, Parkett<\/title>\n<meta name=\"robots\" content=\"index, follow, max-snippet:-1, max-image-preview:large, max-video-preview:-1\" \/>\n<link rel=\"canonical\" href=\"https:\/\/schubertstone.com\/en\/parquet\/wood-stone\/\" \/>\n<meta property=\"og:locale\" content=\"en_US\" \/>\n<meta property=\"og:type\" content=\"article\" \/>\n<meta property=\"og:title\" content=\"Holz und Stein\" \/>\n<meta property=\"og:url\" content=\"https:\/\/schubertstone.com\/en\/parquet\/wood-stone\/\" \/>\n<meta property=\"og:site_name\" content=\"SCHUBERT STONE - Naturstein, Feinsteinzeug, Parkett\" \/>\n<meta name=\"twitter:card\" content=\"summary_large_image\" \/>\n<meta name=\"twitter:label1\" content=\"Est. reading time\" \/>\n\t<meta name=\"twitter:data1\" content=\"2 minutes\" \/>\n<script type=\"application\/ld+json\" class=\"yoast-schema-graph\">{\"@context\":\"https:\\\/\\\/schema.org\",\"@graph\":[{\"@type\":\"WebPage\",\"@id\":\"https:\\\/\\\/schubertstone.com\\\/parkett\\\/holz-stein\\\/\",\"url\":\"https:\\\/\\\/schubertstone.com\\\/parkett\\\/holz-stein\\\/\",\"name\":\"Holz und Stein - SCHUBERT STONE - Naturstein, Feinsteinzeug, Parkett\",\"isPartOf\":{\"@id\":\"https:\\\/\\\/schubertstone.com\\\/#website\"},\"primaryImageOfPage\":{\"@id\":\"https:\\\/\\\/schubertstone.com\\\/parkett\\\/holz-stein\\\/#primaryimage\"},\"image\":{\"@id\":\"https:\\\/\\\/schubertstone.com\\\/parkett\\\/holz-stein\\\/#primaryimage\"},\"thumbnailUrl\":\"\",\"datePublished\":\"2015-03-08T18:04:46+00:00\",\"breadcrumb\":{\"@id\":\"https:\\\/\\\/schubertstone.com\\\/parkett\\\/holz-stein\\\/#breadcrumb\"},\"inLanguage\":\"en-US\",\"potentialAction\":[{\"@type\":\"ReadAction\",\"target\":[\"https:\\\/\\\/schubertstone.com\\\/parkett\\\/holz-stein\\\/\"]}]},{\"@type\":\"ImageObject\",\"inLanguage\":\"en-US\",\"@id\":\"https:\\\/\\\/schubertstone.com\\\/parkett\\\/holz-stein\\\/#primaryimage\",\"url\":\"\",\"contentUrl\":\"\"},{\"@type\":\"BreadcrumbList\",\"@id\":\"https:\\\/\\\/schubertstone.com\\\/parkett\\\/holz-stein\\\/#breadcrumb\",\"itemListElement\":[{\"@type\":\"ListItem\",\"position\":1,\"name\":\"Home\",\"item\":\"https:\\\/\\\/schubertstone.com\\\/\"},{\"@type\":\"ListItem\",\"position\":2,\"name\":\"Parkett\",\"item\":\"https:\\\/\\\/schubertstone.com\\\/parkett\\\/\"},{\"@type\":\"ListItem\",\"position\":3,\"name\":\"Holz und Stein\"}]},{\"@type\":\"WebSite\",\"@id\":\"https:\\\/\\\/schubertstone.com\\\/#website\",\"url\":\"https:\\\/\\\/schubertstone.com\\\/\",\"name\":\"SCHUBERT STONE - Naturstein, Feinsteinzeug, Parkett\",\"description\":\"Edle B\u00f6den &amp; Terrassen f\u00fcr Ihre exklusive Immobilie\",\"potentialAction\":[{\"@type\":\"SearchAction\",\"target\":{\"@type\":\"EntryPoint\",\"urlTemplate\":\"https:\\\/\\\/schubertstone.com\\\/?s={search_term_string}\"},\"query-input\":{\"@type\":\"PropertyValueSpecification\",\"valueRequired\":true,\"valueName\":\"search_term_string\"}}],\"inLanguage\":\"en-US\"}]}<\/script>\n<!-- \/ Yoast SEO Premium plugin. -->","yoast_head_json":{"title":"Wood and stone - SCHUBERT STONE - Natural stone, porcelain stoneware, parquet","robots":{"index":"index","follow":"follow","max-snippet":"max-snippet:-1","max-image-preview":"max-image-preview:large","max-video-preview":"max-video-preview:-1"},"canonical":"https:\/\/schubertstone.com\/en\/parquet\/wood-stone\/","og_locale":"en_US","og_type":"article","og_title":"Holz und Stein","og_url":"https:\/\/schubertstone.com\/en\/parquet\/wood-stone\/","og_site_name":"SCHUBERT STONE - Naturstein, Feinsteinzeug, Parkett","twitter_card":"summary_large_image","twitter_misc":{"Est. reading time":"2 minutes"},"schema":{"@context":"https:\/\/schema.org","@graph":[{"@type":"WebPage","@id":"https:\/\/schubertstone.com\/parkett\/holz-stein\/","url":"https:\/\/schubertstone.com\/parkett\/holz-stein\/","name":"Wood and stone - SCHUBERT STONE - Natural stone, porcelain stoneware, parquet","isPartOf":{"@id":"https:\/\/schubertstone.com\/#website"},"primaryImageOfPage":{"@id":"https:\/\/schubertstone.com\/parkett\/holz-stein\/#primaryimage"},"image":{"@id":"https:\/\/schubertstone.com\/parkett\/holz-stein\/#primaryimage"},"thumbnailUrl":"","datePublished":"2015-03-08T18:04:46+00:00","breadcrumb":{"@id":"https:\/\/schubertstone.com\/parkett\/holz-stein\/#breadcrumb"},"inLanguage":"en-US","potentialAction":[{"@type":"ReadAction","target":["https:\/\/schubertstone.com\/parkett\/holz-stein\/"]}]},{"@type":"ImageObject","inLanguage":"en-US","@id":"https:\/\/schubertstone.com\/parkett\/holz-stein\/#primaryimage","url":"","contentUrl":""},{"@type":"BreadcrumbList","@id":"https:\/\/schubertstone.com\/parkett\/holz-stein\/#breadcrumb","itemListElement":[{"@type":"ListItem","position":1,"name":"Home","item":"https:\/\/schubertstone.com\/"},{"@type":"ListItem","position":2,"name":"Parkett","item":"https:\/\/schubertstone.com\/parkett\/"},{"@type":"ListItem","position":3,"name":"Holz und Stein"}]},{"@type":"WebSite","@id":"https:\/\/schubertstone.com\/#website","url":"https:\/\/schubertstone.com\/","name":"SCHUBERT STONE - Natural stone, porcelain stoneware, parquet","description":"Fine floors &amp; terraces for your exclusive property","potentialAction":[{"@type":"SearchAction","target":{"@type":"EntryPoint","urlTemplate":"https:\/\/schubertstone.com\/?s={search_term_string}"},"query-input":{"@type":"PropertyValueSpecification","valueRequired":true,"valueName":"search_term_string"}}],"inLanguage":"en-US"}]}},"_links":{"self":[{"href":"https:\/\/schubertstone.com\/en\/wp-json\/wp\/v2\/pages\/1961","targetHints":{"allow":["GET"]}}],"collection":[{"href":"https:\/\/schubertstone.com\/en\/wp-json\/wp\/v2\/pages"}],"about":[{"href":"https:\/\/schubertstone.com\/en\/wp-json\/wp\/v2\/types\/page"}],"author":[{"embeddable":true,"href":"https:\/\/schubertstone.com\/en\/wp-json\/wp\/v2\/users\/3"}],"replies":[{"embeddable":true,"href":"https:\/\/schubertstone.com\/en\/wp-json\/wp\/v2\/comments?post=1961"}],"version-history":[{"count":0,"href":"https:\/\/schubertstone.com\/en\/wp-json\/wp\/v2\/pages\/1961\/revisions"}],"up":[{"embeddable":true,"href":"https:\/\/schubertstone.com\/en\/wp-json\/wp\/v2\/pages\/14529"}],"wp:featuredmedia":[{"embeddable":true,"href":"https:\/\/schubertstone.com\/en\/wp-json\/"}],"wp:attachment":[{"href":"https:\/\/schubertstone.com\/en\/wp-json\/wp\/v2\/media?parent=1961"}],"curies":[{"name":"wp","href":"https:\/\/api.w.org\/{rel}","templated":true}]}}