{"id":28548,"date":"2015-02-02T15:41:15","date_gmt":"2015-02-02T13:41:15","guid":{"rendered":"http:\/\/slidebird.wpengine.com\/?page_id=1189"},"modified":"2026-03-23T17:06:40","modified_gmt":"2026-03-23T16:06:40","slug":"quartzite","status":"publish","type":"page","link":"https:\/\/schubertstone.com\/en\/quarzit\/","title":{"rendered":"Quartzite"},"content":{"rendered":"<div class=\"wpb-content-wrapper\"><div class=\"vc_row wpb_row vc_row-fluid\"><div class=\"wpb_column vc_column_container vc_col-sm-12\"><div class=\"vc_column-inner\"><div class=\"wpb_wrapper\">\n\t<div class=\"wpb_text_column wpb_content_element\" >\n\t\t<div class=\"wpb_wrapper\">\n\t\t\t<h1><span style=\"font-size: 40px;\">Quarzitb\u00f6den h\u00f6chster Qualit\u00e4t f\u00fcr innen und au\u00dfen<\/span><\/h1>\n\n\t\t<\/div>\n\t<\/div>\n\n\t<div class=\"wpb_text_column wpb_content_element\" >\n\t\t<div class=\"wpb_wrapper\">\n\t\t\t<p style=\"text-align: left;\">Quarzitb\u00f6den sind ausgesprochen widerstandsf\u00e4hig und robust, denn&nbsp;Quarzit Stein geh\u00f6rt zu den h\u00e4rtesten Naturmaterialien. Dadurch ist ein&nbsp;Quarzitboden au\u00dfen besonders witterungsunempfindlich, ein&nbsp;Quarzitboden innen extrem langlebig und dauerhaft sch\u00f6n. Die gro\u00dfe Auswahl an Quarzitb\u00f6den erm\u00f6glicht eine perfekte Umsetzung aller Wohnideen im Innen- und Au\u00dfenbereich, sei es eine Terrasse aus Quarzit, eine <a title=\"Beckenrandsteine\" href=\"https:\/\/schubertstone.com\/stein-anwendungen\/beckenrandsteine\/\">Quarzit Schwimmbadumrandung<\/a>, ein exklusiver Quarzit&nbsp;Fliesenboden in K\u00fcche, Wohnzimmer oder <a title=\"Luxusb\u00e4der\" href=\"https:\/\/schubertstone.com\/stein-anwendungen\/luxusbaeder\/\">Luxusbad<\/a> oder eine Terrasse aus Quarzit, eine Quarzit Schwimmbadumrandung oder eine mit&nbsp;Quarzitplatten attraktiv gestaltete Garageneinfahrt oder Treppe. Quarzit Fliesen sind in den unterschiedlichsten Formaten und Farbnuancen erh\u00e4ltlich.<\/p>\n\n\t\t<\/div>\n\t<\/div>\n<div class=\"wpb_gallery wpb_content_element vc_clearfix wpb_content_element\" ><div class=\"wpb_wrapper\"><div class=\"wpb_gallery_slides wpb_flexslider flexslider_fade flexslider\" data-interval=\"3\" data-flex_fx=\"fade\"><ul class=\"slides\"><li><a class=\"\"  href=\"https:\/\/schubertstone.com\/wp-content\/uploads\/2015\/03\/gr-quarzit-pool12-w900-h6391.jpg\" data-rel=\"lightbox-gallery-bGlnaHRib3gtZ2FsbGVyeS0w\" data-rl_title=\"gr-quarzit-pool12-w900-h639\" data-rl_caption=\"\" data-rl_title=\"gr-quarzit-pool12-w900-h639\" data-rl_caption=\"\" data-lightbox=\"lightbox[rel-28548-3891274924]\"><img fetchpriority=\"high\" decoding=\"async\" width=\"900\" height=\"639\" src=\"https:\/\/schubertstone.com\/wp-content\/uploads\/2015\/03\/gr-quarzit-pool12-w900-h6391.jpg\" class=\"attachment-full\" alt=\"Quarzit Pool\" title=\"gr-quarzit-pool12-w900-h639\" srcset=\"https:\/\/schubertstone.com\/wp-content\/uploads\/2015\/03\/gr-quarzit-pool12-w900-h6391.jpg 900w, https:\/\/schubertstone.com\/wp-content\/uploads\/2015\/03\/gr-quarzit-pool12-w900-h6391-300x213.jpg 300w, https:\/\/schubertstone.com\/wp-content\/uploads\/2015\/03\/gr-quarzit-pool12-w900-h6391-768x545.jpg 768w, https:\/\/schubertstone.com\/wp-content\/uploads\/2015\/03\/gr-quarzit-pool12-w900-h6391-650x462.jpg 650w, https:\/\/schubertstone.com\/wp-content\/uploads\/2015\/03\/gr-quarzit-pool12-w900-h6391-600x426.jpg 600w\" sizes=\"(max-width: 900px) 100vw, 900px\" \/><\/a><\/li><li><a class=\"\"  href=\"https:\/\/schubertstone.com\/wp-content\/uploads\/2015\/02\/gr-quarzit-natursteine-w900-h639.jpg\" data-rel=\"lightbox-gallery-bGlnaHRib3gtZ2FsbGVyeS0w\" data-rl_title=\"\" data-rl_caption=\"\" data-rl_title=\"\" data-rl_caption=\"\" data-lightbox=\"lightbox[rel-28548-3891274924]\"><img decoding=\"async\" width=\"900\" height=\"639\" src=\"https:\/\/schubertstone.com\/wp-content\/uploads\/2015\/02\/gr-quarzit-natursteine-w900-h639.jpg\" class=\"attachment-full\" alt=\"Quarzit Natursteine\" title=\"\" srcset=\"https:\/\/schubertstone.com\/wp-content\/uploads\/2015\/02\/gr-quarzit-natursteine-w900-h639.jpg 900w, https:\/\/schubertstone.com\/wp-content\/uploads\/2015\/02\/gr-quarzit-natursteine-w900-h639-300x213.jpg 300w, https:\/\/schubertstone.com\/wp-content\/uploads\/2015\/02\/gr-quarzit-natursteine-w900-h639-768x545.jpg 768w, https:\/\/schubertstone.com\/wp-content\/uploads\/2015\/02\/gr-quarzit-natursteine-w900-h639-18x12.jpg 18w, https:\/\/schubertstone.com\/wp-content\/uploads\/2015\/02\/gr-quarzit-natursteine-w900-h639-650x462.jpg 650w, https:\/\/schubertstone.com\/wp-content\/uploads\/2015\/02\/gr-quarzit-natursteine-w900-h639-600x426.jpg 600w\" sizes=\"(max-width: 900px) 100vw, 900px\" \/><\/a><\/li><li><a class=\"\"  href=\"https:\/\/schubertstone.com\/wp-content\/uploads\/2015\/02\/gr-quarzitboden-w900-h639.jpg\" data-rel=\"lightbox-gallery-bGlnaHRib3gtZ2FsbGVyeS0w\" data-rl_title=\"\" data-rl_caption=\"\" data-rl_title=\"\" data-rl_caption=\"\" data-lightbox=\"lightbox[rel-28548-3891274924]\"><img decoding=\"async\" width=\"900\" height=\"639\" src=\"https:\/\/schubertstone.com\/wp-content\/uploads\/2015\/02\/gr-quarzitboden-w900-h639.jpg\" class=\"attachment-full\" alt=\"Quarzit Boden\" title=\"\" srcset=\"https:\/\/schubertstone.com\/wp-content\/uploads\/2015\/02\/gr-quarzitboden-w900-h639.jpg 900w, https:\/\/schubertstone.com\/wp-content\/uploads\/2015\/02\/gr-quarzitboden-w900-h639-300x213.jpg 300w, https:\/\/schubertstone.com\/wp-content\/uploads\/2015\/02\/gr-quarzitboden-w900-h639-768x545.jpg 768w, https:\/\/schubertstone.com\/wp-content\/uploads\/2015\/02\/gr-quarzitboden-w900-h639-18x12.jpg 18w, https:\/\/schubertstone.com\/wp-content\/uploads\/2015\/02\/gr-quarzitboden-w900-h639-650x462.jpg 650w, https:\/\/schubertstone.com\/wp-content\/uploads\/2015\/02\/gr-quarzitboden-w900-h639-600x426.webp 600w\" sizes=\"(max-width: 900px) 100vw, 900px\" \/><\/a><\/li><li><a class=\"\"  href=\"https:\/\/schubertstone.com\/wp-content\/uploads\/2015\/02\/gr-quarzit-schwimmbadumrandung-w900-h639.jpg\" data-rel=\"lightbox-gallery-bGlnaHRib3gtZ2FsbGVyeS0w\" data-rl_title=\"\" data-rl_caption=\"\" data-rl_title=\"\" data-rl_caption=\"\" data-lightbox=\"lightbox[rel-28548-3891274924]\"><img loading=\"lazy\" decoding=\"async\" width=\"900\" height=\"639\" src=\"https:\/\/schubertstone.com\/wp-content\/uploads\/2015\/02\/gr-quarzit-schwimmbadumrandung-w900-h639.jpg\" class=\"attachment-full\" alt=\"Quarzit Schwimmbadumrandung\" title=\"\" srcset=\"https:\/\/schubertstone.com\/wp-content\/uploads\/2015\/02\/gr-quarzit-schwimmbadumrandung-w900-h639.jpg 900w, https:\/\/schubertstone.com\/wp-content\/uploads\/2015\/02\/gr-quarzit-schwimmbadumrandung-w900-h639-300x213.jpg 300w, https:\/\/schubertstone.com\/wp-content\/uploads\/2015\/02\/gr-quarzit-schwimmbadumrandung-w900-h639-768x545.jpg 768w, https:\/\/schubertstone.com\/wp-content\/uploads\/2015\/02\/gr-quarzit-schwimmbadumrandung-w900-h639-18x12.jpg 18w, https:\/\/schubertstone.com\/wp-content\/uploads\/2015\/02\/gr-quarzit-schwimmbadumrandung-w900-h639-650x462.jpg 650w, https:\/\/schubertstone.com\/wp-content\/uploads\/2015\/02\/gr-quarzit-schwimmbadumrandung-w900-h639-600x426.webp 600w\" sizes=\"(max-width: 900px) 100vw, 900px\" \/><\/a><\/li><li><a class=\"\"  href=\"https:\/\/schubertstone.com\/wp-content\/uploads\/2015\/02\/gr-quarzit-terrassenplatten-w900-h639.jpg\" data-rel=\"lightbox-gallery-bGlnaHRib3gtZ2FsbGVyeS0w\" data-rl_title=\"gr-quarzit-terrassenplatten-w900-h639\" data-rl_caption=\"\" data-rl_title=\"gr-quarzit-terrassenplatten-w900-h639\" data-rl_caption=\"\" data-lightbox=\"lightbox[rel-28548-3891274924]\"><img loading=\"lazy\" decoding=\"async\" width=\"900\" height=\"639\" src=\"https:\/\/schubertstone.com\/wp-content\/uploads\/2015\/02\/gr-quarzit-terrassenplatten-w900-h639.jpg\" class=\"attachment-full\" alt=\"Quarzit Terrassenplatten\" title=\"gr-quarzit-terrassenplatten-w900-h639\" srcset=\"https:\/\/schubertstone.com\/wp-content\/uploads\/2015\/02\/gr-quarzit-terrassenplatten-w900-h639.jpg 900w, https:\/\/schubertstone.com\/wp-content\/uploads\/2015\/02\/gr-quarzit-terrassenplatten-w900-h639-300x213.jpg 300w, https:\/\/schubertstone.com\/wp-content\/uploads\/2015\/02\/gr-quarzit-terrassenplatten-w900-h639-768x545.jpg 768w, https:\/\/schubertstone.com\/wp-content\/uploads\/2015\/02\/gr-quarzit-terrassenplatten-w900-h639-18x12.jpg 18w, https:\/\/schubertstone.com\/wp-content\/uploads\/2015\/02\/gr-quarzit-terrassenplatten-w900-h639-650x462.jpg 650w, https:\/\/schubertstone.com\/wp-content\/uploads\/2015\/02\/gr-quarzit-terrassenplatten-w900-h639-600x426.jpg 600w\" sizes=\"(max-width: 900px) 100vw, 900px\" \/><\/a><\/li><li><a class=\"\"  href=\"https:\/\/schubertstone.com\/wp-content\/uploads\/2015\/03\/gr-quarzit-pool17-w900-h6391.jpg\" data-rel=\"lightbox-gallery-bGlnaHRib3gtZ2FsbGVyeS0w\" data-rl_title=\"gr-quarzit-pool17-w900-h639\" data-rl_caption=\"\" data-rl_title=\"gr-quarzit-pool17-w900-h639\" data-rl_caption=\"\" data-lightbox=\"lightbox[rel-28548-3891274924]\"><img loading=\"lazy\" decoding=\"async\" width=\"900\" height=\"639\" src=\"https:\/\/schubertstone.com\/wp-content\/uploads\/2015\/03\/gr-quarzit-pool17-w900-h6391.jpg\" class=\"attachment-full\" alt=\"Quarzit Pool\" title=\"gr-quarzit-pool17-w900-h639\" srcset=\"https:\/\/schubertstone.com\/wp-content\/uploads\/2015\/03\/gr-quarzit-pool17-w900-h6391.jpg 900w, https:\/\/schubertstone.com\/wp-content\/uploads\/2015\/03\/gr-quarzit-pool17-w900-h6391-300x213.jpg 300w, https:\/\/schubertstone.com\/wp-content\/uploads\/2015\/03\/gr-quarzit-pool17-w900-h6391-768x545.jpg 768w, https:\/\/schubertstone.com\/wp-content\/uploads\/2015\/03\/gr-quarzit-pool17-w900-h6391-650x462.jpg 650w, https:\/\/schubertstone.com\/wp-content\/uploads\/2015\/03\/gr-quarzit-pool17-w900-h6391-600x426.jpg 600w\" sizes=\"(max-width: 900px) 100vw, 900px\" \/><\/a><\/li><li><a class=\"\"  href=\"https:\/\/schubertstone.com\/wp-content\/uploads\/2015\/02\/gr-quarzit-terrasse-w900-h639.jpg\" data-rel=\"lightbox-gallery-bGlnaHRib3gtZ2FsbGVyeS0w\" data-rl_title=\"\" data-rl_caption=\"\" data-rl_title=\"\" data-rl_caption=\"\" data-lightbox=\"lightbox[rel-28548-3891274924]\"><img loading=\"lazy\" decoding=\"async\" width=\"900\" height=\"639\" src=\"https:\/\/schubertstone.com\/wp-content\/uploads\/2015\/02\/gr-quarzit-terrasse-w900-h639.jpg\" class=\"attachment-full\" alt=\"Quarzit Terrasse\" title=\"\" srcset=\"https:\/\/schubertstone.com\/wp-content\/uploads\/2015\/02\/gr-quarzit-terrasse-w900-h639.jpg 900w, https:\/\/schubertstone.com\/wp-content\/uploads\/2015\/02\/gr-quarzit-terrasse-w900-h639-300x213.jpg 300w, https:\/\/schubertstone.com\/wp-content\/uploads\/2015\/02\/gr-quarzit-terrasse-w900-h639-768x545.jpg 768w, https:\/\/schubertstone.com\/wp-content\/uploads\/2015\/02\/gr-quarzit-terrasse-w900-h639-18x12.jpg 18w, https:\/\/schubertstone.com\/wp-content\/uploads\/2015\/02\/gr-quarzit-terrasse-w900-h639-650x462.jpg 650w, https:\/\/schubertstone.com\/wp-content\/uploads\/2015\/02\/gr-quarzit-terrasse-w900-h639-600x426.webp 600w\" sizes=\"(max-width: 900px) 100vw, 900px\" \/><\/a><\/li><\/ul><\/div><\/div><\/div>\n\t<div class=\"wpb_text_column wpb_content_element\" >\n\t\t<div class=\"wpb_wrapper\">\n\t\t\t<p style=\"text-align: left;\">Die Auswahl reicht von kleinen Quarzitfliesen&nbsp;\u00fcber Quarzit Platten mittelgro\u00df bis zu gro\u00dfformatigen Platten f\u00fcr individuelle Gestaltungsideen. Die vielf\u00e4ltige Farbpalette umfasst helle, zarte T\u00f6ne wie Hellgrau, Beige und Sandfarben ebenso wie dunklere Farbnuancen. Durch eine Kombination von verschiedenen Formaten und Farben lassen sich unz\u00e4hlige reizvolle Varianten der&nbsp;<a title=\"Steinboden\" href=\"https:\/\/schubertstone.com\/stein-anwendungen\/boden\/\">Bodengestaltung<\/a> ideal verwirklichen. Ob eine Quarzit Terrasse mit rechteckigen oder quadratischen Quarzitfliesen oder eine Quarzit Terrassengestaltung im exklusiven Naturstein Design, mit dem Naturstein Quarzit k\u00f6nnen Sie Ihre individuellen Vorstellungen auf sch\u00f6nste Weise umsetzen. Im Schubertstone Steinzentrum finden Sie eine faszinierende Auswahl an Quarzitsteinen in verschiedensten Farben, Gr\u00f6\u00dfen und Designs f\u00fcr Quarzitb\u00f6den h\u00f6chster Qualit\u00e4t.<\/p>\n<h2><\/h2>\n<h2 style=\"text-align: left;\"><span style=\"font-size: 20px;\">Unsere Steinexperten beraten Sie gerne zu Quarzit Naturstein<\/span><\/h2>\n<p style=\"text-align: left;\">Erleben Sie die vielf\u00e4ltigen Seiten dieses edlen Natursteines und lassen Sie sich bei Schubert Stone in der Freiluft-Terrassenausstellung im Tageslicht mit gro\u00dfen Musterfl\u00e4chen inspirieren. Sehen Sie wie der Levante Crema der Witterung standh\u00e4lt und im Laufe der Jahre immer sch\u00f6ner wird. Vereinbaren Sie gleich direkt einen Beratungstermin mit einem unserer Steinexperten.<\/p>\n\n\t\t<\/div>\n\t<\/div>\n<\/div><\/div><\/div><\/div>\n<\/div>","protected":false},"excerpt":{"rendered":"Quarzitb\u00f6den h\u00f6chster Qualit\u00e4t f\u00fcr innen und au\u00dfen Quarzitb\u00f6den sind ausgesprochen widerstandsf\u00e4hig und robust, denn&nbsp;Quarzit Stein geh\u00f6rt zu den h\u00e4rtesten Naturmaterialien. Dadurch ist [...]","protected":false},"author":3,"featured_media":3541,"parent":0,"menu_order":0,"comment_status":"closed","ping_status":"open","template":"","meta":{"footnotes":""},"class_list":["post-28548","page","type-page","status-publish","has-post-thumbnail","hentry"],"yoast_head":"<!-- This site is optimized with the Yoast SEO Premium plugin v27.3 (Yoast SEO v27.5) - https:\/\/yoast.com\/product\/yoast-seo-premium-wordpress\/ -->\n<title>Quarzit - SCHUBERT STONE - Naturstein, Feinsteinzeug, Parkett<\/title>\n<meta name=\"robots\" content=\"index, follow, max-snippet:-1, max-image-preview:large, max-video-preview:-1\" \/>\n<link rel=\"canonical\" href=\"https:\/\/schubertstone.com\/en\/quartzite\/\" \/>\n<meta property=\"og:locale\" content=\"en_US\" \/>\n<meta property=\"og:type\" content=\"article\" \/>\n<meta property=\"og:title\" content=\"Quarzit\" \/>\n<meta property=\"og:url\" content=\"https:\/\/schubertstone.com\/en\/quartzite\/\" \/>\n<meta property=\"og:site_name\" content=\"SCHUBERT STONE - Naturstein, Feinsteinzeug, Parkett\" \/>\n<meta property=\"article:modified_time\" content=\"2026-03-23T16:06:40+00:00\" \/>\n<meta property=\"og:image\" content=\"https:\/\/schubertstone.com\/wp-content\/uploads\/2015\/02\/gr-quarzitboden-w900-h639.jpg\" \/>\n\t<meta property=\"og:image:width\" content=\"900\" \/>\n\t<meta property=\"og:image:height\" content=\"639\" \/>\n\t<meta property=\"og:image:type\" content=\"image\/jpeg\" \/>\n<meta name=\"twitter:card\" content=\"summary_large_image\" \/>\n<meta name=\"twitter:label1\" content=\"Est. reading time\" \/>\n\t<meta name=\"twitter:data1\" content=\"2 minutes\" \/>\n<script type=\"application\/ld+json\" class=\"yoast-schema-graph\">{\"@context\":\"https:\\\/\\\/schema.org\",\"@graph\":[{\"@type\":\"WebPage\",\"@id\":\"https:\\\/\\\/schubertstone.com\\\/quarzit\\\/\",\"url\":\"https:\\\/\\\/schubertstone.com\\\/quarzit\\\/\",\"name\":\"Quarzit - SCHUBERT STONE - Naturstein, Feinsteinzeug, Parkett\",\"isPartOf\":{\"@id\":\"https:\\\/\\\/schubertstone.com\\\/#website\"},\"primaryImageOfPage\":{\"@id\":\"https:\\\/\\\/schubertstone.com\\\/quarzit\\\/#primaryimage\"},\"image\":{\"@id\":\"https:\\\/\\\/schubertstone.com\\\/quarzit\\\/#primaryimage\"},\"thumbnailUrl\":\"https:\\\/\\\/schubertstone.com\\\/wp-content\\\/uploads\\\/2015\\\/02\\\/gr-quarzitboden-w900-h639.jpg\",\"datePublished\":\"2015-02-02T13:41:15+00:00\",\"dateModified\":\"2026-03-23T16:06:40+00:00\",\"breadcrumb\":{\"@id\":\"https:\\\/\\\/schubertstone.com\\\/quarzit\\\/#breadcrumb\"},\"inLanguage\":\"en-US\",\"potentialAction\":[{\"@type\":\"ReadAction\",\"target\":[\"https:\\\/\\\/schubertstone.com\\\/quarzit\\\/\"]}]},{\"@type\":\"ImageObject\",\"inLanguage\":\"en-US\",\"@id\":\"https:\\\/\\\/schubertstone.com\\\/quarzit\\\/#primaryimage\",\"url\":\"https:\\\/\\\/schubertstone.com\\\/wp-content\\\/uploads\\\/2015\\\/02\\\/gr-quarzitboden-w900-h639.jpg\",\"contentUrl\":\"https:\\\/\\\/schubertstone.com\\\/wp-content\\\/uploads\\\/2015\\\/02\\\/gr-quarzitboden-w900-h639.jpg\",\"width\":900,\"height\":639,\"caption\":\"Quarzit Boden\"},{\"@type\":\"BreadcrumbList\",\"@id\":\"https:\\\/\\\/schubertstone.com\\\/quarzit\\\/#breadcrumb\",\"itemListElement\":[{\"@type\":\"ListItem\",\"position\":1,\"name\":\"Home\",\"item\":\"https:\\\/\\\/schubertstone.com\\\/\"},{\"@type\":\"ListItem\",\"position\":2,\"name\":\"Quarzit\"}]},{\"@type\":\"WebSite\",\"@id\":\"https:\\\/\\\/schubertstone.com\\\/#website\",\"url\":\"https:\\\/\\\/schubertstone.com\\\/\",\"name\":\"SCHUBERT STONE - Naturstein, Feinsteinzeug, Parkett\",\"description\":\"Edle B\u00f6den &amp; Terrassen f\u00fcr Ihre exklusive Immobilie\",\"potentialAction\":[{\"@type\":\"SearchAction\",\"target\":{\"@type\":\"EntryPoint\",\"urlTemplate\":\"https:\\\/\\\/schubertstone.com\\\/?s={search_term_string}\"},\"query-input\":{\"@type\":\"PropertyValueSpecification\",\"valueRequired\":true,\"valueName\":\"search_term_string\"}}],\"inLanguage\":\"en-US\"}]}<\/script>\n<!-- \/ Yoast SEO Premium plugin. -->","yoast_head_json":{"title":"Quartzite - SCHUBERT STONE - natural stone, porcelain stoneware, parquet","robots":{"index":"index","follow":"follow","max-snippet":"max-snippet:-1","max-image-preview":"max-image-preview:large","max-video-preview":"max-video-preview:-1"},"canonical":"https:\/\/schubertstone.com\/en\/quartzite\/","og_locale":"en_US","og_type":"article","og_title":"Quarzit","og_url":"https:\/\/schubertstone.com\/en\/quartzite\/","og_site_name":"SCHUBERT STONE - Naturstein, Feinsteinzeug, Parkett","article_modified_time":"2026-03-23T16:06:40+00:00","og_image":[{"width":900,"height":639,"url":"https:\/\/schubertstone.com\/wp-content\/uploads\/2015\/02\/gr-quarzitboden-w900-h639.jpg","type":"image\/jpeg"}],"twitter_card":"summary_large_image","twitter_misc":{"Est. reading time":"2 minutes"},"schema":{"@context":"https:\/\/schema.org","@graph":[{"@type":"WebPage","@id":"https:\/\/schubertstone.com\/quarzit\/","url":"https:\/\/schubertstone.com\/quarzit\/","name":"Quartzite - SCHUBERT STONE - natural stone, porcelain stoneware, parquet","isPartOf":{"@id":"https:\/\/schubertstone.com\/#website"},"primaryImageOfPage":{"@id":"https:\/\/schubertstone.com\/quarzit\/#primaryimage"},"image":{"@id":"https:\/\/schubertstone.com\/quarzit\/#primaryimage"},"thumbnailUrl":"https:\/\/schubertstone.com\/wp-content\/uploads\/2015\/02\/gr-quarzitboden-w900-h639.jpg","datePublished":"2015-02-02T13:41:15+00:00","dateModified":"2026-03-23T16:06:40+00:00","breadcrumb":{"@id":"https:\/\/schubertstone.com\/quarzit\/#breadcrumb"},"inLanguage":"en-US","potentialAction":[{"@type":"ReadAction","target":["https:\/\/schubertstone.com\/quarzit\/"]}]},{"@type":"ImageObject","inLanguage":"en-US","@id":"https:\/\/schubertstone.com\/quarzit\/#primaryimage","url":"https:\/\/schubertstone.com\/wp-content\/uploads\/2015\/02\/gr-quarzitboden-w900-h639.jpg","contentUrl":"https:\/\/schubertstone.com\/wp-content\/uploads\/2015\/02\/gr-quarzitboden-w900-h639.jpg","width":900,"height":639,"caption":"Quarzit Boden"},{"@type":"BreadcrumbList","@id":"https:\/\/schubertstone.com\/quarzit\/#breadcrumb","itemListElement":[{"@type":"ListItem","position":1,"name":"Home","item":"https:\/\/schubertstone.com\/"},{"@type":"ListItem","position":2,"name":"Quarzit"}]},{"@type":"WebSite","@id":"https:\/\/schubertstone.com\/#website","url":"https:\/\/schubertstone.com\/","name":"SCHUBERT STONE - Natural stone, porcelain stoneware, parquet","description":"Fine floors &amp; terraces for your exclusive property","potentialAction":[{"@type":"SearchAction","target":{"@type":"EntryPoint","urlTemplate":"https:\/\/schubertstone.com\/?s={search_term_string}"},"query-input":{"@type":"PropertyValueSpecification","valueRequired":true,"valueName":"search_term_string"}}],"inLanguage":"en-US"}]}},"_links":{"self":[{"href":"https:\/\/schubertstone.com\/en\/wp-json\/wp\/v2\/pages\/28548","targetHints":{"allow":["GET"]}}],"collection":[{"href":"https:\/\/schubertstone.com\/en\/wp-json\/wp\/v2\/pages"}],"about":[{"href":"https:\/\/schubertstone.com\/en\/wp-json\/wp\/v2\/types\/page"}],"author":[{"embeddable":true,"href":"https:\/\/schubertstone.com\/en\/wp-json\/wp\/v2\/users\/3"}],"replies":[{"embeddable":true,"href":"https:\/\/schubertstone.com\/en\/wp-json\/wp\/v2\/comments?post=28548"}],"version-history":[{"count":1,"href":"https:\/\/schubertstone.com\/en\/wp-json\/wp\/v2\/pages\/28548\/revisions"}],"predecessor-version":[{"id":36792,"href":"https:\/\/schubertstone.com\/en\/wp-json\/wp\/v2\/pages\/28548\/revisions\/36792"}],"wp:featuredmedia":[{"embeddable":true,"href":"https:\/\/schubertstone.com\/en\/wp-json\/wp\/v2\/media\/3541"}],"wp:attachment":[{"href":"https:\/\/schubertstone.com\/en\/wp-json\/wp\/v2\/media?parent=28548"}],"curies":[{"name":"wp","href":"https:\/\/api.w.org\/{rel}","templated":true}]}}