{"id":28559,"date":"2015-03-08T20:12:31","date_gmt":"2015-03-08T18:12:31","guid":{"rendered":"http:\/\/slidebird.wpengine.com\/?page_id=1976"},"modified":"2015-03-08T20:12:31","modified_gmt":"2015-03-08T18:12:31","slug":"parquet-larch","status":"publish","type":"page","link":"https:\/\/schubertstone.com\/en\/parkett\/parkett-laerche\/","title":{"rendered":"Larch parquet"},"content":{"rendered":"<div class=\"wpb-content-wrapper\"><div class=\"vc_row wpb_row vc_row-fluid\"><div class=\"wpb_column vc_column_container vc_col-sm-12\"><div class=\"vc_column-inner\"><div class=\"wpb_wrapper\">\n\t<div class=\"wpb_text_column wpb_content_element\" >\n\t\t<div class=\"wpb_wrapper\">\n\t\t\t<h1><span style=\"font-size: 20px;\">Parkett L\u00e4rche\u00a0f\u00fcr ein freundliches und exklusives Wohnambiente<\/span><\/h1>\n\n\t\t<\/div>\n\t<\/div>\n\n\t<div class=\"wpb_text_column wpb_content_element\" >\n\t\t<div class=\"wpb_wrapper\">\n\t\t\t<p style=\"text-align: left;\">Parkett L\u00e4rche erfreut sich aufgrund seiner einzigartigen nat\u00fcrlichen Sch\u00f6nheit als Bodenbelag gro\u00dfer Beliebtheit. Die zahlreichen positiven Merkmale machen ihn zu einem besonders hochwertigen und vielseitigen Boden. L\u00e4rchenholz z\u00e4hlt zu den h\u00e4rtesten heimischen Holzarten, dieser Eigenschaft verdankt L\u00e4rche Parkett auch seine hohe Formstabilit\u00e4t.<\/p>\n<p style=\"text-align: left;\">Durch die abwechslungsreiche Maserung verleihen Landhausdielen L\u00e4rche jedem Raum ein ganz besonderes Flair. Parkett L\u00e4rche ge\u00f6lt oder Parkett L\u00e4rche geb\u00fcrstet unterstreicht durch das rustikale und\u00a0edle Erscheinungsbild perfekt den Landhausstil und passt sich durch seine Nat\u00fcrlichkeit jedem Einrichtungsstil an.<\/p>\n\n\t\t<\/div>\n\t<\/div>\n<div class=\"wpb_gallery wpb_content_element vc_clearfix wpb_content_element\" ><div class=\"wpb_wrapper\"><div class=\"wpb_gallery_slides wpb_flexslider flexslider_fade flexslider\" data-interval=\"3\" data-flex_fx=\"fade\"><ul class=\"slides\"><li><a class=\"\"  href=\"https:\/\/schubertstone.com\/wp-content\/uploads\/2015\/03\/gr-laerche-holzboden-w900-h639.jpg\" data-rel=\"lightbox-gallery-bGlnaHRib3gtZ2FsbGVyeS0w\" data-rl_title=\"gr-laerche-holzboden-w900-h639\" data-rl_caption=\"\" data-rl_title=\"gr-laerche-holzboden-w900-h639\" data-rl_caption=\"\" data-lightbox=\"lightbox[rel-28559-2567371789]\"><img fetchpriority=\"high\" decoding=\"async\" width=\"900\" height=\"639\" src=\"https:\/\/schubertstone.com\/wp-content\/uploads\/2015\/03\/gr-laerche-holzboden-w900-h639.jpg\" class=\"attachment-large\" alt=\"L\u00e4rche Holzboden\" title=\"gr-laerche-holzboden-w900-h639\" srcset=\"https:\/\/schubertstone.com\/wp-content\/uploads\/2015\/03\/gr-laerche-holzboden-w900-h639.jpg 900w, https:\/\/schubertstone.com\/wp-content\/uploads\/2015\/03\/gr-laerche-holzboden-w900-h639-300x213.jpg 300w, https:\/\/schubertstone.com\/wp-content\/uploads\/2015\/03\/gr-laerche-holzboden-w900-h639-768x545.jpg 768w, https:\/\/schubertstone.com\/wp-content\/uploads\/2015\/03\/gr-laerche-holzboden-w900-h639-650x462.jpg 650w, https:\/\/schubertstone.com\/wp-content\/uploads\/2015\/03\/gr-laerche-holzboden-w900-h639-600x426.jpg 600w\" sizes=\"(max-width: 900px) 100vw, 900px\" \/><\/a><\/li><li><a class=\"\"  href=\"https:\/\/schubertstone.com\/wp-content\/uploads\/2025\/02\/SCHUBERT-STONE-Geschichte-40-1024x684.webp\" data-rel=\"lightbox-gallery-bGlnaHRib3gtZ2FsbGVyeS0w\" data-rl_title=\"\" data-rl_caption=\"\" data-rl_title=\"\" data-rl_caption=\"\" data-lightbox=\"lightbox[rel-28559-2567371789]\"><img decoding=\"async\" width=\"1000\" height=\"668\" src=\"https:\/\/schubertstone.com\/wp-content\/uploads\/2025\/02\/SCHUBERT-STONE-Geschichte-40-1024x684.webp\" class=\"attachment-large\" alt=\"\" title=\"\" srcset=\"https:\/\/schubertstone.com\/wp-content\/uploads\/2025\/02\/SCHUBERT-STONE-Geschichte-40-1024x684.webp 1024w, https:\/\/schubertstone.com\/wp-content\/uploads\/2025\/02\/SCHUBERT-STONE-Geschichte-40-300x200.webp 300w, https:\/\/schubertstone.com\/wp-content\/uploads\/2025\/02\/SCHUBERT-STONE-Geschichte-40-768x513.webp 768w, https:\/\/schubertstone.com\/wp-content\/uploads\/2025\/02\/SCHUBERT-STONE-Geschichte-40-1536x1025.webp 1536w, https:\/\/schubertstone.com\/wp-content\/uploads\/2025\/02\/SCHUBERT-STONE-Geschichte-40-650x434.webp 650w, https:\/\/schubertstone.com\/wp-content\/uploads\/2025\/02\/SCHUBERT-STONE-Geschichte-40-600x400.webp 600w, https:\/\/schubertstone.com\/wp-content\/uploads\/2025\/02\/SCHUBERT-STONE-Geschichte-40.jpg 2048w\" sizes=\"(max-width: 1000px) 100vw, 1000px\" \/><\/a><\/li><li><a class=\"\"  href=\"https:\/\/schubertstone.com\/wp-content\/uploads\/2025\/02\/SCHUBERT-STONE-Geschichte-41-1024x660.webp\" data-rel=\"lightbox-gallery-bGlnaHRib3gtZ2FsbGVyeS0w\" data-rl_title=\"\" data-rl_caption=\"\" data-rl_title=\"\" data-rl_caption=\"\" data-lightbox=\"lightbox[rel-28559-2567371789]\"><img decoding=\"async\" width=\"1000\" height=\"645\" src=\"https:\/\/schubertstone.com\/wp-content\/uploads\/2025\/02\/SCHUBERT-STONE-Geschichte-41-1024x660.webp\" class=\"attachment-large\" alt=\"\" title=\"\" srcset=\"https:\/\/schubertstone.com\/wp-content\/uploads\/2025\/02\/SCHUBERT-STONE-Geschichte-41-1024x660.webp 1024w, https:\/\/schubertstone.com\/wp-content\/uploads\/2025\/02\/SCHUBERT-STONE-Geschichte-41-300x193.webp 300w, https:\/\/schubertstone.com\/wp-content\/uploads\/2025\/02\/SCHUBERT-STONE-Geschichte-41-768x495.webp 768w, https:\/\/schubertstone.com\/wp-content\/uploads\/2025\/02\/SCHUBERT-STONE-Geschichte-41-1536x990.webp 1536w, https:\/\/schubertstone.com\/wp-content\/uploads\/2025\/02\/SCHUBERT-STONE-Geschichte-41-650x419.webp 650w, https:\/\/schubertstone.com\/wp-content\/uploads\/2025\/02\/SCHUBERT-STONE-Geschichte-41-600x387.webp 600w, https:\/\/schubertstone.com\/wp-content\/uploads\/2025\/02\/SCHUBERT-STONE-Geschichte-41.jpg 2048w\" sizes=\"(max-width: 1000px) 100vw, 1000px\" \/><\/a><\/li><li><a class=\"\" href=\"\" data-lightbox=\"lightbox[rel-28559-2567371789]\"><\/a><\/li><li><a class=\"\" href=\"\" data-lightbox=\"lightbox[rel-28559-2567371789]\"><\/a><\/li><\/ul><\/div><\/div><\/div>\n\t<div class=\"wpb_text_column wpb_content_element\" >\n\t\t<div class=\"wpb_wrapper\">\n\t\t\t<p style=\"text-align: left;\">Die Farbt\u00f6ne von L\u00e4rche umfassen eine breite Skala, welche von sehr hellen Nuancen \u00fcber unterschiedliche Gelb- und Beiget\u00f6ne bis hin zu r\u00f6tlich braun reicht, und verleihen dem Boden ein ausgesprochen angenehmes Erscheinungsbild.\u00a0 Helle <a title=\"Parkett\" href=\"https:\/\/schubertstone.com\/parkett\/\">Parkettb\u00f6den<\/a> L\u00e4rche, wie zum Beispiel Parkett L\u00e4rche wei\u00df ge\u00f6lt, eignen sich perfekt f\u00fcr kleine R\u00e4ume und sorgen f\u00fcr optische Aufhellung und ein freundliches Wohnambiente.<\/p>\n<h2><\/h2>\n<h2 style=\"text-align: left;\"><span style=\"font-size: 20px;\">L\u00e4rche &#8211; strapazierf\u00e4hig und langlebig<\/span><\/h2>\n<p style=\"text-align: left;\">Mit der entsprechenden Oberfl\u00e4chenbehandlung und Pflege ist L\u00e4rchenparkett ein strapazierf\u00e4higer und langlebiger Boden, der auch noch nach Jahrzehnten seine nat\u00fcrliche Sch\u00f6nheit bewahrt.\u00a0\u00dcberzeugen Sie sich selbst, wie B\u00f6den aus L\u00e4rchenbrettern, veredelt zu Parkett L\u00e4rche oder Landhausdiele L\u00e4rche, Ihrem Wohnbereich eine ganz besondere Faszination verleihen. Unsere Schaur\u00e4ume in der <a title=\"Unsere Ausstellung \u2013 Das Steinzentrum\" href=\"https:\/\/schubertstone.com\/unsere-ausstellung-in-wien-das-steinzentrum\/\">Villa Schubert<\/a> halten eine breite Auswahl an hochwertigen Fu\u00dfb\u00f6den L\u00e4rche f\u00fcr Sie bereit.\u00a0F\u00fcr ein ausf\u00fchrliches Beratungsgespr\u00e4ch vereinbaren Sie bitte einen Termin mit einem unserer Experten.<\/p>\n\n\t\t<\/div>\n\t<\/div>\n<\/div><\/div><\/div><\/div><div class=\"vc_row wpb_row vc_row-fluid\"><div class=\"wpb_column vc_column_container vc_col-sm-12\"><div class=\"vc_column-inner\"><div class=\"wpb_wrapper\"><section class=\"vc_cta3-container\"><div class=\"vc_general vc_do_cta3 vc_cta3 vc_cta3-style-outline vc_cta3-shape-square vc_cta3-align-left vc_cta3-color-chino vc_cta3-icon-size-md vc_cta3-actions-right\"><div class=\"vc_cta3_content-container\"><div class=\"vc_cta3-content\"><header class=\"vc_cta3-content-header\"><h2>Beratungstermin<\/h2><\/header><p>Vereinbaren Sie jetzt einen Beratungstermin mit unseren Fachberatern.<\/p>\n<\/div><div class=\"vc_cta3-actions\"><div class=\"vc_btn3-container vc_btn3-right vc_do_btn\" ><a class=\"vc_general vc_btn3 vc_btn3-size-md vc_btn3-shape-square vc_btn3-style-flat vc_btn3-color-chino\" href=\"https:\/\/schubertstone.com\/termin\/\" title=\"\" target=\"_blank\">Jetzt Termin vereinbaren<\/a><\/div><\/div><\/div><\/div><\/section><\/div><\/div><\/div><\/div><div class=\"vc_row wpb_row vc_row-fluid\"><div class=\"wpb_column vc_column_container vc_col-sm-12\"><div class=\"vc_column-inner\"><div class=\"wpb_wrapper\"><div class=\"vc_row wpb_row vc_inner vc_row-fluid\"><div class=\"wpb_column vc_column_container vc_col-sm-6 vc_col-has-fill\"><div class=\"vc_column-inner vc_custom_1479975699116\"><div class=\"wpb_wrapper\">\n\t<div class=\"wpb_text_column wpb_content_element\" >\n\t\t<div class=\"wpb_wrapper\">\n\t\t\t<h4><a href=\"https:\/\/schubertstone.com\/unsere-ausstellung-in-wien-das-steinzentrum\/kombinierte-stein-parkett-ausstellung-in-der-villa-schubert\/\">PARKETT- &amp; STEINBODEN-AUSSTELLUNG IN DER VILLA SCHUBERT<\/a><\/h4>\n\n\t\t<\/div>\n\t<\/div>\n\n\t<div  class=\"wpb_single_image wpb_content_element vc_align_left wpb_content_element\">\n\t\t\n\t\t<figure class=\"wpb_wrapper vc_figure\">\n\t\t\t<a href=\"https:\/\/schubertstone.com\/unsere-ausstellung-in-wien-das-steinzentrum\/kombinierte-stein-parkett-ausstellung-in-der-villa-schubert\/\" target=\"_blank\" class=\"vc_single_image-wrapper   vc_box_border_grey\"><img loading=\"lazy\" decoding=\"async\" width=\"1280\" height=\"336\" src=\"https:\/\/schubertstone.com\/wp-content\/uploads\/2016\/09\/Villa-Erdgeschoss.jpg\" class=\"vc_single_image-img attachment-full\" alt=\"schubert stone villa\" title=\"villa-erdgeschoss\" srcset=\"https:\/\/schubertstone.com\/wp-content\/uploads\/2016\/09\/Villa-Erdgeschoss.jpg 1280w, https:\/\/schubertstone.com\/wp-content\/uploads\/2016\/09\/Villa-Erdgeschoss-300x79.jpg 300w, https:\/\/schubertstone.com\/wp-content\/uploads\/2016\/09\/Villa-Erdgeschoss-1024x269.jpg 1024w, https:\/\/schubertstone.com\/wp-content\/uploads\/2016\/09\/Villa-Erdgeschoss-768x202.jpg 768w, https:\/\/schubertstone.com\/wp-content\/uploads\/2016\/09\/Villa-Erdgeschoss-18x5.jpg 18w, https:\/\/schubertstone.com\/wp-content\/uploads\/2016\/09\/Villa-Erdgeschoss-650x171.jpg 650w, https:\/\/schubertstone.com\/wp-content\/uploads\/2016\/09\/Villa-Erdgeschoss-600x158.jpg 600w\" sizes=\"(max-width: 1280px) 100vw, 1280px\" \/><\/a>\n\t\t<\/figure>\n\t<\/div>\n<\/div><\/div><\/div><div class=\"wpb_column vc_column_container vc_col-sm-6 vc_col-has-fill\"><div class=\"vc_column-inner vc_custom_1479975710188\"><div class=\"wpb_wrapper\">\n\t<div class=\"wpb_text_column wpb_content_element\" >\n\t\t<div class=\"wpb_wrapper\">\n\t\t\t<h4><a href=\"https:\/\/schubertstone.com\/unsere-ausstellung-in-wien-das-steinzentrum\/unser-stein-licht-showroom-und-beratungszentrum\/\">BERATUNGSZENTRUM MIT STEIN &amp; LICHT \u2013 SHOWROOM<\/a><\/h4>\n\n\t\t<\/div>\n\t<\/div>\n\n\t<div  class=\"wpb_single_image wpb_content_element vc_align_left wpb_content_element\">\n\t\t\n\t\t<figure class=\"wpb_wrapper vc_figure\">\n\t\t\t<a href=\"https:\/\/schubertstone.com\/unsere-ausstellung-in-wien-das-steinzentrum\/unser-stein-licht-showroom-und-beratungszentrum\/\" target=\"_blank\" class=\"vc_single_image-wrapper   vc_box_border_grey\"><img loading=\"lazy\" decoding=\"async\" width=\"1280\" height=\"336\" src=\"https:\/\/schubertstone.com\/wp-content\/uploads\/2016\/09\/licht-und-stein-zentrum-beratung-neu.jpg\" class=\"vc_single_image-img attachment-full\" alt=\"Beratung schubert stone licht und steinzentrum\" title=\"licht-und-stein-zentrum-beratung-neu\" srcset=\"https:\/\/schubertstone.com\/wp-content\/uploads\/2016\/09\/licht-und-stein-zentrum-beratung-neu.jpg 1280w, https:\/\/schubertstone.com\/wp-content\/uploads\/2016\/09\/licht-und-stein-zentrum-beratung-neu-300x79.jpg 300w, https:\/\/schubertstone.com\/wp-content\/uploads\/2016\/09\/licht-und-stein-zentrum-beratung-neu-1024x269.jpg 1024w, https:\/\/schubertstone.com\/wp-content\/uploads\/2016\/09\/licht-und-stein-zentrum-beratung-neu-768x202.jpg 768w, https:\/\/schubertstone.com\/wp-content\/uploads\/2016\/09\/licht-und-stein-zentrum-beratung-neu-18x5.jpg 18w, https:\/\/schubertstone.com\/wp-content\/uploads\/2016\/09\/licht-und-stein-zentrum-beratung-neu-650x171.jpg 650w, https:\/\/schubertstone.com\/wp-content\/uploads\/2016\/09\/licht-und-stein-zentrum-beratung-neu-600x158.jpg 600w\" sizes=\"(max-width: 1280px) 100vw, 1280px\" \/><\/a>\n\t\t<\/figure>\n\t<\/div>\n<\/div><\/div><\/div><\/div><\/div><\/div><\/div><\/div>\n<\/div>","protected":false},"excerpt":{"rendered":"Parkett L\u00e4rche\u00a0f\u00fcr ein freundliches und exklusives Wohnambiente Parkett L\u00e4rche erfreut sich aufgrund seiner einzigartigen nat\u00fcrlichen Sch\u00f6nheit als Bodenbelag gro\u00dfer Beliebtheit. Die zahlreichen [...]","protected":false},"author":3,"featured_media":2263,"parent":14529,"menu_order":0,"comment_status":"closed","ping_status":"open","template":"","meta":{"footnotes":""},"class_list":["post-28559","page","type-page","status-publish","has-post-thumbnail","hentry"],"yoast_head":"<!-- This site is optimized with the Yoast SEO Premium plugin v27.3 (Yoast SEO v27.5) - https:\/\/yoast.com\/product\/yoast-seo-premium-wordpress\/ -->\n<title>Parkett L\u00e4rche - SCHUBERT STONE - Naturstein, Feinsteinzeug, Parkett<\/title>\n<meta name=\"robots\" content=\"index, follow, max-snippet:-1, max-image-preview:large, max-video-preview:-1\" \/>\n<link rel=\"canonical\" href=\"https:\/\/schubertstone.com\/en\/parquet\/parquet-larch\/\" \/>\n<meta property=\"og:locale\" content=\"en_US\" \/>\n<meta property=\"og:type\" content=\"article\" \/>\n<meta property=\"og:title\" content=\"Parkett L\u00e4rche\" \/>\n<meta property=\"og:url\" content=\"https:\/\/schubertstone.com\/en\/parquet\/parquet-larch\/\" \/>\n<meta property=\"og:site_name\" content=\"SCHUBERT STONE - Naturstein, Feinsteinzeug, Parkett\" \/>\n<meta name=\"twitter:card\" content=\"summary_large_image\" \/>\n<meta name=\"twitter:label1\" content=\"Est. reading time\" \/>\n\t<meta name=\"twitter:data1\" content=\"3 minutes\" \/>\n<script type=\"application\/ld+json\" class=\"yoast-schema-graph\">{\"@context\":\"https:\\\/\\\/schema.org\",\"@graph\":[{\"@type\":\"WebPage\",\"@id\":\"https:\\\/\\\/schubertstone.com\\\/parkett\\\/parkett-laerche\\\/\",\"url\":\"https:\\\/\\\/schubertstone.com\\\/parkett\\\/parkett-laerche\\\/\",\"name\":\"Parkett L\u00e4rche - SCHUBERT STONE - Naturstein, Feinsteinzeug, Parkett\",\"isPartOf\":{\"@id\":\"https:\\\/\\\/schubertstone.com\\\/#website\"},\"primaryImageOfPage\":{\"@id\":\"https:\\\/\\\/schubertstone.com\\\/parkett\\\/parkett-laerche\\\/#primaryimage\"},\"image\":{\"@id\":\"https:\\\/\\\/schubertstone.com\\\/parkett\\\/parkett-laerche\\\/#primaryimage\"},\"thumbnailUrl\":\"\",\"datePublished\":\"2015-03-08T18:12:31+00:00\",\"breadcrumb\":{\"@id\":\"https:\\\/\\\/schubertstone.com\\\/parkett\\\/parkett-laerche\\\/#breadcrumb\"},\"inLanguage\":\"en-US\",\"potentialAction\":[{\"@type\":\"ReadAction\",\"target\":[\"https:\\\/\\\/schubertstone.com\\\/parkett\\\/parkett-laerche\\\/\"]}]},{\"@type\":\"ImageObject\",\"inLanguage\":\"en-US\",\"@id\":\"https:\\\/\\\/schubertstone.com\\\/parkett\\\/parkett-laerche\\\/#primaryimage\",\"url\":\"\",\"contentUrl\":\"\"},{\"@type\":\"BreadcrumbList\",\"@id\":\"https:\\\/\\\/schubertstone.com\\\/parkett\\\/parkett-laerche\\\/#breadcrumb\",\"itemListElement\":[{\"@type\":\"ListItem\",\"position\":1,\"name\":\"Home\",\"item\":\"https:\\\/\\\/schubertstone.com\\\/\"},{\"@type\":\"ListItem\",\"position\":2,\"name\":\"Parkett\",\"item\":\"https:\\\/\\\/schubertstone.com\\\/parkett\\\/\"},{\"@type\":\"ListItem\",\"position\":3,\"name\":\"Parkett L\u00e4rche\"}]},{\"@type\":\"WebSite\",\"@id\":\"https:\\\/\\\/schubertstone.com\\\/#website\",\"url\":\"https:\\\/\\\/schubertstone.com\\\/\",\"name\":\"SCHUBERT STONE - Naturstein, Feinsteinzeug, Parkett\",\"description\":\"Edle B\u00f6den &amp; Terrassen f\u00fcr Ihre exklusive Immobilie\",\"potentialAction\":[{\"@type\":\"SearchAction\",\"target\":{\"@type\":\"EntryPoint\",\"urlTemplate\":\"https:\\\/\\\/schubertstone.com\\\/?s={search_term_string}\"},\"query-input\":{\"@type\":\"PropertyValueSpecification\",\"valueRequired\":true,\"valueName\":\"search_term_string\"}}],\"inLanguage\":\"en-US\"}]}<\/script>\n<!-- \/ Yoast SEO Premium plugin. -->","yoast_head_json":{"title":"Larch parquet - SCHUBERT STONE - Natural stone, fine stoneware, parquet","robots":{"index":"index","follow":"follow","max-snippet":"max-snippet:-1","max-image-preview":"max-image-preview:large","max-video-preview":"max-video-preview:-1"},"canonical":"https:\/\/schubertstone.com\/en\/parquet\/parquet-larch\/","og_locale":"en_US","og_type":"article","og_title":"Parkett L\u00e4rche","og_url":"https:\/\/schubertstone.com\/en\/parquet\/parquet-larch\/","og_site_name":"SCHUBERT STONE - Naturstein, Feinsteinzeug, Parkett","twitter_card":"summary_large_image","twitter_misc":{"Est. reading time":"3 minutes"},"schema":{"@context":"https:\/\/schema.org","@graph":[{"@type":"WebPage","@id":"https:\/\/schubertstone.com\/parkett\/parkett-laerche\/","url":"https:\/\/schubertstone.com\/parkett\/parkett-laerche\/","name":"Larch parquet - SCHUBERT STONE - Natural stone, fine stoneware, parquet","isPartOf":{"@id":"https:\/\/schubertstone.com\/#website"},"primaryImageOfPage":{"@id":"https:\/\/schubertstone.com\/parkett\/parkett-laerche\/#primaryimage"},"image":{"@id":"https:\/\/schubertstone.com\/parkett\/parkett-laerche\/#primaryimage"},"thumbnailUrl":"","datePublished":"2015-03-08T18:12:31+00:00","breadcrumb":{"@id":"https:\/\/schubertstone.com\/parkett\/parkett-laerche\/#breadcrumb"},"inLanguage":"en-US","potentialAction":[{"@type":"ReadAction","target":["https:\/\/schubertstone.com\/parkett\/parkett-laerche\/"]}]},{"@type":"ImageObject","inLanguage":"en-US","@id":"https:\/\/schubertstone.com\/parkett\/parkett-laerche\/#primaryimage","url":"","contentUrl":""},{"@type":"BreadcrumbList","@id":"https:\/\/schubertstone.com\/parkett\/parkett-laerche\/#breadcrumb","itemListElement":[{"@type":"ListItem","position":1,"name":"Home","item":"https:\/\/schubertstone.com\/"},{"@type":"ListItem","position":2,"name":"Parkett","item":"https:\/\/schubertstone.com\/parkett\/"},{"@type":"ListItem","position":3,"name":"Parkett L\u00e4rche"}]},{"@type":"WebSite","@id":"https:\/\/schubertstone.com\/#website","url":"https:\/\/schubertstone.com\/","name":"SCHUBERT STONE - Natural stone, porcelain stoneware, parquet","description":"Fine floors &amp; terraces for your exclusive property","potentialAction":[{"@type":"SearchAction","target":{"@type":"EntryPoint","urlTemplate":"https:\/\/schubertstone.com\/?s={search_term_string}"},"query-input":{"@type":"PropertyValueSpecification","valueRequired":true,"valueName":"search_term_string"}}],"inLanguage":"en-US"}]}},"_links":{"self":[{"href":"https:\/\/schubertstone.com\/en\/wp-json\/wp\/v2\/pages\/28559","targetHints":{"allow":["GET"]}}],"collection":[{"href":"https:\/\/schubertstone.com\/en\/wp-json\/wp\/v2\/pages"}],"about":[{"href":"https:\/\/schubertstone.com\/en\/wp-json\/wp\/v2\/types\/page"}],"author":[{"embeddable":true,"href":"https:\/\/schubertstone.com\/en\/wp-json\/wp\/v2\/users\/3"}],"replies":[{"embeddable":true,"href":"https:\/\/schubertstone.com\/en\/wp-json\/wp\/v2\/comments?post=28559"}],"version-history":[{"count":0,"href":"https:\/\/schubertstone.com\/en\/wp-json\/wp\/v2\/pages\/28559\/revisions"}],"up":[{"embeddable":true,"href":"https:\/\/schubertstone.com\/en\/wp-json\/wp\/v2\/pages\/14529"}],"wp:featuredmedia":[{"embeddable":true,"href":"https:\/\/schubertstone.com\/en\/wp-json\/"}],"wp:attachment":[{"href":"https:\/\/schubertstone.com\/en\/wp-json\/wp\/v2\/media?parent=28559"}],"curies":[{"name":"wp","href":"https:\/\/api.w.org\/{rel}","templated":true}]}}