{"id":28560,"date":"2015-03-08T20:13:09","date_gmt":"2015-03-08T18:13:09","guid":{"rendered":"http:\/\/slidebird.wpengine.com\/?page_id=1978"},"modified":"2015-03-08T20:13:09","modified_gmt":"2015-03-08T18:13:09","slug":"parquet-wenge","status":"publish","type":"page","link":"https:\/\/schubertstone.com\/en\/parkett\/parkett-wenge\/","title":{"rendered":"Wenge parquet"},"content":{"rendered":"<div class=\"wpb-content-wrapper\"><div class=\"vc_row wpb_row vc_row-fluid\"><div class=\"wpb_column vc_column_container vc_col-sm-12\"><div class=\"vc_column-inner\"><div class=\"wpb_wrapper\">\n\t<div class=\"wpb_text_column wpb_content_element\" >\n\t\t<div class=\"wpb_wrapper\">\n\t\t\t<h1>Parkett Wenge &#8211; ein edler und exklusiver Parkettboden<\/h1>\n\n\t\t<\/div>\n\t<\/div>\n\n\t<div class=\"wpb_text_column wpb_content_element\" >\n\t\t<div class=\"wpb_wrapper\">\n\t\t\t<div id=\"Headline\">\n<p style=\"text-align: left;\">Parkett Wenge z\u00e4hlt aufgrund seiner Qualit\u00e4t und Farbe zu den edelsten und exklusivsten Parkettb\u00f6den. Dunkelbraun bis fast schwarz, verleiht Parkett Wenge \u00a0jedem Raum eine ganz besondere Noblesse, ein Wenge Massivholz Parkettboden eignet sich aufgrund des dunklen Farbtons vor allem f\u00fcr eine gro\u00dffl\u00e4chige Verlegung, zum Beispiel als\u00a0<a title=\"Landhausdielen\" href=\"https:\/\/schubertstone.com\/parkett\/landhausdielen\/\">Landhausdielen<\/a>, <a title=\"Schlossdielen\" href=\"https:\/\/schubertstone.com\/parkett\/schlossdielen\/\">Schlossdielen<\/a> oder <a title=\"Riemenparkett\" href=\"https:\/\/schubertstone.com\/parkett\/riemenparkett\/\">Riemenparkett<\/a>, der Wenge Dekor\u00a0harmoniert ganz besonders mit modernen und exotischen Einrichtungsstilen, zum Beispiel mit afrikanischem oder asiatischem Flair,\u00a0Parkett Wenge kann aber auch ausgezeichnet zur klassischen Wohnraumgestaltung kombiniert werden.<\/p>\n<\/div>\n\n\t\t<\/div>\n\t<\/div>\n<div class=\"wpb_gallery wpb_content_element vc_clearfix wpb_content_element\" ><div class=\"wpb_wrapper\"><div class=\"wpb_gallery_slides wpb_flexslider flexslider_fade flexslider\" data-interval=\"3\" data-flex_fx=\"fade\"><ul class=\"slides\"><li><a class=\"\" href=\"\" data-lightbox=\"lightbox[rel-28560-113397596]\"><\/a><\/li><li><a class=\"\" href=\"\" data-lightbox=\"lightbox[rel-28560-113397596]\"><\/a><\/li><li><a class=\"\" href=\"\" data-lightbox=\"lightbox[rel-28560-113397596]\"><\/a><\/li><li><a class=\"\"  href=\"https:\/\/schubertstone.com\/wp-content\/uploads\/2015\/03\/gr-wenge-l-wohnbereich-w900-h639.jpg\" data-rel=\"lightbox-gallery-bGlnaHRib3gtZ2FsbGVyeS0w\" data-rl_title=\"gr-wenge-l-wohnbereich-w900-h639\" data-rl_caption=\"\" data-rl_title=\"gr-wenge-l-wohnbereich-w900-h639\" data-rl_caption=\"\" data-lightbox=\"lightbox[rel-28560-113397596]\"><img fetchpriority=\"high\" decoding=\"async\" width=\"900\" height=\"639\" src=\"https:\/\/schubertstone.com\/wp-content\/uploads\/2015\/03\/gr-wenge-l-wohnbereich-w900-h639.jpg\" class=\"attachment-large\" alt=\"Wenge Wohnbereich\" title=\"gr-wenge-l-wohnbereich-w900-h639\" srcset=\"https:\/\/schubertstone.com\/wp-content\/uploads\/2015\/03\/gr-wenge-l-wohnbereich-w900-h639.jpg 900w, https:\/\/schubertstone.com\/wp-content\/uploads\/2015\/03\/gr-wenge-l-wohnbereich-w900-h639-300x213.jpg 300w, https:\/\/schubertstone.com\/wp-content\/uploads\/2015\/03\/gr-wenge-l-wohnbereich-w900-h639-768x545.jpg 768w, https:\/\/schubertstone.com\/wp-content\/uploads\/2015\/03\/gr-wenge-l-wohnbereich-w900-h639-650x462.jpg 650w, https:\/\/schubertstone.com\/wp-content\/uploads\/2015\/03\/gr-wenge-l-wohnbereich-w900-h639-600x426.jpg 600w\" sizes=\"(max-width: 900px) 100vw, 900px\" \/><\/a><\/li><li><a class=\"\" href=\"\" data-lightbox=\"lightbox[rel-28560-113397596]\"><\/a><\/li><li><a class=\"\" href=\"\" data-lightbox=\"lightbox[rel-28560-113397596]\"><\/a><\/li><li><a class=\"\" href=\"\" data-lightbox=\"lightbox[rel-28560-113397596]\"><\/a><\/li><li><a class=\"\" href=\"\" data-lightbox=\"lightbox[rel-28560-113397596]\"><\/a><\/li><li><a class=\"\" href=\"\" data-lightbox=\"lightbox[rel-28560-113397596]\"><\/a><\/li><li><a class=\"\" href=\"\" data-lightbox=\"lightbox[rel-28560-113397596]\"><\/a><\/li><\/ul><\/div><\/div><\/div>\n\t<div class=\"wpb_text_column wpb_content_element\" >\n\t\t<div class=\"wpb_wrapper\">\n\t\t\t<div id=\"Headline\">\n<p style=\"text-align: left;\">Wenge Holz stammt aus Afrika und z\u00e4hlt zu den dunkelsten H\u00f6lzern, das die Natur zu bieten hat. Die Wenge Holzart ist ein au\u00dferordentlich hartes Holz, aber aufgrund seiner dunklen Farbe etwas pflegeintensiver. Daf\u00fcr besticht Parkett Wenge jedoch mit seiner au\u00dfergew\u00f6hnlichen Sch\u00f6nheit. Je nach Wunsch kann Parkett Wenge ge\u00f6lt oder mit Wachs versiegelt werden und beh\u00e4lt auf diese Weise \u00fcber Jahre sein umwerfend attraktives Aussehen.<\/p>\n<\/div>\n\n\t\t<\/div>\n\t<\/div>\n<div class=\"wpb_gallery wpb_content_element vc_clearfix wpb_content_element\" ><div class=\"wpb_wrapper\"><div class=\"wpb_gallery_slides wpb_flexslider flexslider_fade flexslider\" data-interval=\"3\" data-flex_fx=\"fade\"><ul class=\"slides\"><li><a class=\"\"  href=\"https:\/\/schubertstone.com\/wp-content\/uploads\/2025\/02\/SCHUBERT-STONE-Geschichte-48-683x1024.webp\" data-rel=\"lightbox-gallery-bGlnaHRib3gtZ2FsbGVyeS0w\" data-rl_title=\"\" data-rl_caption=\"\" data-rl_title=\"\" data-rl_caption=\"\" data-lightbox=\"lightbox[rel-28560-2672684432]\"><img decoding=\"async\" width=\"683\" height=\"1024\" src=\"https:\/\/schubertstone.com\/wp-content\/uploads\/2025\/02\/SCHUBERT-STONE-Geschichte-48-683x1024.webp\" class=\"attachment-large\" alt=\"\" title=\"\" srcset=\"https:\/\/schubertstone.com\/wp-content\/uploads\/2025\/02\/SCHUBERT-STONE-Geschichte-48-683x1024.webp 683w, https:\/\/schubertstone.com\/wp-content\/uploads\/2025\/02\/SCHUBERT-STONE-Geschichte-48-200x300.webp 200w, https:\/\/schubertstone.com\/wp-content\/uploads\/2025\/02\/SCHUBERT-STONE-Geschichte-48-768x1152.webp 768w, https:\/\/schubertstone.com\/wp-content\/uploads\/2025\/02\/SCHUBERT-STONE-Geschichte-48-1024x1536.webp 1024w, https:\/\/schubertstone.com\/wp-content\/uploads\/2025\/02\/SCHUBERT-STONE-Geschichte-48-433x650.webp 433w, https:\/\/schubertstone.com\/wp-content\/uploads\/2025\/02\/SCHUBERT-STONE-Geschichte-48-600x900.webp 600w, https:\/\/schubertstone.com\/wp-content\/uploads\/2025\/02\/SCHUBERT-STONE-Geschichte-48.jpg 1365w\" sizes=\"(max-width: 683px) 100vw, 683px\" \/><\/a><\/li><li><a class=\"\" href=\"\" data-lightbox=\"lightbox[rel-28560-2672684432]\"><\/a><\/li><li><a class=\"\" href=\"\" data-lightbox=\"lightbox[rel-28560-2672684432]\"><\/a><\/li><li><a class=\"\" href=\"\" data-lightbox=\"lightbox[rel-28560-2672684432]\"><\/a><\/li><li><a class=\"\"  href=\"https:\/\/schubertstone.com\/wp-content\/uploads\/2015\/03\/gr-wenge-landhausdielen-dunkel-w900-h639.jpg\" data-rel=\"lightbox-gallery-bGlnaHRib3gtZ2FsbGVyeS0w\" data-rl_title=\"gr-wenge-landhausdielen-dunkel-w900-h639\" data-rl_caption=\"\" data-rl_title=\"gr-wenge-landhausdielen-dunkel-w900-h639\" data-rl_caption=\"\" data-lightbox=\"lightbox[rel-28560-2672684432]\"><img decoding=\"async\" width=\"900\" height=\"639\" src=\"https:\/\/schubertstone.com\/wp-content\/uploads\/2015\/03\/gr-wenge-landhausdielen-dunkel-w900-h639.jpg\" class=\"attachment-large\" alt=\"Wenge Landhausdielen dunkel\" title=\"gr-wenge-landhausdielen-dunkel-w900-h639\" srcset=\"https:\/\/schubertstone.com\/wp-content\/uploads\/2015\/03\/gr-wenge-landhausdielen-dunkel-w900-h639.jpg 900w, https:\/\/schubertstone.com\/wp-content\/uploads\/2015\/03\/gr-wenge-landhausdielen-dunkel-w900-h639-300x213.jpg 300w, https:\/\/schubertstone.com\/wp-content\/uploads\/2015\/03\/gr-wenge-landhausdielen-dunkel-w900-h639-768x545.jpg 768w, https:\/\/schubertstone.com\/wp-content\/uploads\/2015\/03\/gr-wenge-landhausdielen-dunkel-w900-h639-650x462.jpg 650w, https:\/\/schubertstone.com\/wp-content\/uploads\/2015\/03\/gr-wenge-landhausdielen-dunkel-w900-h639-600x426.jpg 600w\" sizes=\"(max-width: 900px) 100vw, 900px\" \/><\/a><\/li><li><a class=\"\" href=\"\" data-lightbox=\"lightbox[rel-28560-2672684432]\"><\/a><\/li><li><a class=\"\" href=\"\" data-lightbox=\"lightbox[rel-28560-2672684432]\"><\/a><\/li><li><a class=\"\" href=\"\" data-lightbox=\"lightbox[rel-28560-2672684432]\"><\/a><\/li><li><a class=\"\" href=\"\" data-lightbox=\"lightbox[rel-28560-2672684432]\"><\/a><\/li><li><a class=\"\" href=\"\" data-lightbox=\"lightbox[rel-28560-2672684432]\"><\/a><\/li><\/ul><\/div><\/div><\/div>\n\t<div class=\"wpb_text_column wpb_content_element\" >\n\t\t<div class=\"wpb_wrapper\">\n\t\t\t<h2 style=\"text-align: justify;\">Parkett Wenge in unserer Stein und Holz Ausstellung<\/h2>\n<p style=\"text-align: justify;\">In den gro\u00dfz\u00fcgigen Schaur\u00e4umen unserer <a title=\"Holz &amp; Stein\" href=\"https:\/\/schubertstone.com\/parkett\/holz-stein\/\">Stein und Holz Ausstellung<\/a> in der Villa Schubert, Breitenfurter Stra\u00dfe 249, 1230 Wien, finden Sie zahlreiche Kombinationen von Wenge Parkett mit <a title=\"Naturstein\" href=\"https:\/\/schubertstone.com\/naturstein\/\">Natursteinb\u00f6den<\/a>\u00a0und k\u00f6nnen so einen wundervollen Eindruck davon gewinnen, wie hervorragend sich <a title=\"Holz &amp; Stein\" href=\"https:\/\/schubertstone.com\/parkett\/holz-stein\/\">Holz und Stein<\/a> erg\u00e4nzen.<\/p>\n<p style=\"text-align: justify;\">Lassen Sie sich verzaubern von dem einzigartigen und exotischen Flair und der Farbe von\u00a0Parkett Wenge, erleben Sie die Nat\u00fcrlichkeit und Exklusivit\u00e4t dieses edlen Holzbodens und lassen Sie sich begeistern von der Sch\u00f6nheit, die Parkett Wenge so au\u00dfergew\u00f6hnlich macht.<\/p>\n<p style=\"text-align: justify;\">F\u00fcr eine umfassende Fachberatung \u00fcber Wenge Holz, Preis, Pflege, Verlegung und alles Weitere, was Sie \u00fcber Parkett Wenge wissen m\u00f6chten, vereinbaren Sie am besten einen Termin f\u00fcr ein unverbindliches Beratungsgespr\u00e4ch mit einem unserer Experten.<\/p>\n\n\t\t<\/div>\n\t<\/div>\n<section class=\"vc_cta3-container\"><div class=\"vc_general vc_do_cta3 vc_cta3 vc_cta3-style-outline vc_cta3-shape-square vc_cta3-align-left vc_cta3-color-chino vc_cta3-icon-size-md vc_cta3-actions-right\"><div class=\"vc_cta3_content-container\"><div class=\"vc_cta3-content\"><header class=\"vc_cta3-content-header\"><h2>Beratungstermin<\/h2><\/header><p>Vereinbaren Sie jetzt einen Beratungstermin mit unseren Fachberatern.<\/p>\n<\/div><div class=\"vc_cta3-actions\"><div class=\"vc_btn3-container vc_btn3-right vc_do_btn\" ><a class=\"vc_general vc_btn3 vc_btn3-size-md vc_btn3-shape-square vc_btn3-style-flat vc_btn3-color-chino\" href=\"https:\/\/schubertstone.com\/termin\/\" title=\"\" target=\"_blank\">Jetzt Termin vereinbaren<\/a><\/div><\/div><\/div><\/div><\/section><\/div><\/div><\/div><\/div><div class=\"vc_row wpb_row vc_row-fluid\"><div class=\"wpb_column vc_column_container vc_col-sm-12\"><div class=\"vc_column-inner\"><div class=\"wpb_wrapper\"><div class=\"vc_row wpb_row vc_inner vc_row-fluid\"><div class=\"wpb_column vc_column_container vc_col-sm-6 vc_col-has-fill\"><div class=\"vc_column-inner vc_custom_1479976122089\"><div class=\"wpb_wrapper\">\n\t<div class=\"wpb_text_column wpb_content_element\" >\n\t\t<div class=\"wpb_wrapper\">\n\t\t\t<h4><a href=\"https:\/\/schubertstone.com\/unsere-ausstellung-in-wien-das-steinzentrum\/kombinierte-stein-parkett-ausstellung-in-der-villa-schubert\/\">PARKETT- &amp; STEINBODEN-AUSSTELLUNG IN DER VILLA SCHUBERT<\/a><\/h4>\n\n\t\t<\/div>\n\t<\/div>\n\n\t<div  class=\"wpb_single_image wpb_content_element vc_align_left wpb_content_element\">\n\t\t\n\t\t<figure class=\"wpb_wrapper vc_figure\">\n\t\t\t<a href=\"https:\/\/schubertstone.com\/unsere-ausstellung-in-wien-das-steinzentrum\/kombinierte-stein-parkett-ausstellung-in-der-villa-schubert\/\" target=\"_blank\" class=\"vc_single_image-wrapper   vc_box_border_grey\"><img loading=\"lazy\" decoding=\"async\" width=\"1280\" height=\"336\" src=\"https:\/\/schubertstone.com\/wp-content\/uploads\/2016\/09\/Villa-Erdgeschoss.jpg\" class=\"vc_single_image-img attachment-full\" alt=\"schubert stone villa\" title=\"villa-erdgeschoss\" srcset=\"https:\/\/schubertstone.com\/wp-content\/uploads\/2016\/09\/Villa-Erdgeschoss.jpg 1280w, https:\/\/schubertstone.com\/wp-content\/uploads\/2016\/09\/Villa-Erdgeschoss-300x79.jpg 300w, https:\/\/schubertstone.com\/wp-content\/uploads\/2016\/09\/Villa-Erdgeschoss-1024x269.jpg 1024w, https:\/\/schubertstone.com\/wp-content\/uploads\/2016\/09\/Villa-Erdgeschoss-768x202.jpg 768w, https:\/\/schubertstone.com\/wp-content\/uploads\/2016\/09\/Villa-Erdgeschoss-18x5.jpg 18w, https:\/\/schubertstone.com\/wp-content\/uploads\/2016\/09\/Villa-Erdgeschoss-650x171.jpg 650w, https:\/\/schubertstone.com\/wp-content\/uploads\/2016\/09\/Villa-Erdgeschoss-600x158.jpg 600w\" sizes=\"(max-width: 1280px) 100vw, 1280px\" \/><\/a>\n\t\t<\/figure>\n\t<\/div>\n<\/div><\/div><\/div><div class=\"wpb_column vc_column_container vc_col-sm-6 vc_col-has-fill\"><div class=\"vc_column-inner vc_custom_1479976157640\"><div class=\"wpb_wrapper\">\n\t<div class=\"wpb_text_column wpb_content_element\" >\n\t\t<div class=\"wpb_wrapper\">\n\t\t\t<h4><a href=\"https:\/\/schubertstone.com\/unsere-ausstellung-in-wien-das-steinzentrum\/unser-stein-licht-showroom-und-beratungszentrum\/\">BERATUNGSZENTRUM MIT STEIN &amp; LICHT \u2013 SHOWROOM<\/a><\/h4>\n\n\t\t<\/div>\n\t<\/div>\n\n\t<div  class=\"wpb_single_image wpb_content_element vc_align_left wpb_content_element\">\n\t\t\n\t\t<figure class=\"wpb_wrapper vc_figure\">\n\t\t\t<a href=\"https:\/\/schubertstone.com\/unsere-ausstellung-in-wien-das-steinzentrum\/unser-stein-licht-showroom-und-beratungszentrum\/\" target=\"_blank\" class=\"vc_single_image-wrapper   vc_box_border_grey\"><img loading=\"lazy\" decoding=\"async\" width=\"1280\" height=\"336\" src=\"https:\/\/schubertstone.com\/wp-content\/uploads\/2016\/09\/licht-und-stein-zentrum-beratung-neu.jpg\" class=\"vc_single_image-img attachment-full\" alt=\"Beratung schubert stone licht und steinzentrum\" title=\"licht-und-stein-zentrum-beratung-neu\" srcset=\"https:\/\/schubertstone.com\/wp-content\/uploads\/2016\/09\/licht-und-stein-zentrum-beratung-neu.jpg 1280w, https:\/\/schubertstone.com\/wp-content\/uploads\/2016\/09\/licht-und-stein-zentrum-beratung-neu-300x79.jpg 300w, https:\/\/schubertstone.com\/wp-content\/uploads\/2016\/09\/licht-und-stein-zentrum-beratung-neu-1024x269.jpg 1024w, https:\/\/schubertstone.com\/wp-content\/uploads\/2016\/09\/licht-und-stein-zentrum-beratung-neu-768x202.jpg 768w, https:\/\/schubertstone.com\/wp-content\/uploads\/2016\/09\/licht-und-stein-zentrum-beratung-neu-18x5.jpg 18w, https:\/\/schubertstone.com\/wp-content\/uploads\/2016\/09\/licht-und-stein-zentrum-beratung-neu-650x171.jpg 650w, https:\/\/schubertstone.com\/wp-content\/uploads\/2016\/09\/licht-und-stein-zentrum-beratung-neu-600x158.jpg 600w\" sizes=\"(max-width: 1280px) 100vw, 1280px\" \/><\/a>\n\t\t<\/figure>\n\t<\/div>\n<\/div><\/div><\/div><\/div><\/div><\/div><\/div><\/div>\n<\/div>","protected":false},"excerpt":{"rendered":"Parkett Wenge - ein edler und exklusiver Parkettboden Parkett Wenge z\u00e4hlt aufgrund seiner Qualit\u00e4t und Farbe zu den edelsten und exklusivsten Parkettb\u00f6den. [...]","protected":false},"author":3,"featured_media":2273,"parent":14529,"menu_order":0,"comment_status":"closed","ping_status":"open","template":"","meta":{"footnotes":""},"class_list":["post-28560","page","type-page","status-publish","has-post-thumbnail","hentry"],"yoast_head":"<!-- This site is optimized with the Yoast SEO Premium plugin v27.3 (Yoast SEO v27.5) - https:\/\/yoast.com\/product\/yoast-seo-premium-wordpress\/ -->\n<title>Parkett Wenge - SCHUBERT STONE - Naturstein, Feinsteinzeug, Parkett<\/title>\n<meta name=\"robots\" content=\"index, follow, max-snippet:-1, max-image-preview:large, max-video-preview:-1\" \/>\n<link rel=\"canonical\" href=\"https:\/\/schubertstone.com\/en\/parquet\/parquet-wenge\/\" \/>\n<meta property=\"og:locale\" content=\"en_US\" \/>\n<meta property=\"og:type\" content=\"article\" \/>\n<meta property=\"og:title\" content=\"Parkett Wenge\" \/>\n<meta property=\"og:url\" content=\"https:\/\/schubertstone.com\/en\/parquet\/parquet-wenge\/\" \/>\n<meta property=\"og:site_name\" content=\"SCHUBERT STONE - Naturstein, Feinsteinzeug, Parkett\" \/>\n<meta name=\"twitter:card\" content=\"summary_large_image\" \/>\n<meta name=\"twitter:label1\" content=\"Est. reading time\" \/>\n\t<meta name=\"twitter:data1\" content=\"3 minutes\" \/>\n<script type=\"application\/ld+json\" class=\"yoast-schema-graph\">{\"@context\":\"https:\\\/\\\/schema.org\",\"@graph\":[{\"@type\":\"WebPage\",\"@id\":\"https:\\\/\\\/schubertstone.com\\\/parkett\\\/parkett-wenge\\\/\",\"url\":\"https:\\\/\\\/schubertstone.com\\\/parkett\\\/parkett-wenge\\\/\",\"name\":\"Parkett Wenge - SCHUBERT STONE - Naturstein, Feinsteinzeug, Parkett\",\"isPartOf\":{\"@id\":\"https:\\\/\\\/schubertstone.com\\\/#website\"},\"primaryImageOfPage\":{\"@id\":\"https:\\\/\\\/schubertstone.com\\\/parkett\\\/parkett-wenge\\\/#primaryimage\"},\"image\":{\"@id\":\"https:\\\/\\\/schubertstone.com\\\/parkett\\\/parkett-wenge\\\/#primaryimage\"},\"thumbnailUrl\":\"\",\"datePublished\":\"2015-03-08T18:13:09+00:00\",\"breadcrumb\":{\"@id\":\"https:\\\/\\\/schubertstone.com\\\/parkett\\\/parkett-wenge\\\/#breadcrumb\"},\"inLanguage\":\"en-US\",\"potentialAction\":[{\"@type\":\"ReadAction\",\"target\":[\"https:\\\/\\\/schubertstone.com\\\/parkett\\\/parkett-wenge\\\/\"]}]},{\"@type\":\"ImageObject\",\"inLanguage\":\"en-US\",\"@id\":\"https:\\\/\\\/schubertstone.com\\\/parkett\\\/parkett-wenge\\\/#primaryimage\",\"url\":\"\",\"contentUrl\":\"\"},{\"@type\":\"BreadcrumbList\",\"@id\":\"https:\\\/\\\/schubertstone.com\\\/parkett\\\/parkett-wenge\\\/#breadcrumb\",\"itemListElement\":[{\"@type\":\"ListItem\",\"position\":1,\"name\":\"Home\",\"item\":\"https:\\\/\\\/schubertstone.com\\\/\"},{\"@type\":\"ListItem\",\"position\":2,\"name\":\"Parkett\",\"item\":\"https:\\\/\\\/schubertstone.com\\\/parkett\\\/\"},{\"@type\":\"ListItem\",\"position\":3,\"name\":\"Parkett Wenge\"}]},{\"@type\":\"WebSite\",\"@id\":\"https:\\\/\\\/schubertstone.com\\\/#website\",\"url\":\"https:\\\/\\\/schubertstone.com\\\/\",\"name\":\"SCHUBERT STONE - Naturstein, Feinsteinzeug, Parkett\",\"description\":\"Edle B\u00f6den &amp; Terrassen f\u00fcr Ihre exklusive Immobilie\",\"potentialAction\":[{\"@type\":\"SearchAction\",\"target\":{\"@type\":\"EntryPoint\",\"urlTemplate\":\"https:\\\/\\\/schubertstone.com\\\/?s={search_term_string}\"},\"query-input\":{\"@type\":\"PropertyValueSpecification\",\"valueRequired\":true,\"valueName\":\"search_term_string\"}}],\"inLanguage\":\"en-US\"}]}<\/script>\n<!-- \/ Yoast SEO Premium plugin. -->","yoast_head_json":{"title":"Wenge parquet - SCHUBERT STONE - Natural stone, fine stoneware, parquet","robots":{"index":"index","follow":"follow","max-snippet":"max-snippet:-1","max-image-preview":"max-image-preview:large","max-video-preview":"max-video-preview:-1"},"canonical":"https:\/\/schubertstone.com\/en\/parquet\/parquet-wenge\/","og_locale":"en_US","og_type":"article","og_title":"Parkett Wenge","og_url":"https:\/\/schubertstone.com\/en\/parquet\/parquet-wenge\/","og_site_name":"SCHUBERT STONE - Naturstein, Feinsteinzeug, Parkett","twitter_card":"summary_large_image","twitter_misc":{"Est. reading time":"3 minutes"},"schema":{"@context":"https:\/\/schema.org","@graph":[{"@type":"WebPage","@id":"https:\/\/schubertstone.com\/parkett\/parkett-wenge\/","url":"https:\/\/schubertstone.com\/parkett\/parkett-wenge\/","name":"Wenge parquet - SCHUBERT STONE - Natural stone, fine stoneware, parquet","isPartOf":{"@id":"https:\/\/schubertstone.com\/#website"},"primaryImageOfPage":{"@id":"https:\/\/schubertstone.com\/parkett\/parkett-wenge\/#primaryimage"},"image":{"@id":"https:\/\/schubertstone.com\/parkett\/parkett-wenge\/#primaryimage"},"thumbnailUrl":"","datePublished":"2015-03-08T18:13:09+00:00","breadcrumb":{"@id":"https:\/\/schubertstone.com\/parkett\/parkett-wenge\/#breadcrumb"},"inLanguage":"en-US","potentialAction":[{"@type":"ReadAction","target":["https:\/\/schubertstone.com\/parkett\/parkett-wenge\/"]}]},{"@type":"ImageObject","inLanguage":"en-US","@id":"https:\/\/schubertstone.com\/parkett\/parkett-wenge\/#primaryimage","url":"","contentUrl":""},{"@type":"BreadcrumbList","@id":"https:\/\/schubertstone.com\/parkett\/parkett-wenge\/#breadcrumb","itemListElement":[{"@type":"ListItem","position":1,"name":"Home","item":"https:\/\/schubertstone.com\/"},{"@type":"ListItem","position":2,"name":"Parkett","item":"https:\/\/schubertstone.com\/parkett\/"},{"@type":"ListItem","position":3,"name":"Parkett Wenge"}]},{"@type":"WebSite","@id":"https:\/\/schubertstone.com\/#website","url":"https:\/\/schubertstone.com\/","name":"SCHUBERT STONE - Natural stone, porcelain stoneware, parquet","description":"Fine floors &amp; terraces for your exclusive property","potentialAction":[{"@type":"SearchAction","target":{"@type":"EntryPoint","urlTemplate":"https:\/\/schubertstone.com\/?s={search_term_string}"},"query-input":{"@type":"PropertyValueSpecification","valueRequired":true,"valueName":"search_term_string"}}],"inLanguage":"en-US"}]}},"_links":{"self":[{"href":"https:\/\/schubertstone.com\/en\/wp-json\/wp\/v2\/pages\/28560","targetHints":{"allow":["GET"]}}],"collection":[{"href":"https:\/\/schubertstone.com\/en\/wp-json\/wp\/v2\/pages"}],"about":[{"href":"https:\/\/schubertstone.com\/en\/wp-json\/wp\/v2\/types\/page"}],"author":[{"embeddable":true,"href":"https:\/\/schubertstone.com\/en\/wp-json\/wp\/v2\/users\/3"}],"replies":[{"embeddable":true,"href":"https:\/\/schubertstone.com\/en\/wp-json\/wp\/v2\/comments?post=28560"}],"version-history":[{"count":0,"href":"https:\/\/schubertstone.com\/en\/wp-json\/wp\/v2\/pages\/28560\/revisions"}],"up":[{"embeddable":true,"href":"https:\/\/schubertstone.com\/en\/wp-json\/wp\/v2\/pages\/14529"}],"wp:featuredmedia":[{"embeddable":true,"href":"https:\/\/schubertstone.com\/en\/wp-json\/"}],"wp:attachment":[{"href":"https:\/\/schubertstone.com\/en\/wp-json\/wp\/v2\/media?parent=28560"}],"curies":[{"name":"wp","href":"https:\/\/api.w.org\/{rel}","templated":true}]}}