{"id":28561,"date":"2015-03-08T20:15:13","date_gmt":"2015-03-08T18:15:13","guid":{"rendered":"http:\/\/slidebird.wpengine.com\/?page_id=1980"},"modified":"2015-03-08T20:15:13","modified_gmt":"2015-03-08T18:15:13","slug":"parquet-walnut","status":"publish","type":"page","link":"https:\/\/schubertstone.com\/en\/parkett\/parkett-nussbaum\/","title":{"rendered":"Walnut parquet"},"content":{"rendered":"<div class=\"wpb-content-wrapper\"><div class=\"vc_row wpb_row vc_row-fluid\"><div class=\"wpb_column vc_column_container vc_col-sm-12\"><div class=\"vc_column-inner\"><div class=\"wpb_wrapper\">\n\t<div class=\"wpb_text_column wpb_content_element\" >\n\t\t<div class=\"wpb_wrapper\">\n\t\t\t<div id=\"Headline\">\n<h1><span style=\"font-size: 20px;\">Parkett Nussbaum<\/span><\/h1>\n<\/div>\n\n\t\t<\/div>\n\t<\/div>\n\n\t<div class=\"wpb_text_column wpb_content_element\" >\n\t\t<div class=\"wpb_wrapper\">\n\t\t\t<div id=\"Headline\">\n<p style=\"text-align: left;\">Nussbaum Parkett ist ein edler, robuster Bodenbelag. Parkett Nussbaum wurde in der R\u00f6merzeit an allen Mittelmeerh\u00e4fen verbreitet und gelangte so bald auch nach Zentraleuropa. Parkett Nussbaum ist sehr gut zu bearbeiten, zu beizen und zu polieren. Der amerikanische Nussbaum-Parkett hat sich als Trendholz durchgesetzt. Er ist neben der dunklen und erdigen, nat\u00fcrlichen Optik vor allem sehr robust,\u00a0fast so hart wie Eiche, und wird f\u00fcr <a title=\"Parkett\" href=\"https:\/\/schubertstone.com\/parkett\/\">Parkettb\u00f6den<\/a>\u00a0gern als <a title=\"Landhausdielen\" href=\"https:\/\/schubertstone.com\/parkett\/landhausdielen\/\">Landhausdiele<\/a> angeboten.<\/p>\n<\/div>\n\n\t\t<\/div>\n\t<\/div>\n<div class=\"wpb_gallery wpb_content_element vc_clearfix wpb_content_element\" ><div class=\"wpb_wrapper\"><div class=\"wpb_gallery_slides wpb_flexslider flexslider_fade flexslider\" data-interval=\"3\" data-flex_fx=\"fade\"><ul class=\"slides\"><li><a class=\"\" href=\"\" data-lightbox=\"lightbox[rel-28561-3903252935]\"><\/a><\/li><li><a class=\"\" href=\"\" data-lightbox=\"lightbox[rel-28561-3903252935]\"><\/a><\/li><li><a class=\"\" href=\"\" data-lightbox=\"lightbox[rel-28561-3903252935]\"><\/a><\/li><li><a class=\"\" href=\"\" data-lightbox=\"lightbox[rel-28561-3903252935]\"><\/a><\/li><li><a class=\"\" href=\"\" data-lightbox=\"lightbox[rel-28561-3903252935]\"><\/a><\/li><li><a class=\"\" href=\"\" data-lightbox=\"lightbox[rel-28561-3903252935]\"><\/a><\/li><li><a class=\"\" href=\"\" data-lightbox=\"lightbox[rel-28561-3903252935]\"><\/a><\/li><li><a class=\"\" href=\"\" data-lightbox=\"lightbox[rel-28561-3903252935]\"><\/a><\/li><li><a class=\"\" href=\"\" data-lightbox=\"lightbox[rel-28561-3903252935]\"><\/a><\/li><li><a class=\"\" href=\"\" data-lightbox=\"lightbox[rel-28561-3903252935]\"><\/a><\/li><\/ul><\/div><\/div><\/div>\n\t<div class=\"wpb_text_column wpb_content_element\" >\n\t\t<div class=\"wpb_wrapper\">\n\t\t\t<div id=\"Headline\">\n<p style=\"text-align: left;\">Die dreischichtige Nussbaum\u00a0Parkett Landhausdiele ist so bei optimaler Verarbeitung ideal f\u00fcr R\u00e4ume mit Fu\u00dfbodenheizung geeignet. Parkett Nussbaum europ\u00e4isch\u00a0ist seit Jahrhunderten aus gutem Grund ein besonders gesuchtes Material f\u00fcr Parkettb\u00f6den. Walnussholz hat seinen Preis, das Nussbaum\u00a0Parkett steht daf\u00fcr in einer gro\u00dfen Auswahl an Musterungen und Schattierungen zur Verf\u00fcgung und bietet au\u00dfergew\u00f6hnliche M\u00f6glichkeiten f\u00fcr die Kombination von <a title=\"Holz &amp; Stein\" href=\"https:\/\/schubertstone.com\/parkett\/holz-stein\/\">Holz und Stein<\/a>.<\/p>\n<\/div>\n\n\t\t<\/div>\n\t<\/div>\n<div class=\"vc_row wpb_row vc_inner vc_row-fluid\"><div class=\"wpb_column vc_column_container vc_col-sm-6\"><div class=\"vc_column-inner\"><div class=\"wpb_wrapper\">\n\t<div class=\"wpb_video_widget wpb_content_element vc_clearfix   vc_video-aspect-ratio-169 vc_video-el-width-100 vc_video-align-left\" >\n\t\t<div class=\"wpb_wrapper\">\n\t\t\t\n\t\t\t<div class=\"wpb_video_wrapper\"><iframe title=\"Parkett aus Nussbaum \u2013 zeitlose Eleganz in Kombination mit Naturstein\" width=\"500\" height=\"281\" src=\"https:\/\/www.youtube.com\/embed\/oD2JEjAMmlc?feature=oembed\" frameborder=\"0\" allow=\"accelerometer; autoplay; clipboard-write; encrypted-media; gyroscope; picture-in-picture; web-share\" allowfullscreen><\/iframe><\/div>\n\t\t<\/div>\n\t<\/div>\n<\/div><\/div><\/div><div class=\"wpb_column vc_column_container vc_col-sm-6\"><div class=\"vc_column-inner\"><div class=\"wpb_wrapper\">\n\t<div class=\"wpb_video_widget wpb_content_element vc_clearfix   vc_video-aspect-ratio-169 vc_video-el-width-100 vc_video-align-left\" >\n\t\t<div class=\"wpb_wrapper\">\n\t\t\t\n\t\t\t<div class=\"wpb_video_wrapper\"><iframe title=\"Architekt Marius Moser \u00fcber Schlossdielen in seinem Privathaus\" width=\"500\" height=\"281\" src=\"https:\/\/www.youtube.com\/embed\/iAr86tnt9dQ?feature=oembed\" frameborder=\"0\" allow=\"accelerometer; autoplay; clipboard-write; encrypted-media; gyroscope; picture-in-picture; web-share\" allowfullscreen><\/iframe><\/div>\n\t\t<\/div>\n\t<\/div>\n<\/div><\/div><\/div><\/div>\n\t<div class=\"wpb_text_column wpb_content_element\" >\n\t\t<div class=\"wpb_wrapper\">\n\t\t\t<h1 style=\"text-align: left;\"><span style=\"font-size: 20px;\">Nussbaum Parkett ge\u00f6lt<\/span><\/h1>\n<p style=\"text-align: left;\">Der Boden wird zum Abschluss auf Wunsch mit \u00d6l oder Wachs versiegelt und so noch dauerhafter und langlebiger.\u00a0\u00dcberzeugen Sie sich mit eigenen Augen von der Wirkung des edlen\u00a0Nussbaum Parketts. In unserer <a title=\"Kombinierte Stein &amp; Parkett Ausstellung in der Villa Schubert\" href=\"https:\/\/schubertstone.com\/unsere-ausstellung-in-wien-das-steinzentrum\/kombinierte-stein-parkett-ausstellung-in-der-villa-schubert\/\">Stein und Holz Ausstellung<\/a> in der <a title=\"Unsere Ausstellung \u2013 Das Steinzentrum\" href=\"https:\/\/schubertstone.com\/unsere-ausstellung-in-wien-das-steinzentrum\/\">Villa Schubert in 1230 Wien, Breitenfurter Stra\u00dfe 249<\/a>, k\u00f6nnen Sie sich eine individuell ausgearbeitete L\u00f6sung erarbeiten lassen.\u00a0Damit wir Ihnen eine kompetente Fachberatung f\u00fcr Ihr Nussbaum Parkett ohne lange Wartezeit garantieren k\u00f6nnen, bitten wir Sie um eine Terminvereinbarung mit unseren Holz- und Steinexperten.<\/p>\n\n\t\t<\/div>\n\t<\/div>\n<section class=\"vc_cta3-container\"><div class=\"vc_general vc_do_cta3 vc_cta3 vc_cta3-style-outline vc_cta3-shape-square vc_cta3-align-left vc_cta3-color-chino vc_cta3-icon-size-md vc_cta3-actions-right\"><div class=\"vc_cta3_content-container\"><div class=\"vc_cta3-content\"><header class=\"vc_cta3-content-header\"><h2>Beratungstermin<\/h2><\/header><p>Vereinbaren Sie jetzt einen Beratungstermin mit unseren Fachberatern.<\/p>\n<\/div><div class=\"vc_cta3-actions\"><div class=\"vc_btn3-container vc_btn3-right vc_do_btn\" ><a class=\"vc_general vc_btn3 vc_btn3-size-md vc_btn3-shape-square vc_btn3-style-flat vc_btn3-color-chino\" href=\"https:\/\/schubertstone.com\/termin\/\" title=\"\" target=\"_blank\">Jetzt Termin vereinbaren<\/a><\/div><\/div><\/div><\/div><\/section><\/div><\/div><\/div><\/div><div class=\"vc_row wpb_row vc_row-fluid\"><div class=\"wpb_column vc_column_container vc_col-sm-12\"><div class=\"vc_column-inner\"><div class=\"wpb_wrapper\"><div class=\"vc_row wpb_row vc_inner vc_row-fluid\"><div class=\"wpb_column vc_column_container vc_col-sm-6 vc_col-has-fill\"><div class=\"vc_column-inner vc_custom_1479977758665\"><div class=\"wpb_wrapper\">\n\t<div class=\"wpb_text_column wpb_content_element\" >\n\t\t<div class=\"wpb_wrapper\">\n\t\t\t<h4><a href=\"https:\/\/schubertstone.com\/unsere-ausstellung-in-wien-das-steinzentrum\/kombinierte-stein-parkett-ausstellung-in-der-villa-schubert\/\">PARKETT- &amp; STEINBODEN-AUSSTELLUNG IN DER VILLA SCHUBERT<\/a><\/h4>\n\n\t\t<\/div>\n\t<\/div>\n\n\t<div  class=\"wpb_single_image wpb_content_element vc_align_left wpb_content_element\">\n\t\t\n\t\t<figure class=\"wpb_wrapper vc_figure\">\n\t\t\t<a href=\"https:\/\/schubertstone.com\/unsere-ausstellung-in-wien-das-steinzentrum\/kombinierte-stein-parkett-ausstellung-in-der-villa-schubert\/\" target=\"_blank\" class=\"vc_single_image-wrapper   vc_box_border_grey\"><img fetchpriority=\"high\" decoding=\"async\" width=\"1280\" height=\"336\" src=\"https:\/\/schubertstone.com\/wp-content\/uploads\/2016\/09\/Villa-Erdgeschoss.jpg\" class=\"vc_single_image-img attachment-full\" alt=\"schubert stone villa\" title=\"villa-erdgeschoss\" srcset=\"https:\/\/schubertstone.com\/wp-content\/uploads\/2016\/09\/Villa-Erdgeschoss.jpg 1280w, https:\/\/schubertstone.com\/wp-content\/uploads\/2016\/09\/Villa-Erdgeschoss-300x79.jpg 300w, https:\/\/schubertstone.com\/wp-content\/uploads\/2016\/09\/Villa-Erdgeschoss-1024x269.jpg 1024w, https:\/\/schubertstone.com\/wp-content\/uploads\/2016\/09\/Villa-Erdgeschoss-768x202.jpg 768w, https:\/\/schubertstone.com\/wp-content\/uploads\/2016\/09\/Villa-Erdgeschoss-18x5.jpg 18w, https:\/\/schubertstone.com\/wp-content\/uploads\/2016\/09\/Villa-Erdgeschoss-650x171.jpg 650w, https:\/\/schubertstone.com\/wp-content\/uploads\/2016\/09\/Villa-Erdgeschoss-600x158.jpg 600w\" sizes=\"(max-width: 1280px) 100vw, 1280px\" \/><\/a>\n\t\t<\/figure>\n\t<\/div>\n<\/div><\/div><\/div><div class=\"wpb_column vc_column_container vc_col-sm-6 vc_col-has-fill\"><div class=\"vc_column-inner vc_custom_1479977787649\"><div class=\"wpb_wrapper\">\n\t<div class=\"wpb_text_column wpb_content_element\" >\n\t\t<div class=\"wpb_wrapper\">\n\t\t\t<h4><a href=\"https:\/\/schubertstone.com\/unsere-ausstellung-in-wien-das-steinzentrum\/unser-stein-licht-showroom-und-beratungszentrum\/\">BERATUNGSZENTRUM MIT STEIN &amp; LICHT \u2013 SHOWROOM<\/a><\/h4>\n\n\t\t<\/div>\n\t<\/div>\n\n\t<div  class=\"wpb_single_image wpb_content_element vc_align_left wpb_content_element\">\n\t\t\n\t\t<figure class=\"wpb_wrapper vc_figure\">\n\t\t\t<a href=\"https:\/\/schubertstone.com\/unsere-ausstellung-in-wien-das-steinzentrum\/unser-stein-licht-showroom-und-beratungszentrum\/\" target=\"_blank\" class=\"vc_single_image-wrapper   vc_box_border_grey\"><img decoding=\"async\" width=\"1280\" height=\"336\" src=\"https:\/\/schubertstone.com\/wp-content\/uploads\/2016\/09\/licht-und-stein-zentrum-beratung-neu.jpg\" class=\"vc_single_image-img attachment-full\" alt=\"Beratung schubert stone licht und steinzentrum\" title=\"licht-und-stein-zentrum-beratung-neu\" srcset=\"https:\/\/schubertstone.com\/wp-content\/uploads\/2016\/09\/licht-und-stein-zentrum-beratung-neu.jpg 1280w, https:\/\/schubertstone.com\/wp-content\/uploads\/2016\/09\/licht-und-stein-zentrum-beratung-neu-300x79.jpg 300w, https:\/\/schubertstone.com\/wp-content\/uploads\/2016\/09\/licht-und-stein-zentrum-beratung-neu-1024x269.jpg 1024w, https:\/\/schubertstone.com\/wp-content\/uploads\/2016\/09\/licht-und-stein-zentrum-beratung-neu-768x202.jpg 768w, https:\/\/schubertstone.com\/wp-content\/uploads\/2016\/09\/licht-und-stein-zentrum-beratung-neu-18x5.jpg 18w, https:\/\/schubertstone.com\/wp-content\/uploads\/2016\/09\/licht-und-stein-zentrum-beratung-neu-650x171.jpg 650w, https:\/\/schubertstone.com\/wp-content\/uploads\/2016\/09\/licht-und-stein-zentrum-beratung-neu-600x158.jpg 600w\" sizes=\"(max-width: 1280px) 100vw, 1280px\" \/><\/a>\n\t\t<\/figure>\n\t<\/div>\n<\/div><\/div><\/div><\/div><\/div><\/div><\/div><\/div>\n<\/div>","protected":false},"excerpt":{"rendered":"Parkett Nussbaum Nussbaum Parkett ist ein edler, robuster Bodenbelag. Parkett Nussbaum wurde in der R\u00f6merzeit an allen Mittelmeerh\u00e4fen verbreitet und gelangte so [...]","protected":false},"author":3,"featured_media":2302,"parent":14529,"menu_order":0,"comment_status":"closed","ping_status":"open","template":"","meta":{"footnotes":""},"class_list":["post-28561","page","type-page","status-publish","has-post-thumbnail","hentry"],"yoast_head":"<!-- This site is optimized with the Yoast SEO Premium plugin v27.3 (Yoast SEO v27.5) - https:\/\/yoast.com\/product\/yoast-seo-premium-wordpress\/ -->\n<title>Parkett Nussbaum - SCHUBERT STONE - Naturstein, Feinsteinzeug, Parkett<\/title>\n<meta name=\"robots\" content=\"index, follow, max-snippet:-1, max-image-preview:large, max-video-preview:-1\" \/>\n<link rel=\"canonical\" href=\"https:\/\/schubertstone.com\/en\/parquet\/parquet-walnut\/\" \/>\n<meta property=\"og:locale\" content=\"en_US\" \/>\n<meta property=\"og:type\" content=\"article\" \/>\n<meta property=\"og:title\" content=\"Parkett Nussbaum\" \/>\n<meta property=\"og:url\" content=\"https:\/\/schubertstone.com\/en\/parquet\/parquet-walnut\/\" \/>\n<meta property=\"og:site_name\" content=\"SCHUBERT STONE - Naturstein, Feinsteinzeug, Parkett\" \/>\n<meta name=\"twitter:card\" content=\"summary_large_image\" \/>\n<meta name=\"twitter:label1\" content=\"Est. reading time\" \/>\n\t<meta name=\"twitter:data1\" content=\"3 minutes\" \/>\n<script type=\"application\/ld+json\" class=\"yoast-schema-graph\">{\"@context\":\"https:\\\/\\\/schema.org\",\"@graph\":[{\"@type\":\"WebPage\",\"@id\":\"https:\\\/\\\/schubertstone.com\\\/parkett\\\/parkett-nussbaum\\\/\",\"url\":\"https:\\\/\\\/schubertstone.com\\\/parkett\\\/parkett-nussbaum\\\/\",\"name\":\"Parkett Nussbaum - SCHUBERT STONE - Naturstein, Feinsteinzeug, Parkett\",\"isPartOf\":{\"@id\":\"https:\\\/\\\/schubertstone.com\\\/#website\"},\"primaryImageOfPage\":{\"@id\":\"https:\\\/\\\/schubertstone.com\\\/parkett\\\/parkett-nussbaum\\\/#primaryimage\"},\"image\":{\"@id\":\"https:\\\/\\\/schubertstone.com\\\/parkett\\\/parkett-nussbaum\\\/#primaryimage\"},\"thumbnailUrl\":\"\",\"datePublished\":\"2015-03-08T18:15:13+00:00\",\"breadcrumb\":{\"@id\":\"https:\\\/\\\/schubertstone.com\\\/parkett\\\/parkett-nussbaum\\\/#breadcrumb\"},\"inLanguage\":\"en-US\",\"potentialAction\":[{\"@type\":\"ReadAction\",\"target\":[\"https:\\\/\\\/schubertstone.com\\\/parkett\\\/parkett-nussbaum\\\/\"]}]},{\"@type\":\"ImageObject\",\"inLanguage\":\"en-US\",\"@id\":\"https:\\\/\\\/schubertstone.com\\\/parkett\\\/parkett-nussbaum\\\/#primaryimage\",\"url\":\"\",\"contentUrl\":\"\"},{\"@type\":\"BreadcrumbList\",\"@id\":\"https:\\\/\\\/schubertstone.com\\\/parkett\\\/parkett-nussbaum\\\/#breadcrumb\",\"itemListElement\":[{\"@type\":\"ListItem\",\"position\":1,\"name\":\"Home\",\"item\":\"https:\\\/\\\/schubertstone.com\\\/\"},{\"@type\":\"ListItem\",\"position\":2,\"name\":\"Parkett\",\"item\":\"https:\\\/\\\/schubertstone.com\\\/parkett\\\/\"},{\"@type\":\"ListItem\",\"position\":3,\"name\":\"Parkett Nussbaum\"}]},{\"@type\":\"WebSite\",\"@id\":\"https:\\\/\\\/schubertstone.com\\\/#website\",\"url\":\"https:\\\/\\\/schubertstone.com\\\/\",\"name\":\"SCHUBERT STONE - Naturstein, Feinsteinzeug, Parkett\",\"description\":\"Edle B\u00f6den &amp; Terrassen f\u00fcr Ihre exklusive Immobilie\",\"potentialAction\":[{\"@type\":\"SearchAction\",\"target\":{\"@type\":\"EntryPoint\",\"urlTemplate\":\"https:\\\/\\\/schubertstone.com\\\/?s={search_term_string}\"},\"query-input\":{\"@type\":\"PropertyValueSpecification\",\"valueRequired\":true,\"valueName\":\"search_term_string\"}}],\"inLanguage\":\"en-US\"}]}<\/script>\n<!-- \/ Yoast SEO Premium plugin. -->","yoast_head_json":{"title":"Walnut parquet - SCHUBERT STONE - Natural stone, fine stoneware, parquet","robots":{"index":"index","follow":"follow","max-snippet":"max-snippet:-1","max-image-preview":"max-image-preview:large","max-video-preview":"max-video-preview:-1"},"canonical":"https:\/\/schubertstone.com\/en\/parquet\/parquet-walnut\/","og_locale":"en_US","og_type":"article","og_title":"Parkett Nussbaum","og_url":"https:\/\/schubertstone.com\/en\/parquet\/parquet-walnut\/","og_site_name":"SCHUBERT STONE - Naturstein, Feinsteinzeug, Parkett","twitter_card":"summary_large_image","twitter_misc":{"Est. reading time":"3 minutes"},"schema":{"@context":"https:\/\/schema.org","@graph":[{"@type":"WebPage","@id":"https:\/\/schubertstone.com\/parkett\/parkett-nussbaum\/","url":"https:\/\/schubertstone.com\/parkett\/parkett-nussbaum\/","name":"Walnut parquet - SCHUBERT STONE - Natural stone, fine stoneware, parquet","isPartOf":{"@id":"https:\/\/schubertstone.com\/#website"},"primaryImageOfPage":{"@id":"https:\/\/schubertstone.com\/parkett\/parkett-nussbaum\/#primaryimage"},"image":{"@id":"https:\/\/schubertstone.com\/parkett\/parkett-nussbaum\/#primaryimage"},"thumbnailUrl":"","datePublished":"2015-03-08T18:15:13+00:00","breadcrumb":{"@id":"https:\/\/schubertstone.com\/parkett\/parkett-nussbaum\/#breadcrumb"},"inLanguage":"en-US","potentialAction":[{"@type":"ReadAction","target":["https:\/\/schubertstone.com\/parkett\/parkett-nussbaum\/"]}]},{"@type":"ImageObject","inLanguage":"en-US","@id":"https:\/\/schubertstone.com\/parkett\/parkett-nussbaum\/#primaryimage","url":"","contentUrl":""},{"@type":"BreadcrumbList","@id":"https:\/\/schubertstone.com\/parkett\/parkett-nussbaum\/#breadcrumb","itemListElement":[{"@type":"ListItem","position":1,"name":"Home","item":"https:\/\/schubertstone.com\/"},{"@type":"ListItem","position":2,"name":"Parkett","item":"https:\/\/schubertstone.com\/parkett\/"},{"@type":"ListItem","position":3,"name":"Parkett Nussbaum"}]},{"@type":"WebSite","@id":"https:\/\/schubertstone.com\/#website","url":"https:\/\/schubertstone.com\/","name":"SCHUBERT STONE - Natural stone, porcelain stoneware, parquet","description":"Fine floors &amp; terraces for your exclusive property","potentialAction":[{"@type":"SearchAction","target":{"@type":"EntryPoint","urlTemplate":"https:\/\/schubertstone.com\/?s={search_term_string}"},"query-input":{"@type":"PropertyValueSpecification","valueRequired":true,"valueName":"search_term_string"}}],"inLanguage":"en-US"}]}},"_links":{"self":[{"href":"https:\/\/schubertstone.com\/en\/wp-json\/wp\/v2\/pages\/28561","targetHints":{"allow":["GET"]}}],"collection":[{"href":"https:\/\/schubertstone.com\/en\/wp-json\/wp\/v2\/pages"}],"about":[{"href":"https:\/\/schubertstone.com\/en\/wp-json\/wp\/v2\/types\/page"}],"author":[{"embeddable":true,"href":"https:\/\/schubertstone.com\/en\/wp-json\/wp\/v2\/users\/3"}],"replies":[{"embeddable":true,"href":"https:\/\/schubertstone.com\/en\/wp-json\/wp\/v2\/comments?post=28561"}],"version-history":[{"count":0,"href":"https:\/\/schubertstone.com\/en\/wp-json\/wp\/v2\/pages\/28561\/revisions"}],"up":[{"embeddable":true,"href":"https:\/\/schubertstone.com\/en\/wp-json\/wp\/v2\/pages\/14529"}],"wp:featuredmedia":[{"embeddable":true,"href":"https:\/\/schubertstone.com\/en\/wp-json\/"}],"wp:attachment":[{"href":"https:\/\/schubertstone.com\/en\/wp-json\/wp\/v2\/media?parent=28561"}],"curies":[{"name":"wp","href":"https:\/\/api.w.org\/{rel}","templated":true}]}}