{"id":28569,"date":"2015-03-09T15:10:50","date_gmt":"2015-03-09T13:10:50","guid":{"rendered":"http:\/\/slidebird.wpengine.com\/?page_id=2012"},"modified":"2015-03-09T15:10:50","modified_gmt":"2015-03-09T13:10:50","slug":"terracotta","status":"publish","type":"page","link":"https:\/\/schubertstone.com\/en\/feinsteinzeug-technostein\/terracotta\/","title":{"rendered":"Terracotta"},"content":{"rendered":"<div class=\"wpb-content-wrapper\"><div class=\"vc_row wpb_row vc_row-fluid\"><div class=\"wpb_column vc_column_container vc_col-sm-12\"><div class=\"vc_column-inner\"><div class=\"wpb_wrapper\">\n\t<div class=\"wpb_text_column wpb_content_element\" >\n\t\t<div class=\"wpb_wrapper\">\n\t\t\t<div id=\"Headline\">\n<h1>Terracotta<\/h1>\n<\/div>\n\n\t\t<\/div>\n\t<\/div>\n\n\t<div class=\"wpb_text_column wpb_content_element\" >\n\t\t<div class=\"wpb_wrapper\">\n\t\t\t<div id=\"Headline\">\n<p style=\"text-align: justify;\">Terracotta Fliesen eignen sich durch ihre Eigenschaften ideal f\u00fcr Ihren Wintergarten oder Ihren Vorraum.<\/p>\n<\/div>\n<p style=\"text-align: justify;\">Mit unterschiedlichsten Designbeispielen wollen wir Ihnen verschiedene M\u00f6glichkeiten zeigen, wie Sie Ihren Wohnraum ganz individuell mit Terracotta Fliesen gestalten k\u00f6nnen. Dies ist eine Vorauswahl einiger Highlights auf unserer Website. Wesentlich mehr Auswahl an Produkten \u00a0rund um Terracotta finden Sie in unserem\u00a0<a title=\"Unsere Ausstellung \u2013 Das Steinzentrum\" href=\"https:\/\/schubertstone.com\/unsere-ausstellung-in-wien-das-steinzentrum\/\">Steinzentrum in Wien<\/a> auf gro\u00dfz\u00fcgig pr\u00e4sentierten Fl\u00e4chen.<\/p>\n\n\t\t<\/div>\n\t<\/div>\n<div class=\"wpb_gallery wpb_content_element vc_clearfix wpb_content_element\" ><div class=\"wpb_wrapper\"><div class=\"wpb_gallery_slides wpb_flexslider flexslider_fade flexslider\" data-interval=\"5\" data-flex_fx=\"fade\"><ul class=\"slides\"><li><a class=\"\" href=\"\" data-lightbox=\"lightbox[rel-28569-1088081821]\"><\/a><\/li><li><a class=\"\" href=\"\" data-lightbox=\"lightbox[rel-28569-1088081821]\"><\/a><\/li><\/ul><\/div><\/div><\/div><section class=\"vc_cta3-container\"><div class=\"vc_general vc_do_cta3 vc_cta3 vc_cta3-style-outline vc_cta3-shape-square vc_cta3-align-left vc_cta3-color-chino vc_cta3-icon-size-md vc_cta3-actions-right\"><div class=\"vc_cta3_content-container\"><div class=\"vc_cta3-content\"><header class=\"vc_cta3-content-header\"><h2>Beratungstermin<\/h2><\/header><p>Vereinbaren Sie jetzt einen Beratungstermin mit unseren Fachberatern.<\/p>\n<\/div><div class=\"vc_cta3-actions\"><div class=\"vc_btn3-container vc_btn3-right vc_do_btn\" ><a class=\"vc_general vc_btn3 vc_btn3-size-md vc_btn3-shape-square vc_btn3-style-flat vc_btn3-color-chino\" href=\"https:\/\/schubertstone.com\/termin\/\" title=\"\" target=\"_blank\">Jetzt Termin vereinbaren<\/a><\/div><\/div><\/div><\/div><\/section><\/div><\/div><\/div><\/div><div class=\"vc_row wpb_row vc_row-fluid\"><div class=\"wpb_column vc_column_container vc_col-sm-12\"><div class=\"vc_column-inner\"><div class=\"wpb_wrapper\"><div class=\"vc_row wpb_row vc_inner vc_row-fluid\"><div class=\"wpb_column vc_column_container vc_col-sm-12 vc_col-has-fill\"><div class=\"vc_column-inner vc_custom_1479908602331\"><div class=\"wpb_wrapper\">\n\t<div class=\"wpb_text_column wpb_content_element\" >\n\t\t<div class=\"wpb_wrapper\">\n\t\t\t<h4><a href=\"https:\/\/schubertstone.com\/unsere-ausstellung-in-wien-das-steinzentrum\/kombinierte-stein-parkett-ausstellung-in-der-villa-schubert\/\">KOMBINIERTE PARKETT- &amp; STEINBODEN-AUSSTELLUNG IN DER VILLA SCHUBERT<\/a><\/h4>\n\n\t\t<\/div>\n\t<\/div>\n\n\t<div  class=\"wpb_single_image wpb_content_element vc_align_left wpb_content_element\">\n\t\t\n\t\t<figure class=\"wpb_wrapper vc_figure\">\n\t\t\t<a href=\"https:\/\/schubertstone.com\/unsere-ausstellung-in-wien-das-steinzentrum\/kombinierte-stein-parkett-ausstellung-in-der-villa-schubert\/\" target=\"_blank\" class=\"vc_single_image-wrapper   vc_box_border_grey\"><img fetchpriority=\"high\" decoding=\"async\" width=\"1280\" height=\"336\" src=\"https:\/\/schubertstone.com\/wp-content\/uploads\/2016\/09\/villa-kellergeschoss-neu.jpg\" class=\"vc_single_image-img attachment-full\" alt=\"Villa Schubert Keller\" title=\"villa-kellergeschoss-neu\" srcset=\"https:\/\/schubertstone.com\/wp-content\/uploads\/2016\/09\/villa-kellergeschoss-neu.jpg 1280w, https:\/\/schubertstone.com\/wp-content\/uploads\/2016\/09\/villa-kellergeschoss-neu-300x79.jpg 300w, https:\/\/schubertstone.com\/wp-content\/uploads\/2016\/09\/villa-kellergeschoss-neu-1024x269.jpg 1024w, https:\/\/schubertstone.com\/wp-content\/uploads\/2016\/09\/villa-kellergeschoss-neu-768x202.jpg 768w, https:\/\/schubertstone.com\/wp-content\/uploads\/2016\/09\/villa-kellergeschoss-neu-18x5.jpg 18w, https:\/\/schubertstone.com\/wp-content\/uploads\/2016\/09\/villa-kellergeschoss-neu-650x171.jpg 650w, https:\/\/schubertstone.com\/wp-content\/uploads\/2016\/09\/villa-kellergeschoss-neu-600x158.jpg 600w\" sizes=\"(max-width: 1280px) 100vw, 1280px\" \/><\/a>\n\t\t<\/figure>\n\t<\/div>\n<\/div><\/div><\/div><\/div><\/div><\/div><\/div><\/div>\n<\/div>","protected":false},"excerpt":{"rendered":"Terracotta Terracotta Fliesen eignen sich durch ihre Eigenschaften ideal f\u00fcr Ihren Wintergarten oder Ihren Vorraum. Mit unterschiedlichsten Designbeispielen wollen wir Ihnen verschiedene [...]","protected":false},"author":3,"featured_media":2365,"parent":14528,"menu_order":0,"comment_status":"closed","ping_status":"open","template":"","meta":{"footnotes":""},"class_list":["post-28569","page","type-page","status-publish","has-post-thumbnail","hentry"],"yoast_head":"<!-- This site is optimized with the Yoast SEO Premium plugin v27.3 (Yoast SEO v27.5) - https:\/\/yoast.com\/product\/yoast-seo-premium-wordpress\/ -->\n<title>Terracotta - SCHUBERT STONE - Naturstein, Feinsteinzeug, Parkett<\/title>\n<meta name=\"robots\" content=\"index, follow, max-snippet:-1, max-image-preview:large, max-video-preview:-1\" \/>\n<link rel=\"canonical\" href=\"https:\/\/schubertstone.com\/en\/porcelain-stoneware-techno-stone\/terracotta\/\" \/>\n<meta property=\"og:locale\" content=\"en_US\" \/>\n<meta property=\"og:type\" content=\"article\" \/>\n<meta property=\"og:title\" content=\"Terracotta\" \/>\n<meta property=\"og:url\" content=\"https:\/\/schubertstone.com\/en\/porcelain-stoneware-techno-stone\/terracotta\/\" \/>\n<meta property=\"og:site_name\" content=\"SCHUBERT STONE - Naturstein, Feinsteinzeug, Parkett\" \/>\n<meta name=\"twitter:card\" content=\"summary_large_image\" \/>\n<meta name=\"twitter:label1\" content=\"Est. reading time\" \/>\n\t<meta name=\"twitter:data1\" content=\"1 minute\" \/>\n<script type=\"application\/ld+json\" class=\"yoast-schema-graph\">{\"@context\":\"https:\\\/\\\/schema.org\",\"@graph\":[{\"@type\":\"WebPage\",\"@id\":\"https:\\\/\\\/schubertstone.com\\\/feinsteinzeug-technostein\\\/terracotta\\\/\",\"url\":\"https:\\\/\\\/schubertstone.com\\\/feinsteinzeug-technostein\\\/terracotta\\\/\",\"name\":\"Terracotta - SCHUBERT STONE - Naturstein, Feinsteinzeug, Parkett\",\"isPartOf\":{\"@id\":\"https:\\\/\\\/schubertstone.com\\\/#website\"},\"primaryImageOfPage\":{\"@id\":\"https:\\\/\\\/schubertstone.com\\\/feinsteinzeug-technostein\\\/terracotta\\\/#primaryimage\"},\"image\":{\"@id\":\"https:\\\/\\\/schubertstone.com\\\/feinsteinzeug-technostein\\\/terracotta\\\/#primaryimage\"},\"thumbnailUrl\":\"\",\"datePublished\":\"2015-03-09T13:10:50+00:00\",\"breadcrumb\":{\"@id\":\"https:\\\/\\\/schubertstone.com\\\/feinsteinzeug-technostein\\\/terracotta\\\/#breadcrumb\"},\"inLanguage\":\"en-US\",\"potentialAction\":[{\"@type\":\"ReadAction\",\"target\":[\"https:\\\/\\\/schubertstone.com\\\/feinsteinzeug-technostein\\\/terracotta\\\/\"]}]},{\"@type\":\"ImageObject\",\"inLanguage\":\"en-US\",\"@id\":\"https:\\\/\\\/schubertstone.com\\\/feinsteinzeug-technostein\\\/terracotta\\\/#primaryimage\",\"url\":\"\",\"contentUrl\":\"\"},{\"@type\":\"BreadcrumbList\",\"@id\":\"https:\\\/\\\/schubertstone.com\\\/feinsteinzeug-technostein\\\/terracotta\\\/#breadcrumb\",\"itemListElement\":[{\"@type\":\"ListItem\",\"position\":1,\"name\":\"Home\",\"item\":\"https:\\\/\\\/schubertstone.com\\\/\"},{\"@type\":\"ListItem\",\"position\":2,\"name\":\"Feinsteinzeug &#8211; Technostein\",\"item\":\"https:\\\/\\\/schubertstone.com\\\/feinsteinzeug-technostein\\\/\"},{\"@type\":\"ListItem\",\"position\":3,\"name\":\"Terracotta\"}]},{\"@type\":\"WebSite\",\"@id\":\"https:\\\/\\\/schubertstone.com\\\/#website\",\"url\":\"https:\\\/\\\/schubertstone.com\\\/\",\"name\":\"SCHUBERT STONE - Naturstein, Feinsteinzeug, Parkett\",\"description\":\"Edle B\u00f6den &amp; Terrassen f\u00fcr Ihre exklusive Immobilie\",\"potentialAction\":[{\"@type\":\"SearchAction\",\"target\":{\"@type\":\"EntryPoint\",\"urlTemplate\":\"https:\\\/\\\/schubertstone.com\\\/?s={search_term_string}\"},\"query-input\":{\"@type\":\"PropertyValueSpecification\",\"valueRequired\":true,\"valueName\":\"search_term_string\"}}],\"inLanguage\":\"en-US\"}]}<\/script>\n<!-- \/ Yoast SEO Premium plugin. -->","yoast_head_json":{"title":"Terracotta - SCHUBERT STONE - Natural stone, porcelain stoneware, parquet","robots":{"index":"index","follow":"follow","max-snippet":"max-snippet:-1","max-image-preview":"max-image-preview:large","max-video-preview":"max-video-preview:-1"},"canonical":"https:\/\/schubertstone.com\/en\/porcelain-stoneware-techno-stone\/terracotta\/","og_locale":"en_US","og_type":"article","og_title":"Terracotta","og_url":"https:\/\/schubertstone.com\/en\/porcelain-stoneware-techno-stone\/terracotta\/","og_site_name":"SCHUBERT STONE - Naturstein, Feinsteinzeug, Parkett","twitter_card":"summary_large_image","twitter_misc":{"Est. reading time":"1 minute"},"schema":{"@context":"https:\/\/schema.org","@graph":[{"@type":"WebPage","@id":"https:\/\/schubertstone.com\/feinsteinzeug-technostein\/terracotta\/","url":"https:\/\/schubertstone.com\/feinsteinzeug-technostein\/terracotta\/","name":"Terracotta - SCHUBERT STONE - Natural stone, porcelain stoneware, parquet","isPartOf":{"@id":"https:\/\/schubertstone.com\/#website"},"primaryImageOfPage":{"@id":"https:\/\/schubertstone.com\/feinsteinzeug-technostein\/terracotta\/#primaryimage"},"image":{"@id":"https:\/\/schubertstone.com\/feinsteinzeug-technostein\/terracotta\/#primaryimage"},"thumbnailUrl":"","datePublished":"2015-03-09T13:10:50+00:00","breadcrumb":{"@id":"https:\/\/schubertstone.com\/feinsteinzeug-technostein\/terracotta\/#breadcrumb"},"inLanguage":"en-US","potentialAction":[{"@type":"ReadAction","target":["https:\/\/schubertstone.com\/feinsteinzeug-technostein\/terracotta\/"]}]},{"@type":"ImageObject","inLanguage":"en-US","@id":"https:\/\/schubertstone.com\/feinsteinzeug-technostein\/terracotta\/#primaryimage","url":"","contentUrl":""},{"@type":"BreadcrumbList","@id":"https:\/\/schubertstone.com\/feinsteinzeug-technostein\/terracotta\/#breadcrumb","itemListElement":[{"@type":"ListItem","position":1,"name":"Home","item":"https:\/\/schubertstone.com\/"},{"@type":"ListItem","position":2,"name":"Feinsteinzeug &#8211; Technostein","item":"https:\/\/schubertstone.com\/feinsteinzeug-technostein\/"},{"@type":"ListItem","position":3,"name":"Terracotta"}]},{"@type":"WebSite","@id":"https:\/\/schubertstone.com\/#website","url":"https:\/\/schubertstone.com\/","name":"SCHUBERT STONE - Natural stone, porcelain stoneware, parquet","description":"Fine floors &amp; terraces for your exclusive property","potentialAction":[{"@type":"SearchAction","target":{"@type":"EntryPoint","urlTemplate":"https:\/\/schubertstone.com\/?s={search_term_string}"},"query-input":{"@type":"PropertyValueSpecification","valueRequired":true,"valueName":"search_term_string"}}],"inLanguage":"en-US"}]}},"_links":{"self":[{"href":"https:\/\/schubertstone.com\/en\/wp-json\/wp\/v2\/pages\/28569","targetHints":{"allow":["GET"]}}],"collection":[{"href":"https:\/\/schubertstone.com\/en\/wp-json\/wp\/v2\/pages"}],"about":[{"href":"https:\/\/schubertstone.com\/en\/wp-json\/wp\/v2\/types\/page"}],"author":[{"embeddable":true,"href":"https:\/\/schubertstone.com\/en\/wp-json\/wp\/v2\/users\/3"}],"replies":[{"embeddable":true,"href":"https:\/\/schubertstone.com\/en\/wp-json\/wp\/v2\/comments?post=28569"}],"version-history":[{"count":0,"href":"https:\/\/schubertstone.com\/en\/wp-json\/wp\/v2\/pages\/28569\/revisions"}],"up":[{"embeddable":true,"href":"https:\/\/schubertstone.com\/en\/wp-json\/wp\/v2\/pages\/14528"}],"wp:featuredmedia":[{"embeddable":true,"href":"https:\/\/schubertstone.com\/en\/wp-json\/"}],"wp:attachment":[{"href":"https:\/\/schubertstone.com\/en\/wp-json\/wp\/v2\/media?parent=28569"}],"curies":[{"name":"wp","href":"https:\/\/api.w.org\/{rel}","templated":true}]}}