{"id":28581,"date":"2015-03-16T15:22:20","date_gmt":"2015-03-16T13:22:20","guid":{"rendered":"http:\/\/slidebird.wpengine.com\/?page_id=2720"},"modified":"2025-04-11T12:01:20","modified_gmt":"2025-04-11T10:01:20","slug":"walls","status":"publish","type":"page","link":"https:\/\/schubertstone.com\/en\/naturstein\/waende\/","title":{"rendered":"Stone walls"},"content":{"rendered":"<div class=\"wpb-content-wrapper\"><div class=\"vc_row wpb_row vc_row-fluid\"><div class=\"wpb_column vc_column_container vc_col-sm-12\"><div class=\"vc_column-inner\"><div class=\"wpb_wrapper\">\n\t<div class=\"wpb_text_column wpb_content_element\" >\n\t\t<div class=\"wpb_wrapper\">\n\t\t\t<h1>Steinwand aus Naturstein<\/h1>\n\n\t\t<\/div>\n\t<\/div>\n\n\t<div class=\"wpb_text_column wpb_content_element\" >\n\t\t<div class=\"wpb_wrapper\">\n\t\t\t<p><span style=\"font-size: 16px;\">Eine Steinwand verleiht jedem Raum eine au\u00dfergew\u00f6hnliche Atmosph\u00e4re.<\/span><\/p>\n<p><span style=\"font-size: 16px;\">Sie k\u00f6nnen einen gesamten Raum, etwa ein <a title=\"Luxusb\u00e4der\" href=\"https:\/\/schubertstone.com\/stein-anwendungen\/luxusbaeder\/\">Luxusbadezimmer<\/a>, mit W\u00e4nden aus Stein gestalten. Ebenso k\u00f6nnen Sie eine einzelne Steinwand als Blickfang im Wohnbereich gezielt einsetzen. Wir haben hier verschiedene Wandverkleidungen f\u00fcr sie im \u00dcberblick. In unserem Steinzentrum in Wien k\u00f6nnen Sie alle Steinw\u00e4nde pers\u00f6nlich erblicken und ertasten.<\/span><\/p>\n\n\t\t<\/div>\n\t<\/div>\n<div class=\"wpb_gallery wpb_content_element vc_clearfix wpb_content_element\" ><div class=\"wpb_wrapper\"><div class=\"wpb_gallery_slides wpb_flexslider flexslider_slide flexslider\" data-interval=\"5\" data-flex_fx=\"slide\"><ul class=\"slides\"><li><a class=\"\"  href=\"https:\/\/schubertstone.com\/wp-content\/uploads\/2025\/03\/Badezimmer-mit-Travertin-am-Boden-und-an-der-Wand.jpg\" data-rel=\"lightbox-gallery-bGlnaHRib3gtZ2FsbGVyeS0w\" data-rl_title=\"\" data-rl_caption=\"\" data-rl_title=\"\" data-rl_caption=\"\" data-lightbox=\"lightbox[rel-28581-3349529604]\"><img fetchpriority=\"high\" decoding=\"async\" width=\"1000\" height=\"667\" src=\"https:\/\/schubertstone.com\/wp-content\/uploads\/2025\/03\/Badezimmer-mit-Travertin-am-Boden-und-an-der-Wand.jpg\" class=\"attachment-large\" alt=\"\" title=\"\" \/><\/a><\/li><li><a class=\"\"  href=\"https:\/\/schubertstone.com\/wp-content\/uploads\/2020\/09\/Hollywood-Villa-in-Wien-mit-Naturstein-von-SCHUBERT-STONE-20-1024x681.jpg\" data-rel=\"lightbox-gallery-bGlnaHRib3gtZ2FsbGVyeS0w\" data-rl_title=\"\" data-rl_caption=\"\" data-rl_title=\"\" data-rl_caption=\"\" data-lightbox=\"lightbox[rel-28581-3349529604]\"><img decoding=\"async\" width=\"1000\" height=\"665\" src=\"https:\/\/schubertstone.com\/wp-content\/uploads\/2020\/09\/Hollywood-Villa-in-Wien-mit-Naturstein-von-SCHUBERT-STONE-20-1024x681.jpg\" class=\"attachment-large\" alt=\"\" title=\"\" srcset=\"https:\/\/schubertstone.com\/wp-content\/uploads\/2020\/09\/Hollywood-Villa-in-Wien-mit-Naturstein-von-SCHUBERT-STONE-20-1024x681.jpg 1024w, https:\/\/schubertstone.com\/wp-content\/uploads\/2020\/09\/Hollywood-Villa-in-Wien-mit-Naturstein-von-SCHUBERT-STONE-20-300x200.jpg 300w, https:\/\/schubertstone.com\/wp-content\/uploads\/2020\/09\/Hollywood-Villa-in-Wien-mit-Naturstein-von-SCHUBERT-STONE-20-768x511.jpg 768w, https:\/\/schubertstone.com\/wp-content\/uploads\/2020\/09\/Hollywood-Villa-in-Wien-mit-Naturstein-von-SCHUBERT-STONE-20-18x12.jpg 18w, https:\/\/schubertstone.com\/wp-content\/uploads\/2020\/09\/Hollywood-Villa-in-Wien-mit-Naturstein-von-SCHUBERT-STONE-20-650x432.jpg 650w, https:\/\/schubertstone.com\/wp-content\/uploads\/2020\/09\/Hollywood-Villa-in-Wien-mit-Naturstein-von-SCHUBERT-STONE-20-600x399.webp 600w, https:\/\/schubertstone.com\/wp-content\/uploads\/2020\/09\/Hollywood-Villa-in-Wien-mit-Naturstein-von-SCHUBERT-STONE-20.jpg 1200w\" sizes=\"(max-width: 1000px) 100vw, 1000px\" \/><\/a><\/li><li><a class=\"\"  href=\"https:\/\/schubertstone.com\/wp-content\/uploads\/2015\/03\/gr-design-lithos-wien-w900-h639.jpg\" data-rel=\"lightbox-gallery-bGlnaHRib3gtZ2FsbGVyeS0w\" data-rl_title=\"gr-design-lithos-wien-w900-h639\" data-rl_caption=\"\" data-rl_title=\"gr-design-lithos-wien-w900-h639\" data-rl_caption=\"\" data-lightbox=\"lightbox[rel-28581-3349529604]\"><img decoding=\"async\" width=\"900\" height=\"639\" src=\"https:\/\/schubertstone.com\/wp-content\/uploads\/2015\/03\/gr-design-lithos-wien-w900-h639.jpg\" class=\"attachment-large\" alt=\"Design Lithos Wien\" title=\"gr-design-lithos-wien-w900-h639\" srcset=\"https:\/\/schubertstone.com\/wp-content\/uploads\/2015\/03\/gr-design-lithos-wien-w900-h639.jpg 900w, https:\/\/schubertstone.com\/wp-content\/uploads\/2015\/03\/gr-design-lithos-wien-w900-h639-300x213.jpg 300w, https:\/\/schubertstone.com\/wp-content\/uploads\/2015\/03\/gr-design-lithos-wien-w900-h639-768x545.jpg 768w, https:\/\/schubertstone.com\/wp-content\/uploads\/2015\/03\/gr-design-lithos-wien-w900-h639-650x462.jpg 650w, https:\/\/schubertstone.com\/wp-content\/uploads\/2015\/03\/gr-design-lithos-wien-w900-h639-600x426.jpg 600w\" sizes=\"(max-width: 900px) 100vw, 900px\" \/><\/a><\/li><li><a class=\"\"  href=\"https:\/\/schubertstone.com\/wp-content\/uploads\/2015\/03\/gr-design-lithos-w900-h639.jpg\" data-rel=\"lightbox-gallery-bGlnaHRib3gtZ2FsbGVyeS0w\" data-rl_title=\"gr-design-lithos-w900-h639\" data-rl_caption=\"\" data-rl_title=\"gr-design-lithos-w900-h639\" data-rl_caption=\"\" data-lightbox=\"lightbox[rel-28581-3349529604]\"><img loading=\"lazy\" decoding=\"async\" width=\"900\" height=\"639\" src=\"https:\/\/schubertstone.com\/wp-content\/uploads\/2015\/03\/gr-design-lithos-w900-h639.jpg\" class=\"attachment-large\" alt=\"Design Lithos Wien 2\" title=\"gr-design-lithos-w900-h639\" srcset=\"https:\/\/schubertstone.com\/wp-content\/uploads\/2015\/03\/gr-design-lithos-w900-h639.jpg 900w, https:\/\/schubertstone.com\/wp-content\/uploads\/2015\/03\/gr-design-lithos-w900-h639-300x213.jpg 300w, https:\/\/schubertstone.com\/wp-content\/uploads\/2015\/03\/gr-design-lithos-w900-h639-768x545.jpg 768w, https:\/\/schubertstone.com\/wp-content\/uploads\/2015\/03\/gr-design-lithos-w900-h639-650x462.jpg 650w, https:\/\/schubertstone.com\/wp-content\/uploads\/2015\/03\/gr-design-lithos-w900-h639-600x426.jpg 600w\" sizes=\"(max-width: 900px) 100vw, 900px\" \/><\/a><\/li><\/ul><\/div><\/div><\/div>\n\t<div class=\"wpb_text_column wpb_content_element\" >\n\t\t<div class=\"wpb_wrapper\">\n\t\t\t<p style=\"text-align: left;\"><span style=\"font-size: 16px;\">Die Anwendungsm\u00f6glichkeiten f\u00fcr Natursteinw\u00e4nde sind vielf\u00e4ltig:\u00a0W\u00e4nde aus Naturstein wie etwa <a title=\"Marmor\" href=\"https:\/\/schubertstone.com\/naturstein\/marmor\/\">Marmor<\/a> oder <a title=\"Kalkstein\" href=\"https:\/\/schubertstone.com\/kalkstein\/\">Kalkstein<\/a> f\u00fcr das Badezimmer, eine Steinwand innen als Blickfang f\u00fcr Executive\u00a0Office oder Gesch\u00e4ftslokal &#8211; Sie k\u00f6nnen Ihrer Fantasie freien Lauf lassen.<\/span><\/p>\n\n\t\t<\/div>\n\t<\/div>\n<div class=\"wpb_gallery wpb_content_element vc_clearfix wpb_content_element\" ><div class=\"wpb_wrapper\"><div class=\"wpb_gallery_slides wpb_flexslider flexslider_slide flexslider\" data-interval=\"5\" data-flex_fx=\"slide\"><ul class=\"slides\"><li><a class=\"\"  href=\"https:\/\/schubertstone.com\/wp-content\/uploads\/2020\/09\/Hollywood-Villa-in-Wien-mit-Naturstein-von-SCHUBERT-STONE-41-1024x681.jpg\" data-rel=\"lightbox-gallery-bGlnaHRib3gtZ2FsbGVyeS0w\" data-rl_title=\"\" data-rl_caption=\"\" data-rl_title=\"\" data-rl_caption=\"\" data-lightbox=\"lightbox[rel-28581-2816600286]\"><img loading=\"lazy\" decoding=\"async\" width=\"1000\" height=\"665\" src=\"https:\/\/schubertstone.com\/wp-content\/uploads\/2020\/09\/Hollywood-Villa-in-Wien-mit-Naturstein-von-SCHUBERT-STONE-41-1024x681.jpg\" class=\"attachment-large\" alt=\"Badezimmer mit Dusche aus Naturstein\" title=\"\" srcset=\"https:\/\/schubertstone.com\/wp-content\/uploads\/2020\/09\/Hollywood-Villa-in-Wien-mit-Naturstein-von-SCHUBERT-STONE-41-1024x681.jpg 1024w, https:\/\/schubertstone.com\/wp-content\/uploads\/2020\/09\/Hollywood-Villa-in-Wien-mit-Naturstein-von-SCHUBERT-STONE-41-300x200.jpg 300w, https:\/\/schubertstone.com\/wp-content\/uploads\/2020\/09\/Hollywood-Villa-in-Wien-mit-Naturstein-von-SCHUBERT-STONE-41-768x511.jpg 768w, https:\/\/schubertstone.com\/wp-content\/uploads\/2020\/09\/Hollywood-Villa-in-Wien-mit-Naturstein-von-SCHUBERT-STONE-41-18x12.jpg 18w, https:\/\/schubertstone.com\/wp-content\/uploads\/2020\/09\/Hollywood-Villa-in-Wien-mit-Naturstein-von-SCHUBERT-STONE-41-650x432.jpg 650w, https:\/\/schubertstone.com\/wp-content\/uploads\/2020\/09\/Hollywood-Villa-in-Wien-mit-Naturstein-von-SCHUBERT-STONE-41-600x399.webp 600w, https:\/\/schubertstone.com\/wp-content\/uploads\/2020\/09\/Hollywood-Villa-in-Wien-mit-Naturstein-von-SCHUBERT-STONE-41.jpg 1200w\" sizes=\"(max-width: 1000px) 100vw, 1000px\" \/><\/a><\/li><li><a class=\"\"  href=\"https:\/\/schubertstone.com\/wp-content\/uploads\/2020\/09\/Hollywood-Villa-in-Wien-mit-Naturstein-von-SCHUBERT-STONE-17-1024x681.jpg\" data-rel=\"lightbox-gallery-bGlnaHRib3gtZ2FsbGVyeS0w\" data-rl_title=\"\" data-rl_caption=\"\" data-rl_title=\"\" data-rl_caption=\"\" data-lightbox=\"lightbox[rel-28581-2816600286]\"><img loading=\"lazy\" decoding=\"async\" width=\"1000\" height=\"665\" src=\"https:\/\/schubertstone.com\/wp-content\/uploads\/2020\/09\/Hollywood-Villa-in-Wien-mit-Naturstein-von-SCHUBERT-STONE-17-1024x681.jpg\" class=\"attachment-large\" alt=\"\" title=\"\" srcset=\"https:\/\/schubertstone.com\/wp-content\/uploads\/2020\/09\/Hollywood-Villa-in-Wien-mit-Naturstein-von-SCHUBERT-STONE-17-1024x681.jpg 1024w, https:\/\/schubertstone.com\/wp-content\/uploads\/2020\/09\/Hollywood-Villa-in-Wien-mit-Naturstein-von-SCHUBERT-STONE-17-300x200.jpg 300w, https:\/\/schubertstone.com\/wp-content\/uploads\/2020\/09\/Hollywood-Villa-in-Wien-mit-Naturstein-von-SCHUBERT-STONE-17-768x511.jpg 768w, https:\/\/schubertstone.com\/wp-content\/uploads\/2020\/09\/Hollywood-Villa-in-Wien-mit-Naturstein-von-SCHUBERT-STONE-17-18x12.jpg 18w, https:\/\/schubertstone.com\/wp-content\/uploads\/2020\/09\/Hollywood-Villa-in-Wien-mit-Naturstein-von-SCHUBERT-STONE-17-650x432.jpg 650w, https:\/\/schubertstone.com\/wp-content\/uploads\/2020\/09\/Hollywood-Villa-in-Wien-mit-Naturstein-von-SCHUBERT-STONE-17-600x399.webp 600w, https:\/\/schubertstone.com\/wp-content\/uploads\/2020\/09\/Hollywood-Villa-in-Wien-mit-Naturstein-von-SCHUBERT-STONE-17.jpg 1200w\" sizes=\"(max-width: 1000px) 100vw, 1000px\" \/><\/a><\/li><li><a class=\"\"  href=\"https:\/\/schubertstone.com\/wp-content\/uploads\/2025\/03\/Luxus-Palaiswohnung-in-Wien-mit-Naturstein-Badezimmer-aus-Marmor-9.jpg\" data-rel=\"lightbox-gallery-bGlnaHRib3gtZ2FsbGVyeS0w\" data-rl_title=\"Luxus Palaiswohnung in Wien mit Naturstein Badezimmer aus Marmor-9\" data-rl_caption=\"\" data-rl_title=\"Luxus Palaiswohnung in Wien mit Naturstein Badezimmer aus Marmor-9\" data-rl_caption=\"\" data-lightbox=\"lightbox[rel-28581-2816600286]\"><img loading=\"lazy\" decoding=\"async\" width=\"1000\" height=\"667\" src=\"https:\/\/schubertstone.com\/wp-content\/uploads\/2025\/03\/Luxus-Palaiswohnung-in-Wien-mit-Naturstein-Badezimmer-aus-Marmor-9.jpg\" class=\"attachment-large\" alt=\"\" title=\"Luxus Palaiswohnung in Wien mit Naturstein Badezimmer aus Marmor-9\" \/><\/a><\/li><li><a class=\"\"  href=\"https:\/\/schubertstone.com\/wp-content\/uploads\/2025\/03\/Luxus-Palaiswohnung-in-Wien-mit-Naturstein-Badezimmer-aus-Marmor-6.jpg\" data-rel=\"lightbox-gallery-bGlnaHRib3gtZ2FsbGVyeS0w\" data-rl_title=\"Luxus Palaiswohnung in Wien mit Naturstein Badezimmer aus Marmor-6\" data-rl_caption=\"\" data-rl_title=\"Luxus Palaiswohnung in Wien mit Naturstein Badezimmer aus Marmor-6\" data-rl_caption=\"\" data-lightbox=\"lightbox[rel-28581-2816600286]\"><img loading=\"lazy\" decoding=\"async\" width=\"1000\" height=\"667\" src=\"https:\/\/schubertstone.com\/wp-content\/uploads\/2025\/03\/Luxus-Palaiswohnung-in-Wien-mit-Naturstein-Badezimmer-aus-Marmor-6.jpg\" class=\"attachment-large\" alt=\"\" title=\"Luxus Palaiswohnung in Wien mit Naturstein Badezimmer aus Marmor-6\" \/><\/a><\/li><\/ul><\/div><\/div><\/div>\n\t<div class=\"wpb_text_column wpb_content_element\" >\n\t\t<div class=\"wpb_wrapper\">\n\t\t\t<p><span style=\"font-size: 16px;\">Lassen Sie sich von unseren Stein Experten \u00fcber Ihre gew\u00fcnschte Naturstein Wandverkleidung beraten, entscheiden Sie, welche Steinplatte am geeignetsten ist und lassen Sie anschlie\u00dfend genau jenen Teil der Platte f\u00fcr Ihre Naturstein-Wandverkleidung von unseren Partner-Steinmetzbetrieben\u00a0schneiden und veredeln, der Ihnen am besten gef\u00e4llt.<\/span><\/p>\n<p><span style=\"font-size: 16px;\">Besuchen Sie unsere Stein-Ausstellung und finden Sie zahlreiche Inspirationen f\u00fcr eine Naturstein Wandverkleidung und vereinbaren Sie einen Beratungstermin mit unseren Stein Experten und lassen Sie sich umfassend \u00fcber W\u00e4nde aus Stein beraten.<\/span><\/p>\n\n\t\t<\/div>\n\t<\/div>\n<\/div><\/div><\/div><\/div>\n<\/div>","protected":false},"excerpt":{"rendered":"Steinwand aus Naturstein Eine Steinwand verleiht jedem Raum eine au\u00dfergew\u00f6hnliche Atmosph\u00e4re. Sie k\u00f6nnen einen gesamten Raum, etwa ein Luxusbadezimmer, mit W\u00e4nden aus [...]","protected":false},"author":3,"featured_media":2996,"parent":33164,"menu_order":0,"comment_status":"closed","ping_status":"open","template":"","meta":{"footnotes":""},"class_list":["post-28581","page","type-page","status-publish","has-post-thumbnail","hentry"],"yoast_head":"<!-- This site is optimized with the Yoast SEO Premium plugin v27.3 (Yoast SEO v27.4) - https:\/\/yoast.com\/product\/yoast-seo-premium-wordpress\/ -->\n<title>Steinw\u00e4nde - SCHUBERT STONE - Naturstein, Feinsteinzeug, Parkett<\/title>\n<meta name=\"robots\" content=\"index, follow, max-snippet:-1, max-image-preview:large, max-video-preview:-1\" \/>\n<link rel=\"canonical\" href=\"https:\/\/schubertstone.com\/en\/natural-stone\/walls\/\" \/>\n<meta property=\"og:locale\" content=\"en_US\" \/>\n<meta property=\"og:type\" content=\"article\" \/>\n<meta property=\"og:title\" content=\"Steinw\u00e4nde\" \/>\n<meta property=\"og:url\" content=\"https:\/\/schubertstone.com\/en\/natural-stone\/walls\/\" \/>\n<meta property=\"og:site_name\" content=\"SCHUBERT STONE - Naturstein, Feinsteinzeug, Parkett\" \/>\n<meta property=\"article:modified_time\" content=\"2025-04-11T10:01:20+00:00\" \/>\n<meta property=\"og:image\" content=\"https:\/\/7hv151.n3cdn1.secureserver.net\/wp-content\/uploads\/2015\/02\/gr-fachberatung-parkett-sorten.webp?time=1748952561\" \/>\n\t<meta property=\"og:image:width\" content=\"250\" \/>\n\t<meta property=\"og:image:height\" content=\"178\" \/>\n\t<meta property=\"og:image:type\" content=\"image\/webp\" \/>\n<meta name=\"twitter:card\" content=\"summary_large_image\" \/>\n<meta name=\"twitter:label1\" content=\"Est. reading time\" \/>\n\t<meta name=\"twitter:data1\" content=\"1 minute\" \/>\n<script type=\"application\/ld+json\" class=\"yoast-schema-graph\">{\"@context\":\"https:\\\/\\\/schema.org\",\"@graph\":[{\"@type\":\"WebPage\",\"@id\":\"https:\\\/\\\/schubertstone.com\\\/naturstein\\\/waende\\\/\",\"url\":\"https:\\\/\\\/schubertstone.com\\\/naturstein\\\/waende\\\/\",\"name\":\"Steinw\u00e4nde - SCHUBERT STONE - Naturstein, Feinsteinzeug, Parkett\",\"isPartOf\":{\"@id\":\"https:\\\/\\\/schubertstone.com\\\/#website\"},\"primaryImageOfPage\":{\"@id\":\"https:\\\/\\\/schubertstone.com\\\/naturstein\\\/waende\\\/#primaryimage\"},\"image\":{\"@id\":\"https:\\\/\\\/schubertstone.com\\\/naturstein\\\/waende\\\/#primaryimage\"},\"thumbnailUrl\":\"https:\\\/\\\/schubertstone.com\\\/wp-content\\\/uploads\\\/2015\\\/02\\\/gr-fachberatung-parkett-sorten.jpg\",\"datePublished\":\"2015-03-16T13:22:20+00:00\",\"dateModified\":\"2025-04-11T10:01:20+00:00\",\"breadcrumb\":{\"@id\":\"https:\\\/\\\/schubertstone.com\\\/naturstein\\\/waende\\\/#breadcrumb\"},\"inLanguage\":\"en-US\",\"potentialAction\":[{\"@type\":\"ReadAction\",\"target\":[\"https:\\\/\\\/schubertstone.com\\\/naturstein\\\/waende\\\/\"]}]},{\"@type\":\"ImageObject\",\"inLanguage\":\"en-US\",\"@id\":\"https:\\\/\\\/schubertstone.com\\\/naturstein\\\/waende\\\/#primaryimage\",\"url\":\"https:\\\/\\\/schubertstone.com\\\/wp-content\\\/uploads\\\/2015\\\/02\\\/gr-fachberatung-parkett-sorten.jpg\",\"contentUrl\":\"https:\\\/\\\/schubertstone.com\\\/wp-content\\\/uploads\\\/2015\\\/02\\\/gr-fachberatung-parkett-sorten.jpg\",\"width\":250,\"height\":178,\"caption\":\"Fachberatung Parkett verschiedene Sorten\"},{\"@type\":\"BreadcrumbList\",\"@id\":\"https:\\\/\\\/schubertstone.com\\\/naturstein\\\/waende\\\/#breadcrumb\",\"itemListElement\":[{\"@type\":\"ListItem\",\"position\":1,\"name\":\"Home\",\"item\":\"https:\\\/\\\/schubertstone.com\\\/\"},{\"@type\":\"ListItem\",\"position\":2,\"name\":\"Naturstein\",\"item\":\"https:\\\/\\\/schubertstone.com\\\/naturstein\\\/\"},{\"@type\":\"ListItem\",\"position\":3,\"name\":\"Steinw\u00e4nde\"}]},{\"@type\":\"WebSite\",\"@id\":\"https:\\\/\\\/schubertstone.com\\\/#website\",\"url\":\"https:\\\/\\\/schubertstone.com\\\/\",\"name\":\"SCHUBERT STONE - Naturstein, Feinsteinzeug, Parkett\",\"description\":\"Edle B\u00f6den &amp; Terrassen f\u00fcr Ihre exklusive Immobilie\",\"potentialAction\":[{\"@type\":\"SearchAction\",\"target\":{\"@type\":\"EntryPoint\",\"urlTemplate\":\"https:\\\/\\\/schubertstone.com\\\/?s={search_term_string}\"},\"query-input\":{\"@type\":\"PropertyValueSpecification\",\"valueRequired\":true,\"valueName\":\"search_term_string\"}}],\"inLanguage\":\"en-US\"}]}<\/script>\n<!-- \/ Yoast SEO Premium plugin. -->","yoast_head_json":{"title":"Stone walls - SCHUBERT STONE - Natural stone, porcelain stoneware, parquet","robots":{"index":"index","follow":"follow","max-snippet":"max-snippet:-1","max-image-preview":"max-image-preview:large","max-video-preview":"max-video-preview:-1"},"canonical":"https:\/\/schubertstone.com\/en\/natural-stone\/walls\/","og_locale":"en_US","og_type":"article","og_title":"Steinw\u00e4nde","og_url":"https:\/\/schubertstone.com\/en\/natural-stone\/walls\/","og_site_name":"SCHUBERT STONE - Naturstein, Feinsteinzeug, Parkett","article_modified_time":"2025-04-11T10:01:20+00:00","og_image":[{"width":250,"height":178,"url":"https:\/\/7hv151.n3cdn1.secureserver.net\/wp-content\/uploads\/2015\/02\/gr-fachberatung-parkett-sorten.webp?time=1748952561","type":"image\/webp"}],"twitter_card":"summary_large_image","twitter_misc":{"Est. reading time":"1 minute"},"schema":{"@context":"https:\/\/schema.org","@graph":[{"@type":"WebPage","@id":"https:\/\/schubertstone.com\/naturstein\/waende\/","url":"https:\/\/schubertstone.com\/naturstein\/waende\/","name":"Stone walls - SCHUBERT STONE - Natural stone, porcelain stoneware, parquet","isPartOf":{"@id":"https:\/\/schubertstone.com\/#website"},"primaryImageOfPage":{"@id":"https:\/\/schubertstone.com\/naturstein\/waende\/#primaryimage"},"image":{"@id":"https:\/\/schubertstone.com\/naturstein\/waende\/#primaryimage"},"thumbnailUrl":"https:\/\/schubertstone.com\/wp-content\/uploads\/2015\/02\/gr-fachberatung-parkett-sorten.jpg","datePublished":"2015-03-16T13:22:20+00:00","dateModified":"2025-04-11T10:01:20+00:00","breadcrumb":{"@id":"https:\/\/schubertstone.com\/naturstein\/waende\/#breadcrumb"},"inLanguage":"en-US","potentialAction":[{"@type":"ReadAction","target":["https:\/\/schubertstone.com\/naturstein\/waende\/"]}]},{"@type":"ImageObject","inLanguage":"en-US","@id":"https:\/\/schubertstone.com\/naturstein\/waende\/#primaryimage","url":"https:\/\/schubertstone.com\/wp-content\/uploads\/2015\/02\/gr-fachberatung-parkett-sorten.jpg","contentUrl":"https:\/\/schubertstone.com\/wp-content\/uploads\/2015\/02\/gr-fachberatung-parkett-sorten.jpg","width":250,"height":178,"caption":"Fachberatung Parkett verschiedene Sorten"},{"@type":"BreadcrumbList","@id":"https:\/\/schubertstone.com\/naturstein\/waende\/#breadcrumb","itemListElement":[{"@type":"ListItem","position":1,"name":"Home","item":"https:\/\/schubertstone.com\/"},{"@type":"ListItem","position":2,"name":"Naturstein","item":"https:\/\/schubertstone.com\/naturstein\/"},{"@type":"ListItem","position":3,"name":"Steinw\u00e4nde"}]},{"@type":"WebSite","@id":"https:\/\/schubertstone.com\/#website","url":"https:\/\/schubertstone.com\/","name":"SCHUBERT STONE - Natural stone, porcelain stoneware, parquet","description":"Fine floors &amp; terraces for your exclusive property","potentialAction":[{"@type":"SearchAction","target":{"@type":"EntryPoint","urlTemplate":"https:\/\/schubertstone.com\/?s={search_term_string}"},"query-input":{"@type":"PropertyValueSpecification","valueRequired":true,"valueName":"search_term_string"}}],"inLanguage":"en-US"}]}},"_links":{"self":[{"href":"https:\/\/schubertstone.com\/en\/wp-json\/wp\/v2\/pages\/28581","targetHints":{"allow":["GET"]}}],"collection":[{"href":"https:\/\/schubertstone.com\/en\/wp-json\/wp\/v2\/pages"}],"about":[{"href":"https:\/\/schubertstone.com\/en\/wp-json\/wp\/v2\/types\/page"}],"author":[{"embeddable":true,"href":"https:\/\/schubertstone.com\/en\/wp-json\/wp\/v2\/users\/3"}],"replies":[{"embeddable":true,"href":"https:\/\/schubertstone.com\/en\/wp-json\/wp\/v2\/comments?post=28581"}],"version-history":[{"count":0,"href":"https:\/\/schubertstone.com\/en\/wp-json\/wp\/v2\/pages\/28581\/revisions"}],"up":[{"embeddable":true,"href":"https:\/\/schubertstone.com\/en\/wp-json\/wp\/v2\/pages\/33164"}],"wp:featuredmedia":[{"embeddable":true,"href":"https:\/\/schubertstone.com\/en\/wp-json\/wp\/v2\/media\/2996"}],"wp:attachment":[{"href":"https:\/\/schubertstone.com\/en\/wp-json\/wp\/v2\/media?parent=28581"}],"curies":[{"name":"wp","href":"https:\/\/api.w.org\/{rel}","templated":true}]}}