{"id":31435,"date":"2025-03-12T14:20:45","date_gmt":"2025-03-12T13:20:45","guid":{"rendered":"https:\/\/schubertstone.com\/?post_type=product&#038;p=31435"},"modified":"2026-03-19T14:16:49","modified_gmt":"2026-03-19T13:16:49","slug":"levante-crema-venato-matt","status":"publish","type":"product","link":"https:\/\/schubertstone.com\/en\/shop\/naturstein\/kalkstein\/levante-crema-venato-matt\/","title":{"rendered":"Levante Crema Venato mat"},"content":{"rendered":"<hr \/>\n<h3><strong>Product features:<\/strong><\/h3>\n<ul>\n<li>Warm shades in cream, beige, taupe, light brown<\/li>\n<li>Noble, natural radiance<\/li>\n<li>Durable and robust<\/li>\n<li>velvety surface<\/li>\n<\/ul>\n<hr \/>\n<h3 style=\"font-weight: 400;\"><strong>Resilience:<\/strong><\/h3>\n<ul>\n<li>For indoors, extremely hard, therefore durable and robust<\/li>\n<li>Also for hard-wearing public areas<\/li>\n<li>Surface anticipates traces of use<\/li>\n<li>Non-slip R 10<\/li>\n<\/ul>\n<hr \/>\n<h3 style=\"font-weight: 400;\"><strong>Care:<\/strong><\/h3>\n<ul>\n<li>Simple permanent impregnation protects against stains<\/li>\n<li>Simply clean with stone soap in the mop water<\/li>\n<\/ul>\n<hr \/>\n<h3><strong>Use:<\/strong><\/h3>\n<ul>\n<li>In private homes, thermally conductive via underfloor heating<\/li>\n<li>In public buildings, such as castles, restaurants, hotels<\/li>\n<\/ul>\n<hr \/>\n<h3><strong>Minimum order quantity:<\/strong><\/h3>\n<p>20 m2<\/p>\n<hr \/>\n<p>&nbsp;<\/p>","protected":false},"excerpt":{"rendered":"<hr \/>\n<h2>Product description:<\/h2>\n<p class=\"p1\">Levante Crema Venato matt is an elegant <a href=\"https:\/\/schubertstone.com\/en\/natural-stone\/limestone\/\">Limestone<\/a> - exclusively available from Schubert Stone. The surface of this <a href=\"https:\/\/schubertstone.com\/en\/natural-stone\/\">Natural stone<\/a> is polished finer and finer with brushes. This treatment looks as if time has left its patina on the stone. The result is a particularly natural-looking, elegant and velvety surface that looks as if it has already been used. As a result, the stone will retain its natural radiance for decades to come.<\/p>\n<hr \/>\n<h3><strong>Available sizes:<\/strong><\/h3>\n<ul>\n<li>61 x 61 x 2 cm<\/li>\n<li>80.3 x 40.6 x 2 cm<\/li>\n<li>40.6 x 61 x 2 cm<\/li>\n<li>Steps 3 cm thick up to 2 meters long<\/li>\n<li>Skirting boards 1.5 cm<\/li>\n<\/ul>\n<hr \/>\n<p>&nbsp;<\/p>","protected":false},"featured_media":35092,"template":"","meta":[],"product_brand":[],"product_cat":[199,169,19],"product_tag":[],"class_list":{"0":"post-31435","1":"product","2":"type-product","3":"status-publish","4":"has-post-thumbnail","6":"product_cat-boeden-klassisch","7":"product_cat-kalkstein","8":"product_cat-naturstein","9":"pa_anwendung-boeden","10":"pa_form-rechtecke","11":"pa_material-kalkstein","12":"pa_oberflaeche-antik","14":"first","15":"instock","16":"shipping-taxable","17":"product-type-simple"},"yoast_head":"<!-- This site is optimized with the Yoast SEO Premium plugin v27.3 (Yoast SEO v27.5) - https:\/\/yoast.com\/product\/yoast-seo-premium-wordpress\/ -->\n<title>Levante Crema Venato matt - SCHUBERT STONE - Naturstein, Feinsteinzeug, Parkett<\/title>\n<meta name=\"robots\" content=\"index, follow, max-snippet:-1, max-image-preview:large, max-video-preview:-1\" \/>\n<link rel=\"canonical\" href=\"https:\/\/schubertstone.com\/en\/store\/natural-stone\/limestone\/levante-crema-venato-matt\/\" \/>\n<meta property=\"og:locale\" content=\"en_US\" \/>\n<meta property=\"og:type\" content=\"article\" \/>\n<meta property=\"og:title\" content=\"Levante Crema Venato matt\" \/>\n<meta property=\"og:description\" content=\"Produktbeschreibung:  Levante Crema Venato matt ist ein edler Kalkstein - exklusiv erh\u00e4ltlich bei Schubert Stone. Die Oberfl\u00e4che dieses Natursteins wird mit B\u00fcrsten immer feiner und feiner geschliffen. Diese Bearbeitung wirkt, als ob die Zeit ihre Patina \u00fcber den Stein gelegt h\u00e4tte. Eine besonders nat\u00fcrlich wirkende, edle und samtige Oberfl\u00e4che entsteht, die aussieht, als ob sie schon ben\u00fctzt wurde. Dadurch beh\u00e4lt der Stein in den n\u00e4chsten Jahrzehnten seine nat\u00fcrliche Ausstrahlung.     Erh\u00e4ltliche Gr\u00f6\u00dfen:   61 x 61 x 2 cm  80,3 x 40,6 x 2 cm  40,6 x 61 x 2 cm  Stufen 3 cm stark bis 2 Meter L\u00e4nge  Sockelleisten 1,5 cm     &nbsp;\" \/>\n<meta property=\"og:url\" content=\"https:\/\/schubertstone.com\/en\/store\/natural-stone\/limestone\/levante-crema-venato-matt\/\" \/>\n<meta property=\"og:site_name\" content=\"SCHUBERT STONE - Naturstein, Feinsteinzeug, Parkett\" \/>\n<meta property=\"article:modified_time\" content=\"2026-03-19T13:16:49+00:00\" \/>\n<meta property=\"og:image\" content=\"https:\/\/schubertstone.com\/wp-content\/uploads\/2025\/03\/Hartkalkstein-Levante-Crema-Venato-matt.jpg\" \/>\n\t<meta property=\"og:image:width\" content=\"2048\" \/>\n\t<meta property=\"og:image:height\" content=\"1536\" \/>\n\t<meta property=\"og:image:type\" content=\"image\/jpeg\" \/>\n<meta name=\"twitter:card\" content=\"summary_large_image\" \/>\n<meta name=\"twitter:label1\" content=\"Est. reading time\" \/>\n\t<meta name=\"twitter:data1\" content=\"1 minute\" \/>\n<script type=\"application\/ld+json\" class=\"yoast-schema-graph\">{\"@context\":\"https:\\\/\\\/schema.org\",\"@graph\":[{\"@type\":\"WebPage\",\"@id\":\"https:\\\/\\\/schubertstone.com\\\/shop\\\/naturstein\\\/kalkstein\\\/levante-crema-venato-matt\\\/\",\"url\":\"https:\\\/\\\/schubertstone.com\\\/shop\\\/naturstein\\\/kalkstein\\\/levante-crema-venato-matt\\\/\",\"name\":\"Levante Crema Venato matt - SCHUBERT STONE - Naturstein, Feinsteinzeug, Parkett\",\"isPartOf\":{\"@id\":\"https:\\\/\\\/schubertstone.com\\\/#website\"},\"primaryImageOfPage\":{\"@id\":\"https:\\\/\\\/schubertstone.com\\\/shop\\\/naturstein\\\/kalkstein\\\/levante-crema-venato-matt\\\/#primaryimage\"},\"image\":{\"@id\":\"https:\\\/\\\/schubertstone.com\\\/shop\\\/naturstein\\\/kalkstein\\\/levante-crema-venato-matt\\\/#primaryimage\"},\"thumbnailUrl\":\"https:\\\/\\\/schubertstone.com\\\/wp-content\\\/uploads\\\/2025\\\/03\\\/Hartkalkstein-Levante-Crema-Venato-matt.jpg\",\"datePublished\":\"2025-03-12T13:20:45+00:00\",\"dateModified\":\"2026-03-19T13:16:49+00:00\",\"breadcrumb\":{\"@id\":\"https:\\\/\\\/schubertstone.com\\\/shop\\\/naturstein\\\/kalkstein\\\/levante-crema-venato-matt\\\/#breadcrumb\"},\"inLanguage\":\"en-US\",\"potentialAction\":[{\"@type\":\"ReadAction\",\"target\":[\"https:\\\/\\\/schubertstone.com\\\/shop\\\/naturstein\\\/kalkstein\\\/levante-crema-venato-matt\\\/\"]}]},{\"@type\":\"ImageObject\",\"inLanguage\":\"en-US\",\"@id\":\"https:\\\/\\\/schubertstone.com\\\/shop\\\/naturstein\\\/kalkstein\\\/levante-crema-venato-matt\\\/#primaryimage\",\"url\":\"https:\\\/\\\/schubertstone.com\\\/wp-content\\\/uploads\\\/2025\\\/03\\\/Hartkalkstein-Levante-Crema-Venato-matt.jpg\",\"contentUrl\":\"https:\\\/\\\/schubertstone.com\\\/wp-content\\\/uploads\\\/2025\\\/03\\\/Hartkalkstein-Levante-Crema-Venato-matt.jpg\",\"width\":2048,\"height\":1536,\"caption\":\"Hartkalkstein Levante Crema Venato IR, matt patiniert, 40,6 x 1,6-2,1 cm | ab 80m2\"},{\"@type\":\"BreadcrumbList\",\"@id\":\"https:\\\/\\\/schubertstone.com\\\/shop\\\/naturstein\\\/kalkstein\\\/levante-crema-venato-matt\\\/#breadcrumb\",\"itemListElement\":[{\"@type\":\"ListItem\",\"position\":1,\"name\":\"Home\",\"item\":\"https:\\\/\\\/schubertstone.com\\\/\"},{\"@type\":\"ListItem\",\"position\":2,\"name\":\"Shop\",\"item\":\"https:\\\/\\\/schubertstone.com\\\/shop\\\/\"},{\"@type\":\"ListItem\",\"position\":3,\"name\":\"Levante Crema Venato matt\"}]},{\"@type\":\"WebSite\",\"@id\":\"https:\\\/\\\/schubertstone.com\\\/#website\",\"url\":\"https:\\\/\\\/schubertstone.com\\\/\",\"name\":\"SCHUBERT STONE - Naturstein, Feinsteinzeug, Parkett\",\"description\":\"Edle B\u00f6den &amp; Terrassen f\u00fcr Ihre exklusive Immobilie\",\"potentialAction\":[{\"@type\":\"SearchAction\",\"target\":{\"@type\":\"EntryPoint\",\"urlTemplate\":\"https:\\\/\\\/schubertstone.com\\\/?s={search_term_string}\"},\"query-input\":{\"@type\":\"PropertyValueSpecification\",\"valueRequired\":true,\"valueName\":\"search_term_string\"}}],\"inLanguage\":\"en-US\"}]}<\/script>\n<!-- \/ Yoast SEO Premium plugin. -->","yoast_head_json":{"title":"Levante Crema Venato matt - SCHUBERT STONE - Natural stone, porcelain stoneware, parquet","robots":{"index":"index","follow":"follow","max-snippet":"max-snippet:-1","max-image-preview":"max-image-preview:large","max-video-preview":"max-video-preview:-1"},"canonical":"https:\/\/schubertstone.com\/en\/store\/natural-stone\/limestone\/levante-crema-venato-matt\/","og_locale":"en_US","og_type":"article","og_title":"Levante Crema Venato matt","og_description":"Produktbeschreibung:  Levante Crema Venato matt ist ein edler Kalkstein - exklusiv erh\u00e4ltlich bei Schubert Stone. Die Oberfl\u00e4che dieses Natursteins wird mit B\u00fcrsten immer feiner und feiner geschliffen. Diese Bearbeitung wirkt, als ob die Zeit ihre Patina \u00fcber den Stein gelegt h\u00e4tte. Eine besonders nat\u00fcrlich wirkende, edle und samtige Oberfl\u00e4che entsteht, die aussieht, als ob sie schon ben\u00fctzt wurde. Dadurch beh\u00e4lt der Stein in den n\u00e4chsten Jahrzehnten seine nat\u00fcrliche Ausstrahlung.     Erh\u00e4ltliche Gr\u00f6\u00dfen:   61 x 61 x 2 cm  80,3 x 40,6 x 2 cm  40,6 x 61 x 2 cm  Stufen 3 cm stark bis 2 Meter L\u00e4nge  Sockelleisten 1,5 cm     &nbsp;","og_url":"https:\/\/schubertstone.com\/en\/store\/natural-stone\/limestone\/levante-crema-venato-matt\/","og_site_name":"SCHUBERT STONE - Naturstein, Feinsteinzeug, Parkett","article_modified_time":"2026-03-19T13:16:49+00:00","og_image":[{"width":2048,"height":1536,"url":"https:\/\/schubertstone.com\/wp-content\/uploads\/2025\/03\/Hartkalkstein-Levante-Crema-Venato-matt.jpg","type":"image\/jpeg"}],"twitter_card":"summary_large_image","twitter_misc":{"Est. reading time":"1 minute"},"schema":{"@context":"https:\/\/schema.org","@graph":[{"@type":"WebPage","@id":"https:\/\/schubertstone.com\/shop\/naturstein\/kalkstein\/levante-crema-venato-matt\/","url":"https:\/\/schubertstone.com\/shop\/naturstein\/kalkstein\/levante-crema-venato-matt\/","name":"Levante Crema Venato matt - SCHUBERT STONE - Natural stone, porcelain stoneware, parquet","isPartOf":{"@id":"https:\/\/schubertstone.com\/#website"},"primaryImageOfPage":{"@id":"https:\/\/schubertstone.com\/shop\/naturstein\/kalkstein\/levante-crema-venato-matt\/#primaryimage"},"image":{"@id":"https:\/\/schubertstone.com\/shop\/naturstein\/kalkstein\/levante-crema-venato-matt\/#primaryimage"},"thumbnailUrl":"https:\/\/schubertstone.com\/wp-content\/uploads\/2025\/03\/Hartkalkstein-Levante-Crema-Venato-matt.jpg","datePublished":"2025-03-12T13:20:45+00:00","dateModified":"2026-03-19T13:16:49+00:00","breadcrumb":{"@id":"https:\/\/schubertstone.com\/shop\/naturstein\/kalkstein\/levante-crema-venato-matt\/#breadcrumb"},"inLanguage":"en-US","potentialAction":[{"@type":"ReadAction","target":["https:\/\/schubertstone.com\/shop\/naturstein\/kalkstein\/levante-crema-venato-matt\/"]}]},{"@type":"ImageObject","inLanguage":"en-US","@id":"https:\/\/schubertstone.com\/shop\/naturstein\/kalkstein\/levante-crema-venato-matt\/#primaryimage","url":"https:\/\/schubertstone.com\/wp-content\/uploads\/2025\/03\/Hartkalkstein-Levante-Crema-Venato-matt.jpg","contentUrl":"https:\/\/schubertstone.com\/wp-content\/uploads\/2025\/03\/Hartkalkstein-Levante-Crema-Venato-matt.jpg","width":2048,"height":1536,"caption":"Hartkalkstein Levante Crema Venato IR, matt patiniert, 40,6 x 1,6-2,1 cm | ab 80m2"},{"@type":"BreadcrumbList","@id":"https:\/\/schubertstone.com\/shop\/naturstein\/kalkstein\/levante-crema-venato-matt\/#breadcrumb","itemListElement":[{"@type":"ListItem","position":1,"name":"Home","item":"https:\/\/schubertstone.com\/"},{"@type":"ListItem","position":2,"name":"Shop","item":"https:\/\/schubertstone.com\/shop\/"},{"@type":"ListItem","position":3,"name":"Levante Crema Venato matt"}]},{"@type":"WebSite","@id":"https:\/\/schubertstone.com\/#website","url":"https:\/\/schubertstone.com\/","name":"SCHUBERT STONE - Natural stone, porcelain stoneware, parquet","description":"Fine floors &amp; terraces for your exclusive property","potentialAction":[{"@type":"SearchAction","target":{"@type":"EntryPoint","urlTemplate":"https:\/\/schubertstone.com\/?s={search_term_string}"},"query-input":{"@type":"PropertyValueSpecification","valueRequired":true,"valueName":"search_term_string"}}],"inLanguage":"en-US"}]}},"_links":{"self":[{"href":"https:\/\/schubertstone.com\/en\/wp-json\/wp\/v2\/product\/31435","targetHints":{"allow":["GET"]}}],"collection":[{"href":"https:\/\/schubertstone.com\/en\/wp-json\/wp\/v2\/product"}],"about":[{"href":"https:\/\/schubertstone.com\/en\/wp-json\/wp\/v2\/types\/product"}],"version-history":[{"count":16,"href":"https:\/\/schubertstone.com\/en\/wp-json\/wp\/v2\/product\/31435\/revisions"}],"predecessor-version":[{"id":36569,"href":"https:\/\/schubertstone.com\/en\/wp-json\/wp\/v2\/product\/31435\/revisions\/36569"}],"wp:featuredmedia":[{"embeddable":true,"href":"https:\/\/schubertstone.com\/en\/wp-json\/wp\/v2\/media\/35092"}],"wp:attachment":[{"href":"https:\/\/schubertstone.com\/en\/wp-json\/wp\/v2\/media?parent=31435"}],"wp:term":[{"taxonomy":"product_brand","embeddable":true,"href":"https:\/\/schubertstone.com\/en\/wp-json\/wp\/v2\/product_brand?post=31435"},{"taxonomy":"product_cat","embeddable":true,"href":"https:\/\/schubertstone.com\/en\/wp-json\/wp\/v2\/product_cat?post=31435"},{"taxonomy":"product_tag","embeddable":true,"href":"https:\/\/schubertstone.com\/en\/wp-json\/wp\/v2\/product_tag?post=31435"}],"curies":[{"name":"wp","href":"https:\/\/api.w.org\/{rel}","templated":true}]}}