{"id":34360,"date":"2025-06-20T17:03:37","date_gmt":"2025-06-20T15:03:37","guid":{"rendered":"https:\/\/schubertstone.com\/?post_type=product&#038;p=34360"},"modified":"2026-03-19T17:29:09","modified_gmt":"2026-03-19T16:29:09","slug":"levante-crema-caramella-matt","status":"publish","type":"product","link":"https:\/\/schubertstone.com\/en\/shop\/naturstein\/kalkstein\/levante-crema-caramella-matt\/","title":{"rendered":"Levante Crema Caramella mat"},"content":{"rendered":"<hr \/>\n<h3 style=\"font-weight: 400;\"><strong>Product features:<\/strong><\/h3>\n<ul>\n<li>Warm tones in beige, sand<\/li>\n<li>Durable and robust<\/li>\n<li>Velvety surface, suitable for bare feet<\/li>\n<li>Timeless structures and grains<\/li>\n<li>Over time, a patina develops on the surface<\/li>\n<\/ul>\n<hr \/>\n<h3 style=\"font-weight: 400;\"><strong>Resilience:<\/strong><\/h3>\n<ul>\n<li>For indoors, extremely hard, therefore durable and robust<\/li>\n<li>Also for hard-wearing public areas<\/li>\n<li>Surface anticipates traces of use<\/li>\n<li>Non-slip R 9<\/li>\n<\/ul>\n<hr \/>\n<h3 style=\"font-weight: 400;\"><strong>Care:<\/strong><\/h3>\n<ul>\n<li>Simple permanent impregnation protects against stains<\/li>\n<li>Simply clean with stone soap in the mop water<\/li>\n<\/ul>\n<hr \/>\n<h3 style=\"font-weight: 400;\"><strong>Use:<\/strong><\/h3>\n<ul>\n<li>Used in private homes, thermally conductive via underfloor heating<\/li>\n<li>In public buildings, such as castles, restaurants, hotels<\/li>\n<\/ul>\n<hr \/>\n<h3 style=\"font-weight: 400;\"><strong>Minimum order quantity:<\/strong><\/h3>\n<p style=\"font-weight: 400;\">20 m2<\/p>\n<hr \/>\n<p>&nbsp;<\/p>","protected":false},"excerpt":{"rendered":"<hr \/>\n<h2>Product description:<\/h2>\n<p><\/p>\n<p>The surface of the Levante Crema Caramella hard limestone is polished finer and finer with brushes. This treatment makes it appear as if time has laid its patina over the stone. This creates a particularly natural-looking, elegant, and velvety surface that looks as if it has already been used. This will preserve the stone's natural radiance for decades to come.<\/p>\n<hr \/>\n<h3><strong>Available sizes:<\/strong><\/h3>\n<ul>\n<li>91.5 x 61 x 2 cm<\/li>\n<li>61 x 61 x 2 cm<\/li>\n<li>80.3 x 40.6 x 2 cm<\/li>\n<li>40.6 x 61 x 2 cm<\/li>\n<li>Steps 3cm thick up to 2 meters long<\/li>\n<li>Skirting boards 1.5 cm<\/li>\n<\/ul>\n<hr \/>\n<p>&nbsp;<\/p>","protected":false},"featured_media":34398,"template":"","meta":[],"product_brand":[],"product_cat":[199,169,19],"product_tag":[],"class_list":{"0":"post-34360","1":"product","2":"type-product","3":"status-publish","4":"has-post-thumbnail","6":"product_cat-boeden-klassisch","7":"product_cat-kalkstein","8":"product_cat-naturstein","9":"pa_form-rechtecke","10":"pa_material-kalkstein","11":"pa_oberflaeche-antik","13":"first","14":"instock","15":"shipping-taxable","16":"product-type-simple"},"yoast_head":"<!-- This site is optimized with the Yoast SEO Premium plugin v27.3 (Yoast SEO v27.4) - https:\/\/yoast.com\/product\/yoast-seo-premium-wordpress\/ -->\n<title>Levante Crema Caramella matt - SCHUBERT STONE - Naturstein, Feinsteinzeug, Parkett<\/title>\n<meta name=\"robots\" content=\"index, follow, max-snippet:-1, max-image-preview:large, max-video-preview:-1\" \/>\n<link rel=\"canonical\" href=\"https:\/\/schubertstone.com\/en\/store\/natural-stone\/limestone\/levante-crema-caramella-matt\/\" \/>\n<meta property=\"og:locale\" content=\"en_US\" \/>\n<meta property=\"og:type\" content=\"article\" \/>\n<meta property=\"og:title\" content=\"Levante Crema Caramella matt\" \/>\n<meta property=\"og:description\" content=\"Produktbeschreibung:  Die Oberfl\u00e4che des Levante Crema Caramella Hartkalksteins wird mit B\u00fcrsten immer feiner und feiner geschliffen. Diese Bearbeitung wirkt, als ob die Zeit ihre Patina \u00fcber den Stein gelegt h\u00e4tte. Eine besonders nat\u00fcrlich wirkende, edle und samtige Oberfl\u00e4che entsteht, die aussieht, als ob sie schon ben\u00fctzt wurde. Dadurch beh\u00e4lt der Stein in den n\u00e4chsten Jahrzehnten seine nat\u00fcrliche Ausstrahlung.    Erh\u00e4ltliche Gr\u00f6\u00dfen:   91,5 x 61 x 2 cm  61 x 61 x 2 cm  80,3 \u00d7 40,6 x 2 cm  40,6 x 61 x 2 cm  Stufen 3cm stark bis 2 Meter L\u00e4nge  Sockelleisten 1,5 cm     &nbsp;\" \/>\n<meta property=\"og:url\" content=\"https:\/\/schubertstone.com\/en\/store\/natural-stone\/limestone\/levante-crema-caramella-matt\/\" \/>\n<meta property=\"og:site_name\" content=\"SCHUBERT STONE - Naturstein, Feinsteinzeug, Parkett\" \/>\n<meta property=\"article:modified_time\" content=\"2026-03-19T16:29:09+00:00\" \/>\n<meta property=\"og:image\" content=\"https:\/\/schubertstone.com\/wp-content\/uploads\/2025\/06\/Levante-Crema-Caramella.jpg\" \/>\n\t<meta property=\"og:image:width\" content=\"2048\" \/>\n\t<meta property=\"og:image:height\" content=\"1536\" \/>\n\t<meta property=\"og:image:type\" content=\"image\/jpeg\" \/>\n<meta name=\"twitter:card\" content=\"summary_large_image\" \/>\n<meta name=\"twitter:label1\" content=\"Est. reading time\" \/>\n\t<meta name=\"twitter:data1\" content=\"1 minute\" \/>\n<script type=\"application\/ld+json\" class=\"yoast-schema-graph\">{\"@context\":\"https:\\\/\\\/schema.org\",\"@graph\":[{\"@type\":\"WebPage\",\"@id\":\"https:\\\/\\\/schubertstone.com\\\/shop\\\/naturstein\\\/kalkstein\\\/levante-crema-caramella-matt\\\/\",\"url\":\"https:\\\/\\\/schubertstone.com\\\/shop\\\/naturstein\\\/kalkstein\\\/levante-crema-caramella-matt\\\/\",\"name\":\"Levante Crema Caramella matt - SCHUBERT STONE - Naturstein, Feinsteinzeug, Parkett\",\"isPartOf\":{\"@id\":\"https:\\\/\\\/schubertstone.com\\\/#website\"},\"primaryImageOfPage\":{\"@id\":\"https:\\\/\\\/schubertstone.com\\\/shop\\\/naturstein\\\/kalkstein\\\/levante-crema-caramella-matt\\\/#primaryimage\"},\"image\":{\"@id\":\"https:\\\/\\\/schubertstone.com\\\/shop\\\/naturstein\\\/kalkstein\\\/levante-crema-caramella-matt\\\/#primaryimage\"},\"thumbnailUrl\":\"https:\\\/\\\/schubertstone.com\\\/wp-content\\\/uploads\\\/2025\\\/06\\\/Levante-Crema-Caramella.jpg\",\"datePublished\":\"2025-06-20T15:03:37+00:00\",\"dateModified\":\"2026-03-19T16:29:09+00:00\",\"breadcrumb\":{\"@id\":\"https:\\\/\\\/schubertstone.com\\\/shop\\\/naturstein\\\/kalkstein\\\/levante-crema-caramella-matt\\\/#breadcrumb\"},\"inLanguage\":\"en-US\",\"potentialAction\":[{\"@type\":\"ReadAction\",\"target\":[\"https:\\\/\\\/schubertstone.com\\\/shop\\\/naturstein\\\/kalkstein\\\/levante-crema-caramella-matt\\\/\"]}]},{\"@type\":\"ImageObject\",\"inLanguage\":\"en-US\",\"@id\":\"https:\\\/\\\/schubertstone.com\\\/shop\\\/naturstein\\\/kalkstein\\\/levante-crema-caramella-matt\\\/#primaryimage\",\"url\":\"https:\\\/\\\/schubertstone.com\\\/wp-content\\\/uploads\\\/2025\\\/06\\\/Levante-Crema-Caramella.jpg\",\"contentUrl\":\"https:\\\/\\\/schubertstone.com\\\/wp-content\\\/uploads\\\/2025\\\/06\\\/Levante-Crema-Caramella.jpg\",\"width\":2048,\"height\":1536},{\"@type\":\"BreadcrumbList\",\"@id\":\"https:\\\/\\\/schubertstone.com\\\/shop\\\/naturstein\\\/kalkstein\\\/levante-crema-caramella-matt\\\/#breadcrumb\",\"itemListElement\":[{\"@type\":\"ListItem\",\"position\":1,\"name\":\"Home\",\"item\":\"https:\\\/\\\/schubertstone.com\\\/\"},{\"@type\":\"ListItem\",\"position\":2,\"name\":\"Shop\",\"item\":\"https:\\\/\\\/schubertstone.com\\\/shop\\\/\"},{\"@type\":\"ListItem\",\"position\":3,\"name\":\"Levante Crema Caramella matt\"}]},{\"@type\":\"WebSite\",\"@id\":\"https:\\\/\\\/schubertstone.com\\\/#website\",\"url\":\"https:\\\/\\\/schubertstone.com\\\/\",\"name\":\"SCHUBERT STONE - Naturstein, Feinsteinzeug, Parkett\",\"description\":\"Edle B\u00f6den &amp; Terrassen f\u00fcr Ihre exklusive Immobilie\",\"potentialAction\":[{\"@type\":\"SearchAction\",\"target\":{\"@type\":\"EntryPoint\",\"urlTemplate\":\"https:\\\/\\\/schubertstone.com\\\/?s={search_term_string}\"},\"query-input\":{\"@type\":\"PropertyValueSpecification\",\"valueRequired\":true,\"valueName\":\"search_term_string\"}}],\"inLanguage\":\"en-US\"}]}<\/script>\n<!-- \/ Yoast SEO Premium plugin. -->","yoast_head_json":{"title":"Levante Crema Caramella matt - SCHUBERT STONE - natural stone, porcelain stoneware, parquet","robots":{"index":"index","follow":"follow","max-snippet":"max-snippet:-1","max-image-preview":"max-image-preview:large","max-video-preview":"max-video-preview:-1"},"canonical":"https:\/\/schubertstone.com\/en\/store\/natural-stone\/limestone\/levante-crema-caramella-matt\/","og_locale":"en_US","og_type":"article","og_title":"Levante Crema Caramella matt","og_description":"Produktbeschreibung:  Die Oberfl\u00e4che des Levante Crema Caramella Hartkalksteins wird mit B\u00fcrsten immer feiner und feiner geschliffen. Diese Bearbeitung wirkt, als ob die Zeit ihre Patina \u00fcber den Stein gelegt h\u00e4tte. Eine besonders nat\u00fcrlich wirkende, edle und samtige Oberfl\u00e4che entsteht, die aussieht, als ob sie schon ben\u00fctzt wurde. Dadurch beh\u00e4lt der Stein in den n\u00e4chsten Jahrzehnten seine nat\u00fcrliche Ausstrahlung.    Erh\u00e4ltliche Gr\u00f6\u00dfen:   91,5 x 61 x 2 cm  61 x 61 x 2 cm  80,3 \u00d7 40,6 x 2 cm  40,6 x 61 x 2 cm  Stufen 3cm stark bis 2 Meter L\u00e4nge  Sockelleisten 1,5 cm     &nbsp;","og_url":"https:\/\/schubertstone.com\/en\/store\/natural-stone\/limestone\/levante-crema-caramella-matt\/","og_site_name":"SCHUBERT STONE - Naturstein, Feinsteinzeug, Parkett","article_modified_time":"2026-03-19T16:29:09+00:00","og_image":[{"width":2048,"height":1536,"url":"https:\/\/schubertstone.com\/wp-content\/uploads\/2025\/06\/Levante-Crema-Caramella.jpg","type":"image\/jpeg"}],"twitter_card":"summary_large_image","twitter_misc":{"Est. reading time":"1 minute"},"schema":{"@context":"https:\/\/schema.org","@graph":[{"@type":"WebPage","@id":"https:\/\/schubertstone.com\/shop\/naturstein\/kalkstein\/levante-crema-caramella-matt\/","url":"https:\/\/schubertstone.com\/shop\/naturstein\/kalkstein\/levante-crema-caramella-matt\/","name":"Levante Crema Caramella matt - SCHUBERT STONE - natural stone, porcelain stoneware, parquet","isPartOf":{"@id":"https:\/\/schubertstone.com\/#website"},"primaryImageOfPage":{"@id":"https:\/\/schubertstone.com\/shop\/naturstein\/kalkstein\/levante-crema-caramella-matt\/#primaryimage"},"image":{"@id":"https:\/\/schubertstone.com\/shop\/naturstein\/kalkstein\/levante-crema-caramella-matt\/#primaryimage"},"thumbnailUrl":"https:\/\/schubertstone.com\/wp-content\/uploads\/2025\/06\/Levante-Crema-Caramella.jpg","datePublished":"2025-06-20T15:03:37+00:00","dateModified":"2026-03-19T16:29:09+00:00","breadcrumb":{"@id":"https:\/\/schubertstone.com\/shop\/naturstein\/kalkstein\/levante-crema-caramella-matt\/#breadcrumb"},"inLanguage":"en-US","potentialAction":[{"@type":"ReadAction","target":["https:\/\/schubertstone.com\/shop\/naturstein\/kalkstein\/levante-crema-caramella-matt\/"]}]},{"@type":"ImageObject","inLanguage":"en-US","@id":"https:\/\/schubertstone.com\/shop\/naturstein\/kalkstein\/levante-crema-caramella-matt\/#primaryimage","url":"https:\/\/schubertstone.com\/wp-content\/uploads\/2025\/06\/Levante-Crema-Caramella.jpg","contentUrl":"https:\/\/schubertstone.com\/wp-content\/uploads\/2025\/06\/Levante-Crema-Caramella.jpg","width":2048,"height":1536},{"@type":"BreadcrumbList","@id":"https:\/\/schubertstone.com\/shop\/naturstein\/kalkstein\/levante-crema-caramella-matt\/#breadcrumb","itemListElement":[{"@type":"ListItem","position":1,"name":"Home","item":"https:\/\/schubertstone.com\/"},{"@type":"ListItem","position":2,"name":"Shop","item":"https:\/\/schubertstone.com\/shop\/"},{"@type":"ListItem","position":3,"name":"Levante Crema Caramella matt"}]},{"@type":"WebSite","@id":"https:\/\/schubertstone.com\/#website","url":"https:\/\/schubertstone.com\/","name":"SCHUBERT STONE - Natural stone, porcelain stoneware, parquet","description":"Fine floors &amp; terraces for your exclusive property","potentialAction":[{"@type":"SearchAction","target":{"@type":"EntryPoint","urlTemplate":"https:\/\/schubertstone.com\/?s={search_term_string}"},"query-input":{"@type":"PropertyValueSpecification","valueRequired":true,"valueName":"search_term_string"}}],"inLanguage":"en-US"}]}},"_links":{"self":[{"href":"https:\/\/schubertstone.com\/en\/wp-json\/wp\/v2\/product\/34360","targetHints":{"allow":["GET"]}}],"collection":[{"href":"https:\/\/schubertstone.com\/en\/wp-json\/wp\/v2\/product"}],"about":[{"href":"https:\/\/schubertstone.com\/en\/wp-json\/wp\/v2\/types\/product"}],"version-history":[{"count":12,"href":"https:\/\/schubertstone.com\/en\/wp-json\/wp\/v2\/product\/34360\/revisions"}],"predecessor-version":[{"id":36572,"href":"https:\/\/schubertstone.com\/en\/wp-json\/wp\/v2\/product\/34360\/revisions\/36572"}],"wp:featuredmedia":[{"embeddable":true,"href":"https:\/\/schubertstone.com\/en\/wp-json\/wp\/v2\/media\/34398"}],"wp:attachment":[{"href":"https:\/\/schubertstone.com\/en\/wp-json\/wp\/v2\/media?parent=34360"}],"wp:term":[{"taxonomy":"product_brand","embeddable":true,"href":"https:\/\/schubertstone.com\/en\/wp-json\/wp\/v2\/product_brand?post=34360"},{"taxonomy":"product_cat","embeddable":true,"href":"https:\/\/schubertstone.com\/en\/wp-json\/wp\/v2\/product_cat?post=34360"},{"taxonomy":"product_tag","embeddable":true,"href":"https:\/\/schubertstone.com\/en\/wp-json\/wp\/v2\/product_tag?post=34360"}],"curies":[{"name":"wp","href":"https:\/\/api.w.org\/{rel}","templated":true}]}}