{"id":34367,"date":"2025-06-23T11:48:24","date_gmt":"2025-06-23T09:48:24","guid":{"rendered":"https:\/\/schubertstone.com\/?post_type=product&#038;p=34367"},"modified":"2026-03-19T18:37:40","modified_gmt":"2026-03-19T17:37:40","slug":"levante-crema-antique","status":"publish","type":"product","link":"https:\/\/schubertstone.com\/en\/shop\/naturstein\/kalkstein\/levante-crema-antik\/","title":{"rendered":"Limestone Levante Crema antique - interior"},"content":{"rendered":"<hr \/>\n<h3 style=\"font-weight: 400;\"><strong>Product features:<\/strong><\/h3>\n<ul>\n<li>Warm colors in light pastel shades: beige, sand, cream<\/li>\n<li>Elegant, cozy, sophisticated design<\/li>\n<li>Velvety surface antiqued using a special process<\/li>\n<li>The stone looks like it has been used for 150 years<\/li>\n<li>Over time, a patina develops on the surface<\/li>\n<\/ul>\n<hr \/>\n<h3 style=\"font-weight: 400;\"><strong>Resilience:<\/strong><\/h3>\n<ul>\n<li>For indoors, extremely hard, therefore durable and robust,<\/li>\n<li>Also for hard-wearing public areas<\/li>\n<li>Surface anticipates traces of use<\/li>\n<li>Non-slip R 9<\/li>\n<\/ul>\n<hr \/>\n<h3 style=\"font-weight: 400;\"><strong>Care:<\/strong><\/h3>\n<ul>\n<li>Simple permanent impregnation protects against stains<\/li>\n<li>Simply clean with stone soap in the mop water<\/li>\n<\/ul>\n<hr \/>\n<h3 style=\"font-weight: 400;\"><strong>Use:<\/strong><\/h3>\n<ul>\n<li>Used in private homes, thermally conductive via underfloor heating<\/li>\n<li>In public buildings, such as castles, restaurants, hotels<\/li>\n<\/ul>\n<hr \/>\n<h3 style=\"font-weight: 400;\"><strong>Minimum order quantity:<\/strong><\/h3>\n<p>20 m2<\/p>\n<hr \/>\n<p>&nbsp;<\/p>","protected":false},"excerpt":{"rendered":"<hr \/>\n<h2>Product description:<\/h2>\n<p><\/p>\n<p>The <a href=\"https:\/\/schubertstone.com\/en\/natural-stone\/limestone\/\">Limestone<\/a> Levante Crema antique brings a cozy lifestyle to your property. Design with this <a href=\"https:\/\/schubertstone.com\/en\/natural-stone\/\">Natural stone<\/a> floors, stairs and walls to create your own private oasis of well-being. A special process gives the hard limestone its antique appearance: Its edges and surface look as if they have already been used.<\/p>\n<p>Levante Crema antique thus retains its natural radiance for many decades. Levante Crema antique looks very similar to an original old Kelheim stone. It was used in the renovation of Schloss Schlosshof in the arcade and also in the imperial villa in Bad Ischl.<\/p>\n<hr \/>\n<h3>Available sizes:<\/h3>\n<ul>\n<li>40 x 40 x 1.5 cm<\/li>\n<li>40 x 60 x 1.5 cm<\/li>\n<li>French Pattern with 4 panel sizes<\/li>\n<li>Steps 40.6 x 120 x 3.8 cm<\/li>\n<li>Skirting boards 1.5 cm<\/li>\n<\/ul>\n<p>Also available for <u><a href=\"https:\/\/schubertstone.com\/en\/store\/natural-stone\/limestone\/levante-crema-antique-exterior\/\">outside<\/a><\/u><\/p>\n<hr \/>\n<p>&nbsp;<\/p>","protected":false},"featured_media":34454,"template":"","meta":[],"product_brand":[],"product_cat":[198,169,19],"product_tag":[],"class_list":{"0":"post-34367","1":"product","2":"type-product","3":"status-publish","4":"has-post-thumbnail","6":"product_cat-boeden-antik","7":"product_cat-kalkstein","8":"product_cat-naturstein","9":"pa_anwendung-boeden","10":"pa_eignung-innen","11":"pa_form-rechtecke","12":"pa_material-kalkstein","13":"pa_oberflaeche-antik","15":"first","16":"instock","17":"shipping-taxable","18":"product-type-simple"},"yoast_head":"<!-- This site is optimized with the Yoast SEO Premium plugin v27.3 (Yoast SEO v27.4) - https:\/\/yoast.com\/product\/yoast-seo-premium-wordpress\/ -->\n<title>Kalkstein Levante Crema antik - innen - SCHUBERT STONE - Naturstein, Feinsteinzeug, Parkett<\/title>\n<meta name=\"robots\" content=\"index, follow, max-snippet:-1, max-image-preview:large, max-video-preview:-1\" \/>\n<link rel=\"canonical\" href=\"https:\/\/schubertstone.com\/en\/store\/natural-stone\/limestone\/levante-crema-antique\/\" \/>\n<meta property=\"og:locale\" content=\"en_US\" \/>\n<meta property=\"og:type\" content=\"article\" \/>\n<meta property=\"og:title\" content=\"Kalkstein Levante Crema antik - innen\" \/>\n<meta property=\"og:description\" content=\"Produktbeschreibung:  Der Kalkstein Levante Crema antik bringt gem\u00fctliches Lebensgef\u00fchl in Ihre Immobilie. Gestalten Sie mit diesem Naturstein B\u00f6den, Stiegen und W\u00e4nde, und erschaffen Sie so Ihre private Wohlf\u00fchl-Oase. Ein Spezialverfahren gibt dem Hartkalkstein sein antikes Aussehen: Seine Kanten und seine Oberfl\u00e4che sehen so aus, als ob sie schon ben\u00fctzt worden w\u00e4ren.  So beh\u00e4lt Levante Crema antik viele Jahrzehnte lang seine nat\u00fcrliche Ausstrahlung. Der Levante Crema antik sieht einem original alten Kelheimer Stein sehr \u00e4hnlich. Er wurde bei der Renovierung von Schloss Schlosshof im Arkadengang und auch in der Kaiservilla in Bad Ischl eingesetzt.    Erh\u00e4ltliche Gr\u00f6\u00dfen:   40 x 40 x 1,5 cm  40 x 60 x 1,5 cm  R\u00f6mischer Verband mit 4 Plattengr\u00f6\u00dfen  Stufen 40,6 x 120 x 3,8 cm  Sockelleisten 1,5 cm   Auch erh\u00e4ltlich f\u00fcr au\u00dfen    &nbsp;\" \/>\n<meta property=\"og:url\" content=\"https:\/\/schubertstone.com\/en\/store\/natural-stone\/limestone\/levante-crema-antique\/\" \/>\n<meta property=\"og:site_name\" content=\"SCHUBERT STONE - Naturstein, Feinsteinzeug, Parkett\" \/>\n<meta property=\"article:modified_time\" content=\"2026-03-19T17:37:40+00:00\" \/>\n<meta property=\"og:image\" content=\"https:\/\/schubertstone.com\/wp-content\/uploads\/2025\/06\/Levante-Crema-Antik-04.jpg\" \/>\n\t<meta property=\"og:image:width\" content=\"2048\" \/>\n\t<meta property=\"og:image:height\" content=\"1536\" \/>\n\t<meta property=\"og:image:type\" content=\"image\/jpeg\" \/>\n<meta name=\"twitter:card\" content=\"summary_large_image\" \/>\n<meta name=\"twitter:label1\" content=\"Est. reading time\" \/>\n\t<meta name=\"twitter:data1\" content=\"1 minute\" \/>\n<script type=\"application\/ld+json\" class=\"yoast-schema-graph\">{\"@context\":\"https:\\\/\\\/schema.org\",\"@graph\":[{\"@type\":\"WebPage\",\"@id\":\"https:\\\/\\\/schubertstone.com\\\/shop\\\/naturstein\\\/kalkstein\\\/levante-crema-antik\\\/\",\"url\":\"https:\\\/\\\/schubertstone.com\\\/shop\\\/naturstein\\\/kalkstein\\\/levante-crema-antik\\\/\",\"name\":\"Kalkstein Levante Crema antik - innen - SCHUBERT STONE - Naturstein, Feinsteinzeug, Parkett\",\"isPartOf\":{\"@id\":\"https:\\\/\\\/schubertstone.com\\\/#website\"},\"primaryImageOfPage\":{\"@id\":\"https:\\\/\\\/schubertstone.com\\\/shop\\\/naturstein\\\/kalkstein\\\/levante-crema-antik\\\/#primaryimage\"},\"image\":{\"@id\":\"https:\\\/\\\/schubertstone.com\\\/shop\\\/naturstein\\\/kalkstein\\\/levante-crema-antik\\\/#primaryimage\"},\"thumbnailUrl\":\"https:\\\/\\\/schubertstone.com\\\/wp-content\\\/uploads\\\/2025\\\/06\\\/Levante-Crema-Antik-04.jpg\",\"datePublished\":\"2025-06-23T09:48:24+00:00\",\"dateModified\":\"2026-03-19T17:37:40+00:00\",\"breadcrumb\":{\"@id\":\"https:\\\/\\\/schubertstone.com\\\/shop\\\/naturstein\\\/kalkstein\\\/levante-crema-antik\\\/#breadcrumb\"},\"inLanguage\":\"en-US\",\"potentialAction\":[{\"@type\":\"ReadAction\",\"target\":[\"https:\\\/\\\/schubertstone.com\\\/shop\\\/naturstein\\\/kalkstein\\\/levante-crema-antik\\\/\"]}]},{\"@type\":\"ImageObject\",\"inLanguage\":\"en-US\",\"@id\":\"https:\\\/\\\/schubertstone.com\\\/shop\\\/naturstein\\\/kalkstein\\\/levante-crema-antik\\\/#primaryimage\",\"url\":\"https:\\\/\\\/schubertstone.com\\\/wp-content\\\/uploads\\\/2025\\\/06\\\/Levante-Crema-Antik-04.jpg\",\"contentUrl\":\"https:\\\/\\\/schubertstone.com\\\/wp-content\\\/uploads\\\/2025\\\/06\\\/Levante-Crema-Antik-04.jpg\",\"width\":2048,\"height\":1536},{\"@type\":\"BreadcrumbList\",\"@id\":\"https:\\\/\\\/schubertstone.com\\\/shop\\\/naturstein\\\/kalkstein\\\/levante-crema-antik\\\/#breadcrumb\",\"itemListElement\":[{\"@type\":\"ListItem\",\"position\":1,\"name\":\"Home\",\"item\":\"https:\\\/\\\/schubertstone.com\\\/\"},{\"@type\":\"ListItem\",\"position\":2,\"name\":\"Shop\",\"item\":\"https:\\\/\\\/schubertstone.com\\\/shop\\\/\"},{\"@type\":\"ListItem\",\"position\":3,\"name\":\"Kalkstein Levante Crema antik &#8211; innen\"}]},{\"@type\":\"WebSite\",\"@id\":\"https:\\\/\\\/schubertstone.com\\\/#website\",\"url\":\"https:\\\/\\\/schubertstone.com\\\/\",\"name\":\"SCHUBERT STONE - Naturstein, Feinsteinzeug, Parkett\",\"description\":\"Edle B\u00f6den &amp; Terrassen f\u00fcr Ihre exklusive Immobilie\",\"potentialAction\":[{\"@type\":\"SearchAction\",\"target\":{\"@type\":\"EntryPoint\",\"urlTemplate\":\"https:\\\/\\\/schubertstone.com\\\/?s={search_term_string}\"},\"query-input\":{\"@type\":\"PropertyValueSpecification\",\"valueRequired\":true,\"valueName\":\"search_term_string\"}}],\"inLanguage\":\"en-US\"}]}<\/script>\n<!-- \/ Yoast SEO Premium plugin. -->","yoast_head_json":{"title":"Limestone Levante Crema antique - interior - SCHUBERT STONE - natural stone, porcelain stoneware, parquet","robots":{"index":"index","follow":"follow","max-snippet":"max-snippet:-1","max-image-preview":"max-image-preview:large","max-video-preview":"max-video-preview:-1"},"canonical":"https:\/\/schubertstone.com\/en\/store\/natural-stone\/limestone\/levante-crema-antique\/","og_locale":"en_US","og_type":"article","og_title":"Kalkstein Levante Crema antik - innen","og_description":"Produktbeschreibung:  Der Kalkstein Levante Crema antik bringt gem\u00fctliches Lebensgef\u00fchl in Ihre Immobilie. Gestalten Sie mit diesem Naturstein B\u00f6den, Stiegen und W\u00e4nde, und erschaffen Sie so Ihre private Wohlf\u00fchl-Oase. Ein Spezialverfahren gibt dem Hartkalkstein sein antikes Aussehen: Seine Kanten und seine Oberfl\u00e4che sehen so aus, als ob sie schon ben\u00fctzt worden w\u00e4ren.  So beh\u00e4lt Levante Crema antik viele Jahrzehnte lang seine nat\u00fcrliche Ausstrahlung. Der Levante Crema antik sieht einem original alten Kelheimer Stein sehr \u00e4hnlich. Er wurde bei der Renovierung von Schloss Schlosshof im Arkadengang und auch in der Kaiservilla in Bad Ischl eingesetzt.    Erh\u00e4ltliche Gr\u00f6\u00dfen:   40 x 40 x 1,5 cm  40 x 60 x 1,5 cm  R\u00f6mischer Verband mit 4 Plattengr\u00f6\u00dfen  Stufen 40,6 x 120 x 3,8 cm  Sockelleisten 1,5 cm   Auch erh\u00e4ltlich f\u00fcr au\u00dfen    &nbsp;","og_url":"https:\/\/schubertstone.com\/en\/store\/natural-stone\/limestone\/levante-crema-antique\/","og_site_name":"SCHUBERT STONE - Naturstein, Feinsteinzeug, Parkett","article_modified_time":"2026-03-19T17:37:40+00:00","og_image":[{"width":2048,"height":1536,"url":"https:\/\/schubertstone.com\/wp-content\/uploads\/2025\/06\/Levante-Crema-Antik-04.jpg","type":"image\/jpeg"}],"twitter_card":"summary_large_image","twitter_misc":{"Est. reading time":"1 minute"},"schema":{"@context":"https:\/\/schema.org","@graph":[{"@type":"WebPage","@id":"https:\/\/schubertstone.com\/shop\/naturstein\/kalkstein\/levante-crema-antik\/","url":"https:\/\/schubertstone.com\/shop\/naturstein\/kalkstein\/levante-crema-antik\/","name":"Limestone Levante Crema antique - interior - SCHUBERT STONE - natural stone, porcelain stoneware, parquet","isPartOf":{"@id":"https:\/\/schubertstone.com\/#website"},"primaryImageOfPage":{"@id":"https:\/\/schubertstone.com\/shop\/naturstein\/kalkstein\/levante-crema-antik\/#primaryimage"},"image":{"@id":"https:\/\/schubertstone.com\/shop\/naturstein\/kalkstein\/levante-crema-antik\/#primaryimage"},"thumbnailUrl":"https:\/\/schubertstone.com\/wp-content\/uploads\/2025\/06\/Levante-Crema-Antik-04.jpg","datePublished":"2025-06-23T09:48:24+00:00","dateModified":"2026-03-19T17:37:40+00:00","breadcrumb":{"@id":"https:\/\/schubertstone.com\/shop\/naturstein\/kalkstein\/levante-crema-antik\/#breadcrumb"},"inLanguage":"en-US","potentialAction":[{"@type":"ReadAction","target":["https:\/\/schubertstone.com\/shop\/naturstein\/kalkstein\/levante-crema-antik\/"]}]},{"@type":"ImageObject","inLanguage":"en-US","@id":"https:\/\/schubertstone.com\/shop\/naturstein\/kalkstein\/levante-crema-antik\/#primaryimage","url":"https:\/\/schubertstone.com\/wp-content\/uploads\/2025\/06\/Levante-Crema-Antik-04.jpg","contentUrl":"https:\/\/schubertstone.com\/wp-content\/uploads\/2025\/06\/Levante-Crema-Antik-04.jpg","width":2048,"height":1536},{"@type":"BreadcrumbList","@id":"https:\/\/schubertstone.com\/shop\/naturstein\/kalkstein\/levante-crema-antik\/#breadcrumb","itemListElement":[{"@type":"ListItem","position":1,"name":"Home","item":"https:\/\/schubertstone.com\/"},{"@type":"ListItem","position":2,"name":"Shop","item":"https:\/\/schubertstone.com\/shop\/"},{"@type":"ListItem","position":3,"name":"Kalkstein Levante Crema antik &#8211; innen"}]},{"@type":"WebSite","@id":"https:\/\/schubertstone.com\/#website","url":"https:\/\/schubertstone.com\/","name":"SCHUBERT STONE - Natural stone, porcelain stoneware, parquet","description":"Fine floors &amp; terraces for your exclusive property","potentialAction":[{"@type":"SearchAction","target":{"@type":"EntryPoint","urlTemplate":"https:\/\/schubertstone.com\/?s={search_term_string}"},"query-input":{"@type":"PropertyValueSpecification","valueRequired":true,"valueName":"search_term_string"}}],"inLanguage":"en-US"}]}},"_links":{"self":[{"href":"https:\/\/schubertstone.com\/en\/wp-json\/wp\/v2\/product\/34367","targetHints":{"allow":["GET"]}}],"collection":[{"href":"https:\/\/schubertstone.com\/en\/wp-json\/wp\/v2\/product"}],"about":[{"href":"https:\/\/schubertstone.com\/en\/wp-json\/wp\/v2\/types\/product"}],"version-history":[{"count":17,"href":"https:\/\/schubertstone.com\/en\/wp-json\/wp\/v2\/product\/34367\/revisions"}],"predecessor-version":[{"id":36636,"href":"https:\/\/schubertstone.com\/en\/wp-json\/wp\/v2\/product\/34367\/revisions\/36636"}],"wp:featuredmedia":[{"embeddable":true,"href":"https:\/\/schubertstone.com\/en\/wp-json\/wp\/v2\/media\/34454"}],"wp:attachment":[{"href":"https:\/\/schubertstone.com\/en\/wp-json\/wp\/v2\/media?parent=34367"}],"wp:term":[{"taxonomy":"product_brand","embeddable":true,"href":"https:\/\/schubertstone.com\/en\/wp-json\/wp\/v2\/product_brand?post=34367"},{"taxonomy":"product_cat","embeddable":true,"href":"https:\/\/schubertstone.com\/en\/wp-json\/wp\/v2\/product_cat?post=34367"},{"taxonomy":"product_tag","embeddable":true,"href":"https:\/\/schubertstone.com\/en\/wp-json\/wp\/v2\/product_tag?post=34367"}],"curies":[{"name":"wp","href":"https:\/\/api.w.org\/{rel}","templated":true}]}}