{"id":34412,"date":"2025-06-28T21:00:19","date_gmt":"2025-06-28T19:00:19","guid":{"rendered":"https:\/\/schubertstone.com\/?post_type=product&#038;p=34412"},"modified":"2026-03-19T17:36:39","modified_gmt":"2026-03-19T16:36:39","slug":"marrone-nobile-rough","status":"publish","type":"product","link":"https:\/\/schubertstone.com\/en\/shop\/naturstein\/dolomit\/marrone-nobile-rau\/","title":{"rendered":"Dolomite Marrone Nobile Rough"},"content":{"rendered":"<hr \/>\n<h3 style=\"font-weight: 400;\"><strong>Product features:<\/strong><\/h3>\n<ul>\n<li>Noble, natural radiance<\/li>\n<li>Warm shades in beige, gray, light brown, taupe<\/li>\n<li>Timeless structures and grains<\/li>\n<li>Background optics for high-quality architecture<\/li>\n<li>Rough surface, also suitable for bare feet in the pool area<\/li>\n<\/ul>\n<hr \/>\n<h3 style=\"font-weight: 400;\"><strong>Resilience:<\/strong><\/h3>\n<ul>\n<li>Extremely hard, therefore durable and robust<\/li>\n<li>Also for hard-wearing public areas<\/li>\n<li>Surface anticipates traces of use<\/li>\n<li>Non-slip R 11<\/li>\n<\/ul>\n<hr \/>\n<h3 style=\"font-weight: 400;\"><strong>Use:<\/strong><\/h3>\n<ul>\n<li>In private homes, thermally conductive via underfloor heating<\/li>\n<li>In public buildings, such as castles, restaurants, hotels<\/li>\n<\/ul>\n<hr \/>\n<h3 style=\"font-weight: 400;\"><strong>Care:<\/strong><\/h3>\n<ul>\n<li>Simple permanent impregnation<\/li>\n<li>Simply clean with stone soap in the mop water, also with the K\u00e4rcher brush<\/li>\n<\/ul>\n<hr \/>\n<h3 style=\"font-weight: 400;\"><strong>Minimum order quantity:<\/strong><\/h3>\n<p>80 square meters<\/p>\n<hr \/>\n<p>&nbsp;<\/p>","protected":false},"excerpt":{"rendered":"<hr \/>\n<h2>Product description:<\/h2>\n<p><\/p>\n<p>The surface of the timeless Dolomite Marrone Nobile is carefully roughened and then lightly brushed. This makes this natural stone rough and particularly slip-resistant - even in wet areas. Roughening makes the stone slightly lighter than the matt version for indoors. A color-deepening impregnation can be used to produce a similar color to match the interior stone.<\/p>\n<hr \/>\n<h3><strong>Available sizes:<\/strong><\/h3>\n<ul>\n<li>Free lengths x 30\/40\/50 x 3 cm<\/li>\n<li>60 x 90 x 3 cm<\/li>\n<li>French Pattern<\/li>\n<li>Steps 3 cm thick up to 2 meters long<\/li>\n<li>Skirting boards 2 cm thick<\/li>\n<\/ul>\n<p>Also available for <u><strong><a href=\"https:\/\/schubertstone.com\/en\/store\/natural-stone\/dolomite\/marrone-nobile-matt\/\">inside<\/a><\/strong><\/u><\/p>\n<hr \/>\n<p>&nbsp;<\/p>","protected":false},"featured_media":34420,"template":"","meta":[],"product_brand":[],"product_cat":[170,19,200],"product_tag":[145],"class_list":{"0":"post-34412","1":"product","2":"type-product","3":"status-publish","4":"has-post-thumbnail","6":"product_cat-dolomit","7":"product_cat-naturstein","8":"product_cat-terrassen-klassisch","9":"product_tag-terrassenplatten","10":"pa_anwendung-terrassenplatten","11":"pa_eignung-aussen","12":"pa_form-rechtecke","13":"pa_material-dolomit","14":"pa_oberflaeche-feinrau-sandg","16":"first","17":"instock","18":"shipping-taxable","19":"product-type-simple"},"yoast_head":"<!-- This site is optimized with the Yoast SEO Premium plugin v27.3 (Yoast SEO v27.5) - https:\/\/yoast.com\/product\/yoast-seo-premium-wordpress\/ -->\n<title>Dolomit Marrone Nobile Rau - SCHUBERT STONE - Naturstein, Feinsteinzeug, Parkett<\/title>\n<meta name=\"robots\" content=\"index, follow, max-snippet:-1, max-image-preview:large, max-video-preview:-1\" \/>\n<link rel=\"canonical\" href=\"https:\/\/schubertstone.com\/en\/store\/natural-stone\/dolomite\/marrone-nobile-rough\/\" \/>\n<meta property=\"og:locale\" content=\"en_US\" \/>\n<meta property=\"og:type\" content=\"article\" \/>\n<meta property=\"og:title\" content=\"Dolomit Marrone Nobile Rau\" \/>\n<meta property=\"og:description\" content=\"Produktbeschreibung:  Die Oberfl\u00e4che des zeitlosen Dolomit Marrone Nobile wird sorgf\u00e4ltig aufgeraut und danach leicht \u00fcberb\u00fcrstet. Dadurch ist dieser Naturstein rau und besonders rutschhemmend - auch in Nassbereichen. Durch das Aufrauen wird der Stein etwas heller als in der matten Variante f\u00fcr innen. Durch eine farbvertiefende Impr\u00e4gnierung kann eine \u00e4hnliche Farbe, passend zum Innenstein, hergestellt werden.    Erh\u00e4ltliche Gr\u00f6\u00dfen:   Freie L\u00e4ngen x 30\/40\/50 x 3 cm  60 x 90 x 3 cm  R\u00f6mischer Verband  Stufen in 3cm St\u00e4rke bis 2 Meter L\u00e4nge  Sockelleisten 2 cm St\u00e4rke  Auch erh\u00e4ltlich f\u00fcr innen    &nbsp;\" \/>\n<meta property=\"og:url\" content=\"https:\/\/schubertstone.com\/en\/store\/natural-stone\/dolomite\/marrone-nobile-rough\/\" \/>\n<meta property=\"og:site_name\" content=\"SCHUBERT STONE - Naturstein, Feinsteinzeug, Parkett\" \/>\n<meta property=\"article:modified_time\" content=\"2026-03-19T16:36:39+00:00\" \/>\n<meta property=\"og:image\" content=\"https:\/\/schubertstone.com\/wp-content\/uploads\/2025\/06\/Dolomit-Marrone-Nobile-Rau-10.jpg\" \/>\n\t<meta property=\"og:image:width\" content=\"2048\" \/>\n\t<meta property=\"og:image:height\" content=\"1536\" \/>\n\t<meta property=\"og:image:type\" content=\"image\/jpeg\" \/>\n<meta name=\"twitter:card\" content=\"summary_large_image\" \/>\n<meta name=\"twitter:label1\" content=\"Est. reading time\" \/>\n\t<meta name=\"twitter:data1\" content=\"1 minute\" \/>\n<script type=\"application\/ld+json\" class=\"yoast-schema-graph\">{\"@context\":\"https:\\\/\\\/schema.org\",\"@graph\":[{\"@type\":\"WebPage\",\"@id\":\"https:\\\/\\\/schubertstone.com\\\/shop\\\/naturstein\\\/dolomit\\\/marrone-nobile-rau\\\/\",\"url\":\"https:\\\/\\\/schubertstone.com\\\/shop\\\/naturstein\\\/dolomit\\\/marrone-nobile-rau\\\/\",\"name\":\"Dolomit Marrone Nobile Rau - SCHUBERT STONE - Naturstein, Feinsteinzeug, Parkett\",\"isPartOf\":{\"@id\":\"https:\\\/\\\/schubertstone.com\\\/#website\"},\"primaryImageOfPage\":{\"@id\":\"https:\\\/\\\/schubertstone.com\\\/shop\\\/naturstein\\\/dolomit\\\/marrone-nobile-rau\\\/#primaryimage\"},\"image\":{\"@id\":\"https:\\\/\\\/schubertstone.com\\\/shop\\\/naturstein\\\/dolomit\\\/marrone-nobile-rau\\\/#primaryimage\"},\"thumbnailUrl\":\"https:\\\/\\\/schubertstone.com\\\/wp-content\\\/uploads\\\/2025\\\/06\\\/Dolomit-Marrone-Nobile-Rau-10.jpg\",\"datePublished\":\"2025-06-28T19:00:19+00:00\",\"dateModified\":\"2026-03-19T16:36:39+00:00\",\"breadcrumb\":{\"@id\":\"https:\\\/\\\/schubertstone.com\\\/shop\\\/naturstein\\\/dolomit\\\/marrone-nobile-rau\\\/#breadcrumb\"},\"inLanguage\":\"en-US\",\"potentialAction\":[{\"@type\":\"ReadAction\",\"target\":[\"https:\\\/\\\/schubertstone.com\\\/shop\\\/naturstein\\\/dolomit\\\/marrone-nobile-rau\\\/\"]}]},{\"@type\":\"ImageObject\",\"inLanguage\":\"en-US\",\"@id\":\"https:\\\/\\\/schubertstone.com\\\/shop\\\/naturstein\\\/dolomit\\\/marrone-nobile-rau\\\/#primaryimage\",\"url\":\"https:\\\/\\\/schubertstone.com\\\/wp-content\\\/uploads\\\/2025\\\/06\\\/Dolomit-Marrone-Nobile-Rau-10.jpg\",\"contentUrl\":\"https:\\\/\\\/schubertstone.com\\\/wp-content\\\/uploads\\\/2025\\\/06\\\/Dolomit-Marrone-Nobile-Rau-10.jpg\",\"width\":2048,\"height\":1536},{\"@type\":\"BreadcrumbList\",\"@id\":\"https:\\\/\\\/schubertstone.com\\\/shop\\\/naturstein\\\/dolomit\\\/marrone-nobile-rau\\\/#breadcrumb\",\"itemListElement\":[{\"@type\":\"ListItem\",\"position\":1,\"name\":\"Home\",\"item\":\"https:\\\/\\\/schubertstone.com\\\/\"},{\"@type\":\"ListItem\",\"position\":2,\"name\":\"Shop\",\"item\":\"https:\\\/\\\/schubertstone.com\\\/shop\\\/\"},{\"@type\":\"ListItem\",\"position\":3,\"name\":\"Dolomit Marrone Nobile Rau\"}]},{\"@type\":\"WebSite\",\"@id\":\"https:\\\/\\\/schubertstone.com\\\/#website\",\"url\":\"https:\\\/\\\/schubertstone.com\\\/\",\"name\":\"SCHUBERT STONE - Naturstein, Feinsteinzeug, Parkett\",\"description\":\"Edle B\u00f6den &amp; Terrassen f\u00fcr Ihre exklusive Immobilie\",\"potentialAction\":[{\"@type\":\"SearchAction\",\"target\":{\"@type\":\"EntryPoint\",\"urlTemplate\":\"https:\\\/\\\/schubertstone.com\\\/?s={search_term_string}\"},\"query-input\":{\"@type\":\"PropertyValueSpecification\",\"valueRequired\":true,\"valueName\":\"search_term_string\"}}],\"inLanguage\":\"en-US\"}]}<\/script>\n<!-- \/ Yoast SEO Premium plugin. -->","yoast_head_json":{"title":"Dolomit Marrone Nobile Rau - SCHUBERT STONE - natural stone, porcelain stoneware, parquet","robots":{"index":"index","follow":"follow","max-snippet":"max-snippet:-1","max-image-preview":"max-image-preview:large","max-video-preview":"max-video-preview:-1"},"canonical":"https:\/\/schubertstone.com\/en\/store\/natural-stone\/dolomite\/marrone-nobile-rough\/","og_locale":"en_US","og_type":"article","og_title":"Dolomit Marrone Nobile Rau","og_description":"Produktbeschreibung:  Die Oberfl\u00e4che des zeitlosen Dolomit Marrone Nobile wird sorgf\u00e4ltig aufgeraut und danach leicht \u00fcberb\u00fcrstet. Dadurch ist dieser Naturstein rau und besonders rutschhemmend - auch in Nassbereichen. Durch das Aufrauen wird der Stein etwas heller als in der matten Variante f\u00fcr innen. Durch eine farbvertiefende Impr\u00e4gnierung kann eine \u00e4hnliche Farbe, passend zum Innenstein, hergestellt werden.    Erh\u00e4ltliche Gr\u00f6\u00dfen:   Freie L\u00e4ngen x 30\/40\/50 x 3 cm  60 x 90 x 3 cm  R\u00f6mischer Verband  Stufen in 3cm St\u00e4rke bis 2 Meter L\u00e4nge  Sockelleisten 2 cm St\u00e4rke  Auch erh\u00e4ltlich f\u00fcr innen    &nbsp;","og_url":"https:\/\/schubertstone.com\/en\/store\/natural-stone\/dolomite\/marrone-nobile-rough\/","og_site_name":"SCHUBERT STONE - Naturstein, Feinsteinzeug, Parkett","article_modified_time":"2026-03-19T16:36:39+00:00","og_image":[{"width":2048,"height":1536,"url":"https:\/\/schubertstone.com\/wp-content\/uploads\/2025\/06\/Dolomit-Marrone-Nobile-Rau-10.jpg","type":"image\/jpeg"}],"twitter_card":"summary_large_image","twitter_misc":{"Est. reading time":"1 minute"},"schema":{"@context":"https:\/\/schema.org","@graph":[{"@type":"WebPage","@id":"https:\/\/schubertstone.com\/shop\/naturstein\/dolomit\/marrone-nobile-rau\/","url":"https:\/\/schubertstone.com\/shop\/naturstein\/dolomit\/marrone-nobile-rau\/","name":"Dolomit Marrone Nobile Rau - SCHUBERT STONE - natural stone, porcelain stoneware, parquet","isPartOf":{"@id":"https:\/\/schubertstone.com\/#website"},"primaryImageOfPage":{"@id":"https:\/\/schubertstone.com\/shop\/naturstein\/dolomit\/marrone-nobile-rau\/#primaryimage"},"image":{"@id":"https:\/\/schubertstone.com\/shop\/naturstein\/dolomit\/marrone-nobile-rau\/#primaryimage"},"thumbnailUrl":"https:\/\/schubertstone.com\/wp-content\/uploads\/2025\/06\/Dolomit-Marrone-Nobile-Rau-10.jpg","datePublished":"2025-06-28T19:00:19+00:00","dateModified":"2026-03-19T16:36:39+00:00","breadcrumb":{"@id":"https:\/\/schubertstone.com\/shop\/naturstein\/dolomit\/marrone-nobile-rau\/#breadcrumb"},"inLanguage":"en-US","potentialAction":[{"@type":"ReadAction","target":["https:\/\/schubertstone.com\/shop\/naturstein\/dolomit\/marrone-nobile-rau\/"]}]},{"@type":"ImageObject","inLanguage":"en-US","@id":"https:\/\/schubertstone.com\/shop\/naturstein\/dolomit\/marrone-nobile-rau\/#primaryimage","url":"https:\/\/schubertstone.com\/wp-content\/uploads\/2025\/06\/Dolomit-Marrone-Nobile-Rau-10.jpg","contentUrl":"https:\/\/schubertstone.com\/wp-content\/uploads\/2025\/06\/Dolomit-Marrone-Nobile-Rau-10.jpg","width":2048,"height":1536},{"@type":"BreadcrumbList","@id":"https:\/\/schubertstone.com\/shop\/naturstein\/dolomit\/marrone-nobile-rau\/#breadcrumb","itemListElement":[{"@type":"ListItem","position":1,"name":"Home","item":"https:\/\/schubertstone.com\/"},{"@type":"ListItem","position":2,"name":"Shop","item":"https:\/\/schubertstone.com\/shop\/"},{"@type":"ListItem","position":3,"name":"Dolomit Marrone Nobile Rau"}]},{"@type":"WebSite","@id":"https:\/\/schubertstone.com\/#website","url":"https:\/\/schubertstone.com\/","name":"SCHUBERT STONE - Natural stone, porcelain stoneware, parquet","description":"Fine floors &amp; terraces for your exclusive property","potentialAction":[{"@type":"SearchAction","target":{"@type":"EntryPoint","urlTemplate":"https:\/\/schubertstone.com\/?s={search_term_string}"},"query-input":{"@type":"PropertyValueSpecification","valueRequired":true,"valueName":"search_term_string"}}],"inLanguage":"en-US"}]}},"_links":{"self":[{"href":"https:\/\/schubertstone.com\/en\/wp-json\/wp\/v2\/product\/34412","targetHints":{"allow":["GET"]}}],"collection":[{"href":"https:\/\/schubertstone.com\/en\/wp-json\/wp\/v2\/product"}],"about":[{"href":"https:\/\/schubertstone.com\/en\/wp-json\/wp\/v2\/types\/product"}],"version-history":[{"count":21,"href":"https:\/\/schubertstone.com\/en\/wp-json\/wp\/v2\/product\/34412\/revisions"}],"predecessor-version":[{"id":36578,"href":"https:\/\/schubertstone.com\/en\/wp-json\/wp\/v2\/product\/34412\/revisions\/36578"}],"wp:featuredmedia":[{"embeddable":true,"href":"https:\/\/schubertstone.com\/en\/wp-json\/wp\/v2\/media\/34420"}],"wp:attachment":[{"href":"https:\/\/schubertstone.com\/en\/wp-json\/wp\/v2\/media?parent=34412"}],"wp:term":[{"taxonomy":"product_brand","embeddable":true,"href":"https:\/\/schubertstone.com\/en\/wp-json\/wp\/v2\/product_brand?post=34412"},{"taxonomy":"product_cat","embeddable":true,"href":"https:\/\/schubertstone.com\/en\/wp-json\/wp\/v2\/product_cat?post=34412"},{"taxonomy":"product_tag","embeddable":true,"href":"https:\/\/schubertstone.com\/en\/wp-json\/wp\/v2\/product_tag?post=34412"}],"curies":[{"name":"wp","href":"https:\/\/api.w.org\/{rel}","templated":true}]}}