{"id":35045,"date":"2025-11-02T15:32:33","date_gmt":"2025-11-02T14:32:33","guid":{"rendered":"https:\/\/schubertstone.com\/?post_type=product&#038;p=35045"},"modified":"2026-04-13T16:24:16","modified_gmt":"2026-04-13T14:24:16","slug":"jm-quarry-stone-wall-gray","status":"publish","type":"product","link":"https:\/\/schubertstone.com\/en\/shop\/naturstein\/kalkstein\/jm-bruchsteinmauer-grau\/","title":{"rendered":"Limestone JM quarry stone wall gray"},"content":{"rendered":"<hr \/>\n<h3 style=\"font-weight: 400;\"><strong>Product features:<\/strong><\/h3>\n<ul>\n<li>Color play in light to dark grey tones<\/li>\n<li>Surface naturally broken<\/li>\n<li>Particularly suitable for rustic and Mediterranean designs<\/li>\n<\/ul>\n<hr \/>\n<h3 style=\"font-weight: 400;\"><strong>Resilience:<\/strong><\/h3>\n<ul>\n<li>Frost and weather resistant<\/li>\n<li>Particularly robust and dimensionally stable<\/li>\n<\/ul>\n<hr \/>\n<h3 style=\"font-weight: 400;\"><strong>Use:<\/strong><\/h3>\n<ul>\n<li>Garden and retaining walls<\/li>\n<li>Edgings<\/li>\n<li>Landscaping<\/li>\n<\/ul>\n<hr \/>\n<h3 style=\"font-weight: 400;\"><strong>Care:<\/strong><\/h3>\n<ul>\n<li>Clean with stone soap, also with the K\u00e4rcher brush<\/li>\n<\/ul>\n<hr \/>\n<h3 style=\"font-weight: 400;\"><strong>Minimum order quantity:<\/strong><\/h3>\n<p>10 m2<\/p>\n<hr \/>\n<p>&nbsp;<\/p>","protected":false},"excerpt":{"rendered":"<hr \/>\n<h2>Product features:<\/h2>\n<p><\/p>\n<p>The <span class=\"s1\">Limestone JM quarry stone wall in gray<\/span> impresses with its elegant, natural coloring and handcrafted, broken structure. The different shades of gray - from light to anthracite nuances - give the wall depth and a modern, yet timeless character.<\/p>\n<p>With its rustic surface, the wall blends harmoniously into both modern and classic architecture and forms a striking contrast to green areas or light-colored floor coverings.<\/p>\n<hr \/>\n<h3><strong>Available sizes:<\/strong><\/h3>\n<ul>\n<li>Irregular pieces at a height of 10-30 cm<\/li>\n<\/ul>\n<hr \/>\n<p>&nbsp;<\/p>","protected":false},"featured_media":35046,"template":"","meta":[],"product_brand":[],"product_cat":[208,169,19],"product_tag":[],"class_list":{"0":"post-35045","1":"product","2":"type-product","3":"status-publish","4":"has-post-thumbnail","6":"product_cat-bruchsteinmauern","7":"product_cat-kalkstein","8":"product_cat-naturstein","9":"pa_anwendung-mauern","10":"pa_bereich-bruchsteinmauern","11":"pa_eignung-aussen","12":"pa_form-unreg-rechtecke-wandverkleid","13":"pa_material-kalkstein","14":"pa_oberflaeche-spaltrauskantenbehauen","16":"first","17":"instock","18":"shipping-taxable","19":"product-type-simple"},"yoast_head":"<!-- This site is optimized with the Yoast SEO Premium plugin v27.3 (Yoast SEO v27.5) - https:\/\/yoast.com\/product\/yoast-seo-premium-wordpress\/ -->\n<title>Kalkstein JM Bruchsteinmauer grau - SCHUBERT STONE - Naturstein, Feinsteinzeug, Parkett<\/title>\n<meta name=\"robots\" content=\"index, follow, max-snippet:-1, max-image-preview:large, max-video-preview:-1\" \/>\n<link rel=\"canonical\" href=\"https:\/\/schubertstone.com\/en\/store\/natural-stone\/limestone\/jm-quarry-stone-wall-gray\/\" \/>\n<meta property=\"og:locale\" content=\"en_US\" \/>\n<meta property=\"og:type\" content=\"article\" \/>\n<meta property=\"og:title\" content=\"Kalkstein JM Bruchsteinmauer grau\" \/>\n<meta property=\"og:description\" content=\"Produkteigenschaften:  Die Kalkstein JM Bruchsteinmauer in Grau \u00fcberzeugt durch ihre elegante, nat\u00fcrliche Farbgebung und die handwerklich gebrochene Struktur. Die verschiedenen Graut\u00f6ne \u2013 von hellen bis zu anthrazitfarbenen Nuancen \u2013 verleihen der Mauer Tiefe und einen modernen, zugleich zeitlosen Charakter.  Mit ihrer rustikalen Oberfl\u00e4che f\u00fcgt sich die Mauer harmonisch in moderne wie klassische Architektur ein und bildet einen markanten Kontrast zu Gr\u00fcnfl\u00e4chen oder hellen Bodenbel\u00e4gen.     Erh\u00e4ltliche Gr\u00f6\u00dfen:   Unregelm\u00e4\u00dfige St\u00fccke in 10-30 cm H\u00f6he     &nbsp;\" \/>\n<meta property=\"og:url\" content=\"https:\/\/schubertstone.com\/en\/store\/natural-stone\/limestone\/jm-quarry-stone-wall-gray\/\" \/>\n<meta property=\"og:site_name\" content=\"SCHUBERT STONE - Naturstein, Feinsteinzeug, Parkett\" \/>\n<meta property=\"article:modified_time\" content=\"2026-04-13T14:24:16+00:00\" \/>\n<meta property=\"og:image\" content=\"https:\/\/schubertstone.com\/wp-content\/uploads\/2025\/11\/Kalkstein-JM-Bruchsteinmauer-grau.jpg\" \/>\n\t<meta property=\"og:image:width\" content=\"2048\" \/>\n\t<meta property=\"og:image:height\" content=\"1024\" \/>\n\t<meta property=\"og:image:type\" content=\"image\/jpeg\" \/>\n<meta name=\"twitter:card\" content=\"summary_large_image\" \/>\n<meta name=\"twitter:label1\" content=\"Est. reading time\" \/>\n\t<meta name=\"twitter:data1\" content=\"1 minute\" \/>\n<script type=\"application\/ld+json\" class=\"yoast-schema-graph\">{\"@context\":\"https:\\\/\\\/schema.org\",\"@graph\":[{\"@type\":\"WebPage\",\"@id\":\"https:\\\/\\\/schubertstone.com\\\/shop\\\/naturstein\\\/kalkstein\\\/jm-bruchsteinmauer-grau\\\/\",\"url\":\"https:\\\/\\\/schubertstone.com\\\/shop\\\/naturstein\\\/kalkstein\\\/jm-bruchsteinmauer-grau\\\/\",\"name\":\"Kalkstein JM Bruchsteinmauer grau - SCHUBERT STONE - Naturstein, Feinsteinzeug, Parkett\",\"isPartOf\":{\"@id\":\"https:\\\/\\\/schubertstone.com\\\/#website\"},\"primaryImageOfPage\":{\"@id\":\"https:\\\/\\\/schubertstone.com\\\/shop\\\/naturstein\\\/kalkstein\\\/jm-bruchsteinmauer-grau\\\/#primaryimage\"},\"image\":{\"@id\":\"https:\\\/\\\/schubertstone.com\\\/shop\\\/naturstein\\\/kalkstein\\\/jm-bruchsteinmauer-grau\\\/#primaryimage\"},\"thumbnailUrl\":\"https:\\\/\\\/schubertstone.com\\\/wp-content\\\/uploads\\\/2025\\\/11\\\/Kalkstein-JM-Bruchsteinmauer-grau.jpg\",\"datePublished\":\"2025-11-02T14:32:33+00:00\",\"dateModified\":\"2026-04-13T14:24:16+00:00\",\"breadcrumb\":{\"@id\":\"https:\\\/\\\/schubertstone.com\\\/shop\\\/naturstein\\\/kalkstein\\\/jm-bruchsteinmauer-grau\\\/#breadcrumb\"},\"inLanguage\":\"en-US\",\"potentialAction\":[{\"@type\":\"ReadAction\",\"target\":[\"https:\\\/\\\/schubertstone.com\\\/shop\\\/naturstein\\\/kalkstein\\\/jm-bruchsteinmauer-grau\\\/\"]}]},{\"@type\":\"ImageObject\",\"inLanguage\":\"en-US\",\"@id\":\"https:\\\/\\\/schubertstone.com\\\/shop\\\/naturstein\\\/kalkstein\\\/jm-bruchsteinmauer-grau\\\/#primaryimage\",\"url\":\"https:\\\/\\\/schubertstone.com\\\/wp-content\\\/uploads\\\/2025\\\/11\\\/Kalkstein-JM-Bruchsteinmauer-grau.jpg\",\"contentUrl\":\"https:\\\/\\\/schubertstone.com\\\/wp-content\\\/uploads\\\/2025\\\/11\\\/Kalkstein-JM-Bruchsteinmauer-grau.jpg\",\"width\":2048,\"height\":1024,\"caption\":\"Kalkstein JM Bruchsteinmauer, unregelm\u00e4\u00dfige Steine, St\u00e4rke 10-30cm\"},{\"@type\":\"BreadcrumbList\",\"@id\":\"https:\\\/\\\/schubertstone.com\\\/shop\\\/naturstein\\\/kalkstein\\\/jm-bruchsteinmauer-grau\\\/#breadcrumb\",\"itemListElement\":[{\"@type\":\"ListItem\",\"position\":1,\"name\":\"Home\",\"item\":\"https:\\\/\\\/schubertstone.com\\\/\"},{\"@type\":\"ListItem\",\"position\":2,\"name\":\"Shop\",\"item\":\"https:\\\/\\\/schubertstone.com\\\/shop\\\/\"},{\"@type\":\"ListItem\",\"position\":3,\"name\":\"Kalkstein JM Bruchsteinmauer grau\"}]},{\"@type\":\"WebSite\",\"@id\":\"https:\\\/\\\/schubertstone.com\\\/#website\",\"url\":\"https:\\\/\\\/schubertstone.com\\\/\",\"name\":\"SCHUBERT STONE - Naturstein, Feinsteinzeug, Parkett\",\"description\":\"Edle B\u00f6den &amp; Terrassen f\u00fcr Ihre exklusive Immobilie\",\"potentialAction\":[{\"@type\":\"SearchAction\",\"target\":{\"@type\":\"EntryPoint\",\"urlTemplate\":\"https:\\\/\\\/schubertstone.com\\\/?s={search_term_string}\"},\"query-input\":{\"@type\":\"PropertyValueSpecification\",\"valueRequired\":true,\"valueName\":\"search_term_string\"}}],\"inLanguage\":\"en-US\"}]}<\/script>\n<!-- \/ Yoast SEO Premium plugin. -->","yoast_head_json":{"title":"Limestone JM quarry stone wall gray - SCHUBERT STONE - natural stone, porcelain stoneware, parquet","robots":{"index":"index","follow":"follow","max-snippet":"max-snippet:-1","max-image-preview":"max-image-preview:large","max-video-preview":"max-video-preview:-1"},"canonical":"https:\/\/schubertstone.com\/en\/store\/natural-stone\/limestone\/jm-quarry-stone-wall-gray\/","og_locale":"en_US","og_type":"article","og_title":"Kalkstein JM Bruchsteinmauer grau","og_description":"Produkteigenschaften:  Die Kalkstein JM Bruchsteinmauer in Grau \u00fcberzeugt durch ihre elegante, nat\u00fcrliche Farbgebung und die handwerklich gebrochene Struktur. Die verschiedenen Graut\u00f6ne \u2013 von hellen bis zu anthrazitfarbenen Nuancen \u2013 verleihen der Mauer Tiefe und einen modernen, zugleich zeitlosen Charakter.  Mit ihrer rustikalen Oberfl\u00e4che f\u00fcgt sich die Mauer harmonisch in moderne wie klassische Architektur ein und bildet einen markanten Kontrast zu Gr\u00fcnfl\u00e4chen oder hellen Bodenbel\u00e4gen.     Erh\u00e4ltliche Gr\u00f6\u00dfen:   Unregelm\u00e4\u00dfige St\u00fccke in 10-30 cm H\u00f6he     &nbsp;","og_url":"https:\/\/schubertstone.com\/en\/store\/natural-stone\/limestone\/jm-quarry-stone-wall-gray\/","og_site_name":"SCHUBERT STONE - Naturstein, Feinsteinzeug, Parkett","article_modified_time":"2026-04-13T14:24:16+00:00","og_image":[{"width":2048,"height":1024,"url":"https:\/\/schubertstone.com\/wp-content\/uploads\/2025\/11\/Kalkstein-JM-Bruchsteinmauer-grau.jpg","type":"image\/jpeg"}],"twitter_card":"summary_large_image","twitter_misc":{"Est. reading time":"1 minute"},"schema":{"@context":"https:\/\/schema.org","@graph":[{"@type":"WebPage","@id":"https:\/\/schubertstone.com\/shop\/naturstein\/kalkstein\/jm-bruchsteinmauer-grau\/","url":"https:\/\/schubertstone.com\/shop\/naturstein\/kalkstein\/jm-bruchsteinmauer-grau\/","name":"Limestone JM quarry stone wall gray - SCHUBERT STONE - natural stone, porcelain stoneware, parquet","isPartOf":{"@id":"https:\/\/schubertstone.com\/#website"},"primaryImageOfPage":{"@id":"https:\/\/schubertstone.com\/shop\/naturstein\/kalkstein\/jm-bruchsteinmauer-grau\/#primaryimage"},"image":{"@id":"https:\/\/schubertstone.com\/shop\/naturstein\/kalkstein\/jm-bruchsteinmauer-grau\/#primaryimage"},"thumbnailUrl":"https:\/\/schubertstone.com\/wp-content\/uploads\/2025\/11\/Kalkstein-JM-Bruchsteinmauer-grau.jpg","datePublished":"2025-11-02T14:32:33+00:00","dateModified":"2026-04-13T14:24:16+00:00","breadcrumb":{"@id":"https:\/\/schubertstone.com\/shop\/naturstein\/kalkstein\/jm-bruchsteinmauer-grau\/#breadcrumb"},"inLanguage":"en-US","potentialAction":[{"@type":"ReadAction","target":["https:\/\/schubertstone.com\/shop\/naturstein\/kalkstein\/jm-bruchsteinmauer-grau\/"]}]},{"@type":"ImageObject","inLanguage":"en-US","@id":"https:\/\/schubertstone.com\/shop\/naturstein\/kalkstein\/jm-bruchsteinmauer-grau\/#primaryimage","url":"https:\/\/schubertstone.com\/wp-content\/uploads\/2025\/11\/Kalkstein-JM-Bruchsteinmauer-grau.jpg","contentUrl":"https:\/\/schubertstone.com\/wp-content\/uploads\/2025\/11\/Kalkstein-JM-Bruchsteinmauer-grau.jpg","width":2048,"height":1024,"caption":"Kalkstein JM Bruchsteinmauer, unregelm\u00e4\u00dfige Steine, St\u00e4rke 10-30cm"},{"@type":"BreadcrumbList","@id":"https:\/\/schubertstone.com\/shop\/naturstein\/kalkstein\/jm-bruchsteinmauer-grau\/#breadcrumb","itemListElement":[{"@type":"ListItem","position":1,"name":"Home","item":"https:\/\/schubertstone.com\/"},{"@type":"ListItem","position":2,"name":"Shop","item":"https:\/\/schubertstone.com\/shop\/"},{"@type":"ListItem","position":3,"name":"Kalkstein JM Bruchsteinmauer grau"}]},{"@type":"WebSite","@id":"https:\/\/schubertstone.com\/#website","url":"https:\/\/schubertstone.com\/","name":"SCHUBERT STONE - Natural stone, porcelain stoneware, parquet","description":"Fine floors &amp; terraces for your exclusive property","potentialAction":[{"@type":"SearchAction","target":{"@type":"EntryPoint","urlTemplate":"https:\/\/schubertstone.com\/?s={search_term_string}"},"query-input":{"@type":"PropertyValueSpecification","valueRequired":true,"valueName":"search_term_string"}}],"inLanguage":"en-US"}]}},"_links":{"self":[{"href":"https:\/\/schubertstone.com\/en\/wp-json\/wp\/v2\/product\/35045","targetHints":{"allow":["GET"]}}],"collection":[{"href":"https:\/\/schubertstone.com\/en\/wp-json\/wp\/v2\/product"}],"about":[{"href":"https:\/\/schubertstone.com\/en\/wp-json\/wp\/v2\/types\/product"}],"version-history":[{"count":9,"href":"https:\/\/schubertstone.com\/en\/wp-json\/wp\/v2\/product\/35045\/revisions"}],"predecessor-version":[{"id":36950,"href":"https:\/\/schubertstone.com\/en\/wp-json\/wp\/v2\/product\/35045\/revisions\/36950"}],"wp:featuredmedia":[{"embeddable":true,"href":"https:\/\/schubertstone.com\/en\/wp-json\/wp\/v2\/media\/35046"}],"wp:attachment":[{"href":"https:\/\/schubertstone.com\/en\/wp-json\/wp\/v2\/media?parent=35045"}],"wp:term":[{"taxonomy":"product_brand","embeddable":true,"href":"https:\/\/schubertstone.com\/en\/wp-json\/wp\/v2\/product_brand?post=35045"},{"taxonomy":"product_cat","embeddable":true,"href":"https:\/\/schubertstone.com\/en\/wp-json\/wp\/v2\/product_cat?post=35045"},{"taxonomy":"product_tag","embeddable":true,"href":"https:\/\/schubertstone.com\/en\/wp-json\/wp\/v2\/product_tag?post=35045"}],"curies":[{"name":"wp","href":"https:\/\/api.w.org\/{rel}","templated":true}]}}