{"id":35061,"date":"2025-11-02T22:52:44","date_gmt":"2025-11-02T21:52:44","guid":{"rendered":"https:\/\/schubertstone.com\/?post_type=product&#038;p=35061"},"modified":"2026-03-19T17:53:24","modified_gmt":"2026-03-19T16:53:24","slug":"levante-crema-solid-wall","status":"publish","type":"product","link":"https:\/\/schubertstone.com\/en\/shop\/naturstein\/kalkstein\/levante-crema-massivmauer\/","title":{"rendered":"Levante Crema solid wall"},"content":{"rendered":"<p>&nbsp;<\/p>\n<hr \/>\n<h3 style=\"font-weight: 400;\"><strong>Product features:<\/strong><\/h3>\n<ul>\n<li>Warm, creamy beige natural stone with a homogeneous structure<\/li>\n<li>Surface split and tumbled<\/li>\n<li>Solid and particularly durable for outdoor use<\/li>\n<\/ul>\n<hr \/>\n<h3 style=\"font-weight: 400;\"><strong>Resilience:<\/strong><\/h3>\n<ul>\n<li>Frost and weather resistant<\/li>\n<li>Particularly robust and dimensionally stable<\/li>\n<\/ul>\n<hr \/>\n<h3 style=\"font-weight: 400;\"><strong>Use:<\/strong><\/h3>\n<ul>\n<li>\n<p class=\"p1\">Garden and retaining walls, borders, raised beds<\/p>\n<\/li>\n<\/ul>\n<hr \/>\n<h3 style=\"font-weight: 400;\"><strong>Care:<\/strong><\/h3>\n<ul>\n<li>Clean with stone soap, also with the K\u00e4rcher brush<\/li>\n<\/ul>\n<hr \/>\n<h3 style=\"font-weight: 400;\"><strong>Minimum order quantity:<\/strong><\/h3>\n<p>30 m2<\/p>\n<hr \/>\n<p>&nbsp;<\/p>","protected":false},"excerpt":{"rendered":"<hr \/>\n<h2>Product description:<\/h2>\n<p><\/p>\n<p>The solid wall made of Levante Crema hard limestone impresses with its elegant, light coloring and finely textured, natural surface. The warm beige tone lends gardens, terraces and pool areas an elegant, Mediterranean atmosphere with a timeless appeal. <\/p>\n<p>Thanks to the solid design and robust material quality, this wall is a highlight in terms of both design and function.<\/p>\n<hr \/>\n<h3><strong>Available sizes:<\/strong><\/h3>\n<ul>\n<li>Free lengths x 15 x 15 cm<\/li>\n<li>Free lengths x 22.5 x 15 cm<\/li>\n<\/ul>\n<hr \/>\n<p>&nbsp;<\/p>","protected":false},"featured_media":35062,"template":"","meta":[],"product_brand":[],"product_cat":[169,19,207],"product_tag":[],"class_list":{"0":"post-35061","1":"product","2":"type-product","3":"status-publish","4":"has-post-thumbnail","6":"product_cat-kalkstein","7":"product_cat-naturstein","8":"product_cat-systemmauern","9":"pa_anwendung-mauern","10":"pa_bereich-bruchsteinmauern","11":"pa_eignung-aussen","12":"pa_form-unreg-rechtecke-wandverkleid","13":"pa_material-kalkstein","14":"pa_oberflaeche-spaltrauskantenbehauen","16":"first","17":"instock","18":"shipping-taxable","19":"product-type-simple"},"yoast_head":"<!-- This site is optimized with the Yoast SEO Premium plugin v27.3 (Yoast SEO v27.5) - https:\/\/yoast.com\/product\/yoast-seo-premium-wordpress\/ -->\n<title>Levante Crema Massivmauer - SCHUBERT STONE - Naturstein, Feinsteinzeug, Parkett<\/title>\n<meta name=\"robots\" content=\"index, follow, max-snippet:-1, max-image-preview:large, max-video-preview:-1\" \/>\n<link rel=\"canonical\" href=\"https:\/\/schubertstone.com\/en\/store\/natural-stone\/limestone\/levante-crema-solid-wall\/\" \/>\n<meta property=\"og:locale\" content=\"en_US\" \/>\n<meta property=\"og:type\" content=\"article\" \/>\n<meta property=\"og:title\" content=\"Levante Crema Massivmauer\" \/>\n<meta property=\"og:description\" content=\"Produktbeschreibung:  Die Massivmauer aus Hartkalkstein Levante Crema \u00fcberzeugt durch ihre edle, helle Farbgebung und die fein strukturierte, nat\u00fcrliche Oberfl\u00e4che. Der warme Beigeton verleiht G\u00e4rten, Terrassen und Poolanlagen eine elegante, mediterrane Atmosph\u00e4re mit zeitloser Ausstrahlung.   Dank der massiven Ausf\u00fchrung und der robusten Materialqualit\u00e4t ist diese Mauer sowohl gestalterisch als auch funktional ein Highlight.    Erh\u00e4ltliche Gr\u00f6\u00dfen:   Freie L\u00e4ngen x 15 x 15 cm  Freie L\u00e4ngen x 22,5 x 15 cm     &nbsp;\" \/>\n<meta property=\"og:url\" content=\"https:\/\/schubertstone.com\/en\/store\/natural-stone\/limestone\/levante-crema-solid-wall\/\" \/>\n<meta property=\"og:site_name\" content=\"SCHUBERT STONE - Naturstein, Feinsteinzeug, Parkett\" \/>\n<meta property=\"article:modified_time\" content=\"2026-03-19T16:53:24+00:00\" \/>\n<meta property=\"og:image\" content=\"https:\/\/schubertstone.com\/wp-content\/uploads\/2025\/11\/Levante-Crema-Massivmauer.jpg\" \/>\n\t<meta property=\"og:image:width\" content=\"2048\" \/>\n\t<meta property=\"og:image:height\" content=\"1462\" \/>\n\t<meta property=\"og:image:type\" content=\"image\/jpeg\" \/>\n<meta name=\"twitter:card\" content=\"summary_large_image\" \/>\n<meta name=\"twitter:label1\" content=\"Est. reading time\" \/>\n\t<meta name=\"twitter:data1\" content=\"1 minute\" \/>\n<script type=\"application\/ld+json\" class=\"yoast-schema-graph\">{\"@context\":\"https:\\\/\\\/schema.org\",\"@graph\":[{\"@type\":\"WebPage\",\"@id\":\"https:\\\/\\\/schubertstone.com\\\/shop\\\/naturstein\\\/kalkstein\\\/levante-crema-massivmauer\\\/\",\"url\":\"https:\\\/\\\/schubertstone.com\\\/shop\\\/naturstein\\\/kalkstein\\\/levante-crema-massivmauer\\\/\",\"name\":\"Levante Crema Massivmauer - SCHUBERT STONE - Naturstein, Feinsteinzeug, Parkett\",\"isPartOf\":{\"@id\":\"https:\\\/\\\/schubertstone.com\\\/#website\"},\"primaryImageOfPage\":{\"@id\":\"https:\\\/\\\/schubertstone.com\\\/shop\\\/naturstein\\\/kalkstein\\\/levante-crema-massivmauer\\\/#primaryimage\"},\"image\":{\"@id\":\"https:\\\/\\\/schubertstone.com\\\/shop\\\/naturstein\\\/kalkstein\\\/levante-crema-massivmauer\\\/#primaryimage\"},\"thumbnailUrl\":\"https:\\\/\\\/schubertstone.com\\\/wp-content\\\/uploads\\\/2025\\\/11\\\/Levante-Crema-Massivmauer.jpg\",\"datePublished\":\"2025-11-02T21:52:44+00:00\",\"dateModified\":\"2026-03-19T16:53:24+00:00\",\"breadcrumb\":{\"@id\":\"https:\\\/\\\/schubertstone.com\\\/shop\\\/naturstein\\\/kalkstein\\\/levante-crema-massivmauer\\\/#breadcrumb\"},\"inLanguage\":\"en-US\",\"potentialAction\":[{\"@type\":\"ReadAction\",\"target\":[\"https:\\\/\\\/schubertstone.com\\\/shop\\\/naturstein\\\/kalkstein\\\/levante-crema-massivmauer\\\/\"]}]},{\"@type\":\"ImageObject\",\"inLanguage\":\"en-US\",\"@id\":\"https:\\\/\\\/schubertstone.com\\\/shop\\\/naturstein\\\/kalkstein\\\/levante-crema-massivmauer\\\/#primaryimage\",\"url\":\"https:\\\/\\\/schubertstone.com\\\/wp-content\\\/uploads\\\/2025\\\/11\\\/Levante-Crema-Massivmauer.jpg\",\"contentUrl\":\"https:\\\/\\\/schubertstone.com\\\/wp-content\\\/uploads\\\/2025\\\/11\\\/Levante-Crema-Massivmauer.jpg\",\"width\":2048,\"height\":1462},{\"@type\":\"BreadcrumbList\",\"@id\":\"https:\\\/\\\/schubertstone.com\\\/shop\\\/naturstein\\\/kalkstein\\\/levante-crema-massivmauer\\\/#breadcrumb\",\"itemListElement\":[{\"@type\":\"ListItem\",\"position\":1,\"name\":\"Home\",\"item\":\"https:\\\/\\\/schubertstone.com\\\/\"},{\"@type\":\"ListItem\",\"position\":2,\"name\":\"Shop\",\"item\":\"https:\\\/\\\/schubertstone.com\\\/shop\\\/\"},{\"@type\":\"ListItem\",\"position\":3,\"name\":\"Levante Crema Massivmauer\"}]},{\"@type\":\"WebSite\",\"@id\":\"https:\\\/\\\/schubertstone.com\\\/#website\",\"url\":\"https:\\\/\\\/schubertstone.com\\\/\",\"name\":\"SCHUBERT STONE - Naturstein, Feinsteinzeug, Parkett\",\"description\":\"Edle B\u00f6den &amp; Terrassen f\u00fcr Ihre exklusive Immobilie\",\"potentialAction\":[{\"@type\":\"SearchAction\",\"target\":{\"@type\":\"EntryPoint\",\"urlTemplate\":\"https:\\\/\\\/schubertstone.com\\\/?s={search_term_string}\"},\"query-input\":{\"@type\":\"PropertyValueSpecification\",\"valueRequired\":true,\"valueName\":\"search_term_string\"}}],\"inLanguage\":\"en-US\"}]}<\/script>\n<!-- \/ Yoast SEO Premium plugin. -->","yoast_head_json":{"title":"Levante Crema solid wall - SCHUBERT STONE - Natural stone, porcelain stoneware, parquet","robots":{"index":"index","follow":"follow","max-snippet":"max-snippet:-1","max-image-preview":"max-image-preview:large","max-video-preview":"max-video-preview:-1"},"canonical":"https:\/\/schubertstone.com\/en\/store\/natural-stone\/limestone\/levante-crema-solid-wall\/","og_locale":"en_US","og_type":"article","og_title":"Levante Crema Massivmauer","og_description":"Produktbeschreibung:  Die Massivmauer aus Hartkalkstein Levante Crema \u00fcberzeugt durch ihre edle, helle Farbgebung und die fein strukturierte, nat\u00fcrliche Oberfl\u00e4che. Der warme Beigeton verleiht G\u00e4rten, Terrassen und Poolanlagen eine elegante, mediterrane Atmosph\u00e4re mit zeitloser Ausstrahlung.   Dank der massiven Ausf\u00fchrung und der robusten Materialqualit\u00e4t ist diese Mauer sowohl gestalterisch als auch funktional ein Highlight.    Erh\u00e4ltliche Gr\u00f6\u00dfen:   Freie L\u00e4ngen x 15 x 15 cm  Freie L\u00e4ngen x 22,5 x 15 cm     &nbsp;","og_url":"https:\/\/schubertstone.com\/en\/store\/natural-stone\/limestone\/levante-crema-solid-wall\/","og_site_name":"SCHUBERT STONE - Naturstein, Feinsteinzeug, Parkett","article_modified_time":"2026-03-19T16:53:24+00:00","og_image":[{"width":2048,"height":1462,"url":"https:\/\/schubertstone.com\/wp-content\/uploads\/2025\/11\/Levante-Crema-Massivmauer.jpg","type":"image\/jpeg"}],"twitter_card":"summary_large_image","twitter_misc":{"Est. reading time":"1 minute"},"schema":{"@context":"https:\/\/schema.org","@graph":[{"@type":"WebPage","@id":"https:\/\/schubertstone.com\/shop\/naturstein\/kalkstein\/levante-crema-massivmauer\/","url":"https:\/\/schubertstone.com\/shop\/naturstein\/kalkstein\/levante-crema-massivmauer\/","name":"Levante Crema solid wall - SCHUBERT STONE - Natural stone, porcelain stoneware, parquet","isPartOf":{"@id":"https:\/\/schubertstone.com\/#website"},"primaryImageOfPage":{"@id":"https:\/\/schubertstone.com\/shop\/naturstein\/kalkstein\/levante-crema-massivmauer\/#primaryimage"},"image":{"@id":"https:\/\/schubertstone.com\/shop\/naturstein\/kalkstein\/levante-crema-massivmauer\/#primaryimage"},"thumbnailUrl":"https:\/\/schubertstone.com\/wp-content\/uploads\/2025\/11\/Levante-Crema-Massivmauer.jpg","datePublished":"2025-11-02T21:52:44+00:00","dateModified":"2026-03-19T16:53:24+00:00","breadcrumb":{"@id":"https:\/\/schubertstone.com\/shop\/naturstein\/kalkstein\/levante-crema-massivmauer\/#breadcrumb"},"inLanguage":"en-US","potentialAction":[{"@type":"ReadAction","target":["https:\/\/schubertstone.com\/shop\/naturstein\/kalkstein\/levante-crema-massivmauer\/"]}]},{"@type":"ImageObject","inLanguage":"en-US","@id":"https:\/\/schubertstone.com\/shop\/naturstein\/kalkstein\/levante-crema-massivmauer\/#primaryimage","url":"https:\/\/schubertstone.com\/wp-content\/uploads\/2025\/11\/Levante-Crema-Massivmauer.jpg","contentUrl":"https:\/\/schubertstone.com\/wp-content\/uploads\/2025\/11\/Levante-Crema-Massivmauer.jpg","width":2048,"height":1462},{"@type":"BreadcrumbList","@id":"https:\/\/schubertstone.com\/shop\/naturstein\/kalkstein\/levante-crema-massivmauer\/#breadcrumb","itemListElement":[{"@type":"ListItem","position":1,"name":"Home","item":"https:\/\/schubertstone.com\/"},{"@type":"ListItem","position":2,"name":"Shop","item":"https:\/\/schubertstone.com\/shop\/"},{"@type":"ListItem","position":3,"name":"Levante Crema Massivmauer"}]},{"@type":"WebSite","@id":"https:\/\/schubertstone.com\/#website","url":"https:\/\/schubertstone.com\/","name":"SCHUBERT STONE - Natural stone, porcelain stoneware, parquet","description":"Fine floors &amp; terraces for your exclusive property","potentialAction":[{"@type":"SearchAction","target":{"@type":"EntryPoint","urlTemplate":"https:\/\/schubertstone.com\/?s={search_term_string}"},"query-input":{"@type":"PropertyValueSpecification","valueRequired":true,"valueName":"search_term_string"}}],"inLanguage":"en-US"}]}},"_links":{"self":[{"href":"https:\/\/schubertstone.com\/en\/wp-json\/wp\/v2\/product\/35061","targetHints":{"allow":["GET"]}}],"collection":[{"href":"https:\/\/schubertstone.com\/en\/wp-json\/wp\/v2\/product"}],"about":[{"href":"https:\/\/schubertstone.com\/en\/wp-json\/wp\/v2\/types\/product"}],"version-history":[{"count":21,"href":"https:\/\/schubertstone.com\/en\/wp-json\/wp\/v2\/product\/35061\/revisions"}],"predecessor-version":[{"id":36598,"href":"https:\/\/schubertstone.com\/en\/wp-json\/wp\/v2\/product\/35061\/revisions\/36598"}],"wp:featuredmedia":[{"embeddable":true,"href":"https:\/\/schubertstone.com\/en\/wp-json\/wp\/v2\/media\/35062"}],"wp:attachment":[{"href":"https:\/\/schubertstone.com\/en\/wp-json\/wp\/v2\/media?parent=35061"}],"wp:term":[{"taxonomy":"product_brand","embeddable":true,"href":"https:\/\/schubertstone.com\/en\/wp-json\/wp\/v2\/product_brand?post=35061"},{"taxonomy":"product_cat","embeddable":true,"href":"https:\/\/schubertstone.com\/en\/wp-json\/wp\/v2\/product_cat?post=35061"},{"taxonomy":"product_tag","embeddable":true,"href":"https:\/\/schubertstone.com\/en\/wp-json\/wp\/v2\/product_tag?post=35061"}],"curies":[{"name":"wp","href":"https:\/\/api.w.org\/{rel}","templated":true}]}}