{"id":35081,"date":"2025-11-03T01:05:02","date_gmt":"2025-11-03T00:05:02","guid":{"rendered":"https:\/\/schubertstone.com\/?post_type=product&#038;p=35081"},"modified":"2026-03-19T17:59:22","modified_gmt":"2026-03-19T16:59:22","slug":"g-37-pk-historical","status":"publish","type":"product","link":"https:\/\/schubertstone.com\/en\/shop\/naturstein\/granit\/g-37-pk-historisch\/","title":{"rendered":"Granite paving G 37 PK historical"},"content":{"rendered":"<hr \/>\n<h3 style=\"font-weight: 400;\"><strong>Product features:<\/strong><\/h3>\n<ul>\n<li>Play of colors in warm shades of grey and beige<\/li>\n<li>Original historical surface, slightly curved<\/li>\n<li>Timelessly elegant look with a natural appearance<\/li>\n<li>Historic look for classic and rustic architecture<\/li>\n<\/ul>\n<hr \/>\n<h3 style=\"font-weight: 400;\"><strong>Resilience:<\/strong><\/h3>\n<ul>\n<li>Resistant to frost, de-icing salt and weathering<\/li>\n<li>Also for hard-wearing public areas<\/li>\n<\/ul>\n<hr \/>\n<h3 style=\"font-weight: 400;\"><strong>Use:<\/strong><\/h3>\n<ul>\n<li class=\"p1\">Driveways<\/li>\n<li class=\"p1\">Paths<\/li>\n<li class=\"p1\">Courtyards<\/li>\n<li class=\"p1\">prestigious outdoor facilities<\/li>\n<\/ul>\n<hr \/>\n<h3 style=\"font-weight: 400;\"><strong>Care:<\/strong><\/h3>\n<ul>\n<li>Clean with stone soap in the mop water, also with the K\u00e4rcher jet<\/li>\n<\/ul>\n<hr \/>\n<h3 style=\"font-weight: 400;\"><strong>Minimum order quantity:<\/strong><\/h3>\n<p>10 m2<\/p>\n<hr \/>\n<p>&nbsp;<\/p>","protected":false},"excerpt":{"rendered":"<hr \/>\n<h2>Product description:<\/h2>\n<p><\/p>\n<p class=\"p1\">The <span class=\"s1\">Granite paving G 45<\/span> with his <span class=\"s1\">historical surface<\/span> conveys the unmistakable character of traditional paving art. <\/p>\n<p>The irregularly worked edges and the curved surface give paths, driveways and courtyards an authentic, timelessly beautiful appearance.<\/p>\n<hr \/>\n<h3>Only available in mixed sizes:<\/h3>\n<ul>\n<li>18 x 18 x 9 cm (80% of the quantity) | 18 x 27 x 9 cm (20% of the quantity)<\/li>\n<\/ul>\n<hr \/>\n<p>&nbsp;<\/p>","protected":false},"featured_media":35082,"template":"","meta":[],"product_brand":[],"product_cat":[187,19,216],"product_tag":[],"class_list":{"0":"post-35081","1":"product","2":"type-product","3":"status-publish","4":"has-post-thumbnail","6":"product_cat-granit","7":"product_cat-naturstein","8":"product_cat-pflastersteine","9":"pa_anwendung-fassaden","10":"pa_eignung-aussen","11":"pa_form-rechtecke","12":"pa_material-kalkstein","13":"pa_oberflaeche-feinrau-sandg","15":"first","16":"instock","17":"shipping-taxable","18":"product-type-simple"},"yoast_head":"<!-- This site is optimized with the Yoast SEO Premium plugin v27.3 (Yoast SEO v27.5) - https:\/\/yoast.com\/product\/yoast-seo-premium-wordpress\/ -->\n<title>Granitpflaster G 37 PK historisch - SCHUBERT STONE - Naturstein, Feinsteinzeug, Parkett<\/title>\n<meta name=\"robots\" content=\"index, follow, max-snippet:-1, max-image-preview:large, max-video-preview:-1\" \/>\n<link rel=\"canonical\" href=\"https:\/\/schubertstone.com\/en\/store\/natural-stone\/granite\/g-37-pk-historical\/\" \/>\n<meta property=\"og:locale\" content=\"en_US\" \/>\n<meta property=\"og:type\" content=\"article\" \/>\n<meta property=\"og:title\" content=\"Granitpflaster G 37 PK historisch\" \/>\n<meta property=\"og:description\" content=\"Produktbeschreibung:  Das Granitpflaster G 45 mit seiner historischen Oberfl\u00e4che vermittelt den unverwechselbaren Charakter traditioneller Pflasterkunst.   Die unregelm\u00e4\u00dfig bearbeiteten Kanten und die befahrene, gew\u00f6lbte Oberfl\u00e4che verleihen Wegen, Einfahrten und Innenh\u00f6fen eine authentische, zeitlos sch\u00f6ne Ausstrahlung.     Nur in gemischten Gr\u00f6\u00dfen erh\u00e4ltlich:   18 x 18 x 9 cm (80% der Menge) | 18 x 27 x 9 cm (20% der Menge)     &nbsp;\" \/>\n<meta property=\"og:url\" content=\"https:\/\/schubertstone.com\/en\/store\/natural-stone\/granite\/g-37-pk-historical\/\" \/>\n<meta property=\"og:site_name\" content=\"SCHUBERT STONE - Naturstein, Feinsteinzeug, Parkett\" \/>\n<meta property=\"article:modified_time\" content=\"2026-03-19T16:59:22+00:00\" \/>\n<meta property=\"og:image\" content=\"https:\/\/schubertstone.com\/wp-content\/uploads\/2025\/11\/Granitpflaster-G-37-PK-historische-Oberflaeche.jpg\" \/>\n\t<meta property=\"og:image:width\" content=\"2048\" \/>\n\t<meta property=\"og:image:height\" content=\"1365\" \/>\n\t<meta property=\"og:image:type\" content=\"image\/jpeg\" \/>\n<meta name=\"twitter:card\" content=\"summary_large_image\" \/>\n<meta name=\"twitter:label1\" content=\"Est. reading time\" \/>\n\t<meta name=\"twitter:data1\" content=\"1 minute\" \/>\n<script type=\"application\/ld+json\" class=\"yoast-schema-graph\">{\"@context\":\"https:\\\/\\\/schema.org\",\"@graph\":[{\"@type\":\"WebPage\",\"@id\":\"https:\\\/\\\/schubertstone.com\\\/shop\\\/naturstein\\\/granit\\\/g-37-pk-historisch\\\/\",\"url\":\"https:\\\/\\\/schubertstone.com\\\/shop\\\/naturstein\\\/granit\\\/g-37-pk-historisch\\\/\",\"name\":\"Granitpflaster G 37 PK historisch - SCHUBERT STONE - Naturstein, Feinsteinzeug, Parkett\",\"isPartOf\":{\"@id\":\"https:\\\/\\\/schubertstone.com\\\/#website\"},\"primaryImageOfPage\":{\"@id\":\"https:\\\/\\\/schubertstone.com\\\/shop\\\/naturstein\\\/granit\\\/g-37-pk-historisch\\\/#primaryimage\"},\"image\":{\"@id\":\"https:\\\/\\\/schubertstone.com\\\/shop\\\/naturstein\\\/granit\\\/g-37-pk-historisch\\\/#primaryimage\"},\"thumbnailUrl\":\"https:\\\/\\\/schubertstone.com\\\/wp-content\\\/uploads\\\/2025\\\/11\\\/Granitpflaster-G-37-PK-historische-Oberflaeche.jpg\",\"datePublished\":\"2025-11-03T00:05:02+00:00\",\"dateModified\":\"2026-03-19T16:59:22+00:00\",\"breadcrumb\":{\"@id\":\"https:\\\/\\\/schubertstone.com\\\/shop\\\/naturstein\\\/granit\\\/g-37-pk-historisch\\\/#breadcrumb\"},\"inLanguage\":\"en-US\",\"potentialAction\":[{\"@type\":\"ReadAction\",\"target\":[\"https:\\\/\\\/schubertstone.com\\\/shop\\\/naturstein\\\/granit\\\/g-37-pk-historisch\\\/\"]}]},{\"@type\":\"ImageObject\",\"inLanguage\":\"en-US\",\"@id\":\"https:\\\/\\\/schubertstone.com\\\/shop\\\/naturstein\\\/granit\\\/g-37-pk-historisch\\\/#primaryimage\",\"url\":\"https:\\\/\\\/schubertstone.com\\\/wp-content\\\/uploads\\\/2025\\\/11\\\/Granitpflaster-G-37-PK-historische-Oberflaeche.jpg\",\"contentUrl\":\"https:\\\/\\\/schubertstone.com\\\/wp-content\\\/uploads\\\/2025\\\/11\\\/Granitpflaster-G-37-PK-historische-Oberflaeche.jpg\",\"width\":2048,\"height\":1365},{\"@type\":\"BreadcrumbList\",\"@id\":\"https:\\\/\\\/schubertstone.com\\\/shop\\\/naturstein\\\/granit\\\/g-37-pk-historisch\\\/#breadcrumb\",\"itemListElement\":[{\"@type\":\"ListItem\",\"position\":1,\"name\":\"Home\",\"item\":\"https:\\\/\\\/schubertstone.com\\\/\"},{\"@type\":\"ListItem\",\"position\":2,\"name\":\"Shop\",\"item\":\"https:\\\/\\\/schubertstone.com\\\/shop\\\/\"},{\"@type\":\"ListItem\",\"position\":3,\"name\":\"Granitpflaster G 37 PK historisch\"}]},{\"@type\":\"WebSite\",\"@id\":\"https:\\\/\\\/schubertstone.com\\\/#website\",\"url\":\"https:\\\/\\\/schubertstone.com\\\/\",\"name\":\"SCHUBERT STONE - Naturstein, Feinsteinzeug, Parkett\",\"description\":\"Edle B\u00f6den &amp; Terrassen f\u00fcr Ihre exklusive Immobilie\",\"potentialAction\":[{\"@type\":\"SearchAction\",\"target\":{\"@type\":\"EntryPoint\",\"urlTemplate\":\"https:\\\/\\\/schubertstone.com\\\/?s={search_term_string}\"},\"query-input\":{\"@type\":\"PropertyValueSpecification\",\"valueRequired\":true,\"valueName\":\"search_term_string\"}}],\"inLanguage\":\"en-US\"}]}<\/script>\n<!-- \/ Yoast SEO Premium plugin. -->","yoast_head_json":{"title":"Granite paving G 37 PK historical - SCHUBERT STONE - natural stone, porcelain stoneware, parquet","robots":{"index":"index","follow":"follow","max-snippet":"max-snippet:-1","max-image-preview":"max-image-preview:large","max-video-preview":"max-video-preview:-1"},"canonical":"https:\/\/schubertstone.com\/en\/store\/natural-stone\/granite\/g-37-pk-historical\/","og_locale":"en_US","og_type":"article","og_title":"Granitpflaster G 37 PK historisch","og_description":"Produktbeschreibung:  Das Granitpflaster G 45 mit seiner historischen Oberfl\u00e4che vermittelt den unverwechselbaren Charakter traditioneller Pflasterkunst.   Die unregelm\u00e4\u00dfig bearbeiteten Kanten und die befahrene, gew\u00f6lbte Oberfl\u00e4che verleihen Wegen, Einfahrten und Innenh\u00f6fen eine authentische, zeitlos sch\u00f6ne Ausstrahlung.     Nur in gemischten Gr\u00f6\u00dfen erh\u00e4ltlich:   18 x 18 x 9 cm (80% der Menge) | 18 x 27 x 9 cm (20% der Menge)     &nbsp;","og_url":"https:\/\/schubertstone.com\/en\/store\/natural-stone\/granite\/g-37-pk-historical\/","og_site_name":"SCHUBERT STONE - Naturstein, Feinsteinzeug, Parkett","article_modified_time":"2026-03-19T16:59:22+00:00","og_image":[{"width":2048,"height":1365,"url":"https:\/\/schubertstone.com\/wp-content\/uploads\/2025\/11\/Granitpflaster-G-37-PK-historische-Oberflaeche.jpg","type":"image\/jpeg"}],"twitter_card":"summary_large_image","twitter_misc":{"Est. reading time":"1 minute"},"schema":{"@context":"https:\/\/schema.org","@graph":[{"@type":"WebPage","@id":"https:\/\/schubertstone.com\/shop\/naturstein\/granit\/g-37-pk-historisch\/","url":"https:\/\/schubertstone.com\/shop\/naturstein\/granit\/g-37-pk-historisch\/","name":"Granite paving G 37 PK historical - SCHUBERT STONE - natural stone, porcelain stoneware, parquet","isPartOf":{"@id":"https:\/\/schubertstone.com\/#website"},"primaryImageOfPage":{"@id":"https:\/\/schubertstone.com\/shop\/naturstein\/granit\/g-37-pk-historisch\/#primaryimage"},"image":{"@id":"https:\/\/schubertstone.com\/shop\/naturstein\/granit\/g-37-pk-historisch\/#primaryimage"},"thumbnailUrl":"https:\/\/schubertstone.com\/wp-content\/uploads\/2025\/11\/Granitpflaster-G-37-PK-historische-Oberflaeche.jpg","datePublished":"2025-11-03T00:05:02+00:00","dateModified":"2026-03-19T16:59:22+00:00","breadcrumb":{"@id":"https:\/\/schubertstone.com\/shop\/naturstein\/granit\/g-37-pk-historisch\/#breadcrumb"},"inLanguage":"en-US","potentialAction":[{"@type":"ReadAction","target":["https:\/\/schubertstone.com\/shop\/naturstein\/granit\/g-37-pk-historisch\/"]}]},{"@type":"ImageObject","inLanguage":"en-US","@id":"https:\/\/schubertstone.com\/shop\/naturstein\/granit\/g-37-pk-historisch\/#primaryimage","url":"https:\/\/schubertstone.com\/wp-content\/uploads\/2025\/11\/Granitpflaster-G-37-PK-historische-Oberflaeche.jpg","contentUrl":"https:\/\/schubertstone.com\/wp-content\/uploads\/2025\/11\/Granitpflaster-G-37-PK-historische-Oberflaeche.jpg","width":2048,"height":1365},{"@type":"BreadcrumbList","@id":"https:\/\/schubertstone.com\/shop\/naturstein\/granit\/g-37-pk-historisch\/#breadcrumb","itemListElement":[{"@type":"ListItem","position":1,"name":"Home","item":"https:\/\/schubertstone.com\/"},{"@type":"ListItem","position":2,"name":"Shop","item":"https:\/\/schubertstone.com\/shop\/"},{"@type":"ListItem","position":3,"name":"Granitpflaster G 37 PK historisch"}]},{"@type":"WebSite","@id":"https:\/\/schubertstone.com\/#website","url":"https:\/\/schubertstone.com\/","name":"SCHUBERT STONE - Natural stone, porcelain stoneware, parquet","description":"Fine floors &amp; terraces for your exclusive property","potentialAction":[{"@type":"SearchAction","target":{"@type":"EntryPoint","urlTemplate":"https:\/\/schubertstone.com\/?s={search_term_string}"},"query-input":{"@type":"PropertyValueSpecification","valueRequired":true,"valueName":"search_term_string"}}],"inLanguage":"en-US"}]}},"_links":{"self":[{"href":"https:\/\/schubertstone.com\/en\/wp-json\/wp\/v2\/product\/35081","targetHints":{"allow":["GET"]}}],"collection":[{"href":"https:\/\/schubertstone.com\/en\/wp-json\/wp\/v2\/product"}],"about":[{"href":"https:\/\/schubertstone.com\/en\/wp-json\/wp\/v2\/types\/product"}],"version-history":[{"count":9,"href":"https:\/\/schubertstone.com\/en\/wp-json\/wp\/v2\/product\/35081\/revisions"}],"predecessor-version":[{"id":36601,"href":"https:\/\/schubertstone.com\/en\/wp-json\/wp\/v2\/product\/35081\/revisions\/36601"}],"wp:featuredmedia":[{"embeddable":true,"href":"https:\/\/schubertstone.com\/en\/wp-json\/wp\/v2\/media\/35082"}],"wp:attachment":[{"href":"https:\/\/schubertstone.com\/en\/wp-json\/wp\/v2\/media?parent=35081"}],"wp:term":[{"taxonomy":"product_brand","embeddable":true,"href":"https:\/\/schubertstone.com\/en\/wp-json\/wp\/v2\/product_brand?post=35081"},{"taxonomy":"product_cat","embeddable":true,"href":"https:\/\/schubertstone.com\/en\/wp-json\/wp\/v2\/product_cat?post=35081"},{"taxonomy":"product_tag","embeddable":true,"href":"https:\/\/schubertstone.com\/en\/wp-json\/wp\/v2\/product_tag?post=35081"}],"curies":[{"name":"wp","href":"https:\/\/api.w.org\/{rel}","templated":true}]}}