{"id":35169,"date":"2025-11-25T13:00:54","date_gmt":"2025-11-25T12:00:54","guid":{"rendered":"https:\/\/schubertstone.com\/?post_type=product&#038;p=35169"},"modified":"2026-03-23T18:18:08","modified_gmt":"2026-03-23T17:18:08","slug":"do-11-gz-spaltrau","status":"publish","type":"product","link":"https:\/\/schubertstone.com\/en\/shop\/naturstein\/dolomit\/do-11-gz-spaltrau\/","title":{"rendered":"Dolomite DO 11 GZ Spaltrau"},"content":{"rendered":"<hr \/>\n<h3 style=\"font-weight: 400;\"><strong>Product features:<\/strong><\/h3>\n<ul>\n<li>Warm play of colors: beige, sand, gold, light shades of grey<\/li>\n<li>Natural, rough surface<\/li>\n<li>Timeless natural radiance<\/li>\n<li>Ideal for traditional and Mediterranean design concepts<\/li>\n<\/ul>\n<hr \/>\n<h3 style=\"font-weight: 400;\"><strong>Resilience:<\/strong><\/h3>\n<ul>\n<li>Frost and weather resistant<\/li>\n<li>Very robust and dimensionally stable<\/li>\n<\/ul>\n<hr \/>\n<h3 style=\"font-weight: 400;\"><strong>Use:<\/strong><\/h3>\n<ul>\n<li class=\"p1\">Terraces<\/li>\n<li class=\"p1\">Garden paths<\/li>\n<li class=\"p1\">Seats<\/li>\n<li class=\"p1\">Step systems<\/li>\n<li class=\"p1\">Outdoor areas<\/li>\n<\/ul>\n<hr \/>\n<h3 style=\"font-weight: 400;\"><strong>Care:<\/strong><\/h3>\n<ul>\n<li>Clean with stone soap in the mop water, also with the K\u00e4rcher brush<\/li>\n<li>Impregnation recommended<\/li>\n<\/ul>\n<hr \/>\n<h3 style=\"font-weight: 400;\"><strong>Minimum order quantity:<\/strong><\/h3>\n<p>10 m2<\/p>\n<hr \/>\n<p>&nbsp;<\/p>","protected":false},"excerpt":{"rendered":"<hr \/>\n<h2>Product description:<\/h2>\n<p><\/p>\n<p>The <span class=\"s1\">Dolomite DO 11 GZ<\/span> is characterized by its warm, Mediterranean colouring in shades of beige, sand and gold. The natural, slightly iridescent surface gives terraces, paths and steps a lively, authentic look and creates a harmonious overall appearance with both classic and modern rural architecture.<\/p>\n<hr \/>\n<h3>Available sizes:<\/h3>\n<ul>\n<li>90 x 60 x 3 cm<\/li>\n<li>Free lengths x 35 x 3cm<\/li>\n<\/ul>\n<hr \/>\n<p>&nbsp;<\/p>","protected":false},"featured_media":35170,"template":"","meta":[],"product_brand":[],"product_cat":[170,19,204],"product_tag":[],"class_list":{"0":"post-35169","1":"product","2":"type-product","3":"status-publish","4":"has-post-thumbnail","6":"product_cat-dolomit","7":"product_cat-naturstein","8":"product_cat-terrassen-spaltrau","9":"pa_anwendung-fassaden","10":"pa_eignung-aussen","11":"pa_form-rechtecke","12":"pa_material-dolomit","13":"pa_oberflaeche-feinrau-sandg","15":"first","16":"instock","17":"shipping-taxable","18":"product-type-simple"},"yoast_head":"<!-- This site is optimized with the Yoast SEO Premium plugin v27.3 (Yoast SEO v27.5) - https:\/\/yoast.com\/product\/yoast-seo-premium-wordpress\/ -->\n<title>Dolomit DO 11 GZ Spaltrau - SCHUBERT STONE - Naturstein, Feinsteinzeug, Parkett<\/title>\n<meta name=\"robots\" content=\"index, follow, max-snippet:-1, max-image-preview:large, max-video-preview:-1\" \/>\n<link rel=\"canonical\" href=\"https:\/\/schubertstone.com\/en\/store\/natural-stone\/dolomite\/do-11-gz-spaltrau\/\" \/>\n<meta property=\"og:locale\" content=\"en_US\" \/>\n<meta property=\"og:type\" content=\"article\" \/>\n<meta property=\"og:title\" content=\"Dolomit DO 11 GZ Spaltrau\" \/>\n<meta property=\"og:description\" content=\"Produktbeschreibung:  Der Dolomit DO 11 GZ zeichnet sich durch seine warme, mediterrane Farbgebung in Beige-, Sand- und Goldnuancen aus. Die nat\u00fcrliche, leicht changierende Oberfl\u00e4che verleiht Terrassen, Wegen und Stufen eine lebendige, authentische Ausstrahlung und schafft ein harmonisches Gesamtbild mit klassischer wie auch modern-l\u00e4ndlicher Architektur.     Erh\u00e4ltliche Gr\u00f6\u00dfen:   90 x 60 x 3 cm  Freie L\u00e4ngen x 35 x 3cm     &nbsp;\" \/>\n<meta property=\"og:url\" content=\"https:\/\/schubertstone.com\/en\/store\/natural-stone\/dolomite\/do-11-gz-spaltrau\/\" \/>\n<meta property=\"og:site_name\" content=\"SCHUBERT STONE - Naturstein, Feinsteinzeug, Parkett\" \/>\n<meta property=\"article:modified_time\" content=\"2026-03-23T17:18:08+00:00\" \/>\n<meta property=\"og:image\" content=\"https:\/\/schubertstone.com\/wp-content\/uploads\/2025\/11\/Dolomit-DO-11-GZ-Naturstein-Terrassenplatten.jpg\" \/>\n\t<meta property=\"og:image:width\" content=\"2048\" \/>\n\t<meta property=\"og:image:height\" content=\"2048\" \/>\n\t<meta property=\"og:image:type\" content=\"image\/jpeg\" \/>\n<meta name=\"twitter:card\" content=\"summary_large_image\" \/>\n<meta name=\"twitter:label1\" content=\"Est. reading time\" \/>\n\t<meta name=\"twitter:data1\" content=\"1 minute\" \/>\n<script type=\"application\/ld+json\" class=\"yoast-schema-graph\">{\"@context\":\"https:\\\/\\\/schema.org\",\"@graph\":[{\"@type\":\"WebPage\",\"@id\":\"https:\\\/\\\/schubertstone.com\\\/shop\\\/naturstein\\\/dolomit\\\/do-11-gz-spaltrau\\\/\",\"url\":\"https:\\\/\\\/schubertstone.com\\\/shop\\\/naturstein\\\/dolomit\\\/do-11-gz-spaltrau\\\/\",\"name\":\"Dolomit DO 11 GZ Spaltrau - SCHUBERT STONE - Naturstein, Feinsteinzeug, Parkett\",\"isPartOf\":{\"@id\":\"https:\\\/\\\/schubertstone.com\\\/#website\"},\"primaryImageOfPage\":{\"@id\":\"https:\\\/\\\/schubertstone.com\\\/shop\\\/naturstein\\\/dolomit\\\/do-11-gz-spaltrau\\\/#primaryimage\"},\"image\":{\"@id\":\"https:\\\/\\\/schubertstone.com\\\/shop\\\/naturstein\\\/dolomit\\\/do-11-gz-spaltrau\\\/#primaryimage\"},\"thumbnailUrl\":\"https:\\\/\\\/schubertstone.com\\\/wp-content\\\/uploads\\\/2025\\\/11\\\/Dolomit-DO-11-GZ-Naturstein-Terrassenplatten.jpg\",\"datePublished\":\"2025-11-25T12:00:54+00:00\",\"dateModified\":\"2026-03-23T17:18:08+00:00\",\"breadcrumb\":{\"@id\":\"https:\\\/\\\/schubertstone.com\\\/shop\\\/naturstein\\\/dolomit\\\/do-11-gz-spaltrau\\\/#breadcrumb\"},\"inLanguage\":\"en-US\",\"potentialAction\":[{\"@type\":\"ReadAction\",\"target\":[\"https:\\\/\\\/schubertstone.com\\\/shop\\\/naturstein\\\/dolomit\\\/do-11-gz-spaltrau\\\/\"]}]},{\"@type\":\"ImageObject\",\"inLanguage\":\"en-US\",\"@id\":\"https:\\\/\\\/schubertstone.com\\\/shop\\\/naturstein\\\/dolomit\\\/do-11-gz-spaltrau\\\/#primaryimage\",\"url\":\"https:\\\/\\\/schubertstone.com\\\/wp-content\\\/uploads\\\/2025\\\/11\\\/Dolomit-DO-11-GZ-Naturstein-Terrassenplatten.jpg\",\"contentUrl\":\"https:\\\/\\\/schubertstone.com\\\/wp-content\\\/uploads\\\/2025\\\/11\\\/Dolomit-DO-11-GZ-Naturstein-Terrassenplatten.jpg\",\"width\":2048,\"height\":2048},{\"@type\":\"BreadcrumbList\",\"@id\":\"https:\\\/\\\/schubertstone.com\\\/shop\\\/naturstein\\\/dolomit\\\/do-11-gz-spaltrau\\\/#breadcrumb\",\"itemListElement\":[{\"@type\":\"ListItem\",\"position\":1,\"name\":\"Home\",\"item\":\"https:\\\/\\\/schubertstone.com\\\/\"},{\"@type\":\"ListItem\",\"position\":2,\"name\":\"Shop\",\"item\":\"https:\\\/\\\/schubertstone.com\\\/shop\\\/\"},{\"@type\":\"ListItem\",\"position\":3,\"name\":\"Dolomit DO 11 GZ Spaltrau\"}]},{\"@type\":\"WebSite\",\"@id\":\"https:\\\/\\\/schubertstone.com\\\/#website\",\"url\":\"https:\\\/\\\/schubertstone.com\\\/\",\"name\":\"SCHUBERT STONE - Naturstein, Feinsteinzeug, Parkett\",\"description\":\"Edle B\u00f6den &amp; Terrassen f\u00fcr Ihre exklusive Immobilie\",\"potentialAction\":[{\"@type\":\"SearchAction\",\"target\":{\"@type\":\"EntryPoint\",\"urlTemplate\":\"https:\\\/\\\/schubertstone.com\\\/?s={search_term_string}\"},\"query-input\":{\"@type\":\"PropertyValueSpecification\",\"valueRequired\":true,\"valueName\":\"search_term_string\"}}],\"inLanguage\":\"en-US\"}]}<\/script>\n<!-- \/ Yoast SEO Premium plugin. -->","yoast_head_json":{"title":"Dolomit DO 11 GZ Spaltrau - SCHUBERT STONE - Natural stone, fine stoneware, parquet","robots":{"index":"index","follow":"follow","max-snippet":"max-snippet:-1","max-image-preview":"max-image-preview:large","max-video-preview":"max-video-preview:-1"},"canonical":"https:\/\/schubertstone.com\/en\/store\/natural-stone\/dolomite\/do-11-gz-spaltrau\/","og_locale":"en_US","og_type":"article","og_title":"Dolomit DO 11 GZ Spaltrau","og_description":"Produktbeschreibung:  Der Dolomit DO 11 GZ zeichnet sich durch seine warme, mediterrane Farbgebung in Beige-, Sand- und Goldnuancen aus. Die nat\u00fcrliche, leicht changierende Oberfl\u00e4che verleiht Terrassen, Wegen und Stufen eine lebendige, authentische Ausstrahlung und schafft ein harmonisches Gesamtbild mit klassischer wie auch modern-l\u00e4ndlicher Architektur.     Erh\u00e4ltliche Gr\u00f6\u00dfen:   90 x 60 x 3 cm  Freie L\u00e4ngen x 35 x 3cm     &nbsp;","og_url":"https:\/\/schubertstone.com\/en\/store\/natural-stone\/dolomite\/do-11-gz-spaltrau\/","og_site_name":"SCHUBERT STONE - Naturstein, Feinsteinzeug, Parkett","article_modified_time":"2026-03-23T17:18:08+00:00","og_image":[{"width":2048,"height":2048,"url":"https:\/\/schubertstone.com\/wp-content\/uploads\/2025\/11\/Dolomit-DO-11-GZ-Naturstein-Terrassenplatten.jpg","type":"image\/jpeg"}],"twitter_card":"summary_large_image","twitter_misc":{"Est. reading time":"1 minute"},"schema":{"@context":"https:\/\/schema.org","@graph":[{"@type":"WebPage","@id":"https:\/\/schubertstone.com\/shop\/naturstein\/dolomit\/do-11-gz-spaltrau\/","url":"https:\/\/schubertstone.com\/shop\/naturstein\/dolomit\/do-11-gz-spaltrau\/","name":"Dolomit DO 11 GZ Spaltrau - SCHUBERT STONE - Natural stone, fine stoneware, parquet","isPartOf":{"@id":"https:\/\/schubertstone.com\/#website"},"primaryImageOfPage":{"@id":"https:\/\/schubertstone.com\/shop\/naturstein\/dolomit\/do-11-gz-spaltrau\/#primaryimage"},"image":{"@id":"https:\/\/schubertstone.com\/shop\/naturstein\/dolomit\/do-11-gz-spaltrau\/#primaryimage"},"thumbnailUrl":"https:\/\/schubertstone.com\/wp-content\/uploads\/2025\/11\/Dolomit-DO-11-GZ-Naturstein-Terrassenplatten.jpg","datePublished":"2025-11-25T12:00:54+00:00","dateModified":"2026-03-23T17:18:08+00:00","breadcrumb":{"@id":"https:\/\/schubertstone.com\/shop\/naturstein\/dolomit\/do-11-gz-spaltrau\/#breadcrumb"},"inLanguage":"en-US","potentialAction":[{"@type":"ReadAction","target":["https:\/\/schubertstone.com\/shop\/naturstein\/dolomit\/do-11-gz-spaltrau\/"]}]},{"@type":"ImageObject","inLanguage":"en-US","@id":"https:\/\/schubertstone.com\/shop\/naturstein\/dolomit\/do-11-gz-spaltrau\/#primaryimage","url":"https:\/\/schubertstone.com\/wp-content\/uploads\/2025\/11\/Dolomit-DO-11-GZ-Naturstein-Terrassenplatten.jpg","contentUrl":"https:\/\/schubertstone.com\/wp-content\/uploads\/2025\/11\/Dolomit-DO-11-GZ-Naturstein-Terrassenplatten.jpg","width":2048,"height":2048},{"@type":"BreadcrumbList","@id":"https:\/\/schubertstone.com\/shop\/naturstein\/dolomit\/do-11-gz-spaltrau\/#breadcrumb","itemListElement":[{"@type":"ListItem","position":1,"name":"Home","item":"https:\/\/schubertstone.com\/"},{"@type":"ListItem","position":2,"name":"Shop","item":"https:\/\/schubertstone.com\/shop\/"},{"@type":"ListItem","position":3,"name":"Dolomit DO 11 GZ Spaltrau"}]},{"@type":"WebSite","@id":"https:\/\/schubertstone.com\/#website","url":"https:\/\/schubertstone.com\/","name":"SCHUBERT STONE - Natural stone, porcelain stoneware, parquet","description":"Fine floors &amp; terraces for your exclusive property","potentialAction":[{"@type":"SearchAction","target":{"@type":"EntryPoint","urlTemplate":"https:\/\/schubertstone.com\/?s={search_term_string}"},"query-input":{"@type":"PropertyValueSpecification","valueRequired":true,"valueName":"search_term_string"}}],"inLanguage":"en-US"}]}},"_links":{"self":[{"href":"https:\/\/schubertstone.com\/en\/wp-json\/wp\/v2\/product\/35169","targetHints":{"allow":["GET"]}}],"collection":[{"href":"https:\/\/schubertstone.com\/en\/wp-json\/wp\/v2\/product"}],"about":[{"href":"https:\/\/schubertstone.com\/en\/wp-json\/wp\/v2\/types\/product"}],"version-history":[{"count":7,"href":"https:\/\/schubertstone.com\/en\/wp-json\/wp\/v2\/product\/35169\/revisions"}],"predecessor-version":[{"id":36827,"href":"https:\/\/schubertstone.com\/en\/wp-json\/wp\/v2\/product\/35169\/revisions\/36827"}],"wp:featuredmedia":[{"embeddable":true,"href":"https:\/\/schubertstone.com\/en\/wp-json\/wp\/v2\/media\/35170"}],"wp:attachment":[{"href":"https:\/\/schubertstone.com\/en\/wp-json\/wp\/v2\/media?parent=35169"}],"wp:term":[{"taxonomy":"product_brand","embeddable":true,"href":"https:\/\/schubertstone.com\/en\/wp-json\/wp\/v2\/product_brand?post=35169"},{"taxonomy":"product_cat","embeddable":true,"href":"https:\/\/schubertstone.com\/en\/wp-json\/wp\/v2\/product_cat?post=35169"},{"taxonomy":"product_tag","embeddable":true,"href":"https:\/\/schubertstone.com\/en\/wp-json\/wp\/v2\/product_tag?post=35169"}],"curies":[{"name":"wp","href":"https:\/\/api.w.org\/{rel}","templated":true}]}}