{"id":35221,"date":"2025-11-26T12:24:43","date_gmt":"2025-11-26T11:24:43","guid":{"rendered":"https:\/\/schubertstone.com\/?post_type=product&#038;p=35221"},"modified":"2026-03-19T18:05:25","modified_gmt":"2026-03-19T17:05:25","slug":"q53-na","status":"publish","type":"product","link":"https:\/\/schubertstone.com\/en\/shop\/naturstein\/quarzit\/q53-na\/","title":{"rendered":"Quartzite Q53 NA facing brick"},"content":{"rendered":"<hr \/>\n<h3 style=\"font-weight: 400;\"><strong>Product features:<\/strong><\/h3>\n<ul>\n<li>Silver-grey natural stone with a striking cleft structure<\/li>\n<li>Rough surface<\/li>\n<li>Elegant play of light and shadow<\/li>\n<li>Modern, timeless look<\/li>\n<\/ul>\n<hr \/>\n<h3 style=\"font-weight: 400;\"><strong>Resilience:<\/strong><\/h3>\n<ul>\n<li>Frost and weather resistant<\/li>\n<li>Extremely hard, durable and UV-resistant<\/li>\n<\/ul>\n<hr \/>\n<h3 style=\"font-weight: 400;\"><strong>Use:<\/strong><\/h3>\n<ul>\n<li class=\"p1\">Facades<\/li>\n<li class=\"p1\">Plinth zones<\/li>\n<li class=\"p1\">Architectural accent areas<\/li>\n<li class=\"p1\">Modern outdoor facilities<\/li>\n<\/ul>\n<hr \/>\n<h3 style=\"font-weight: 400;\"><strong>Care:<\/strong><\/h3>\n<ul>\n<li>Clean with stone soap in the mop water<\/li>\n<li>K\u00e4rcher jet<\/li>\n<\/ul>\n<hr \/>\n<h3 style=\"font-weight: 400;\"><strong>Minimum order quantity:<\/strong><\/h3>\n<p>20 m2<\/p>\n<hr \/>\n<p>&nbsp;<\/p>","protected":false},"excerpt":{"rendered":"<hr \/>\n<h2>Product description:<\/h2>\n<p><\/p>\n<p class=\"p1\">The <span class=\"s1\">Quartzite Q53<\/span> impresses with its elegant, silver-grey coloring and the split surface full of character, which gives the stone a modern yet natural look. <\/p>\n<p>The lively texture of the quartzite creates a subtle play of light that makes fa\u00e7ades appear different depending on the position of the sun - from matt and calm to shimmering metallic.<\/p>\n<hr \/>\n<h3>Available sizes:<\/h3>\n<ul>\n<li>60 x 19.8 x 1.2 cm<\/li>\n<\/ul>\n<hr \/>\n<p>&nbsp;<\/p>","protected":false},"featured_media":35222,"template":"","meta":[],"product_brand":[],"product_cat":[19,189,209],"product_tag":[179],"class_list":{"0":"post-35221","1":"product","2":"type-product","3":"status-publish","4":"has-post-thumbnail","6":"product_cat-naturstein","7":"product_cat-quarzit","8":"product_cat-verblender","9":"product_tag-fassaden","10":"pa_anwendung-fassaden","11":"pa_eignung-aussen","12":"pa_form-rechtecke","13":"pa_material-quarzit","14":"pa_oberflaeche-spaltrau","16":"first","17":"instock","18":"shipping-taxable","19":"product-type-simple"},"yoast_head":"<!-- This site is optimized with the Yoast SEO Premium plugin v27.3 (Yoast SEO v27.5) - https:\/\/yoast.com\/product\/yoast-seo-premium-wordpress\/ -->\n<title>Quarzit Q53 NA Verblender - SCHUBERT STONE - Naturstein, Feinsteinzeug, Parkett<\/title>\n<meta name=\"robots\" content=\"index, follow, max-snippet:-1, max-image-preview:large, max-video-preview:-1\" \/>\n<link rel=\"canonical\" href=\"https:\/\/schubertstone.com\/en\/store\/natural-stone\/quartzite\/q53-na\/\" \/>\n<meta property=\"og:locale\" content=\"en_US\" \/>\n<meta property=\"og:type\" content=\"article\" \/>\n<meta property=\"og:title\" content=\"Quarzit Q53 NA Verblender\" \/>\n<meta property=\"og:description\" content=\"Produktbeschreibung:  Der Quarzit Q53 beeindruckt durch seine elegante, silbergraue Farbgebung und die charaktervolle gespaltete Oberfl\u00e4che, die dem Stein eine moderne und zugleich naturverbundene Ausstrahlung verleiht.   Die lebendige Textur des Quarzits erzeugt ein feines Lichtspiel, das Fassaden je nach Sonnenstand unterschiedlich wirken l\u00e4sst \u2013 von matt und ruhig bis hin zu metallisch schimmernd.     Erh\u00e4ltliche Gr\u00f6\u00dfen:   60 x 19,8 x 1,2 cm     &nbsp;\" \/>\n<meta property=\"og:url\" content=\"https:\/\/schubertstone.com\/en\/store\/natural-stone\/quartzite\/q53-na\/\" \/>\n<meta property=\"og:site_name\" content=\"SCHUBERT STONE - Naturstein, Feinsteinzeug, Parkett\" \/>\n<meta property=\"article:modified_time\" content=\"2026-03-19T17:05:25+00:00\" \/>\n<meta property=\"og:image\" content=\"https:\/\/schubertstone.com\/wp-content\/uploads\/2025\/11\/Quarzit-Q53-Naturstein-Wandverblender.jpg\" \/>\n\t<meta property=\"og:image:width\" content=\"2048\" \/>\n\t<meta property=\"og:image:height\" content=\"1365\" \/>\n\t<meta property=\"og:image:type\" content=\"image\/jpeg\" \/>\n<meta name=\"twitter:card\" content=\"summary_large_image\" \/>\n<meta name=\"twitter:label1\" content=\"Est. reading time\" \/>\n\t<meta name=\"twitter:data1\" content=\"1 minute\" \/>\n<script type=\"application\/ld+json\" class=\"yoast-schema-graph\">{\"@context\":\"https:\\\/\\\/schema.org\",\"@graph\":[{\"@type\":\"WebPage\",\"@id\":\"https:\\\/\\\/schubertstone.com\\\/shop\\\/naturstein\\\/quarzit\\\/q53-na\\\/\",\"url\":\"https:\\\/\\\/schubertstone.com\\\/shop\\\/naturstein\\\/quarzit\\\/q53-na\\\/\",\"name\":\"Quarzit Q53 NA Verblender - SCHUBERT STONE - Naturstein, Feinsteinzeug, Parkett\",\"isPartOf\":{\"@id\":\"https:\\\/\\\/schubertstone.com\\\/#website\"},\"primaryImageOfPage\":{\"@id\":\"https:\\\/\\\/schubertstone.com\\\/shop\\\/naturstein\\\/quarzit\\\/q53-na\\\/#primaryimage\"},\"image\":{\"@id\":\"https:\\\/\\\/schubertstone.com\\\/shop\\\/naturstein\\\/quarzit\\\/q53-na\\\/#primaryimage\"},\"thumbnailUrl\":\"https:\\\/\\\/schubertstone.com\\\/wp-content\\\/uploads\\\/2025\\\/11\\\/Quarzit-Q53-Naturstein-Wandverblender.jpg\",\"datePublished\":\"2025-11-26T11:24:43+00:00\",\"dateModified\":\"2026-03-19T17:05:25+00:00\",\"breadcrumb\":{\"@id\":\"https:\\\/\\\/schubertstone.com\\\/shop\\\/naturstein\\\/quarzit\\\/q53-na\\\/#breadcrumb\"},\"inLanguage\":\"en-US\",\"potentialAction\":[{\"@type\":\"ReadAction\",\"target\":[\"https:\\\/\\\/schubertstone.com\\\/shop\\\/naturstein\\\/quarzit\\\/q53-na\\\/\"]}]},{\"@type\":\"ImageObject\",\"inLanguage\":\"en-US\",\"@id\":\"https:\\\/\\\/schubertstone.com\\\/shop\\\/naturstein\\\/quarzit\\\/q53-na\\\/#primaryimage\",\"url\":\"https:\\\/\\\/schubertstone.com\\\/wp-content\\\/uploads\\\/2025\\\/11\\\/Quarzit-Q53-Naturstein-Wandverblender.jpg\",\"contentUrl\":\"https:\\\/\\\/schubertstone.com\\\/wp-content\\\/uploads\\\/2025\\\/11\\\/Quarzit-Q53-Naturstein-Wandverblender.jpg\",\"width\":2048,\"height\":1365,\"caption\":\"Quarzit Q 53 NA, spaltrau, Kante ges\u00e4gt, 60 x 19,8 x 1,2cm, Ma\u00dftoleranzen 3mm\"},{\"@type\":\"BreadcrumbList\",\"@id\":\"https:\\\/\\\/schubertstone.com\\\/shop\\\/naturstein\\\/quarzit\\\/q53-na\\\/#breadcrumb\",\"itemListElement\":[{\"@type\":\"ListItem\",\"position\":1,\"name\":\"Home\",\"item\":\"https:\\\/\\\/schubertstone.com\\\/\"},{\"@type\":\"ListItem\",\"position\":2,\"name\":\"Shop\",\"item\":\"https:\\\/\\\/schubertstone.com\\\/shop\\\/\"},{\"@type\":\"ListItem\",\"position\":3,\"name\":\"Quarzit Q53 NA Verblender\"}]},{\"@type\":\"WebSite\",\"@id\":\"https:\\\/\\\/schubertstone.com\\\/#website\",\"url\":\"https:\\\/\\\/schubertstone.com\\\/\",\"name\":\"SCHUBERT STONE - Naturstein, Feinsteinzeug, Parkett\",\"description\":\"Edle B\u00f6den &amp; Terrassen f\u00fcr Ihre exklusive Immobilie\",\"potentialAction\":[{\"@type\":\"SearchAction\",\"target\":{\"@type\":\"EntryPoint\",\"urlTemplate\":\"https:\\\/\\\/schubertstone.com\\\/?s={search_term_string}\"},\"query-input\":{\"@type\":\"PropertyValueSpecification\",\"valueRequired\":true,\"valueName\":\"search_term_string\"}}],\"inLanguage\":\"en-US\"}]}<\/script>\n<!-- \/ Yoast SEO Premium plugin. -->","yoast_head_json":{"title":"Quartzite Q53 NA facing brick - SCHUBERT STONE - natural stone, porcelain stoneware, parquet","robots":{"index":"index","follow":"follow","max-snippet":"max-snippet:-1","max-image-preview":"max-image-preview:large","max-video-preview":"max-video-preview:-1"},"canonical":"https:\/\/schubertstone.com\/en\/store\/natural-stone\/quartzite\/q53-na\/","og_locale":"en_US","og_type":"article","og_title":"Quarzit Q53 NA Verblender","og_description":"Produktbeschreibung:  Der Quarzit Q53 beeindruckt durch seine elegante, silbergraue Farbgebung und die charaktervolle gespaltete Oberfl\u00e4che, die dem Stein eine moderne und zugleich naturverbundene Ausstrahlung verleiht.   Die lebendige Textur des Quarzits erzeugt ein feines Lichtspiel, das Fassaden je nach Sonnenstand unterschiedlich wirken l\u00e4sst \u2013 von matt und ruhig bis hin zu metallisch schimmernd.     Erh\u00e4ltliche Gr\u00f6\u00dfen:   60 x 19,8 x 1,2 cm     &nbsp;","og_url":"https:\/\/schubertstone.com\/en\/store\/natural-stone\/quartzite\/q53-na\/","og_site_name":"SCHUBERT STONE - Naturstein, Feinsteinzeug, Parkett","article_modified_time":"2026-03-19T17:05:25+00:00","og_image":[{"width":2048,"height":1365,"url":"https:\/\/schubertstone.com\/wp-content\/uploads\/2025\/11\/Quarzit-Q53-Naturstein-Wandverblender.jpg","type":"image\/jpeg"}],"twitter_card":"summary_large_image","twitter_misc":{"Est. reading time":"1 minute"},"schema":{"@context":"https:\/\/schema.org","@graph":[{"@type":"WebPage","@id":"https:\/\/schubertstone.com\/shop\/naturstein\/quarzit\/q53-na\/","url":"https:\/\/schubertstone.com\/shop\/naturstein\/quarzit\/q53-na\/","name":"Quartzite Q53 NA facing brick - SCHUBERT STONE - natural stone, porcelain stoneware, parquet","isPartOf":{"@id":"https:\/\/schubertstone.com\/#website"},"primaryImageOfPage":{"@id":"https:\/\/schubertstone.com\/shop\/naturstein\/quarzit\/q53-na\/#primaryimage"},"image":{"@id":"https:\/\/schubertstone.com\/shop\/naturstein\/quarzit\/q53-na\/#primaryimage"},"thumbnailUrl":"https:\/\/schubertstone.com\/wp-content\/uploads\/2025\/11\/Quarzit-Q53-Naturstein-Wandverblender.jpg","datePublished":"2025-11-26T11:24:43+00:00","dateModified":"2026-03-19T17:05:25+00:00","breadcrumb":{"@id":"https:\/\/schubertstone.com\/shop\/naturstein\/quarzit\/q53-na\/#breadcrumb"},"inLanguage":"en-US","potentialAction":[{"@type":"ReadAction","target":["https:\/\/schubertstone.com\/shop\/naturstein\/quarzit\/q53-na\/"]}]},{"@type":"ImageObject","inLanguage":"en-US","@id":"https:\/\/schubertstone.com\/shop\/naturstein\/quarzit\/q53-na\/#primaryimage","url":"https:\/\/schubertstone.com\/wp-content\/uploads\/2025\/11\/Quarzit-Q53-Naturstein-Wandverblender.jpg","contentUrl":"https:\/\/schubertstone.com\/wp-content\/uploads\/2025\/11\/Quarzit-Q53-Naturstein-Wandverblender.jpg","width":2048,"height":1365,"caption":"Quarzit Q 53 NA, spaltrau, Kante ges\u00e4gt, 60 x 19,8 x 1,2cm, Ma\u00dftoleranzen 3mm"},{"@type":"BreadcrumbList","@id":"https:\/\/schubertstone.com\/shop\/naturstein\/quarzit\/q53-na\/#breadcrumb","itemListElement":[{"@type":"ListItem","position":1,"name":"Home","item":"https:\/\/schubertstone.com\/"},{"@type":"ListItem","position":2,"name":"Shop","item":"https:\/\/schubertstone.com\/shop\/"},{"@type":"ListItem","position":3,"name":"Quarzit Q53 NA Verblender"}]},{"@type":"WebSite","@id":"https:\/\/schubertstone.com\/#website","url":"https:\/\/schubertstone.com\/","name":"SCHUBERT STONE - Natural stone, porcelain stoneware, parquet","description":"Fine floors &amp; terraces for your exclusive property","potentialAction":[{"@type":"SearchAction","target":{"@type":"EntryPoint","urlTemplate":"https:\/\/schubertstone.com\/?s={search_term_string}"},"query-input":{"@type":"PropertyValueSpecification","valueRequired":true,"valueName":"search_term_string"}}],"inLanguage":"en-US"}]}},"_links":{"self":[{"href":"https:\/\/schubertstone.com\/en\/wp-json\/wp\/v2\/product\/35221","targetHints":{"allow":["GET"]}}],"collection":[{"href":"https:\/\/schubertstone.com\/en\/wp-json\/wp\/v2\/product"}],"about":[{"href":"https:\/\/schubertstone.com\/en\/wp-json\/wp\/v2\/types\/product"}],"version-history":[{"count":6,"href":"https:\/\/schubertstone.com\/en\/wp-json\/wp\/v2\/product\/35221\/revisions"}],"predecessor-version":[{"id":36607,"href":"https:\/\/schubertstone.com\/en\/wp-json\/wp\/v2\/product\/35221\/revisions\/36607"}],"wp:featuredmedia":[{"embeddable":true,"href":"https:\/\/schubertstone.com\/en\/wp-json\/wp\/v2\/media\/35222"}],"wp:attachment":[{"href":"https:\/\/schubertstone.com\/en\/wp-json\/wp\/v2\/media?parent=35221"}],"wp:term":[{"taxonomy":"product_brand","embeddable":true,"href":"https:\/\/schubertstone.com\/en\/wp-json\/wp\/v2\/product_brand?post=35221"},{"taxonomy":"product_cat","embeddable":true,"href":"https:\/\/schubertstone.com\/en\/wp-json\/wp\/v2\/product_cat?post=35221"},{"taxonomy":"product_tag","embeddable":true,"href":"https:\/\/schubertstone.com\/en\/wp-json\/wp\/v2\/product_tag?post=35221"}],"curies":[{"name":"wp","href":"https:\/\/api.w.org\/{rel}","templated":true}]}}