{"id":35284,"date":"2025-11-28T17:25:51","date_gmt":"2025-11-28T16:25:51","guid":{"rendered":"https:\/\/schubertstone.com\/?post_type=product&#038;p=35284"},"modified":"2026-03-19T18:12:25","modified_gmt":"2026-03-19T17:12:25","slug":"gn-gray-yellow-mixed-li","status":"publish","type":"product","link":"https:\/\/schubertstone.com\/en\/shop\/naturstein\/gneis\/gn-grau-gelb-gemischt-li\/","title":{"rendered":"Gneiss GN gray-yellow mixed Li"},"content":{"rendered":"<hr \/>\n<h3 style=\"font-weight: 400;\"><strong>Product features:<\/strong><\/h3>\n<ul>\n<li>Natural play of colors: grey, yellow, beige, light rust tones<\/li>\n<li>Rough surface<\/li>\n<li>Harmonious look thanks to mixed color shades<\/li>\n<li>Extremely robust and durable<\/li>\n<\/ul>\n<hr \/>\n<h3 style=\"font-weight: 400;\"><strong>Resilience:<\/strong><\/h3>\n<ul>\n<li>Frost and weather resistant<\/li>\n<\/ul>\n<hr \/>\n<h3 style=\"font-weight: 400;\"><strong>Use:<\/strong><\/h3>\n<ul>\n<li class=\"p1\">Driveways<\/li>\n<li class=\"p1\">Courtyards<\/li>\n<li class=\"p1\">Terraces<\/li>\n<li class=\"p1\">Paths<\/li>\n<li class=\"p1\">Outdoor facilities in private and commercial construction<\/li>\n<\/ul>\n<hr \/>\n<h3 style=\"font-weight: 400;\"><strong>Care:<\/strong><\/h3>\n<ul>\n<li>Simple permanent impregnation<\/li>\n<li>Clean with stone soap in the mop water<\/li>\n<\/ul>\n<hr \/>\n<h3 style=\"font-weight: 400;\"><strong>Minimum order quantity:<\/strong><\/h3>\n<p>20 m2<\/p>\n<hr \/>\n<p>&nbsp;<\/p>","protected":false},"excerpt":{"rendered":"<hr \/>\n<h2>Product description:<\/h2>\n<p><\/p>\n<p class=\"p1\">The <span class=\"s1\">Gneiss GN gray-yellow mixed<\/span> impresses with its striking, natural color play of cool grey tones, warm yellow nuances and subtle rust accents. The split surface gives the tiles a powerful, authentic texture and creates a lively interplay of light and shadow.<\/p>\n<hr \/>\n<h3>Available sizes:<\/h3>\n<ul>\n<li>Free lengths x 30 x 2-3 cm<\/li>\n<li>Free lengths x 40 x 2-3 cm<\/li>\n<\/ul>\n<hr \/>\n<p>&nbsp;<\/p>","protected":false},"featured_media":35287,"template":"","meta":[],"product_brand":[],"product_cat":[171,19,204],"product_tag":[182],"class_list":{"0":"post-35284","1":"product","2":"type-product","3":"status-publish","4":"has-post-thumbnail","6":"product_cat-gneis","7":"product_cat-naturstein","8":"product_cat-terrassen-spaltrau","9":"product_tag-mauern","10":"pa_anwendung-terrassenplatten","11":"pa_eignung-aussen","12":"pa_form-rechtecke","13":"pa_material-gneis","14":"pa_oberflaeche-spaltrau","16":"first","17":"instock","18":"shipping-taxable","19":"product-type-simple"},"yoast_head":"<!-- This site is optimized with the Yoast SEO Premium plugin v27.3 (Yoast SEO v27.4) - https:\/\/yoast.com\/product\/yoast-seo-premium-wordpress\/ -->\n<title>Gneis GN grau-gelb gemischt Li - SCHUBERT STONE - Naturstein, Feinsteinzeug, Parkett<\/title>\n<meta name=\"robots\" content=\"index, follow, max-snippet:-1, max-image-preview:large, max-video-preview:-1\" \/>\n<link rel=\"canonical\" href=\"https:\/\/schubertstone.com\/en\/store\/natural-stone\/gneiss\/gn-gray-yellow-mixed-li\/\" \/>\n<meta property=\"og:locale\" content=\"en_US\" \/>\n<meta property=\"og:type\" content=\"article\" \/>\n<meta property=\"og:title\" content=\"Gneis GN grau-gelb gemischt Li\" \/>\n<meta property=\"og:description\" content=\"Produktbeschreibung:  Der Gneis GN grau-gelb gemischt \u00fcberzeugt durch sein markantes, nat\u00fcrliches Farbspiel aus k\u00fchlen Graut\u00f6nen, warmen Gelbnuancen und dezenten Rostakzenten. Die gespaltene Oberfl\u00e4che verleiht den Platten eine kraftvolle, authentische Struktur und sorgt f\u00fcr ein lebendiges Licht- und Schattenspiel.     Erh\u00e4ltliche Gr\u00f6\u00dfen:   Freie L\u00e4ngen x 30 x 2-3 cm  Freie L\u00e4ngen x 40 x 2-3 cm     &nbsp;\" \/>\n<meta property=\"og:url\" content=\"https:\/\/schubertstone.com\/en\/store\/natural-stone\/gneiss\/gn-gray-yellow-mixed-li\/\" \/>\n<meta property=\"og:site_name\" content=\"SCHUBERT STONE - Naturstein, Feinsteinzeug, Parkett\" \/>\n<meta property=\"article:modified_time\" content=\"2026-03-19T17:12:25+00:00\" \/>\n<meta property=\"og:image\" content=\"https:\/\/schubertstone.com\/wp-content\/uploads\/2025\/11\/Gneis-GN-grau-gelb-gemischt-Li.jpg\" \/>\n\t<meta property=\"og:image:width\" content=\"2048\" \/>\n\t<meta property=\"og:image:height\" content=\"1367\" \/>\n\t<meta property=\"og:image:type\" content=\"image\/jpeg\" \/>\n<meta name=\"twitter:card\" content=\"summary_large_image\" \/>\n<meta name=\"twitter:label1\" content=\"Est. reading time\" \/>\n\t<meta name=\"twitter:data1\" content=\"1 minute\" \/>\n<script type=\"application\/ld+json\" class=\"yoast-schema-graph\">{\"@context\":\"https:\\\/\\\/schema.org\",\"@graph\":[{\"@type\":\"WebPage\",\"@id\":\"https:\\\/\\\/schubertstone.com\\\/shop\\\/naturstein\\\/gneis\\\/gn-grau-gelb-gemischt-li\\\/\",\"url\":\"https:\\\/\\\/schubertstone.com\\\/shop\\\/naturstein\\\/gneis\\\/gn-grau-gelb-gemischt-li\\\/\",\"name\":\"Gneis GN grau-gelb gemischt Li - SCHUBERT STONE - Naturstein, Feinsteinzeug, Parkett\",\"isPartOf\":{\"@id\":\"https:\\\/\\\/schubertstone.com\\\/#website\"},\"primaryImageOfPage\":{\"@id\":\"https:\\\/\\\/schubertstone.com\\\/shop\\\/naturstein\\\/gneis\\\/gn-grau-gelb-gemischt-li\\\/#primaryimage\"},\"image\":{\"@id\":\"https:\\\/\\\/schubertstone.com\\\/shop\\\/naturstein\\\/gneis\\\/gn-grau-gelb-gemischt-li\\\/#primaryimage\"},\"thumbnailUrl\":\"https:\\\/\\\/schubertstone.com\\\/wp-content\\\/uploads\\\/2025\\\/11\\\/Gneis-GN-grau-gelb-gemischt-Li.jpg\",\"datePublished\":\"2025-11-28T16:25:51+00:00\",\"dateModified\":\"2026-03-19T17:12:25+00:00\",\"breadcrumb\":{\"@id\":\"https:\\\/\\\/schubertstone.com\\\/shop\\\/naturstein\\\/gneis\\\/gn-grau-gelb-gemischt-li\\\/#breadcrumb\"},\"inLanguage\":\"en-US\",\"potentialAction\":[{\"@type\":\"ReadAction\",\"target\":[\"https:\\\/\\\/schubertstone.com\\\/shop\\\/naturstein\\\/gneis\\\/gn-grau-gelb-gemischt-li\\\/\"]}]},{\"@type\":\"ImageObject\",\"inLanguage\":\"en-US\",\"@id\":\"https:\\\/\\\/schubertstone.com\\\/shop\\\/naturstein\\\/gneis\\\/gn-grau-gelb-gemischt-li\\\/#primaryimage\",\"url\":\"https:\\\/\\\/schubertstone.com\\\/wp-content\\\/uploads\\\/2025\\\/11\\\/Gneis-GN-grau-gelb-gemischt-Li.jpg\",\"contentUrl\":\"https:\\\/\\\/schubertstone.com\\\/wp-content\\\/uploads\\\/2025\\\/11\\\/Gneis-GN-grau-gelb-gemischt-Li.jpg\",\"width\":2048,\"height\":1367},{\"@type\":\"BreadcrumbList\",\"@id\":\"https:\\\/\\\/schubertstone.com\\\/shop\\\/naturstein\\\/gneis\\\/gn-grau-gelb-gemischt-li\\\/#breadcrumb\",\"itemListElement\":[{\"@type\":\"ListItem\",\"position\":1,\"name\":\"Home\",\"item\":\"https:\\\/\\\/schubertstone.com\\\/\"},{\"@type\":\"ListItem\",\"position\":2,\"name\":\"Shop\",\"item\":\"https:\\\/\\\/schubertstone.com\\\/shop\\\/\"},{\"@type\":\"ListItem\",\"position\":3,\"name\":\"Gneis GN grau-gelb gemischt Li\"}]},{\"@type\":\"WebSite\",\"@id\":\"https:\\\/\\\/schubertstone.com\\\/#website\",\"url\":\"https:\\\/\\\/schubertstone.com\\\/\",\"name\":\"SCHUBERT STONE - Naturstein, Feinsteinzeug, Parkett\",\"description\":\"Edle B\u00f6den &amp; Terrassen f\u00fcr Ihre exklusive Immobilie\",\"potentialAction\":[{\"@type\":\"SearchAction\",\"target\":{\"@type\":\"EntryPoint\",\"urlTemplate\":\"https:\\\/\\\/schubertstone.com\\\/?s={search_term_string}\"},\"query-input\":{\"@type\":\"PropertyValueSpecification\",\"valueRequired\":true,\"valueName\":\"search_term_string\"}}],\"inLanguage\":\"en-US\"}]}<\/script>\n<!-- \/ Yoast SEO Premium plugin. -->","yoast_head_json":{"title":"Gneiss GN gray-yellow mixed Li - SCHUBERT STONE - natural stone, porcelain stoneware, parquet","robots":{"index":"index","follow":"follow","max-snippet":"max-snippet:-1","max-image-preview":"max-image-preview:large","max-video-preview":"max-video-preview:-1"},"canonical":"https:\/\/schubertstone.com\/en\/store\/natural-stone\/gneiss\/gn-gray-yellow-mixed-li\/","og_locale":"en_US","og_type":"article","og_title":"Gneis GN grau-gelb gemischt Li","og_description":"Produktbeschreibung:  Der Gneis GN grau-gelb gemischt \u00fcberzeugt durch sein markantes, nat\u00fcrliches Farbspiel aus k\u00fchlen Graut\u00f6nen, warmen Gelbnuancen und dezenten Rostakzenten. Die gespaltene Oberfl\u00e4che verleiht den Platten eine kraftvolle, authentische Struktur und sorgt f\u00fcr ein lebendiges Licht- und Schattenspiel.     Erh\u00e4ltliche Gr\u00f6\u00dfen:   Freie L\u00e4ngen x 30 x 2-3 cm  Freie L\u00e4ngen x 40 x 2-3 cm     &nbsp;","og_url":"https:\/\/schubertstone.com\/en\/store\/natural-stone\/gneiss\/gn-gray-yellow-mixed-li\/","og_site_name":"SCHUBERT STONE - Naturstein, Feinsteinzeug, Parkett","article_modified_time":"2026-03-19T17:12:25+00:00","og_image":[{"width":2048,"height":1367,"url":"https:\/\/schubertstone.com\/wp-content\/uploads\/2025\/11\/Gneis-GN-grau-gelb-gemischt-Li.jpg","type":"image\/jpeg"}],"twitter_card":"summary_large_image","twitter_misc":{"Est. reading time":"1 minute"},"schema":{"@context":"https:\/\/schema.org","@graph":[{"@type":"WebPage","@id":"https:\/\/schubertstone.com\/shop\/naturstein\/gneis\/gn-grau-gelb-gemischt-li\/","url":"https:\/\/schubertstone.com\/shop\/naturstein\/gneis\/gn-grau-gelb-gemischt-li\/","name":"Gneiss GN gray-yellow mixed Li - SCHUBERT STONE - natural stone, porcelain stoneware, parquet","isPartOf":{"@id":"https:\/\/schubertstone.com\/#website"},"primaryImageOfPage":{"@id":"https:\/\/schubertstone.com\/shop\/naturstein\/gneis\/gn-grau-gelb-gemischt-li\/#primaryimage"},"image":{"@id":"https:\/\/schubertstone.com\/shop\/naturstein\/gneis\/gn-grau-gelb-gemischt-li\/#primaryimage"},"thumbnailUrl":"https:\/\/schubertstone.com\/wp-content\/uploads\/2025\/11\/Gneis-GN-grau-gelb-gemischt-Li.jpg","datePublished":"2025-11-28T16:25:51+00:00","dateModified":"2026-03-19T17:12:25+00:00","breadcrumb":{"@id":"https:\/\/schubertstone.com\/shop\/naturstein\/gneis\/gn-grau-gelb-gemischt-li\/#breadcrumb"},"inLanguage":"en-US","potentialAction":[{"@type":"ReadAction","target":["https:\/\/schubertstone.com\/shop\/naturstein\/gneis\/gn-grau-gelb-gemischt-li\/"]}]},{"@type":"ImageObject","inLanguage":"en-US","@id":"https:\/\/schubertstone.com\/shop\/naturstein\/gneis\/gn-grau-gelb-gemischt-li\/#primaryimage","url":"https:\/\/schubertstone.com\/wp-content\/uploads\/2025\/11\/Gneis-GN-grau-gelb-gemischt-Li.jpg","contentUrl":"https:\/\/schubertstone.com\/wp-content\/uploads\/2025\/11\/Gneis-GN-grau-gelb-gemischt-Li.jpg","width":2048,"height":1367},{"@type":"BreadcrumbList","@id":"https:\/\/schubertstone.com\/shop\/naturstein\/gneis\/gn-grau-gelb-gemischt-li\/#breadcrumb","itemListElement":[{"@type":"ListItem","position":1,"name":"Home","item":"https:\/\/schubertstone.com\/"},{"@type":"ListItem","position":2,"name":"Shop","item":"https:\/\/schubertstone.com\/shop\/"},{"@type":"ListItem","position":3,"name":"Gneis GN grau-gelb gemischt Li"}]},{"@type":"WebSite","@id":"https:\/\/schubertstone.com\/#website","url":"https:\/\/schubertstone.com\/","name":"SCHUBERT STONE - Natural stone, porcelain stoneware, parquet","description":"Fine floors &amp; terraces for your exclusive property","potentialAction":[{"@type":"SearchAction","target":{"@type":"EntryPoint","urlTemplate":"https:\/\/schubertstone.com\/?s={search_term_string}"},"query-input":{"@type":"PropertyValueSpecification","valueRequired":true,"valueName":"search_term_string"}}],"inLanguage":"en-US"}]}},"_links":{"self":[{"href":"https:\/\/schubertstone.com\/en\/wp-json\/wp\/v2\/product\/35284","targetHints":{"allow":["GET"]}}],"collection":[{"href":"https:\/\/schubertstone.com\/en\/wp-json\/wp\/v2\/product"}],"about":[{"href":"https:\/\/schubertstone.com\/en\/wp-json\/wp\/v2\/types\/product"}],"version-history":[{"count":5,"href":"https:\/\/schubertstone.com\/en\/wp-json\/wp\/v2\/product\/35284\/revisions"}],"predecessor-version":[{"id":36614,"href":"https:\/\/schubertstone.com\/en\/wp-json\/wp\/v2\/product\/35284\/revisions\/36614"}],"wp:featuredmedia":[{"embeddable":true,"href":"https:\/\/schubertstone.com\/en\/wp-json\/wp\/v2\/media\/35287"}],"wp:attachment":[{"href":"https:\/\/schubertstone.com\/en\/wp-json\/wp\/v2\/media?parent=35284"}],"wp:term":[{"taxonomy":"product_brand","embeddable":true,"href":"https:\/\/schubertstone.com\/en\/wp-json\/wp\/v2\/product_brand?post=35284"},{"taxonomy":"product_cat","embeddable":true,"href":"https:\/\/schubertstone.com\/en\/wp-json\/wp\/v2\/product_cat?post=35284"},{"taxonomy":"product_tag","embeddable":true,"href":"https:\/\/schubertstone.com\/en\/wp-json\/wp\/v2\/product_tag?post=35284"}],"curies":[{"name":"wp","href":"https:\/\/api.w.org\/{rel}","templated":true}]}}