{"id":35499,"date":"2025-11-28T18:58:01","date_gmt":"2025-11-28T17:58:01","guid":{"rendered":"https:\/\/schubertstone.com\/?post_type=product&#038;p=35494"},"modified":"2026-03-19T18:13:18","modified_gmt":"2026-03-19T17:13:18","slug":"bianco-nuvolato-sandblasted","status":"publish","type":"product","link":"https:\/\/schubertstone.com\/en\/shop\/naturstein\/kristallmarmor\/bianco-nuvolato-sandgestrahlt\/","title":{"rendered":"Crystal marble Bianco Nuvolato sandblasted"},"content":{"rendered":"<hr \/>\n<h3 style=\"font-weight: 400;\"><strong>Product features:<\/strong><\/h3>\n<ul>\n<li>Bright, elegant play of colors in white and soft grey<\/li>\n<li>Fine-rough sandblasted surface<\/li>\n<li>Anti-slip, pleasant surface to walk on<\/li>\n<li>Cloudy, modern grain with a very homogeneous overall look<\/li>\n<li>Ideal for pool areas, terraces and modern architectural projects<\/li>\n<\/ul>\n<hr \/>\n<h3 style=\"font-weight: 400;\"><strong>Resilience:<\/strong><\/h3>\n<ul>\n<li>Frost and weather resistant<\/li>\n<\/ul>\n<hr \/>\n<h3 style=\"font-weight: 400;\"><strong>Use:<\/strong><\/h3>\n<ul>\n<li class=\"p1\">Pool surrounds<\/li>\n<li class=\"p1\">Terraces<\/li>\n<li class=\"p1\">Roof terraces<\/li>\n<li class=\"p1\">Outdoor lounge areas<\/li>\n<\/ul>\n<hr \/>\n<h3 style=\"font-weight: 400;\"><strong>Care:<\/strong><\/h3>\n<ul>\n<li>Simple permanent impregnation<\/li>\n<li>Clean with stone soap in the mop water<\/li>\n<\/ul>\n<hr \/>\n<h3 style=\"font-weight: 400;\"><strong>Minimum order quantity: <\/strong><\/h3>\n<p>20 m2<\/p>\n<hr \/>\n<p>&nbsp;<\/p>","protected":false},"excerpt":{"rendered":"<hr \/>\n<h2>Product description:<\/h2>\n<p><\/p>\n<p class=\"p1\">The <span class=\"s1\">Crystal marble Bianco Nuvolato<\/span> impresses with its elegant, cloudy white-grey texture and exceptional luminosity. The finely nuanced, subtly cloudy grains lend the surface a modern, calm elegance and create a particularly high-quality ambience around the pool and on large terraces.<\/p>\n<hr \/>\n<h3>Available sizes:<\/h3>\n<ul>\n<li>61 x 40.6 x 3 cm<\/li>\n<li>91.5 x 61 x 3 cm<\/li>\n<li>59.8 x 59.8 x 3 cm<\/li>\n<\/ul>\n<hr \/>\n<p>&nbsp;<\/p>","protected":false},"featured_media":35610,"template":"","meta":[],"product_brand":[],"product_cat":[190,19,200],"product_tag":[145],"class_list":{"0":"post-35499","1":"product","2":"type-product","3":"status-publish","4":"has-post-thumbnail","6":"product_cat-kristallmarmor","7":"product_cat-naturstein","8":"product_cat-terrassen-klassisch","9":"product_tag-terrassenplatten","10":"pa_anwendung-terrassenplatten","11":"pa_eignung-aussen","12":"pa_form-rechtecke","13":"pa_material-kristallmarmor","14":"pa_oberflaeche-feinrau-sandg","16":"first","17":"instock","18":"shipping-taxable","19":"product-type-simple"},"yoast_head":"<!-- This site is optimized with the Yoast SEO Premium plugin v27.3 (Yoast SEO v27.4) - https:\/\/yoast.com\/product\/yoast-seo-premium-wordpress\/ -->\n<title>Kristallmarmor Bianco Nuvolato sandgestrahlt - SCHUBERT STONE - Naturstein, Feinsteinzeug, Parkett<\/title>\n<meta name=\"robots\" content=\"index, follow, max-snippet:-1, max-image-preview:large, max-video-preview:-1\" \/>\n<link rel=\"canonical\" href=\"https:\/\/schubertstone.com\/en\/store\/natural-stone\/crystal-marble\/bianco-nuvolato-sandblasted\/\" \/>\n<meta property=\"og:locale\" content=\"en_US\" \/>\n<meta property=\"og:type\" content=\"article\" \/>\n<meta property=\"og:title\" content=\"Kristallmarmor Bianco Nuvolato sandgestrahlt\" \/>\n<meta property=\"og:description\" content=\"Produktbeschreibung:  Der Kristallmarmor Bianco Nuvolato besticht durch seine edle, wolkige Wei\u00df-Grau-Struktur und seine au\u00dfergew\u00f6hnliche Leuchtkraft. Die fein nuancierten, dezent wolkigen Maserungen verleihen der Fl\u00e4che eine moderne, ruhige Eleganz und schaffen rund um den Pool und auf gro\u00dfen Terrassen ein besonders hochwertiges Ambiente.     Erh\u00e4ltliche Gr\u00f6\u00dfen:   61 x 40,6 x 3 cm  91,5 x 61 x 3 cm  59,8 x 59,8 x 3 cm     &nbsp;\" \/>\n<meta property=\"og:url\" content=\"https:\/\/schubertstone.com\/en\/store\/natural-stone\/crystal-marble\/bianco-nuvolato-sandblasted\/\" \/>\n<meta property=\"og:site_name\" content=\"SCHUBERT STONE - Naturstein, Feinsteinzeug, Parkett\" \/>\n<meta property=\"article:modified_time\" content=\"2026-03-19T17:13:18+00:00\" \/>\n<meta property=\"og:image\" content=\"https:\/\/schubertstone.com\/wp-content\/uploads\/2025\/11\/Kristallmarmor-Bianco-Nuvolato-Terrassenplatten-1-1.jpg\" \/>\n\t<meta property=\"og:image:width\" content=\"2048\" \/>\n\t<meta property=\"og:image:height\" content=\"1365\" \/>\n\t<meta property=\"og:image:type\" content=\"image\/jpeg\" \/>\n<meta name=\"twitter:card\" content=\"summary_large_image\" \/>\n<meta name=\"twitter:label1\" content=\"Est. reading time\" \/>\n\t<meta name=\"twitter:data1\" content=\"1 minute\" \/>\n<script type=\"application\/ld+json\" class=\"yoast-schema-graph\">{\"@context\":\"https:\\\/\\\/schema.org\",\"@graph\":[{\"@type\":\"WebPage\",\"@id\":\"https:\\\/\\\/schubertstone.com\\\/shop\\\/naturstein\\\/kristallmarmor\\\/bianco-nuvolato-sandgestrahlt\\\/\",\"url\":\"https:\\\/\\\/schubertstone.com\\\/shop\\\/naturstein\\\/kristallmarmor\\\/bianco-nuvolato-sandgestrahlt\\\/\",\"name\":\"Kristallmarmor Bianco Nuvolato sandgestrahlt - SCHUBERT STONE - Naturstein, Feinsteinzeug, Parkett\",\"isPartOf\":{\"@id\":\"https:\\\/\\\/schubertstone.com\\\/#website\"},\"primaryImageOfPage\":{\"@id\":\"https:\\\/\\\/schubertstone.com\\\/shop\\\/naturstein\\\/kristallmarmor\\\/bianco-nuvolato-sandgestrahlt\\\/#primaryimage\"},\"image\":{\"@id\":\"https:\\\/\\\/schubertstone.com\\\/shop\\\/naturstein\\\/kristallmarmor\\\/bianco-nuvolato-sandgestrahlt\\\/#primaryimage\"},\"thumbnailUrl\":\"https:\\\/\\\/schubertstone.com\\\/wp-content\\\/uploads\\\/2025\\\/11\\\/Kristallmarmor-Bianco-Nuvolato-Terrassenplatten-1-1.jpg\",\"datePublished\":\"2025-11-28T17:58:01+00:00\",\"dateModified\":\"2026-03-19T17:13:18+00:00\",\"breadcrumb\":{\"@id\":\"https:\\\/\\\/schubertstone.com\\\/shop\\\/naturstein\\\/kristallmarmor\\\/bianco-nuvolato-sandgestrahlt\\\/#breadcrumb\"},\"inLanguage\":\"en-US\",\"potentialAction\":[{\"@type\":\"ReadAction\",\"target\":[\"https:\\\/\\\/schubertstone.com\\\/shop\\\/naturstein\\\/kristallmarmor\\\/bianco-nuvolato-sandgestrahlt\\\/\"]}]},{\"@type\":\"ImageObject\",\"inLanguage\":\"en-US\",\"@id\":\"https:\\\/\\\/schubertstone.com\\\/shop\\\/naturstein\\\/kristallmarmor\\\/bianco-nuvolato-sandgestrahlt\\\/#primaryimage\",\"url\":\"https:\\\/\\\/schubertstone.com\\\/wp-content\\\/uploads\\\/2025\\\/11\\\/Kristallmarmor-Bianco-Nuvolato-Terrassenplatten-1-1.jpg\",\"contentUrl\":\"https:\\\/\\\/schubertstone.com\\\/wp-content\\\/uploads\\\/2025\\\/11\\\/Kristallmarmor-Bianco-Nuvolato-Terrassenplatten-1-1.jpg\",\"width\":2048,\"height\":1365},{\"@type\":\"BreadcrumbList\",\"@id\":\"https:\\\/\\\/schubertstone.com\\\/shop\\\/naturstein\\\/kristallmarmor\\\/bianco-nuvolato-sandgestrahlt\\\/#breadcrumb\",\"itemListElement\":[{\"@type\":\"ListItem\",\"position\":1,\"name\":\"Home\",\"item\":\"https:\\\/\\\/schubertstone.com\\\/\"},{\"@type\":\"ListItem\",\"position\":2,\"name\":\"Shop\",\"item\":\"https:\\\/\\\/schubertstone.com\\\/shop\\\/\"},{\"@type\":\"ListItem\",\"position\":3,\"name\":\"Kristallmarmor Bianco Nuvolato sandgestrahlt\"}]},{\"@type\":\"WebSite\",\"@id\":\"https:\\\/\\\/schubertstone.com\\\/#website\",\"url\":\"https:\\\/\\\/schubertstone.com\\\/\",\"name\":\"SCHUBERT STONE - Naturstein, Feinsteinzeug, Parkett\",\"description\":\"Edle B\u00f6den &amp; Terrassen f\u00fcr Ihre exklusive Immobilie\",\"potentialAction\":[{\"@type\":\"SearchAction\",\"target\":{\"@type\":\"EntryPoint\",\"urlTemplate\":\"https:\\\/\\\/schubertstone.com\\\/?s={search_term_string}\"},\"query-input\":{\"@type\":\"PropertyValueSpecification\",\"valueRequired\":true,\"valueName\":\"search_term_string\"}}],\"inLanguage\":\"en-US\"}]}<\/script>\n<!-- \/ Yoast SEO Premium plugin. -->","yoast_head_json":{"title":"Crystal marble Bianco Nuvolato sandblasted - SCHUBERT STONE - natural stone, porcelain stoneware, parquet","robots":{"index":"index","follow":"follow","max-snippet":"max-snippet:-1","max-image-preview":"max-image-preview:large","max-video-preview":"max-video-preview:-1"},"canonical":"https:\/\/schubertstone.com\/en\/store\/natural-stone\/crystal-marble\/bianco-nuvolato-sandblasted\/","og_locale":"en_US","og_type":"article","og_title":"Kristallmarmor Bianco Nuvolato sandgestrahlt","og_description":"Produktbeschreibung:  Der Kristallmarmor Bianco Nuvolato besticht durch seine edle, wolkige Wei\u00df-Grau-Struktur und seine au\u00dfergew\u00f6hnliche Leuchtkraft. Die fein nuancierten, dezent wolkigen Maserungen verleihen der Fl\u00e4che eine moderne, ruhige Eleganz und schaffen rund um den Pool und auf gro\u00dfen Terrassen ein besonders hochwertiges Ambiente.     Erh\u00e4ltliche Gr\u00f6\u00dfen:   61 x 40,6 x 3 cm  91,5 x 61 x 3 cm  59,8 x 59,8 x 3 cm     &nbsp;","og_url":"https:\/\/schubertstone.com\/en\/store\/natural-stone\/crystal-marble\/bianco-nuvolato-sandblasted\/","og_site_name":"SCHUBERT STONE - Naturstein, Feinsteinzeug, Parkett","article_modified_time":"2026-03-19T17:13:18+00:00","og_image":[{"width":2048,"height":1365,"url":"https:\/\/schubertstone.com\/wp-content\/uploads\/2025\/11\/Kristallmarmor-Bianco-Nuvolato-Terrassenplatten-1-1.jpg","type":"image\/jpeg"}],"twitter_card":"summary_large_image","twitter_misc":{"Est. reading time":"1 minute"},"schema":{"@context":"https:\/\/schema.org","@graph":[{"@type":"WebPage","@id":"https:\/\/schubertstone.com\/shop\/naturstein\/kristallmarmor\/bianco-nuvolato-sandgestrahlt\/","url":"https:\/\/schubertstone.com\/shop\/naturstein\/kristallmarmor\/bianco-nuvolato-sandgestrahlt\/","name":"Crystal marble Bianco Nuvolato sandblasted - SCHUBERT STONE - natural stone, porcelain stoneware, parquet","isPartOf":{"@id":"https:\/\/schubertstone.com\/#website"},"primaryImageOfPage":{"@id":"https:\/\/schubertstone.com\/shop\/naturstein\/kristallmarmor\/bianco-nuvolato-sandgestrahlt\/#primaryimage"},"image":{"@id":"https:\/\/schubertstone.com\/shop\/naturstein\/kristallmarmor\/bianco-nuvolato-sandgestrahlt\/#primaryimage"},"thumbnailUrl":"https:\/\/schubertstone.com\/wp-content\/uploads\/2025\/11\/Kristallmarmor-Bianco-Nuvolato-Terrassenplatten-1-1.jpg","datePublished":"2025-11-28T17:58:01+00:00","dateModified":"2026-03-19T17:13:18+00:00","breadcrumb":{"@id":"https:\/\/schubertstone.com\/shop\/naturstein\/kristallmarmor\/bianco-nuvolato-sandgestrahlt\/#breadcrumb"},"inLanguage":"en-US","potentialAction":[{"@type":"ReadAction","target":["https:\/\/schubertstone.com\/shop\/naturstein\/kristallmarmor\/bianco-nuvolato-sandgestrahlt\/"]}]},{"@type":"ImageObject","inLanguage":"en-US","@id":"https:\/\/schubertstone.com\/shop\/naturstein\/kristallmarmor\/bianco-nuvolato-sandgestrahlt\/#primaryimage","url":"https:\/\/schubertstone.com\/wp-content\/uploads\/2025\/11\/Kristallmarmor-Bianco-Nuvolato-Terrassenplatten-1-1.jpg","contentUrl":"https:\/\/schubertstone.com\/wp-content\/uploads\/2025\/11\/Kristallmarmor-Bianco-Nuvolato-Terrassenplatten-1-1.jpg","width":2048,"height":1365},{"@type":"BreadcrumbList","@id":"https:\/\/schubertstone.com\/shop\/naturstein\/kristallmarmor\/bianco-nuvolato-sandgestrahlt\/#breadcrumb","itemListElement":[{"@type":"ListItem","position":1,"name":"Home","item":"https:\/\/schubertstone.com\/"},{"@type":"ListItem","position":2,"name":"Shop","item":"https:\/\/schubertstone.com\/shop\/"},{"@type":"ListItem","position":3,"name":"Kristallmarmor Bianco Nuvolato sandgestrahlt"}]},{"@type":"WebSite","@id":"https:\/\/schubertstone.com\/#website","url":"https:\/\/schubertstone.com\/","name":"SCHUBERT STONE - Natural stone, porcelain stoneware, parquet","description":"Fine floors &amp; terraces for your exclusive property","potentialAction":[{"@type":"SearchAction","target":{"@type":"EntryPoint","urlTemplate":"https:\/\/schubertstone.com\/?s={search_term_string}"},"query-input":{"@type":"PropertyValueSpecification","valueRequired":true,"valueName":"search_term_string"}}],"inLanguage":"en-US"}]}},"_links":{"self":[{"href":"https:\/\/schubertstone.com\/en\/wp-json\/wp\/v2\/product\/35499","targetHints":{"allow":["GET"]}}],"collection":[{"href":"https:\/\/schubertstone.com\/en\/wp-json\/wp\/v2\/product"}],"about":[{"href":"https:\/\/schubertstone.com\/en\/wp-json\/wp\/v2\/types\/product"}],"version-history":[{"count":5,"href":"https:\/\/schubertstone.com\/en\/wp-json\/wp\/v2\/product\/35499\/revisions"}],"predecessor-version":[{"id":36615,"href":"https:\/\/schubertstone.com\/en\/wp-json\/wp\/v2\/product\/35499\/revisions\/36615"}],"wp:featuredmedia":[{"embeddable":true,"href":"https:\/\/schubertstone.com\/en\/wp-json\/wp\/v2\/media\/35610"}],"wp:attachment":[{"href":"https:\/\/schubertstone.com\/en\/wp-json\/wp\/v2\/media?parent=35499"}],"wp:term":[{"taxonomy":"product_brand","embeddable":true,"href":"https:\/\/schubertstone.com\/en\/wp-json\/wp\/v2\/product_brand?post=35499"},{"taxonomy":"product_cat","embeddable":true,"href":"https:\/\/schubertstone.com\/en\/wp-json\/wp\/v2\/product_cat?post=35499"},{"taxonomy":"product_tag","embeddable":true,"href":"https:\/\/schubertstone.com\/en\/wp-json\/wp\/v2\/product_tag?post=35499"}],"curies":[{"name":"wp","href":"https:\/\/api.w.org\/{rel}","templated":true}]}}