{"id":35646,"date":"2025-12-01T16:34:45","date_gmt":"2025-12-01T15:34:45","guid":{"rendered":"https:\/\/schubertstone.com\/?post_type=product&#038;p=35646"},"modified":"2026-03-19T18:15:29","modified_gmt":"2026-03-19T17:15:29","slug":"levante-crema-sabbia-matt","status":"publish","type":"product","link":"https:\/\/schubertstone.com\/en\/shop\/naturstein\/kalkstein\/levante-crema-sabbia-matt\/","title":{"rendered":"Levante Crema Sabbia matt"},"content":{"rendered":"<hr \/>\n<h3>Properties:<\/h3>\n<ul>\n<li>Warm shades in cream and beige with a subtle grain<\/li>\n<li>Velvety matt, brushed surface<\/li>\n<li>Timeless structures and grains<\/li>\n<li>Elegant, natural appearance<\/li>\n<li>Over time, a beautiful patina develops on the surface<\/li>\n<\/ul>\n<hr \/>\n<h3>Resilience:<\/h3>\n<ul>\n<li>Very hard, therefore durable and robust<\/li>\n<li>Also for hard-wearing public areas<\/li>\n<li>Surface anticipates traces of use<\/li>\n<li>Non-slip R9<\/li>\n<\/ul>\n<hr \/>\n<h3>Care:<\/h3>\n<ul>\n<li>Simple permanent impregnation protects against stains<\/li>\n<li>Simply clean with stone soap in the mop water<\/li>\n<\/ul>\n<hr \/>\n<h3>Use:<\/h3>\n<ul>\n<li>In private homes, thermally conductive via underfloor heating<\/li>\n<li>In public buildings, such as castles, restaurants, hotels<\/li>\n<\/ul>\n<hr \/>\n<h3>Minimum order quantity:<\/h3>\n<p>50 m2<\/p>\n<hr \/>\n<p>&nbsp;<\/p>","protected":false},"excerpt":{"rendered":"<hr \/>\n<h2>Product description:<\/h2>\n<p><\/p>\n<p>The surface of the Levante Crema Sabbia hard limestone is polished ever finer with brushes. This treatment makes it look as if time itself has given the stone its patina. <\/p>\n<p>The result is a particularly natural-looking, elegant and velvety surface that gives the impression of having already been used. As a result, the stone retains its natural appearance for decades.<\/p>\n<hr \/>\n<h3>Available sizes:<\/h3>\n<ul>\n<li>61 \u00d7 61 \u00d7 2 cm<\/li>\n<li>80.3 \u00d7 40.6 \u00d7 1.2 or 1.5 cm<\/li>\n<li>40.6 \u00d7 61 \u00d7 1.2 or 1.5 cm<\/li>\n<li>Steps 3 cm thick, up to 2 meters long<\/li>\n<li>Skirting boards 1.5 cm<\/li>\n<\/ul>\n<hr \/>\n<p>&nbsp;<\/p>","protected":false},"featured_media":35647,"template":"","meta":[],"product_brand":[],"product_cat":[199,169,19],"product_tag":[178],"class_list":{"0":"post-35646","1":"product","2":"type-product","3":"status-publish","4":"has-post-thumbnail","6":"product_cat-boeden-klassisch","7":"product_cat-kalkstein","8":"product_cat-naturstein","9":"product_tag-boeden","10":"pa_anwendung-boeden","11":"pa_form-rechtecke","12":"pa_material-kalkstein","13":"pa_oberflaeche-geschliffen-patiniert-gesaegt","15":"first","16":"instock","17":"shipping-taxable","18":"product-type-simple"},"yoast_head":"<!-- This site is optimized with the Yoast SEO Premium plugin v27.3 (Yoast SEO v27.5) - https:\/\/yoast.com\/product\/yoast-seo-premium-wordpress\/ -->\n<title>Levante Crema Sabbia matt - SCHUBERT STONE - Naturstein, Feinsteinzeug, Parkett<\/title>\n<meta name=\"robots\" content=\"index, follow, max-snippet:-1, max-image-preview:large, max-video-preview:-1\" \/>\n<link rel=\"canonical\" href=\"https:\/\/schubertstone.com\/en\/store\/natural-stone\/limestone\/levante-crema-sabbia-matt\/\" \/>\n<meta property=\"og:locale\" content=\"en_US\" \/>\n<meta property=\"og:type\" content=\"article\" \/>\n<meta property=\"og:title\" content=\"Levante Crema Sabbia matt\" \/>\n<meta property=\"og:description\" content=\"Produktbeschreibung:  Die Oberfl\u00e4che des Hartkalksteins Levante Crema Sabbia wird mit B\u00fcrsten immer feiner geschliffen. Durch diese Behandlung sieht es aus, als h\u00e4tte die Zeit selbst dem Stein ihre Patina verliehen.   Es entsteht eine besonders nat\u00fcrlich wirkende, elegante und samtige Oberfl\u00e4che, die den Eindruck vermittelt, bereits gebraucht zu sein. Dadurch beh\u00e4lt der Stein \u00fcber Jahrzehnte hinweg sein nat\u00fcrliches Aussehen.    Erh\u00e4ltliche Gr\u00f6\u00dfen:   61 \u00d7 61 \u00d7 2 cm  80,3 \u00d7 40,6 \u00d7 1,2 oder 1,5 cm  40,6 \u00d7 61 \u00d7 1,2 oder 1,5 cm  Stufen 3 cm dick, bis zu 2 Meter lang  Sockelleisten 1,5 cm     &nbsp;\" \/>\n<meta property=\"og:url\" content=\"https:\/\/schubertstone.com\/en\/store\/natural-stone\/limestone\/levante-crema-sabbia-matt\/\" \/>\n<meta property=\"og:site_name\" content=\"SCHUBERT STONE - Naturstein, Feinsteinzeug, Parkett\" \/>\n<meta property=\"article:modified_time\" content=\"2026-03-19T17:15:29+00:00\" \/>\n<meta property=\"og:image\" content=\"https:\/\/schubertstone.com\/wp-content\/uploads\/2025\/12\/Kalkstein-Levante-Crema-Sabbia-Matt-Bodenplatten-1.jpg\" \/>\n\t<meta property=\"og:image:width\" content=\"2048\" \/>\n\t<meta property=\"og:image:height\" content=\"1536\" \/>\n\t<meta property=\"og:image:type\" content=\"image\/jpeg\" \/>\n<meta name=\"twitter:card\" content=\"summary_large_image\" \/>\n<meta name=\"twitter:label1\" content=\"Est. reading time\" \/>\n\t<meta name=\"twitter:data1\" content=\"1 minute\" \/>\n<script type=\"application\/ld+json\" class=\"yoast-schema-graph\">{\"@context\":\"https:\\\/\\\/schema.org\",\"@graph\":[{\"@type\":\"WebPage\",\"@id\":\"https:\\\/\\\/schubertstone.com\\\/shop\\\/naturstein\\\/kalkstein\\\/levante-crema-sabbia-matt\\\/\",\"url\":\"https:\\\/\\\/schubertstone.com\\\/shop\\\/naturstein\\\/kalkstein\\\/levante-crema-sabbia-matt\\\/\",\"name\":\"Levante Crema Sabbia matt - SCHUBERT STONE - Naturstein, Feinsteinzeug, Parkett\",\"isPartOf\":{\"@id\":\"https:\\\/\\\/schubertstone.com\\\/#website\"},\"primaryImageOfPage\":{\"@id\":\"https:\\\/\\\/schubertstone.com\\\/shop\\\/naturstein\\\/kalkstein\\\/levante-crema-sabbia-matt\\\/#primaryimage\"},\"image\":{\"@id\":\"https:\\\/\\\/schubertstone.com\\\/shop\\\/naturstein\\\/kalkstein\\\/levante-crema-sabbia-matt\\\/#primaryimage\"},\"thumbnailUrl\":\"https:\\\/\\\/schubertstone.com\\\/wp-content\\\/uploads\\\/2025\\\/12\\\/Kalkstein-Levante-Crema-Sabbia-Matt-Bodenplatten-1.jpg\",\"datePublished\":\"2025-12-01T15:34:45+00:00\",\"dateModified\":\"2026-03-19T17:15:29+00:00\",\"breadcrumb\":{\"@id\":\"https:\\\/\\\/schubertstone.com\\\/shop\\\/naturstein\\\/kalkstein\\\/levante-crema-sabbia-matt\\\/#breadcrumb\"},\"inLanguage\":\"en-US\",\"potentialAction\":[{\"@type\":\"ReadAction\",\"target\":[\"https:\\\/\\\/schubertstone.com\\\/shop\\\/naturstein\\\/kalkstein\\\/levante-crema-sabbia-matt\\\/\"]}]},{\"@type\":\"ImageObject\",\"inLanguage\":\"en-US\",\"@id\":\"https:\\\/\\\/schubertstone.com\\\/shop\\\/naturstein\\\/kalkstein\\\/levante-crema-sabbia-matt\\\/#primaryimage\",\"url\":\"https:\\\/\\\/schubertstone.com\\\/wp-content\\\/uploads\\\/2025\\\/12\\\/Kalkstein-Levante-Crema-Sabbia-Matt-Bodenplatten-1.jpg\",\"contentUrl\":\"https:\\\/\\\/schubertstone.com\\\/wp-content\\\/uploads\\\/2025\\\/12\\\/Kalkstein-Levante-Crema-Sabbia-Matt-Bodenplatten-1.jpg\",\"width\":2048,\"height\":1536,\"caption\":\"Hartkalkstein Levante Crema Sabbia HK, matt patiniert, 61x40,6x1,2cm | ab 50m2\"},{\"@type\":\"BreadcrumbList\",\"@id\":\"https:\\\/\\\/schubertstone.com\\\/shop\\\/naturstein\\\/kalkstein\\\/levante-crema-sabbia-matt\\\/#breadcrumb\",\"itemListElement\":[{\"@type\":\"ListItem\",\"position\":1,\"name\":\"Home\",\"item\":\"https:\\\/\\\/schubertstone.com\\\/\"},{\"@type\":\"ListItem\",\"position\":2,\"name\":\"Shop\",\"item\":\"https:\\\/\\\/schubertstone.com\\\/shop\\\/\"},{\"@type\":\"ListItem\",\"position\":3,\"name\":\"Levante Crema Sabbia matt\"}]},{\"@type\":\"WebSite\",\"@id\":\"https:\\\/\\\/schubertstone.com\\\/#website\",\"url\":\"https:\\\/\\\/schubertstone.com\\\/\",\"name\":\"SCHUBERT STONE - Naturstein, Feinsteinzeug, Parkett\",\"description\":\"Edle B\u00f6den &amp; Terrassen f\u00fcr Ihre exklusive Immobilie\",\"potentialAction\":[{\"@type\":\"SearchAction\",\"target\":{\"@type\":\"EntryPoint\",\"urlTemplate\":\"https:\\\/\\\/schubertstone.com\\\/?s={search_term_string}\"},\"query-input\":{\"@type\":\"PropertyValueSpecification\",\"valueRequired\":true,\"valueName\":\"search_term_string\"}}],\"inLanguage\":\"en-US\"}]}<\/script>\n<!-- \/ Yoast SEO Premium plugin. -->","yoast_head_json":{"title":"Levante Crema Sabbia matt - SCHUBERT STONE - natural stone, porcelain stoneware, parquet","robots":{"index":"index","follow":"follow","max-snippet":"max-snippet:-1","max-image-preview":"max-image-preview:large","max-video-preview":"max-video-preview:-1"},"canonical":"https:\/\/schubertstone.com\/en\/store\/natural-stone\/limestone\/levante-crema-sabbia-matt\/","og_locale":"en_US","og_type":"article","og_title":"Levante Crema Sabbia matt","og_description":"Produktbeschreibung:  Die Oberfl\u00e4che des Hartkalksteins Levante Crema Sabbia wird mit B\u00fcrsten immer feiner geschliffen. Durch diese Behandlung sieht es aus, als h\u00e4tte die Zeit selbst dem Stein ihre Patina verliehen.   Es entsteht eine besonders nat\u00fcrlich wirkende, elegante und samtige Oberfl\u00e4che, die den Eindruck vermittelt, bereits gebraucht zu sein. Dadurch beh\u00e4lt der Stein \u00fcber Jahrzehnte hinweg sein nat\u00fcrliches Aussehen.    Erh\u00e4ltliche Gr\u00f6\u00dfen:   61 \u00d7 61 \u00d7 2 cm  80,3 \u00d7 40,6 \u00d7 1,2 oder 1,5 cm  40,6 \u00d7 61 \u00d7 1,2 oder 1,5 cm  Stufen 3 cm dick, bis zu 2 Meter lang  Sockelleisten 1,5 cm     &nbsp;","og_url":"https:\/\/schubertstone.com\/en\/store\/natural-stone\/limestone\/levante-crema-sabbia-matt\/","og_site_name":"SCHUBERT STONE - Naturstein, Feinsteinzeug, Parkett","article_modified_time":"2026-03-19T17:15:29+00:00","og_image":[{"width":2048,"height":1536,"url":"https:\/\/schubertstone.com\/wp-content\/uploads\/2025\/12\/Kalkstein-Levante-Crema-Sabbia-Matt-Bodenplatten-1.jpg","type":"image\/jpeg"}],"twitter_card":"summary_large_image","twitter_misc":{"Est. reading time":"1 minute"},"schema":{"@context":"https:\/\/schema.org","@graph":[{"@type":"WebPage","@id":"https:\/\/schubertstone.com\/shop\/naturstein\/kalkstein\/levante-crema-sabbia-matt\/","url":"https:\/\/schubertstone.com\/shop\/naturstein\/kalkstein\/levante-crema-sabbia-matt\/","name":"Levante Crema Sabbia matt - SCHUBERT STONE - natural stone, porcelain stoneware, parquet","isPartOf":{"@id":"https:\/\/schubertstone.com\/#website"},"primaryImageOfPage":{"@id":"https:\/\/schubertstone.com\/shop\/naturstein\/kalkstein\/levante-crema-sabbia-matt\/#primaryimage"},"image":{"@id":"https:\/\/schubertstone.com\/shop\/naturstein\/kalkstein\/levante-crema-sabbia-matt\/#primaryimage"},"thumbnailUrl":"https:\/\/schubertstone.com\/wp-content\/uploads\/2025\/12\/Kalkstein-Levante-Crema-Sabbia-Matt-Bodenplatten-1.jpg","datePublished":"2025-12-01T15:34:45+00:00","dateModified":"2026-03-19T17:15:29+00:00","breadcrumb":{"@id":"https:\/\/schubertstone.com\/shop\/naturstein\/kalkstein\/levante-crema-sabbia-matt\/#breadcrumb"},"inLanguage":"en-US","potentialAction":[{"@type":"ReadAction","target":["https:\/\/schubertstone.com\/shop\/naturstein\/kalkstein\/levante-crema-sabbia-matt\/"]}]},{"@type":"ImageObject","inLanguage":"en-US","@id":"https:\/\/schubertstone.com\/shop\/naturstein\/kalkstein\/levante-crema-sabbia-matt\/#primaryimage","url":"https:\/\/schubertstone.com\/wp-content\/uploads\/2025\/12\/Kalkstein-Levante-Crema-Sabbia-Matt-Bodenplatten-1.jpg","contentUrl":"https:\/\/schubertstone.com\/wp-content\/uploads\/2025\/12\/Kalkstein-Levante-Crema-Sabbia-Matt-Bodenplatten-1.jpg","width":2048,"height":1536,"caption":"Hartkalkstein Levante Crema Sabbia HK, matt patiniert, 61x40,6x1,2cm | ab 50m2"},{"@type":"BreadcrumbList","@id":"https:\/\/schubertstone.com\/shop\/naturstein\/kalkstein\/levante-crema-sabbia-matt\/#breadcrumb","itemListElement":[{"@type":"ListItem","position":1,"name":"Home","item":"https:\/\/schubertstone.com\/"},{"@type":"ListItem","position":2,"name":"Shop","item":"https:\/\/schubertstone.com\/shop\/"},{"@type":"ListItem","position":3,"name":"Levante Crema Sabbia matt"}]},{"@type":"WebSite","@id":"https:\/\/schubertstone.com\/#website","url":"https:\/\/schubertstone.com\/","name":"SCHUBERT STONE - Natural stone, porcelain stoneware, parquet","description":"Fine floors &amp; terraces for your exclusive property","potentialAction":[{"@type":"SearchAction","target":{"@type":"EntryPoint","urlTemplate":"https:\/\/schubertstone.com\/?s={search_term_string}"},"query-input":{"@type":"PropertyValueSpecification","valueRequired":true,"valueName":"search_term_string"}}],"inLanguage":"en-US"}]}},"_links":{"self":[{"href":"https:\/\/schubertstone.com\/en\/wp-json\/wp\/v2\/product\/35646","targetHints":{"allow":["GET"]}}],"collection":[{"href":"https:\/\/schubertstone.com\/en\/wp-json\/wp\/v2\/product"}],"about":[{"href":"https:\/\/schubertstone.com\/en\/wp-json\/wp\/v2\/types\/product"}],"version-history":[{"count":7,"href":"https:\/\/schubertstone.com\/en\/wp-json\/wp\/v2\/product\/35646\/revisions"}],"predecessor-version":[{"id":36619,"href":"https:\/\/schubertstone.com\/en\/wp-json\/wp\/v2\/product\/35646\/revisions\/36619"}],"wp:featuredmedia":[{"embeddable":true,"href":"https:\/\/schubertstone.com\/en\/wp-json\/wp\/v2\/media\/35647"}],"wp:attachment":[{"href":"https:\/\/schubertstone.com\/en\/wp-json\/wp\/v2\/media?parent=35646"}],"wp:term":[{"taxonomy":"product_brand","embeddable":true,"href":"https:\/\/schubertstone.com\/en\/wp-json\/wp\/v2\/product_brand?post=35646"},{"taxonomy":"product_cat","embeddable":true,"href":"https:\/\/schubertstone.com\/en\/wp-json\/wp\/v2\/product_cat?post=35646"},{"taxonomy":"product_tag","embeddable":true,"href":"https:\/\/schubertstone.com\/en\/wp-json\/wp\/v2\/product_tag?post=35646"}],"curies":[{"name":"wp","href":"https:\/\/api.w.org\/{rel}","templated":true}]}}