{"id":35680,"date":"2025-12-02T14:19:54","date_gmt":"2025-12-02T13:19:54","guid":{"rendered":"https:\/\/schubertstone.com\/?post_type=product&#038;p=35680"},"modified":"2026-03-19T18:20:51","modified_gmt":"2026-03-19T17:20:51","slug":"gn-114-ni","status":"publish","type":"product","link":"https:\/\/schubertstone.com\/en\/shop\/naturstein\/gneis\/gn-114-ni\/","title":{"rendered":"Gneiss GN 114 NI"},"content":{"rendered":"<hr \/>\n<h3 style=\"font-weight: 400;\"><strong>Product features:<\/strong><\/h3>\n<ul>\n<li>Multi-layered play of colors: grey, brown, beige, rust tones<\/li>\n<li>Slatted surface with tumbled edges<\/li>\n<li>Lively, high-quality look with a timeless appeal<\/li>\n<li>Ideal for heavily used exterior surfaces<\/li>\n<\/ul>\n<hr \/>\n<h3 style=\"font-weight: 400;\"><strong>Resilience:<\/strong><\/h3>\n<ul>\n<li>Frost and weather resistant<\/li>\n<li>Extremely robust and abrasion-resistant<\/li>\n<\/ul>\n<hr \/>\n<h3 style=\"font-weight: 400;\"><strong>Use:<\/strong><\/h3>\n<ul>\n<li class=\"p1\">Driveways<\/li>\n<li class=\"p1\">Courtyards<\/li>\n<li class=\"p1\">Paths<\/li>\n<li class=\"p1\">Terraces<\/li>\n<li class=\"p1\">Public and private outdoor facilities<\/li>\n<\/ul>\n<hr \/>\n<h3><strong>Care:<\/strong><\/h3>\n<ul>\n<li>Simple permanent impregnation<\/li>\n<li>Clean with stone soap in the mop water, also with K\u00e4rcher<\/li>\n<\/ul>\n<hr \/>\n<h3 style=\"font-weight: 400;\"><strong>Minimum order quantity:<\/strong><\/h3>\n<p>20 m2<\/p>\n<hr \/>\n<p>&nbsp;<\/p>","protected":false},"excerpt":{"rendered":"<hr \/>\n<h2>Product description:<\/h2>\n<p><\/p>\n<p class=\"p1\">The <span class=\"s1\">Gneiss GN 114 NI<\/span>\u00a0impresses with its natural interplay of gray, brown, rust and earth tones. The warm and cool nuances alternate harmoniously and lend every surface a powerful, lively radiance. <\/p>\n<p>The split surface creates a striking, non-slip character that creates a high-quality and robust effect, especially on driveways, paths and courtyards.<\/p>\n<hr \/>\n<h3>Available sizes:<\/h3>\n<ul>\n<li>27-18 x 18 x 2-4 cm<\/li>\n<li>18-27 x 18 x 3-5 cm<\/li>\n<\/ul>\n<hr \/>\n<p>&nbsp;<\/p>","protected":false},"featured_media":35699,"template":"","meta":[],"product_brand":[],"product_cat":[171,19,204],"product_tag":[145],"class_list":{"0":"post-35680","1":"product","2":"type-product","3":"status-publish","4":"has-post-thumbnail","6":"product_cat-gneis","7":"product_cat-naturstein","8":"product_cat-terrassen-spaltrau","9":"product_tag-terrassenplatten","10":"pa_anwendung-terrassenplatten","11":"pa_eignung-aussen","12":"pa_form-rechtecke","13":"pa_material-gneis","14":"pa_oberflaeche-spaltrauskantenbehauen","16":"first","17":"instock","18":"shipping-taxable","19":"product-type-simple"},"yoast_head":"<!-- This site is optimized with the Yoast SEO Premium plugin v27.3 (Yoast SEO v27.4) - https:\/\/yoast.com\/product\/yoast-seo-premium-wordpress\/ -->\n<title>Gneis GN 114 NI - SCHUBERT STONE - Naturstein, Feinsteinzeug, Parkett<\/title>\n<meta name=\"robots\" content=\"index, follow, max-snippet:-1, max-image-preview:large, max-video-preview:-1\" \/>\n<link rel=\"canonical\" href=\"https:\/\/schubertstone.com\/en\/store\/natural-stone\/gneiss\/gn-114-ni\/\" \/>\n<meta property=\"og:locale\" content=\"en_US\" \/>\n<meta property=\"og:type\" content=\"article\" \/>\n<meta property=\"og:title\" content=\"Gneis GN 114 NI\" \/>\n<meta property=\"og:description\" content=\"Produktbeschreibung:  Der Gneis GN 114 NI\u00a0beeindruckt durch sein nat\u00fcrliches Farbspiel aus Grau-, Braun-, Rost- und Erdt\u00f6nen. Die warmen und k\u00fchlen Nuancen wechseln harmonisch und verleihen jeder Fl\u00e4che eine kraftvolle, lebendige Ausstrahlung.   Durch die gespaltene Oberfl\u00e4che entsteht ein markanter, rutschsicherer Charakter, der besonders auf Einfahrten, Wegen und H\u00f6fen eine hochwertige und robuste Wirkung erzeugt.     Erh\u00e4ltliche Gr\u00f6\u00dfen:   27-18 x 18 x 2-4 cm  18-27 x 18 x 3-5 cm     &nbsp;\" \/>\n<meta property=\"og:url\" content=\"https:\/\/schubertstone.com\/en\/store\/natural-stone\/gneiss\/gn-114-ni\/\" \/>\n<meta property=\"og:site_name\" content=\"SCHUBERT STONE - Naturstein, Feinsteinzeug, Parkett\" \/>\n<meta property=\"article:modified_time\" content=\"2026-03-19T17:20:51+00:00\" \/>\n<meta property=\"og:image\" content=\"https:\/\/schubertstone.com\/wp-content\/uploads\/2025\/12\/Gneis-GN-114-NI-Naturstein-Terrassenplatten.jpg\" \/>\n\t<meta property=\"og:image:width\" content=\"2048\" \/>\n\t<meta property=\"og:image:height\" content=\"1365\" \/>\n\t<meta property=\"og:image:type\" content=\"image\/jpeg\" \/>\n<meta name=\"twitter:card\" content=\"summary_large_image\" \/>\n<meta name=\"twitter:label1\" content=\"Est. reading time\" \/>\n\t<meta name=\"twitter:data1\" content=\"1 minute\" \/>\n<script type=\"application\/ld+json\" class=\"yoast-schema-graph\">{\"@context\":\"https:\\\/\\\/schema.org\",\"@graph\":[{\"@type\":\"WebPage\",\"@id\":\"https:\\\/\\\/schubertstone.com\\\/shop\\\/naturstein\\\/gneis\\\/gn-114-ni\\\/\",\"url\":\"https:\\\/\\\/schubertstone.com\\\/shop\\\/naturstein\\\/gneis\\\/gn-114-ni\\\/\",\"name\":\"Gneis GN 114 NI - SCHUBERT STONE - Naturstein, Feinsteinzeug, Parkett\",\"isPartOf\":{\"@id\":\"https:\\\/\\\/schubertstone.com\\\/#website\"},\"primaryImageOfPage\":{\"@id\":\"https:\\\/\\\/schubertstone.com\\\/shop\\\/naturstein\\\/gneis\\\/gn-114-ni\\\/#primaryimage\"},\"image\":{\"@id\":\"https:\\\/\\\/schubertstone.com\\\/shop\\\/naturstein\\\/gneis\\\/gn-114-ni\\\/#primaryimage\"},\"thumbnailUrl\":\"https:\\\/\\\/schubertstone.com\\\/wp-content\\\/uploads\\\/2025\\\/12\\\/Gneis-GN-114-NI-Naturstein-Terrassenplatten.jpg\",\"datePublished\":\"2025-12-02T13:19:54+00:00\",\"dateModified\":\"2026-03-19T17:20:51+00:00\",\"breadcrumb\":{\"@id\":\"https:\\\/\\\/schubertstone.com\\\/shop\\\/naturstein\\\/gneis\\\/gn-114-ni\\\/#breadcrumb\"},\"inLanguage\":\"en-US\",\"potentialAction\":[{\"@type\":\"ReadAction\",\"target\":[\"https:\\\/\\\/schubertstone.com\\\/shop\\\/naturstein\\\/gneis\\\/gn-114-ni\\\/\"]}]},{\"@type\":\"ImageObject\",\"inLanguage\":\"en-US\",\"@id\":\"https:\\\/\\\/schubertstone.com\\\/shop\\\/naturstein\\\/gneis\\\/gn-114-ni\\\/#primaryimage\",\"url\":\"https:\\\/\\\/schubertstone.com\\\/wp-content\\\/uploads\\\/2025\\\/12\\\/Gneis-GN-114-NI-Naturstein-Terrassenplatten.jpg\",\"contentUrl\":\"https:\\\/\\\/schubertstone.com\\\/wp-content\\\/uploads\\\/2025\\\/12\\\/Gneis-GN-114-NI-Naturstein-Terrassenplatten.jpg\",\"width\":2048,\"height\":1365},{\"@type\":\"BreadcrumbList\",\"@id\":\"https:\\\/\\\/schubertstone.com\\\/shop\\\/naturstein\\\/gneis\\\/gn-114-ni\\\/#breadcrumb\",\"itemListElement\":[{\"@type\":\"ListItem\",\"position\":1,\"name\":\"Home\",\"item\":\"https:\\\/\\\/schubertstone.com\\\/\"},{\"@type\":\"ListItem\",\"position\":2,\"name\":\"Shop\",\"item\":\"https:\\\/\\\/schubertstone.com\\\/shop\\\/\"},{\"@type\":\"ListItem\",\"position\":3,\"name\":\"Gneis GN 114 NI\"}]},{\"@type\":\"WebSite\",\"@id\":\"https:\\\/\\\/schubertstone.com\\\/#website\",\"url\":\"https:\\\/\\\/schubertstone.com\\\/\",\"name\":\"SCHUBERT STONE - Naturstein, Feinsteinzeug, Parkett\",\"description\":\"Edle B\u00f6den &amp; Terrassen f\u00fcr Ihre exklusive Immobilie\",\"potentialAction\":[{\"@type\":\"SearchAction\",\"target\":{\"@type\":\"EntryPoint\",\"urlTemplate\":\"https:\\\/\\\/schubertstone.com\\\/?s={search_term_string}\"},\"query-input\":{\"@type\":\"PropertyValueSpecification\",\"valueRequired\":true,\"valueName\":\"search_term_string\"}}],\"inLanguage\":\"en-US\"}]}<\/script>\n<!-- \/ Yoast SEO Premium plugin. -->","yoast_head_json":{"title":"Gneiss GN 114 NI - SCHUBERT STONE - Natural stone, porcelain stoneware, parquet","robots":{"index":"index","follow":"follow","max-snippet":"max-snippet:-1","max-image-preview":"max-image-preview:large","max-video-preview":"max-video-preview:-1"},"canonical":"https:\/\/schubertstone.com\/en\/store\/natural-stone\/gneiss\/gn-114-ni\/","og_locale":"en_US","og_type":"article","og_title":"Gneis GN 114 NI","og_description":"Produktbeschreibung:  Der Gneis GN 114 NI\u00a0beeindruckt durch sein nat\u00fcrliches Farbspiel aus Grau-, Braun-, Rost- und Erdt\u00f6nen. Die warmen und k\u00fchlen Nuancen wechseln harmonisch und verleihen jeder Fl\u00e4che eine kraftvolle, lebendige Ausstrahlung.   Durch die gespaltene Oberfl\u00e4che entsteht ein markanter, rutschsicherer Charakter, der besonders auf Einfahrten, Wegen und H\u00f6fen eine hochwertige und robuste Wirkung erzeugt.     Erh\u00e4ltliche Gr\u00f6\u00dfen:   27-18 x 18 x 2-4 cm  18-27 x 18 x 3-5 cm     &nbsp;","og_url":"https:\/\/schubertstone.com\/en\/store\/natural-stone\/gneiss\/gn-114-ni\/","og_site_name":"SCHUBERT STONE - Naturstein, Feinsteinzeug, Parkett","article_modified_time":"2026-03-19T17:20:51+00:00","og_image":[{"width":2048,"height":1365,"url":"https:\/\/schubertstone.com\/wp-content\/uploads\/2025\/12\/Gneis-GN-114-NI-Naturstein-Terrassenplatten.jpg","type":"image\/jpeg"}],"twitter_card":"summary_large_image","twitter_misc":{"Est. reading time":"1 minute"},"schema":{"@context":"https:\/\/schema.org","@graph":[{"@type":"WebPage","@id":"https:\/\/schubertstone.com\/shop\/naturstein\/gneis\/gn-114-ni\/","url":"https:\/\/schubertstone.com\/shop\/naturstein\/gneis\/gn-114-ni\/","name":"Gneiss GN 114 NI - SCHUBERT STONE - Natural stone, porcelain stoneware, parquet","isPartOf":{"@id":"https:\/\/schubertstone.com\/#website"},"primaryImageOfPage":{"@id":"https:\/\/schubertstone.com\/shop\/naturstein\/gneis\/gn-114-ni\/#primaryimage"},"image":{"@id":"https:\/\/schubertstone.com\/shop\/naturstein\/gneis\/gn-114-ni\/#primaryimage"},"thumbnailUrl":"https:\/\/schubertstone.com\/wp-content\/uploads\/2025\/12\/Gneis-GN-114-NI-Naturstein-Terrassenplatten.jpg","datePublished":"2025-12-02T13:19:54+00:00","dateModified":"2026-03-19T17:20:51+00:00","breadcrumb":{"@id":"https:\/\/schubertstone.com\/shop\/naturstein\/gneis\/gn-114-ni\/#breadcrumb"},"inLanguage":"en-US","potentialAction":[{"@type":"ReadAction","target":["https:\/\/schubertstone.com\/shop\/naturstein\/gneis\/gn-114-ni\/"]}]},{"@type":"ImageObject","inLanguage":"en-US","@id":"https:\/\/schubertstone.com\/shop\/naturstein\/gneis\/gn-114-ni\/#primaryimage","url":"https:\/\/schubertstone.com\/wp-content\/uploads\/2025\/12\/Gneis-GN-114-NI-Naturstein-Terrassenplatten.jpg","contentUrl":"https:\/\/schubertstone.com\/wp-content\/uploads\/2025\/12\/Gneis-GN-114-NI-Naturstein-Terrassenplatten.jpg","width":2048,"height":1365},{"@type":"BreadcrumbList","@id":"https:\/\/schubertstone.com\/shop\/naturstein\/gneis\/gn-114-ni\/#breadcrumb","itemListElement":[{"@type":"ListItem","position":1,"name":"Home","item":"https:\/\/schubertstone.com\/"},{"@type":"ListItem","position":2,"name":"Shop","item":"https:\/\/schubertstone.com\/shop\/"},{"@type":"ListItem","position":3,"name":"Gneis GN 114 NI"}]},{"@type":"WebSite","@id":"https:\/\/schubertstone.com\/#website","url":"https:\/\/schubertstone.com\/","name":"SCHUBERT STONE - Natural stone, porcelain stoneware, parquet","description":"Fine floors &amp; terraces for your exclusive property","potentialAction":[{"@type":"SearchAction","target":{"@type":"EntryPoint","urlTemplate":"https:\/\/schubertstone.com\/?s={search_term_string}"},"query-input":{"@type":"PropertyValueSpecification","valueRequired":true,"valueName":"search_term_string"}}],"inLanguage":"en-US"}]}},"_links":{"self":[{"href":"https:\/\/schubertstone.com\/en\/wp-json\/wp\/v2\/product\/35680","targetHints":{"allow":["GET"]}}],"collection":[{"href":"https:\/\/schubertstone.com\/en\/wp-json\/wp\/v2\/product"}],"about":[{"href":"https:\/\/schubertstone.com\/en\/wp-json\/wp\/v2\/types\/product"}],"version-history":[{"count":7,"href":"https:\/\/schubertstone.com\/en\/wp-json\/wp\/v2\/product\/35680\/revisions"}],"predecessor-version":[{"id":36625,"href":"https:\/\/schubertstone.com\/en\/wp-json\/wp\/v2\/product\/35680\/revisions\/36625"}],"wp:featuredmedia":[{"embeddable":true,"href":"https:\/\/schubertstone.com\/en\/wp-json\/wp\/v2\/media\/35699"}],"wp:attachment":[{"href":"https:\/\/schubertstone.com\/en\/wp-json\/wp\/v2\/media?parent=35680"}],"wp:term":[{"taxonomy":"product_brand","embeddable":true,"href":"https:\/\/schubertstone.com\/en\/wp-json\/wp\/v2\/product_brand?post=35680"},{"taxonomy":"product_cat","embeddable":true,"href":"https:\/\/schubertstone.com\/en\/wp-json\/wp\/v2\/product_cat?post=35680"},{"taxonomy":"product_tag","embeddable":true,"href":"https:\/\/schubertstone.com\/en\/wp-json\/wp\/v2\/product_tag?post=35680"}],"curies":[{"name":"wp","href":"https:\/\/api.w.org\/{rel}","templated":true}]}}