{"id":35911,"date":"2026-02-06T11:39:06","date_gmt":"2026-02-06T10:39:06","guid":{"rendered":"https:\/\/schubertstone.com\/?post_type=product&#038;p=35911"},"modified":"2026-04-13T15:31:47","modified_gmt":"2026-04-13T13:31:47","slug":"k-642-hl","status":"publish","type":"product","link":"https:\/\/schubertstone.com\/en\/shop\/naturstein\/kalkstein\/k-642-hl\/","title":{"rendered":"Kalkstein K 642 HL"},"content":{"rendered":"<hr \/>\n<h3 style=\"font-weight: 400;\"><strong>Properties:<\/strong><\/h3>\n<ul>\n<li class=\"p1\">Light cream and beige tones with a calm texture<\/li>\n<li class=\"p1\">Discreet, high-quality look<\/li>\n<li class=\"p1\">Patinated surface with a pleasant feel<\/li>\n<li class=\"p1\">Ideal for timeless, light-flooded room concepts<\/li>\n<\/ul>\n<hr \/>\n<h3 style=\"font-weight: 400;\"><strong>Resilience:<\/strong><\/h3>\n<ul>\n<li>High durability and longevity<\/li>\n<li class=\"p1\">Surface anticipates traces of use<\/li>\n<\/ul>\n<hr \/>\n<h3 style=\"font-weight: 400;\"><strong>Care:<\/strong><\/h3>\n<ul>\n<li class=\"p1\">Simple permanent impregnation protects against stains<\/li>\n<li class=\"p1\">Simply clean with stone soap in the mop water<\/li>\n<\/ul>\n<hr \/>\n<h3 style=\"font-weight: 400;\"><strong>Use:<\/strong><\/h3>\n<ul>\n<li class=\"p1\">Living rooms<\/li>\n<li class=\"p1\">Baths<\/li>\n<li class=\"p1\">Staircases<\/li>\n<li class=\"p1\">Entrance areas<\/li>\n<li class=\"p1\">Hochwertige Privatr\u00e4umlichkeiten<\/li>\n<\/ul>\n<hr \/>\n<h3 style=\"font-weight: 400;\"><strong>Minimum order quantity:<\/strong><\/h3>\n<p>20 m2<\/p>\n<hr \/>\n<p>&nbsp;<\/p>","protected":false},"excerpt":{"rendered":"<hr \/>\n<h2>Product description:<\/h2>\n<p><\/p>\n<p class=\"p1\">The K 642 HL patinated limestone impresses with its calm, light coloring in fine cream and beige tones as well as a uniform, subtle natural texture. The restrained pattern gives the stone a particularly clear and elegant appearance that opens up rooms visually and conveys a feeling of lightness.<\/p>\n<hr \/>\n<h3>Available sizes:<\/h3>\n<ul>\n<li>60 x 40 x 1.2 cm<\/li>\n<\/ul>\n<hr \/>\n<p>&nbsp;<\/p>","protected":false},"featured_media":35917,"template":"","meta":[],"product_brand":[],"product_cat":[199,169,19],"product_tag":[178],"class_list":{"0":"post-35911","1":"product","2":"type-product","3":"status-publish","4":"has-post-thumbnail","6":"product_cat-boeden-klassisch","7":"product_cat-kalkstein","8":"product_cat-naturstein","9":"product_tag-boeden","10":"pa_eignung-innen","11":"pa_form-rechtecke","12":"pa_material-kalkstein","13":"pa_oberflaeche-geschliffen-patiniert-gesaegt","15":"first","16":"instock","17":"shipping-taxable","18":"product-type-simple"},"yoast_head":"<!-- This site is optimized with the Yoast SEO Premium plugin v27.3 (Yoast SEO v27.4) - https:\/\/yoast.com\/product\/yoast-seo-premium-wordpress\/ -->\n<title>Kalkstein K 642 HL - SCHUBERT STONE - Naturstein, Feinsteinzeug, Parkett<\/title>\n<meta name=\"robots\" content=\"index, follow, max-snippet:-1, max-image-preview:large, max-video-preview:-1\" \/>\n<link rel=\"canonical\" href=\"https:\/\/schubertstone.com\/en\/store\/natural-stone\/limestone\/k-642-hl\/\" \/>\n<meta property=\"og:locale\" content=\"en_US\" \/>\n<meta property=\"og:type\" content=\"article\" \/>\n<meta property=\"og:title\" content=\"Kalkstein K 642 HL\" \/>\n<meta property=\"og:description\" content=\"Produktbeschreibung:  Der Kalkstein K 642 HL patiniert \u00fcberzeugt durch seine ruhige, helle Farbgebung in feinen Creme- und Beiget\u00f6nen sowie eine gleichm\u00e4\u00dfige, dezente Naturstruktur. Die zur\u00fcckhaltende Zeichnung verleiht dem Stein eine besonders klare und elegante Ausstrahlung, die R\u00e4ume optisch \u00f6ffnet und ein Gef\u00fchl von Leichtigkeit vermittelt.     Erh\u00e4ltliche Gr\u00f6\u00dfen:   60 x 40 x 1,2 cm     &nbsp;\" \/>\n<meta property=\"og:url\" content=\"https:\/\/schubertstone.com\/en\/store\/natural-stone\/limestone\/k-642-hl\/\" \/>\n<meta property=\"og:site_name\" content=\"SCHUBERT STONE - Naturstein, Feinsteinzeug, Parkett\" \/>\n<meta property=\"article:modified_time\" content=\"2026-04-13T13:31:47+00:00\" \/>\n<meta property=\"og:image\" content=\"https:\/\/schubertstone.com\/wp-content\/uploads\/2026\/02\/Kalkstein-K-642-HL-patiniert-1.jpg\" \/>\n\t<meta property=\"og:image:width\" content=\"2048\" \/>\n\t<meta property=\"og:image:height\" content=\"1365\" \/>\n\t<meta property=\"og:image:type\" content=\"image\/jpeg\" \/>\n<meta name=\"twitter:card\" content=\"summary_large_image\" \/>\n<meta name=\"twitter:label1\" content=\"Est. reading time\" \/>\n\t<meta name=\"twitter:data1\" content=\"1 minute\" \/>\n<script type=\"application\/ld+json\" class=\"yoast-schema-graph\">{\"@context\":\"https:\\\/\\\/schema.org\",\"@graph\":[{\"@type\":\"WebPage\",\"@id\":\"https:\\\/\\\/schubertstone.com\\\/shop\\\/naturstein\\\/kalkstein\\\/k-642-hl\\\/\",\"url\":\"https:\\\/\\\/schubertstone.com\\\/shop\\\/naturstein\\\/kalkstein\\\/k-642-hl\\\/\",\"name\":\"Kalkstein K 642 HL - SCHUBERT STONE - Naturstein, Feinsteinzeug, Parkett\",\"isPartOf\":{\"@id\":\"https:\\\/\\\/schubertstone.com\\\/#website\"},\"primaryImageOfPage\":{\"@id\":\"https:\\\/\\\/schubertstone.com\\\/shop\\\/naturstein\\\/kalkstein\\\/k-642-hl\\\/#primaryimage\"},\"image\":{\"@id\":\"https:\\\/\\\/schubertstone.com\\\/shop\\\/naturstein\\\/kalkstein\\\/k-642-hl\\\/#primaryimage\"},\"thumbnailUrl\":\"https:\\\/\\\/schubertstone.com\\\/wp-content\\\/uploads\\\/2026\\\/02\\\/Kalkstein-K-642-HL-patiniert-1.jpg\",\"datePublished\":\"2026-02-06T10:39:06+00:00\",\"dateModified\":\"2026-04-13T13:31:47+00:00\",\"breadcrumb\":{\"@id\":\"https:\\\/\\\/schubertstone.com\\\/shop\\\/naturstein\\\/kalkstein\\\/k-642-hl\\\/#breadcrumb\"},\"inLanguage\":\"en-US\",\"potentialAction\":[{\"@type\":\"ReadAction\",\"target\":[\"https:\\\/\\\/schubertstone.com\\\/shop\\\/naturstein\\\/kalkstein\\\/k-642-hl\\\/\"]}]},{\"@type\":\"ImageObject\",\"inLanguage\":\"en-US\",\"@id\":\"https:\\\/\\\/schubertstone.com\\\/shop\\\/naturstein\\\/kalkstein\\\/k-642-hl\\\/#primaryimage\",\"url\":\"https:\\\/\\\/schubertstone.com\\\/wp-content\\\/uploads\\\/2026\\\/02\\\/Kalkstein-K-642-HL-patiniert-1.jpg\",\"contentUrl\":\"https:\\\/\\\/schubertstone.com\\\/wp-content\\\/uploads\\\/2026\\\/02\\\/Kalkstein-K-642-HL-patiniert-1.jpg\",\"width\":2048,\"height\":1365},{\"@type\":\"BreadcrumbList\",\"@id\":\"https:\\\/\\\/schubertstone.com\\\/shop\\\/naturstein\\\/kalkstein\\\/k-642-hl\\\/#breadcrumb\",\"itemListElement\":[{\"@type\":\"ListItem\",\"position\":1,\"name\":\"Home\",\"item\":\"https:\\\/\\\/schubertstone.com\\\/\"},{\"@type\":\"ListItem\",\"position\":2,\"name\":\"Shop\",\"item\":\"https:\\\/\\\/schubertstone.com\\\/shop\\\/\"},{\"@type\":\"ListItem\",\"position\":3,\"name\":\"Kalkstein K 642 HL\"}]},{\"@type\":\"WebSite\",\"@id\":\"https:\\\/\\\/schubertstone.com\\\/#website\",\"url\":\"https:\\\/\\\/schubertstone.com\\\/\",\"name\":\"SCHUBERT STONE - Naturstein, Feinsteinzeug, Parkett\",\"description\":\"Edle B\u00f6den &amp; Terrassen f\u00fcr Ihre exklusive Immobilie\",\"potentialAction\":[{\"@type\":\"SearchAction\",\"target\":{\"@type\":\"EntryPoint\",\"urlTemplate\":\"https:\\\/\\\/schubertstone.com\\\/?s={search_term_string}\"},\"query-input\":{\"@type\":\"PropertyValueSpecification\",\"valueRequired\":true,\"valueName\":\"search_term_string\"}}],\"inLanguage\":\"en-US\"}]}<\/script>\n<!-- \/ Yoast SEO Premium plugin. -->","yoast_head_json":{"title":"Kalkstein K 642 HL - SCHUBERT STONE - Naturstein, Feinsteinzeug, Parkett","robots":{"index":"index","follow":"follow","max-snippet":"max-snippet:-1","max-image-preview":"max-image-preview:large","max-video-preview":"max-video-preview:-1"},"canonical":"https:\/\/schubertstone.com\/en\/store\/natural-stone\/limestone\/k-642-hl\/","og_locale":"en_US","og_type":"article","og_title":"Kalkstein K 642 HL","og_description":"Produktbeschreibung:  Der Kalkstein K 642 HL patiniert \u00fcberzeugt durch seine ruhige, helle Farbgebung in feinen Creme- und Beiget\u00f6nen sowie eine gleichm\u00e4\u00dfige, dezente Naturstruktur. Die zur\u00fcckhaltende Zeichnung verleiht dem Stein eine besonders klare und elegante Ausstrahlung, die R\u00e4ume optisch \u00f6ffnet und ein Gef\u00fchl von Leichtigkeit vermittelt.     Erh\u00e4ltliche Gr\u00f6\u00dfen:   60 x 40 x 1,2 cm     &nbsp;","og_url":"https:\/\/schubertstone.com\/en\/store\/natural-stone\/limestone\/k-642-hl\/","og_site_name":"SCHUBERT STONE - Naturstein, Feinsteinzeug, Parkett","article_modified_time":"2026-04-13T13:31:47+00:00","og_image":[{"width":2048,"height":1365,"url":"https:\/\/schubertstone.com\/wp-content\/uploads\/2026\/02\/Kalkstein-K-642-HL-patiniert-1.jpg","type":"image\/jpeg"}],"twitter_card":"summary_large_image","twitter_misc":{"Est. reading time":"1 minute"},"schema":{"@context":"https:\/\/schema.org","@graph":[{"@type":"WebPage","@id":"https:\/\/schubertstone.com\/shop\/naturstein\/kalkstein\/k-642-hl\/","url":"https:\/\/schubertstone.com\/shop\/naturstein\/kalkstein\/k-642-hl\/","name":"Kalkstein K 642 HL - SCHUBERT STONE - Naturstein, Feinsteinzeug, Parkett","isPartOf":{"@id":"https:\/\/schubertstone.com\/#website"},"primaryImageOfPage":{"@id":"https:\/\/schubertstone.com\/shop\/naturstein\/kalkstein\/k-642-hl\/#primaryimage"},"image":{"@id":"https:\/\/schubertstone.com\/shop\/naturstein\/kalkstein\/k-642-hl\/#primaryimage"},"thumbnailUrl":"https:\/\/schubertstone.com\/wp-content\/uploads\/2026\/02\/Kalkstein-K-642-HL-patiniert-1.jpg","datePublished":"2026-02-06T10:39:06+00:00","dateModified":"2026-04-13T13:31:47+00:00","breadcrumb":{"@id":"https:\/\/schubertstone.com\/shop\/naturstein\/kalkstein\/k-642-hl\/#breadcrumb"},"inLanguage":"en-US","potentialAction":[{"@type":"ReadAction","target":["https:\/\/schubertstone.com\/shop\/naturstein\/kalkstein\/k-642-hl\/"]}]},{"@type":"ImageObject","inLanguage":"en-US","@id":"https:\/\/schubertstone.com\/shop\/naturstein\/kalkstein\/k-642-hl\/#primaryimage","url":"https:\/\/schubertstone.com\/wp-content\/uploads\/2026\/02\/Kalkstein-K-642-HL-patiniert-1.jpg","contentUrl":"https:\/\/schubertstone.com\/wp-content\/uploads\/2026\/02\/Kalkstein-K-642-HL-patiniert-1.jpg","width":2048,"height":1365},{"@type":"BreadcrumbList","@id":"https:\/\/schubertstone.com\/shop\/naturstein\/kalkstein\/k-642-hl\/#breadcrumb","itemListElement":[{"@type":"ListItem","position":1,"name":"Home","item":"https:\/\/schubertstone.com\/"},{"@type":"ListItem","position":2,"name":"Shop","item":"https:\/\/schubertstone.com\/shop\/"},{"@type":"ListItem","position":3,"name":"Kalkstein K 642 HL"}]},{"@type":"WebSite","@id":"https:\/\/schubertstone.com\/#website","url":"https:\/\/schubertstone.com\/","name":"SCHUBERT STONE - Natural stone, porcelain stoneware, parquet","description":"Fine floors &amp; terraces for your exclusive property","potentialAction":[{"@type":"SearchAction","target":{"@type":"EntryPoint","urlTemplate":"https:\/\/schubertstone.com\/?s={search_term_string}"},"query-input":{"@type":"PropertyValueSpecification","valueRequired":true,"valueName":"search_term_string"}}],"inLanguage":"en-US"}]}},"_links":{"self":[{"href":"https:\/\/schubertstone.com\/en\/wp-json\/wp\/v2\/product\/35911","targetHints":{"allow":["GET"]}}],"collection":[{"href":"https:\/\/schubertstone.com\/en\/wp-json\/wp\/v2\/product"}],"about":[{"href":"https:\/\/schubertstone.com\/en\/wp-json\/wp\/v2\/types\/product"}],"version-history":[{"count":7,"href":"https:\/\/schubertstone.com\/en\/wp-json\/wp\/v2\/product\/35911\/revisions"}],"predecessor-version":[{"id":36933,"href":"https:\/\/schubertstone.com\/en\/wp-json\/wp\/v2\/product\/35911\/revisions\/36933"}],"wp:featuredmedia":[{"embeddable":true,"href":"https:\/\/schubertstone.com\/en\/wp-json\/wp\/v2\/media\/35917"}],"wp:attachment":[{"href":"https:\/\/schubertstone.com\/en\/wp-json\/wp\/v2\/media?parent=35911"}],"wp:term":[{"taxonomy":"product_brand","embeddable":true,"href":"https:\/\/schubertstone.com\/en\/wp-json\/wp\/v2\/product_brand?post=35911"},{"taxonomy":"product_cat","embeddable":true,"href":"https:\/\/schubertstone.com\/en\/wp-json\/wp\/v2\/product_cat?post=35911"},{"taxonomy":"product_tag","embeddable":true,"href":"https:\/\/schubertstone.com\/en\/wp-json\/wp\/v2\/product_tag?post=35911"}],"curies":[{"name":"wp","href":"https:\/\/api.w.org\/{rel}","templated":true}]}}