{"id":36163,"date":"2026-03-12T17:21:09","date_gmt":"2026-03-12T16:21:09","guid":{"rendered":"https:\/\/schubertstone.com\/?post_type=product&#038;p=36163"},"modified":"2026-03-19T18:54:45","modified_gmt":"2026-03-19T17:54:45","slug":"tr-655-relief-12","status":"publish","type":"product","link":"https:\/\/schubertstone.com\/en\/shop\/naturstein\/travertin\/tr-655-relief-12\/","title":{"rendered":"Travertine TR 655 Relief 12"},"content":{"rendered":"<hr \/>\n<h3 style=\"font-weight: 400;\"><strong>Properties:<\/strong><\/h3>\n<ul>\n<li class=\"p1\">Light travertine with artistic indentations<\/li>\n<li class=\"p1\">Three-dimensional structure with a strong light and shadow effect<\/li>\n<li class=\"p1\">Expressive, luxurious surface aesthetics<\/li>\n<li class=\"p1\">Precisely crafted<\/li>\n<li class=\"p1\">Architectural highlight for exclusive rooms<\/li>\n<\/ul>\n<hr \/>\n<h3 style=\"font-weight: 400;\"><strong>Resilience:<\/strong><\/h3>\n<ul>\n<li>High durability and longevity<\/li>\n<li class=\"p1\">Surface anticipates traces of use<\/li>\n<\/ul>\n<hr \/>\n<h3 style=\"font-weight: 400;\"><strong>Care:<\/strong><\/h3>\n<ul>\n<li class=\"p1\">Simply clean with stone soap in the mop water<\/li>\n<\/ul>\n<hr \/>\n<h3 style=\"font-weight: 400;\"><strong>Use:<\/strong><\/h3>\n<ul>\n<li class=\"p1\">Wall cladding<\/li>\n<li class=\"p1\">Reception areas<\/li>\n<li class=\"p1\">Hotels, restaurants<\/li>\n<li class=\"p1\">Exclusive living spaces<\/li>\n<li class=\"p1\">Bars, lobbies and prestigious interior design projects<\/li>\n<\/ul>\n<hr \/>\n<h3 style=\"font-weight: 400;\"><strong>Minimum order quantity:<\/strong><\/h3>\n<p>2 m2<\/p>\n<hr \/>\n<p>&nbsp;<\/p>","protected":false},"excerpt":{"rendered":"<hr \/>\n<h2><strong>Product description:<\/strong><\/h2>\n<p><\/p>\n<p class=\"p1\">Travertine TR 655 Relief 12 combines fine natural stone with an artistic, three-dimensional surface design and creates an extraordinary wall decor with a high architectural presence.<\/p>\n<hr \/>\n<h3>Available sizes:<\/h3>\n<ul>\n<li>60 x 60 x 2 cm<\/li>\n<li>120 x 60 x 2 cm<\/li>\n<\/ul>\n<hr \/>\n<p>&nbsp;<\/p>","protected":false},"featured_media":36164,"template":"","meta":[],"product_brand":[],"product_cat":[19,188,203],"product_tag":[180],"class_list":{"0":"post-36163","1":"product","2":"type-product","3":"status-publish","4":"has-post-thumbnail","6":"product_cat-naturstein","7":"product_cat-travertin","8":"product_cat-wanddekor","9":"product_tag-waende","10":"pa_eignung-innen","11":"pa_form-quadrate","12":"pa_material-travertin","13":"pa_oberflaeche-design-relief","15":"first","16":"instock","17":"shipping-taxable","18":"product-type-simple"},"yoast_head":"<!-- This site is optimized with the Yoast SEO Premium plugin v27.3 (Yoast SEO v27.4) - https:\/\/yoast.com\/product\/yoast-seo-premium-wordpress\/ -->\n<title>Travertin TR 655 Relief 12 - SCHUBERT STONE - Naturstein, Feinsteinzeug, Parkett<\/title>\n<meta name=\"robots\" content=\"index, follow, max-snippet:-1, max-image-preview:large, max-video-preview:-1\" \/>\n<link rel=\"canonical\" href=\"https:\/\/schubertstone.com\/en\/store\/natural-stone\/travertine\/tr-655-relief-12\/\" \/>\n<meta property=\"og:locale\" content=\"en_US\" \/>\n<meta property=\"og:type\" content=\"article\" \/>\n<meta property=\"og:title\" content=\"Travertin TR 655 Relief 12\" \/>\n<meta property=\"og:description\" content=\"Produktbeschreibung:  Travertin TR 655 Relief 12 verbindet edlen Naturstein mit kunstvoller, dreidimensionaler Oberfl\u00e4chengestaltung und schafft ein au\u00dfergew\u00f6hnliches Wanddekor mit hoher architektonischer Pr\u00e4senz.     Erh\u00e4ltliche Gr\u00f6\u00dfen:   60 x 60 x 2 cm  120 x 60 x 2 cm     &nbsp;\" \/>\n<meta property=\"og:url\" content=\"https:\/\/schubertstone.com\/en\/store\/natural-stone\/travertine\/tr-655-relief-12\/\" \/>\n<meta property=\"og:site_name\" content=\"SCHUBERT STONE - Naturstein, Feinsteinzeug, Parkett\" \/>\n<meta property=\"article:modified_time\" content=\"2026-03-19T17:54:45+00:00\" \/>\n<meta property=\"og:image\" content=\"https:\/\/schubertstone.com\/wp-content\/uploads\/2026\/03\/Travertin-TR-655-Relief-12.jpg\" \/>\n\t<meta property=\"og:image:width\" content=\"2048\" \/>\n\t<meta property=\"og:image:height\" content=\"2048\" \/>\n\t<meta property=\"og:image:type\" content=\"image\/jpeg\" \/>\n<meta name=\"twitter:card\" content=\"summary_large_image\" \/>\n<meta name=\"twitter:label1\" content=\"Est. reading time\" \/>\n\t<meta name=\"twitter:data1\" content=\"1 minute\" \/>\n<script type=\"application\/ld+json\" class=\"yoast-schema-graph\">{\"@context\":\"https:\\\/\\\/schema.org\",\"@graph\":[{\"@type\":\"WebPage\",\"@id\":\"https:\\\/\\\/schubertstone.com\\\/shop\\\/naturstein\\\/travertin\\\/tr-655-relief-12\\\/\",\"url\":\"https:\\\/\\\/schubertstone.com\\\/shop\\\/naturstein\\\/travertin\\\/tr-655-relief-12\\\/\",\"name\":\"Travertin TR 655 Relief 12 - SCHUBERT STONE - Naturstein, Feinsteinzeug, Parkett\",\"isPartOf\":{\"@id\":\"https:\\\/\\\/schubertstone.com\\\/#website\"},\"primaryImageOfPage\":{\"@id\":\"https:\\\/\\\/schubertstone.com\\\/shop\\\/naturstein\\\/travertin\\\/tr-655-relief-12\\\/#primaryimage\"},\"image\":{\"@id\":\"https:\\\/\\\/schubertstone.com\\\/shop\\\/naturstein\\\/travertin\\\/tr-655-relief-12\\\/#primaryimage\"},\"thumbnailUrl\":\"https:\\\/\\\/schubertstone.com\\\/wp-content\\\/uploads\\\/2026\\\/03\\\/Travertin-TR-655-Relief-12.jpg\",\"datePublished\":\"2026-03-12T16:21:09+00:00\",\"dateModified\":\"2026-03-19T17:54:45+00:00\",\"breadcrumb\":{\"@id\":\"https:\\\/\\\/schubertstone.com\\\/shop\\\/naturstein\\\/travertin\\\/tr-655-relief-12\\\/#breadcrumb\"},\"inLanguage\":\"en-US\",\"potentialAction\":[{\"@type\":\"ReadAction\",\"target\":[\"https:\\\/\\\/schubertstone.com\\\/shop\\\/naturstein\\\/travertin\\\/tr-655-relief-12\\\/\"]}]},{\"@type\":\"ImageObject\",\"inLanguage\":\"en-US\",\"@id\":\"https:\\\/\\\/schubertstone.com\\\/shop\\\/naturstein\\\/travertin\\\/tr-655-relief-12\\\/#primaryimage\",\"url\":\"https:\\\/\\\/schubertstone.com\\\/wp-content\\\/uploads\\\/2026\\\/03\\\/Travertin-TR-655-Relief-12.jpg\",\"contentUrl\":\"https:\\\/\\\/schubertstone.com\\\/wp-content\\\/uploads\\\/2026\\\/03\\\/Travertin-TR-655-Relief-12.jpg\",\"width\":2048,\"height\":2048,\"caption\":\"Travertin TR 655 Relief 12, 60x60x2cm\"},{\"@type\":\"BreadcrumbList\",\"@id\":\"https:\\\/\\\/schubertstone.com\\\/shop\\\/naturstein\\\/travertin\\\/tr-655-relief-12\\\/#breadcrumb\",\"itemListElement\":[{\"@type\":\"ListItem\",\"position\":1,\"name\":\"Home\",\"item\":\"https:\\\/\\\/schubertstone.com\\\/\"},{\"@type\":\"ListItem\",\"position\":2,\"name\":\"Shop\",\"item\":\"https:\\\/\\\/schubertstone.com\\\/shop\\\/\"},{\"@type\":\"ListItem\",\"position\":3,\"name\":\"Travertin TR 655 Relief 12\"}]},{\"@type\":\"WebSite\",\"@id\":\"https:\\\/\\\/schubertstone.com\\\/#website\",\"url\":\"https:\\\/\\\/schubertstone.com\\\/\",\"name\":\"SCHUBERT STONE - Naturstein, Feinsteinzeug, Parkett\",\"description\":\"Edle B\u00f6den &amp; Terrassen f\u00fcr Ihre exklusive Immobilie\",\"potentialAction\":[{\"@type\":\"SearchAction\",\"target\":{\"@type\":\"EntryPoint\",\"urlTemplate\":\"https:\\\/\\\/schubertstone.com\\\/?s={search_term_string}\"},\"query-input\":{\"@type\":\"PropertyValueSpecification\",\"valueRequired\":true,\"valueName\":\"search_term_string\"}}],\"inLanguage\":\"en-US\"}]}<\/script>\n<!-- \/ Yoast SEO Premium plugin. -->","yoast_head_json":{"title":"Travertine TR 655 Relief 12 - SCHUBERT STONE - natural stone, porcelain stoneware, parquet","robots":{"index":"index","follow":"follow","max-snippet":"max-snippet:-1","max-image-preview":"max-image-preview:large","max-video-preview":"max-video-preview:-1"},"canonical":"https:\/\/schubertstone.com\/en\/store\/natural-stone\/travertine\/tr-655-relief-12\/","og_locale":"en_US","og_type":"article","og_title":"Travertin TR 655 Relief 12","og_description":"Produktbeschreibung:  Travertin TR 655 Relief 12 verbindet edlen Naturstein mit kunstvoller, dreidimensionaler Oberfl\u00e4chengestaltung und schafft ein au\u00dfergew\u00f6hnliches Wanddekor mit hoher architektonischer Pr\u00e4senz.     Erh\u00e4ltliche Gr\u00f6\u00dfen:   60 x 60 x 2 cm  120 x 60 x 2 cm     &nbsp;","og_url":"https:\/\/schubertstone.com\/en\/store\/natural-stone\/travertine\/tr-655-relief-12\/","og_site_name":"SCHUBERT STONE - Naturstein, Feinsteinzeug, Parkett","article_modified_time":"2026-03-19T17:54:45+00:00","og_image":[{"width":2048,"height":2048,"url":"https:\/\/schubertstone.com\/wp-content\/uploads\/2026\/03\/Travertin-TR-655-Relief-12.jpg","type":"image\/jpeg"}],"twitter_card":"summary_large_image","twitter_misc":{"Est. reading time":"1 minute"},"schema":{"@context":"https:\/\/schema.org","@graph":[{"@type":"WebPage","@id":"https:\/\/schubertstone.com\/shop\/naturstein\/travertin\/tr-655-relief-12\/","url":"https:\/\/schubertstone.com\/shop\/naturstein\/travertin\/tr-655-relief-12\/","name":"Travertine TR 655 Relief 12 - SCHUBERT STONE - natural stone, porcelain stoneware, parquet","isPartOf":{"@id":"https:\/\/schubertstone.com\/#website"},"primaryImageOfPage":{"@id":"https:\/\/schubertstone.com\/shop\/naturstein\/travertin\/tr-655-relief-12\/#primaryimage"},"image":{"@id":"https:\/\/schubertstone.com\/shop\/naturstein\/travertin\/tr-655-relief-12\/#primaryimage"},"thumbnailUrl":"https:\/\/schubertstone.com\/wp-content\/uploads\/2026\/03\/Travertin-TR-655-Relief-12.jpg","datePublished":"2026-03-12T16:21:09+00:00","dateModified":"2026-03-19T17:54:45+00:00","breadcrumb":{"@id":"https:\/\/schubertstone.com\/shop\/naturstein\/travertin\/tr-655-relief-12\/#breadcrumb"},"inLanguage":"en-US","potentialAction":[{"@type":"ReadAction","target":["https:\/\/schubertstone.com\/shop\/naturstein\/travertin\/tr-655-relief-12\/"]}]},{"@type":"ImageObject","inLanguage":"en-US","@id":"https:\/\/schubertstone.com\/shop\/naturstein\/travertin\/tr-655-relief-12\/#primaryimage","url":"https:\/\/schubertstone.com\/wp-content\/uploads\/2026\/03\/Travertin-TR-655-Relief-12.jpg","contentUrl":"https:\/\/schubertstone.com\/wp-content\/uploads\/2026\/03\/Travertin-TR-655-Relief-12.jpg","width":2048,"height":2048,"caption":"Travertin TR 655 Relief 12, 60x60x2cm"},{"@type":"BreadcrumbList","@id":"https:\/\/schubertstone.com\/shop\/naturstein\/travertin\/tr-655-relief-12\/#breadcrumb","itemListElement":[{"@type":"ListItem","position":1,"name":"Home","item":"https:\/\/schubertstone.com\/"},{"@type":"ListItem","position":2,"name":"Shop","item":"https:\/\/schubertstone.com\/shop\/"},{"@type":"ListItem","position":3,"name":"Travertin TR 655 Relief 12"}]},{"@type":"WebSite","@id":"https:\/\/schubertstone.com\/#website","url":"https:\/\/schubertstone.com\/","name":"SCHUBERT STONE - Natural stone, porcelain stoneware, parquet","description":"Fine floors &amp; terraces for your exclusive property","potentialAction":[{"@type":"SearchAction","target":{"@type":"EntryPoint","urlTemplate":"https:\/\/schubertstone.com\/?s={search_term_string}"},"query-input":{"@type":"PropertyValueSpecification","valueRequired":true,"valueName":"search_term_string"}}],"inLanguage":"en-US"}]}},"_links":{"self":[{"href":"https:\/\/schubertstone.com\/en\/wp-json\/wp\/v2\/product\/36163","targetHints":{"allow":["GET"]}}],"collection":[{"href":"https:\/\/schubertstone.com\/en\/wp-json\/wp\/v2\/product"}],"about":[{"href":"https:\/\/schubertstone.com\/en\/wp-json\/wp\/v2\/types\/product"}],"version-history":[{"count":8,"href":"https:\/\/schubertstone.com\/en\/wp-json\/wp\/v2\/product\/36163\/revisions"}],"predecessor-version":[{"id":36167,"href":"https:\/\/schubertstone.com\/en\/wp-json\/wp\/v2\/product\/36163\/revisions\/36167"}],"wp:featuredmedia":[{"embeddable":true,"href":"https:\/\/schubertstone.com\/en\/wp-json\/wp\/v2\/media\/36164"}],"wp:attachment":[{"href":"https:\/\/schubertstone.com\/en\/wp-json\/wp\/v2\/media?parent=36163"}],"wp:term":[{"taxonomy":"product_brand","embeddable":true,"href":"https:\/\/schubertstone.com\/en\/wp-json\/wp\/v2\/product_brand?post=36163"},{"taxonomy":"product_cat","embeddable":true,"href":"https:\/\/schubertstone.com\/en\/wp-json\/wp\/v2\/product_cat?post=36163"},{"taxonomy":"product_tag","embeddable":true,"href":"https:\/\/schubertstone.com\/en\/wp-json\/wp\/v2\/product_tag?post=36163"}],"curies":[{"name":"wp","href":"https:\/\/api.w.org\/{rel}","templated":true}]}}