{"id":36217,"date":"2026-03-13T15:45:31","date_gmt":"2026-03-13T14:45:31","guid":{"rendered":"https:\/\/schubertstone.com\/?post_type=product&#038;p=36217"},"modified":"2026-04-13T16:28:25","modified_gmt":"2026-04-13T14:28:25","slug":"tr-164","status":"publish","type":"product","link":"https:\/\/schubertstone.com\/en\/shop\/naturstein\/travertin\/tr-164\/","title":{"rendered":"Travertine TR 164"},"content":{"rendered":"<hr \/>\n<h3 style=\"font-weight: 400;\"><strong>Properties:<\/strong><\/h3>\n<ul>\n<li class=\"p1\">Warm beige and sand tones with a natural travertine texture<\/li>\n<li class=\"p1\">Rustic, natural surface<\/li>\n<li class=\"p1\">Lively wall look with authentic character<\/li>\n<li class=\"p1\">High resistance and durability<\/li>\n<li class=\"p1\">Each stone is unique thanks to its natural structure<\/li>\n<\/ul>\n<hr \/>\n<h3 style=\"font-weight: 400;\"><strong>Resilience:<\/strong><\/h3>\n<ul>\n<li>High durability and longevity<\/li>\n<li class=\"p1\">Surface anticipates traces of use<\/li>\n<\/ul>\n<hr \/>\n<h3 style=\"font-weight: 400;\"><strong>Care:<\/strong><\/h3>\n<ul>\n<li class=\"p1\">Simply clean with stone soap in the mop water<\/li>\n<\/ul>\n<hr \/>\n<h3 style=\"font-weight: 400;\"><strong>Use:<\/strong><\/h3>\n<ul>\n<li class=\"p1\">Facades<\/li>\n<li class=\"p1\">Wall and wall cladding<\/li>\n<li class=\"p1\">Interior walls<\/li>\n<li class=\"p1\">Fireplaces<\/li>\n<li class=\"p1\">Entrance areas<\/li>\n<\/ul>\n<hr \/>\n<h3 style=\"font-weight: 400;\"><strong>Minimum order quantity:<\/strong><\/h3>\n<p>30 m2<\/p>\n<hr \/>\n<p>&nbsp;<\/p>","protected":false},"excerpt":{"rendered":"<hr \/>\n<h2>Product description:<\/h2>\n<p><\/p>\n<p>The travertine TR 164 facing brick impresses with its lively, natural surface and a warm color palette of beige, sand and light earth tones. The characteristic pores, natural inclusions and irregular structures give each stone an authentic look and ensure a lively, organic overall appearance.<\/p>\n<hr \/>\n<h3>Available sizes:<\/h3>\n<ul>\n<li>Freie L\u00e4ngen x 10 x 2,5 cm<\/li>\n<li>Freie L\u00e4ngen x 15 x 2,5 cm<\/li>\n<li>Free lengths x 30 x 2.5 cm<\/li>\n<li>Freie L\u00e4ngen x 35 x 2,5 cm<\/li>\n<\/ul>\n<hr \/>\n<p>&nbsp;<\/p>","protected":false},"featured_media":36220,"template":"","meta":[],"product_brand":[],"product_cat":[19,188,209],"product_tag":[210],"class_list":{"0":"post-36217","1":"product","2":"type-product","3":"status-publish","4":"has-post-thumbnail","6":"product_cat-naturstein","7":"product_cat-travertin","8":"product_cat-verblender","9":"product_tag-verblender","10":"pa_eignung-aussen","11":"pa_form-unreg-rechtecke-wandverkleid","12":"pa_material-travertin","13":"pa_oberflaeche-antik","15":"first","16":"instock","17":"shipping-taxable","18":"product-type-simple"},"yoast_head":"<!-- This site is optimized with the Yoast SEO Premium plugin v27.3 (Yoast SEO v27.4) - https:\/\/yoast.com\/product\/yoast-seo-premium-wordpress\/ -->\n<title>Travertin TR 164 - SCHUBERT STONE - Naturstein, Feinsteinzeug, Parkett<\/title>\n<meta name=\"robots\" content=\"index, follow, max-snippet:-1, max-image-preview:large, max-video-preview:-1\" \/>\n<link rel=\"canonical\" href=\"https:\/\/schubertstone.com\/en\/store\/natural-stone\/travertine\/tr-164\/\" \/>\n<meta property=\"og:locale\" content=\"en_US\" \/>\n<meta property=\"og:type\" content=\"article\" \/>\n<meta property=\"og:title\" content=\"Travertin TR 164\" \/>\n<meta property=\"og:description\" content=\"Produktbeschreibung:  Der Travertin TR 164 Verblender \u00fcberzeugt durch seine lebendige, naturbelassene Oberfl\u00e4che und eine warme Farbpalette aus Beige-, Sand- und hellen Erdt\u00f6nen. Die charakteristischen Poren, nat\u00fcrlichen Einschl\u00fcsse und unregelm\u00e4\u00dfigen Strukturen verleihen jedem Stein eine authentische Ausstrahlung und sorgen f\u00fcr ein lebendiges, organisches Gesamtbild.     Erh\u00e4ltliche Gr\u00f6\u00dfen:   Freie L\u00e4ngen x 10 x 2,5 cm  Freie L\u00e4ngen x 15 x 2,5 cm  Freie L\u00e4ngen x 30 x 2,5 cm  Freie L\u00e4ngen x 35 x 2,5 cm     &nbsp;\" \/>\n<meta property=\"og:url\" content=\"https:\/\/schubertstone.com\/en\/store\/natural-stone\/travertine\/tr-164\/\" \/>\n<meta property=\"og:site_name\" content=\"SCHUBERT STONE - Naturstein, Feinsteinzeug, Parkett\" \/>\n<meta property=\"article:modified_time\" content=\"2026-04-13T14:28:25+00:00\" \/>\n<meta property=\"og:image\" content=\"https:\/\/schubertstone.com\/wp-content\/uploads\/2026\/03\/Travertin-TR-164.jpg\" \/>\n\t<meta property=\"og:image:width\" content=\"2048\" \/>\n\t<meta property=\"og:image:height\" content=\"2048\" \/>\n\t<meta property=\"og:image:type\" content=\"image\/jpeg\" \/>\n<meta name=\"twitter:card\" content=\"summary_large_image\" \/>\n<meta name=\"twitter:label1\" content=\"Est. reading time\" \/>\n\t<meta name=\"twitter:data1\" content=\"1 minute\" \/>\n<script type=\"application\/ld+json\" class=\"yoast-schema-graph\">{\"@context\":\"https:\\\/\\\/schema.org\",\"@graph\":[{\"@type\":\"WebPage\",\"@id\":\"https:\\\/\\\/schubertstone.com\\\/shop\\\/naturstein\\\/travertin\\\/tr-164\\\/\",\"url\":\"https:\\\/\\\/schubertstone.com\\\/shop\\\/naturstein\\\/travertin\\\/tr-164\\\/\",\"name\":\"Travertin TR 164 - SCHUBERT STONE - Naturstein, Feinsteinzeug, Parkett\",\"isPartOf\":{\"@id\":\"https:\\\/\\\/schubertstone.com\\\/#website\"},\"primaryImageOfPage\":{\"@id\":\"https:\\\/\\\/schubertstone.com\\\/shop\\\/naturstein\\\/travertin\\\/tr-164\\\/#primaryimage\"},\"image\":{\"@id\":\"https:\\\/\\\/schubertstone.com\\\/shop\\\/naturstein\\\/travertin\\\/tr-164\\\/#primaryimage\"},\"thumbnailUrl\":\"https:\\\/\\\/schubertstone.com\\\/wp-content\\\/uploads\\\/2026\\\/03\\\/Travertin-TR-164.jpg\",\"datePublished\":\"2026-03-13T14:45:31+00:00\",\"dateModified\":\"2026-04-13T14:28:25+00:00\",\"breadcrumb\":{\"@id\":\"https:\\\/\\\/schubertstone.com\\\/shop\\\/naturstein\\\/travertin\\\/tr-164\\\/#breadcrumb\"},\"inLanguage\":\"en-US\",\"potentialAction\":[{\"@type\":\"ReadAction\",\"target\":[\"https:\\\/\\\/schubertstone.com\\\/shop\\\/naturstein\\\/travertin\\\/tr-164\\\/\"]}]},{\"@type\":\"ImageObject\",\"inLanguage\":\"en-US\",\"@id\":\"https:\\\/\\\/schubertstone.com\\\/shop\\\/naturstein\\\/travertin\\\/tr-164\\\/#primaryimage\",\"url\":\"https:\\\/\\\/schubertstone.com\\\/wp-content\\\/uploads\\\/2026\\\/03\\\/Travertin-TR-164.jpg\",\"contentUrl\":\"https:\\\/\\\/schubertstone.com\\\/wp-content\\\/uploads\\\/2026\\\/03\\\/Travertin-TR-164.jpg\",\"width\":2048,\"height\":2048,\"caption\":\"Travertin TR 164 AK Wandverblender, gespalten und getrommelt, 30x2,5cm\"},{\"@type\":\"BreadcrumbList\",\"@id\":\"https:\\\/\\\/schubertstone.com\\\/shop\\\/naturstein\\\/travertin\\\/tr-164\\\/#breadcrumb\",\"itemListElement\":[{\"@type\":\"ListItem\",\"position\":1,\"name\":\"Home\",\"item\":\"https:\\\/\\\/schubertstone.com\\\/\"},{\"@type\":\"ListItem\",\"position\":2,\"name\":\"Shop\",\"item\":\"https:\\\/\\\/schubertstone.com\\\/shop\\\/\"},{\"@type\":\"ListItem\",\"position\":3,\"name\":\"Travertin TR 164\"}]},{\"@type\":\"WebSite\",\"@id\":\"https:\\\/\\\/schubertstone.com\\\/#website\",\"url\":\"https:\\\/\\\/schubertstone.com\\\/\",\"name\":\"SCHUBERT STONE - Naturstein, Feinsteinzeug, Parkett\",\"description\":\"Edle B\u00f6den &amp; Terrassen f\u00fcr Ihre exklusive Immobilie\",\"potentialAction\":[{\"@type\":\"SearchAction\",\"target\":{\"@type\":\"EntryPoint\",\"urlTemplate\":\"https:\\\/\\\/schubertstone.com\\\/?s={search_term_string}\"},\"query-input\":{\"@type\":\"PropertyValueSpecification\",\"valueRequired\":true,\"valueName\":\"search_term_string\"}}],\"inLanguage\":\"en-US\"}]}<\/script>\n<!-- \/ Yoast SEO Premium plugin. -->","yoast_head_json":{"title":"Travertine TR 164 - SCHUBERT STONE - Natural stone, porcelain stoneware, parquet","robots":{"index":"index","follow":"follow","max-snippet":"max-snippet:-1","max-image-preview":"max-image-preview:large","max-video-preview":"max-video-preview:-1"},"canonical":"https:\/\/schubertstone.com\/en\/store\/natural-stone\/travertine\/tr-164\/","og_locale":"en_US","og_type":"article","og_title":"Travertin TR 164","og_description":"Produktbeschreibung:  Der Travertin TR 164 Verblender \u00fcberzeugt durch seine lebendige, naturbelassene Oberfl\u00e4che und eine warme Farbpalette aus Beige-, Sand- und hellen Erdt\u00f6nen. Die charakteristischen Poren, nat\u00fcrlichen Einschl\u00fcsse und unregelm\u00e4\u00dfigen Strukturen verleihen jedem Stein eine authentische Ausstrahlung und sorgen f\u00fcr ein lebendiges, organisches Gesamtbild.     Erh\u00e4ltliche Gr\u00f6\u00dfen:   Freie L\u00e4ngen x 10 x 2,5 cm  Freie L\u00e4ngen x 15 x 2,5 cm  Freie L\u00e4ngen x 30 x 2,5 cm  Freie L\u00e4ngen x 35 x 2,5 cm     &nbsp;","og_url":"https:\/\/schubertstone.com\/en\/store\/natural-stone\/travertine\/tr-164\/","og_site_name":"SCHUBERT STONE - Naturstein, Feinsteinzeug, Parkett","article_modified_time":"2026-04-13T14:28:25+00:00","og_image":[{"width":2048,"height":2048,"url":"https:\/\/schubertstone.com\/wp-content\/uploads\/2026\/03\/Travertin-TR-164.jpg","type":"image\/jpeg"}],"twitter_card":"summary_large_image","twitter_misc":{"Est. reading time":"1 minute"},"schema":{"@context":"https:\/\/schema.org","@graph":[{"@type":"WebPage","@id":"https:\/\/schubertstone.com\/shop\/naturstein\/travertin\/tr-164\/","url":"https:\/\/schubertstone.com\/shop\/naturstein\/travertin\/tr-164\/","name":"Travertine TR 164 - SCHUBERT STONE - Natural stone, porcelain stoneware, parquet","isPartOf":{"@id":"https:\/\/schubertstone.com\/#website"},"primaryImageOfPage":{"@id":"https:\/\/schubertstone.com\/shop\/naturstein\/travertin\/tr-164\/#primaryimage"},"image":{"@id":"https:\/\/schubertstone.com\/shop\/naturstein\/travertin\/tr-164\/#primaryimage"},"thumbnailUrl":"https:\/\/schubertstone.com\/wp-content\/uploads\/2026\/03\/Travertin-TR-164.jpg","datePublished":"2026-03-13T14:45:31+00:00","dateModified":"2026-04-13T14:28:25+00:00","breadcrumb":{"@id":"https:\/\/schubertstone.com\/shop\/naturstein\/travertin\/tr-164\/#breadcrumb"},"inLanguage":"en-US","potentialAction":[{"@type":"ReadAction","target":["https:\/\/schubertstone.com\/shop\/naturstein\/travertin\/tr-164\/"]}]},{"@type":"ImageObject","inLanguage":"en-US","@id":"https:\/\/schubertstone.com\/shop\/naturstein\/travertin\/tr-164\/#primaryimage","url":"https:\/\/schubertstone.com\/wp-content\/uploads\/2026\/03\/Travertin-TR-164.jpg","contentUrl":"https:\/\/schubertstone.com\/wp-content\/uploads\/2026\/03\/Travertin-TR-164.jpg","width":2048,"height":2048,"caption":"Travertin TR 164 AK Wandverblender, gespalten und getrommelt, 30x2,5cm"},{"@type":"BreadcrumbList","@id":"https:\/\/schubertstone.com\/shop\/naturstein\/travertin\/tr-164\/#breadcrumb","itemListElement":[{"@type":"ListItem","position":1,"name":"Home","item":"https:\/\/schubertstone.com\/"},{"@type":"ListItem","position":2,"name":"Shop","item":"https:\/\/schubertstone.com\/shop\/"},{"@type":"ListItem","position":3,"name":"Travertin TR 164"}]},{"@type":"WebSite","@id":"https:\/\/schubertstone.com\/#website","url":"https:\/\/schubertstone.com\/","name":"SCHUBERT STONE - Natural stone, porcelain stoneware, parquet","description":"Fine floors &amp; terraces for your exclusive property","potentialAction":[{"@type":"SearchAction","target":{"@type":"EntryPoint","urlTemplate":"https:\/\/schubertstone.com\/?s={search_term_string}"},"query-input":{"@type":"PropertyValueSpecification","valueRequired":true,"valueName":"search_term_string"}}],"inLanguage":"en-US"}]}},"_links":{"self":[{"href":"https:\/\/schubertstone.com\/en\/wp-json\/wp\/v2\/product\/36217","targetHints":{"allow":["GET"]}}],"collection":[{"href":"https:\/\/schubertstone.com\/en\/wp-json\/wp\/v2\/product"}],"about":[{"href":"https:\/\/schubertstone.com\/en\/wp-json\/wp\/v2\/types\/product"}],"version-history":[{"count":10,"href":"https:\/\/schubertstone.com\/en\/wp-json\/wp\/v2\/product\/36217\/revisions"}],"predecessor-version":[{"id":36952,"href":"https:\/\/schubertstone.com\/en\/wp-json\/wp\/v2\/product\/36217\/revisions\/36952"}],"wp:featuredmedia":[{"embeddable":true,"href":"https:\/\/schubertstone.com\/en\/wp-json\/wp\/v2\/media\/36220"}],"wp:attachment":[{"href":"https:\/\/schubertstone.com\/en\/wp-json\/wp\/v2\/media?parent=36217"}],"wp:term":[{"taxonomy":"product_brand","embeddable":true,"href":"https:\/\/schubertstone.com\/en\/wp-json\/wp\/v2\/product_brand?post=36217"},{"taxonomy":"product_cat","embeddable":true,"href":"https:\/\/schubertstone.com\/en\/wp-json\/wp\/v2\/product_cat?post=36217"},{"taxonomy":"product_tag","embeddable":true,"href":"https:\/\/schubertstone.com\/en\/wp-json\/wp\/v2\/product_tag?post=36217"}],"curies":[{"name":"wp","href":"https:\/\/api.w.org\/{rel}","templated":true}]}}