{"id":36223,"date":"2026-03-13T16:38:59","date_gmt":"2026-03-13T15:38:59","guid":{"rendered":"https:\/\/schubertstone.com\/?post_type=product&#038;p=36223"},"modified":"2026-04-13T16:30:39","modified_gmt":"2026-04-13T14:30:39","slug":"q-209","status":"publish","type":"product","link":"https:\/\/schubertstone.com\/en\/shop\/naturstein\/quarzit\/q-209\/","title":{"rendered":"Quartzite Q 209"},"content":{"rendered":"<hr \/>\n<h3 style=\"font-weight: 400;\"><strong>Properties:<\/strong><\/h3>\n<ul>\n<li class=\"p1\">Natural gray, brown and earth tones<\/li>\n<li class=\"p1\">Split surface with a strong depth effect<\/li>\n<li class=\"p1\">Lively, rustic natural stone texture<\/li>\n<li class=\"p1\">High durability and frost resistance<\/li>\n<li class=\"p1\">Every stone is unique<\/li>\n<\/ul>\n<hr \/>\n<h3 style=\"font-weight: 400;\"><strong>Resilience:<\/strong><\/h3>\n<ul>\n<li>High durability and longevity<\/li>\n<li class=\"p1\">Surface anticipates traces of use<\/li>\n<\/ul>\n<hr \/>\n<h3 style=\"font-weight: 400;\"><strong>Care:<\/strong><\/h3>\n<ul>\n<li class=\"p1\">Simply clean with stone soap in the mop water<\/li>\n<\/ul>\n<hr \/>\n<h3 style=\"font-weight: 400;\"><strong>Use:<\/strong><\/h3>\n<ul>\n<li class=\"p1\">Facades<\/li>\n<li>Garden walls<\/li>\n<li class=\"p1\">Interior walls<\/li>\n<li class=\"p1\">High-quality architectural and landscape projects with an alpine or natural character.<\/li>\n<\/ul>\n<hr \/>\n<h3 style=\"font-weight: 400;\"><strong>Minimum order quantity:<\/strong><\/h3>\n<p>40 m2<\/p>\n<hr \/>\n<p>&nbsp;<\/p>","protected":false},"excerpt":{"rendered":"<hr \/>\n<h2>Product description:<\/h2>\n<p><\/p>\n<p class=\"p1\">The Q 209 quartzite impresses with its powerful, natural structure and a characteristic color palette of grey, brown and earthy natural tones. The split stone surfaces and irregular formats create a lively, authentic wall appearance that makes architectural surfaces appear particularly expressive.<\/p>\n<hr \/>\n<h3>Available sizes:<\/h3>\n<ul>\n<li>Various lengths, thickness 3-5 cm<\/li>\n<\/ul>\n<hr \/>\n<p>&nbsp;<\/p>","protected":false},"featured_media":36224,"template":"","meta":[],"product_brand":[],"product_cat":[19,189,209],"product_tag":[210],"class_list":{"0":"post-36223","1":"product","2":"type-product","3":"status-publish","4":"has-post-thumbnail","6":"product_cat-naturstein","7":"product_cat-quarzit","8":"product_cat-verblender","9":"product_tag-verblender","10":"pa_eignung-aussen","11":"pa_form-unreg-rechtecke-wandverkleid","12":"pa_material-quarzit","13":"pa_oberflaeche-spaltrauskantenbehauen","15":"first","16":"instock","17":"shipping-taxable","18":"product-type-simple"},"yoast_head":"<!-- This site is optimized with the Yoast SEO Premium plugin v27.3 (Yoast SEO v27.4) - https:\/\/yoast.com\/product\/yoast-seo-premium-wordpress\/ -->\n<title>Quarzit Q 209 - SCHUBERT STONE - Naturstein, Feinsteinzeug, Parkett<\/title>\n<meta name=\"robots\" content=\"index, follow, max-snippet:-1, max-image-preview:large, max-video-preview:-1\" \/>\n<link rel=\"canonical\" href=\"https:\/\/schubertstone.com\/en\/store\/natural-stone\/quartzite\/q-209\/\" \/>\n<meta property=\"og:locale\" content=\"en_US\" \/>\n<meta property=\"og:type\" content=\"article\" \/>\n<meta property=\"og:title\" content=\"Quarzit Q 209\" \/>\n<meta property=\"og:description\" content=\"Produktbeschreibung:  Der Quarzit Q 209 beeindruckt durch seine kraftvolle, naturbelassene Struktur und eine charakteristische Farbpalette aus Grau-, Braun- und erdigen Naturt\u00f6nen. Die gespaltenen Steinoberfl\u00e4chen und die unregelm\u00e4\u00dfigen Formate erzeugen ein lebendiges, authentisches Mauerbild, das architektonische Fl\u00e4chen besonders ausdrucksstark erscheinen l\u00e4sst.     Erh\u00e4ltliche Gr\u00f6\u00dfen:   Verschiedene L\u00e4ngen, St\u00e4rke 3-5 cm     &nbsp;\" \/>\n<meta property=\"og:url\" content=\"https:\/\/schubertstone.com\/en\/store\/natural-stone\/quartzite\/q-209\/\" \/>\n<meta property=\"og:site_name\" content=\"SCHUBERT STONE - Naturstein, Feinsteinzeug, Parkett\" \/>\n<meta property=\"article:modified_time\" content=\"2026-04-13T14:30:39+00:00\" \/>\n<meta property=\"og:image\" content=\"https:\/\/schubertstone.com\/wp-content\/uploads\/2026\/03\/Quarzit-Q-209.jpg\" \/>\n\t<meta property=\"og:image:width\" content=\"2048\" \/>\n\t<meta property=\"og:image:height\" content=\"1536\" \/>\n\t<meta property=\"og:image:type\" content=\"image\/jpeg\" \/>\n<meta name=\"twitter:card\" content=\"summary_large_image\" \/>\n<meta name=\"twitter:label1\" content=\"Est. reading time\" \/>\n\t<meta name=\"twitter:data1\" content=\"1 minute\" \/>\n<script type=\"application\/ld+json\" class=\"yoast-schema-graph\">{\"@context\":\"https:\\\/\\\/schema.org\",\"@graph\":[{\"@type\":\"WebPage\",\"@id\":\"https:\\\/\\\/schubertstone.com\\\/shop\\\/naturstein\\\/quarzit\\\/q-209\\\/\",\"url\":\"https:\\\/\\\/schubertstone.com\\\/shop\\\/naturstein\\\/quarzit\\\/q-209\\\/\",\"name\":\"Quarzit Q 209 - SCHUBERT STONE - Naturstein, Feinsteinzeug, Parkett\",\"isPartOf\":{\"@id\":\"https:\\\/\\\/schubertstone.com\\\/#website\"},\"primaryImageOfPage\":{\"@id\":\"https:\\\/\\\/schubertstone.com\\\/shop\\\/naturstein\\\/quarzit\\\/q-209\\\/#primaryimage\"},\"image\":{\"@id\":\"https:\\\/\\\/schubertstone.com\\\/shop\\\/naturstein\\\/quarzit\\\/q-209\\\/#primaryimage\"},\"thumbnailUrl\":\"https:\\\/\\\/schubertstone.com\\\/wp-content\\\/uploads\\\/2026\\\/03\\\/Quarzit-Q-209.jpg\",\"datePublished\":\"2026-03-13T15:38:59+00:00\",\"dateModified\":\"2026-04-13T14:30:39+00:00\",\"breadcrumb\":{\"@id\":\"https:\\\/\\\/schubertstone.com\\\/shop\\\/naturstein\\\/quarzit\\\/q-209\\\/#breadcrumb\"},\"inLanguage\":\"en-US\",\"potentialAction\":[{\"@type\":\"ReadAction\",\"target\":[\"https:\\\/\\\/schubertstone.com\\\/shop\\\/naturstein\\\/quarzit\\\/q-209\\\/\"]}]},{\"@type\":\"ImageObject\",\"inLanguage\":\"en-US\",\"@id\":\"https:\\\/\\\/schubertstone.com\\\/shop\\\/naturstein\\\/quarzit\\\/q-209\\\/#primaryimage\",\"url\":\"https:\\\/\\\/schubertstone.com\\\/wp-content\\\/uploads\\\/2026\\\/03\\\/Quarzit-Q-209.jpg\",\"contentUrl\":\"https:\\\/\\\/schubertstone.com\\\/wp-content\\\/uploads\\\/2026\\\/03\\\/Quarzit-Q-209.jpg\",\"width\":2048,\"height\":1536,\"caption\":\"Quarzit Q 209 Mauer AH, spaltrau, verschiedene L\u00e4ngen, St\u00e4rke 3-5cm\"},{\"@type\":\"BreadcrumbList\",\"@id\":\"https:\\\/\\\/schubertstone.com\\\/shop\\\/naturstein\\\/quarzit\\\/q-209\\\/#breadcrumb\",\"itemListElement\":[{\"@type\":\"ListItem\",\"position\":1,\"name\":\"Home\",\"item\":\"https:\\\/\\\/schubertstone.com\\\/\"},{\"@type\":\"ListItem\",\"position\":2,\"name\":\"Shop\",\"item\":\"https:\\\/\\\/schubertstone.com\\\/shop\\\/\"},{\"@type\":\"ListItem\",\"position\":3,\"name\":\"Quarzit Q 209\"}]},{\"@type\":\"WebSite\",\"@id\":\"https:\\\/\\\/schubertstone.com\\\/#website\",\"url\":\"https:\\\/\\\/schubertstone.com\\\/\",\"name\":\"SCHUBERT STONE - Naturstein, Feinsteinzeug, Parkett\",\"description\":\"Edle B\u00f6den &amp; Terrassen f\u00fcr Ihre exklusive Immobilie\",\"potentialAction\":[{\"@type\":\"SearchAction\",\"target\":{\"@type\":\"EntryPoint\",\"urlTemplate\":\"https:\\\/\\\/schubertstone.com\\\/?s={search_term_string}\"},\"query-input\":{\"@type\":\"PropertyValueSpecification\",\"valueRequired\":true,\"valueName\":\"search_term_string\"}}],\"inLanguage\":\"en-US\"}]}<\/script>\n<!-- \/ Yoast SEO Premium plugin. -->","yoast_head_json":{"title":"Quartzite Q 209 - SCHUBERT STONE - Natural stone, porcelain stoneware, parquet","robots":{"index":"index","follow":"follow","max-snippet":"max-snippet:-1","max-image-preview":"max-image-preview:large","max-video-preview":"max-video-preview:-1"},"canonical":"https:\/\/schubertstone.com\/en\/store\/natural-stone\/quartzite\/q-209\/","og_locale":"en_US","og_type":"article","og_title":"Quarzit Q 209","og_description":"Produktbeschreibung:  Der Quarzit Q 209 beeindruckt durch seine kraftvolle, naturbelassene Struktur und eine charakteristische Farbpalette aus Grau-, Braun- und erdigen Naturt\u00f6nen. Die gespaltenen Steinoberfl\u00e4chen und die unregelm\u00e4\u00dfigen Formate erzeugen ein lebendiges, authentisches Mauerbild, das architektonische Fl\u00e4chen besonders ausdrucksstark erscheinen l\u00e4sst.     Erh\u00e4ltliche Gr\u00f6\u00dfen:   Verschiedene L\u00e4ngen, St\u00e4rke 3-5 cm     &nbsp;","og_url":"https:\/\/schubertstone.com\/en\/store\/natural-stone\/quartzite\/q-209\/","og_site_name":"SCHUBERT STONE - Naturstein, Feinsteinzeug, Parkett","article_modified_time":"2026-04-13T14:30:39+00:00","og_image":[{"width":2048,"height":1536,"url":"https:\/\/schubertstone.com\/wp-content\/uploads\/2026\/03\/Quarzit-Q-209.jpg","type":"image\/jpeg"}],"twitter_card":"summary_large_image","twitter_misc":{"Est. reading time":"1 minute"},"schema":{"@context":"https:\/\/schema.org","@graph":[{"@type":"WebPage","@id":"https:\/\/schubertstone.com\/shop\/naturstein\/quarzit\/q-209\/","url":"https:\/\/schubertstone.com\/shop\/naturstein\/quarzit\/q-209\/","name":"Quartzite Q 209 - SCHUBERT STONE - Natural stone, porcelain stoneware, parquet","isPartOf":{"@id":"https:\/\/schubertstone.com\/#website"},"primaryImageOfPage":{"@id":"https:\/\/schubertstone.com\/shop\/naturstein\/quarzit\/q-209\/#primaryimage"},"image":{"@id":"https:\/\/schubertstone.com\/shop\/naturstein\/quarzit\/q-209\/#primaryimage"},"thumbnailUrl":"https:\/\/schubertstone.com\/wp-content\/uploads\/2026\/03\/Quarzit-Q-209.jpg","datePublished":"2026-03-13T15:38:59+00:00","dateModified":"2026-04-13T14:30:39+00:00","breadcrumb":{"@id":"https:\/\/schubertstone.com\/shop\/naturstein\/quarzit\/q-209\/#breadcrumb"},"inLanguage":"en-US","potentialAction":[{"@type":"ReadAction","target":["https:\/\/schubertstone.com\/shop\/naturstein\/quarzit\/q-209\/"]}]},{"@type":"ImageObject","inLanguage":"en-US","@id":"https:\/\/schubertstone.com\/shop\/naturstein\/quarzit\/q-209\/#primaryimage","url":"https:\/\/schubertstone.com\/wp-content\/uploads\/2026\/03\/Quarzit-Q-209.jpg","contentUrl":"https:\/\/schubertstone.com\/wp-content\/uploads\/2026\/03\/Quarzit-Q-209.jpg","width":2048,"height":1536,"caption":"Quarzit Q 209 Mauer AH, spaltrau, verschiedene L\u00e4ngen, St\u00e4rke 3-5cm"},{"@type":"BreadcrumbList","@id":"https:\/\/schubertstone.com\/shop\/naturstein\/quarzit\/q-209\/#breadcrumb","itemListElement":[{"@type":"ListItem","position":1,"name":"Home","item":"https:\/\/schubertstone.com\/"},{"@type":"ListItem","position":2,"name":"Shop","item":"https:\/\/schubertstone.com\/shop\/"},{"@type":"ListItem","position":3,"name":"Quarzit Q 209"}]},{"@type":"WebSite","@id":"https:\/\/schubertstone.com\/#website","url":"https:\/\/schubertstone.com\/","name":"SCHUBERT STONE - Natural stone, porcelain stoneware, parquet","description":"Fine floors &amp; terraces for your exclusive property","potentialAction":[{"@type":"SearchAction","target":{"@type":"EntryPoint","urlTemplate":"https:\/\/schubertstone.com\/?s={search_term_string}"},"query-input":{"@type":"PropertyValueSpecification","valueRequired":true,"valueName":"search_term_string"}}],"inLanguage":"en-US"}]}},"_links":{"self":[{"href":"https:\/\/schubertstone.com\/en\/wp-json\/wp\/v2\/product\/36223","targetHints":{"allow":["GET"]}}],"collection":[{"href":"https:\/\/schubertstone.com\/en\/wp-json\/wp\/v2\/product"}],"about":[{"href":"https:\/\/schubertstone.com\/en\/wp-json\/wp\/v2\/types\/product"}],"version-history":[{"count":7,"href":"https:\/\/schubertstone.com\/en\/wp-json\/wp\/v2\/product\/36223\/revisions"}],"predecessor-version":[{"id":36954,"href":"https:\/\/schubertstone.com\/en\/wp-json\/wp\/v2\/product\/36223\/revisions\/36954"}],"wp:featuredmedia":[{"embeddable":true,"href":"https:\/\/schubertstone.com\/en\/wp-json\/wp\/v2\/media\/36224"}],"wp:attachment":[{"href":"https:\/\/schubertstone.com\/en\/wp-json\/wp\/v2\/media?parent=36223"}],"wp:term":[{"taxonomy":"product_brand","embeddable":true,"href":"https:\/\/schubertstone.com\/en\/wp-json\/wp\/v2\/product_brand?post=36223"},{"taxonomy":"product_cat","embeddable":true,"href":"https:\/\/schubertstone.com\/en\/wp-json\/wp\/v2\/product_cat?post=36223"},{"taxonomy":"product_tag","embeddable":true,"href":"https:\/\/schubertstone.com\/en\/wp-json\/wp\/v2\/product_tag?post=36223"}],"curies":[{"name":"wp","href":"https:\/\/api.w.org\/{rel}","templated":true}]}}