{"id":36229,"date":"2026-03-13T16:57:06","date_gmt":"2026-03-13T15:57:06","guid":{"rendered":"https:\/\/schubertstone.com\/?post_type=product&#038;p=36229"},"modified":"2026-04-13T16:30:05","modified_gmt":"2026-04-13T14:30:05","slug":"nocciole-wall-facing-bricks","status":"publish","type":"product","link":"https:\/\/schubertstone.com\/en\/shop\/naturstein\/travertin\/nocciole-wandverblender\/","title":{"rendered":"Travertine Nocciole facing brick"},"content":{"rendered":"<hr \/>\n<h3 style=\"font-weight: 400;\"><strong>Properties:<\/strong><\/h3>\n<ul>\n<li class=\"p1\">Warm nut, beige and sand tones<\/li>\n<li class=\"p1\">Split surface with natural relief structure<\/li>\n<li class=\"p1\">Tumbled edges for a gently aged look<\/li>\n<li class=\"p1\">Authentic travertine pores and lively structure<\/li>\n<li class=\"p1\">Every stone is unique<\/li>\n<\/ul>\n<hr \/>\n<h3 style=\"font-weight: 400;\"><strong>Resilience:<\/strong><\/h3>\n<ul>\n<li>High durability and longevity<\/li>\n<li class=\"p1\">Surface anticipates traces of use<\/li>\n<\/ul>\n<hr \/>\n<h3 style=\"font-weight: 400;\"><strong>Care:<\/strong><\/h3>\n<ul>\n<li class=\"p1\">Simply clean with stone soap in the mop water<\/li>\n<\/ul>\n<hr \/>\n<h3 style=\"font-weight: 400;\"><strong>Use:<\/strong><\/h3>\n<ul>\n<li class=\"p1\">Facades<\/li>\n<li>Garden walls<\/li>\n<li class=\"p1\">Interior walls<\/li>\n<li class=\"p1\">High-quality residential and architectural projects with a Mediterranean or nature-inspired design<\/li>\n<\/ul>\n<hr \/>\n<h3 style=\"font-weight: 400;\"><strong>Minimum order quantity:<\/strong><\/h3>\n<p>30 m2<\/p>\n<hr \/>\n<p>&nbsp;<\/p>","protected":false},"excerpt":{"rendered":"<hr \/>\n<h2>Product description:<\/h2>\n<p><\/p>\n<p>Noble travertine Nocciole wall facing bricks lend your property timeless elegance with their warm, nut and sand-colored natural tones and lively, authentic travertine structure. The combination of a split surface and tumbled finish gives the stone a particularly natural look with gently rounded edges and a pleasantly rustic feel.<\/p>\n<hr \/>\n<h3>Available sizes:<\/h3>\n<ul>\n<li>Free lengths x 10 x 2-3 cm<\/li>\n<li>Freie L\u00e4ngen x 15 x 2,5 cm<\/li>\n<li>Free lengths x 30 x 2.5 cm<\/li>\n<li>Freie L\u00e4ngen x 35 x 2,5 cm<\/li>\n<\/ul>\n<hr \/>\n<p>&nbsp;<\/p>","protected":false},"featured_media":36230,"template":"","meta":[],"product_brand":[],"product_cat":[19,188,209],"product_tag":[210],"class_list":{"0":"post-36229","1":"product","2":"type-product","3":"status-publish","4":"has-post-thumbnail","6":"product_cat-naturstein","7":"product_cat-travertin","8":"product_cat-verblender","9":"product_tag-verblender","10":"pa_eignung-aussen","11":"pa_form-unreg-rechtecke-wandverkleid","12":"pa_material-travertin","13":"pa_oberflaeche-spaltrauskantenbehauen","15":"first","16":"instock","17":"shipping-taxable","18":"product-type-simple"},"yoast_head":"<!-- This site is optimized with the Yoast SEO Premium plugin v27.3 (Yoast SEO v27.4) - https:\/\/yoast.com\/product\/yoast-seo-premium-wordpress\/ -->\n<title>Travertin Nocciole Verblender - SCHUBERT STONE - Naturstein, Feinsteinzeug, Parkett<\/title>\n<meta name=\"robots\" content=\"index, follow, max-snippet:-1, max-image-preview:large, max-video-preview:-1\" \/>\n<link rel=\"canonical\" href=\"https:\/\/schubertstone.com\/en\/store\/natural-stone\/travertine\/nocciole-wall-facing-bricks\/\" \/>\n<meta property=\"og:locale\" content=\"en_US\" \/>\n<meta property=\"og:type\" content=\"article\" \/>\n<meta property=\"og:title\" content=\"Travertin Nocciole Verblender\" \/>\n<meta property=\"og:description\" content=\"Produktbeschreibung:  Edeltravertin Nocciole Wandverblender verleihen Ihrer Immobilie mit ihren warmen, nuss- und sandfarbenen Naturt\u00f6nen sowie durch eine lebendige, authentische Travertinstruktur zeitlose Eleganz. Die Kombination aus gespaltener Oberfl\u00e4che und getrommelter Bearbeitung verleiht dem Stein eine besonders nat\u00fcrliche Anmutung mit sanft gerundeten Kanten und einer angenehm rustikalen Haptik.     Erh\u00e4ltliche Gr\u00f6\u00dfen:   Freie L\u00e4ngen x 10 x 2-3 cm  Freie L\u00e4ngen x 15 x 2,5 cm  Freie L\u00e4ngen x 30 x 2,5 cm  Freie L\u00e4ngen x 35 x 2,5 cm     &nbsp;\" \/>\n<meta property=\"og:url\" content=\"https:\/\/schubertstone.com\/en\/store\/natural-stone\/travertine\/nocciole-wall-facing-bricks\/\" \/>\n<meta property=\"og:site_name\" content=\"SCHUBERT STONE - Naturstein, Feinsteinzeug, Parkett\" \/>\n<meta property=\"article:modified_time\" content=\"2026-04-13T14:30:05+00:00\" \/>\n<meta property=\"og:image\" content=\"https:\/\/schubertstone.com\/wp-content\/uploads\/2026\/03\/Edeltravertin-Nocciole-Wandverblender-IR.jpg\" \/>\n\t<meta property=\"og:image:width\" content=\"2048\" \/>\n\t<meta property=\"og:image:height\" content=\"1024\" \/>\n\t<meta property=\"og:image:type\" content=\"image\/jpeg\" \/>\n<meta name=\"twitter:card\" content=\"summary_large_image\" \/>\n<meta name=\"twitter:label1\" content=\"Est. reading time\" \/>\n\t<meta name=\"twitter:data1\" content=\"1 minute\" \/>\n<script type=\"application\/ld+json\" class=\"yoast-schema-graph\">{\"@context\":\"https:\\\/\\\/schema.org\",\"@graph\":[{\"@type\":\"WebPage\",\"@id\":\"https:\\\/\\\/schubertstone.com\\\/shop\\\/naturstein\\\/travertin\\\/nocciole-wandverblender\\\/\",\"url\":\"https:\\\/\\\/schubertstone.com\\\/shop\\\/naturstein\\\/travertin\\\/nocciole-wandverblender\\\/\",\"name\":\"Travertin Nocciole Verblender - SCHUBERT STONE - Naturstein, Feinsteinzeug, Parkett\",\"isPartOf\":{\"@id\":\"https:\\\/\\\/schubertstone.com\\\/#website\"},\"primaryImageOfPage\":{\"@id\":\"https:\\\/\\\/schubertstone.com\\\/shop\\\/naturstein\\\/travertin\\\/nocciole-wandverblender\\\/#primaryimage\"},\"image\":{\"@id\":\"https:\\\/\\\/schubertstone.com\\\/shop\\\/naturstein\\\/travertin\\\/nocciole-wandverblender\\\/#primaryimage\"},\"thumbnailUrl\":\"https:\\\/\\\/schubertstone.com\\\/wp-content\\\/uploads\\\/2026\\\/03\\\/Edeltravertin-Nocciole-Wandverblender-IR.jpg\",\"datePublished\":\"2026-03-13T15:57:06+00:00\",\"dateModified\":\"2026-04-13T14:30:05+00:00\",\"breadcrumb\":{\"@id\":\"https:\\\/\\\/schubertstone.com\\\/shop\\\/naturstein\\\/travertin\\\/nocciole-wandverblender\\\/#breadcrumb\"},\"inLanguage\":\"en-US\",\"potentialAction\":[{\"@type\":\"ReadAction\",\"target\":[\"https:\\\/\\\/schubertstone.com\\\/shop\\\/naturstein\\\/travertin\\\/nocciole-wandverblender\\\/\"]}]},{\"@type\":\"ImageObject\",\"inLanguage\":\"en-US\",\"@id\":\"https:\\\/\\\/schubertstone.com\\\/shop\\\/naturstein\\\/travertin\\\/nocciole-wandverblender\\\/#primaryimage\",\"url\":\"https:\\\/\\\/schubertstone.com\\\/wp-content\\\/uploads\\\/2026\\\/03\\\/Edeltravertin-Nocciole-Wandverblender-IR.jpg\",\"contentUrl\":\"https:\\\/\\\/schubertstone.com\\\/wp-content\\\/uploads\\\/2026\\\/03\\\/Edeltravertin-Nocciole-Wandverblender-IR.jpg\",\"width\":2048,\"height\":1024,\"caption\":\"Edeltravertin Nocciole Wandverblender IR, gespalten + getrommelt, 10x2-3cm\"},{\"@type\":\"BreadcrumbList\",\"@id\":\"https:\\\/\\\/schubertstone.com\\\/shop\\\/naturstein\\\/travertin\\\/nocciole-wandverblender\\\/#breadcrumb\",\"itemListElement\":[{\"@type\":\"ListItem\",\"position\":1,\"name\":\"Home\",\"item\":\"https:\\\/\\\/schubertstone.com\\\/\"},{\"@type\":\"ListItem\",\"position\":2,\"name\":\"Shop\",\"item\":\"https:\\\/\\\/schubertstone.com\\\/shop\\\/\"},{\"@type\":\"ListItem\",\"position\":3,\"name\":\"Travertin Nocciole Verblender\"}]},{\"@type\":\"WebSite\",\"@id\":\"https:\\\/\\\/schubertstone.com\\\/#website\",\"url\":\"https:\\\/\\\/schubertstone.com\\\/\",\"name\":\"SCHUBERT STONE - Naturstein, Feinsteinzeug, Parkett\",\"description\":\"Edle B\u00f6den &amp; Terrassen f\u00fcr Ihre exklusive Immobilie\",\"potentialAction\":[{\"@type\":\"SearchAction\",\"target\":{\"@type\":\"EntryPoint\",\"urlTemplate\":\"https:\\\/\\\/schubertstone.com\\\/?s={search_term_string}\"},\"query-input\":{\"@type\":\"PropertyValueSpecification\",\"valueRequired\":true,\"valueName\":\"search_term_string\"}}],\"inLanguage\":\"en-US\"}]}<\/script>\n<!-- \/ Yoast SEO Premium plugin. -->","yoast_head_json":{"title":"Travertine Nocciole facing brick - SCHUBERT STONE - natural stone, porcelain stoneware, parquet","robots":{"index":"index","follow":"follow","max-snippet":"max-snippet:-1","max-image-preview":"max-image-preview:large","max-video-preview":"max-video-preview:-1"},"canonical":"https:\/\/schubertstone.com\/en\/store\/natural-stone\/travertine\/nocciole-wall-facing-bricks\/","og_locale":"en_US","og_type":"article","og_title":"Travertin Nocciole Verblender","og_description":"Produktbeschreibung:  Edeltravertin Nocciole Wandverblender verleihen Ihrer Immobilie mit ihren warmen, nuss- und sandfarbenen Naturt\u00f6nen sowie durch eine lebendige, authentische Travertinstruktur zeitlose Eleganz. Die Kombination aus gespaltener Oberfl\u00e4che und getrommelter Bearbeitung verleiht dem Stein eine besonders nat\u00fcrliche Anmutung mit sanft gerundeten Kanten und einer angenehm rustikalen Haptik.     Erh\u00e4ltliche Gr\u00f6\u00dfen:   Freie L\u00e4ngen x 10 x 2-3 cm  Freie L\u00e4ngen x 15 x 2,5 cm  Freie L\u00e4ngen x 30 x 2,5 cm  Freie L\u00e4ngen x 35 x 2,5 cm     &nbsp;","og_url":"https:\/\/schubertstone.com\/en\/store\/natural-stone\/travertine\/nocciole-wall-facing-bricks\/","og_site_name":"SCHUBERT STONE - Naturstein, Feinsteinzeug, Parkett","article_modified_time":"2026-04-13T14:30:05+00:00","og_image":[{"width":2048,"height":1024,"url":"https:\/\/schubertstone.com\/wp-content\/uploads\/2026\/03\/Edeltravertin-Nocciole-Wandverblender-IR.jpg","type":"image\/jpeg"}],"twitter_card":"summary_large_image","twitter_misc":{"Est. reading time":"1 minute"},"schema":{"@context":"https:\/\/schema.org","@graph":[{"@type":"WebPage","@id":"https:\/\/schubertstone.com\/shop\/naturstein\/travertin\/nocciole-wandverblender\/","url":"https:\/\/schubertstone.com\/shop\/naturstein\/travertin\/nocciole-wandverblender\/","name":"Travertine Nocciole facing brick - SCHUBERT STONE - natural stone, porcelain stoneware, parquet","isPartOf":{"@id":"https:\/\/schubertstone.com\/#website"},"primaryImageOfPage":{"@id":"https:\/\/schubertstone.com\/shop\/naturstein\/travertin\/nocciole-wandverblender\/#primaryimage"},"image":{"@id":"https:\/\/schubertstone.com\/shop\/naturstein\/travertin\/nocciole-wandverblender\/#primaryimage"},"thumbnailUrl":"https:\/\/schubertstone.com\/wp-content\/uploads\/2026\/03\/Edeltravertin-Nocciole-Wandverblender-IR.jpg","datePublished":"2026-03-13T15:57:06+00:00","dateModified":"2026-04-13T14:30:05+00:00","breadcrumb":{"@id":"https:\/\/schubertstone.com\/shop\/naturstein\/travertin\/nocciole-wandverblender\/#breadcrumb"},"inLanguage":"en-US","potentialAction":[{"@type":"ReadAction","target":["https:\/\/schubertstone.com\/shop\/naturstein\/travertin\/nocciole-wandverblender\/"]}]},{"@type":"ImageObject","inLanguage":"en-US","@id":"https:\/\/schubertstone.com\/shop\/naturstein\/travertin\/nocciole-wandverblender\/#primaryimage","url":"https:\/\/schubertstone.com\/wp-content\/uploads\/2026\/03\/Edeltravertin-Nocciole-Wandverblender-IR.jpg","contentUrl":"https:\/\/schubertstone.com\/wp-content\/uploads\/2026\/03\/Edeltravertin-Nocciole-Wandverblender-IR.jpg","width":2048,"height":1024,"caption":"Edeltravertin Nocciole Wandverblender IR, gespalten + getrommelt, 10x2-3cm"},{"@type":"BreadcrumbList","@id":"https:\/\/schubertstone.com\/shop\/naturstein\/travertin\/nocciole-wandverblender\/#breadcrumb","itemListElement":[{"@type":"ListItem","position":1,"name":"Home","item":"https:\/\/schubertstone.com\/"},{"@type":"ListItem","position":2,"name":"Shop","item":"https:\/\/schubertstone.com\/shop\/"},{"@type":"ListItem","position":3,"name":"Travertin Nocciole Verblender"}]},{"@type":"WebSite","@id":"https:\/\/schubertstone.com\/#website","url":"https:\/\/schubertstone.com\/","name":"SCHUBERT STONE - Natural stone, porcelain stoneware, parquet","description":"Fine floors &amp; terraces for your exclusive property","potentialAction":[{"@type":"SearchAction","target":{"@type":"EntryPoint","urlTemplate":"https:\/\/schubertstone.com\/?s={search_term_string}"},"query-input":{"@type":"PropertyValueSpecification","valueRequired":true,"valueName":"search_term_string"}}],"inLanguage":"en-US"}]}},"_links":{"self":[{"href":"https:\/\/schubertstone.com\/en\/wp-json\/wp\/v2\/product\/36229","targetHints":{"allow":["GET"]}}],"collection":[{"href":"https:\/\/schubertstone.com\/en\/wp-json\/wp\/v2\/product"}],"about":[{"href":"https:\/\/schubertstone.com\/en\/wp-json\/wp\/v2\/types\/product"}],"version-history":[{"count":8,"href":"https:\/\/schubertstone.com\/en\/wp-json\/wp\/v2\/product\/36229\/revisions"}],"predecessor-version":[{"id":36953,"href":"https:\/\/schubertstone.com\/en\/wp-json\/wp\/v2\/product\/36229\/revisions\/36953"}],"wp:featuredmedia":[{"embeddable":true,"href":"https:\/\/schubertstone.com\/en\/wp-json\/wp\/v2\/media\/36230"}],"wp:attachment":[{"href":"https:\/\/schubertstone.com\/en\/wp-json\/wp\/v2\/media?parent=36229"}],"wp:term":[{"taxonomy":"product_brand","embeddable":true,"href":"https:\/\/schubertstone.com\/en\/wp-json\/wp\/v2\/product_brand?post=36229"},{"taxonomy":"product_cat","embeddable":true,"href":"https:\/\/schubertstone.com\/en\/wp-json\/wp\/v2\/product_cat?post=36229"},{"taxonomy":"product_tag","embeddable":true,"href":"https:\/\/schubertstone.com\/en\/wp-json\/wp\/v2\/product_tag?post=36229"}],"curies":[{"name":"wp","href":"https:\/\/api.w.org\/{rel}","templated":true}]}}