{"id":36254,"date":"2026-03-16T13:04:47","date_gmt":"2026-03-16T12:04:47","guid":{"rendered":"https:\/\/schubertstone.com\/?post_type=product&#038;p=36254"},"modified":"2026-03-19T18:58:27","modified_gmt":"2026-03-19T17:58:27","slug":"technostein-ts-ir20-oc","status":"publish","type":"product","link":"https:\/\/schubertstone.com\/en\/shop\/feinsteinzeug\/kalkstein-optik\/technostein-ts-ir20-oc\/","title":{"rendered":"Technostein TS IR20 OC"},"content":{"rendered":"<hr \/>\n<h3 style=\"font-weight: 400;\"><strong>Properties:<\/strong><\/h3>\n<ul>\n<li class=\"p1\">Elegant limestone look<\/li>\n<li>Matt surface<\/li>\n<li>Sawn edges<\/li>\n<li class=\"p1\">Light gray and sand tones with a fine stone texture<\/li>\n<\/ul>\n<hr \/>\n<h3 style=\"font-weight: 400;\"><strong>Resilience:<\/strong><\/h3>\n<ul>\n<li>Anti-slip surface (R10)<\/li>\n<li>UV-resistant<\/li>\n<li>High durability and longevity<\/li>\n<li class=\"p1\">Surface anticipates traces of use<\/li>\n<\/ul>\n<hr \/>\n<h3 style=\"font-weight: 400;\"><strong>Care:<\/strong><\/h3>\n<ul>\n<li>Simply clean with stone soap in the mop water<\/li>\n<li class=\"p1\">No impregnation necessary<\/li>\n<\/ul>\n<hr \/>\n<h3 style=\"font-weight: 400;\"><strong>Use:<\/strong><\/h3>\n<ul>\n<li class=\"p1\">Living rooms<\/li>\n<li class=\"p1\">Sanitary facilities<\/li>\n<li class=\"p1\">Cellar<\/li>\n<li class=\"p1\">Conservatories<\/li>\n<\/ul>\n<hr \/>\n<h3 style=\"font-weight: 400;\"><strong>Minimum order quantity:<\/strong><\/h3>\n<p>20 m2<\/p>\n<hr \/>\n<p>&nbsp;<\/p>","protected":false},"excerpt":{"rendered":"<hr \/>\n<h2>Product description:<\/h2>\n<p><\/p>\n<p class=\"p1\">Technostein TS IR20 OC is a high-quality porcelain stoneware with a limestone look that combines the natural appearance of limestone with the technical resistance of porcelain stoneware. The large-format tiles are suitable for floors, walls and terraces and are particularly robust, easy to clean and frost-resistant.<\/p>\n<hr \/>\n<h3>Available sizes:<\/h3>\n<ul>\n<li>Roman bandage x 0.95 cm<\/li>\n<li>75 x 75 x 0.95 cm<\/li>\n<li>90.6 x 60.4 x 0.95 cm<\/li>\n<\/ul>\n<hr \/>\n<p>&nbsp;<\/p>","protected":false},"featured_media":36321,"template":"","meta":[],"product_brand":[],"product_cat":[215,21,213],"product_tag":[178],"class_list":{"0":"post-36254","1":"product","2":"type-product","3":"status-publish","4":"has-post-thumbnail","6":"product_cat-antik-boeden","7":"product_cat-feinsteinzeug","8":"product_cat-kalkstein-optik","9":"product_tag-boeden","10":"pa_eignung-innen","11":"pa_form-rechtecke","12":"pa_form-roemischer-verband","13":"pa_material-feinsteinzeug","14":"pa_oberflaeche-antik","16":"first","17":"instock","18":"shipping-taxable","19":"product-type-simple"},"yoast_head":"<!-- This site is optimized with the Yoast SEO Premium plugin v27.3 (Yoast SEO v27.4) - https:\/\/yoast.com\/product\/yoast-seo-premium-wordpress\/ -->\n<title>Technostein TS IR20 OC - SCHUBERT STONE - Naturstein, Feinsteinzeug, Parkett<\/title>\n<meta name=\"robots\" content=\"index, follow, max-snippet:-1, max-image-preview:large, max-video-preview:-1\" \/>\n<link rel=\"canonical\" href=\"https:\/\/schubertstone.com\/en\/store\/fine-stoneware\/limestone-optics\/technostein-ts-ir20-oc\/\" \/>\n<meta property=\"og:locale\" content=\"en_US\" \/>\n<meta property=\"og:type\" content=\"article\" \/>\n<meta property=\"og:title\" content=\"Technostein TS IR20 OC\" \/>\n<meta property=\"og:description\" content=\"Produktbeschreibung:  Technostein TS IR20 OC ist ein hochwertiges Feinsteinzeug in Kalksteinoptik, das die nat\u00fcrliche Ausstrahlung von Kalkstein mit der technischen Widerstandsf\u00e4higkeit von Feinsteinzeug verbindet. Die gro\u00dfformatigen Platten eignen sich f\u00fcr B\u00f6den, W\u00e4nde und Terrassen und sind besonders robust, pflegeleicht und frostbest\u00e4ndig.     Erh\u00e4ltliche Gr\u00f6\u00dfen:   R\u00f6mischer Verband x 0,95 cm  75 x 75 x 0,95 cm  90,6 x 60,4 x 0,95 cm     &nbsp;\" \/>\n<meta property=\"og:url\" content=\"https:\/\/schubertstone.com\/en\/store\/fine-stoneware\/limestone-optics\/technostein-ts-ir20-oc\/\" \/>\n<meta property=\"og:site_name\" content=\"SCHUBERT STONE - Naturstein, Feinsteinzeug, Parkett\" \/>\n<meta property=\"article:modified_time\" content=\"2026-03-19T17:58:27+00:00\" \/>\n<meta property=\"og:image\" content=\"https:\/\/schubertstone.com\/wp-content\/uploads\/2026\/03\/Technostein-TS-IR20-OC-3.jpg\" \/>\n\t<meta property=\"og:image:width\" content=\"2048\" \/>\n\t<meta property=\"og:image:height\" content=\"1365\" \/>\n\t<meta property=\"og:image:type\" content=\"image\/jpeg\" \/>\n<meta name=\"twitter:card\" content=\"summary_large_image\" \/>\n<meta name=\"twitter:label1\" content=\"Est. reading time\" \/>\n\t<meta name=\"twitter:data1\" content=\"1 minute\" \/>\n<script type=\"application\/ld+json\" class=\"yoast-schema-graph\">{\"@context\":\"https:\\\/\\\/schema.org\",\"@graph\":[{\"@type\":\"WebPage\",\"@id\":\"https:\\\/\\\/schubertstone.com\\\/shop\\\/feinsteinzeug\\\/kalkstein-optik\\\/technostein-ts-ir20-oc\\\/\",\"url\":\"https:\\\/\\\/schubertstone.com\\\/shop\\\/feinsteinzeug\\\/kalkstein-optik\\\/technostein-ts-ir20-oc\\\/\",\"name\":\"Technostein TS IR20 OC - SCHUBERT STONE - Naturstein, Feinsteinzeug, Parkett\",\"isPartOf\":{\"@id\":\"https:\\\/\\\/schubertstone.com\\\/#website\"},\"primaryImageOfPage\":{\"@id\":\"https:\\\/\\\/schubertstone.com\\\/shop\\\/feinsteinzeug\\\/kalkstein-optik\\\/technostein-ts-ir20-oc\\\/#primaryimage\"},\"image\":{\"@id\":\"https:\\\/\\\/schubertstone.com\\\/shop\\\/feinsteinzeug\\\/kalkstein-optik\\\/technostein-ts-ir20-oc\\\/#primaryimage\"},\"thumbnailUrl\":\"https:\\\/\\\/schubertstone.com\\\/wp-content\\\/uploads\\\/2026\\\/03\\\/Technostein-TS-IR20-OC-3.jpg\",\"datePublished\":\"2026-03-16T12:04:47+00:00\",\"dateModified\":\"2026-03-19T17:58:27+00:00\",\"breadcrumb\":{\"@id\":\"https:\\\/\\\/schubertstone.com\\\/shop\\\/feinsteinzeug\\\/kalkstein-optik\\\/technostein-ts-ir20-oc\\\/#breadcrumb\"},\"inLanguage\":\"en-US\",\"potentialAction\":[{\"@type\":\"ReadAction\",\"target\":[\"https:\\\/\\\/schubertstone.com\\\/shop\\\/feinsteinzeug\\\/kalkstein-optik\\\/technostein-ts-ir20-oc\\\/\"]}]},{\"@type\":\"ImageObject\",\"inLanguage\":\"en-US\",\"@id\":\"https:\\\/\\\/schubertstone.com\\\/shop\\\/feinsteinzeug\\\/kalkstein-optik\\\/technostein-ts-ir20-oc\\\/#primaryimage\",\"url\":\"https:\\\/\\\/schubertstone.com\\\/wp-content\\\/uploads\\\/2026\\\/03\\\/Technostein-TS-IR20-OC-3.jpg\",\"contentUrl\":\"https:\\\/\\\/schubertstone.com\\\/wp-content\\\/uploads\\\/2026\\\/03\\\/Technostein-TS-IR20-OC-3.jpg\",\"width\":2048,\"height\":1365,\"caption\":\"Feinsteinzeug Kalksteinoptik Boden Fliesen r\u00f6mischer Verband beige\"},{\"@type\":\"BreadcrumbList\",\"@id\":\"https:\\\/\\\/schubertstone.com\\\/shop\\\/feinsteinzeug\\\/kalkstein-optik\\\/technostein-ts-ir20-oc\\\/#breadcrumb\",\"itemListElement\":[{\"@type\":\"ListItem\",\"position\":1,\"name\":\"Home\",\"item\":\"https:\\\/\\\/schubertstone.com\\\/\"},{\"@type\":\"ListItem\",\"position\":2,\"name\":\"Shop\",\"item\":\"https:\\\/\\\/schubertstone.com\\\/shop\\\/\"},{\"@type\":\"ListItem\",\"position\":3,\"name\":\"Technostein TS IR20 OC\"}]},{\"@type\":\"WebSite\",\"@id\":\"https:\\\/\\\/schubertstone.com\\\/#website\",\"url\":\"https:\\\/\\\/schubertstone.com\\\/\",\"name\":\"SCHUBERT STONE - Naturstein, Feinsteinzeug, Parkett\",\"description\":\"Edle B\u00f6den &amp; Terrassen f\u00fcr Ihre exklusive Immobilie\",\"potentialAction\":[{\"@type\":\"SearchAction\",\"target\":{\"@type\":\"EntryPoint\",\"urlTemplate\":\"https:\\\/\\\/schubertstone.com\\\/?s={search_term_string}\"},\"query-input\":{\"@type\":\"PropertyValueSpecification\",\"valueRequired\":true,\"valueName\":\"search_term_string\"}}],\"inLanguage\":\"en-US\"}]}<\/script>\n<!-- \/ Yoast SEO Premium plugin. -->","yoast_head_json":{"title":"Technostein TS IR20 OC - SCHUBERT STONE - Natural stone, porcelain stoneware, parquet","robots":{"index":"index","follow":"follow","max-snippet":"max-snippet:-1","max-image-preview":"max-image-preview:large","max-video-preview":"max-video-preview:-1"},"canonical":"https:\/\/schubertstone.com\/en\/store\/fine-stoneware\/limestone-optics\/technostein-ts-ir20-oc\/","og_locale":"en_US","og_type":"article","og_title":"Technostein TS IR20 OC","og_description":"Produktbeschreibung:  Technostein TS IR20 OC ist ein hochwertiges Feinsteinzeug in Kalksteinoptik, das die nat\u00fcrliche Ausstrahlung von Kalkstein mit der technischen Widerstandsf\u00e4higkeit von Feinsteinzeug verbindet. Die gro\u00dfformatigen Platten eignen sich f\u00fcr B\u00f6den, W\u00e4nde und Terrassen und sind besonders robust, pflegeleicht und frostbest\u00e4ndig.     Erh\u00e4ltliche Gr\u00f6\u00dfen:   R\u00f6mischer Verband x 0,95 cm  75 x 75 x 0,95 cm  90,6 x 60,4 x 0,95 cm     &nbsp;","og_url":"https:\/\/schubertstone.com\/en\/store\/fine-stoneware\/limestone-optics\/technostein-ts-ir20-oc\/","og_site_name":"SCHUBERT STONE - Naturstein, Feinsteinzeug, Parkett","article_modified_time":"2026-03-19T17:58:27+00:00","og_image":[{"width":2048,"height":1365,"url":"https:\/\/schubertstone.com\/wp-content\/uploads\/2026\/03\/Technostein-TS-IR20-OC-3.jpg","type":"image\/jpeg"}],"twitter_card":"summary_large_image","twitter_misc":{"Est. reading time":"1 minute"},"schema":{"@context":"https:\/\/schema.org","@graph":[{"@type":"WebPage","@id":"https:\/\/schubertstone.com\/shop\/feinsteinzeug\/kalkstein-optik\/technostein-ts-ir20-oc\/","url":"https:\/\/schubertstone.com\/shop\/feinsteinzeug\/kalkstein-optik\/technostein-ts-ir20-oc\/","name":"Technostein TS IR20 OC - SCHUBERT STONE - Natural stone, porcelain stoneware, parquet","isPartOf":{"@id":"https:\/\/schubertstone.com\/#website"},"primaryImageOfPage":{"@id":"https:\/\/schubertstone.com\/shop\/feinsteinzeug\/kalkstein-optik\/technostein-ts-ir20-oc\/#primaryimage"},"image":{"@id":"https:\/\/schubertstone.com\/shop\/feinsteinzeug\/kalkstein-optik\/technostein-ts-ir20-oc\/#primaryimage"},"thumbnailUrl":"https:\/\/schubertstone.com\/wp-content\/uploads\/2026\/03\/Technostein-TS-IR20-OC-3.jpg","datePublished":"2026-03-16T12:04:47+00:00","dateModified":"2026-03-19T17:58:27+00:00","breadcrumb":{"@id":"https:\/\/schubertstone.com\/shop\/feinsteinzeug\/kalkstein-optik\/technostein-ts-ir20-oc\/#breadcrumb"},"inLanguage":"en-US","potentialAction":[{"@type":"ReadAction","target":["https:\/\/schubertstone.com\/shop\/feinsteinzeug\/kalkstein-optik\/technostein-ts-ir20-oc\/"]}]},{"@type":"ImageObject","inLanguage":"en-US","@id":"https:\/\/schubertstone.com\/shop\/feinsteinzeug\/kalkstein-optik\/technostein-ts-ir20-oc\/#primaryimage","url":"https:\/\/schubertstone.com\/wp-content\/uploads\/2026\/03\/Technostein-TS-IR20-OC-3.jpg","contentUrl":"https:\/\/schubertstone.com\/wp-content\/uploads\/2026\/03\/Technostein-TS-IR20-OC-3.jpg","width":2048,"height":1365,"caption":"Feinsteinzeug Kalksteinoptik Boden Fliesen r\u00f6mischer Verband beige"},{"@type":"BreadcrumbList","@id":"https:\/\/schubertstone.com\/shop\/feinsteinzeug\/kalkstein-optik\/technostein-ts-ir20-oc\/#breadcrumb","itemListElement":[{"@type":"ListItem","position":1,"name":"Home","item":"https:\/\/schubertstone.com\/"},{"@type":"ListItem","position":2,"name":"Shop","item":"https:\/\/schubertstone.com\/shop\/"},{"@type":"ListItem","position":3,"name":"Technostein TS IR20 OC"}]},{"@type":"WebSite","@id":"https:\/\/schubertstone.com\/#website","url":"https:\/\/schubertstone.com\/","name":"SCHUBERT STONE - Natural stone, porcelain stoneware, parquet","description":"Fine floors &amp; terraces for your exclusive property","potentialAction":[{"@type":"SearchAction","target":{"@type":"EntryPoint","urlTemplate":"https:\/\/schubertstone.com\/?s={search_term_string}"},"query-input":{"@type":"PropertyValueSpecification","valueRequired":true,"valueName":"search_term_string"}}],"inLanguage":"en-US"}]}},"_links":{"self":[{"href":"https:\/\/schubertstone.com\/en\/wp-json\/wp\/v2\/product\/36254","targetHints":{"allow":["GET"]}}],"collection":[{"href":"https:\/\/schubertstone.com\/en\/wp-json\/wp\/v2\/product"}],"about":[{"href":"https:\/\/schubertstone.com\/en\/wp-json\/wp\/v2\/types\/product"}],"version-history":[{"count":10,"href":"https:\/\/schubertstone.com\/en\/wp-json\/wp\/v2\/product\/36254\/revisions"}],"predecessor-version":[{"id":36672,"href":"https:\/\/schubertstone.com\/en\/wp-json\/wp\/v2\/product\/36254\/revisions\/36672"}],"wp:featuredmedia":[{"embeddable":true,"href":"https:\/\/schubertstone.com\/en\/wp-json\/wp\/v2\/media\/36321"}],"wp:attachment":[{"href":"https:\/\/schubertstone.com\/en\/wp-json\/wp\/v2\/media?parent=36254"}],"wp:term":[{"taxonomy":"product_brand","embeddable":true,"href":"https:\/\/schubertstone.com\/en\/wp-json\/wp\/v2\/product_brand?post=36254"},{"taxonomy":"product_cat","embeddable":true,"href":"https:\/\/schubertstone.com\/en\/wp-json\/wp\/v2\/product_cat?post=36254"},{"taxonomy":"product_tag","embeddable":true,"href":"https:\/\/schubertstone.com\/en\/wp-json\/wp\/v2\/product_tag?post=36254"}],"curies":[{"name":"wp","href":"https:\/\/api.w.org\/{rel}","templated":true}]}}