{"id":36338,"date":"2026-03-17T16:18:27","date_gmt":"2026-03-17T15:18:27","guid":{"rendered":"https:\/\/schubertstone.com\/?post_type=product&#038;p=36338"},"modified":"2026-03-19T18:58:41","modified_gmt":"2026-03-19T17:58:41","slug":"technostein-ts-nn10-os","status":"publish","type":"product","link":"https:\/\/schubertstone.com\/en\/shop\/feinsteinzeug\/kalkstein-optik\/technostein-ts-nn10-os\/","title":{"rendered":"Technostein TS NN10 OS"},"content":{"rendered":"<hr \/>\n<h3 style=\"font-weight: 400;\"><strong>Properties:<\/strong><\/h3>\n<ul>\n<li class=\"p1\">Natural limestone look in shades of gray and beige<\/li>\n<li class=\"p1\">Matt surface with authentic stone texture<\/li>\n<li class=\"p1\">Timeless and versatile design<\/li>\n<li class=\"p1\">Easy to clean and durable<\/li>\n<\/ul>\n<hr \/>\n<h3 style=\"font-weight: 400;\"><strong>Resilience:<\/strong><\/h3>\n<ul>\n<li>Anti-slip surface<\/li>\n<li>Acid and scratch resistant<\/li>\n<li>Stain and UV resistant<\/li>\n<li>High durability indoors<\/li>\n<\/ul>\n<hr \/>\n<h3 style=\"font-weight: 400;\"><strong>Care:<\/strong><\/h3>\n<ul>\n<li>Simply clean with stone soap in the mop water<\/li>\n<li class=\"p1\">No impregnation necessary<\/li>\n<\/ul>\n<hr \/>\n<h3 style=\"font-weight: 400;\"><strong>Use:<\/strong><\/h3>\n<ul>\n<li class=\"p1\">Living rooms<\/li>\n<li class=\"p1\">Baths<\/li>\n<li class=\"p1\">Kitchens<\/li>\n<li class=\"p1\">Corridors<\/li>\n<li>Hotels, offices<\/li>\n<li>Restaurants, caf\u00e9s, bars<\/li>\n<\/ul>\n<hr \/>\n<h3 style=\"font-weight: 400;\"><strong>Minimum order quantity:<\/strong><\/h3>\n<p>20 m2<\/p>\n<hr \/>\n<p>&nbsp;<\/p>","protected":false},"excerpt":{"rendered":"<hr \/>\n<h2>Product description:<\/h2>\n<p><\/p>\n<p class=\"p1\">Technostein TS NN10 OS is a <a href=\"https:\/\/schubertstone.com\/en\/porcelain-stoneware-techno-stone\/\">Porcelain stoneware<\/a> in a limestone look for high-quality interiors, which combines the calm, natural look of natural stone with the technical advantages of modern ceramic. The harmonious gray and beige tones and the lively surface texture create an authentic and timeless overall look.<\/p>\n<hr \/>\n<h3>Available sizes:<\/h3>\n<ul>\n<li>90.6 x 60.4 x 1 cm<\/li>\n<li>60.4 x 60.4 x 1 cm<\/li>\n<li>60.4 x 30.2 x 1 cm<\/li>\n<\/ul>\n<hr \/>\n<p>&nbsp;<\/p>","protected":false},"featured_media":36339,"template":"","meta":[],"product_brand":[],"product_cat":[215,21,213],"product_tag":[178],"class_list":{"0":"post-36338","1":"product","2":"type-product","3":"status-publish","4":"has-post-thumbnail","6":"product_cat-antik-boeden","7":"product_cat-feinsteinzeug","8":"product_cat-kalkstein-optik","9":"product_tag-boeden","10":"pa_eignung-innen","11":"pa_form-rechtecke","12":"pa_form-roemischer-verband","13":"pa_material-feinsteinzeug","14":"pa_oberflaeche-antik","16":"first","17":"instock","18":"shipping-taxable","19":"product-type-simple"},"yoast_head":"<!-- This site is optimized with the Yoast SEO Premium plugin v27.3 (Yoast SEO v27.4) - https:\/\/yoast.com\/product\/yoast-seo-premium-wordpress\/ -->\n<title>Technostein TS NN10 OS - SCHUBERT STONE - Naturstein, Feinsteinzeug, Parkett<\/title>\n<meta name=\"robots\" content=\"index, follow, max-snippet:-1, max-image-preview:large, max-video-preview:-1\" \/>\n<link rel=\"canonical\" href=\"https:\/\/schubertstone.com\/en\/store\/fine-stoneware\/limestone-optics\/technostein-ts-nn10-os\/\" \/>\n<meta property=\"og:locale\" content=\"en_US\" \/>\n<meta property=\"og:type\" content=\"article\" \/>\n<meta property=\"og:title\" content=\"Technostein TS NN10 OS\" \/>\n<meta property=\"og:description\" content=\"Produktbeschreibung:  Technostein TS NN10 OS ist ein Feinsteinzeug in Kalksteinoptik f\u00fcr hochwertige Innenbereiche, das die ruhige, nat\u00fcrliche Ausstrahlung von Naturstein mit den technischen Vorteilen moderner Keramik vereint. Die harmonischen Grau- und Beiget\u00f6ne sowie die lebendige Oberfl\u00e4chenstruktur erzeugen ein authentisches und zugleich zeitloses Gesamtbild.     Erh\u00e4ltliche Gr\u00f6\u00dfen:   90,6 x 60,4 x 1 cm  60,4 x 60,4 x 1 cm  60,4 x 30,2 x 1 cm     &nbsp;\" \/>\n<meta property=\"og:url\" content=\"https:\/\/schubertstone.com\/en\/store\/fine-stoneware\/limestone-optics\/technostein-ts-nn10-os\/\" \/>\n<meta property=\"og:site_name\" content=\"SCHUBERT STONE - Naturstein, Feinsteinzeug, Parkett\" \/>\n<meta property=\"article:modified_time\" content=\"2026-03-19T17:58:41+00:00\" \/>\n<meta property=\"og:image\" content=\"https:\/\/schubertstone.com\/wp-content\/uploads\/2026\/03\/Technostein-TS-NN10-OS.jpg\" \/>\n\t<meta property=\"og:image:width\" content=\"2048\" \/>\n\t<meta property=\"og:image:height\" content=\"1024\" \/>\n\t<meta property=\"og:image:type\" content=\"image\/jpeg\" \/>\n<meta name=\"twitter:card\" content=\"summary_large_image\" \/>\n<meta name=\"twitter:label1\" content=\"Est. reading time\" \/>\n\t<meta name=\"twitter:data1\" content=\"1 minute\" \/>\n<script type=\"application\/ld+json\" class=\"yoast-schema-graph\">{\"@context\":\"https:\\\/\\\/schema.org\",\"@graph\":[{\"@type\":\"WebPage\",\"@id\":\"https:\\\/\\\/schubertstone.com\\\/shop\\\/feinsteinzeug\\\/kalkstein-optik\\\/technostein-ts-nn10-os\\\/\",\"url\":\"https:\\\/\\\/schubertstone.com\\\/shop\\\/feinsteinzeug\\\/kalkstein-optik\\\/technostein-ts-nn10-os\\\/\",\"name\":\"Technostein TS NN10 OS - SCHUBERT STONE - Naturstein, Feinsteinzeug, Parkett\",\"isPartOf\":{\"@id\":\"https:\\\/\\\/schubertstone.com\\\/#website\"},\"primaryImageOfPage\":{\"@id\":\"https:\\\/\\\/schubertstone.com\\\/shop\\\/feinsteinzeug\\\/kalkstein-optik\\\/technostein-ts-nn10-os\\\/#primaryimage\"},\"image\":{\"@id\":\"https:\\\/\\\/schubertstone.com\\\/shop\\\/feinsteinzeug\\\/kalkstein-optik\\\/technostein-ts-nn10-os\\\/#primaryimage\"},\"thumbnailUrl\":\"https:\\\/\\\/schubertstone.com\\\/wp-content\\\/uploads\\\/2026\\\/03\\\/Technostein-TS-NN10-OS.jpg\",\"datePublished\":\"2026-03-17T15:18:27+00:00\",\"dateModified\":\"2026-03-19T17:58:41+00:00\",\"breadcrumb\":{\"@id\":\"https:\\\/\\\/schubertstone.com\\\/shop\\\/feinsteinzeug\\\/kalkstein-optik\\\/technostein-ts-nn10-os\\\/#breadcrumb\"},\"inLanguage\":\"en-US\",\"potentialAction\":[{\"@type\":\"ReadAction\",\"target\":[\"https:\\\/\\\/schubertstone.com\\\/shop\\\/feinsteinzeug\\\/kalkstein-optik\\\/technostein-ts-nn10-os\\\/\"]}]},{\"@type\":\"ImageObject\",\"inLanguage\":\"en-US\",\"@id\":\"https:\\\/\\\/schubertstone.com\\\/shop\\\/feinsteinzeug\\\/kalkstein-optik\\\/technostein-ts-nn10-os\\\/#primaryimage\",\"url\":\"https:\\\/\\\/schubertstone.com\\\/wp-content\\\/uploads\\\/2026\\\/03\\\/Technostein-TS-NN10-OS.jpg\",\"contentUrl\":\"https:\\\/\\\/schubertstone.com\\\/wp-content\\\/uploads\\\/2026\\\/03\\\/Technostein-TS-NN10-OS.jpg\",\"width\":2048,\"height\":1024,\"caption\":\"Feinsteinzeug Kalksteinoptik Boden Fliesen antik greige\"},{\"@type\":\"BreadcrumbList\",\"@id\":\"https:\\\/\\\/schubertstone.com\\\/shop\\\/feinsteinzeug\\\/kalkstein-optik\\\/technostein-ts-nn10-os\\\/#breadcrumb\",\"itemListElement\":[{\"@type\":\"ListItem\",\"position\":1,\"name\":\"Home\",\"item\":\"https:\\\/\\\/schubertstone.com\\\/\"},{\"@type\":\"ListItem\",\"position\":2,\"name\":\"Shop\",\"item\":\"https:\\\/\\\/schubertstone.com\\\/shop\\\/\"},{\"@type\":\"ListItem\",\"position\":3,\"name\":\"Technostein TS NN10 OS\"}]},{\"@type\":\"WebSite\",\"@id\":\"https:\\\/\\\/schubertstone.com\\\/#website\",\"url\":\"https:\\\/\\\/schubertstone.com\\\/\",\"name\":\"SCHUBERT STONE - Naturstein, Feinsteinzeug, Parkett\",\"description\":\"Edle B\u00f6den &amp; Terrassen f\u00fcr Ihre exklusive Immobilie\",\"potentialAction\":[{\"@type\":\"SearchAction\",\"target\":{\"@type\":\"EntryPoint\",\"urlTemplate\":\"https:\\\/\\\/schubertstone.com\\\/?s={search_term_string}\"},\"query-input\":{\"@type\":\"PropertyValueSpecification\",\"valueRequired\":true,\"valueName\":\"search_term_string\"}}],\"inLanguage\":\"en-US\"}]}<\/script>\n<!-- \/ Yoast SEO Premium plugin. -->","yoast_head_json":{"title":"Technostein TS NN10 OS - SCHUBERT STONE - Natural stone, porcelain stoneware, parquet","robots":{"index":"index","follow":"follow","max-snippet":"max-snippet:-1","max-image-preview":"max-image-preview:large","max-video-preview":"max-video-preview:-1"},"canonical":"https:\/\/schubertstone.com\/en\/store\/fine-stoneware\/limestone-optics\/technostein-ts-nn10-os\/","og_locale":"en_US","og_type":"article","og_title":"Technostein TS NN10 OS","og_description":"Produktbeschreibung:  Technostein TS NN10 OS ist ein Feinsteinzeug in Kalksteinoptik f\u00fcr hochwertige Innenbereiche, das die ruhige, nat\u00fcrliche Ausstrahlung von Naturstein mit den technischen Vorteilen moderner Keramik vereint. Die harmonischen Grau- und Beiget\u00f6ne sowie die lebendige Oberfl\u00e4chenstruktur erzeugen ein authentisches und zugleich zeitloses Gesamtbild.     Erh\u00e4ltliche Gr\u00f6\u00dfen:   90,6 x 60,4 x 1 cm  60,4 x 60,4 x 1 cm  60,4 x 30,2 x 1 cm     &nbsp;","og_url":"https:\/\/schubertstone.com\/en\/store\/fine-stoneware\/limestone-optics\/technostein-ts-nn10-os\/","og_site_name":"SCHUBERT STONE - Naturstein, Feinsteinzeug, Parkett","article_modified_time":"2026-03-19T17:58:41+00:00","og_image":[{"width":2048,"height":1024,"url":"https:\/\/schubertstone.com\/wp-content\/uploads\/2026\/03\/Technostein-TS-NN10-OS.jpg","type":"image\/jpeg"}],"twitter_card":"summary_large_image","twitter_misc":{"Est. reading time":"1 minute"},"schema":{"@context":"https:\/\/schema.org","@graph":[{"@type":"WebPage","@id":"https:\/\/schubertstone.com\/shop\/feinsteinzeug\/kalkstein-optik\/technostein-ts-nn10-os\/","url":"https:\/\/schubertstone.com\/shop\/feinsteinzeug\/kalkstein-optik\/technostein-ts-nn10-os\/","name":"Technostein TS NN10 OS - SCHUBERT STONE - Natural stone, porcelain stoneware, parquet","isPartOf":{"@id":"https:\/\/schubertstone.com\/#website"},"primaryImageOfPage":{"@id":"https:\/\/schubertstone.com\/shop\/feinsteinzeug\/kalkstein-optik\/technostein-ts-nn10-os\/#primaryimage"},"image":{"@id":"https:\/\/schubertstone.com\/shop\/feinsteinzeug\/kalkstein-optik\/technostein-ts-nn10-os\/#primaryimage"},"thumbnailUrl":"https:\/\/schubertstone.com\/wp-content\/uploads\/2026\/03\/Technostein-TS-NN10-OS.jpg","datePublished":"2026-03-17T15:18:27+00:00","dateModified":"2026-03-19T17:58:41+00:00","breadcrumb":{"@id":"https:\/\/schubertstone.com\/shop\/feinsteinzeug\/kalkstein-optik\/technostein-ts-nn10-os\/#breadcrumb"},"inLanguage":"en-US","potentialAction":[{"@type":"ReadAction","target":["https:\/\/schubertstone.com\/shop\/feinsteinzeug\/kalkstein-optik\/technostein-ts-nn10-os\/"]}]},{"@type":"ImageObject","inLanguage":"en-US","@id":"https:\/\/schubertstone.com\/shop\/feinsteinzeug\/kalkstein-optik\/technostein-ts-nn10-os\/#primaryimage","url":"https:\/\/schubertstone.com\/wp-content\/uploads\/2026\/03\/Technostein-TS-NN10-OS.jpg","contentUrl":"https:\/\/schubertstone.com\/wp-content\/uploads\/2026\/03\/Technostein-TS-NN10-OS.jpg","width":2048,"height":1024,"caption":"Feinsteinzeug Kalksteinoptik Boden Fliesen antik greige"},{"@type":"BreadcrumbList","@id":"https:\/\/schubertstone.com\/shop\/feinsteinzeug\/kalkstein-optik\/technostein-ts-nn10-os\/#breadcrumb","itemListElement":[{"@type":"ListItem","position":1,"name":"Home","item":"https:\/\/schubertstone.com\/"},{"@type":"ListItem","position":2,"name":"Shop","item":"https:\/\/schubertstone.com\/shop\/"},{"@type":"ListItem","position":3,"name":"Technostein TS NN10 OS"}]},{"@type":"WebSite","@id":"https:\/\/schubertstone.com\/#website","url":"https:\/\/schubertstone.com\/","name":"SCHUBERT STONE - Natural stone, porcelain stoneware, parquet","description":"Fine floors &amp; terraces for your exclusive property","potentialAction":[{"@type":"SearchAction","target":{"@type":"EntryPoint","urlTemplate":"https:\/\/schubertstone.com\/?s={search_term_string}"},"query-input":{"@type":"PropertyValueSpecification","valueRequired":true,"valueName":"search_term_string"}}],"inLanguage":"en-US"}]}},"_links":{"self":[{"href":"https:\/\/schubertstone.com\/en\/wp-json\/wp\/v2\/product\/36338","targetHints":{"allow":["GET"]}}],"collection":[{"href":"https:\/\/schubertstone.com\/en\/wp-json\/wp\/v2\/product"}],"about":[{"href":"https:\/\/schubertstone.com\/en\/wp-json\/wp\/v2\/types\/product"}],"version-history":[{"count":7,"href":"https:\/\/schubertstone.com\/en\/wp-json\/wp\/v2\/product\/36338\/revisions"}],"predecessor-version":[{"id":36346,"href":"https:\/\/schubertstone.com\/en\/wp-json\/wp\/v2\/product\/36338\/revisions\/36346"}],"wp:featuredmedia":[{"embeddable":true,"href":"https:\/\/schubertstone.com\/en\/wp-json\/wp\/v2\/media\/36339"}],"wp:attachment":[{"href":"https:\/\/schubertstone.com\/en\/wp-json\/wp\/v2\/media?parent=36338"}],"wp:term":[{"taxonomy":"product_brand","embeddable":true,"href":"https:\/\/schubertstone.com\/en\/wp-json\/wp\/v2\/product_brand?post=36338"},{"taxonomy":"product_cat","embeddable":true,"href":"https:\/\/schubertstone.com\/en\/wp-json\/wp\/v2\/product_cat?post=36338"},{"taxonomy":"product_tag","embeddable":true,"href":"https:\/\/schubertstone.com\/en\/wp-json\/wp\/v2\/product_tag?post=36338"}],"curies":[{"name":"wp","href":"https:\/\/api.w.org\/{rel}","templated":true}]}}