{"id":36688,"date":"2026-03-21T18:36:50","date_gmt":"2026-03-21T17:36:50","guid":{"rendered":"https:\/\/schubertstone.com\/?post_type=product&#038;p=36688"},"modified":"2026-03-21T18:42:43","modified_gmt":"2026-03-21T17:42:43","slug":"technostein-ts-vel02-zinc","status":"publish","type":"product","link":"https:\/\/schubertstone.com\/en\/shop\/feinsteinzeug\/kalkstein-optik\/technostein-ts-vel02-zn\/","title":{"rendered":"Technostein TS VEL02 ZN"},"content":{"rendered":"<hr \/>\n<h3><strong>Properties:<\/strong><\/h3>\n<ul>\n<li class=\"p1\">Calm, uniform limestone look<\/li>\n<li class=\"p1\">Matte surface with antique indentations on the sides<\/li>\n<li class=\"p1\">Sawn edges<\/li>\n<li class=\"p1\">Warm beige and soft gray tones<\/li>\n<\/ul>\n<hr \/>\n<h3>Resilience:<\/h3>\n<ul>\n<li>Non-slip surface<\/li>\n<li>Acid and scratch resistant<\/li>\n<li>Stain and UV resistant<\/li>\n<li>High durability<\/li>\n<\/ul>\n<hr \/>\n<h3 style=\"font-weight: 400;\"><strong>Care:<\/strong><\/h3>\n<ul>\n<li>Simply clean with stone soap in the mop water<\/li>\n<li class=\"p1\">No impregnation necessary<\/li>\n<\/ul>\n<hr \/>\n<h3 style=\"font-weight: 400;\"><strong>Use:<\/strong><\/h3>\n<ul>\n<li>Living rooms<\/li>\n<li class=\"p1\">Bathrooms and wellness areas<\/li>\n<li>Kitchens<\/li>\n<li>Corridors<\/li>\n<li>Hotels, offices<\/li>\n<li>Restaurants, caf\u00e9s, bars<\/li>\n<\/ul>\n<hr \/>\n<h3 style=\"font-weight: 400;\"><strong>Minimum order quantity:<\/strong><\/h3>\n<p>20 m2<\/p>\n<hr \/>\n<p>&nbsp;<\/p>","protected":false},"excerpt":{"rendered":"<hr \/>\n<h2>Product description:<\/h2>\n<p><\/p>\n<p class=\"p1\">The Technostein TS VEL02 ZN is a high-quality <a href=\"https:\/\/schubertstone.com\/en\/porcelain-stoneware-techno-stone\/\">Porcelain stoneware<\/a> in a modern limestone look for interior use. With its balanced color scheme in warm beige and soft gray tones, as well as a subtly textured surface, it creates a calm and timeless room atmosphere.<\/p>\n<p class=\"p1\">The uniform, finely nuanced appearance is particularly harmonious and understated, making the stone ideal for minimalist and elegant interior design concepts. At the same time, the natural look provides warmth and coziness without being intrusive.<\/p>\n<hr \/>\n<h3>Available sizes:<\/h3>\n<ul>\n<li>French Pattern<\/li>\n<li>90 x 90 x 1 cm<\/li>\n<li>90 x 60 x 1 cm<\/li>\n<\/ul>\n<hr \/>\n<p>&nbsp;<\/p>","protected":false},"featured_media":36689,"template":"","meta":[],"product_brand":[],"product_cat":[215,21,213],"product_tag":[178],"class_list":{"0":"post-36688","1":"product","2":"type-product","3":"status-publish","4":"has-post-thumbnail","6":"product_cat-antik-boeden","7":"product_cat-feinsteinzeug","8":"product_cat-kalkstein-optik","9":"product_tag-boeden","10":"pa_eignung-innen","11":"pa_form-rechtecke","12":"pa_form-roemischer-verband","13":"pa_material-feinsteinzeug","14":"pa_oberflaeche-antik","16":"first","17":"instock","18":"shipping-taxable","19":"product-type-simple"},"yoast_head":"<!-- This site is optimized with the Yoast SEO Premium plugin v27.3 (Yoast SEO v27.4) - https:\/\/yoast.com\/product\/yoast-seo-premium-wordpress\/ -->\n<title>Technostein TS VEL02 ZN - SCHUBERT STONE - Naturstein, Feinsteinzeug, Parkett<\/title>\n<meta name=\"robots\" content=\"index, follow, max-snippet:-1, max-image-preview:large, max-video-preview:-1\" \/>\n<link rel=\"canonical\" href=\"https:\/\/schubertstone.com\/en\/store\/fine-stoneware\/limestone-optics\/technostein-ts-vel02-zinc\/\" \/>\n<meta property=\"og:locale\" content=\"en_US\" \/>\n<meta property=\"og:type\" content=\"article\" \/>\n<meta property=\"og:title\" content=\"Technostein TS VEL02 ZN\" \/>\n<meta property=\"og:description\" content=\"Produktbeschreibung:  Der Technostein TS VEL02 ZN ist ein hochwertiges Feinsteinzeug in moderner Kalksteinoptik f\u00fcr den Innenbereich. Mit seiner ausgewogenen Farbgebung in warmen Beige- und sanften Graunuancen sowie einer dezent strukturierten Oberfl\u00e4che schafft er eine ruhige und zeitlose Raumwirkung. Die gleichm\u00e4\u00dfige, fein nuancierte Optik wirkt besonders harmonisch und zur\u00fcckhaltend, wodurch sich der Stein ideal f\u00fcr minimalistische und elegante Raumkonzepte eignet. Gleichzeitig sorgt die nat\u00fcrliche Anmutung f\u00fcr W\u00e4rme und Wohnlichkeit, ohne dabei aufdringlich zu wirken.     Erh\u00e4ltliche Gr\u00f6\u00dfen:   R\u00f6mischer Verband  90 x 90 x 1 cm  90 x 60 x 1 cm     &nbsp;\" \/>\n<meta property=\"og:url\" content=\"https:\/\/schubertstone.com\/en\/store\/fine-stoneware\/limestone-optics\/technostein-ts-vel02-zinc\/\" \/>\n<meta property=\"og:site_name\" content=\"SCHUBERT STONE - Naturstein, Feinsteinzeug, Parkett\" \/>\n<meta property=\"article:modified_time\" content=\"2026-03-21T17:42:43+00:00\" \/>\n<meta property=\"og:image\" content=\"https:\/\/schubertstone.com\/wp-content\/uploads\/2026\/03\/Technostein-TS-VEL02-ZN.jpg\" \/>\n\t<meta property=\"og:image:width\" content=\"2048\" \/>\n\t<meta property=\"og:image:height\" content=\"1024\" \/>\n\t<meta property=\"og:image:type\" content=\"image\/jpeg\" \/>\n<meta name=\"twitter:card\" content=\"summary_large_image\" \/>\n<meta name=\"twitter:label1\" content=\"Est. reading time\" \/>\n\t<meta name=\"twitter:data1\" content=\"1 minute\" \/>\n<script type=\"application\/ld+json\" class=\"yoast-schema-graph\">{\"@context\":\"https:\\\/\\\/schema.org\",\"@graph\":[{\"@type\":\"WebPage\",\"@id\":\"https:\\\/\\\/schubertstone.com\\\/shop\\\/feinsteinzeug\\\/kalkstein-optik\\\/technostein-ts-vel02-zn\\\/\",\"url\":\"https:\\\/\\\/schubertstone.com\\\/shop\\\/feinsteinzeug\\\/kalkstein-optik\\\/technostein-ts-vel02-zn\\\/\",\"name\":\"Technostein TS VEL02 ZN - SCHUBERT STONE - Naturstein, Feinsteinzeug, Parkett\",\"isPartOf\":{\"@id\":\"https:\\\/\\\/schubertstone.com\\\/#website\"},\"primaryImageOfPage\":{\"@id\":\"https:\\\/\\\/schubertstone.com\\\/shop\\\/feinsteinzeug\\\/kalkstein-optik\\\/technostein-ts-vel02-zn\\\/#primaryimage\"},\"image\":{\"@id\":\"https:\\\/\\\/schubertstone.com\\\/shop\\\/feinsteinzeug\\\/kalkstein-optik\\\/technostein-ts-vel02-zn\\\/#primaryimage\"},\"thumbnailUrl\":\"https:\\\/\\\/schubertstone.com\\\/wp-content\\\/uploads\\\/2026\\\/03\\\/Technostein-TS-VEL02-ZN.jpg\",\"datePublished\":\"2026-03-21T17:36:50+00:00\",\"dateModified\":\"2026-03-21T17:42:43+00:00\",\"breadcrumb\":{\"@id\":\"https:\\\/\\\/schubertstone.com\\\/shop\\\/feinsteinzeug\\\/kalkstein-optik\\\/technostein-ts-vel02-zn\\\/#breadcrumb\"},\"inLanguage\":\"en-US\",\"potentialAction\":[{\"@type\":\"ReadAction\",\"target\":[\"https:\\\/\\\/schubertstone.com\\\/shop\\\/feinsteinzeug\\\/kalkstein-optik\\\/technostein-ts-vel02-zn\\\/\"]}]},{\"@type\":\"ImageObject\",\"inLanguage\":\"en-US\",\"@id\":\"https:\\\/\\\/schubertstone.com\\\/shop\\\/feinsteinzeug\\\/kalkstein-optik\\\/technostein-ts-vel02-zn\\\/#primaryimage\",\"url\":\"https:\\\/\\\/schubertstone.com\\\/wp-content\\\/uploads\\\/2026\\\/03\\\/Technostein-TS-VEL02-ZN.jpg\",\"contentUrl\":\"https:\\\/\\\/schubertstone.com\\\/wp-content\\\/uploads\\\/2026\\\/03\\\/Technostein-TS-VEL02-ZN.jpg\",\"width\":2048,\"height\":1024,\"caption\":\"Feinsteinzeug Kalksteinoptik Boden Fliesen r\u00f6mischer Verband beige\"},{\"@type\":\"BreadcrumbList\",\"@id\":\"https:\\\/\\\/schubertstone.com\\\/shop\\\/feinsteinzeug\\\/kalkstein-optik\\\/technostein-ts-vel02-zn\\\/#breadcrumb\",\"itemListElement\":[{\"@type\":\"ListItem\",\"position\":1,\"name\":\"Home\",\"item\":\"https:\\\/\\\/schubertstone.com\\\/\"},{\"@type\":\"ListItem\",\"position\":2,\"name\":\"Shop\",\"item\":\"https:\\\/\\\/schubertstone.com\\\/shop\\\/\"},{\"@type\":\"ListItem\",\"position\":3,\"name\":\"Technostein TS VEL02 ZN\"}]},{\"@type\":\"WebSite\",\"@id\":\"https:\\\/\\\/schubertstone.com\\\/#website\",\"url\":\"https:\\\/\\\/schubertstone.com\\\/\",\"name\":\"SCHUBERT STONE - Naturstein, Feinsteinzeug, Parkett\",\"description\":\"Edle B\u00f6den &amp; Terrassen f\u00fcr Ihre exklusive Immobilie\",\"potentialAction\":[{\"@type\":\"SearchAction\",\"target\":{\"@type\":\"EntryPoint\",\"urlTemplate\":\"https:\\\/\\\/schubertstone.com\\\/?s={search_term_string}\"},\"query-input\":{\"@type\":\"PropertyValueSpecification\",\"valueRequired\":true,\"valueName\":\"search_term_string\"}}],\"inLanguage\":\"en-US\"}]}<\/script>\n<!-- \/ Yoast SEO Premium plugin. -->","yoast_head_json":{"title":"Technostein TS VEL02 ZN - SCHUBERT STONE - Natural Stone, Porcelain Stoneware, Parquet","robots":{"index":"index","follow":"follow","max-snippet":"max-snippet:-1","max-image-preview":"max-image-preview:large","max-video-preview":"max-video-preview:-1"},"canonical":"https:\/\/schubertstone.com\/en\/store\/fine-stoneware\/limestone-optics\/technostein-ts-vel02-zinc\/","og_locale":"en_US","og_type":"article","og_title":"Technostein TS VEL02 ZN","og_description":"Produktbeschreibung:  Der Technostein TS VEL02 ZN ist ein hochwertiges Feinsteinzeug in moderner Kalksteinoptik f\u00fcr den Innenbereich. Mit seiner ausgewogenen Farbgebung in warmen Beige- und sanften Graunuancen sowie einer dezent strukturierten Oberfl\u00e4che schafft er eine ruhige und zeitlose Raumwirkung. Die gleichm\u00e4\u00dfige, fein nuancierte Optik wirkt besonders harmonisch und zur\u00fcckhaltend, wodurch sich der Stein ideal f\u00fcr minimalistische und elegante Raumkonzepte eignet. Gleichzeitig sorgt die nat\u00fcrliche Anmutung f\u00fcr W\u00e4rme und Wohnlichkeit, ohne dabei aufdringlich zu wirken.     Erh\u00e4ltliche Gr\u00f6\u00dfen:   R\u00f6mischer Verband  90 x 90 x 1 cm  90 x 60 x 1 cm     &nbsp;","og_url":"https:\/\/schubertstone.com\/en\/store\/fine-stoneware\/limestone-optics\/technostein-ts-vel02-zinc\/","og_site_name":"SCHUBERT STONE - Naturstein, Feinsteinzeug, Parkett","article_modified_time":"2026-03-21T17:42:43+00:00","og_image":[{"width":2048,"height":1024,"url":"https:\/\/schubertstone.com\/wp-content\/uploads\/2026\/03\/Technostein-TS-VEL02-ZN.jpg","type":"image\/jpeg"}],"twitter_card":"summary_large_image","twitter_misc":{"Est. reading time":"1 minute"},"schema":{"@context":"https:\/\/schema.org","@graph":[{"@type":"WebPage","@id":"https:\/\/schubertstone.com\/shop\/feinsteinzeug\/kalkstein-optik\/technostein-ts-vel02-zn\/","url":"https:\/\/schubertstone.com\/shop\/feinsteinzeug\/kalkstein-optik\/technostein-ts-vel02-zn\/","name":"Technostein TS VEL02 ZN - SCHUBERT STONE - Natural Stone, Porcelain Stoneware, Parquet","isPartOf":{"@id":"https:\/\/schubertstone.com\/#website"},"primaryImageOfPage":{"@id":"https:\/\/schubertstone.com\/shop\/feinsteinzeug\/kalkstein-optik\/technostein-ts-vel02-zn\/#primaryimage"},"image":{"@id":"https:\/\/schubertstone.com\/shop\/feinsteinzeug\/kalkstein-optik\/technostein-ts-vel02-zn\/#primaryimage"},"thumbnailUrl":"https:\/\/schubertstone.com\/wp-content\/uploads\/2026\/03\/Technostein-TS-VEL02-ZN.jpg","datePublished":"2026-03-21T17:36:50+00:00","dateModified":"2026-03-21T17:42:43+00:00","breadcrumb":{"@id":"https:\/\/schubertstone.com\/shop\/feinsteinzeug\/kalkstein-optik\/technostein-ts-vel02-zn\/#breadcrumb"},"inLanguage":"en-US","potentialAction":[{"@type":"ReadAction","target":["https:\/\/schubertstone.com\/shop\/feinsteinzeug\/kalkstein-optik\/technostein-ts-vel02-zn\/"]}]},{"@type":"ImageObject","inLanguage":"en-US","@id":"https:\/\/schubertstone.com\/shop\/feinsteinzeug\/kalkstein-optik\/technostein-ts-vel02-zn\/#primaryimage","url":"https:\/\/schubertstone.com\/wp-content\/uploads\/2026\/03\/Technostein-TS-VEL02-ZN.jpg","contentUrl":"https:\/\/schubertstone.com\/wp-content\/uploads\/2026\/03\/Technostein-TS-VEL02-ZN.jpg","width":2048,"height":1024,"caption":"Feinsteinzeug Kalksteinoptik Boden Fliesen r\u00f6mischer Verband beige"},{"@type":"BreadcrumbList","@id":"https:\/\/schubertstone.com\/shop\/feinsteinzeug\/kalkstein-optik\/technostein-ts-vel02-zn\/#breadcrumb","itemListElement":[{"@type":"ListItem","position":1,"name":"Home","item":"https:\/\/schubertstone.com\/"},{"@type":"ListItem","position":2,"name":"Shop","item":"https:\/\/schubertstone.com\/shop\/"},{"@type":"ListItem","position":3,"name":"Technostein TS VEL02 ZN"}]},{"@type":"WebSite","@id":"https:\/\/schubertstone.com\/#website","url":"https:\/\/schubertstone.com\/","name":"SCHUBERT STONE - Natural stone, porcelain stoneware, parquet","description":"Fine floors &amp; terraces for your exclusive property","potentialAction":[{"@type":"SearchAction","target":{"@type":"EntryPoint","urlTemplate":"https:\/\/schubertstone.com\/?s={search_term_string}"},"query-input":{"@type":"PropertyValueSpecification","valueRequired":true,"valueName":"search_term_string"}}],"inLanguage":"en-US"}]}},"_links":{"self":[{"href":"https:\/\/schubertstone.com\/en\/wp-json\/wp\/v2\/product\/36688","targetHints":{"allow":["GET"]}}],"collection":[{"href":"https:\/\/schubertstone.com\/en\/wp-json\/wp\/v2\/product"}],"about":[{"href":"https:\/\/schubertstone.com\/en\/wp-json\/wp\/v2\/types\/product"}],"version-history":[{"count":1,"href":"https:\/\/schubertstone.com\/en\/wp-json\/wp\/v2\/product\/36688\/revisions"}],"predecessor-version":[{"id":36690,"href":"https:\/\/schubertstone.com\/en\/wp-json\/wp\/v2\/product\/36688\/revisions\/36690"}],"wp:featuredmedia":[{"embeddable":true,"href":"https:\/\/schubertstone.com\/en\/wp-json\/wp\/v2\/media\/36689"}],"wp:attachment":[{"href":"https:\/\/schubertstone.com\/en\/wp-json\/wp\/v2\/media?parent=36688"}],"wp:term":[{"taxonomy":"product_brand","embeddable":true,"href":"https:\/\/schubertstone.com\/en\/wp-json\/wp\/v2\/product_brand?post=36688"},{"taxonomy":"product_cat","embeddable":true,"href":"https:\/\/schubertstone.com\/en\/wp-json\/wp\/v2\/product_cat?post=36688"},{"taxonomy":"product_tag","embeddable":true,"href":"https:\/\/schubertstone.com\/en\/wp-json\/wp\/v2\/product_tag?post=36688"}],"curies":[{"name":"wp","href":"https:\/\/api.w.org\/{rel}","templated":true}]}}