{"id":36726,"date":"2026-03-21T19:26:50","date_gmt":"2026-03-21T18:26:50","guid":{"rendered":"https:\/\/schubertstone.com\/?post_type=product&#038;p=36726"},"modified":"2026-03-21T19:42:23","modified_gmt":"2026-03-21T18:42:23","slug":"technostein-ts-fm01-od","status":"publish","type":"product","link":"https:\/\/schubertstone.com\/en\/shop\/feinsteinzeug\/kalkstein-optik\/technostein-ts-fm01-od\/","title":{"rendered":"Technostein TS FM01 OD"},"content":{"rendered":"<hr \/>\n<h3><strong>Properties:<\/strong><\/h3>\n<p>&nbsp;<\/p>\n<ul>\n<li class=\"p1\">Authentic limestone look<\/li>\n<li>Structured surface<\/li>\n<li>Antique tumbled edges<\/li>\n<li>Light gray and warm brown tones with natural variation<\/li>\n<\/ul>\n<hr \/>\n<h3>Resilience:<\/h3>\n<ul>\n<li>Non-slip (R11)<\/li>\n<li>Acid and scratch resistant<\/li>\n<li>Stain and UV resistant<\/li>\n<li>High durability<\/li>\n<\/ul>\n<hr \/>\n<h3 style=\"font-weight: 400;\"><strong>Care:<\/strong><\/h3>\n<ul>\n<li>Simply clean with stone soap in the mop water, even with K\u00e4rcher<\/li>\n<li class=\"p1\">No impregnation necessary<\/li>\n<\/ul>\n<hr \/>\n<h3 style=\"font-weight: 400;\"><strong>Use:<\/strong><\/h3>\n<ul>\n<li class=\"p1\">Terraces<\/li>\n<li class=\"p1\">Pool surrounds<\/li>\n<li>Garden areas<\/li>\n<li>Paths<\/li>\n<li class=\"p1\">Inner courtyards and entrance areas<\/li>\n<li class=\"p1\">Commercial outdoor areas<\/li>\n<\/ul>\n<hr \/>\n<h3 style=\"font-weight: 400;\"><strong>Minimum order quantity:<\/strong><\/h3>\n<p>20 m2<\/p>\n<hr \/>\n<p>&nbsp;<\/p>","protected":false},"excerpt":{"rendered":"<hr \/>\n<h2>Product description:<\/h2>\n<p><\/p>\n<p class=\"p1\">The Technostein TS FM01 OD is a high quality <a href=\"https:\/\/schubertstone.com\/en\/porcelain-stoneware-techno-stone\/\">Porcelain stoneware<\/a> in an authentic limestone look for outdoor use. With its lively color scheme in light grey and warm beige tones and a natural-looking, slightly aged surface, it is reminiscent of Mediterranean natural stone surfaces.<\/p>\n<p class=\"p1\">Thanks to its textured surface and slip resistance, the stone not only offers natural aesthetics, but also high functionality and safety in outdoor areas.<\/p>\n<hr \/>\n<h3>Available sizes:<\/h3>\n<ul>\n<li>80 x 40 x 2 cm<\/li>\n<\/ul>\n<hr \/>\n<p>&nbsp;<\/p>","protected":false},"featured_media":36727,"template":"","meta":[],"product_brand":[],"product_cat":[21,213,214],"product_tag":[178],"class_list":{"0":"post-36726","1":"product","2":"type-product","3":"status-publish","4":"has-post-thumbnail","6":"product_cat-feinsteinzeug","7":"product_cat-kalkstein-optik","8":"product_cat-terrassen-antik-feinsteinzeug","9":"product_tag-boeden","10":"pa_eignung-aussen","11":"pa_eignung-aussenundinnen","12":"pa_form-rechtecke","13":"pa_material-feinsteinzeug","14":"pa_oberflaeche-antik","16":"first","17":"instock","18":"shipping-taxable","19":"product-type-simple"},"yoast_head":"<!-- This site is optimized with the Yoast SEO Premium plugin v27.3 (Yoast SEO v27.4) - https:\/\/yoast.com\/product\/yoast-seo-premium-wordpress\/ -->\n<title>Technostein TS FM01 OD - SCHUBERT STONE - Naturstein, Feinsteinzeug, Parkett<\/title>\n<meta name=\"robots\" content=\"index, follow, max-snippet:-1, max-image-preview:large, max-video-preview:-1\" \/>\n<link rel=\"canonical\" href=\"https:\/\/schubertstone.com\/en\/store\/fine-stoneware\/limestone-optics\/technostein-ts-fm01-od\/\" \/>\n<meta property=\"og:locale\" content=\"en_US\" \/>\n<meta property=\"og:type\" content=\"article\" \/>\n<meta property=\"og:title\" content=\"Technostein TS FM01 OD\" \/>\n<meta property=\"og:description\" content=\"Produktbeschreibung:  Der Technostein TS FM01 OD ist ein hochwertiges Feinsteinzeug in authentischer Kalksteinoptik f\u00fcr den Au\u00dfenbereich. Mit seiner lebendigen Farbgebung in hellen Grau- und warmen Beiget\u00f6nen sowie einer nat\u00fcrlich wirkenden, leicht gealterten Oberfl\u00e4che erinnert er an mediterrane Natursteinfl\u00e4chen. Dank der strukturierten Oberfl\u00e4che und der Rutschfestigkeit bietet der Stein nicht nur eine nat\u00fcrliche \u00c4sthetik, sondern auch hohe Funktionalit\u00e4t und Sicherheit im Au\u00dfenbereich.     Erh\u00e4ltliche Gr\u00f6\u00dfen:   80 x 40 x 2 cm     &nbsp;\" \/>\n<meta property=\"og:url\" content=\"https:\/\/schubertstone.com\/en\/store\/fine-stoneware\/limestone-optics\/technostein-ts-fm01-od\/\" \/>\n<meta property=\"og:site_name\" content=\"SCHUBERT STONE - Naturstein, Feinsteinzeug, Parkett\" \/>\n<meta property=\"article:modified_time\" content=\"2026-03-21T18:42:23+00:00\" \/>\n<meta property=\"og:image\" content=\"https:\/\/schubertstone.com\/wp-content\/uploads\/2026\/03\/Technostein-TS-FM01-OD-2.jpg\" \/>\n\t<meta property=\"og:image:width\" content=\"2048\" \/>\n\t<meta property=\"og:image:height\" content=\"1365\" \/>\n\t<meta property=\"og:image:type\" content=\"image\/jpeg\" \/>\n<meta name=\"twitter:card\" content=\"summary_large_image\" \/>\n<meta name=\"twitter:label1\" content=\"Est. reading time\" \/>\n\t<meta name=\"twitter:data1\" content=\"1 minute\" \/>\n<script type=\"application\/ld+json\" class=\"yoast-schema-graph\">{\"@context\":\"https:\\\/\\\/schema.org\",\"@graph\":[{\"@type\":\"WebPage\",\"@id\":\"https:\\\/\\\/schubertstone.com\\\/shop\\\/feinsteinzeug\\\/kalkstein-optik\\\/technostein-ts-fm01-od\\\/\",\"url\":\"https:\\\/\\\/schubertstone.com\\\/shop\\\/feinsteinzeug\\\/kalkstein-optik\\\/technostein-ts-fm01-od\\\/\",\"name\":\"Technostein TS FM01 OD - SCHUBERT STONE - Naturstein, Feinsteinzeug, Parkett\",\"isPartOf\":{\"@id\":\"https:\\\/\\\/schubertstone.com\\\/#website\"},\"primaryImageOfPage\":{\"@id\":\"https:\\\/\\\/schubertstone.com\\\/shop\\\/feinsteinzeug\\\/kalkstein-optik\\\/technostein-ts-fm01-od\\\/#primaryimage\"},\"image\":{\"@id\":\"https:\\\/\\\/schubertstone.com\\\/shop\\\/feinsteinzeug\\\/kalkstein-optik\\\/technostein-ts-fm01-od\\\/#primaryimage\"},\"thumbnailUrl\":\"https:\\\/\\\/schubertstone.com\\\/wp-content\\\/uploads\\\/2026\\\/03\\\/Technostein-TS-FM01-OD-2.jpg\",\"datePublished\":\"2026-03-21T18:26:50+00:00\",\"dateModified\":\"2026-03-21T18:42:23+00:00\",\"breadcrumb\":{\"@id\":\"https:\\\/\\\/schubertstone.com\\\/shop\\\/feinsteinzeug\\\/kalkstein-optik\\\/technostein-ts-fm01-od\\\/#breadcrumb\"},\"inLanguage\":\"en-US\",\"potentialAction\":[{\"@type\":\"ReadAction\",\"target\":[\"https:\\\/\\\/schubertstone.com\\\/shop\\\/feinsteinzeug\\\/kalkstein-optik\\\/technostein-ts-fm01-od\\\/\"]}]},{\"@type\":\"ImageObject\",\"inLanguage\":\"en-US\",\"@id\":\"https:\\\/\\\/schubertstone.com\\\/shop\\\/feinsteinzeug\\\/kalkstein-optik\\\/technostein-ts-fm01-od\\\/#primaryimage\",\"url\":\"https:\\\/\\\/schubertstone.com\\\/wp-content\\\/uploads\\\/2026\\\/03\\\/Technostein-TS-FM01-OD-2.jpg\",\"contentUrl\":\"https:\\\/\\\/schubertstone.com\\\/wp-content\\\/uploads\\\/2026\\\/03\\\/Technostein-TS-FM01-OD-2.jpg\",\"width\":2048,\"height\":1365,\"caption\":\"Technostein TS FM01 OC, strukturiert, Kante behauen, R11, 80x40x2cm\"},{\"@type\":\"BreadcrumbList\",\"@id\":\"https:\\\/\\\/schubertstone.com\\\/shop\\\/feinsteinzeug\\\/kalkstein-optik\\\/technostein-ts-fm01-od\\\/#breadcrumb\",\"itemListElement\":[{\"@type\":\"ListItem\",\"position\":1,\"name\":\"Home\",\"item\":\"https:\\\/\\\/schubertstone.com\\\/\"},{\"@type\":\"ListItem\",\"position\":2,\"name\":\"Shop\",\"item\":\"https:\\\/\\\/schubertstone.com\\\/shop\\\/\"},{\"@type\":\"ListItem\",\"position\":3,\"name\":\"Technostein TS FM01 OD\"}]},{\"@type\":\"WebSite\",\"@id\":\"https:\\\/\\\/schubertstone.com\\\/#website\",\"url\":\"https:\\\/\\\/schubertstone.com\\\/\",\"name\":\"SCHUBERT STONE - Naturstein, Feinsteinzeug, Parkett\",\"description\":\"Edle B\u00f6den &amp; Terrassen f\u00fcr Ihre exklusive Immobilie\",\"potentialAction\":[{\"@type\":\"SearchAction\",\"target\":{\"@type\":\"EntryPoint\",\"urlTemplate\":\"https:\\\/\\\/schubertstone.com\\\/?s={search_term_string}\"},\"query-input\":{\"@type\":\"PropertyValueSpecification\",\"valueRequired\":true,\"valueName\":\"search_term_string\"}}],\"inLanguage\":\"en-US\"}]}<\/script>\n<!-- \/ Yoast SEO Premium plugin. -->","yoast_head_json":{"title":"Technostein TS FM01 OD - SCHUBERT STONE - Natural stone, porcelain stoneware, parquet","robots":{"index":"index","follow":"follow","max-snippet":"max-snippet:-1","max-image-preview":"max-image-preview:large","max-video-preview":"max-video-preview:-1"},"canonical":"https:\/\/schubertstone.com\/en\/store\/fine-stoneware\/limestone-optics\/technostein-ts-fm01-od\/","og_locale":"en_US","og_type":"article","og_title":"Technostein TS FM01 OD","og_description":"Produktbeschreibung:  Der Technostein TS FM01 OD ist ein hochwertiges Feinsteinzeug in authentischer Kalksteinoptik f\u00fcr den Au\u00dfenbereich. Mit seiner lebendigen Farbgebung in hellen Grau- und warmen Beiget\u00f6nen sowie einer nat\u00fcrlich wirkenden, leicht gealterten Oberfl\u00e4che erinnert er an mediterrane Natursteinfl\u00e4chen. Dank der strukturierten Oberfl\u00e4che und der Rutschfestigkeit bietet der Stein nicht nur eine nat\u00fcrliche \u00c4sthetik, sondern auch hohe Funktionalit\u00e4t und Sicherheit im Au\u00dfenbereich.     Erh\u00e4ltliche Gr\u00f6\u00dfen:   80 x 40 x 2 cm     &nbsp;","og_url":"https:\/\/schubertstone.com\/en\/store\/fine-stoneware\/limestone-optics\/technostein-ts-fm01-od\/","og_site_name":"SCHUBERT STONE - Naturstein, Feinsteinzeug, Parkett","article_modified_time":"2026-03-21T18:42:23+00:00","og_image":[{"width":2048,"height":1365,"url":"https:\/\/schubertstone.com\/wp-content\/uploads\/2026\/03\/Technostein-TS-FM01-OD-2.jpg","type":"image\/jpeg"}],"twitter_card":"summary_large_image","twitter_misc":{"Est. reading time":"1 minute"},"schema":{"@context":"https:\/\/schema.org","@graph":[{"@type":"WebPage","@id":"https:\/\/schubertstone.com\/shop\/feinsteinzeug\/kalkstein-optik\/technostein-ts-fm01-od\/","url":"https:\/\/schubertstone.com\/shop\/feinsteinzeug\/kalkstein-optik\/technostein-ts-fm01-od\/","name":"Technostein TS FM01 OD - SCHUBERT STONE - Natural stone, porcelain stoneware, parquet","isPartOf":{"@id":"https:\/\/schubertstone.com\/#website"},"primaryImageOfPage":{"@id":"https:\/\/schubertstone.com\/shop\/feinsteinzeug\/kalkstein-optik\/technostein-ts-fm01-od\/#primaryimage"},"image":{"@id":"https:\/\/schubertstone.com\/shop\/feinsteinzeug\/kalkstein-optik\/technostein-ts-fm01-od\/#primaryimage"},"thumbnailUrl":"https:\/\/schubertstone.com\/wp-content\/uploads\/2026\/03\/Technostein-TS-FM01-OD-2.jpg","datePublished":"2026-03-21T18:26:50+00:00","dateModified":"2026-03-21T18:42:23+00:00","breadcrumb":{"@id":"https:\/\/schubertstone.com\/shop\/feinsteinzeug\/kalkstein-optik\/technostein-ts-fm01-od\/#breadcrumb"},"inLanguage":"en-US","potentialAction":[{"@type":"ReadAction","target":["https:\/\/schubertstone.com\/shop\/feinsteinzeug\/kalkstein-optik\/technostein-ts-fm01-od\/"]}]},{"@type":"ImageObject","inLanguage":"en-US","@id":"https:\/\/schubertstone.com\/shop\/feinsteinzeug\/kalkstein-optik\/technostein-ts-fm01-od\/#primaryimage","url":"https:\/\/schubertstone.com\/wp-content\/uploads\/2026\/03\/Technostein-TS-FM01-OD-2.jpg","contentUrl":"https:\/\/schubertstone.com\/wp-content\/uploads\/2026\/03\/Technostein-TS-FM01-OD-2.jpg","width":2048,"height":1365,"caption":"Technostein TS FM01 OC, strukturiert, Kante behauen, R11, 80x40x2cm"},{"@type":"BreadcrumbList","@id":"https:\/\/schubertstone.com\/shop\/feinsteinzeug\/kalkstein-optik\/technostein-ts-fm01-od\/#breadcrumb","itemListElement":[{"@type":"ListItem","position":1,"name":"Home","item":"https:\/\/schubertstone.com\/"},{"@type":"ListItem","position":2,"name":"Shop","item":"https:\/\/schubertstone.com\/shop\/"},{"@type":"ListItem","position":3,"name":"Technostein TS FM01 OD"}]},{"@type":"WebSite","@id":"https:\/\/schubertstone.com\/#website","url":"https:\/\/schubertstone.com\/","name":"SCHUBERT STONE - Natural stone, porcelain stoneware, parquet","description":"Fine floors &amp; terraces for your exclusive property","potentialAction":[{"@type":"SearchAction","target":{"@type":"EntryPoint","urlTemplate":"https:\/\/schubertstone.com\/?s={search_term_string}"},"query-input":{"@type":"PropertyValueSpecification","valueRequired":true,"valueName":"search_term_string"}}],"inLanguage":"en-US"}]}},"_links":{"self":[{"href":"https:\/\/schubertstone.com\/en\/wp-json\/wp\/v2\/product\/36726","targetHints":{"allow":["GET"]}}],"collection":[{"href":"https:\/\/schubertstone.com\/en\/wp-json\/wp\/v2\/product"}],"about":[{"href":"https:\/\/schubertstone.com\/en\/wp-json\/wp\/v2\/types\/product"}],"version-history":[{"count":1,"href":"https:\/\/schubertstone.com\/en\/wp-json\/wp\/v2\/product\/36726\/revisions"}],"predecessor-version":[{"id":36728,"href":"https:\/\/schubertstone.com\/en\/wp-json\/wp\/v2\/product\/36726\/revisions\/36728"}],"wp:featuredmedia":[{"embeddable":true,"href":"https:\/\/schubertstone.com\/en\/wp-json\/wp\/v2\/media\/36727"}],"wp:attachment":[{"href":"https:\/\/schubertstone.com\/en\/wp-json\/wp\/v2\/media?parent=36726"}],"wp:term":[{"taxonomy":"product_brand","embeddable":true,"href":"https:\/\/schubertstone.com\/en\/wp-json\/wp\/v2\/product_brand?post=36726"},{"taxonomy":"product_cat","embeddable":true,"href":"https:\/\/schubertstone.com\/en\/wp-json\/wp\/v2\/product_cat?post=36726"},{"taxonomy":"product_tag","embeddable":true,"href":"https:\/\/schubertstone.com\/en\/wp-json\/wp\/v2\/product_tag?post=36726"}],"curies":[{"name":"wp","href":"https:\/\/api.w.org\/{rel}","templated":true}]}}