{"id":36739,"date":"2026-03-23T11:17:37","date_gmt":"2026-03-23T10:17:37","guid":{"rendered":"https:\/\/schubertstone.com\/?post_type=product&#038;p=36739"},"modified":"2026-04-13T16:42:23","modified_gmt":"2026-04-13T14:42:23","slug":"k-791-rk-facing-brick","status":"publish","type":"product","link":"https:\/\/schubertstone.com\/en\/shop\/naturstein\/kalkstein\/k-791-rk-verblender\/","title":{"rendered":"Limestone K 791 RK Facing brick"},"content":{"rendered":"<hr \/>\n<h3 style=\"font-weight: 400;\"><strong>Properties:<\/strong><\/h3>\n<ul>\n<li class=\"p1\">Light cream to off-white shades with natural variation<\/li>\n<li>Natural, split-face surface<\/li>\n<li class=\"p1\">Striking, relief-like natural stone structure<\/li>\n<li>Lively light and shadow effect<\/li>\n<\/ul>\n<hr \/>\n<h3 style=\"font-weight: 400;\"><strong>Resilience:<\/strong><\/h3>\n<ul>\n<li>High durability and longevity<\/li>\n<li>Surface anticipates traces of use<\/li>\n<\/ul>\n<hr \/>\n<h3 style=\"font-weight: 400;\"><strong>Care:<\/strong><\/h3>\n<ul>\n<li>Simply clean with stone soap in the mop water<\/li>\n<\/ul>\n<hr \/>\n<h3 style=\"font-weight: 400;\"><strong>Use:<\/strong><\/h3>\n<ul>\n<li>Facades<\/li>\n<li>Garden walls<\/li>\n<li class=\"p1\">Interior wall cladding<\/li>\n<li>High-quality residential and architectural projects with a Mediterranean or nature-inspired design<\/li>\n<\/ul>\n<hr \/>\n<h3 style=\"font-weight: 400;\"><strong>Minimum order quantity:<\/strong><\/h3>\n<p>30 m2<\/p>\n<hr \/>\n<p>&nbsp;<\/p>","protected":false},"excerpt":{"rendered":"<hr \/>\n<h2>Product description:<\/h2>\n<p><\/p>\n<p>The K 791 RK limestone is a high-quality <a href=\"https:\/\/schubertstone.com\/en\/natural-stone\/\">Natural stone<\/a> with a light, almost white appearance and a striking, lively surface. The finely nuanced cream and off-white tones give walls a particularly elegant effect.<\/p>\n<p>The expressive, relief-like structure of this <a href=\"https:\/\/schubertstone.com\/en\/limestone\/\">Limestone<\/a>\u00a0creates depth and an exciting interplay of light and shadow, giving every surface a lively and high-quality appearance. Despite its characterful surface, the overall appearance remains calm and harmonious and is ideal for modern, minimalist architecture.<\/p>\n<hr \/>\n<h3>Available sizes:<\/h3>\n<ul>\n<li>Freie L\u00e4ngen x 10 x 2,5 cm<\/li>\n<li>Freie L\u00e4ngen x 15 x 2,5 cm<\/li>\n<li>Free lengths x 30 x 2.5 cm<\/li>\n<li>Freie L\u00e4ngen x 35 x 2,5 cm<\/li>\n<li>Corner pieces<\/li>\n<\/ul>\n<hr \/>\n<p>&nbsp;<\/p>","protected":false},"featured_media":36741,"template":"","meta":[],"product_brand":[],"product_cat":[169,19,209],"product_tag":[210],"class_list":{"0":"post-36739","1":"product","2":"type-product","3":"status-publish","4":"has-post-thumbnail","6":"product_cat-kalkstein","7":"product_cat-naturstein","8":"product_cat-verblender","9":"product_tag-verblender","10":"pa_eignung-aussen","11":"pa_eignung-aussenundinnen","12":"pa_eignung-innen","13":"pa_form-unreg-rechtecke-wandverkleid","14":"pa_material-kalkstein","15":"pa_oberflaeche-spaltrauskantenbehauen","17":"first","18":"instock","19":"shipping-taxable","20":"product-type-simple"},"yoast_head":"<!-- This site is optimized with the Yoast SEO Premium plugin v27.3 (Yoast SEO v27.4) - https:\/\/yoast.com\/product\/yoast-seo-premium-wordpress\/ -->\n<title>Kalkstein K 791 RK Verblender - SCHUBERT STONE - Naturstein, Feinsteinzeug, Parkett<\/title>\n<meta name=\"robots\" content=\"index, follow, max-snippet:-1, max-image-preview:large, max-video-preview:-1\" \/>\n<link rel=\"canonical\" href=\"https:\/\/schubertstone.com\/en\/store\/natural-stone\/limestone\/k-791-rk-facing-brick\/\" \/>\n<meta property=\"og:locale\" content=\"en_US\" \/>\n<meta property=\"og:type\" content=\"article\" \/>\n<meta property=\"og:title\" content=\"Kalkstein K 791 RK Verblender\" \/>\n<meta property=\"og:description\" content=\"Produktbeschreibung:  Der Kalkstein K 791 RK ist ein hochwertiger Naturstein mit heller, nahezu wei\u00dfer Ausstrahlung und markanter, lebendiger Oberfl\u00e4che. Die fein nuancierten Creme- und Off-White-T\u00f6ne verleihen W\u00e4nden und Mauern eine besonders edle Wirkung.  Die ausdrucksstarke, reliefartige Struktur dieses Kalksteins\u00a0sorgt f\u00fcr Tiefe und ein spannendes Licht- und Schattenspiel, wodurch jede Fl\u00e4che lebendig und hochwertig wirkt. Trotz seiner charakterstarken Oberfl\u00e4che bleibt das Gesamtbild ruhig und harmonisch und passt ideal zu moderner, reduzierter Architektur.    Erh\u00e4ltliche Gr\u00f6\u00dfen:   Freie L\u00e4ngen x 10 x 2,5 cm  Freie L\u00e4ngen x 15 x 2,5 cm  Freie L\u00e4ngen x 30 x 2,5 cm  Freie L\u00e4ngen x 35 x 2,5 cm  Eckst\u00fccke     &nbsp;\" \/>\n<meta property=\"og:url\" content=\"https:\/\/schubertstone.com\/en\/store\/natural-stone\/limestone\/k-791-rk-facing-brick\/\" \/>\n<meta property=\"og:site_name\" content=\"SCHUBERT STONE - Naturstein, Feinsteinzeug, Parkett\" \/>\n<meta property=\"article:modified_time\" content=\"2026-04-13T14:42:23+00:00\" \/>\n<meta property=\"og:image\" content=\"https:\/\/schubertstone.com\/wp-content\/uploads\/2026\/03\/Kalkstein-K-791-RK-Verblender.jpg\" \/>\n\t<meta property=\"og:image:width\" content=\"2048\" \/>\n\t<meta property=\"og:image:height\" content=\"1365\" \/>\n\t<meta property=\"og:image:type\" content=\"image\/jpeg\" \/>\n<meta name=\"twitter:card\" content=\"summary_large_image\" \/>\n<meta name=\"twitter:label1\" content=\"Est. reading time\" \/>\n\t<meta name=\"twitter:data1\" content=\"1 minute\" \/>\n<script type=\"application\/ld+json\" class=\"yoast-schema-graph\">{\"@context\":\"https:\\\/\\\/schema.org\",\"@graph\":[{\"@type\":\"WebPage\",\"@id\":\"https:\\\/\\\/schubertstone.com\\\/shop\\\/naturstein\\\/kalkstein\\\/k-791-rk-verblender\\\/\",\"url\":\"https:\\\/\\\/schubertstone.com\\\/shop\\\/naturstein\\\/kalkstein\\\/k-791-rk-verblender\\\/\",\"name\":\"Kalkstein K 791 RK Verblender - SCHUBERT STONE - Naturstein, Feinsteinzeug, Parkett\",\"isPartOf\":{\"@id\":\"https:\\\/\\\/schubertstone.com\\\/#website\"},\"primaryImageOfPage\":{\"@id\":\"https:\\\/\\\/schubertstone.com\\\/shop\\\/naturstein\\\/kalkstein\\\/k-791-rk-verblender\\\/#primaryimage\"},\"image\":{\"@id\":\"https:\\\/\\\/schubertstone.com\\\/shop\\\/naturstein\\\/kalkstein\\\/k-791-rk-verblender\\\/#primaryimage\"},\"thumbnailUrl\":\"https:\\\/\\\/schubertstone.com\\\/wp-content\\\/uploads\\\/2026\\\/03\\\/Kalkstein-K-791-RK-Verblender.jpg\",\"datePublished\":\"2026-03-23T10:17:37+00:00\",\"dateModified\":\"2026-04-13T14:42:23+00:00\",\"breadcrumb\":{\"@id\":\"https:\\\/\\\/schubertstone.com\\\/shop\\\/naturstein\\\/kalkstein\\\/k-791-rk-verblender\\\/#breadcrumb\"},\"inLanguage\":\"en-US\",\"potentialAction\":[{\"@type\":\"ReadAction\",\"target\":[\"https:\\\/\\\/schubertstone.com\\\/shop\\\/naturstein\\\/kalkstein\\\/k-791-rk-verblender\\\/\"]}]},{\"@type\":\"ImageObject\",\"inLanguage\":\"en-US\",\"@id\":\"https:\\\/\\\/schubertstone.com\\\/shop\\\/naturstein\\\/kalkstein\\\/k-791-rk-verblender\\\/#primaryimage\",\"url\":\"https:\\\/\\\/schubertstone.com\\\/wp-content\\\/uploads\\\/2026\\\/03\\\/Kalkstein-K-791-RK-Verblender.jpg\",\"contentUrl\":\"https:\\\/\\\/schubertstone.com\\\/wp-content\\\/uploads\\\/2026\\\/03\\\/Kalkstein-K-791-RK-Verblender.jpg\",\"width\":2048,\"height\":1365,\"caption\":\"Kalkstein K 791 Wandverblender RK, gespalten, 15 x 2-3cm, Eckst\u00fccke erh\u00e4ltlich\"},{\"@type\":\"BreadcrumbList\",\"@id\":\"https:\\\/\\\/schubertstone.com\\\/shop\\\/naturstein\\\/kalkstein\\\/k-791-rk-verblender\\\/#breadcrumb\",\"itemListElement\":[{\"@type\":\"ListItem\",\"position\":1,\"name\":\"Home\",\"item\":\"https:\\\/\\\/schubertstone.com\\\/\"},{\"@type\":\"ListItem\",\"position\":2,\"name\":\"Shop\",\"item\":\"https:\\\/\\\/schubertstone.com\\\/shop\\\/\"},{\"@type\":\"ListItem\",\"position\":3,\"name\":\"Kalkstein K 791 RK Verblender\"}]},{\"@type\":\"WebSite\",\"@id\":\"https:\\\/\\\/schubertstone.com\\\/#website\",\"url\":\"https:\\\/\\\/schubertstone.com\\\/\",\"name\":\"SCHUBERT STONE - Naturstein, Feinsteinzeug, Parkett\",\"description\":\"Edle B\u00f6den &amp; Terrassen f\u00fcr Ihre exklusive Immobilie\",\"potentialAction\":[{\"@type\":\"SearchAction\",\"target\":{\"@type\":\"EntryPoint\",\"urlTemplate\":\"https:\\\/\\\/schubertstone.com\\\/?s={search_term_string}\"},\"query-input\":{\"@type\":\"PropertyValueSpecification\",\"valueRequired\":true,\"valueName\":\"search_term_string\"}}],\"inLanguage\":\"en-US\"}]}<\/script>\n<!-- \/ Yoast SEO Premium plugin. -->","yoast_head_json":{"title":"Limestone K 791 RK facing brick - SCHUBERT STONE - natural stone, porcelain stoneware, parquet","robots":{"index":"index","follow":"follow","max-snippet":"max-snippet:-1","max-image-preview":"max-image-preview:large","max-video-preview":"max-video-preview:-1"},"canonical":"https:\/\/schubertstone.com\/en\/store\/natural-stone\/limestone\/k-791-rk-facing-brick\/","og_locale":"en_US","og_type":"article","og_title":"Kalkstein K 791 RK Verblender","og_description":"Produktbeschreibung:  Der Kalkstein K 791 RK ist ein hochwertiger Naturstein mit heller, nahezu wei\u00dfer Ausstrahlung und markanter, lebendiger Oberfl\u00e4che. Die fein nuancierten Creme- und Off-White-T\u00f6ne verleihen W\u00e4nden und Mauern eine besonders edle Wirkung.  Die ausdrucksstarke, reliefartige Struktur dieses Kalksteins\u00a0sorgt f\u00fcr Tiefe und ein spannendes Licht- und Schattenspiel, wodurch jede Fl\u00e4che lebendig und hochwertig wirkt. Trotz seiner charakterstarken Oberfl\u00e4che bleibt das Gesamtbild ruhig und harmonisch und passt ideal zu moderner, reduzierter Architektur.    Erh\u00e4ltliche Gr\u00f6\u00dfen:   Freie L\u00e4ngen x 10 x 2,5 cm  Freie L\u00e4ngen x 15 x 2,5 cm  Freie L\u00e4ngen x 30 x 2,5 cm  Freie L\u00e4ngen x 35 x 2,5 cm  Eckst\u00fccke     &nbsp;","og_url":"https:\/\/schubertstone.com\/en\/store\/natural-stone\/limestone\/k-791-rk-facing-brick\/","og_site_name":"SCHUBERT STONE - Naturstein, Feinsteinzeug, Parkett","article_modified_time":"2026-04-13T14:42:23+00:00","og_image":[{"width":2048,"height":1365,"url":"https:\/\/schubertstone.com\/wp-content\/uploads\/2026\/03\/Kalkstein-K-791-RK-Verblender.jpg","type":"image\/jpeg"}],"twitter_card":"summary_large_image","twitter_misc":{"Est. reading time":"1 minute"},"schema":{"@context":"https:\/\/schema.org","@graph":[{"@type":"WebPage","@id":"https:\/\/schubertstone.com\/shop\/naturstein\/kalkstein\/k-791-rk-verblender\/","url":"https:\/\/schubertstone.com\/shop\/naturstein\/kalkstein\/k-791-rk-verblender\/","name":"Limestone K 791 RK facing brick - SCHUBERT STONE - natural stone, porcelain stoneware, parquet","isPartOf":{"@id":"https:\/\/schubertstone.com\/#website"},"primaryImageOfPage":{"@id":"https:\/\/schubertstone.com\/shop\/naturstein\/kalkstein\/k-791-rk-verblender\/#primaryimage"},"image":{"@id":"https:\/\/schubertstone.com\/shop\/naturstein\/kalkstein\/k-791-rk-verblender\/#primaryimage"},"thumbnailUrl":"https:\/\/schubertstone.com\/wp-content\/uploads\/2026\/03\/Kalkstein-K-791-RK-Verblender.jpg","datePublished":"2026-03-23T10:17:37+00:00","dateModified":"2026-04-13T14:42:23+00:00","breadcrumb":{"@id":"https:\/\/schubertstone.com\/shop\/naturstein\/kalkstein\/k-791-rk-verblender\/#breadcrumb"},"inLanguage":"en-US","potentialAction":[{"@type":"ReadAction","target":["https:\/\/schubertstone.com\/shop\/naturstein\/kalkstein\/k-791-rk-verblender\/"]}]},{"@type":"ImageObject","inLanguage":"en-US","@id":"https:\/\/schubertstone.com\/shop\/naturstein\/kalkstein\/k-791-rk-verblender\/#primaryimage","url":"https:\/\/schubertstone.com\/wp-content\/uploads\/2026\/03\/Kalkstein-K-791-RK-Verblender.jpg","contentUrl":"https:\/\/schubertstone.com\/wp-content\/uploads\/2026\/03\/Kalkstein-K-791-RK-Verblender.jpg","width":2048,"height":1365,"caption":"Kalkstein K 791 Wandverblender RK, gespalten, 15 x 2-3cm, Eckst\u00fccke erh\u00e4ltlich"},{"@type":"BreadcrumbList","@id":"https:\/\/schubertstone.com\/shop\/naturstein\/kalkstein\/k-791-rk-verblender\/#breadcrumb","itemListElement":[{"@type":"ListItem","position":1,"name":"Home","item":"https:\/\/schubertstone.com\/"},{"@type":"ListItem","position":2,"name":"Shop","item":"https:\/\/schubertstone.com\/shop\/"},{"@type":"ListItem","position":3,"name":"Kalkstein K 791 RK Verblender"}]},{"@type":"WebSite","@id":"https:\/\/schubertstone.com\/#website","url":"https:\/\/schubertstone.com\/","name":"SCHUBERT STONE - Natural stone, porcelain stoneware, parquet","description":"Fine floors &amp; terraces for your exclusive property","potentialAction":[{"@type":"SearchAction","target":{"@type":"EntryPoint","urlTemplate":"https:\/\/schubertstone.com\/?s={search_term_string}"},"query-input":{"@type":"PropertyValueSpecification","valueRequired":true,"valueName":"search_term_string"}}],"inLanguage":"en-US"}]}},"_links":{"self":[{"href":"https:\/\/schubertstone.com\/en\/wp-json\/wp\/v2\/product\/36739","targetHints":{"allow":["GET"]}}],"collection":[{"href":"https:\/\/schubertstone.com\/en\/wp-json\/wp\/v2\/product"}],"about":[{"href":"https:\/\/schubertstone.com\/en\/wp-json\/wp\/v2\/types\/product"}],"version-history":[{"count":3,"href":"https:\/\/schubertstone.com\/en\/wp-json\/wp\/v2\/product\/36739\/revisions"}],"predecessor-version":[{"id":36960,"href":"https:\/\/schubertstone.com\/en\/wp-json\/wp\/v2\/product\/36739\/revisions\/36960"}],"wp:featuredmedia":[{"embeddable":true,"href":"https:\/\/schubertstone.com\/en\/wp-json\/wp\/v2\/media\/36741"}],"wp:attachment":[{"href":"https:\/\/schubertstone.com\/en\/wp-json\/wp\/v2\/media?parent=36739"}],"wp:term":[{"taxonomy":"product_brand","embeddable":true,"href":"https:\/\/schubertstone.com\/en\/wp-json\/wp\/v2\/product_brand?post=36739"},{"taxonomy":"product_cat","embeddable":true,"href":"https:\/\/schubertstone.com\/en\/wp-json\/wp\/v2\/product_cat?post=36739"},{"taxonomy":"product_tag","embeddable":true,"href":"https:\/\/schubertstone.com\/en\/wp-json\/wp\/v2\/product_tag?post=36739"}],"curies":[{"name":"wp","href":"https:\/\/api.w.org\/{rel}","templated":true}]}}