{"id":36779,"date":"2026-03-23T16:37:46","date_gmt":"2026-03-23T15:37:46","guid":{"rendered":"https:\/\/schubertstone.com\/?post_type=product&#038;p=36779"},"modified":"2026-04-13T16:47:27","modified_gmt":"2026-04-13T14:47:27","slug":"k-228-ah-verblender","status":"publish","type":"product","link":"https:\/\/schubertstone.com\/en\/shop\/naturstein\/kalkstein\/k-228-ah-verblender\/","title":{"rendered":"Limestone K 228 AH Facing Bricks"},"content":{"rendered":"<hr \/>\n<h3 style=\"font-weight: 400;\"><strong>Properties:<\/strong><\/h3>\n<ul>\n<li class=\"p1\">Gray, anthracite and earthy beige tones<\/li>\n<li>Striking fractured, rough split surface<\/li>\n<li>Irregular, polygonal shapes<\/li>\n<li class=\"p1\">Striking, robust and architecturally expressive<\/li>\n<\/ul>\n<hr \/>\n<h3 style=\"font-weight: 400;\"><strong>Resilience:<\/strong><\/h3>\n<ul>\n<li>High durability and longevity<\/li>\n<li class=\"p1\">Surface anticipates traces of use<\/li>\n<\/ul>\n<hr \/>\n<h3 style=\"font-weight: 400;\"><strong>Care:<\/strong><\/h3>\n<ul>\n<li class=\"p1\">Simply clean with stone soap in the mop water<\/li>\n<\/ul>\n<hr \/>\n<h3 style=\"font-weight: 400;\"><strong>Use:<\/strong><\/h3>\n<ul>\n<li>Facades and exterior walls<\/li>\n<li>Garden walls and outdoor facilities<\/li>\n<li>Interior wall cladding<\/li>\n<li class=\"p1\">Modern, alpine and rustic architectural concepts<\/li>\n<\/ul>\n<hr \/>\n<h3 style=\"font-weight: 400;\"><strong>Minimum order quantity:<\/strong><\/h3>\n<p>40 m2<\/p>\n<hr \/>\n<p>&nbsp;<\/p>","protected":false},"excerpt":{"rendered":"<hr \/>\n<h2>Product description:<\/h2>\n<p><\/p>\n<p>The limestone K 228 AH facing brick is a brick with a strong character. <a href=\"https:\/\/schubertstone.com\/en\/natural-stone\/\">Natural stone<\/a> with expressive shades of gray, anthracite and earthy beige. The strikingly broken surface and irregular formats give walls a powerful, architectural presence with natural depth.<\/p>\n<p>Whether indoors as a striking accent wall or outdoors as a robust fa\u00e7ade solution - this <a href=\"https:\/\/schubertstone.com\/en\/limestone\/\">Limestone<\/a> combines originality with modern aesthetics and creates a long-lasting, stylish overall look.<\/p>\n<hr \/>\n<h3>Available sizes:<\/h3>\n<ul>\n<li>Irregular pieces with a thickness of 3-5 cm<\/li>\n<\/ul>\n<hr \/>\n<p>&nbsp;<\/p>","protected":false},"featured_media":36782,"template":"","meta":[],"product_brand":[],"product_cat":[169,19,209],"product_tag":[210],"class_list":{"0":"post-36779","1":"product","2":"type-product","3":"status-publish","4":"has-post-thumbnail","6":"product_cat-kalkstein","7":"product_cat-naturstein","8":"product_cat-verblender","9":"product_tag-verblender","10":"pa_eignung-aussen","11":"pa_eignung-aussenundinnen","12":"pa_eignung-innen","13":"pa_form-unreg-rechtecke-wandverkleid","14":"pa_material-kalkstein","15":"pa_oberflaeche-spaltrauskantenbehauen","17":"first","18":"instock","19":"shipping-taxable","20":"product-type-simple"},"yoast_head":"<!-- This site is optimized with the Yoast SEO Premium plugin v27.3 (Yoast SEO v27.4) - https:\/\/yoast.com\/product\/yoast-seo-premium-wordpress\/ -->\n<title>Kalkstein K 228 AH Verblender - SCHUBERT STONE - Naturstein, Feinsteinzeug, Parkett<\/title>\n<meta name=\"robots\" content=\"index, follow, max-snippet:-1, max-image-preview:large, max-video-preview:-1\" \/>\n<link rel=\"canonical\" href=\"https:\/\/schubertstone.com\/en\/store\/natural-stone\/limestone\/k-228-ah-verblender\/\" \/>\n<meta property=\"og:locale\" content=\"en_US\" \/>\n<meta property=\"og:type\" content=\"article\" \/>\n<meta property=\"og:title\" content=\"Kalkstein K 228 AH Verblender\" \/>\n<meta property=\"og:description\" content=\"Produktbeschreibung:  Der Kalkstein K 228 AH Verblender ist ein charakterstarker Naturstein mit ausdrucksstarken Grau-, Anthrazit- und erdigen Beiget\u00f6nen. Die markant gebrochene Oberfl\u00e4che und die unregelm\u00e4\u00dfigen Formate verleihen W\u00e4nden eine kraftvolle, architektonische Pr\u00e4senz mit nat\u00fcrlicher Tiefe.  Ob im Innenbereich als markante Akzentwand oder im Au\u00dfenbereich als robuste Fassadenl\u00f6sung \u2013 dieser Kalkstein verbindet Urspr\u00fcnglichkeit mit moderner \u00c4sthetik und schafft ein langlebiges, stilvolles Gesamtbild.     Erh\u00e4ltliche Gr\u00f6\u00dfen:   Unregelm\u00e4\u00dfige St\u00fccke mit 3-5 cm St\u00e4rke     &nbsp;\" \/>\n<meta property=\"og:url\" content=\"https:\/\/schubertstone.com\/en\/store\/natural-stone\/limestone\/k-228-ah-verblender\/\" \/>\n<meta property=\"og:site_name\" content=\"SCHUBERT STONE - Naturstein, Feinsteinzeug, Parkett\" \/>\n<meta property=\"article:modified_time\" content=\"2026-04-13T14:47:27+00:00\" \/>\n<meta property=\"og:image\" content=\"https:\/\/schubertstone.com\/wp-content\/uploads\/2026\/03\/Kalkstein-K-228-AH.jpg\" \/>\n\t<meta property=\"og:image:width\" content=\"2048\" \/>\n\t<meta property=\"og:image:height\" content=\"1024\" \/>\n\t<meta property=\"og:image:type\" content=\"image\/jpeg\" \/>\n<meta name=\"twitter:card\" content=\"summary_large_image\" \/>\n<meta name=\"twitter:label1\" content=\"Est. reading time\" \/>\n\t<meta name=\"twitter:data1\" content=\"1 minute\" \/>\n<script type=\"application\/ld+json\" class=\"yoast-schema-graph\">{\"@context\":\"https:\\\/\\\/schema.org\",\"@graph\":[{\"@type\":\"WebPage\",\"@id\":\"https:\\\/\\\/schubertstone.com\\\/shop\\\/naturstein\\\/kalkstein\\\/k-228-ah-verblender\\\/\",\"url\":\"https:\\\/\\\/schubertstone.com\\\/shop\\\/naturstein\\\/kalkstein\\\/k-228-ah-verblender\\\/\",\"name\":\"Kalkstein K 228 AH Verblender - SCHUBERT STONE - Naturstein, Feinsteinzeug, Parkett\",\"isPartOf\":{\"@id\":\"https:\\\/\\\/schubertstone.com\\\/#website\"},\"primaryImageOfPage\":{\"@id\":\"https:\\\/\\\/schubertstone.com\\\/shop\\\/naturstein\\\/kalkstein\\\/k-228-ah-verblender\\\/#primaryimage\"},\"image\":{\"@id\":\"https:\\\/\\\/schubertstone.com\\\/shop\\\/naturstein\\\/kalkstein\\\/k-228-ah-verblender\\\/#primaryimage\"},\"thumbnailUrl\":\"https:\\\/\\\/schubertstone.com\\\/wp-content\\\/uploads\\\/2026\\\/03\\\/Kalkstein-K-228-AH.jpg\",\"datePublished\":\"2026-03-23T15:37:46+00:00\",\"dateModified\":\"2026-04-13T14:47:27+00:00\",\"breadcrumb\":{\"@id\":\"https:\\\/\\\/schubertstone.com\\\/shop\\\/naturstein\\\/kalkstein\\\/k-228-ah-verblender\\\/#breadcrumb\"},\"inLanguage\":\"en-US\",\"potentialAction\":[{\"@type\":\"ReadAction\",\"target\":[\"https:\\\/\\\/schubertstone.com\\\/shop\\\/naturstein\\\/kalkstein\\\/k-228-ah-verblender\\\/\"]}]},{\"@type\":\"ImageObject\",\"inLanguage\":\"en-US\",\"@id\":\"https:\\\/\\\/schubertstone.com\\\/shop\\\/naturstein\\\/kalkstein\\\/k-228-ah-verblender\\\/#primaryimage\",\"url\":\"https:\\\/\\\/schubertstone.com\\\/wp-content\\\/uploads\\\/2026\\\/03\\\/Kalkstein-K-228-AH.jpg\",\"contentUrl\":\"https:\\\/\\\/schubertstone.com\\\/wp-content\\\/uploads\\\/2026\\\/03\\\/Kalkstein-K-228-AH.jpg\",\"width\":2048,\"height\":1024,\"caption\":\"Kalkstein K 228 AH, spaltrau, verschiedene Gr\u00f6\u00dfen, St\u00e4rke 3-5cm\"},{\"@type\":\"BreadcrumbList\",\"@id\":\"https:\\\/\\\/schubertstone.com\\\/shop\\\/naturstein\\\/kalkstein\\\/k-228-ah-verblender\\\/#breadcrumb\",\"itemListElement\":[{\"@type\":\"ListItem\",\"position\":1,\"name\":\"Home\",\"item\":\"https:\\\/\\\/schubertstone.com\\\/\"},{\"@type\":\"ListItem\",\"position\":2,\"name\":\"Shop\",\"item\":\"https:\\\/\\\/schubertstone.com\\\/shop\\\/\"},{\"@type\":\"ListItem\",\"position\":3,\"name\":\"Kalkstein K 228 AH Verblender\"}]},{\"@type\":\"WebSite\",\"@id\":\"https:\\\/\\\/schubertstone.com\\\/#website\",\"url\":\"https:\\\/\\\/schubertstone.com\\\/\",\"name\":\"SCHUBERT STONE - Naturstein, Feinsteinzeug, Parkett\",\"description\":\"Edle B\u00f6den &amp; Terrassen f\u00fcr Ihre exklusive Immobilie\",\"potentialAction\":[{\"@type\":\"SearchAction\",\"target\":{\"@type\":\"EntryPoint\",\"urlTemplate\":\"https:\\\/\\\/schubertstone.com\\\/?s={search_term_string}\"},\"query-input\":{\"@type\":\"PropertyValueSpecification\",\"valueRequired\":true,\"valueName\":\"search_term_string\"}}],\"inLanguage\":\"en-US\"}]}<\/script>\n<!-- \/ Yoast SEO Premium plugin. -->","yoast_head_json":{"title":"Limestone K 228 AH facing brick - SCHUBERT STONE - natural stone, porcelain stoneware, parquet","robots":{"index":"index","follow":"follow","max-snippet":"max-snippet:-1","max-image-preview":"max-image-preview:large","max-video-preview":"max-video-preview:-1"},"canonical":"https:\/\/schubertstone.com\/en\/store\/natural-stone\/limestone\/k-228-ah-verblender\/","og_locale":"en_US","og_type":"article","og_title":"Kalkstein K 228 AH Verblender","og_description":"Produktbeschreibung:  Der Kalkstein K 228 AH Verblender ist ein charakterstarker Naturstein mit ausdrucksstarken Grau-, Anthrazit- und erdigen Beiget\u00f6nen. Die markant gebrochene Oberfl\u00e4che und die unregelm\u00e4\u00dfigen Formate verleihen W\u00e4nden eine kraftvolle, architektonische Pr\u00e4senz mit nat\u00fcrlicher Tiefe.  Ob im Innenbereich als markante Akzentwand oder im Au\u00dfenbereich als robuste Fassadenl\u00f6sung \u2013 dieser Kalkstein verbindet Urspr\u00fcnglichkeit mit moderner \u00c4sthetik und schafft ein langlebiges, stilvolles Gesamtbild.     Erh\u00e4ltliche Gr\u00f6\u00dfen:   Unregelm\u00e4\u00dfige St\u00fccke mit 3-5 cm St\u00e4rke     &nbsp;","og_url":"https:\/\/schubertstone.com\/en\/store\/natural-stone\/limestone\/k-228-ah-verblender\/","og_site_name":"SCHUBERT STONE - Naturstein, Feinsteinzeug, Parkett","article_modified_time":"2026-04-13T14:47:27+00:00","og_image":[{"width":2048,"height":1024,"url":"https:\/\/schubertstone.com\/wp-content\/uploads\/2026\/03\/Kalkstein-K-228-AH.jpg","type":"image\/jpeg"}],"twitter_card":"summary_large_image","twitter_misc":{"Est. reading time":"1 minute"},"schema":{"@context":"https:\/\/schema.org","@graph":[{"@type":"WebPage","@id":"https:\/\/schubertstone.com\/shop\/naturstein\/kalkstein\/k-228-ah-verblender\/","url":"https:\/\/schubertstone.com\/shop\/naturstein\/kalkstein\/k-228-ah-verblender\/","name":"Limestone K 228 AH facing brick - SCHUBERT STONE - natural stone, porcelain stoneware, parquet","isPartOf":{"@id":"https:\/\/schubertstone.com\/#website"},"primaryImageOfPage":{"@id":"https:\/\/schubertstone.com\/shop\/naturstein\/kalkstein\/k-228-ah-verblender\/#primaryimage"},"image":{"@id":"https:\/\/schubertstone.com\/shop\/naturstein\/kalkstein\/k-228-ah-verblender\/#primaryimage"},"thumbnailUrl":"https:\/\/schubertstone.com\/wp-content\/uploads\/2026\/03\/Kalkstein-K-228-AH.jpg","datePublished":"2026-03-23T15:37:46+00:00","dateModified":"2026-04-13T14:47:27+00:00","breadcrumb":{"@id":"https:\/\/schubertstone.com\/shop\/naturstein\/kalkstein\/k-228-ah-verblender\/#breadcrumb"},"inLanguage":"en-US","potentialAction":[{"@type":"ReadAction","target":["https:\/\/schubertstone.com\/shop\/naturstein\/kalkstein\/k-228-ah-verblender\/"]}]},{"@type":"ImageObject","inLanguage":"en-US","@id":"https:\/\/schubertstone.com\/shop\/naturstein\/kalkstein\/k-228-ah-verblender\/#primaryimage","url":"https:\/\/schubertstone.com\/wp-content\/uploads\/2026\/03\/Kalkstein-K-228-AH.jpg","contentUrl":"https:\/\/schubertstone.com\/wp-content\/uploads\/2026\/03\/Kalkstein-K-228-AH.jpg","width":2048,"height":1024,"caption":"Kalkstein K 228 AH, spaltrau, verschiedene Gr\u00f6\u00dfen, St\u00e4rke 3-5cm"},{"@type":"BreadcrumbList","@id":"https:\/\/schubertstone.com\/shop\/naturstein\/kalkstein\/k-228-ah-verblender\/#breadcrumb","itemListElement":[{"@type":"ListItem","position":1,"name":"Home","item":"https:\/\/schubertstone.com\/"},{"@type":"ListItem","position":2,"name":"Shop","item":"https:\/\/schubertstone.com\/shop\/"},{"@type":"ListItem","position":3,"name":"Kalkstein K 228 AH Verblender"}]},{"@type":"WebSite","@id":"https:\/\/schubertstone.com\/#website","url":"https:\/\/schubertstone.com\/","name":"SCHUBERT STONE - Natural stone, porcelain stoneware, parquet","description":"Fine floors &amp; terraces for your exclusive property","potentialAction":[{"@type":"SearchAction","target":{"@type":"EntryPoint","urlTemplate":"https:\/\/schubertstone.com\/?s={search_term_string}"},"query-input":{"@type":"PropertyValueSpecification","valueRequired":true,"valueName":"search_term_string"}}],"inLanguage":"en-US"}]}},"_links":{"self":[{"href":"https:\/\/schubertstone.com\/en\/wp-json\/wp\/v2\/product\/36779","targetHints":{"allow":["GET"]}}],"collection":[{"href":"https:\/\/schubertstone.com\/en\/wp-json\/wp\/v2\/product"}],"about":[{"href":"https:\/\/schubertstone.com\/en\/wp-json\/wp\/v2\/types\/product"}],"version-history":[{"count":2,"href":"https:\/\/schubertstone.com\/en\/wp-json\/wp\/v2\/product\/36779\/revisions"}],"predecessor-version":[{"id":36964,"href":"https:\/\/schubertstone.com\/en\/wp-json\/wp\/v2\/product\/36779\/revisions\/36964"}],"wp:featuredmedia":[{"embeddable":true,"href":"https:\/\/schubertstone.com\/en\/wp-json\/wp\/v2\/media\/36782"}],"wp:attachment":[{"href":"https:\/\/schubertstone.com\/en\/wp-json\/wp\/v2\/media?parent=36779"}],"wp:term":[{"taxonomy":"product_brand","embeddable":true,"href":"https:\/\/schubertstone.com\/en\/wp-json\/wp\/v2\/product_brand?post=36779"},{"taxonomy":"product_cat","embeddable":true,"href":"https:\/\/schubertstone.com\/en\/wp-json\/wp\/v2\/product_cat?post=36779"},{"taxonomy":"product_tag","embeddable":true,"href":"https:\/\/schubertstone.com\/en\/wp-json\/wp\/v2\/product_tag?post=36779"}],"curies":[{"name":"wp","href":"https:\/\/api.w.org\/{rel}","templated":true}]}}