{"id":36790,"date":"2026-03-23T16:58:24","date_gmt":"2026-03-23T15:58:24","guid":{"rendered":"https:\/\/schubertstone.com\/?post_type=product&#038;p=36790"},"modified":"2026-03-23T17:10:51","modified_gmt":"2026-03-23T16:10:51","slug":"q-59-ah","status":"publish","type":"product","link":"https:\/\/schubertstone.com\/en\/shop\/naturstein\/quarzit\/q-59-ah\/","title":{"rendered":"Quartzite Q 59 AH"},"content":{"rendered":"<hr \/>\n<h3 style=\"font-weight: 400;\"><strong>Product features:<\/strong><\/h3>\n<ul>\n<li class=\"p1\">Gray and subtle beige tones<\/li>\n<li>Rough surface<\/li>\n<li class=\"p1\">Quiet, uniform appearance<\/li>\n<li>Ideal for heavily used exterior surfaces<\/li>\n<\/ul>\n<hr \/>\n<h3 style=\"font-weight: 400;\"><strong>Resilience:<\/strong><\/h3>\n<ul>\n<li>Frost and weather resistant<\/li>\n<li>Extremely robust and abrasion-resistant<\/li>\n<\/ul>\n<hr \/>\n<h3 style=\"font-weight: 400;\"><strong>Use:<\/strong><\/h3>\n<ul>\n<li class=\"p1\">Terraces and outdoor areas<\/li>\n<li class=\"p1\">Garden paths and entrances<\/li>\n<li class=\"p1\">Modern and minimalist architecture<\/li>\n<\/ul>\n<hr \/>\n<h3><strong>Care:<\/strong><\/h3>\n<ul>\n<li>Simple permanent impregnation<\/li>\n<li>Clean with stone soap in the mop water, also with K\u00e4rcher<\/li>\n<\/ul>\n<hr \/>\n<h3 style=\"font-weight: 400;\"><strong>Minimum order quantity:<\/strong><\/h3>\n<p>20 m2<\/p>\n<hr \/>\n<p>&nbsp;<\/p>","protected":false},"excerpt":{"rendered":"<hr \/>\n<h2>Product description:<\/h2>\n<p><\/p>\n<p class=\"p1\">The Q 59 AH quartzite is a high-quality <a href=\"https:\/\/schubertstone.com\/en\/natural-stone\/\">Natural stone<\/a> with a calm, uniform appearance in shades of gray and subtle beige. The fine, naturally textured surface gives the stone an elegant yet understated appearance that blends in perfectly with modern architecture.<\/p>\n<p class=\"p1\"><a href=\"https:\/\/schubertstone.com\/en\/quartzite\/\">Quartzite<\/a> is characterized by its high resistance and durability, making these patio slabs ideal for outdoor use. Whether for patios, paths or pool surrounds - this stone combines modern design with functional robustness.<\/p>\n<hr \/>\n<h3>Available sizes:<\/h3>\n<ul>\n<li>Free lengths x 40 x 1-3 cm<\/li>\n<\/ul>\n<hr \/>\n<p>&nbsp;<\/p>","protected":false},"featured_media":36791,"template":"","meta":[],"product_brand":[],"product_cat":[19,189,204],"product_tag":[145],"class_list":{"0":"post-36790","1":"product","2":"type-product","3":"status-publish","4":"has-post-thumbnail","6":"product_cat-naturstein","7":"product_cat-quarzit","8":"product_cat-terrassen-spaltrau","9":"product_tag-terrassenplatten","10":"pa_anwendung-terrassenplatten","11":"pa_eignung-aussen","12":"pa_form-rechtecke","13":"pa_material-quarzit","14":"pa_oberflaeche-spaltrauskantenbehauen","16":"first","17":"instock","18":"shipping-taxable","19":"product-type-simple"},"yoast_head":"<!-- This site is optimized with the Yoast SEO Premium plugin v27.3 (Yoast SEO v27.4) - https:\/\/yoast.com\/product\/yoast-seo-premium-wordpress\/ -->\n<title>Quarzit Q 59 AH - SCHUBERT STONE - Naturstein, Feinsteinzeug, Parkett<\/title>\n<meta name=\"robots\" content=\"index, follow, max-snippet:-1, max-image-preview:large, max-video-preview:-1\" \/>\n<link rel=\"canonical\" href=\"https:\/\/schubertstone.com\/en\/store\/natural-stone\/quartzite\/q-59-ah\/\" \/>\n<meta property=\"og:locale\" content=\"en_US\" \/>\n<meta property=\"og:type\" content=\"article\" \/>\n<meta property=\"og:title\" content=\"Quarzit Q 59 AH\" \/>\n<meta property=\"og:description\" content=\"Produktbeschreibung:  Der Quarzit Q 59 AH ist ein hochwertiger Naturstein mit einer ruhigen, gleichm\u00e4\u00dfigen Optik in Grau- und dezenten Beiget\u00f6nen. Die feine, nat\u00fcrlich strukturierte Oberfl\u00e4che verleiht dem Stein eine elegante und zugleich zur\u00fcckhaltende Ausstrahlung, die sich ideal in moderne Architektur einf\u00fcgt. Quarzit zeichnet sich durch seine hohe Widerstandsf\u00e4higkeit und Langlebigkeit aus, wodurch diese Terrassenplatten optimal f\u00fcr den Au\u00dfenbereich geeignet sind. Ob Terrasse, Wege oder Poolumrandung \u2013 dieser Stein verbindet modernes Design mit funktionaler Robustheit.     Erh\u00e4ltliche Gr\u00f6\u00dfen:   Freie L\u00e4ngen x 40 x 1-3 cm     &nbsp;\" \/>\n<meta property=\"og:url\" content=\"https:\/\/schubertstone.com\/en\/store\/natural-stone\/quartzite\/q-59-ah\/\" \/>\n<meta property=\"og:site_name\" content=\"SCHUBERT STONE - Naturstein, Feinsteinzeug, Parkett\" \/>\n<meta property=\"article:modified_time\" content=\"2026-03-23T16:10:51+00:00\" \/>\n<meta property=\"og:image\" content=\"https:\/\/schubertstone.com\/wp-content\/uploads\/2026\/03\/Quarzit-Q-59-AH.jpg\" \/>\n\t<meta property=\"og:image:width\" content=\"2048\" \/>\n\t<meta property=\"og:image:height\" content=\"1365\" \/>\n\t<meta property=\"og:image:type\" content=\"image\/jpeg\" \/>\n<meta name=\"twitter:card\" content=\"summary_large_image\" \/>\n<meta name=\"twitter:label1\" content=\"Est. reading time\" \/>\n\t<meta name=\"twitter:data1\" content=\"1 minute\" \/>\n<script type=\"application\/ld+json\" class=\"yoast-schema-graph\">{\"@context\":\"https:\\\/\\\/schema.org\",\"@graph\":[{\"@type\":\"WebPage\",\"@id\":\"https:\\\/\\\/schubertstone.com\\\/shop\\\/naturstein\\\/quarzit\\\/q-59-ah\\\/\",\"url\":\"https:\\\/\\\/schubertstone.com\\\/shop\\\/naturstein\\\/quarzit\\\/q-59-ah\\\/\",\"name\":\"Quarzit Q 59 AH - SCHUBERT STONE - Naturstein, Feinsteinzeug, Parkett\",\"isPartOf\":{\"@id\":\"https:\\\/\\\/schubertstone.com\\\/#website\"},\"primaryImageOfPage\":{\"@id\":\"https:\\\/\\\/schubertstone.com\\\/shop\\\/naturstein\\\/quarzit\\\/q-59-ah\\\/#primaryimage\"},\"image\":{\"@id\":\"https:\\\/\\\/schubertstone.com\\\/shop\\\/naturstein\\\/quarzit\\\/q-59-ah\\\/#primaryimage\"},\"thumbnailUrl\":\"https:\\\/\\\/schubertstone.com\\\/wp-content\\\/uploads\\\/2026\\\/03\\\/Quarzit-Q-59-AH.jpg\",\"datePublished\":\"2026-03-23T15:58:24+00:00\",\"dateModified\":\"2026-03-23T16:10:51+00:00\",\"breadcrumb\":{\"@id\":\"https:\\\/\\\/schubertstone.com\\\/shop\\\/naturstein\\\/quarzit\\\/q-59-ah\\\/#breadcrumb\"},\"inLanguage\":\"en-US\",\"potentialAction\":[{\"@type\":\"ReadAction\",\"target\":[\"https:\\\/\\\/schubertstone.com\\\/shop\\\/naturstein\\\/quarzit\\\/q-59-ah\\\/\"]}]},{\"@type\":\"ImageObject\",\"inLanguage\":\"en-US\",\"@id\":\"https:\\\/\\\/schubertstone.com\\\/shop\\\/naturstein\\\/quarzit\\\/q-59-ah\\\/#primaryimage\",\"url\":\"https:\\\/\\\/schubertstone.com\\\/wp-content\\\/uploads\\\/2026\\\/03\\\/Quarzit-Q-59-AH.jpg\",\"contentUrl\":\"https:\\\/\\\/schubertstone.com\\\/wp-content\\\/uploads\\\/2026\\\/03\\\/Quarzit-Q-59-AH.jpg\",\"width\":2048,\"height\":1365,\"caption\":\"Quarzit Q 59 AH, spaltrau, 40 x 1-3cm\"},{\"@type\":\"BreadcrumbList\",\"@id\":\"https:\\\/\\\/schubertstone.com\\\/shop\\\/naturstein\\\/quarzit\\\/q-59-ah\\\/#breadcrumb\",\"itemListElement\":[{\"@type\":\"ListItem\",\"position\":1,\"name\":\"Home\",\"item\":\"https:\\\/\\\/schubertstone.com\\\/\"},{\"@type\":\"ListItem\",\"position\":2,\"name\":\"Shop\",\"item\":\"https:\\\/\\\/schubertstone.com\\\/shop\\\/\"},{\"@type\":\"ListItem\",\"position\":3,\"name\":\"Quarzit Q 59 AH\"}]},{\"@type\":\"WebSite\",\"@id\":\"https:\\\/\\\/schubertstone.com\\\/#website\",\"url\":\"https:\\\/\\\/schubertstone.com\\\/\",\"name\":\"SCHUBERT STONE - Naturstein, Feinsteinzeug, Parkett\",\"description\":\"Edle B\u00f6den &amp; Terrassen f\u00fcr Ihre exklusive Immobilie\",\"potentialAction\":[{\"@type\":\"SearchAction\",\"target\":{\"@type\":\"EntryPoint\",\"urlTemplate\":\"https:\\\/\\\/schubertstone.com\\\/?s={search_term_string}\"},\"query-input\":{\"@type\":\"PropertyValueSpecification\",\"valueRequired\":true,\"valueName\":\"search_term_string\"}}],\"inLanguage\":\"en-US\"}]}<\/script>\n<!-- \/ Yoast SEO Premium plugin. -->","yoast_head_json":{"title":"Quartzite Q 59 AH - SCHUBERT STONE - Natural stone, porcelain stoneware, parquet","robots":{"index":"index","follow":"follow","max-snippet":"max-snippet:-1","max-image-preview":"max-image-preview:large","max-video-preview":"max-video-preview:-1"},"canonical":"https:\/\/schubertstone.com\/en\/store\/natural-stone\/quartzite\/q-59-ah\/","og_locale":"en_US","og_type":"article","og_title":"Quarzit Q 59 AH","og_description":"Produktbeschreibung:  Der Quarzit Q 59 AH ist ein hochwertiger Naturstein mit einer ruhigen, gleichm\u00e4\u00dfigen Optik in Grau- und dezenten Beiget\u00f6nen. Die feine, nat\u00fcrlich strukturierte Oberfl\u00e4che verleiht dem Stein eine elegante und zugleich zur\u00fcckhaltende Ausstrahlung, die sich ideal in moderne Architektur einf\u00fcgt. Quarzit zeichnet sich durch seine hohe Widerstandsf\u00e4higkeit und Langlebigkeit aus, wodurch diese Terrassenplatten optimal f\u00fcr den Au\u00dfenbereich geeignet sind. Ob Terrasse, Wege oder Poolumrandung \u2013 dieser Stein verbindet modernes Design mit funktionaler Robustheit.     Erh\u00e4ltliche Gr\u00f6\u00dfen:   Freie L\u00e4ngen x 40 x 1-3 cm     &nbsp;","og_url":"https:\/\/schubertstone.com\/en\/store\/natural-stone\/quartzite\/q-59-ah\/","og_site_name":"SCHUBERT STONE - Naturstein, Feinsteinzeug, Parkett","article_modified_time":"2026-03-23T16:10:51+00:00","og_image":[{"width":2048,"height":1365,"url":"https:\/\/schubertstone.com\/wp-content\/uploads\/2026\/03\/Quarzit-Q-59-AH.jpg","type":"image\/jpeg"}],"twitter_card":"summary_large_image","twitter_misc":{"Est. reading time":"1 minute"},"schema":{"@context":"https:\/\/schema.org","@graph":[{"@type":"WebPage","@id":"https:\/\/schubertstone.com\/shop\/naturstein\/quarzit\/q-59-ah\/","url":"https:\/\/schubertstone.com\/shop\/naturstein\/quarzit\/q-59-ah\/","name":"Quartzite Q 59 AH - SCHUBERT STONE - Natural stone, porcelain stoneware, parquet","isPartOf":{"@id":"https:\/\/schubertstone.com\/#website"},"primaryImageOfPage":{"@id":"https:\/\/schubertstone.com\/shop\/naturstein\/quarzit\/q-59-ah\/#primaryimage"},"image":{"@id":"https:\/\/schubertstone.com\/shop\/naturstein\/quarzit\/q-59-ah\/#primaryimage"},"thumbnailUrl":"https:\/\/schubertstone.com\/wp-content\/uploads\/2026\/03\/Quarzit-Q-59-AH.jpg","datePublished":"2026-03-23T15:58:24+00:00","dateModified":"2026-03-23T16:10:51+00:00","breadcrumb":{"@id":"https:\/\/schubertstone.com\/shop\/naturstein\/quarzit\/q-59-ah\/#breadcrumb"},"inLanguage":"en-US","potentialAction":[{"@type":"ReadAction","target":["https:\/\/schubertstone.com\/shop\/naturstein\/quarzit\/q-59-ah\/"]}]},{"@type":"ImageObject","inLanguage":"en-US","@id":"https:\/\/schubertstone.com\/shop\/naturstein\/quarzit\/q-59-ah\/#primaryimage","url":"https:\/\/schubertstone.com\/wp-content\/uploads\/2026\/03\/Quarzit-Q-59-AH.jpg","contentUrl":"https:\/\/schubertstone.com\/wp-content\/uploads\/2026\/03\/Quarzit-Q-59-AH.jpg","width":2048,"height":1365,"caption":"Quarzit Q 59 AH, spaltrau, 40 x 1-3cm"},{"@type":"BreadcrumbList","@id":"https:\/\/schubertstone.com\/shop\/naturstein\/quarzit\/q-59-ah\/#breadcrumb","itemListElement":[{"@type":"ListItem","position":1,"name":"Home","item":"https:\/\/schubertstone.com\/"},{"@type":"ListItem","position":2,"name":"Shop","item":"https:\/\/schubertstone.com\/shop\/"},{"@type":"ListItem","position":3,"name":"Quarzit Q 59 AH"}]},{"@type":"WebSite","@id":"https:\/\/schubertstone.com\/#website","url":"https:\/\/schubertstone.com\/","name":"SCHUBERT STONE - Natural stone, porcelain stoneware, parquet","description":"Fine floors &amp; terraces for your exclusive property","potentialAction":[{"@type":"SearchAction","target":{"@type":"EntryPoint","urlTemplate":"https:\/\/schubertstone.com\/?s={search_term_string}"},"query-input":{"@type":"PropertyValueSpecification","valueRequired":true,"valueName":"search_term_string"}}],"inLanguage":"en-US"}]}},"_links":{"self":[{"href":"https:\/\/schubertstone.com\/en\/wp-json\/wp\/v2\/product\/36790","targetHints":{"allow":["GET"]}}],"collection":[{"href":"https:\/\/schubertstone.com\/en\/wp-json\/wp\/v2\/product"}],"about":[{"href":"https:\/\/schubertstone.com\/en\/wp-json\/wp\/v2\/types\/product"}],"version-history":[{"count":1,"href":"https:\/\/schubertstone.com\/en\/wp-json\/wp\/v2\/product\/36790\/revisions"}],"predecessor-version":[{"id":36794,"href":"https:\/\/schubertstone.com\/en\/wp-json\/wp\/v2\/product\/36790\/revisions\/36794"}],"wp:featuredmedia":[{"embeddable":true,"href":"https:\/\/schubertstone.com\/en\/wp-json\/wp\/v2\/media\/36791"}],"wp:attachment":[{"href":"https:\/\/schubertstone.com\/en\/wp-json\/wp\/v2\/media?parent=36790"}],"wp:term":[{"taxonomy":"product_brand","embeddable":true,"href":"https:\/\/schubertstone.com\/en\/wp-json\/wp\/v2\/product_brand?post=36790"},{"taxonomy":"product_cat","embeddable":true,"href":"https:\/\/schubertstone.com\/en\/wp-json\/wp\/v2\/product_cat?post=36790"},{"taxonomy":"product_tag","embeddable":true,"href":"https:\/\/schubertstone.com\/en\/wp-json\/wp\/v2\/product_tag?post=36790"}],"curies":[{"name":"wp","href":"https:\/\/api.w.org\/{rel}","templated":true}]}}