{"id":36804,"date":"2026-03-23T17:24:16","date_gmt":"2026-03-23T16:24:16","guid":{"rendered":"https:\/\/schubertstone.com\/?post_type=product&#038;p=36804"},"modified":"2026-03-23T17:28:53","modified_gmt":"2026-03-23T16:28:53","slug":"gn-461-lm","status":"publish","type":"product","link":"https:\/\/schubertstone.com\/en\/shop\/naturstein\/gneis\/gn-461-lm\/","title":{"rendered":"Gneiss GN 461 LM"},"content":{"rendered":"<hr \/>\n<h3 style=\"font-weight: 400;\"><strong>Product features:<\/strong><\/h3>\n<ul>\n<li class=\"p1\">Shades of gray, blue and warm rust<\/li>\n<li>Rough surface<\/li>\n<li class=\"p1\">Unique layering and grain<\/li>\n<li>Ideal for heavily used exterior surfaces<\/li>\n<\/ul>\n<hr \/>\n<h3 style=\"font-weight: 400;\"><strong>Resilience:<\/strong><\/h3>\n<ul>\n<li>Frost and weather resistant<\/li>\n<li>Extremely robust and abrasion-resistant<\/li>\n<\/ul>\n<hr \/>\n<h3 style=\"font-weight: 400;\"><strong>Use:<\/strong><\/h3>\n<ul>\n<li>Terraces and outdoor areas<\/li>\n<li>Garden paths and entrance areas<\/li>\n<li class=\"p1\">Modern, rustic, and architecturally sophisticated projects<\/li>\n<\/ul>\n<hr \/>\n<h3><strong>Care:<\/strong><\/h3>\n<ul>\n<li>Simple permanent impregnation<\/li>\n<li>Clean with stone soap in the mop water, also with K\u00e4rcher<\/li>\n<\/ul>\n<hr \/>\n<h3 style=\"font-weight: 400;\"><strong>Minimum order quantity:<\/strong><\/h3>\n<p>20 m2<\/p>\n<hr \/>\n<p>&nbsp;<\/p>","protected":false},"excerpt":{"rendered":"<hr \/>\n<h2>Product description:<\/h2>\n<p><\/p>\n<p class=\"p1\">The GN 461 LM gneiss is a high-quality <a href=\"https:\/\/schubertstone.com\/en\/natural-stone\/\">Natural stone<\/a> with a striking, lively structure and an exciting interplay of gray, blue and warm rust tones. The characteristic layers and mineral inclusions give the stone a unique dynamic and make every surface a real eye-catcher.<\/p>\n<p class=\"p1\"><a href=\"https:\/\/schubertstone.com\/en\/gneiss\/\">Gneiss<\/a> is particularly hard-wearing and durable, making this stone ideal for outdoor use. It combines high functionality with exceptional, natural aesthetics.<\/p>\n<hr \/>\n<h3>Available sizes:<\/h3>\n<ul>\n<li>Free lengths x 40 x 2-4 cm<\/li>\n<\/ul>\n<hr \/>\n<p>&nbsp;<\/p>","protected":false},"featured_media":36805,"template":"","meta":[],"product_brand":[],"product_cat":[171,19,204],"product_tag":[145],"class_list":{"0":"post-36804","1":"product","2":"type-product","3":"status-publish","4":"has-post-thumbnail","6":"product_cat-gneis","7":"product_cat-naturstein","8":"product_cat-terrassen-spaltrau","9":"product_tag-terrassenplatten","10":"pa_anwendung-terrassenplatten","11":"pa_eignung-aussen","12":"pa_form-rechtecke","13":"pa_material-gneis","14":"pa_oberflaeche-spaltrauskantenbehauen","16":"first","17":"instock","18":"shipping-taxable","19":"product-type-simple"},"yoast_head":"<!-- This site is optimized with the Yoast SEO Premium plugin v27.3 (Yoast SEO v27.4) - https:\/\/yoast.com\/product\/yoast-seo-premium-wordpress\/ -->\n<title>Gneis GN 461 LM - SCHUBERT STONE - Naturstein, Feinsteinzeug, Parkett<\/title>\n<meta name=\"robots\" content=\"index, follow, max-snippet:-1, max-image-preview:large, max-video-preview:-1\" \/>\n<link rel=\"canonical\" href=\"https:\/\/schubertstone.com\/en\/store\/natural-stone\/gneiss\/gn-461-lm\/\" \/>\n<meta property=\"og:locale\" content=\"en_US\" \/>\n<meta property=\"og:type\" content=\"article\" \/>\n<meta property=\"og:title\" content=\"Gneis GN 461 LM\" \/>\n<meta property=\"og:description\" content=\"Produktbeschreibung:  Der Gneis GN 461 LM ist ein hochwertiger Naturstein mit markanter, lebendiger Struktur und einem spannenden Farbspiel aus Grau-, Blau- und warmen Rostt\u00f6nen. Die charakteristischen Schichtungen und mineralischen Einschl\u00fcsse verleihen dem Stein eine einzigartige Dynamik und machen jede Fl\u00e4che zu einem echten Blickfang. Gneis ist besonders widerstandsf\u00e4hig und langlebig, wodurch sich dieser Stein ideal f\u00fcr den Au\u00dfenbereich eignet. Er verbindet hohe Funktionalit\u00e4t mit einer au\u00dfergew\u00f6hnlichen, nat\u00fcrlichen \u00c4sthetik.     Erh\u00e4ltliche Gr\u00f6\u00dfen:   Freie L\u00e4ngen x 40 x 2-4 cm     &nbsp;\" \/>\n<meta property=\"og:url\" content=\"https:\/\/schubertstone.com\/en\/store\/natural-stone\/gneiss\/gn-461-lm\/\" \/>\n<meta property=\"og:site_name\" content=\"SCHUBERT STONE - Naturstein, Feinsteinzeug, Parkett\" \/>\n<meta property=\"article:modified_time\" content=\"2026-03-23T16:28:53+00:00\" \/>\n<meta property=\"og:image\" content=\"https:\/\/schubertstone.com\/wp-content\/uploads\/2026\/03\/Gneis-GN-461-LM.jpg\" \/>\n\t<meta property=\"og:image:width\" content=\"2048\" \/>\n\t<meta property=\"og:image:height\" content=\"1536\" \/>\n\t<meta property=\"og:image:type\" content=\"image\/jpeg\" \/>\n<meta name=\"twitter:card\" content=\"summary_large_image\" \/>\n<meta name=\"twitter:label1\" content=\"Est. reading time\" \/>\n\t<meta name=\"twitter:data1\" content=\"1 minute\" \/>\n<script type=\"application\/ld+json\" class=\"yoast-schema-graph\">{\"@context\":\"https:\\\/\\\/schema.org\",\"@graph\":[{\"@type\":\"WebPage\",\"@id\":\"https:\\\/\\\/schubertstone.com\\\/shop\\\/naturstein\\\/gneis\\\/gn-461-lm\\\/\",\"url\":\"https:\\\/\\\/schubertstone.com\\\/shop\\\/naturstein\\\/gneis\\\/gn-461-lm\\\/\",\"name\":\"Gneis GN 461 LM - SCHUBERT STONE - Naturstein, Feinsteinzeug, Parkett\",\"isPartOf\":{\"@id\":\"https:\\\/\\\/schubertstone.com\\\/#website\"},\"primaryImageOfPage\":{\"@id\":\"https:\\\/\\\/schubertstone.com\\\/shop\\\/naturstein\\\/gneis\\\/gn-461-lm\\\/#primaryimage\"},\"image\":{\"@id\":\"https:\\\/\\\/schubertstone.com\\\/shop\\\/naturstein\\\/gneis\\\/gn-461-lm\\\/#primaryimage\"},\"thumbnailUrl\":\"https:\\\/\\\/schubertstone.com\\\/wp-content\\\/uploads\\\/2026\\\/03\\\/Gneis-GN-461-LM.jpg\",\"datePublished\":\"2026-03-23T16:24:16+00:00\",\"dateModified\":\"2026-03-23T16:28:53+00:00\",\"breadcrumb\":{\"@id\":\"https:\\\/\\\/schubertstone.com\\\/shop\\\/naturstein\\\/gneis\\\/gn-461-lm\\\/#breadcrumb\"},\"inLanguage\":\"en-US\",\"potentialAction\":[{\"@type\":\"ReadAction\",\"target\":[\"https:\\\/\\\/schubertstone.com\\\/shop\\\/naturstein\\\/gneis\\\/gn-461-lm\\\/\"]}]},{\"@type\":\"ImageObject\",\"inLanguage\":\"en-US\",\"@id\":\"https:\\\/\\\/schubertstone.com\\\/shop\\\/naturstein\\\/gneis\\\/gn-461-lm\\\/#primaryimage\",\"url\":\"https:\\\/\\\/schubertstone.com\\\/wp-content\\\/uploads\\\/2026\\\/03\\\/Gneis-GN-461-LM.jpg\",\"contentUrl\":\"https:\\\/\\\/schubertstone.com\\\/wp-content\\\/uploads\\\/2026\\\/03\\\/Gneis-GN-461-LM.jpg\",\"width\":2048,\"height\":1536,\"caption\":\"Gneis GN 461 LM, spaltrau, 40 x 2-4 cm\"},{\"@type\":\"BreadcrumbList\",\"@id\":\"https:\\\/\\\/schubertstone.com\\\/shop\\\/naturstein\\\/gneis\\\/gn-461-lm\\\/#breadcrumb\",\"itemListElement\":[{\"@type\":\"ListItem\",\"position\":1,\"name\":\"Home\",\"item\":\"https:\\\/\\\/schubertstone.com\\\/\"},{\"@type\":\"ListItem\",\"position\":2,\"name\":\"Shop\",\"item\":\"https:\\\/\\\/schubertstone.com\\\/shop\\\/\"},{\"@type\":\"ListItem\",\"position\":3,\"name\":\"Gneis GN 461 LM\"}]},{\"@type\":\"WebSite\",\"@id\":\"https:\\\/\\\/schubertstone.com\\\/#website\",\"url\":\"https:\\\/\\\/schubertstone.com\\\/\",\"name\":\"SCHUBERT STONE - Naturstein, Feinsteinzeug, Parkett\",\"description\":\"Edle B\u00f6den &amp; Terrassen f\u00fcr Ihre exklusive Immobilie\",\"potentialAction\":[{\"@type\":\"SearchAction\",\"target\":{\"@type\":\"EntryPoint\",\"urlTemplate\":\"https:\\\/\\\/schubertstone.com\\\/?s={search_term_string}\"},\"query-input\":{\"@type\":\"PropertyValueSpecification\",\"valueRequired\":true,\"valueName\":\"search_term_string\"}}],\"inLanguage\":\"en-US\"}]}<\/script>\n<!-- \/ Yoast SEO Premium plugin. -->","yoast_head_json":{"title":"Gneiss GN 461 LM - SCHUBERT STONE - Natural stone, porcelain stoneware, parquet","robots":{"index":"index","follow":"follow","max-snippet":"max-snippet:-1","max-image-preview":"max-image-preview:large","max-video-preview":"max-video-preview:-1"},"canonical":"https:\/\/schubertstone.com\/en\/store\/natural-stone\/gneiss\/gn-461-lm\/","og_locale":"en_US","og_type":"article","og_title":"Gneis GN 461 LM","og_description":"Produktbeschreibung:  Der Gneis GN 461 LM ist ein hochwertiger Naturstein mit markanter, lebendiger Struktur und einem spannenden Farbspiel aus Grau-, Blau- und warmen Rostt\u00f6nen. Die charakteristischen Schichtungen und mineralischen Einschl\u00fcsse verleihen dem Stein eine einzigartige Dynamik und machen jede Fl\u00e4che zu einem echten Blickfang. Gneis ist besonders widerstandsf\u00e4hig und langlebig, wodurch sich dieser Stein ideal f\u00fcr den Au\u00dfenbereich eignet. Er verbindet hohe Funktionalit\u00e4t mit einer au\u00dfergew\u00f6hnlichen, nat\u00fcrlichen \u00c4sthetik.     Erh\u00e4ltliche Gr\u00f6\u00dfen:   Freie L\u00e4ngen x 40 x 2-4 cm     &nbsp;","og_url":"https:\/\/schubertstone.com\/en\/store\/natural-stone\/gneiss\/gn-461-lm\/","og_site_name":"SCHUBERT STONE - Naturstein, Feinsteinzeug, Parkett","article_modified_time":"2026-03-23T16:28:53+00:00","og_image":[{"width":2048,"height":1536,"url":"https:\/\/schubertstone.com\/wp-content\/uploads\/2026\/03\/Gneis-GN-461-LM.jpg","type":"image\/jpeg"}],"twitter_card":"summary_large_image","twitter_misc":{"Est. reading time":"1 minute"},"schema":{"@context":"https:\/\/schema.org","@graph":[{"@type":"WebPage","@id":"https:\/\/schubertstone.com\/shop\/naturstein\/gneis\/gn-461-lm\/","url":"https:\/\/schubertstone.com\/shop\/naturstein\/gneis\/gn-461-lm\/","name":"Gneiss GN 461 LM - SCHUBERT STONE - Natural stone, porcelain stoneware, parquet","isPartOf":{"@id":"https:\/\/schubertstone.com\/#website"},"primaryImageOfPage":{"@id":"https:\/\/schubertstone.com\/shop\/naturstein\/gneis\/gn-461-lm\/#primaryimage"},"image":{"@id":"https:\/\/schubertstone.com\/shop\/naturstein\/gneis\/gn-461-lm\/#primaryimage"},"thumbnailUrl":"https:\/\/schubertstone.com\/wp-content\/uploads\/2026\/03\/Gneis-GN-461-LM.jpg","datePublished":"2026-03-23T16:24:16+00:00","dateModified":"2026-03-23T16:28:53+00:00","breadcrumb":{"@id":"https:\/\/schubertstone.com\/shop\/naturstein\/gneis\/gn-461-lm\/#breadcrumb"},"inLanguage":"en-US","potentialAction":[{"@type":"ReadAction","target":["https:\/\/schubertstone.com\/shop\/naturstein\/gneis\/gn-461-lm\/"]}]},{"@type":"ImageObject","inLanguage":"en-US","@id":"https:\/\/schubertstone.com\/shop\/naturstein\/gneis\/gn-461-lm\/#primaryimage","url":"https:\/\/schubertstone.com\/wp-content\/uploads\/2026\/03\/Gneis-GN-461-LM.jpg","contentUrl":"https:\/\/schubertstone.com\/wp-content\/uploads\/2026\/03\/Gneis-GN-461-LM.jpg","width":2048,"height":1536,"caption":"Gneis GN 461 LM, spaltrau, 40 x 2-4 cm"},{"@type":"BreadcrumbList","@id":"https:\/\/schubertstone.com\/shop\/naturstein\/gneis\/gn-461-lm\/#breadcrumb","itemListElement":[{"@type":"ListItem","position":1,"name":"Home","item":"https:\/\/schubertstone.com\/"},{"@type":"ListItem","position":2,"name":"Shop","item":"https:\/\/schubertstone.com\/shop\/"},{"@type":"ListItem","position":3,"name":"Gneis GN 461 LM"}]},{"@type":"WebSite","@id":"https:\/\/schubertstone.com\/#website","url":"https:\/\/schubertstone.com\/","name":"SCHUBERT STONE - Natural stone, porcelain stoneware, parquet","description":"Fine floors &amp; terraces for your exclusive property","potentialAction":[{"@type":"SearchAction","target":{"@type":"EntryPoint","urlTemplate":"https:\/\/schubertstone.com\/?s={search_term_string}"},"query-input":{"@type":"PropertyValueSpecification","valueRequired":true,"valueName":"search_term_string"}}],"inLanguage":"en-US"}]}},"_links":{"self":[{"href":"https:\/\/schubertstone.com\/en\/wp-json\/wp\/v2\/product\/36804","targetHints":{"allow":["GET"]}}],"collection":[{"href":"https:\/\/schubertstone.com\/en\/wp-json\/wp\/v2\/product"}],"about":[{"href":"https:\/\/schubertstone.com\/en\/wp-json\/wp\/v2\/types\/product"}],"version-history":[{"count":1,"href":"https:\/\/schubertstone.com\/en\/wp-json\/wp\/v2\/product\/36804\/revisions"}],"predecessor-version":[{"id":36806,"href":"https:\/\/schubertstone.com\/en\/wp-json\/wp\/v2\/product\/36804\/revisions\/36806"}],"wp:featuredmedia":[{"embeddable":true,"href":"https:\/\/schubertstone.com\/en\/wp-json\/wp\/v2\/media\/36805"}],"wp:attachment":[{"href":"https:\/\/schubertstone.com\/en\/wp-json\/wp\/v2\/media?parent=36804"}],"wp:term":[{"taxonomy":"product_brand","embeddable":true,"href":"https:\/\/schubertstone.com\/en\/wp-json\/wp\/v2\/product_brand?post=36804"},{"taxonomy":"product_cat","embeddable":true,"href":"https:\/\/schubertstone.com\/en\/wp-json\/wp\/v2\/product_cat?post=36804"},{"taxonomy":"product_tag","embeddable":true,"href":"https:\/\/schubertstone.com\/en\/wp-json\/wp\/v2\/product_tag?post=36804"}],"curies":[{"name":"wp","href":"https:\/\/api.w.org\/{rel}","templated":true}]}}