{"id":36810,"date":"2026-03-23T17:41:58","date_gmt":"2026-03-23T16:41:58","guid":{"rendered":"https:\/\/schubertstone.com\/?post_type=product&#038;p=36810"},"modified":"2026-03-23T18:08:51","modified_gmt":"2026-03-23T17:08:51","slug":"k-753-gz","status":"publish","type":"product","link":"https:\/\/schubertstone.com\/en\/shop\/naturstein\/kalkstein\/k-753-gz\/","title":{"rendered":"Limestone K 753 GZ"},"content":{"rendered":"<hr \/>\n<h3 style=\"font-weight: 400;\"><strong>Properties:<\/strong><\/h3>\n<ul>\n<li class=\"p1\">Light beige and cream tones<\/li>\n<li class=\"p1\">Fine, even surface<\/li>\n<li class=\"p1\">Slip-resistant and weatherproof<\/li>\n<li class=\"p1\">Calm, elegant overall effect<\/li>\n<\/ul>\n<hr \/>\n<h3 style=\"font-weight: 400;\"><strong>Resilience:<\/strong><\/h3>\n<ul>\n<li>Frost and weather resistant<\/li>\n<\/ul>\n<hr \/>\n<h3 style=\"font-weight: 400;\"><strong>Care:<\/strong><\/h3>\n<ul>\n<li>Simple permanent impregnation protects against stains<\/li>\n<li>Simply clean with stone soap in the mop water<\/li>\n<\/ul>\n<hr \/>\n<h3 style=\"font-weight: 400;\"><strong>Use:<\/strong><\/h3>\n<ul>\n<li>Terraces and courtyards<\/li>\n<li>Pool surrounds<\/li>\n<li>Paths, entrance areas<\/li>\n<li class=\"p1\">Classic and Mediterranean architecture<\/li>\n<\/ul>\n<hr \/>\n<h3 style=\"font-weight: 400;\"><strong>Minimum order quantity:<\/strong><\/h3>\n<p>10 m2<\/p>\n<hr \/>\n<p>&nbsp;<\/p>","protected":false},"excerpt":{"rendered":"<hr \/>\n<h2>Product description:<\/h2>\n<p><\/p>\n<p>The limestone K 753 finely bush-hammered is a high-quality <a href=\"https:\/\/schubertstone.com\/en\/natural-stone\/\">Natural stone<\/a> with an elegant, warm color scheme in light beige and cream tones. The finely bush-hammered surface gives the stone a subtle, even texture and at the same time creates a particularly elegant, matt look.<\/p>\n<p>The fine-grained finish not only ensures a pleasant feel, but also increased slip resistance, which makes it easier to move around. <a href=\"https:\/\/schubertstone.com\/en\/natural-stone\/limestone\/\">Limestone<\/a> is ideal for outdoor areas. Whether for spacious terraces, patios or entrance areas - this stone stands for stylish durability and long-lasting quality.<\/p>\n<hr \/>\n<h3>Available sizes:<\/h3>\n<ul>\n<li>90 x 60 x 3 cm<\/li>\n<li>100 x 100 x 3 cm<\/li>\n<li>Steps 150 x 35 x 3 cm<\/li>\n<\/ul>\n<hr \/>\n<p>&nbsp;<\/p>","protected":false},"featured_media":36812,"template":"","meta":[],"product_brand":[],"product_cat":[169,19,200],"product_tag":[145],"class_list":{"0":"post-36810","1":"product","2":"type-product","3":"status-publish","4":"has-post-thumbnail","6":"product_cat-kalkstein","7":"product_cat-naturstein","8":"product_cat-terrassen-klassisch","9":"product_tag-terrassenplatten","10":"pa_eignung-aussen","11":"pa_form-rechtecke","12":"pa_form-roemischer-verband","13":"pa_material-kalkstein","14":"pa_oberflaeche-feinrau-sandg","16":"first","17":"instock","18":"shipping-taxable","19":"product-type-simple"},"yoast_head":"<!-- This site is optimized with the Yoast SEO Premium plugin v27.3 (Yoast SEO v27.4) - https:\/\/yoast.com\/product\/yoast-seo-premium-wordpress\/ -->\n<title>Kalkstein K 753 GZ - SCHUBERT STONE - Naturstein, Feinsteinzeug, Parkett<\/title>\n<meta name=\"robots\" content=\"index, follow, max-snippet:-1, max-image-preview:large, max-video-preview:-1\" \/>\n<link rel=\"canonical\" href=\"https:\/\/schubertstone.com\/en\/store\/natural-stone\/limestone\/k-753-gz\/\" \/>\n<meta property=\"og:locale\" content=\"en_US\" \/>\n<meta property=\"og:type\" content=\"article\" \/>\n<meta property=\"og:title\" content=\"Kalkstein K 753 GZ\" \/>\n<meta property=\"og:description\" content=\"Produktbeschreibung:  Der Kalkstein K 753 feingestockt ist ein hochwertiger Naturstein mit einer eleganten, warmen Farbgebung in hellen Beige- und Cremet\u00f6nen. Die feingestockte Oberfl\u00e4che verleiht dem Stein eine dezente, gleichm\u00e4\u00dfige Struktur und sorgt gleichzeitig f\u00fcr eine besonders edle, matte Optik.  Die feingestockte Bearbeitung sorgt nicht nur f\u00fcr eine angenehme Haptik, sondern auch f\u00fcr eine erh\u00f6hte Rutschhemmung, wodurch sich der Kalkstein ideal f\u00fcr den Au\u00dfenbereich eignet. Ob gro\u00dfz\u00fcgige Terrassen, Innenh\u00f6fe oder Eingangsbereiche \u2013 dieser Stein steht f\u00fcr stilvolle Best\u00e4ndigkeit und langlebige Qualit\u00e4t.    Erh\u00e4ltliche Gr\u00f6\u00dfen:   90 x 60 x 3 cm  100 x 100 x 3 cm  Stufen 150 x 35 x 3 cm     &nbsp;\" \/>\n<meta property=\"og:url\" content=\"https:\/\/schubertstone.com\/en\/store\/natural-stone\/limestone\/k-753-gz\/\" \/>\n<meta property=\"og:site_name\" content=\"SCHUBERT STONE - Naturstein, Feinsteinzeug, Parkett\" \/>\n<meta property=\"article:modified_time\" content=\"2026-03-23T17:08:51+00:00\" \/>\n<meta property=\"og:image\" content=\"https:\/\/schubertstone.com\/wp-content\/uploads\/2026\/03\/Kalkstein-K-753-feingestockt.jpg\" \/>\n\t<meta property=\"og:image:width\" content=\"2048\" \/>\n\t<meta property=\"og:image:height\" content=\"1365\" \/>\n\t<meta property=\"og:image:type\" content=\"image\/jpeg\" \/>\n<meta name=\"twitter:card\" content=\"summary_large_image\" \/>\n<meta name=\"twitter:label1\" content=\"Est. reading time\" \/>\n\t<meta name=\"twitter:data1\" content=\"1 minute\" \/>\n<script type=\"application\/ld+json\" class=\"yoast-schema-graph\">{\"@context\":\"https:\\\/\\\/schema.org\",\"@graph\":[{\"@type\":\"WebPage\",\"@id\":\"https:\\\/\\\/schubertstone.com\\\/shop\\\/naturstein\\\/kalkstein\\\/k-753-gz\\\/\",\"url\":\"https:\\\/\\\/schubertstone.com\\\/shop\\\/naturstein\\\/kalkstein\\\/k-753-gz\\\/\",\"name\":\"Kalkstein K 753 GZ - SCHUBERT STONE - Naturstein, Feinsteinzeug, Parkett\",\"isPartOf\":{\"@id\":\"https:\\\/\\\/schubertstone.com\\\/#website\"},\"primaryImageOfPage\":{\"@id\":\"https:\\\/\\\/schubertstone.com\\\/shop\\\/naturstein\\\/kalkstein\\\/k-753-gz\\\/#primaryimage\"},\"image\":{\"@id\":\"https:\\\/\\\/schubertstone.com\\\/shop\\\/naturstein\\\/kalkstein\\\/k-753-gz\\\/#primaryimage\"},\"thumbnailUrl\":\"https:\\\/\\\/schubertstone.com\\\/wp-content\\\/uploads\\\/2026\\\/03\\\/Kalkstein-K-753-feingestockt.jpg\",\"datePublished\":\"2026-03-23T16:41:58+00:00\",\"dateModified\":\"2026-03-23T17:08:51+00:00\",\"breadcrumb\":{\"@id\":\"https:\\\/\\\/schubertstone.com\\\/shop\\\/naturstein\\\/kalkstein\\\/k-753-gz\\\/#breadcrumb\"},\"inLanguage\":\"en-US\",\"potentialAction\":[{\"@type\":\"ReadAction\",\"target\":[\"https:\\\/\\\/schubertstone.com\\\/shop\\\/naturstein\\\/kalkstein\\\/k-753-gz\\\/\"]}]},{\"@type\":\"ImageObject\",\"inLanguage\":\"en-US\",\"@id\":\"https:\\\/\\\/schubertstone.com\\\/shop\\\/naturstein\\\/kalkstein\\\/k-753-gz\\\/#primaryimage\",\"url\":\"https:\\\/\\\/schubertstone.com\\\/wp-content\\\/uploads\\\/2026\\\/03\\\/Kalkstein-K-753-feingestockt.jpg\",\"contentUrl\":\"https:\\\/\\\/schubertstone.com\\\/wp-content\\\/uploads\\\/2026\\\/03\\\/Kalkstein-K-753-feingestockt.jpg\",\"width\":2048,\"height\":1365,\"caption\":\"Kalkstein Naturstein Terrassenplatten Beige\"},{\"@type\":\"BreadcrumbList\",\"@id\":\"https:\\\/\\\/schubertstone.com\\\/shop\\\/naturstein\\\/kalkstein\\\/k-753-gz\\\/#breadcrumb\",\"itemListElement\":[{\"@type\":\"ListItem\",\"position\":1,\"name\":\"Home\",\"item\":\"https:\\\/\\\/schubertstone.com\\\/\"},{\"@type\":\"ListItem\",\"position\":2,\"name\":\"Shop\",\"item\":\"https:\\\/\\\/schubertstone.com\\\/shop\\\/\"},{\"@type\":\"ListItem\",\"position\":3,\"name\":\"Kalkstein K 753 GZ\"}]},{\"@type\":\"WebSite\",\"@id\":\"https:\\\/\\\/schubertstone.com\\\/#website\",\"url\":\"https:\\\/\\\/schubertstone.com\\\/\",\"name\":\"SCHUBERT STONE - Naturstein, Feinsteinzeug, Parkett\",\"description\":\"Edle B\u00f6den &amp; Terrassen f\u00fcr Ihre exklusive Immobilie\",\"potentialAction\":[{\"@type\":\"SearchAction\",\"target\":{\"@type\":\"EntryPoint\",\"urlTemplate\":\"https:\\\/\\\/schubertstone.com\\\/?s={search_term_string}\"},\"query-input\":{\"@type\":\"PropertyValueSpecification\",\"valueRequired\":true,\"valueName\":\"search_term_string\"}}],\"inLanguage\":\"en-US\"}]}<\/script>\n<!-- \/ Yoast SEO Premium plugin. -->","yoast_head_json":{"title":"Limestone K 753 GZ - SCHUBERT STONE - Natural stone, porcelain stoneware, parquet","robots":{"index":"index","follow":"follow","max-snippet":"max-snippet:-1","max-image-preview":"max-image-preview:large","max-video-preview":"max-video-preview:-1"},"canonical":"https:\/\/schubertstone.com\/en\/store\/natural-stone\/limestone\/k-753-gz\/","og_locale":"en_US","og_type":"article","og_title":"Kalkstein K 753 GZ","og_description":"Produktbeschreibung:  Der Kalkstein K 753 feingestockt ist ein hochwertiger Naturstein mit einer eleganten, warmen Farbgebung in hellen Beige- und Cremet\u00f6nen. Die feingestockte Oberfl\u00e4che verleiht dem Stein eine dezente, gleichm\u00e4\u00dfige Struktur und sorgt gleichzeitig f\u00fcr eine besonders edle, matte Optik.  Die feingestockte Bearbeitung sorgt nicht nur f\u00fcr eine angenehme Haptik, sondern auch f\u00fcr eine erh\u00f6hte Rutschhemmung, wodurch sich der Kalkstein ideal f\u00fcr den Au\u00dfenbereich eignet. Ob gro\u00dfz\u00fcgige Terrassen, Innenh\u00f6fe oder Eingangsbereiche \u2013 dieser Stein steht f\u00fcr stilvolle Best\u00e4ndigkeit und langlebige Qualit\u00e4t.    Erh\u00e4ltliche Gr\u00f6\u00dfen:   90 x 60 x 3 cm  100 x 100 x 3 cm  Stufen 150 x 35 x 3 cm     &nbsp;","og_url":"https:\/\/schubertstone.com\/en\/store\/natural-stone\/limestone\/k-753-gz\/","og_site_name":"SCHUBERT STONE - Naturstein, Feinsteinzeug, Parkett","article_modified_time":"2026-03-23T17:08:51+00:00","og_image":[{"width":2048,"height":1365,"url":"https:\/\/schubertstone.com\/wp-content\/uploads\/2026\/03\/Kalkstein-K-753-feingestockt.jpg","type":"image\/jpeg"}],"twitter_card":"summary_large_image","twitter_misc":{"Est. reading time":"1 minute"},"schema":{"@context":"https:\/\/schema.org","@graph":[{"@type":"WebPage","@id":"https:\/\/schubertstone.com\/shop\/naturstein\/kalkstein\/k-753-gz\/","url":"https:\/\/schubertstone.com\/shop\/naturstein\/kalkstein\/k-753-gz\/","name":"Limestone K 753 GZ - SCHUBERT STONE - Natural stone, porcelain stoneware, parquet","isPartOf":{"@id":"https:\/\/schubertstone.com\/#website"},"primaryImageOfPage":{"@id":"https:\/\/schubertstone.com\/shop\/naturstein\/kalkstein\/k-753-gz\/#primaryimage"},"image":{"@id":"https:\/\/schubertstone.com\/shop\/naturstein\/kalkstein\/k-753-gz\/#primaryimage"},"thumbnailUrl":"https:\/\/schubertstone.com\/wp-content\/uploads\/2026\/03\/Kalkstein-K-753-feingestockt.jpg","datePublished":"2026-03-23T16:41:58+00:00","dateModified":"2026-03-23T17:08:51+00:00","breadcrumb":{"@id":"https:\/\/schubertstone.com\/shop\/naturstein\/kalkstein\/k-753-gz\/#breadcrumb"},"inLanguage":"en-US","potentialAction":[{"@type":"ReadAction","target":["https:\/\/schubertstone.com\/shop\/naturstein\/kalkstein\/k-753-gz\/"]}]},{"@type":"ImageObject","inLanguage":"en-US","@id":"https:\/\/schubertstone.com\/shop\/naturstein\/kalkstein\/k-753-gz\/#primaryimage","url":"https:\/\/schubertstone.com\/wp-content\/uploads\/2026\/03\/Kalkstein-K-753-feingestockt.jpg","contentUrl":"https:\/\/schubertstone.com\/wp-content\/uploads\/2026\/03\/Kalkstein-K-753-feingestockt.jpg","width":2048,"height":1365,"caption":"Kalkstein Naturstein Terrassenplatten Beige"},{"@type":"BreadcrumbList","@id":"https:\/\/schubertstone.com\/shop\/naturstein\/kalkstein\/k-753-gz\/#breadcrumb","itemListElement":[{"@type":"ListItem","position":1,"name":"Home","item":"https:\/\/schubertstone.com\/"},{"@type":"ListItem","position":2,"name":"Shop","item":"https:\/\/schubertstone.com\/shop\/"},{"@type":"ListItem","position":3,"name":"Kalkstein K 753 GZ"}]},{"@type":"WebSite","@id":"https:\/\/schubertstone.com\/#website","url":"https:\/\/schubertstone.com\/","name":"SCHUBERT STONE - Natural stone, porcelain stoneware, parquet","description":"Fine floors &amp; terraces for your exclusive property","potentialAction":[{"@type":"SearchAction","target":{"@type":"EntryPoint","urlTemplate":"https:\/\/schubertstone.com\/?s={search_term_string}"},"query-input":{"@type":"PropertyValueSpecification","valueRequired":true,"valueName":"search_term_string"}}],"inLanguage":"en-US"}]}},"_links":{"self":[{"href":"https:\/\/schubertstone.com\/en\/wp-json\/wp\/v2\/product\/36810","targetHints":{"allow":["GET"]}}],"collection":[{"href":"https:\/\/schubertstone.com\/en\/wp-json\/wp\/v2\/product"}],"about":[{"href":"https:\/\/schubertstone.com\/en\/wp-json\/wp\/v2\/types\/product"}],"version-history":[{"count":5,"href":"https:\/\/schubertstone.com\/en\/wp-json\/wp\/v2\/product\/36810\/revisions"}],"predecessor-version":[{"id":36824,"href":"https:\/\/schubertstone.com\/en\/wp-json\/wp\/v2\/product\/36810\/revisions\/36824"}],"wp:featuredmedia":[{"embeddable":true,"href":"https:\/\/schubertstone.com\/en\/wp-json\/wp\/v2\/media\/36812"}],"wp:attachment":[{"href":"https:\/\/schubertstone.com\/en\/wp-json\/wp\/v2\/media?parent=36810"}],"wp:term":[{"taxonomy":"product_brand","embeddable":true,"href":"https:\/\/schubertstone.com\/en\/wp-json\/wp\/v2\/product_brand?post=36810"},{"taxonomy":"product_cat","embeddable":true,"href":"https:\/\/schubertstone.com\/en\/wp-json\/wp\/v2\/product_cat?post=36810"},{"taxonomy":"product_tag","embeddable":true,"href":"https:\/\/schubertstone.com\/en\/wp-json\/wp\/v2\/product_tag?post=36810"}],"curies":[{"name":"wp","href":"https:\/\/api.w.org\/{rel}","templated":true}]}}