{"id":36825,"date":"2026-03-23T18:10:56","date_gmt":"2026-03-23T17:10:56","guid":{"rendered":"https:\/\/schubertstone.com\/?post_type=product&#038;p=36825"},"modified":"2026-04-13T15:44:43","modified_gmt":"2026-04-13T13:44:43","slug":"do-20-fo","status":"publish","type":"product","link":"https:\/\/schubertstone.com\/en\/shop\/naturstein\/dolomit\/do-20-fo\/","title":{"rendered":"Dolomite DO 20 FO"},"content":{"rendered":"<hr \/>\n<h3 style=\"font-weight: 400;\"><strong>Product features:<\/strong><\/h3>\n<ul>\n<li class=\"p1\">Warm gray and beige tones<\/li>\n<li>Woolen, brushed and brushed surface<\/li>\n<li>Hewn edge<\/li>\n<li>Ideal for rustic and Mediterranean design concepts<\/li>\n<\/ul>\n<hr \/>\n<h3 style=\"font-weight: 400;\"><strong>Resilience:<\/strong><\/h3>\n<ul>\n<li>Frost and weather resistant<\/li>\n<li>Surface anticipates traces of use<\/li>\n<\/ul>\n<hr \/>\n<h3 style=\"font-weight: 400;\"><strong>Use:<\/strong><\/h3>\n<ul>\n<li class=\"p1\">Terraces and outdoor areas<\/li>\n<li class=\"p1\">Inner courtyards and garden areas<\/li>\n<li class=\"p1\">Paths and entrance areas<\/li>\n<li class=\"p1\">Mediterranean and rustic architecture<\/li>\n<\/ul>\n<hr \/>\n<h3 style=\"font-weight: 400;\"><strong>Care:<\/strong><\/h3>\n<ul>\n<li>Clean with stone soap in the mop water, also with the K\u00e4rcher brush<\/li>\n<li>Impregnation recommended<\/li>\n<\/ul>\n<hr \/>\n<h3 style=\"font-weight: 400;\"><strong>Minimum order quantity:<\/strong><\/h3>\n<p>50 m2<\/p>\n<hr \/>\n<p>&nbsp;<\/p>","protected":false},"excerpt":{"rendered":"<hr \/>\n<h2>Product description:<\/h2>\n<p><\/p>\n<p>The Dolomit DO 20 FO is a high quality <a href=\"https:\/\/schubertstone.com\/en\/natural-stone\/\">Natural stone<\/a> with a characterful, lively surface and a natural color scheme in warm grey and beige tones. Typical for this <a href=\"https:\/\/schubertstone.com\/en\/natural-stone\/dolomite\/\">Dolomite<\/a> are the fine inclusions and subtle irregularities that give the stone an authentic, almost historical appearance.<\/p>\n<p>The surface has a deliberately natural and slightly rustic look, giving surfaces a special depth and individuality. Each stone is unique and contributes to the lively overall effect, which is reminiscent of traditional architecture and Mediterranean outdoor areas.<\/p>\n<hr \/>\n<h3>Available sizes:<\/h3>\n<ul>\n<li>Free lengths x 40 x 4 cm<\/li>\n<\/ul>\n<hr \/>\n<p>&nbsp;<\/p>","protected":false},"featured_media":36826,"template":"","meta":[],"product_brand":[],"product_cat":[170,19,201],"product_tag":[],"class_list":{"0":"post-36825","1":"product","2":"type-product","3":"status-publish","4":"has-post-thumbnail","6":"product_cat-dolomit","7":"product_cat-naturstein","8":"product_cat-terrassen-antik","9":"pa_anwendung-fassaden","10":"pa_eignung-aussen","11":"pa_form-rechtecke","12":"pa_material-dolomit","13":"pa_oberflaeche-antik","15":"first","16":"instock","17":"shipping-taxable","18":"product-type-simple"},"yoast_head":"<!-- This site is optimized with the Yoast SEO Premium plugin v27.3 (Yoast SEO v27.4) - https:\/\/yoast.com\/product\/yoast-seo-premium-wordpress\/ -->\n<title>Dolomit DO 20 FO - SCHUBERT STONE - Naturstein, Feinsteinzeug, Parkett<\/title>\n<meta name=\"robots\" content=\"index, follow, max-snippet:-1, max-image-preview:large, max-video-preview:-1\" \/>\n<link rel=\"canonical\" href=\"https:\/\/schubertstone.com\/en\/store\/natural-stone\/dolomite\/do-20-fo\/\" \/>\n<meta property=\"og:locale\" content=\"en_US\" \/>\n<meta property=\"og:type\" content=\"article\" \/>\n<meta property=\"og:title\" content=\"Dolomit DO 20 FO\" \/>\n<meta property=\"og:description\" content=\"Produktbeschreibung:  Der Dolomit DO 20 FO ist ein hochwertiger Naturstein mit charaktervoller, lebendiger Oberfl\u00e4che und einer nat\u00fcrlichen Farbgebung in warmen Grau- und Beiget\u00f6nen. Typisch f\u00fcr diesen Dolomit sind die feinen Einschl\u00fcsse und dezenten Unregelm\u00e4\u00dfigkeiten, die dem Stein eine authentische, fast historisch wirkende Ausstrahlung verleihen.  Die Oberfl\u00e4che wirkt bewusst nat\u00fcrlich und leicht rustikal, wodurch Fl\u00e4chen eine besondere Tiefe und Individualit\u00e4t erhalten. Jeder Stein ist ein Unikat und tr\u00e4gt zur lebendigen Gesamtwirkung bei, die an traditionelle Architektur und mediterrane Au\u00dfenbereiche erinnert.     Erh\u00e4ltliche Gr\u00f6\u00dfen:   Freie L\u00e4ngen x 40 x 4 cm     &nbsp;\" \/>\n<meta property=\"og:url\" content=\"https:\/\/schubertstone.com\/en\/store\/natural-stone\/dolomite\/do-20-fo\/\" \/>\n<meta property=\"og:site_name\" content=\"SCHUBERT STONE - Naturstein, Feinsteinzeug, Parkett\" \/>\n<meta property=\"article:modified_time\" content=\"2026-04-13T13:44:43+00:00\" \/>\n<meta property=\"og:image\" content=\"https:\/\/schubertstone.com\/wp-content\/uploads\/2026\/03\/Dolomit-DO-20-FO.jpg\" \/>\n\t<meta property=\"og:image:width\" content=\"2048\" \/>\n\t<meta property=\"og:image:height\" content=\"1365\" \/>\n\t<meta property=\"og:image:type\" content=\"image\/jpeg\" \/>\n<meta name=\"twitter:card\" content=\"summary_large_image\" \/>\n<meta name=\"twitter:label1\" content=\"Est. reading time\" \/>\n\t<meta name=\"twitter:data1\" content=\"1 minute\" \/>\n<script type=\"application\/ld+json\" class=\"yoast-schema-graph\">{\"@context\":\"https:\\\/\\\/schema.org\",\"@graph\":[{\"@type\":\"WebPage\",\"@id\":\"https:\\\/\\\/schubertstone.com\\\/shop\\\/naturstein\\\/dolomit\\\/do-20-fo\\\/\",\"url\":\"https:\\\/\\\/schubertstone.com\\\/shop\\\/naturstein\\\/dolomit\\\/do-20-fo\\\/\",\"name\":\"Dolomit DO 20 FO - SCHUBERT STONE - Naturstein, Feinsteinzeug, Parkett\",\"isPartOf\":{\"@id\":\"https:\\\/\\\/schubertstone.com\\\/#website\"},\"primaryImageOfPage\":{\"@id\":\"https:\\\/\\\/schubertstone.com\\\/shop\\\/naturstein\\\/dolomit\\\/do-20-fo\\\/#primaryimage\"},\"image\":{\"@id\":\"https:\\\/\\\/schubertstone.com\\\/shop\\\/naturstein\\\/dolomit\\\/do-20-fo\\\/#primaryimage\"},\"thumbnailUrl\":\"https:\\\/\\\/schubertstone.com\\\/wp-content\\\/uploads\\\/2026\\\/03\\\/Dolomit-DO-20-FO.jpg\",\"datePublished\":\"2026-03-23T17:10:56+00:00\",\"dateModified\":\"2026-04-13T13:44:43+00:00\",\"breadcrumb\":{\"@id\":\"https:\\\/\\\/schubertstone.com\\\/shop\\\/naturstein\\\/dolomit\\\/do-20-fo\\\/#breadcrumb\"},\"inLanguage\":\"en-US\",\"potentialAction\":[{\"@type\":\"ReadAction\",\"target\":[\"https:\\\/\\\/schubertstone.com\\\/shop\\\/naturstein\\\/dolomit\\\/do-20-fo\\\/\"]}]},{\"@type\":\"ImageObject\",\"inLanguage\":\"en-US\",\"@id\":\"https:\\\/\\\/schubertstone.com\\\/shop\\\/naturstein\\\/dolomit\\\/do-20-fo\\\/#primaryimage\",\"url\":\"https:\\\/\\\/schubertstone.com\\\/wp-content\\\/uploads\\\/2026\\\/03\\\/Dolomit-DO-20-FO.jpg\",\"contentUrl\":\"https:\\\/\\\/schubertstone.com\\\/wp-content\\\/uploads\\\/2026\\\/03\\\/Dolomit-DO-20-FO.jpg\",\"width\":2048,\"height\":1365,\"caption\":\"Dolomit DO 20 gewolkt FO, gorbgestockt + geb\u00fcrstet, Kante behauen, Bahnen 40x4cm\"},{\"@type\":\"BreadcrumbList\",\"@id\":\"https:\\\/\\\/schubertstone.com\\\/shop\\\/naturstein\\\/dolomit\\\/do-20-fo\\\/#breadcrumb\",\"itemListElement\":[{\"@type\":\"ListItem\",\"position\":1,\"name\":\"Home\",\"item\":\"https:\\\/\\\/schubertstone.com\\\/\"},{\"@type\":\"ListItem\",\"position\":2,\"name\":\"Shop\",\"item\":\"https:\\\/\\\/schubertstone.com\\\/shop\\\/\"},{\"@type\":\"ListItem\",\"position\":3,\"name\":\"Dolomit DO 20 FO\"}]},{\"@type\":\"WebSite\",\"@id\":\"https:\\\/\\\/schubertstone.com\\\/#website\",\"url\":\"https:\\\/\\\/schubertstone.com\\\/\",\"name\":\"SCHUBERT STONE - Naturstein, Feinsteinzeug, Parkett\",\"description\":\"Edle B\u00f6den &amp; Terrassen f\u00fcr Ihre exklusive Immobilie\",\"potentialAction\":[{\"@type\":\"SearchAction\",\"target\":{\"@type\":\"EntryPoint\",\"urlTemplate\":\"https:\\\/\\\/schubertstone.com\\\/?s={search_term_string}\"},\"query-input\":{\"@type\":\"PropertyValueSpecification\",\"valueRequired\":true,\"valueName\":\"search_term_string\"}}],\"inLanguage\":\"en-US\"}]}<\/script>\n<!-- \/ Yoast SEO Premium plugin. -->","yoast_head_json":{"title":"Dolomit DO 20 FO - SCHUBERT STONE - Natural stone, porcelain stoneware, parquet","robots":{"index":"index","follow":"follow","max-snippet":"max-snippet:-1","max-image-preview":"max-image-preview:large","max-video-preview":"max-video-preview:-1"},"canonical":"https:\/\/schubertstone.com\/en\/store\/natural-stone\/dolomite\/do-20-fo\/","og_locale":"en_US","og_type":"article","og_title":"Dolomit DO 20 FO","og_description":"Produktbeschreibung:  Der Dolomit DO 20 FO ist ein hochwertiger Naturstein mit charaktervoller, lebendiger Oberfl\u00e4che und einer nat\u00fcrlichen Farbgebung in warmen Grau- und Beiget\u00f6nen. Typisch f\u00fcr diesen Dolomit sind die feinen Einschl\u00fcsse und dezenten Unregelm\u00e4\u00dfigkeiten, die dem Stein eine authentische, fast historisch wirkende Ausstrahlung verleihen.  Die Oberfl\u00e4che wirkt bewusst nat\u00fcrlich und leicht rustikal, wodurch Fl\u00e4chen eine besondere Tiefe und Individualit\u00e4t erhalten. Jeder Stein ist ein Unikat und tr\u00e4gt zur lebendigen Gesamtwirkung bei, die an traditionelle Architektur und mediterrane Au\u00dfenbereiche erinnert.     Erh\u00e4ltliche Gr\u00f6\u00dfen:   Freie L\u00e4ngen x 40 x 4 cm     &nbsp;","og_url":"https:\/\/schubertstone.com\/en\/store\/natural-stone\/dolomite\/do-20-fo\/","og_site_name":"SCHUBERT STONE - Naturstein, Feinsteinzeug, Parkett","article_modified_time":"2026-04-13T13:44:43+00:00","og_image":[{"width":2048,"height":1365,"url":"https:\/\/schubertstone.com\/wp-content\/uploads\/2026\/03\/Dolomit-DO-20-FO.jpg","type":"image\/jpeg"}],"twitter_card":"summary_large_image","twitter_misc":{"Est. reading time":"1 minute"},"schema":{"@context":"https:\/\/schema.org","@graph":[{"@type":"WebPage","@id":"https:\/\/schubertstone.com\/shop\/naturstein\/dolomit\/do-20-fo\/","url":"https:\/\/schubertstone.com\/shop\/naturstein\/dolomit\/do-20-fo\/","name":"Dolomit DO 20 FO - SCHUBERT STONE - Natural stone, porcelain stoneware, parquet","isPartOf":{"@id":"https:\/\/schubertstone.com\/#website"},"primaryImageOfPage":{"@id":"https:\/\/schubertstone.com\/shop\/naturstein\/dolomit\/do-20-fo\/#primaryimage"},"image":{"@id":"https:\/\/schubertstone.com\/shop\/naturstein\/dolomit\/do-20-fo\/#primaryimage"},"thumbnailUrl":"https:\/\/schubertstone.com\/wp-content\/uploads\/2026\/03\/Dolomit-DO-20-FO.jpg","datePublished":"2026-03-23T17:10:56+00:00","dateModified":"2026-04-13T13:44:43+00:00","breadcrumb":{"@id":"https:\/\/schubertstone.com\/shop\/naturstein\/dolomit\/do-20-fo\/#breadcrumb"},"inLanguage":"en-US","potentialAction":[{"@type":"ReadAction","target":["https:\/\/schubertstone.com\/shop\/naturstein\/dolomit\/do-20-fo\/"]}]},{"@type":"ImageObject","inLanguage":"en-US","@id":"https:\/\/schubertstone.com\/shop\/naturstein\/dolomit\/do-20-fo\/#primaryimage","url":"https:\/\/schubertstone.com\/wp-content\/uploads\/2026\/03\/Dolomit-DO-20-FO.jpg","contentUrl":"https:\/\/schubertstone.com\/wp-content\/uploads\/2026\/03\/Dolomit-DO-20-FO.jpg","width":2048,"height":1365,"caption":"Dolomit DO 20 gewolkt FO, gorbgestockt + geb\u00fcrstet, Kante behauen, Bahnen 40x4cm"},{"@type":"BreadcrumbList","@id":"https:\/\/schubertstone.com\/shop\/naturstein\/dolomit\/do-20-fo\/#breadcrumb","itemListElement":[{"@type":"ListItem","position":1,"name":"Home","item":"https:\/\/schubertstone.com\/"},{"@type":"ListItem","position":2,"name":"Shop","item":"https:\/\/schubertstone.com\/shop\/"},{"@type":"ListItem","position":3,"name":"Dolomit DO 20 FO"}]},{"@type":"WebSite","@id":"https:\/\/schubertstone.com\/#website","url":"https:\/\/schubertstone.com\/","name":"SCHUBERT STONE - Natural stone, porcelain stoneware, parquet","description":"Fine floors &amp; terraces for your exclusive property","potentialAction":[{"@type":"SearchAction","target":{"@type":"EntryPoint","urlTemplate":"https:\/\/schubertstone.com\/?s={search_term_string}"},"query-input":{"@type":"PropertyValueSpecification","valueRequired":true,"valueName":"search_term_string"}}],"inLanguage":"en-US"}]}},"_links":{"self":[{"href":"https:\/\/schubertstone.com\/en\/wp-json\/wp\/v2\/product\/36825","targetHints":{"allow":["GET"]}}],"collection":[{"href":"https:\/\/schubertstone.com\/en\/wp-json\/wp\/v2\/product"}],"about":[{"href":"https:\/\/schubertstone.com\/en\/wp-json\/wp\/v2\/types\/product"}],"version-history":[{"count":3,"href":"https:\/\/schubertstone.com\/en\/wp-json\/wp\/v2\/product\/36825\/revisions"}],"predecessor-version":[{"id":36940,"href":"https:\/\/schubertstone.com\/en\/wp-json\/wp\/v2\/product\/36825\/revisions\/36940"}],"wp:featuredmedia":[{"embeddable":true,"href":"https:\/\/schubertstone.com\/en\/wp-json\/wp\/v2\/media\/36826"}],"wp:attachment":[{"href":"https:\/\/schubertstone.com\/en\/wp-json\/wp\/v2\/media?parent=36825"}],"wp:term":[{"taxonomy":"product_brand","embeddable":true,"href":"https:\/\/schubertstone.com\/en\/wp-json\/wp\/v2\/product_brand?post=36825"},{"taxonomy":"product_cat","embeddable":true,"href":"https:\/\/schubertstone.com\/en\/wp-json\/wp\/v2\/product_cat?post=36825"},{"taxonomy":"product_tag","embeddable":true,"href":"https:\/\/schubertstone.com\/en\/wp-json\/wp\/v2\/product_tag?post=36825"}],"curies":[{"name":"wp","href":"https:\/\/api.w.org\/{rel}","templated":true}]}}