{"id":36840,"date":"2026-03-25T10:32:33","date_gmt":"2026-03-25T09:32:33","guid":{"rendered":"https:\/\/schubertstone.com\/?post_type=product&#038;p=36840"},"modified":"2026-04-13T16:11:43","modified_gmt":"2026-04-13T14:11:43","slug":"paving-q-59-ah","status":"publish","type":"product","link":"https:\/\/schubertstone.com\/en\/shop\/naturstein\/quarzit\/pflaster-q-59-ah\/","title":{"rendered":"Quartzite paving Q 59 AH"},"content":{"rendered":"<hr \/>\n<h3 style=\"font-weight: 400;\"><strong>Properties:<\/strong><\/h3>\n<ul>\n<li class=\"p1\">Gray and slightly bluish tones<\/li>\n<li>Rough surface<\/li>\n<li>Hewn edges<\/li>\n<li class=\"p1\">Living association with different formats<\/li>\n<\/ul>\n<hr \/>\n<h3 style=\"font-weight: 400;\"><strong>Resilience:<\/strong><\/h3>\n<ul>\n<li>Resistant to frost, de-icing salt and weathering<\/li>\n<li>Also for hard-wearing public areas<\/li>\n<\/ul>\n<hr \/>\n<h3 style=\"font-weight: 400;\"><strong>Use:<\/strong><\/h3>\n<ul>\n<li class=\"p1\">Terraces and outdoor areas<\/li>\n<li class=\"p1\">Garden paths and entrances<\/li>\n<li class=\"p1\">Courtyards and driveways<\/li>\n<li class=\"p1\">Modern and urban architecture<\/li>\n<\/ul>\n<hr \/>\n<h3 style=\"font-weight: 400;\"><strong>Care:<\/strong><\/h3>\n<ul>\n<li>Clean with stone soap in the mop water, also with the K\u00e4rcher jet<\/li>\n<\/ul>\n<hr \/>\n<h3 style=\"font-weight: 400;\"><strong>Minimum order quantity:<\/strong><\/h3>\n<p>20 m2<\/p>\n<hr \/>\n<p>&nbsp;<\/p>","protected":false},"excerpt":{"rendered":"<hr \/>\n<h2>Product description:<\/h2>\n<p><\/p>\n<p>The Q 59 AH quartzite is a high-quality <a href=\"https:\/\/schubertstone.com\/en\/natural-stone\/\">Natural stone<\/a> with a calm, modern color scheme in grey and slightly bluish nuances. The combination of different formats creates a lively laying pattern in a wild pattern that lends surfaces a special dynamism and architectural depth.<\/p>\n<p>The natural surface of the <a href=\"https:\/\/schubertstone.com\/en\/quartzite\/\">Quartzite<\/a> provides a subtle structure and emphasizes the authentic character of the material. At the same time, the overall appearance is clear and orderly, making the stone ideal for modern outdoor concepts.<\/p>\n<hr \/>\n<h3>Available sizes:<\/h3>\n<ul>\n<li>Diverse kleinere Rechtecke in 4-5 cm St\u00e4rke, Kanten handges\u00e4gt<\/li>\n<\/ul>\n<hr \/>\n<p>&nbsp;<\/p>","protected":false},"featured_media":36841,"template":"","meta":[],"product_brand":[],"product_cat":[19,216,189],"product_tag":[],"class_list":{"0":"post-36840","1":"product","2":"type-product","3":"status-publish","4":"has-post-thumbnail","6":"product_cat-naturstein","7":"product_cat-pflastersteine","8":"product_cat-quarzit","9":"pa_anwendung-pflastersteine","10":"pa_eignung-aussen","11":"pa_form-rechtecke","12":"pa_material-quarzit","13":"pa_oberflaeche-spaltrauskantenbehauen","15":"first","16":"instock","17":"shipping-taxable","18":"product-type-simple"},"yoast_head":"<!-- This site is optimized with the Yoast SEO Premium plugin v27.3 (Yoast SEO v27.4) - https:\/\/yoast.com\/product\/yoast-seo-premium-wordpress\/ -->\n<title>Quarzitpflaster Q 59 AH - SCHUBERT STONE - Naturstein, Feinsteinzeug, Parkett<\/title>\n<meta name=\"robots\" content=\"index, follow, max-snippet:-1, max-image-preview:large, max-video-preview:-1\" \/>\n<link rel=\"canonical\" href=\"https:\/\/schubertstone.com\/en\/store\/natural-stone\/quartzite\/paving-q-59-ah\/\" \/>\n<meta property=\"og:locale\" content=\"en_US\" \/>\n<meta property=\"og:type\" content=\"article\" \/>\n<meta property=\"og:title\" content=\"Quarzitpflaster Q 59 AH\" \/>\n<meta property=\"og:description\" content=\"Produktbeschreibung:  Der Quarzit Q 59 AH ist ein hochwertiger Naturstein mit einer ruhigen, modernen Farbgebung in Grau- und leicht bl\u00e4ulichen Nuancen. Durch die Kombination unterschiedlicher Formate entsteht ein lebendiges Verlegebild im wilden Verband, das Fl\u00e4chen eine besondere Dynamik und architektonische Tiefe verleiht.  Die nat\u00fcrliche Oberfl\u00e4che des Quarzits sorgt f\u00fcr eine dezente Struktur und unterstreicht den authentischen Charakter des Materials. Gleichzeitig wirkt das Gesamtbild klar und geordnet, wodurch sich der Stein ideal f\u00fcr moderne Au\u00dfenkonzepte eignet.    Erh\u00e4ltliche Gr\u00f6\u00dfen:   Diverse kleinere Rechtecke in 4-5 cm St\u00e4rke, Kanten handges\u00e4gt     &nbsp;\" \/>\n<meta property=\"og:url\" content=\"https:\/\/schubertstone.com\/en\/store\/natural-stone\/quartzite\/paving-q-59-ah\/\" \/>\n<meta property=\"og:site_name\" content=\"SCHUBERT STONE - Naturstein, Feinsteinzeug, Parkett\" \/>\n<meta property=\"article:modified_time\" content=\"2026-04-13T14:11:43+00:00\" \/>\n<meta property=\"og:image\" content=\"https:\/\/schubertstone.com\/wp-content\/uploads\/2026\/03\/Quarzit-Q-59-AH-2.jpg\" \/>\n\t<meta property=\"og:image:width\" content=\"2048\" \/>\n\t<meta property=\"og:image:height\" content=\"1365\" \/>\n\t<meta property=\"og:image:type\" content=\"image\/jpeg\" \/>\n<meta name=\"twitter:card\" content=\"summary_large_image\" \/>\n<meta name=\"twitter:label1\" content=\"Est. reading time\" \/>\n\t<meta name=\"twitter:data1\" content=\"1 minute\" \/>\n<script type=\"application\/ld+json\" class=\"yoast-schema-graph\">{\"@context\":\"https:\\\/\\\/schema.org\",\"@graph\":[{\"@type\":\"WebPage\",\"@id\":\"https:\\\/\\\/schubertstone.com\\\/shop\\\/naturstein\\\/quarzit\\\/pflaster-q-59-ah\\\/\",\"url\":\"https:\\\/\\\/schubertstone.com\\\/shop\\\/naturstein\\\/quarzit\\\/pflaster-q-59-ah\\\/\",\"name\":\"Quarzitpflaster Q 59 AH - SCHUBERT STONE - Naturstein, Feinsteinzeug, Parkett\",\"isPartOf\":{\"@id\":\"https:\\\/\\\/schubertstone.com\\\/#website\"},\"primaryImageOfPage\":{\"@id\":\"https:\\\/\\\/schubertstone.com\\\/shop\\\/naturstein\\\/quarzit\\\/pflaster-q-59-ah\\\/#primaryimage\"},\"image\":{\"@id\":\"https:\\\/\\\/schubertstone.com\\\/shop\\\/naturstein\\\/quarzit\\\/pflaster-q-59-ah\\\/#primaryimage\"},\"thumbnailUrl\":\"https:\\\/\\\/schubertstone.com\\\/wp-content\\\/uploads\\\/2026\\\/03\\\/Quarzit-Q-59-AH-2.jpg\",\"datePublished\":\"2026-03-25T09:32:33+00:00\",\"dateModified\":\"2026-04-13T14:11:43+00:00\",\"breadcrumb\":{\"@id\":\"https:\\\/\\\/schubertstone.com\\\/shop\\\/naturstein\\\/quarzit\\\/pflaster-q-59-ah\\\/#breadcrumb\"},\"inLanguage\":\"en-US\",\"potentialAction\":[{\"@type\":\"ReadAction\",\"target\":[\"https:\\\/\\\/schubertstone.com\\\/shop\\\/naturstein\\\/quarzit\\\/pflaster-q-59-ah\\\/\"]}]},{\"@type\":\"ImageObject\",\"inLanguage\":\"en-US\",\"@id\":\"https:\\\/\\\/schubertstone.com\\\/shop\\\/naturstein\\\/quarzit\\\/pflaster-q-59-ah\\\/#primaryimage\",\"url\":\"https:\\\/\\\/schubertstone.com\\\/wp-content\\\/uploads\\\/2026\\\/03\\\/Quarzit-Q-59-AH-2.jpg\",\"contentUrl\":\"https:\\\/\\\/schubertstone.com\\\/wp-content\\\/uploads\\\/2026\\\/03\\\/Quarzit-Q-59-AH-2.jpg\",\"width\":2048,\"height\":1365,\"caption\":\"Quarzit Q 59 AH, spaltrau, Kante behauen, 4-5cm St\u00e4rke, diverse kleinere Rechtecke\"},{\"@type\":\"BreadcrumbList\",\"@id\":\"https:\\\/\\\/schubertstone.com\\\/shop\\\/naturstein\\\/quarzit\\\/pflaster-q-59-ah\\\/#breadcrumb\",\"itemListElement\":[{\"@type\":\"ListItem\",\"position\":1,\"name\":\"Home\",\"item\":\"https:\\\/\\\/schubertstone.com\\\/\"},{\"@type\":\"ListItem\",\"position\":2,\"name\":\"Shop\",\"item\":\"https:\\\/\\\/schubertstone.com\\\/shop\\\/\"},{\"@type\":\"ListItem\",\"position\":3,\"name\":\"Quarzitpflaster Q 59 AH\"}]},{\"@type\":\"WebSite\",\"@id\":\"https:\\\/\\\/schubertstone.com\\\/#website\",\"url\":\"https:\\\/\\\/schubertstone.com\\\/\",\"name\":\"SCHUBERT STONE - Naturstein, Feinsteinzeug, Parkett\",\"description\":\"Edle B\u00f6den &amp; Terrassen f\u00fcr Ihre exklusive Immobilie\",\"potentialAction\":[{\"@type\":\"SearchAction\",\"target\":{\"@type\":\"EntryPoint\",\"urlTemplate\":\"https:\\\/\\\/schubertstone.com\\\/?s={search_term_string}\"},\"query-input\":{\"@type\":\"PropertyValueSpecification\",\"valueRequired\":true,\"valueName\":\"search_term_string\"}}],\"inLanguage\":\"en-US\"}]}<\/script>\n<!-- \/ Yoast SEO Premium plugin. -->","yoast_head_json":{"title":"Quartzite paving Q 59 AH - SCHUBERT STONE - natural stone, porcelain stoneware, parquet","robots":{"index":"index","follow":"follow","max-snippet":"max-snippet:-1","max-image-preview":"max-image-preview:large","max-video-preview":"max-video-preview:-1"},"canonical":"https:\/\/schubertstone.com\/en\/store\/natural-stone\/quartzite\/paving-q-59-ah\/","og_locale":"en_US","og_type":"article","og_title":"Quarzitpflaster Q 59 AH","og_description":"Produktbeschreibung:  Der Quarzit Q 59 AH ist ein hochwertiger Naturstein mit einer ruhigen, modernen Farbgebung in Grau- und leicht bl\u00e4ulichen Nuancen. Durch die Kombination unterschiedlicher Formate entsteht ein lebendiges Verlegebild im wilden Verband, das Fl\u00e4chen eine besondere Dynamik und architektonische Tiefe verleiht.  Die nat\u00fcrliche Oberfl\u00e4che des Quarzits sorgt f\u00fcr eine dezente Struktur und unterstreicht den authentischen Charakter des Materials. Gleichzeitig wirkt das Gesamtbild klar und geordnet, wodurch sich der Stein ideal f\u00fcr moderne Au\u00dfenkonzepte eignet.    Erh\u00e4ltliche Gr\u00f6\u00dfen:   Diverse kleinere Rechtecke in 4-5 cm St\u00e4rke, Kanten handges\u00e4gt     &nbsp;","og_url":"https:\/\/schubertstone.com\/en\/store\/natural-stone\/quartzite\/paving-q-59-ah\/","og_site_name":"SCHUBERT STONE - Naturstein, Feinsteinzeug, Parkett","article_modified_time":"2026-04-13T14:11:43+00:00","og_image":[{"width":2048,"height":1365,"url":"https:\/\/schubertstone.com\/wp-content\/uploads\/2026\/03\/Quarzit-Q-59-AH-2.jpg","type":"image\/jpeg"}],"twitter_card":"summary_large_image","twitter_misc":{"Est. reading time":"1 minute"},"schema":{"@context":"https:\/\/schema.org","@graph":[{"@type":"WebPage","@id":"https:\/\/schubertstone.com\/shop\/naturstein\/quarzit\/pflaster-q-59-ah\/","url":"https:\/\/schubertstone.com\/shop\/naturstein\/quarzit\/pflaster-q-59-ah\/","name":"Quartzite paving Q 59 AH - SCHUBERT STONE - natural stone, porcelain stoneware, parquet","isPartOf":{"@id":"https:\/\/schubertstone.com\/#website"},"primaryImageOfPage":{"@id":"https:\/\/schubertstone.com\/shop\/naturstein\/quarzit\/pflaster-q-59-ah\/#primaryimage"},"image":{"@id":"https:\/\/schubertstone.com\/shop\/naturstein\/quarzit\/pflaster-q-59-ah\/#primaryimage"},"thumbnailUrl":"https:\/\/schubertstone.com\/wp-content\/uploads\/2026\/03\/Quarzit-Q-59-AH-2.jpg","datePublished":"2026-03-25T09:32:33+00:00","dateModified":"2026-04-13T14:11:43+00:00","breadcrumb":{"@id":"https:\/\/schubertstone.com\/shop\/naturstein\/quarzit\/pflaster-q-59-ah\/#breadcrumb"},"inLanguage":"en-US","potentialAction":[{"@type":"ReadAction","target":["https:\/\/schubertstone.com\/shop\/naturstein\/quarzit\/pflaster-q-59-ah\/"]}]},{"@type":"ImageObject","inLanguage":"en-US","@id":"https:\/\/schubertstone.com\/shop\/naturstein\/quarzit\/pflaster-q-59-ah\/#primaryimage","url":"https:\/\/schubertstone.com\/wp-content\/uploads\/2026\/03\/Quarzit-Q-59-AH-2.jpg","contentUrl":"https:\/\/schubertstone.com\/wp-content\/uploads\/2026\/03\/Quarzit-Q-59-AH-2.jpg","width":2048,"height":1365,"caption":"Quarzit Q 59 AH, spaltrau, Kante behauen, 4-5cm St\u00e4rke, diverse kleinere Rechtecke"},{"@type":"BreadcrumbList","@id":"https:\/\/schubertstone.com\/shop\/naturstein\/quarzit\/pflaster-q-59-ah\/#breadcrumb","itemListElement":[{"@type":"ListItem","position":1,"name":"Home","item":"https:\/\/schubertstone.com\/"},{"@type":"ListItem","position":2,"name":"Shop","item":"https:\/\/schubertstone.com\/shop\/"},{"@type":"ListItem","position":3,"name":"Quarzitpflaster Q 59 AH"}]},{"@type":"WebSite","@id":"https:\/\/schubertstone.com\/#website","url":"https:\/\/schubertstone.com\/","name":"SCHUBERT STONE - Natural stone, porcelain stoneware, parquet","description":"Fine floors &amp; terraces for your exclusive property","potentialAction":[{"@type":"SearchAction","target":{"@type":"EntryPoint","urlTemplate":"https:\/\/schubertstone.com\/?s={search_term_string}"},"query-input":{"@type":"PropertyValueSpecification","valueRequired":true,"valueName":"search_term_string"}}],"inLanguage":"en-US"}]}},"_links":{"self":[{"href":"https:\/\/schubertstone.com\/en\/wp-json\/wp\/v2\/product\/36840","targetHints":{"allow":["GET"]}}],"collection":[{"href":"https:\/\/schubertstone.com\/en\/wp-json\/wp\/v2\/product"}],"about":[{"href":"https:\/\/schubertstone.com\/en\/wp-json\/wp\/v2\/types\/product"}],"version-history":[{"count":4,"href":"https:\/\/schubertstone.com\/en\/wp-json\/wp\/v2\/product\/36840\/revisions"}],"predecessor-version":[{"id":36945,"href":"https:\/\/schubertstone.com\/en\/wp-json\/wp\/v2\/product\/36840\/revisions\/36945"}],"wp:featuredmedia":[{"embeddable":true,"href":"https:\/\/schubertstone.com\/en\/wp-json\/wp\/v2\/media\/36841"}],"wp:attachment":[{"href":"https:\/\/schubertstone.com\/en\/wp-json\/wp\/v2\/media?parent=36840"}],"wp:term":[{"taxonomy":"product_brand","embeddable":true,"href":"https:\/\/schubertstone.com\/en\/wp-json\/wp\/v2\/product_brand?post=36840"},{"taxonomy":"product_cat","embeddable":true,"href":"https:\/\/schubertstone.com\/en\/wp-json\/wp\/v2\/product_cat?post=36840"},{"taxonomy":"product_tag","embeddable":true,"href":"https:\/\/schubertstone.com\/en\/wp-json\/wp\/v2\/product_tag?post=36840"}],"curies":[{"name":"wp","href":"https:\/\/api.w.org\/{rel}","templated":true}]}}