{"id":36859,"date":"2026-03-25T18:13:00","date_gmt":"2026-03-25T17:13:00","guid":{"rendered":"https:\/\/schubertstone.com\/?post_type=product&#038;p=36859"},"modified":"2026-03-26T11:01:15","modified_gmt":"2026-03-26T10:01:15","slug":"g-38","status":"publish","type":"product","link":"https:\/\/schubertstone.com\/en\/shop\/naturstein\/granit\/g-38\/","title":{"rendered":"Granite paving G 38"},"content":{"rendered":"<hr \/>\n<h3 style=\"font-weight: 400;\"><strong>Product features:<\/strong><\/h3>\n<ul>\n<li class=\"p1\">Gray to nuanced natural tones<\/li>\n<li>Surface sawn and sandblasted<\/li>\n<li>Timelessly elegant look with a natural appearance<\/li>\n<li>Background optics for high-quality architecture<\/li>\n<\/ul>\n<hr \/>\n<h3 style=\"font-weight: 400;\"><strong>Resilience:<\/strong><\/h3>\n<ul>\n<li>Resistant to frost, de-icing salt and weathering<\/li>\n<li>Also for hard-wearing public areas<\/li>\n<\/ul>\n<hr \/>\n<h3 style=\"font-weight: 400;\"><strong>Use:<\/strong><\/h3>\n<ul>\n<li class=\"p1\">Paths<\/li>\n<li class=\"p1\">Driveways<\/li>\n<li class=\"p1\">Courtyards<\/li>\n<li class=\"p1\">Carports<\/li>\n<\/ul>\n<hr \/>\n<h3 style=\"font-weight: 400;\"><strong>Care:<\/strong><\/h3>\n<ul>\n<li>Clean with stone soap in the mop water, also with the K\u00e4rcher jet<\/li>\n<\/ul>\n<hr \/>\n<h3 style=\"font-weight: 400;\"><strong>Minimum order quantity:<\/strong><\/h3>\n<p>10 m2<\/p>\n<hr \/>\n<p>&nbsp;<\/p>","protected":false},"excerpt":{"rendered":"<hr \/>\n<h2>Product description:<\/h2>\n<p><\/p>\n<p>Granite G 38 is a particularly hard-wearing material. <a href=\"https:\/\/schubertstone.com\/en\/natural-stone\/\">Natural stone<\/a> with a classic, timeless look. The harmonious gray and ochre tones lend surfaces a calm, elegant effect and fit seamlessly into a wide variety of architectural concepts.<\/p>\n<p>Thanks to the traditional installation in segmental arches (peacock tail pattern), this <a href=\"https:\/\/schubertstone.com\/en\/natural-stone\/granite\/\">Granite<\/a> for a lively, handcrafted laying pattern and brings structure and dynamism to the surface. This creates a high-quality overall appearance with a lasting character.<\/p>\n<hr \/>\n<h3><strong>Available sizes:<\/strong><\/h3>\n<ul>\n<li>8-10 x 8-10 x 8-10 cm<\/li>\n<\/ul>\n<hr \/>\n<p>&nbsp;<\/p>","protected":false},"featured_media":36860,"template":"","meta":[],"product_brand":[],"product_cat":[187,19,216],"product_tag":[],"class_list":{"0":"post-36859","1":"product","2":"type-product","3":"status-publish","4":"has-post-thumbnail","6":"product_cat-granit","7":"product_cat-naturstein","8":"product_cat-pflastersteine","9":"pa_anwendung-pflastersteine","10":"pa_eignung-aussen","11":"pa_form-quadrate","12":"pa_material-granit","13":"pa_oberflaeche-feinrau-sandg","15":"first","16":"instock","17":"shipping-taxable","18":"product-type-simple"},"yoast_head":"<!-- This site is optimized with the Yoast SEO Premium plugin v27.3 (Yoast SEO v27.4) - https:\/\/yoast.com\/product\/yoast-seo-premium-wordpress\/ -->\n<title>Granitpflaster G 38 - SCHUBERT STONE - Naturstein, Feinsteinzeug, Parkett<\/title>\n<meta name=\"robots\" content=\"index, follow, max-snippet:-1, max-image-preview:large, max-video-preview:-1\" \/>\n<link rel=\"canonical\" href=\"https:\/\/schubertstone.com\/en\/store\/natural-stone\/granite\/g-38\/\" \/>\n<meta property=\"og:locale\" content=\"en_US\" \/>\n<meta property=\"og:type\" content=\"article\" \/>\n<meta property=\"og:title\" content=\"Granitpflaster G 38\" \/>\n<meta property=\"og:description\" content=\"Produktbeschreibung:  Der Granit G 38 ist ein besonders widerstandsf\u00e4higer Naturstein mit klassischer, zeitloser Ausstrahlung. Die harmonischen Grau- und Ockert\u00f6ne verleihen Fl\u00e4chen eine ruhige, elegante Wirkung und f\u00fcgen sich nahtlos in unterschiedlichste Architekturkonzepte ein.  Durch die traditionelle Verlegung in Segmentb\u00f6gen (Pfauenschwanz-Muster) sorgt dieser Granit f\u00fcr ein lebendiges, handwerklich gepr\u00e4gtes Verlegebild und bringt Struktur sowie Dynamik in die Fl\u00e4che. Dadurch entsteht ein hochwertiges Gesamtbild mit dauerhaftem Charakter.    Erh\u00e4ltliche Gr\u00f6\u00dfen:   8-10 x 8-10 x 8-10 cm     &nbsp;\" \/>\n<meta property=\"og:url\" content=\"https:\/\/schubertstone.com\/en\/store\/natural-stone\/granite\/g-38\/\" \/>\n<meta property=\"og:site_name\" content=\"SCHUBERT STONE - Naturstein, Feinsteinzeug, Parkett\" \/>\n<meta property=\"article:modified_time\" content=\"2026-03-26T10:01:15+00:00\" \/>\n<meta property=\"og:image\" content=\"https:\/\/schubertstone.com\/wp-content\/uploads\/2026\/03\/Untitled-11.jpg\" \/>\n\t<meta property=\"og:image:width\" content=\"2048\" \/>\n\t<meta property=\"og:image:height\" content=\"1536\" \/>\n\t<meta property=\"og:image:type\" content=\"image\/jpeg\" \/>\n<meta name=\"twitter:card\" content=\"summary_large_image\" \/>\n<meta name=\"twitter:label1\" content=\"Est. reading time\" \/>\n\t<meta name=\"twitter:data1\" content=\"1 minute\" \/>\n<script type=\"application\/ld+json\" class=\"yoast-schema-graph\">{\"@context\":\"https:\\\/\\\/schema.org\",\"@graph\":[{\"@type\":\"WebPage\",\"@id\":\"https:\\\/\\\/schubertstone.com\\\/shop\\\/naturstein\\\/granit\\\/g-38\\\/\",\"url\":\"https:\\\/\\\/schubertstone.com\\\/shop\\\/naturstein\\\/granit\\\/g-38\\\/\",\"name\":\"Granitpflaster G 38 - SCHUBERT STONE - Naturstein, Feinsteinzeug, Parkett\",\"isPartOf\":{\"@id\":\"https:\\\/\\\/schubertstone.com\\\/#website\"},\"primaryImageOfPage\":{\"@id\":\"https:\\\/\\\/schubertstone.com\\\/shop\\\/naturstein\\\/granit\\\/g-38\\\/#primaryimage\"},\"image\":{\"@id\":\"https:\\\/\\\/schubertstone.com\\\/shop\\\/naturstein\\\/granit\\\/g-38\\\/#primaryimage\"},\"thumbnailUrl\":\"https:\\\/\\\/schubertstone.com\\\/wp-content\\\/uploads\\\/2026\\\/03\\\/Untitled-11.jpg\",\"datePublished\":\"2026-03-25T17:13:00+00:00\",\"dateModified\":\"2026-03-26T10:01:15+00:00\",\"breadcrumb\":{\"@id\":\"https:\\\/\\\/schubertstone.com\\\/shop\\\/naturstein\\\/granit\\\/g-38\\\/#breadcrumb\"},\"inLanguage\":\"en-US\",\"potentialAction\":[{\"@type\":\"ReadAction\",\"target\":[\"https:\\\/\\\/schubertstone.com\\\/shop\\\/naturstein\\\/granit\\\/g-38\\\/\"]}]},{\"@type\":\"ImageObject\",\"inLanguage\":\"en-US\",\"@id\":\"https:\\\/\\\/schubertstone.com\\\/shop\\\/naturstein\\\/granit\\\/g-38\\\/#primaryimage\",\"url\":\"https:\\\/\\\/schubertstone.com\\\/wp-content\\\/uploads\\\/2026\\\/03\\\/Untitled-11.jpg\",\"contentUrl\":\"https:\\\/\\\/schubertstone.com\\\/wp-content\\\/uploads\\\/2026\\\/03\\\/Untitled-11.jpg\",\"width\":2048,\"height\":1536,\"caption\":\"Granit G 38 grau-schattiert mit 5% Ocker, ges\u00e4gt und sandgestrahlt, 8-10 x 8-10 x 8-10cm\"},{\"@type\":\"BreadcrumbList\",\"@id\":\"https:\\\/\\\/schubertstone.com\\\/shop\\\/naturstein\\\/granit\\\/g-38\\\/#breadcrumb\",\"itemListElement\":[{\"@type\":\"ListItem\",\"position\":1,\"name\":\"Home\",\"item\":\"https:\\\/\\\/schubertstone.com\\\/\"},{\"@type\":\"ListItem\",\"position\":2,\"name\":\"Shop\",\"item\":\"https:\\\/\\\/schubertstone.com\\\/shop\\\/\"},{\"@type\":\"ListItem\",\"position\":3,\"name\":\"Granitpflaster G 38\"}]},{\"@type\":\"WebSite\",\"@id\":\"https:\\\/\\\/schubertstone.com\\\/#website\",\"url\":\"https:\\\/\\\/schubertstone.com\\\/\",\"name\":\"SCHUBERT STONE - Naturstein, Feinsteinzeug, Parkett\",\"description\":\"Edle B\u00f6den &amp; Terrassen f\u00fcr Ihre exklusive Immobilie\",\"potentialAction\":[{\"@type\":\"SearchAction\",\"target\":{\"@type\":\"EntryPoint\",\"urlTemplate\":\"https:\\\/\\\/schubertstone.com\\\/?s={search_term_string}\"},\"query-input\":{\"@type\":\"PropertyValueSpecification\",\"valueRequired\":true,\"valueName\":\"search_term_string\"}}],\"inLanguage\":\"en-US\"}]}<\/script>\n<!-- \/ Yoast SEO Premium plugin. -->","yoast_head_json":{"title":"Granite paving G 38 - SCHUBERT STONE - natural stone, porcelain stoneware, parquet","robots":{"index":"index","follow":"follow","max-snippet":"max-snippet:-1","max-image-preview":"max-image-preview:large","max-video-preview":"max-video-preview:-1"},"canonical":"https:\/\/schubertstone.com\/en\/store\/natural-stone\/granite\/g-38\/","og_locale":"en_US","og_type":"article","og_title":"Granitpflaster G 38","og_description":"Produktbeschreibung:  Der Granit G 38 ist ein besonders widerstandsf\u00e4higer Naturstein mit klassischer, zeitloser Ausstrahlung. Die harmonischen Grau- und Ockert\u00f6ne verleihen Fl\u00e4chen eine ruhige, elegante Wirkung und f\u00fcgen sich nahtlos in unterschiedlichste Architekturkonzepte ein.  Durch die traditionelle Verlegung in Segmentb\u00f6gen (Pfauenschwanz-Muster) sorgt dieser Granit f\u00fcr ein lebendiges, handwerklich gepr\u00e4gtes Verlegebild und bringt Struktur sowie Dynamik in die Fl\u00e4che. Dadurch entsteht ein hochwertiges Gesamtbild mit dauerhaftem Charakter.    Erh\u00e4ltliche Gr\u00f6\u00dfen:   8-10 x 8-10 x 8-10 cm     &nbsp;","og_url":"https:\/\/schubertstone.com\/en\/store\/natural-stone\/granite\/g-38\/","og_site_name":"SCHUBERT STONE - Naturstein, Feinsteinzeug, Parkett","article_modified_time":"2026-03-26T10:01:15+00:00","og_image":[{"width":2048,"height":1536,"url":"https:\/\/schubertstone.com\/wp-content\/uploads\/2026\/03\/Untitled-11.jpg","type":"image\/jpeg"}],"twitter_card":"summary_large_image","twitter_misc":{"Est. reading time":"1 minute"},"schema":{"@context":"https:\/\/schema.org","@graph":[{"@type":"WebPage","@id":"https:\/\/schubertstone.com\/shop\/naturstein\/granit\/g-38\/","url":"https:\/\/schubertstone.com\/shop\/naturstein\/granit\/g-38\/","name":"Granite paving G 38 - SCHUBERT STONE - natural stone, porcelain stoneware, parquet","isPartOf":{"@id":"https:\/\/schubertstone.com\/#website"},"primaryImageOfPage":{"@id":"https:\/\/schubertstone.com\/shop\/naturstein\/granit\/g-38\/#primaryimage"},"image":{"@id":"https:\/\/schubertstone.com\/shop\/naturstein\/granit\/g-38\/#primaryimage"},"thumbnailUrl":"https:\/\/schubertstone.com\/wp-content\/uploads\/2026\/03\/Untitled-11.jpg","datePublished":"2026-03-25T17:13:00+00:00","dateModified":"2026-03-26T10:01:15+00:00","breadcrumb":{"@id":"https:\/\/schubertstone.com\/shop\/naturstein\/granit\/g-38\/#breadcrumb"},"inLanguage":"en-US","potentialAction":[{"@type":"ReadAction","target":["https:\/\/schubertstone.com\/shop\/naturstein\/granit\/g-38\/"]}]},{"@type":"ImageObject","inLanguage":"en-US","@id":"https:\/\/schubertstone.com\/shop\/naturstein\/granit\/g-38\/#primaryimage","url":"https:\/\/schubertstone.com\/wp-content\/uploads\/2026\/03\/Untitled-11.jpg","contentUrl":"https:\/\/schubertstone.com\/wp-content\/uploads\/2026\/03\/Untitled-11.jpg","width":2048,"height":1536,"caption":"Granit G 38 grau-schattiert mit 5% Ocker, ges\u00e4gt und sandgestrahlt, 8-10 x 8-10 x 8-10cm"},{"@type":"BreadcrumbList","@id":"https:\/\/schubertstone.com\/shop\/naturstein\/granit\/g-38\/#breadcrumb","itemListElement":[{"@type":"ListItem","position":1,"name":"Home","item":"https:\/\/schubertstone.com\/"},{"@type":"ListItem","position":2,"name":"Shop","item":"https:\/\/schubertstone.com\/shop\/"},{"@type":"ListItem","position":3,"name":"Granitpflaster G 38"}]},{"@type":"WebSite","@id":"https:\/\/schubertstone.com\/#website","url":"https:\/\/schubertstone.com\/","name":"SCHUBERT STONE - Natural stone, porcelain stoneware, parquet","description":"Fine floors &amp; terraces for your exclusive property","potentialAction":[{"@type":"SearchAction","target":{"@type":"EntryPoint","urlTemplate":"https:\/\/schubertstone.com\/?s={search_term_string}"},"query-input":{"@type":"PropertyValueSpecification","valueRequired":true,"valueName":"search_term_string"}}],"inLanguage":"en-US"}]}},"_links":{"self":[{"href":"https:\/\/schubertstone.com\/en\/wp-json\/wp\/v2\/product\/36859","targetHints":{"allow":["GET"]}}],"collection":[{"href":"https:\/\/schubertstone.com\/en\/wp-json\/wp\/v2\/product"}],"about":[{"href":"https:\/\/schubertstone.com\/en\/wp-json\/wp\/v2\/types\/product"}],"version-history":[{"count":3,"href":"https:\/\/schubertstone.com\/en\/wp-json\/wp\/v2\/product\/36859\/revisions"}],"predecessor-version":[{"id":36874,"href":"https:\/\/schubertstone.com\/en\/wp-json\/wp\/v2\/product\/36859\/revisions\/36874"}],"wp:featuredmedia":[{"embeddable":true,"href":"https:\/\/schubertstone.com\/en\/wp-json\/wp\/v2\/media\/36860"}],"wp:attachment":[{"href":"https:\/\/schubertstone.com\/en\/wp-json\/wp\/v2\/media?parent=36859"}],"wp:term":[{"taxonomy":"product_brand","embeddable":true,"href":"https:\/\/schubertstone.com\/en\/wp-json\/wp\/v2\/product_brand?post=36859"},{"taxonomy":"product_cat","embeddable":true,"href":"https:\/\/schubertstone.com\/en\/wp-json\/wp\/v2\/product_cat?post=36859"},{"taxonomy":"product_tag","embeddable":true,"href":"https:\/\/schubertstone.com\/en\/wp-json\/wp\/v2\/product_tag?post=36859"}],"curies":[{"name":"wp","href":"https:\/\/api.w.org\/{rel}","templated":true}]}}