{"id":36870,"date":"2026-03-26T10:50:44","date_gmt":"2026-03-26T09:50:44","guid":{"rendered":"https:\/\/schubertstone.com\/?post_type=product&#038;p=36870"},"modified":"2026-03-26T10:59:09","modified_gmt":"2026-03-26T09:59:09","slug":"g-31","status":"publish","type":"product","link":"https:\/\/schubertstone.com\/en\/shop\/naturstein\/granit\/g-31\/","title":{"rendered":"Granite paving G 31"},"content":{"rendered":"<hr \/>\n<h3 style=\"font-weight: 400;\"><strong>Properties:<\/strong><\/h3>\n<ul>\n<li class=\"p1\">Beige and gray nuanced color scheme<\/li>\n<li>Surface naturally split<\/li>\n<li class=\"p1\">Classic, lively laying pattern<\/li>\n<li>Background optics for high-quality architecture<\/li>\n<\/ul>\n<hr \/>\n<h3 style=\"font-weight: 400;\"><strong>Resilience:<\/strong><\/h3>\n<ul>\n<li>Resistant to frost, de-icing salt and weathering<\/li>\n<li>Also for hard-wearing public areas<\/li>\n<\/ul>\n<hr \/>\n<h3 style=\"font-weight: 400;\"><strong>Use:<\/strong><\/h3>\n<ul>\n<li class=\"p1\">Driveways and courtyards<\/li>\n<li class=\"p1\">Garden paths and entrances<\/li>\n<li class=\"p1\">Pitches and outdoor facilities<\/li>\n<li class=\"p1\">Classic and modern architecture<\/li>\n<\/ul>\n<hr \/>\n<h3 style=\"font-weight: 400;\"><strong>Care:<\/strong><\/h3>\n<ul>\n<li>Clean with stone soap in the mop water, also with the K\u00e4rcher jet<\/li>\n<\/ul>\n<hr \/>\n<h3 style=\"font-weight: 400;\"><strong>Minimum order quantity:<\/strong><\/h3>\n<p>10 m2<\/p>\n<hr \/>\n<p>&nbsp;<\/p>","protected":false},"excerpt":{"rendered":"<hr \/>\n<h2>Product description:<\/h2>\n<p><\/p>\n<p>The Granit G 31 is a high quality <a href=\"https:\/\/schubertstone.com\/en\/natural-stone\/\">Natural stone<\/a> with a classic look and finely nuanced coloring in shades of beige and grey. The natural grain gives the surface a lively texture and ensures a harmonious overall appearance.<\/p>\n<p>The small-scale formats and traditional, arched laying create a dynamic yet timeless appearance. This <a href=\"https:\/\/schubertstone.com\/en\/natural-stone\/granite\/\">Granite<\/a>\u00a0blends seamlessly into both classic and modern outdoor concepts.<\/p>\n<hr \/>\n<h3><strong>Available sizes:<\/strong><\/h3>\n<ul>\n<li>8-10 x 8-10 x 8-10 cm<\/li>\n<\/ul>\n<hr \/>\n<p>&nbsp;<\/p>","protected":false},"featured_media":36871,"template":"","meta":[],"product_brand":[],"product_cat":[187,19,216],"product_tag":[],"class_list":{"0":"post-36870","1":"product","2":"type-product","3":"status-publish","4":"has-post-thumbnail","6":"product_cat-granit","7":"product_cat-naturstein","8":"product_cat-pflastersteine","9":"pa_anwendung-pflastersteine","10":"pa_eignung-aussen","11":"pa_form-quadrate","12":"pa_material-granit","13":"pa_oberflaeche-spaltrauskantenbehauen","15":"first","16":"instock","17":"shipping-taxable","18":"product-type-simple"},"yoast_head":"<!-- This site is optimized with the Yoast SEO Premium plugin v27.3 (Yoast SEO v27.4) - https:\/\/yoast.com\/product\/yoast-seo-premium-wordpress\/ -->\n<title>Granitpflaster G 31 - SCHUBERT STONE - Naturstein, Feinsteinzeug, Parkett<\/title>\n<meta name=\"robots\" content=\"index, follow, max-snippet:-1, max-image-preview:large, max-video-preview:-1\" \/>\n<link rel=\"canonical\" href=\"https:\/\/schubertstone.com\/en\/store\/natural-stone\/granite\/g-31\/\" \/>\n<meta property=\"og:locale\" content=\"en_US\" \/>\n<meta property=\"og:type\" content=\"article\" \/>\n<meta property=\"og:title\" content=\"Granitpflaster G 31\" \/>\n<meta property=\"og:description\" content=\"Produktbeschreibung:  Der Granit G 31 ist ein hochwertiger Naturstein mit klassischer Ausstrahlung und fein nuancierter Farbgebung in Beige- und Graut\u00f6nen. Die nat\u00fcrliche K\u00f6rnung verleiht der Oberfl\u00e4che eine lebendige Struktur und sorgt f\u00fcr ein harmonisches Gesamtbild.  Durch die kleinteiligen Formate und die traditionelle, bogenf\u00f6rmige Verlegung entsteht ein dynamisches, zugleich zeitloses Erscheinungsbild. Dieser Granit\u00a0f\u00fcgt sich sowohl in klassische als auch in moderne Au\u00dfenkonzepte nahtlos ein.    Erh\u00e4ltliche Gr\u00f6\u00dfen:   8-10 x 8-10 x 8-10 cm     &nbsp;\" \/>\n<meta property=\"og:url\" content=\"https:\/\/schubertstone.com\/en\/store\/natural-stone\/granite\/g-31\/\" \/>\n<meta property=\"og:site_name\" content=\"SCHUBERT STONE - Naturstein, Feinsteinzeug, Parkett\" \/>\n<meta property=\"article:modified_time\" content=\"2026-03-26T09:59:09+00:00\" \/>\n<meta property=\"og:image\" content=\"https:\/\/schubertstone.com\/wp-content\/uploads\/2026\/03\/Granit-G-31.jpg\" \/>\n\t<meta property=\"og:image:width\" content=\"2048\" \/>\n\t<meta property=\"og:image:height\" content=\"1536\" \/>\n\t<meta property=\"og:image:type\" content=\"image\/jpeg\" \/>\n<meta name=\"twitter:card\" content=\"summary_large_image\" \/>\n<meta name=\"twitter:label1\" content=\"Est. reading time\" \/>\n\t<meta name=\"twitter:data1\" content=\"1 minute\" \/>\n<script type=\"application\/ld+json\" class=\"yoast-schema-graph\">{\"@context\":\"https:\\\/\\\/schema.org\",\"@graph\":[{\"@type\":\"WebPage\",\"@id\":\"https:\\\/\\\/schubertstone.com\\\/shop\\\/naturstein\\\/granit\\\/g-31\\\/\",\"url\":\"https:\\\/\\\/schubertstone.com\\\/shop\\\/naturstein\\\/granit\\\/g-31\\\/\",\"name\":\"Granitpflaster G 31 - SCHUBERT STONE - Naturstein, Feinsteinzeug, Parkett\",\"isPartOf\":{\"@id\":\"https:\\\/\\\/schubertstone.com\\\/#website\"},\"primaryImageOfPage\":{\"@id\":\"https:\\\/\\\/schubertstone.com\\\/shop\\\/naturstein\\\/granit\\\/g-31\\\/#primaryimage\"},\"image\":{\"@id\":\"https:\\\/\\\/schubertstone.com\\\/shop\\\/naturstein\\\/granit\\\/g-31\\\/#primaryimage\"},\"thumbnailUrl\":\"https:\\\/\\\/schubertstone.com\\\/wp-content\\\/uploads\\\/2026\\\/03\\\/Granit-G-31.jpg\",\"datePublished\":\"2026-03-26T09:50:44+00:00\",\"dateModified\":\"2026-03-26T09:59:09+00:00\",\"breadcrumb\":{\"@id\":\"https:\\\/\\\/schubertstone.com\\\/shop\\\/naturstein\\\/granit\\\/g-31\\\/#breadcrumb\"},\"inLanguage\":\"en-US\",\"potentialAction\":[{\"@type\":\"ReadAction\",\"target\":[\"https:\\\/\\\/schubertstone.com\\\/shop\\\/naturstein\\\/granit\\\/g-31\\\/\"]}]},{\"@type\":\"ImageObject\",\"inLanguage\":\"en-US\",\"@id\":\"https:\\\/\\\/schubertstone.com\\\/shop\\\/naturstein\\\/granit\\\/g-31\\\/#primaryimage\",\"url\":\"https:\\\/\\\/schubertstone.com\\\/wp-content\\\/uploads\\\/2026\\\/03\\\/Granit-G-31.jpg\",\"contentUrl\":\"https:\\\/\\\/schubertstone.com\\\/wp-content\\\/uploads\\\/2026\\\/03\\\/Granit-G-31.jpg\",\"width\":2048,\"height\":1536,\"caption\":\"Granit G 31 gelb PK, gespalten, 8-10 x 8-10 x 8-10cm\"},{\"@type\":\"BreadcrumbList\",\"@id\":\"https:\\\/\\\/schubertstone.com\\\/shop\\\/naturstein\\\/granit\\\/g-31\\\/#breadcrumb\",\"itemListElement\":[{\"@type\":\"ListItem\",\"position\":1,\"name\":\"Home\",\"item\":\"https:\\\/\\\/schubertstone.com\\\/\"},{\"@type\":\"ListItem\",\"position\":2,\"name\":\"Shop\",\"item\":\"https:\\\/\\\/schubertstone.com\\\/shop\\\/\"},{\"@type\":\"ListItem\",\"position\":3,\"name\":\"Granitpflaster G 31\"}]},{\"@type\":\"WebSite\",\"@id\":\"https:\\\/\\\/schubertstone.com\\\/#website\",\"url\":\"https:\\\/\\\/schubertstone.com\\\/\",\"name\":\"SCHUBERT STONE - Naturstein, Feinsteinzeug, Parkett\",\"description\":\"Edle B\u00f6den &amp; Terrassen f\u00fcr Ihre exklusive Immobilie\",\"potentialAction\":[{\"@type\":\"SearchAction\",\"target\":{\"@type\":\"EntryPoint\",\"urlTemplate\":\"https:\\\/\\\/schubertstone.com\\\/?s={search_term_string}\"},\"query-input\":{\"@type\":\"PropertyValueSpecification\",\"valueRequired\":true,\"valueName\":\"search_term_string\"}}],\"inLanguage\":\"en-US\"}]}<\/script>\n<!-- \/ Yoast SEO Premium plugin. -->","yoast_head_json":{"title":"Granite paving G 31 - SCHUBERT STONE - natural stone, porcelain stoneware, parquet","robots":{"index":"index","follow":"follow","max-snippet":"max-snippet:-1","max-image-preview":"max-image-preview:large","max-video-preview":"max-video-preview:-1"},"canonical":"https:\/\/schubertstone.com\/en\/store\/natural-stone\/granite\/g-31\/","og_locale":"en_US","og_type":"article","og_title":"Granitpflaster G 31","og_description":"Produktbeschreibung:  Der Granit G 31 ist ein hochwertiger Naturstein mit klassischer Ausstrahlung und fein nuancierter Farbgebung in Beige- und Graut\u00f6nen. Die nat\u00fcrliche K\u00f6rnung verleiht der Oberfl\u00e4che eine lebendige Struktur und sorgt f\u00fcr ein harmonisches Gesamtbild.  Durch die kleinteiligen Formate und die traditionelle, bogenf\u00f6rmige Verlegung entsteht ein dynamisches, zugleich zeitloses Erscheinungsbild. Dieser Granit\u00a0f\u00fcgt sich sowohl in klassische als auch in moderne Au\u00dfenkonzepte nahtlos ein.    Erh\u00e4ltliche Gr\u00f6\u00dfen:   8-10 x 8-10 x 8-10 cm     &nbsp;","og_url":"https:\/\/schubertstone.com\/en\/store\/natural-stone\/granite\/g-31\/","og_site_name":"SCHUBERT STONE - Naturstein, Feinsteinzeug, Parkett","article_modified_time":"2026-03-26T09:59:09+00:00","og_image":[{"width":2048,"height":1536,"url":"https:\/\/schubertstone.com\/wp-content\/uploads\/2026\/03\/Granit-G-31.jpg","type":"image\/jpeg"}],"twitter_card":"summary_large_image","twitter_misc":{"Est. reading time":"1 minute"},"schema":{"@context":"https:\/\/schema.org","@graph":[{"@type":"WebPage","@id":"https:\/\/schubertstone.com\/shop\/naturstein\/granit\/g-31\/","url":"https:\/\/schubertstone.com\/shop\/naturstein\/granit\/g-31\/","name":"Granite paving G 31 - SCHUBERT STONE - natural stone, porcelain stoneware, parquet","isPartOf":{"@id":"https:\/\/schubertstone.com\/#website"},"primaryImageOfPage":{"@id":"https:\/\/schubertstone.com\/shop\/naturstein\/granit\/g-31\/#primaryimage"},"image":{"@id":"https:\/\/schubertstone.com\/shop\/naturstein\/granit\/g-31\/#primaryimage"},"thumbnailUrl":"https:\/\/schubertstone.com\/wp-content\/uploads\/2026\/03\/Granit-G-31.jpg","datePublished":"2026-03-26T09:50:44+00:00","dateModified":"2026-03-26T09:59:09+00:00","breadcrumb":{"@id":"https:\/\/schubertstone.com\/shop\/naturstein\/granit\/g-31\/#breadcrumb"},"inLanguage":"en-US","potentialAction":[{"@type":"ReadAction","target":["https:\/\/schubertstone.com\/shop\/naturstein\/granit\/g-31\/"]}]},{"@type":"ImageObject","inLanguage":"en-US","@id":"https:\/\/schubertstone.com\/shop\/naturstein\/granit\/g-31\/#primaryimage","url":"https:\/\/schubertstone.com\/wp-content\/uploads\/2026\/03\/Granit-G-31.jpg","contentUrl":"https:\/\/schubertstone.com\/wp-content\/uploads\/2026\/03\/Granit-G-31.jpg","width":2048,"height":1536,"caption":"Granit G 31 gelb PK, gespalten, 8-10 x 8-10 x 8-10cm"},{"@type":"BreadcrumbList","@id":"https:\/\/schubertstone.com\/shop\/naturstein\/granit\/g-31\/#breadcrumb","itemListElement":[{"@type":"ListItem","position":1,"name":"Home","item":"https:\/\/schubertstone.com\/"},{"@type":"ListItem","position":2,"name":"Shop","item":"https:\/\/schubertstone.com\/shop\/"},{"@type":"ListItem","position":3,"name":"Granitpflaster G 31"}]},{"@type":"WebSite","@id":"https:\/\/schubertstone.com\/#website","url":"https:\/\/schubertstone.com\/","name":"SCHUBERT STONE - Natural stone, porcelain stoneware, parquet","description":"Fine floors &amp; terraces for your exclusive property","potentialAction":[{"@type":"SearchAction","target":{"@type":"EntryPoint","urlTemplate":"https:\/\/schubertstone.com\/?s={search_term_string}"},"query-input":{"@type":"PropertyValueSpecification","valueRequired":true,"valueName":"search_term_string"}}],"inLanguage":"en-US"}]}},"_links":{"self":[{"href":"https:\/\/schubertstone.com\/en\/wp-json\/wp\/v2\/product\/36870","targetHints":{"allow":["GET"]}}],"collection":[{"href":"https:\/\/schubertstone.com\/en\/wp-json\/wp\/v2\/product"}],"about":[{"href":"https:\/\/schubertstone.com\/en\/wp-json\/wp\/v2\/types\/product"}],"version-history":[{"count":2,"href":"https:\/\/schubertstone.com\/en\/wp-json\/wp\/v2\/product\/36870\/revisions"}],"predecessor-version":[{"id":36873,"href":"https:\/\/schubertstone.com\/en\/wp-json\/wp\/v2\/product\/36870\/revisions\/36873"}],"wp:featuredmedia":[{"embeddable":true,"href":"https:\/\/schubertstone.com\/en\/wp-json\/wp\/v2\/media\/36871"}],"wp:attachment":[{"href":"https:\/\/schubertstone.com\/en\/wp-json\/wp\/v2\/media?parent=36870"}],"wp:term":[{"taxonomy":"product_brand","embeddable":true,"href":"https:\/\/schubertstone.com\/en\/wp-json\/wp\/v2\/product_brand?post=36870"},{"taxonomy":"product_cat","embeddable":true,"href":"https:\/\/schubertstone.com\/en\/wp-json\/wp\/v2\/product_cat?post=36870"},{"taxonomy":"product_tag","embeddable":true,"href":"https:\/\/schubertstone.com\/en\/wp-json\/wp\/v2\/product_tag?post=36870"}],"curies":[{"name":"wp","href":"https:\/\/api.w.org\/{rel}","templated":true}]}}