{"id":36875,"date":"2026-03-26T11:06:47","date_gmt":"2026-03-26T10:06:47","guid":{"rendered":"https:\/\/schubertstone.com\/?post_type=product&#038;p=36875"},"modified":"2026-03-26T11:25:03","modified_gmt":"2026-03-26T10:25:03","slug":"do-911-nv","status":"publish","type":"product","link":"https:\/\/schubertstone.com\/en\/shop\/naturstein\/dolomit\/do-911-nv\/","title":{"rendered":"Dolomite paving DO 911 NV"},"content":{"rendered":"<hr \/>\n<h3 style=\"font-weight: 400;\"><strong>Properties:<\/strong><\/h3>\n<ul>\n<li class=\"p1\">Beige, gray and golden natural tones<\/li>\n<li>Surface naturally split<\/li>\n<li class=\"p1\">Calm, harmonious laying pattern<\/li>\n<li>Background optics for high-quality architecture<\/li>\n<\/ul>\n<hr \/>\n<h3 style=\"font-weight: 400;\"><strong>Resilience:<\/strong><\/h3>\n<ul>\n<li>Resistant to frost, de-icing salt and weathering<\/li>\n<li>Also for hard-wearing public areas<\/li>\n<\/ul>\n<hr \/>\n<h3 style=\"font-weight: 400;\"><strong>Use:<\/strong><\/h3>\n<ul>\n<li>Driveways and courtyards<\/li>\n<li>Garden paths and entrances<\/li>\n<li>Pitches and outdoor facilities<\/li>\n<li class=\"p1\">Mediterranean and classic architecture<\/li>\n<\/ul>\n<hr \/>\n<h3 style=\"font-weight: 400;\"><strong>Care:<\/strong><\/h3>\n<ul>\n<li>Clean with stone soap in the mop water, also with the K\u00e4rcher jet<\/li>\n<\/ul>\n<hr \/>\n<h3 style=\"font-weight: 400;\"><strong>Minimum order quantity:<\/strong><\/h3>\n<p>10 m2<\/p>\n<hr \/>\n<p>&nbsp;<\/p>","protected":false},"excerpt":{"rendered":"<hr \/>\n<h2>Product description:<\/h2>\n<p><\/p>\n<p>The Dolomit DO 911 NV is a high quality <a href=\"https:\/\/schubertstone.com\/en\/natural-stone\/\">Natural stone<\/a> with a warm, vibrant color scheme in shades of beige, grey and light gold. The natural texture and subtle color gradients give the surface an authentic, Mediterranean look.<\/p>\n<p>The regular formats of the paving stones create a harmonious, calm laying pattern that combines naturalness and order at the same time. This makes this <a href=\"https:\/\/schubertstone.com\/en\/natural-stone\/dolomite\/\">Dolomite<\/a> ideal for stylish outdoor areas with a timeless character.<\/p>\n<hr \/>\n<h3><strong>Available sizes:<\/strong><\/h3>\n<ul>\n<li>8-10 x 8-10 x 8-10 cm<\/li>\n<li>4-6 x 4-6 x 4-6 cm<\/li>\n<li>13 x 20 x 10-15 cm<\/li>\n<\/ul>\n<hr \/>\n<p>&nbsp;<\/p>","protected":false},"featured_media":36879,"template":"","meta":[],"product_brand":[],"product_cat":[170,19,216],"product_tag":[],"class_list":{"0":"post-36875","1":"product","2":"type-product","3":"status-publish","4":"has-post-thumbnail","6":"product_cat-dolomit","7":"product_cat-naturstein","8":"product_cat-pflastersteine","9":"pa_anwendung-pflastersteine","10":"pa_eignung-aussen","11":"pa_form-rechtecke","12":"pa_material-dolomit","13":"pa_oberflaeche-spaltrauskantenbehauen","15":"first","16":"instock","17":"shipping-taxable","18":"product-type-simple"},"yoast_head":"<!-- This site is optimized with the Yoast SEO Premium plugin v27.3 (Yoast SEO v27.4) - https:\/\/yoast.com\/product\/yoast-seo-premium-wordpress\/ -->\n<title>Dolomitpflaster DO 911 NV - SCHUBERT STONE - Naturstein, Feinsteinzeug, Parkett<\/title>\n<meta name=\"robots\" content=\"index, follow, max-snippet:-1, max-image-preview:large, max-video-preview:-1\" \/>\n<link rel=\"canonical\" href=\"https:\/\/schubertstone.com\/en\/store\/natural-stone\/dolomite\/do-911-nv\/\" \/>\n<meta property=\"og:locale\" content=\"en_US\" \/>\n<meta property=\"og:type\" content=\"article\" \/>\n<meta property=\"og:title\" content=\"Dolomitpflaster DO 911 NV\" \/>\n<meta property=\"og:description\" content=\"Produktbeschreibung:  Der Dolomit DO 911 NV ist ein hochwertiger Naturstein mit warmer, lebendiger Farbgebung in Beige-, Grau- und leicht goldenen Nuancen. Die nat\u00fcrliche Struktur und die feinen Farbverl\u00e4ufe verleihen der Fl\u00e4che eine authentische, mediterrane Ausstrahlung.  Durch die regelm\u00e4\u00dfigen Formate der Pflastersteine entsteht ein harmonisches, ruhiges Verlegebild, das gleichzeitig Nat\u00fcrlichkeit und Ordnung vereint. Dadurch eignet sich dieser Dolomit ideal f\u00fcr stilvolle Au\u00dfenbereiche mit zeitlosem Charakter.    Erh\u00e4ltliche Gr\u00f6\u00dfen:   8-10 x 8-10 x 8-10 cm  4-6 x 4-6 x 4-6 cm  13 x 20 x 10-15 cm     &nbsp;\" \/>\n<meta property=\"og:url\" content=\"https:\/\/schubertstone.com\/en\/store\/natural-stone\/dolomite\/do-911-nv\/\" \/>\n<meta property=\"og:site_name\" content=\"SCHUBERT STONE - Naturstein, Feinsteinzeug, Parkett\" \/>\n<meta property=\"article:modified_time\" content=\"2026-03-26T10:25:03+00:00\" \/>\n<meta property=\"og:image\" content=\"https:\/\/schubertstone.com\/wp-content\/uploads\/2026\/03\/Dolomit-DO-911-NV-Pflaster.jpg\" \/>\n\t<meta property=\"og:image:width\" content=\"2048\" \/>\n\t<meta property=\"og:image:height\" content=\"1365\" \/>\n\t<meta property=\"og:image:type\" content=\"image\/jpeg\" \/>\n<meta name=\"twitter:card\" content=\"summary_large_image\" \/>\n<meta name=\"twitter:label1\" content=\"Est. reading time\" \/>\n\t<meta name=\"twitter:data1\" content=\"1 minute\" \/>\n<script type=\"application\/ld+json\" class=\"yoast-schema-graph\">{\"@context\":\"https:\\\/\\\/schema.org\",\"@graph\":[{\"@type\":\"WebPage\",\"@id\":\"https:\\\/\\\/schubertstone.com\\\/shop\\\/naturstein\\\/dolomit\\\/do-911-nv\\\/\",\"url\":\"https:\\\/\\\/schubertstone.com\\\/shop\\\/naturstein\\\/dolomit\\\/do-911-nv\\\/\",\"name\":\"Dolomitpflaster DO 911 NV - SCHUBERT STONE - Naturstein, Feinsteinzeug, Parkett\",\"isPartOf\":{\"@id\":\"https:\\\/\\\/schubertstone.com\\\/#website\"},\"primaryImageOfPage\":{\"@id\":\"https:\\\/\\\/schubertstone.com\\\/shop\\\/naturstein\\\/dolomit\\\/do-911-nv\\\/#primaryimage\"},\"image\":{\"@id\":\"https:\\\/\\\/schubertstone.com\\\/shop\\\/naturstein\\\/dolomit\\\/do-911-nv\\\/#primaryimage\"},\"thumbnailUrl\":\"https:\\\/\\\/schubertstone.com\\\/wp-content\\\/uploads\\\/2026\\\/03\\\/Dolomit-DO-911-NV-Pflaster.jpg\",\"datePublished\":\"2026-03-26T10:06:47+00:00\",\"dateModified\":\"2026-03-26T10:25:03+00:00\",\"breadcrumb\":{\"@id\":\"https:\\\/\\\/schubertstone.com\\\/shop\\\/naturstein\\\/dolomit\\\/do-911-nv\\\/#breadcrumb\"},\"inLanguage\":\"en-US\",\"potentialAction\":[{\"@type\":\"ReadAction\",\"target\":[\"https:\\\/\\\/schubertstone.com\\\/shop\\\/naturstein\\\/dolomit\\\/do-911-nv\\\/\"]}]},{\"@type\":\"ImageObject\",\"inLanguage\":\"en-US\",\"@id\":\"https:\\\/\\\/schubertstone.com\\\/shop\\\/naturstein\\\/dolomit\\\/do-911-nv\\\/#primaryimage\",\"url\":\"https:\\\/\\\/schubertstone.com\\\/wp-content\\\/uploads\\\/2026\\\/03\\\/Dolomit-DO-911-NV-Pflaster.jpg\",\"contentUrl\":\"https:\\\/\\\/schubertstone.com\\\/wp-content\\\/uploads\\\/2026\\\/03\\\/Dolomit-DO-911-NV-Pflaster.jpg\",\"width\":2048,\"height\":1365,\"caption\":\"Dolomit DO 911 NV, gespalten, 8-10 x 8-10 x 8-10cm\"},{\"@type\":\"BreadcrumbList\",\"@id\":\"https:\\\/\\\/schubertstone.com\\\/shop\\\/naturstein\\\/dolomit\\\/do-911-nv\\\/#breadcrumb\",\"itemListElement\":[{\"@type\":\"ListItem\",\"position\":1,\"name\":\"Home\",\"item\":\"https:\\\/\\\/schubertstone.com\\\/\"},{\"@type\":\"ListItem\",\"position\":2,\"name\":\"Shop\",\"item\":\"https:\\\/\\\/schubertstone.com\\\/shop\\\/\"},{\"@type\":\"ListItem\",\"position\":3,\"name\":\"Dolomitpflaster DO 911 NV\"}]},{\"@type\":\"WebSite\",\"@id\":\"https:\\\/\\\/schubertstone.com\\\/#website\",\"url\":\"https:\\\/\\\/schubertstone.com\\\/\",\"name\":\"SCHUBERT STONE - Naturstein, Feinsteinzeug, Parkett\",\"description\":\"Edle B\u00f6den &amp; Terrassen f\u00fcr Ihre exklusive Immobilie\",\"potentialAction\":[{\"@type\":\"SearchAction\",\"target\":{\"@type\":\"EntryPoint\",\"urlTemplate\":\"https:\\\/\\\/schubertstone.com\\\/?s={search_term_string}\"},\"query-input\":{\"@type\":\"PropertyValueSpecification\",\"valueRequired\":true,\"valueName\":\"search_term_string\"}}],\"inLanguage\":\"en-US\"}]}<\/script>\n<!-- \/ Yoast SEO Premium plugin. -->","yoast_head_json":{"title":"Dolomite paving DO 911 NV - SCHUBERT STONE - Natural stone, porcelain stoneware, parquet","robots":{"index":"index","follow":"follow","max-snippet":"max-snippet:-1","max-image-preview":"max-image-preview:large","max-video-preview":"max-video-preview:-1"},"canonical":"https:\/\/schubertstone.com\/en\/store\/natural-stone\/dolomite\/do-911-nv\/","og_locale":"en_US","og_type":"article","og_title":"Dolomitpflaster DO 911 NV","og_description":"Produktbeschreibung:  Der Dolomit DO 911 NV ist ein hochwertiger Naturstein mit warmer, lebendiger Farbgebung in Beige-, Grau- und leicht goldenen Nuancen. Die nat\u00fcrliche Struktur und die feinen Farbverl\u00e4ufe verleihen der Fl\u00e4che eine authentische, mediterrane Ausstrahlung.  Durch die regelm\u00e4\u00dfigen Formate der Pflastersteine entsteht ein harmonisches, ruhiges Verlegebild, das gleichzeitig Nat\u00fcrlichkeit und Ordnung vereint. Dadurch eignet sich dieser Dolomit ideal f\u00fcr stilvolle Au\u00dfenbereiche mit zeitlosem Charakter.    Erh\u00e4ltliche Gr\u00f6\u00dfen:   8-10 x 8-10 x 8-10 cm  4-6 x 4-6 x 4-6 cm  13 x 20 x 10-15 cm     &nbsp;","og_url":"https:\/\/schubertstone.com\/en\/store\/natural-stone\/dolomite\/do-911-nv\/","og_site_name":"SCHUBERT STONE - Naturstein, Feinsteinzeug, Parkett","article_modified_time":"2026-03-26T10:25:03+00:00","og_image":[{"width":2048,"height":1365,"url":"https:\/\/schubertstone.com\/wp-content\/uploads\/2026\/03\/Dolomit-DO-911-NV-Pflaster.jpg","type":"image\/jpeg"}],"twitter_card":"summary_large_image","twitter_misc":{"Est. reading time":"1 minute"},"schema":{"@context":"https:\/\/schema.org","@graph":[{"@type":"WebPage","@id":"https:\/\/schubertstone.com\/shop\/naturstein\/dolomit\/do-911-nv\/","url":"https:\/\/schubertstone.com\/shop\/naturstein\/dolomit\/do-911-nv\/","name":"Dolomite paving DO 911 NV - SCHUBERT STONE - Natural stone, porcelain stoneware, parquet","isPartOf":{"@id":"https:\/\/schubertstone.com\/#website"},"primaryImageOfPage":{"@id":"https:\/\/schubertstone.com\/shop\/naturstein\/dolomit\/do-911-nv\/#primaryimage"},"image":{"@id":"https:\/\/schubertstone.com\/shop\/naturstein\/dolomit\/do-911-nv\/#primaryimage"},"thumbnailUrl":"https:\/\/schubertstone.com\/wp-content\/uploads\/2026\/03\/Dolomit-DO-911-NV-Pflaster.jpg","datePublished":"2026-03-26T10:06:47+00:00","dateModified":"2026-03-26T10:25:03+00:00","breadcrumb":{"@id":"https:\/\/schubertstone.com\/shop\/naturstein\/dolomit\/do-911-nv\/#breadcrumb"},"inLanguage":"en-US","potentialAction":[{"@type":"ReadAction","target":["https:\/\/schubertstone.com\/shop\/naturstein\/dolomit\/do-911-nv\/"]}]},{"@type":"ImageObject","inLanguage":"en-US","@id":"https:\/\/schubertstone.com\/shop\/naturstein\/dolomit\/do-911-nv\/#primaryimage","url":"https:\/\/schubertstone.com\/wp-content\/uploads\/2026\/03\/Dolomit-DO-911-NV-Pflaster.jpg","contentUrl":"https:\/\/schubertstone.com\/wp-content\/uploads\/2026\/03\/Dolomit-DO-911-NV-Pflaster.jpg","width":2048,"height":1365,"caption":"Dolomit DO 911 NV, gespalten, 8-10 x 8-10 x 8-10cm"},{"@type":"BreadcrumbList","@id":"https:\/\/schubertstone.com\/shop\/naturstein\/dolomit\/do-911-nv\/#breadcrumb","itemListElement":[{"@type":"ListItem","position":1,"name":"Home","item":"https:\/\/schubertstone.com\/"},{"@type":"ListItem","position":2,"name":"Shop","item":"https:\/\/schubertstone.com\/shop\/"},{"@type":"ListItem","position":3,"name":"Dolomitpflaster DO 911 NV"}]},{"@type":"WebSite","@id":"https:\/\/schubertstone.com\/#website","url":"https:\/\/schubertstone.com\/","name":"SCHUBERT STONE - Natural stone, porcelain stoneware, parquet","description":"Fine floors &amp; terraces for your exclusive property","potentialAction":[{"@type":"SearchAction","target":{"@type":"EntryPoint","urlTemplate":"https:\/\/schubertstone.com\/?s={search_term_string}"},"query-input":{"@type":"PropertyValueSpecification","valueRequired":true,"valueName":"search_term_string"}}],"inLanguage":"en-US"}]}},"_links":{"self":[{"href":"https:\/\/schubertstone.com\/en\/wp-json\/wp\/v2\/product\/36875","targetHints":{"allow":["GET"]}}],"collection":[{"href":"https:\/\/schubertstone.com\/en\/wp-json\/wp\/v2\/product"}],"about":[{"href":"https:\/\/schubertstone.com\/en\/wp-json\/wp\/v2\/types\/product"}],"version-history":[{"count":2,"href":"https:\/\/schubertstone.com\/en\/wp-json\/wp\/v2\/product\/36875\/revisions"}],"predecessor-version":[{"id":36880,"href":"https:\/\/schubertstone.com\/en\/wp-json\/wp\/v2\/product\/36875\/revisions\/36880"}],"wp:featuredmedia":[{"embeddable":true,"href":"https:\/\/schubertstone.com\/en\/wp-json\/wp\/v2\/media\/36879"}],"wp:attachment":[{"href":"https:\/\/schubertstone.com\/en\/wp-json\/wp\/v2\/media?parent=36875"}],"wp:term":[{"taxonomy":"product_brand","embeddable":true,"href":"https:\/\/schubertstone.com\/en\/wp-json\/wp\/v2\/product_brand?post=36875"},{"taxonomy":"product_cat","embeddable":true,"href":"https:\/\/schubertstone.com\/en\/wp-json\/wp\/v2\/product_cat?post=36875"},{"taxonomy":"product_tag","embeddable":true,"href":"https:\/\/schubertstone.com\/en\/wp-json\/wp\/v2\/product_tag?post=36875"}],"curies":[{"name":"wp","href":"https:\/\/api.w.org\/{rel}","templated":true}]}}