{"id":36881,"date":"2026-03-26T11:29:22","date_gmt":"2026-03-26T10:29:22","guid":{"rendered":"https:\/\/schubertstone.com\/?post_type=product&#038;p=36881"},"modified":"2026-04-13T16:13:24","modified_gmt":"2026-04-13T14:13:24","slug":"k-10-b-historical","status":"publish","type":"product","link":"https:\/\/schubertstone.com\/en\/shop\/naturstein\/kalkstein\/k-10-b-historisch\/","title":{"rendered":"Limestone paving K 10 B historical"},"content":{"rendered":"<hr \/>\n<h3 style=\"font-weight: 400;\"><strong>Properties:<\/strong><\/h3>\n<ul>\n<li class=\"p1\">Grey, naturally nuanced shades<\/li>\n<li>Original, historic surface<\/li>\n<li>Edges naturally split<\/li>\n<li>Irregular formats for versatile laying patterns<\/li>\n<\/ul>\n<hr \/>\n<h3 style=\"font-weight: 400;\"><strong>Resilience:<\/strong><\/h3>\n<ul>\n<li>Resistant to frost, de-icing salt and weathering<\/li>\n<li>Also for hard-wearing public areas<\/li>\n<\/ul>\n<hr \/>\n<h3 style=\"font-weight: 400;\"><strong>Use:<\/strong><\/h3>\n<ul>\n<li class=\"p1\">Courtyards and driveways<\/li>\n<li class=\"p1\">Garden paths and squares<\/li>\n<li>Stylish outdoor facilities<\/li>\n<li class=\"p1\">Historic and classic architecture<\/li>\n<\/ul>\n<hr \/>\n<h3 style=\"font-weight: 400;\"><strong>Care:<\/strong><\/h3>\n<ul>\n<li>Clean with stone soap in the mop water<\/li>\n<li>Impregnation recommended<\/li>\n<\/ul>\n<hr \/>\n<h3 style=\"font-weight: 400;\"><strong>Minimum order quantity:<\/strong><\/h3>\n<p>20 m2<\/p>\n<hr \/>\n<p>&nbsp;<\/p>","protected":false},"excerpt":{"rendered":"<hr \/>\n<h2>Product description:<\/h2>\n<p><\/p>\n<p>The K 10 limestone is a stone full of character <a href=\"https:\/\/schubertstone.com\/en\/natural-stone\/\">Natural stone<\/a> with an authentic, antique look. The irregular edges and gently rounded shapes give the surface a mature, historical look.<\/p>\n<p>The gray to slightly nuanced shades of these <a href=\"https:\/\/schubertstone.com\/en\/natural-stone\/paving-stones\/\">Paving stones<\/a> ensure a calm, natural overall appearance with plenty of depth and patina. This creates a timeless atmosphere that is particularly reminiscent of traditional paving and historical architecture.<\/p>\n<hr \/>\n<h3>Available sizes:<\/h3>\n<ul>\n<li>18 x 18 x 2-4 cm (laying in mortar bed)<\/li>\n<li>18 x 18 x 6 cm (laid in chippings)<\/li>\n<li>18 x 18 x 9 cm (laid in chippings)<\/li>\n<\/ul>\n<hr \/>\n<p>&nbsp;<\/p>","protected":false},"featured_media":36882,"template":"","meta":[],"product_brand":[],"product_cat":[169,19,216],"product_tag":[],"class_list":{"0":"post-36881","1":"product","2":"type-product","3":"status-publish","4":"has-post-thumbnail","6":"product_cat-kalkstein","7":"product_cat-naturstein","8":"product_cat-pflastersteine","9":"pa_anwendung-pflastersteine","10":"pa_eignung-aussen","11":"pa_form-rechtecke","12":"pa_material-kalkstein","13":"pa_oberflaeche-original-hist-kanten","15":"first","16":"instock","17":"shipping-taxable","18":"product-type-simple"},"yoast_head":"<!-- This site is optimized with the Yoast SEO Premium plugin v27.3 (Yoast SEO v27.4) - https:\/\/yoast.com\/product\/yoast-seo-premium-wordpress\/ -->\n<title>Kalksteinpflaster K 10 B historisch - SCHUBERT STONE - Naturstein, Feinsteinzeug, Parkett<\/title>\n<meta name=\"robots\" content=\"index, follow, max-snippet:-1, max-image-preview:large, max-video-preview:-1\" \/>\n<link rel=\"canonical\" href=\"https:\/\/schubertstone.com\/en\/store\/natural-stone\/limestone\/k-10-b-historical\/\" \/>\n<meta property=\"og:locale\" content=\"en_US\" \/>\n<meta property=\"og:type\" content=\"article\" \/>\n<meta property=\"og:title\" content=\"Kalksteinpflaster K 10 B historisch\" \/>\n<meta property=\"og:description\" content=\"Produktbeschreibung:  Der Kalkstein K 10 ist ein charaktervoller Naturstein mit authentischer, antiker Ausstrahlung. Die unregelm\u00e4\u00dfigen Kanten und die sanft abgerundeten Formen verleihen der Fl\u00e4che eine gewachsene, historische Optik.  Die grauen bis leicht nuancierten Farbt\u00f6ne dieser Pflastersteine sorgen f\u00fcr ein ruhiges, nat\u00fcrliches Gesamtbild mit viel Tiefe und Patina. Dadurch entsteht eine zeitlose Atmosph\u00e4re, die besonders an traditionelle Pflasterungen und historische Architektur erinnert.     Erh\u00e4ltliche Gr\u00f6\u00dfen:   18 x 18 x 2-4 cm (Verlegung im M\u00f6rtelbett)  18 x 18 x 6 cm (Verlegung im Splitt)  18 x 18 x 9 cm (Verlegung im Splitt)     &nbsp;\" \/>\n<meta property=\"og:url\" content=\"https:\/\/schubertstone.com\/en\/store\/natural-stone\/limestone\/k-10-b-historical\/\" \/>\n<meta property=\"og:site_name\" content=\"SCHUBERT STONE - Naturstein, Feinsteinzeug, Parkett\" \/>\n<meta property=\"article:modified_time\" content=\"2026-04-13T14:13:24+00:00\" \/>\n<meta property=\"og:image\" content=\"https:\/\/schubertstone.com\/wp-content\/uploads\/2026\/03\/Kalkstein-K-10-historisches-Pflaster.jpg\" \/>\n\t<meta property=\"og:image:width\" content=\"2048\" \/>\n\t<meta property=\"og:image:height\" content=\"1365\" \/>\n\t<meta property=\"og:image:type\" content=\"image\/jpeg\" \/>\n<meta name=\"twitter:card\" content=\"summary_large_image\" \/>\n<meta name=\"twitter:label1\" content=\"Est. reading time\" \/>\n\t<meta name=\"twitter:data1\" content=\"1 minute\" \/>\n<script type=\"application\/ld+json\" class=\"yoast-schema-graph\">{\"@context\":\"https:\\\/\\\/schema.org\",\"@graph\":[{\"@type\":\"WebPage\",\"@id\":\"https:\\\/\\\/schubertstone.com\\\/shop\\\/naturstein\\\/kalkstein\\\/k-10-b-historisch\\\/\",\"url\":\"https:\\\/\\\/schubertstone.com\\\/shop\\\/naturstein\\\/kalkstein\\\/k-10-b-historisch\\\/\",\"name\":\"Kalksteinpflaster K 10 B historisch - SCHUBERT STONE - Naturstein, Feinsteinzeug, Parkett\",\"isPartOf\":{\"@id\":\"https:\\\/\\\/schubertstone.com\\\/#website\"},\"primaryImageOfPage\":{\"@id\":\"https:\\\/\\\/schubertstone.com\\\/shop\\\/naturstein\\\/kalkstein\\\/k-10-b-historisch\\\/#primaryimage\"},\"image\":{\"@id\":\"https:\\\/\\\/schubertstone.com\\\/shop\\\/naturstein\\\/kalkstein\\\/k-10-b-historisch\\\/#primaryimage\"},\"thumbnailUrl\":\"https:\\\/\\\/schubertstone.com\\\/wp-content\\\/uploads\\\/2026\\\/03\\\/Kalkstein-K-10-historisches-Pflaster.jpg\",\"datePublished\":\"2026-03-26T10:29:22+00:00\",\"dateModified\":\"2026-04-13T14:13:24+00:00\",\"breadcrumb\":{\"@id\":\"https:\\\/\\\/schubertstone.com\\\/shop\\\/naturstein\\\/kalkstein\\\/k-10-b-historisch\\\/#breadcrumb\"},\"inLanguage\":\"en-US\",\"potentialAction\":[{\"@type\":\"ReadAction\",\"target\":[\"https:\\\/\\\/schubertstone.com\\\/shop\\\/naturstein\\\/kalkstein\\\/k-10-b-historisch\\\/\"]}]},{\"@type\":\"ImageObject\",\"inLanguage\":\"en-US\",\"@id\":\"https:\\\/\\\/schubertstone.com\\\/shop\\\/naturstein\\\/kalkstein\\\/k-10-b-historisch\\\/#primaryimage\",\"url\":\"https:\\\/\\\/schubertstone.com\\\/wp-content\\\/uploads\\\/2026\\\/03\\\/Kalkstein-K-10-historisches-Pflaster.jpg\",\"contentUrl\":\"https:\\\/\\\/schubertstone.com\\\/wp-content\\\/uploads\\\/2026\\\/03\\\/Kalkstein-K-10-historisches-Pflaster.jpg\",\"width\":2048,\"height\":1365,\"caption\":\"Kalkstein K 10 original historisches Pflaster B, original alte Oberfl\u00e4che, Kante gespalten, 18 x 18 x 2-4cm f\u00fcr M\u00f6rtelbettverlegung auf Beton und dann befahrbar, auch St\u00e4rke 6 oder 9cm f\u00fcr Verlegung im Splitt und befahrbar erh\u00e4ltlich\"},{\"@type\":\"BreadcrumbList\",\"@id\":\"https:\\\/\\\/schubertstone.com\\\/shop\\\/naturstein\\\/kalkstein\\\/k-10-b-historisch\\\/#breadcrumb\",\"itemListElement\":[{\"@type\":\"ListItem\",\"position\":1,\"name\":\"Home\",\"item\":\"https:\\\/\\\/schubertstone.com\\\/\"},{\"@type\":\"ListItem\",\"position\":2,\"name\":\"Shop\",\"item\":\"https:\\\/\\\/schubertstone.com\\\/shop\\\/\"},{\"@type\":\"ListItem\",\"position\":3,\"name\":\"Kalksteinpflaster K 10 B historisch\"}]},{\"@type\":\"WebSite\",\"@id\":\"https:\\\/\\\/schubertstone.com\\\/#website\",\"url\":\"https:\\\/\\\/schubertstone.com\\\/\",\"name\":\"SCHUBERT STONE - Naturstein, Feinsteinzeug, Parkett\",\"description\":\"Edle B\u00f6den &amp; Terrassen f\u00fcr Ihre exklusive Immobilie\",\"potentialAction\":[{\"@type\":\"SearchAction\",\"target\":{\"@type\":\"EntryPoint\",\"urlTemplate\":\"https:\\\/\\\/schubertstone.com\\\/?s={search_term_string}\"},\"query-input\":{\"@type\":\"PropertyValueSpecification\",\"valueRequired\":true,\"valueName\":\"search_term_string\"}}],\"inLanguage\":\"en-US\"}]}<\/script>\n<!-- \/ Yoast SEO Premium plugin. -->","yoast_head_json":{"title":"Limestone paving K 10 B historic - SCHUBERT STONE - natural stone, porcelain stoneware, parquet","robots":{"index":"index","follow":"follow","max-snippet":"max-snippet:-1","max-image-preview":"max-image-preview:large","max-video-preview":"max-video-preview:-1"},"canonical":"https:\/\/schubertstone.com\/en\/store\/natural-stone\/limestone\/k-10-b-historical\/","og_locale":"en_US","og_type":"article","og_title":"Kalksteinpflaster K 10 B historisch","og_description":"Produktbeschreibung:  Der Kalkstein K 10 ist ein charaktervoller Naturstein mit authentischer, antiker Ausstrahlung. Die unregelm\u00e4\u00dfigen Kanten und die sanft abgerundeten Formen verleihen der Fl\u00e4che eine gewachsene, historische Optik.  Die grauen bis leicht nuancierten Farbt\u00f6ne dieser Pflastersteine sorgen f\u00fcr ein ruhiges, nat\u00fcrliches Gesamtbild mit viel Tiefe und Patina. Dadurch entsteht eine zeitlose Atmosph\u00e4re, die besonders an traditionelle Pflasterungen und historische Architektur erinnert.     Erh\u00e4ltliche Gr\u00f6\u00dfen:   18 x 18 x 2-4 cm (Verlegung im M\u00f6rtelbett)  18 x 18 x 6 cm (Verlegung im Splitt)  18 x 18 x 9 cm (Verlegung im Splitt)     &nbsp;","og_url":"https:\/\/schubertstone.com\/en\/store\/natural-stone\/limestone\/k-10-b-historical\/","og_site_name":"SCHUBERT STONE - Naturstein, Feinsteinzeug, Parkett","article_modified_time":"2026-04-13T14:13:24+00:00","og_image":[{"width":2048,"height":1365,"url":"https:\/\/schubertstone.com\/wp-content\/uploads\/2026\/03\/Kalkstein-K-10-historisches-Pflaster.jpg","type":"image\/jpeg"}],"twitter_card":"summary_large_image","twitter_misc":{"Est. reading time":"1 minute"},"schema":{"@context":"https:\/\/schema.org","@graph":[{"@type":"WebPage","@id":"https:\/\/schubertstone.com\/shop\/naturstein\/kalkstein\/k-10-b-historisch\/","url":"https:\/\/schubertstone.com\/shop\/naturstein\/kalkstein\/k-10-b-historisch\/","name":"Limestone paving K 10 B historic - SCHUBERT STONE - natural stone, porcelain stoneware, parquet","isPartOf":{"@id":"https:\/\/schubertstone.com\/#website"},"primaryImageOfPage":{"@id":"https:\/\/schubertstone.com\/shop\/naturstein\/kalkstein\/k-10-b-historisch\/#primaryimage"},"image":{"@id":"https:\/\/schubertstone.com\/shop\/naturstein\/kalkstein\/k-10-b-historisch\/#primaryimage"},"thumbnailUrl":"https:\/\/schubertstone.com\/wp-content\/uploads\/2026\/03\/Kalkstein-K-10-historisches-Pflaster.jpg","datePublished":"2026-03-26T10:29:22+00:00","dateModified":"2026-04-13T14:13:24+00:00","breadcrumb":{"@id":"https:\/\/schubertstone.com\/shop\/naturstein\/kalkstein\/k-10-b-historisch\/#breadcrumb"},"inLanguage":"en-US","potentialAction":[{"@type":"ReadAction","target":["https:\/\/schubertstone.com\/shop\/naturstein\/kalkstein\/k-10-b-historisch\/"]}]},{"@type":"ImageObject","inLanguage":"en-US","@id":"https:\/\/schubertstone.com\/shop\/naturstein\/kalkstein\/k-10-b-historisch\/#primaryimage","url":"https:\/\/schubertstone.com\/wp-content\/uploads\/2026\/03\/Kalkstein-K-10-historisches-Pflaster.jpg","contentUrl":"https:\/\/schubertstone.com\/wp-content\/uploads\/2026\/03\/Kalkstein-K-10-historisches-Pflaster.jpg","width":2048,"height":1365,"caption":"Kalkstein K 10 original historisches Pflaster B, original alte Oberfl\u00e4che, Kante gespalten, 18 x 18 x 2-4cm f\u00fcr M\u00f6rtelbettverlegung auf Beton und dann befahrbar, auch St\u00e4rke 6 oder 9cm f\u00fcr Verlegung im Splitt und befahrbar erh\u00e4ltlich"},{"@type":"BreadcrumbList","@id":"https:\/\/schubertstone.com\/shop\/naturstein\/kalkstein\/k-10-b-historisch\/#breadcrumb","itemListElement":[{"@type":"ListItem","position":1,"name":"Home","item":"https:\/\/schubertstone.com\/"},{"@type":"ListItem","position":2,"name":"Shop","item":"https:\/\/schubertstone.com\/shop\/"},{"@type":"ListItem","position":3,"name":"Kalksteinpflaster K 10 B historisch"}]},{"@type":"WebSite","@id":"https:\/\/schubertstone.com\/#website","url":"https:\/\/schubertstone.com\/","name":"SCHUBERT STONE - Natural stone, porcelain stoneware, parquet","description":"Fine floors &amp; terraces for your exclusive property","potentialAction":[{"@type":"SearchAction","target":{"@type":"EntryPoint","urlTemplate":"https:\/\/schubertstone.com\/?s={search_term_string}"},"query-input":{"@type":"PropertyValueSpecification","valueRequired":true,"valueName":"search_term_string"}}],"inLanguage":"en-US"}]}},"_links":{"self":[{"href":"https:\/\/schubertstone.com\/en\/wp-json\/wp\/v2\/product\/36881","targetHints":{"allow":["GET"]}}],"collection":[{"href":"https:\/\/schubertstone.com\/en\/wp-json\/wp\/v2\/product"}],"about":[{"href":"https:\/\/schubertstone.com\/en\/wp-json\/wp\/v2\/types\/product"}],"version-history":[{"count":2,"href":"https:\/\/schubertstone.com\/en\/wp-json\/wp\/v2\/product\/36881\/revisions"}],"predecessor-version":[{"id":36947,"href":"https:\/\/schubertstone.com\/en\/wp-json\/wp\/v2\/product\/36881\/revisions\/36947"}],"wp:featuredmedia":[{"embeddable":true,"href":"https:\/\/schubertstone.com\/en\/wp-json\/wp\/v2\/media\/36882"}],"wp:attachment":[{"href":"https:\/\/schubertstone.com\/en\/wp-json\/wp\/v2\/media?parent=36881"}],"wp:term":[{"taxonomy":"product_brand","embeddable":true,"href":"https:\/\/schubertstone.com\/en\/wp-json\/wp\/v2\/product_brand?post=36881"},{"taxonomy":"product_cat","embeddable":true,"href":"https:\/\/schubertstone.com\/en\/wp-json\/wp\/v2\/product_cat?post=36881"},{"taxonomy":"product_tag","embeddable":true,"href":"https:\/\/schubertstone.com\/en\/wp-json\/wp\/v2\/product_tag?post=36881"}],"curies":[{"name":"wp","href":"https:\/\/api.w.org\/{rel}","templated":true}]}}