{"id":36884,"date":"2026-03-26T11:49:42","date_gmt":"2026-03-26T10:49:42","guid":{"rendered":"https:\/\/schubertstone.com\/?post_type=product&#038;p=36884"},"modified":"2026-03-26T12:01:30","modified_gmt":"2026-03-26T11:01:30","slug":"sa-66-ci-system-wall","status":"publish","type":"product","link":"https:\/\/schubertstone.com\/en\/shop\/naturstein\/sandstein\/sa-66-ci-systemmauer\/","title":{"rendered":"Sandstone SA 66 CI System wall"},"content":{"rendered":"<hr \/>\n<h3 style=\"font-weight: 400;\"><strong>Properties:<\/strong><\/h3>\n<ul>\n<li class=\"p1\">Beige, cream and reddish natural tones<\/li>\n<li>Surface naturally split<\/li>\n<li>Hewn edge<\/li>\n<li class=\"p1\">System wall for a harmonious joint pattern<\/li>\n<\/ul>\n<hr \/>\n<h3 style=\"font-weight: 400;\"><strong>Resilience:<\/strong><\/h3>\n<ul>\n<li>Frost and weather resistant<\/li>\n<li>Particularly robust and dimensionally stable<\/li>\n<\/ul>\n<hr \/>\n<h3 style=\"font-weight: 400;\"><strong>Use:<\/strong><\/h3>\n<ul>\n<li class=\"p1\">Garden and retaining walls<\/li>\n<li class=\"p1\">Enclosures and privacy screens<\/li>\n<li class=\"p1\">Terrace boundaries<\/li>\n<li class=\"p1\">Mediterranean and classic architecture<\/li>\n<\/ul>\n<hr \/>\n<h3 style=\"font-weight: 400;\"><strong>Care:<\/strong><\/h3>\n<ul>\n<li>Clean with stone soap, also with the K\u00e4rcher brush<\/li>\n<\/ul>\n<hr \/>\n<h3 style=\"font-weight: 400;\"><strong>Minimum order quantity:<\/strong><\/h3>\n<p>50 m2<\/p>\n<hr \/>\n<p>&nbsp;<\/p>","protected":false},"excerpt":{"rendered":"<hr \/>\n<h2>Product description:<\/h2>\n<p><\/p>\n<p>The SA 66 CI sandstone is a high-quality <a href=\"https:\/\/schubertstone.com\/en\/natural-stone\/\">Natural stone<\/a> with warm, vibrant colors in beige, cream and reddish nuances. The natural layering and the slightly textured surface lend the <a href=\"https:\/\/schubertstone.com\/en\/good_to_know\/natural-stone-walls-for-your-property\/\">Wall<\/a> an authentic, Mediterranean look.<\/p>\n<p>The systematic design creates a harmonious yet varied joint pattern that combines naturalness and clear lines. With this <a href=\"https:\/\/schubertstone.com\/en\/natural-stone\/sandstone\/\">Sandstone<\/a> to realize elegant walls with high design quality and efficient installation at the same time.<\/p>\n<hr \/>\n<h3><strong>Available sizes:<\/strong><\/h3>\n<ul>\n<li>Free lengths x 18-63 x 20 cm<\/li>\n<\/ul>\n<hr \/>\n<p>&nbsp;<\/p>","protected":false},"featured_media":36885,"template":"","meta":[],"product_brand":[],"product_cat":[19,191,207],"product_tag":[],"class_list":{"0":"post-36884","1":"product","2":"type-product","3":"status-publish","4":"has-post-thumbnail","6":"product_cat-naturstein","7":"product_cat-sandstein","8":"product_cat-systemmauern","9":"pa_bereich-massivmauern","10":"pa_eignung-aussen","11":"pa_form-rechtecke","12":"pa_material-sandstein","13":"pa_oberflaeche-spaltrauskantenbehauen","15":"first","16":"instock","17":"shipping-taxable","18":"product-type-simple"},"yoast_head":"<!-- This site is optimized with the Yoast SEO Premium plugin v27.3 (Yoast SEO v27.4) - https:\/\/yoast.com\/product\/yoast-seo-premium-wordpress\/ -->\n<title>Sandstein SA 66 CI Systemmauer - SCHUBERT STONE - Naturstein, Feinsteinzeug, Parkett<\/title>\n<meta name=\"robots\" content=\"index, follow, max-snippet:-1, max-image-preview:large, max-video-preview:-1\" \/>\n<link rel=\"canonical\" href=\"https:\/\/schubertstone.com\/en\/store\/natural-stone\/sandstone\/sa-66-ci-system-wall\/\" \/>\n<meta property=\"og:locale\" content=\"en_US\" \/>\n<meta property=\"og:type\" content=\"article\" \/>\n<meta property=\"og:title\" content=\"Sandstein SA 66 CI Systemmauer\" \/>\n<meta property=\"og:description\" content=\"Produktbeschreibung:  Der Sandstein SA 66 CI ist ein hochwertiger Naturstein mit warmer, lebendiger Farbgebung in Beige-, Creme- und r\u00f6tlichen Nuancen. Die nat\u00fcrliche Schichtung und die leicht strukturierte Oberfl\u00e4che verleihen der Mauer eine authentische, mediterrane Ausstrahlung.  Durch die systematische Formgebung entsteht ein harmonisches, zugleich abwechslungsreiches Fugenbild, das Nat\u00fcrlichkeit und klare Linien vereint. So lassen sich mit diesem Sandstein edle Mauern mit hoher gestalterischer Qualit\u00e4t und gleichzeitig effizienter Verlegung realisieren.     Erh\u00e4ltliche Gr\u00f6\u00dfen:   Freie L\u00e4ngen x 18-63 x 20 cm     &nbsp;\" \/>\n<meta property=\"og:url\" content=\"https:\/\/schubertstone.com\/en\/store\/natural-stone\/sandstone\/sa-66-ci-system-wall\/\" \/>\n<meta property=\"og:site_name\" content=\"SCHUBERT STONE - Naturstein, Feinsteinzeug, Parkett\" \/>\n<meta property=\"article:modified_time\" content=\"2026-03-26T11:01:30+00:00\" \/>\n<meta property=\"og:image\" content=\"https:\/\/schubertstone.com\/wp-content\/uploads\/2026\/03\/Sandstein-SA-66-CI.jpg\" \/>\n\t<meta property=\"og:image:width\" content=\"2048\" \/>\n\t<meta property=\"og:image:height\" content=\"1365\" \/>\n\t<meta property=\"og:image:type\" content=\"image\/jpeg\" \/>\n<meta name=\"twitter:card\" content=\"summary_large_image\" \/>\n<meta name=\"twitter:label1\" content=\"Est. reading time\" \/>\n\t<meta name=\"twitter:data1\" content=\"1 minute\" \/>\n<script type=\"application\/ld+json\" class=\"yoast-schema-graph\">{\"@context\":\"https:\\\/\\\/schema.org\",\"@graph\":[{\"@type\":\"WebPage\",\"@id\":\"https:\\\/\\\/schubertstone.com\\\/shop\\\/naturstein\\\/sandstein\\\/sa-66-ci-systemmauer\\\/\",\"url\":\"https:\\\/\\\/schubertstone.com\\\/shop\\\/naturstein\\\/sandstein\\\/sa-66-ci-systemmauer\\\/\",\"name\":\"Sandstein SA 66 CI Systemmauer - SCHUBERT STONE - Naturstein, Feinsteinzeug, Parkett\",\"isPartOf\":{\"@id\":\"https:\\\/\\\/schubertstone.com\\\/#website\"},\"primaryImageOfPage\":{\"@id\":\"https:\\\/\\\/schubertstone.com\\\/shop\\\/naturstein\\\/sandstein\\\/sa-66-ci-systemmauer\\\/#primaryimage\"},\"image\":{\"@id\":\"https:\\\/\\\/schubertstone.com\\\/shop\\\/naturstein\\\/sandstein\\\/sa-66-ci-systemmauer\\\/#primaryimage\"},\"thumbnailUrl\":\"https:\\\/\\\/schubertstone.com\\\/wp-content\\\/uploads\\\/2026\\\/03\\\/Sandstein-SA-66-CI.jpg\",\"datePublished\":\"2026-03-26T10:49:42+00:00\",\"dateModified\":\"2026-03-26T11:01:30+00:00\",\"breadcrumb\":{\"@id\":\"https:\\\/\\\/schubertstone.com\\\/shop\\\/naturstein\\\/sandstein\\\/sa-66-ci-systemmauer\\\/#breadcrumb\"},\"inLanguage\":\"en-US\",\"potentialAction\":[{\"@type\":\"ReadAction\",\"target\":[\"https:\\\/\\\/schubertstone.com\\\/shop\\\/naturstein\\\/sandstein\\\/sa-66-ci-systemmauer\\\/\"]}]},{\"@type\":\"ImageObject\",\"inLanguage\":\"en-US\",\"@id\":\"https:\\\/\\\/schubertstone.com\\\/shop\\\/naturstein\\\/sandstein\\\/sa-66-ci-systemmauer\\\/#primaryimage\",\"url\":\"https:\\\/\\\/schubertstone.com\\\/wp-content\\\/uploads\\\/2026\\\/03\\\/Sandstein-SA-66-CI.jpg\",\"contentUrl\":\"https:\\\/\\\/schubertstone.com\\\/wp-content\\\/uploads\\\/2026\\\/03\\\/Sandstein-SA-66-CI.jpg\",\"width\":2048,\"height\":1365,\"caption\":\"Sandstein SA 66 CI, spaltrau, Kante behauen, 18-63 x 20cm\"},{\"@type\":\"BreadcrumbList\",\"@id\":\"https:\\\/\\\/schubertstone.com\\\/shop\\\/naturstein\\\/sandstein\\\/sa-66-ci-systemmauer\\\/#breadcrumb\",\"itemListElement\":[{\"@type\":\"ListItem\",\"position\":1,\"name\":\"Home\",\"item\":\"https:\\\/\\\/schubertstone.com\\\/\"},{\"@type\":\"ListItem\",\"position\":2,\"name\":\"Shop\",\"item\":\"https:\\\/\\\/schubertstone.com\\\/shop\\\/\"},{\"@type\":\"ListItem\",\"position\":3,\"name\":\"Sandstein SA 66 CI Systemmauer\"}]},{\"@type\":\"WebSite\",\"@id\":\"https:\\\/\\\/schubertstone.com\\\/#website\",\"url\":\"https:\\\/\\\/schubertstone.com\\\/\",\"name\":\"SCHUBERT STONE - Naturstein, Feinsteinzeug, Parkett\",\"description\":\"Edle B\u00f6den &amp; Terrassen f\u00fcr Ihre exklusive Immobilie\",\"potentialAction\":[{\"@type\":\"SearchAction\",\"target\":{\"@type\":\"EntryPoint\",\"urlTemplate\":\"https:\\\/\\\/schubertstone.com\\\/?s={search_term_string}\"},\"query-input\":{\"@type\":\"PropertyValueSpecification\",\"valueRequired\":true,\"valueName\":\"search_term_string\"}}],\"inLanguage\":\"en-US\"}]}<\/script>\n<!-- \/ Yoast SEO Premium plugin. -->","yoast_head_json":{"title":"Sandstone SA 66 CI System wall - SCHUBERT STONE - Natural stone, porcelain stoneware, parquet","robots":{"index":"index","follow":"follow","max-snippet":"max-snippet:-1","max-image-preview":"max-image-preview:large","max-video-preview":"max-video-preview:-1"},"canonical":"https:\/\/schubertstone.com\/en\/store\/natural-stone\/sandstone\/sa-66-ci-system-wall\/","og_locale":"en_US","og_type":"article","og_title":"Sandstein SA 66 CI Systemmauer","og_description":"Produktbeschreibung:  Der Sandstein SA 66 CI ist ein hochwertiger Naturstein mit warmer, lebendiger Farbgebung in Beige-, Creme- und r\u00f6tlichen Nuancen. Die nat\u00fcrliche Schichtung und die leicht strukturierte Oberfl\u00e4che verleihen der Mauer eine authentische, mediterrane Ausstrahlung.  Durch die systematische Formgebung entsteht ein harmonisches, zugleich abwechslungsreiches Fugenbild, das Nat\u00fcrlichkeit und klare Linien vereint. So lassen sich mit diesem Sandstein edle Mauern mit hoher gestalterischer Qualit\u00e4t und gleichzeitig effizienter Verlegung realisieren.     Erh\u00e4ltliche Gr\u00f6\u00dfen:   Freie L\u00e4ngen x 18-63 x 20 cm     &nbsp;","og_url":"https:\/\/schubertstone.com\/en\/store\/natural-stone\/sandstone\/sa-66-ci-system-wall\/","og_site_name":"SCHUBERT STONE - Naturstein, Feinsteinzeug, Parkett","article_modified_time":"2026-03-26T11:01:30+00:00","og_image":[{"width":2048,"height":1365,"url":"https:\/\/schubertstone.com\/wp-content\/uploads\/2026\/03\/Sandstein-SA-66-CI.jpg","type":"image\/jpeg"}],"twitter_card":"summary_large_image","twitter_misc":{"Est. reading time":"1 minute"},"schema":{"@context":"https:\/\/schema.org","@graph":[{"@type":"WebPage","@id":"https:\/\/schubertstone.com\/shop\/naturstein\/sandstein\/sa-66-ci-systemmauer\/","url":"https:\/\/schubertstone.com\/shop\/naturstein\/sandstein\/sa-66-ci-systemmauer\/","name":"Sandstone SA 66 CI System wall - SCHUBERT STONE - Natural stone, porcelain stoneware, parquet","isPartOf":{"@id":"https:\/\/schubertstone.com\/#website"},"primaryImageOfPage":{"@id":"https:\/\/schubertstone.com\/shop\/naturstein\/sandstein\/sa-66-ci-systemmauer\/#primaryimage"},"image":{"@id":"https:\/\/schubertstone.com\/shop\/naturstein\/sandstein\/sa-66-ci-systemmauer\/#primaryimage"},"thumbnailUrl":"https:\/\/schubertstone.com\/wp-content\/uploads\/2026\/03\/Sandstein-SA-66-CI.jpg","datePublished":"2026-03-26T10:49:42+00:00","dateModified":"2026-03-26T11:01:30+00:00","breadcrumb":{"@id":"https:\/\/schubertstone.com\/shop\/naturstein\/sandstein\/sa-66-ci-systemmauer\/#breadcrumb"},"inLanguage":"en-US","potentialAction":[{"@type":"ReadAction","target":["https:\/\/schubertstone.com\/shop\/naturstein\/sandstein\/sa-66-ci-systemmauer\/"]}]},{"@type":"ImageObject","inLanguage":"en-US","@id":"https:\/\/schubertstone.com\/shop\/naturstein\/sandstein\/sa-66-ci-systemmauer\/#primaryimage","url":"https:\/\/schubertstone.com\/wp-content\/uploads\/2026\/03\/Sandstein-SA-66-CI.jpg","contentUrl":"https:\/\/schubertstone.com\/wp-content\/uploads\/2026\/03\/Sandstein-SA-66-CI.jpg","width":2048,"height":1365,"caption":"Sandstein SA 66 CI, spaltrau, Kante behauen, 18-63 x 20cm"},{"@type":"BreadcrumbList","@id":"https:\/\/schubertstone.com\/shop\/naturstein\/sandstein\/sa-66-ci-systemmauer\/#breadcrumb","itemListElement":[{"@type":"ListItem","position":1,"name":"Home","item":"https:\/\/schubertstone.com\/"},{"@type":"ListItem","position":2,"name":"Shop","item":"https:\/\/schubertstone.com\/shop\/"},{"@type":"ListItem","position":3,"name":"Sandstein SA 66 CI Systemmauer"}]},{"@type":"WebSite","@id":"https:\/\/schubertstone.com\/#website","url":"https:\/\/schubertstone.com\/","name":"SCHUBERT STONE - Natural stone, porcelain stoneware, parquet","description":"Fine floors &amp; terraces for your exclusive property","potentialAction":[{"@type":"SearchAction","target":{"@type":"EntryPoint","urlTemplate":"https:\/\/schubertstone.com\/?s={search_term_string}"},"query-input":{"@type":"PropertyValueSpecification","valueRequired":true,"valueName":"search_term_string"}}],"inLanguage":"en-US"}]}},"_links":{"self":[{"href":"https:\/\/schubertstone.com\/en\/wp-json\/wp\/v2\/product\/36884","targetHints":{"allow":["GET"]}}],"collection":[{"href":"https:\/\/schubertstone.com\/en\/wp-json\/wp\/v2\/product"}],"about":[{"href":"https:\/\/schubertstone.com\/en\/wp-json\/wp\/v2\/types\/product"}],"version-history":[{"count":2,"href":"https:\/\/schubertstone.com\/en\/wp-json\/wp\/v2\/product\/36884\/revisions"}],"predecessor-version":[{"id":36896,"href":"https:\/\/schubertstone.com\/en\/wp-json\/wp\/v2\/product\/36884\/revisions\/36896"}],"wp:featuredmedia":[{"embeddable":true,"href":"https:\/\/schubertstone.com\/en\/wp-json\/wp\/v2\/media\/36885"}],"wp:attachment":[{"href":"https:\/\/schubertstone.com\/en\/wp-json\/wp\/v2\/media?parent=36884"}],"wp:term":[{"taxonomy":"product_brand","embeddable":true,"href":"https:\/\/schubertstone.com\/en\/wp-json\/wp\/v2\/product_brand?post=36884"},{"taxonomy":"product_cat","embeddable":true,"href":"https:\/\/schubertstone.com\/en\/wp-json\/wp\/v2\/product_cat?post=36884"},{"taxonomy":"product_tag","embeddable":true,"href":"https:\/\/schubertstone.com\/en\/wp-json\/wp\/v2\/product_tag?post=36884"}],"curies":[{"name":"wp","href":"https:\/\/api.w.org\/{rel}","templated":true}]}}