{"id":36897,"date":"2026-03-26T12:09:20","date_gmt":"2026-03-26T11:09:20","guid":{"rendered":"https:\/\/schubertstone.com\/?post_type=product&#038;p=36897"},"modified":"2026-03-26T12:31:20","modified_gmt":"2026-03-26T11:31:20","slug":"k-242-split-masonry-fo","status":"publish","type":"product","link":"https:\/\/schubertstone.com\/en\/shop\/naturstein\/kalkstein\/k-242-spaltmauerwerk-fo\/","title":{"rendered":"Limestone K 242 Split masonry FO"},"content":{"rendered":"<hr \/>\n<h3 style=\"font-weight: 400;\"><strong>Properties:<\/strong><\/h3>\n<ul>\n<li class=\"p1\">Light beige to gray tones<\/li>\n<li>Surface naturally split<\/li>\n<li>Sawed side surfaces<\/li>\n<li class=\"p1\">Elongated formats with clear lines<\/li>\n<\/ul>\n<hr \/>\n<h3 style=\"font-weight: 400;\"><strong>Resilience:<\/strong><\/h3>\n<ul>\n<li>Frost and weather resistant<\/li>\n<li>Particularly robust and dimensionally stable<\/li>\n<\/ul>\n<hr \/>\n<h3 style=\"font-weight: 400;\"><strong>Use:<\/strong><\/h3>\n<ul>\n<li class=\"p1\">Garden and retaining walls<\/li>\n<li class=\"p1\">Enclosures and privacy screens<\/li>\n<li class=\"p1\">Terrace and slope reinforcements<\/li>\n<li class=\"p1\">Modern and classic architecture<\/li>\n<\/ul>\n<hr \/>\n<h3 style=\"font-weight: 400;\"><strong>Care:<\/strong><\/h3>\n<ul>\n<li>Clean with stone soap, also with the K\u00e4rcher brush<\/li>\n<\/ul>\n<hr \/>\n<h3 style=\"font-weight: 400;\"><strong>Minimum order quantity:<\/strong><\/h3>\n<p>30 m2<\/p>\n<hr \/>\n<p>&nbsp;<\/p>","protected":false},"excerpt":{"rendered":"<hr \/>\n<h2>Product description:<\/h2>\n<p><\/p>\n<p>The K 242 split face masonry FO limestone is a high-quality <a href=\"https:\/\/schubertstone.com\/en\/natural-stone\/\">Natural stone<\/a> with a naturally split surface full of character. The light beige to gray tones give the wall a calm yet lively appearance with an authentic character.<\/p>\n<p>The elongated formats and the striking structure of the <a href=\"https:\/\/schubertstone.com\/en\/limestone\/\">Limestone<\/a> create a powerful, architectural appearance with clear lines and natural depth. This creates <a href=\"https:\/\/schubertstone.com\/en\/good_to_know\/natural-stone-walls-for-your-property\/\">Walls<\/a> with a timeless effect that can be integrated into both modern and classic design concepts.<\/p>\n<hr \/>\n<h3><strong>Available sizes:<\/strong><\/h3>\n<ul>\n<li>Solid 1-sided, layer height 15 cm, free lengths, thickness 22 cm<\/li>\n<li>Solid 1-sided, layer height 22.5 cm, free lengths, thickness 22 cm<\/li>\n<\/ul>\n<hr \/>\n<p>&nbsp;<\/p>","protected":false},"featured_media":36898,"template":"","meta":[],"product_brand":[],"product_cat":[169,19,207],"product_tag":[],"class_list":{"0":"post-36897","1":"product","2":"type-product","3":"status-publish","4":"has-post-thumbnail","6":"product_cat-kalkstein","7":"product_cat-naturstein","8":"product_cat-systemmauern","9":"pa_bereich-massivmauern","10":"pa_eignung-aussen","11":"pa_form-rechtecke","12":"pa_material-kalkstein","13":"pa_oberflaeche-spaltrauskantenbehauen","15":"first","16":"instock","17":"shipping-taxable","18":"product-type-simple"},"yoast_head":"<!-- This site is optimized with the Yoast SEO Premium plugin v27.3 (Yoast SEO v27.4) - https:\/\/yoast.com\/product\/yoast-seo-premium-wordpress\/ -->\n<title>Kalkstein K 242 Spaltmauerwerk FO - SCHUBERT STONE - Naturstein, Feinsteinzeug, Parkett<\/title>\n<meta name=\"robots\" content=\"index, follow, max-snippet:-1, max-image-preview:large, max-video-preview:-1\" \/>\n<link rel=\"canonical\" href=\"https:\/\/schubertstone.com\/en\/store\/natural-stone\/limestone\/k-242-split-masonry-fo\/\" \/>\n<meta property=\"og:locale\" content=\"en_US\" \/>\n<meta property=\"og:type\" content=\"article\" \/>\n<meta property=\"og:title\" content=\"Kalkstein K 242 Spaltmauerwerk FO\" \/>\n<meta property=\"og:description\" content=\"Produktbeschreibung:  Der Kalkstein K 242 Spaltmauerwerk FO ist ein hochwertiger Naturstein mit charaktervoller, nat\u00fcrlich gespaltener Oberfl\u00e4che. Die hellen Beige- bis Graut\u00f6ne verleihen der Mauer eine ruhige, zugleich lebendige Ausstrahlung mit authentischem Charakter.  Die l\u00e4nglichen Formate und die markante Struktur des Kalksteins erzeugen ein kraftvolles, architektonisches Erscheinungsbild mit klaren Linien und nat\u00fcrlicher Tiefe. Dadurch entstehen Mauern mit zeitloser Wirkung, die sich sowohl in moderne als auch in klassische Gestaltungskonzepte integrieren lassen.     Erh\u00e4ltliche Gr\u00f6\u00dfen:   Massiv 1-seitig, Schichth\u00f6he 15 cm, freie L\u00e4ngen, St\u00e4rke 22 cm  Massiv 1-seitig, Schichth\u00f6he 22,5 cm, freie L\u00e4ngen, St\u00e4rke 22 cm     &nbsp;\" \/>\n<meta property=\"og:url\" content=\"https:\/\/schubertstone.com\/en\/store\/natural-stone\/limestone\/k-242-split-masonry-fo\/\" \/>\n<meta property=\"og:site_name\" content=\"SCHUBERT STONE - Naturstein, Feinsteinzeug, Parkett\" \/>\n<meta property=\"article:modified_time\" content=\"2026-03-26T11:31:20+00:00\" \/>\n<meta property=\"og:image\" content=\"https:\/\/schubertstone.com\/wp-content\/uploads\/2026\/03\/Kalkstein-K-242-FO.jpg\" \/>\n\t<meta property=\"og:image:width\" content=\"2048\" \/>\n\t<meta property=\"og:image:height\" content=\"1536\" \/>\n\t<meta property=\"og:image:type\" content=\"image\/jpeg\" \/>\n<meta name=\"twitter:card\" content=\"summary_large_image\" \/>\n<meta name=\"twitter:label1\" content=\"Est. reading time\" \/>\n\t<meta name=\"twitter:data1\" content=\"1 minute\" \/>\n<script type=\"application\/ld+json\" class=\"yoast-schema-graph\">{\"@context\":\"https:\\\/\\\/schema.org\",\"@graph\":[{\"@type\":\"WebPage\",\"@id\":\"https:\\\/\\\/schubertstone.com\\\/shop\\\/naturstein\\\/kalkstein\\\/k-242-spaltmauerwerk-fo\\\/\",\"url\":\"https:\\\/\\\/schubertstone.com\\\/shop\\\/naturstein\\\/kalkstein\\\/k-242-spaltmauerwerk-fo\\\/\",\"name\":\"Kalkstein K 242 Spaltmauerwerk FO - SCHUBERT STONE - Naturstein, Feinsteinzeug, Parkett\",\"isPartOf\":{\"@id\":\"https:\\\/\\\/schubertstone.com\\\/#website\"},\"primaryImageOfPage\":{\"@id\":\"https:\\\/\\\/schubertstone.com\\\/shop\\\/naturstein\\\/kalkstein\\\/k-242-spaltmauerwerk-fo\\\/#primaryimage\"},\"image\":{\"@id\":\"https:\\\/\\\/schubertstone.com\\\/shop\\\/naturstein\\\/kalkstein\\\/k-242-spaltmauerwerk-fo\\\/#primaryimage\"},\"thumbnailUrl\":\"https:\\\/\\\/schubertstone.com\\\/wp-content\\\/uploads\\\/2026\\\/03\\\/Kalkstein-K-242-FO.jpg\",\"datePublished\":\"2026-03-26T11:09:20+00:00\",\"dateModified\":\"2026-03-26T11:31:20+00:00\",\"breadcrumb\":{\"@id\":\"https:\\\/\\\/schubertstone.com\\\/shop\\\/naturstein\\\/kalkstein\\\/k-242-spaltmauerwerk-fo\\\/#breadcrumb\"},\"inLanguage\":\"en-US\",\"potentialAction\":[{\"@type\":\"ReadAction\",\"target\":[\"https:\\\/\\\/schubertstone.com\\\/shop\\\/naturstein\\\/kalkstein\\\/k-242-spaltmauerwerk-fo\\\/\"]}]},{\"@type\":\"ImageObject\",\"inLanguage\":\"en-US\",\"@id\":\"https:\\\/\\\/schubertstone.com\\\/shop\\\/naturstein\\\/kalkstein\\\/k-242-spaltmauerwerk-fo\\\/#primaryimage\",\"url\":\"https:\\\/\\\/schubertstone.com\\\/wp-content\\\/uploads\\\/2026\\\/03\\\/Kalkstein-K-242-FO.jpg\",\"contentUrl\":\"https:\\\/\\\/schubertstone.com\\\/wp-content\\\/uploads\\\/2026\\\/03\\\/Kalkstein-K-242-FO.jpg\",\"width\":2048,\"height\":1536,\"caption\":\"Kalkstein K 242 FO Mauerstein massiv 1-seitig, Oberfl\u00e4che gespalten, Seitenfl\u00e4chen ges\u00e4gt, Schichth\u00f6hen 15cm, 22,5cm, freie L\u00e4ngen, St\u00e4rke 22cm\"},{\"@type\":\"BreadcrumbList\",\"@id\":\"https:\\\/\\\/schubertstone.com\\\/shop\\\/naturstein\\\/kalkstein\\\/k-242-spaltmauerwerk-fo\\\/#breadcrumb\",\"itemListElement\":[{\"@type\":\"ListItem\",\"position\":1,\"name\":\"Home\",\"item\":\"https:\\\/\\\/schubertstone.com\\\/\"},{\"@type\":\"ListItem\",\"position\":2,\"name\":\"Shop\",\"item\":\"https:\\\/\\\/schubertstone.com\\\/shop\\\/\"},{\"@type\":\"ListItem\",\"position\":3,\"name\":\"Kalkstein K 242 Spaltmauerwerk FO\"}]},{\"@type\":\"WebSite\",\"@id\":\"https:\\\/\\\/schubertstone.com\\\/#website\",\"url\":\"https:\\\/\\\/schubertstone.com\\\/\",\"name\":\"SCHUBERT STONE - Naturstein, Feinsteinzeug, Parkett\",\"description\":\"Edle B\u00f6den &amp; Terrassen f\u00fcr Ihre exklusive Immobilie\",\"potentialAction\":[{\"@type\":\"SearchAction\",\"target\":{\"@type\":\"EntryPoint\",\"urlTemplate\":\"https:\\\/\\\/schubertstone.com\\\/?s={search_term_string}\"},\"query-input\":{\"@type\":\"PropertyValueSpecification\",\"valueRequired\":true,\"valueName\":\"search_term_string\"}}],\"inLanguage\":\"en-US\"}]}<\/script>\n<!-- \/ Yoast SEO Premium plugin. -->","yoast_head_json":{"title":"Limestone K 242 Split masonry FO - SCHUBERT STONE - Natural stone, fine stoneware, parquet","robots":{"index":"index","follow":"follow","max-snippet":"max-snippet:-1","max-image-preview":"max-image-preview:large","max-video-preview":"max-video-preview:-1"},"canonical":"https:\/\/schubertstone.com\/en\/store\/natural-stone\/limestone\/k-242-split-masonry-fo\/","og_locale":"en_US","og_type":"article","og_title":"Kalkstein K 242 Spaltmauerwerk FO","og_description":"Produktbeschreibung:  Der Kalkstein K 242 Spaltmauerwerk FO ist ein hochwertiger Naturstein mit charaktervoller, nat\u00fcrlich gespaltener Oberfl\u00e4che. Die hellen Beige- bis Graut\u00f6ne verleihen der Mauer eine ruhige, zugleich lebendige Ausstrahlung mit authentischem Charakter.  Die l\u00e4nglichen Formate und die markante Struktur des Kalksteins erzeugen ein kraftvolles, architektonisches Erscheinungsbild mit klaren Linien und nat\u00fcrlicher Tiefe. Dadurch entstehen Mauern mit zeitloser Wirkung, die sich sowohl in moderne als auch in klassische Gestaltungskonzepte integrieren lassen.     Erh\u00e4ltliche Gr\u00f6\u00dfen:   Massiv 1-seitig, Schichth\u00f6he 15 cm, freie L\u00e4ngen, St\u00e4rke 22 cm  Massiv 1-seitig, Schichth\u00f6he 22,5 cm, freie L\u00e4ngen, St\u00e4rke 22 cm     &nbsp;","og_url":"https:\/\/schubertstone.com\/en\/store\/natural-stone\/limestone\/k-242-split-masonry-fo\/","og_site_name":"SCHUBERT STONE - Naturstein, Feinsteinzeug, Parkett","article_modified_time":"2026-03-26T11:31:20+00:00","og_image":[{"width":2048,"height":1536,"url":"https:\/\/schubertstone.com\/wp-content\/uploads\/2026\/03\/Kalkstein-K-242-FO.jpg","type":"image\/jpeg"}],"twitter_card":"summary_large_image","twitter_misc":{"Est. reading time":"1 minute"},"schema":{"@context":"https:\/\/schema.org","@graph":[{"@type":"WebPage","@id":"https:\/\/schubertstone.com\/shop\/naturstein\/kalkstein\/k-242-spaltmauerwerk-fo\/","url":"https:\/\/schubertstone.com\/shop\/naturstein\/kalkstein\/k-242-spaltmauerwerk-fo\/","name":"Limestone K 242 Split masonry FO - SCHUBERT STONE - Natural stone, fine stoneware, parquet","isPartOf":{"@id":"https:\/\/schubertstone.com\/#website"},"primaryImageOfPage":{"@id":"https:\/\/schubertstone.com\/shop\/naturstein\/kalkstein\/k-242-spaltmauerwerk-fo\/#primaryimage"},"image":{"@id":"https:\/\/schubertstone.com\/shop\/naturstein\/kalkstein\/k-242-spaltmauerwerk-fo\/#primaryimage"},"thumbnailUrl":"https:\/\/schubertstone.com\/wp-content\/uploads\/2026\/03\/Kalkstein-K-242-FO.jpg","datePublished":"2026-03-26T11:09:20+00:00","dateModified":"2026-03-26T11:31:20+00:00","breadcrumb":{"@id":"https:\/\/schubertstone.com\/shop\/naturstein\/kalkstein\/k-242-spaltmauerwerk-fo\/#breadcrumb"},"inLanguage":"en-US","potentialAction":[{"@type":"ReadAction","target":["https:\/\/schubertstone.com\/shop\/naturstein\/kalkstein\/k-242-spaltmauerwerk-fo\/"]}]},{"@type":"ImageObject","inLanguage":"en-US","@id":"https:\/\/schubertstone.com\/shop\/naturstein\/kalkstein\/k-242-spaltmauerwerk-fo\/#primaryimage","url":"https:\/\/schubertstone.com\/wp-content\/uploads\/2026\/03\/Kalkstein-K-242-FO.jpg","contentUrl":"https:\/\/schubertstone.com\/wp-content\/uploads\/2026\/03\/Kalkstein-K-242-FO.jpg","width":2048,"height":1536,"caption":"Kalkstein K 242 FO Mauerstein massiv 1-seitig, Oberfl\u00e4che gespalten, Seitenfl\u00e4chen ges\u00e4gt, Schichth\u00f6hen 15cm, 22,5cm, freie L\u00e4ngen, St\u00e4rke 22cm"},{"@type":"BreadcrumbList","@id":"https:\/\/schubertstone.com\/shop\/naturstein\/kalkstein\/k-242-spaltmauerwerk-fo\/#breadcrumb","itemListElement":[{"@type":"ListItem","position":1,"name":"Home","item":"https:\/\/schubertstone.com\/"},{"@type":"ListItem","position":2,"name":"Shop","item":"https:\/\/schubertstone.com\/shop\/"},{"@type":"ListItem","position":3,"name":"Kalkstein K 242 Spaltmauerwerk FO"}]},{"@type":"WebSite","@id":"https:\/\/schubertstone.com\/#website","url":"https:\/\/schubertstone.com\/","name":"SCHUBERT STONE - Natural stone, porcelain stoneware, parquet","description":"Fine floors &amp; terraces for your exclusive property","potentialAction":[{"@type":"SearchAction","target":{"@type":"EntryPoint","urlTemplate":"https:\/\/schubertstone.com\/?s={search_term_string}"},"query-input":{"@type":"PropertyValueSpecification","valueRequired":true,"valueName":"search_term_string"}}],"inLanguage":"en-US"}]}},"_links":{"self":[{"href":"https:\/\/schubertstone.com\/en\/wp-json\/wp\/v2\/product\/36897","targetHints":{"allow":["GET"]}}],"collection":[{"href":"https:\/\/schubertstone.com\/en\/wp-json\/wp\/v2\/product"}],"about":[{"href":"https:\/\/schubertstone.com\/en\/wp-json\/wp\/v2\/types\/product"}],"version-history":[{"count":1,"href":"https:\/\/schubertstone.com\/en\/wp-json\/wp\/v2\/product\/36897\/revisions"}],"predecessor-version":[{"id":36901,"href":"https:\/\/schubertstone.com\/en\/wp-json\/wp\/v2\/product\/36897\/revisions\/36901"}],"wp:featuredmedia":[{"embeddable":true,"href":"https:\/\/schubertstone.com\/en\/wp-json\/wp\/v2\/media\/36898"}],"wp:attachment":[{"href":"https:\/\/schubertstone.com\/en\/wp-json\/wp\/v2\/media?parent=36897"}],"wp:term":[{"taxonomy":"product_brand","embeddable":true,"href":"https:\/\/schubertstone.com\/en\/wp-json\/wp\/v2\/product_brand?post=36897"},{"taxonomy":"product_cat","embeddable":true,"href":"https:\/\/schubertstone.com\/en\/wp-json\/wp\/v2\/product_cat?post=36897"},{"taxonomy":"product_tag","embeddable":true,"href":"https:\/\/schubertstone.com\/en\/wp-json\/wp\/v2\/product_tag?post=36897"}],"curies":[{"name":"wp","href":"https:\/\/api.w.org\/{rel}","templated":true}]}}