{"id":36908,"date":"2026-03-26T13:02:43","date_gmt":"2026-03-26T12:02:43","guid":{"rendered":"https:\/\/schubertstone.com\/?post_type=product&#038;p=36908"},"modified":"2026-04-13T17:38:09","modified_gmt":"2026-04-13T15:38:09","slug":"nocciole-mauer","status":"publish","type":"product","link":"https:\/\/schubertstone.com\/en\/shop\/naturstein\/travertin\/nocciole-mauer\/","title":{"rendered":"Travertin Nocciole Mauer"},"content":{"rendered":"<hr \/>\n<h3 style=\"font-weight: 400;\"><strong>Properties:<\/strong><\/h3>\n<ul>\n<li class=\"p1\">Warme Beige- und Nuss-T\u00f6ne<\/li>\n<li class=\"p1\">Surface split and tumbled<\/li>\n<li>Sawed side surfaces<\/li>\n<li>L\u00e4ngliche Formate mit dynamischer Linienf\u00fchrung<\/li>\n<\/ul>\n<hr \/>\n<h3 style=\"font-weight: 400;\"><strong>Resilience:<\/strong><\/h3>\n<ul>\n<li>Frost and weather resistant<\/li>\n<li>Particularly robust and dimensionally stable<\/li>\n<\/ul>\n<hr \/>\n<h3 style=\"font-weight: 400;\"><strong>Use:<\/strong><\/h3>\n<ul>\n<li>Garten- und Sichtschutzmauern<\/li>\n<li>Terrace boundaries<\/li>\n<li>Innen- und Au\u00dfenw\u00e4nde<\/li>\n<li>Mediterrane und elegante Architektur<\/li>\n<\/ul>\n<hr \/>\n<h3 style=\"font-weight: 400;\"><strong>Care:<\/strong><\/h3>\n<ul>\n<li>Mit Steinseife reinigen<\/li>\n<\/ul>\n<hr \/>\n<h3 style=\"font-weight: 400;\"><strong>Minimum order quantity:<\/strong><\/h3>\n<p>30 m2<\/p>\n<hr \/>\n<p>&nbsp;<\/p>","protected":false},"excerpt":{"rendered":"<hr \/>\n<h2>Product description:<\/h2>\n<p><\/p>\n<p>Der Travertin Nocciole ist ein hochwertiger <a href=\"https:\/\/schubertstone.com\/en\/natural-stone\/\">Natural stone<\/a> mit warmer, mediterraner Ausstrahlung in Beige-, Nuss- und leicht goldenen Nuancen. Die nat\u00fcrliche Porenstruktur des Travertins verleiht der Oberfl\u00e4che eine lebendige, elegante Tiefe.<\/p>\n<p>Durch das Systemformat entsteht ein abwechslungsreiches, dennoch harmonisches Verlegebild mit klarer Struktur. So lassen sich <a href=\"https:\/\/schubertstone.com\/en\/good_to_know\/natural-stone-walls-for-your-property\/\">Walls<\/a> gestalten, die sowohl Nat\u00fcrlichkeit als auch architektonische Raffinesse ausstrahlen.<\/p>\n<hr \/>\n<h3><strong>Available sizes:<\/strong><\/h3>\n<ul>\n<li>Schichth\u00f6hen 22,5\/15\/7,5 cm, freie L\u00e4ngen, St\u00e4rke 20 cm<\/li>\n<\/ul>\n<hr \/>\n<p>&nbsp;<\/p>","protected":false},"featured_media":36973,"template":"","meta":[],"product_brand":[],"product_cat":[19,207,188],"product_tag":[],"class_list":{"0":"post-36908","1":"product","2":"type-product","3":"status-publish","4":"has-post-thumbnail","6":"product_cat-naturstein","7":"product_cat-systemmauern","8":"product_cat-travertin","9":"pa_bereich-massivmauern","10":"pa_eignung-aussen","11":"pa_form-rechtecke","12":"pa_material-dolomit","13":"pa_oberflaeche-spaltrauskantenbehauen","15":"first","16":"instock","17":"shipping-taxable","18":"product-type-simple"},"yoast_head":"<!-- This site is optimized with the Yoast SEO Premium plugin v27.3 (Yoast SEO v27.4) - https:\/\/yoast.com\/product\/yoast-seo-premium-wordpress\/ -->\n<title>Travertin Nocciole Mauer - SCHUBERT STONE - Naturstein, Feinsteinzeug, Parkett<\/title>\n<meta name=\"robots\" content=\"index, follow, max-snippet:-1, max-image-preview:large, max-video-preview:-1\" \/>\n<link rel=\"canonical\" href=\"https:\/\/schubertstone.com\/en\/store\/natural-stone\/travertine\/nocciole-mauer\/\" \/>\n<meta property=\"og:locale\" content=\"en_US\" \/>\n<meta property=\"og:type\" content=\"article\" \/>\n<meta property=\"og:title\" content=\"Travertin Nocciole Mauer\" \/>\n<meta property=\"og:description\" content=\"Produktbeschreibung:  Der Travertin Nocciole ist ein hochwertiger Naturstein mit warmer, mediterraner Ausstrahlung in Beige-, Nuss- und leicht goldenen Nuancen. Die nat\u00fcrliche Porenstruktur des Travertins verleiht der Oberfl\u00e4che eine lebendige, elegante Tiefe.  Durch das Systemformat entsteht ein abwechslungsreiches, dennoch harmonisches Verlegebild mit klarer Struktur. So lassen sich Mauern gestalten, die sowohl Nat\u00fcrlichkeit als auch architektonische Raffinesse ausstrahlen.     Erh\u00e4ltliche Gr\u00f6\u00dfen:   Schichth\u00f6hen 22,5\/15\/7,5 cm, freie L\u00e4ngen, St\u00e4rke 20 cm     &nbsp;\" \/>\n<meta property=\"og:url\" content=\"https:\/\/schubertstone.com\/en\/store\/natural-stone\/travertine\/nocciole-mauer\/\" \/>\n<meta property=\"og:site_name\" content=\"SCHUBERT STONE - Naturstein, Feinsteinzeug, Parkett\" \/>\n<meta property=\"article:modified_time\" content=\"2026-04-13T15:38:09+00:00\" \/>\n<meta property=\"og:image\" content=\"https:\/\/schubertstone.com\/wp-content\/uploads\/2026\/03\/Travertin-Nocciole-Mauer-2.jpg\" \/>\n\t<meta property=\"og:image:width\" content=\"2048\" \/>\n\t<meta property=\"og:image:height\" content=\"1365\" \/>\n\t<meta property=\"og:image:type\" content=\"image\/jpeg\" \/>\n<meta name=\"twitter:card\" content=\"summary_large_image\" \/>\n<meta name=\"twitter:label1\" content=\"Est. reading time\" \/>\n\t<meta name=\"twitter:data1\" content=\"1 minute\" \/>\n<script type=\"application\/ld+json\" class=\"yoast-schema-graph\">{\"@context\":\"https:\\\/\\\/schema.org\",\"@graph\":[{\"@type\":\"WebPage\",\"@id\":\"https:\\\/\\\/schubertstone.com\\\/shop\\\/naturstein\\\/travertin\\\/nocciole-mauer\\\/\",\"url\":\"https:\\\/\\\/schubertstone.com\\\/shop\\\/naturstein\\\/travertin\\\/nocciole-mauer\\\/\",\"name\":\"Travertin Nocciole Mauer - SCHUBERT STONE - Naturstein, Feinsteinzeug, Parkett\",\"isPartOf\":{\"@id\":\"https:\\\/\\\/schubertstone.com\\\/#website\"},\"primaryImageOfPage\":{\"@id\":\"https:\\\/\\\/schubertstone.com\\\/shop\\\/naturstein\\\/travertin\\\/nocciole-mauer\\\/#primaryimage\"},\"image\":{\"@id\":\"https:\\\/\\\/schubertstone.com\\\/shop\\\/naturstein\\\/travertin\\\/nocciole-mauer\\\/#primaryimage\"},\"thumbnailUrl\":\"https:\\\/\\\/schubertstone.com\\\/wp-content\\\/uploads\\\/2026\\\/03\\\/Travertin-Nocciole-Mauer-2.jpg\",\"datePublished\":\"2026-03-26T12:02:43+00:00\",\"dateModified\":\"2026-04-13T15:38:09+00:00\",\"breadcrumb\":{\"@id\":\"https:\\\/\\\/schubertstone.com\\\/shop\\\/naturstein\\\/travertin\\\/nocciole-mauer\\\/#breadcrumb\"},\"inLanguage\":\"en-US\",\"potentialAction\":[{\"@type\":\"ReadAction\",\"target\":[\"https:\\\/\\\/schubertstone.com\\\/shop\\\/naturstein\\\/travertin\\\/nocciole-mauer\\\/\"]}]},{\"@type\":\"ImageObject\",\"inLanguage\":\"en-US\",\"@id\":\"https:\\\/\\\/schubertstone.com\\\/shop\\\/naturstein\\\/travertin\\\/nocciole-mauer\\\/#primaryimage\",\"url\":\"https:\\\/\\\/schubertstone.com\\\/wp-content\\\/uploads\\\/2026\\\/03\\\/Travertin-Nocciole-Mauer-2.jpg\",\"contentUrl\":\"https:\\\/\\\/schubertstone.com\\\/wp-content\\\/uploads\\\/2026\\\/03\\\/Travertin-Nocciole-Mauer-2.jpg\",\"width\":2048,\"height\":1365,\"caption\":\"Edeltravertin Nocciole, gespalten und getrommelt, Schichth\u00f6hen 22,5cm, 15cm, 7,5cm, freie L\u00e4ngen, St\u00e4rke: 20cm\"},{\"@type\":\"BreadcrumbList\",\"@id\":\"https:\\\/\\\/schubertstone.com\\\/shop\\\/naturstein\\\/travertin\\\/nocciole-mauer\\\/#breadcrumb\",\"itemListElement\":[{\"@type\":\"ListItem\",\"position\":1,\"name\":\"Home\",\"item\":\"https:\\\/\\\/schubertstone.com\\\/\"},{\"@type\":\"ListItem\",\"position\":2,\"name\":\"Shop\",\"item\":\"https:\\\/\\\/schubertstone.com\\\/shop\\\/\"},{\"@type\":\"ListItem\",\"position\":3,\"name\":\"Travertin Nocciole Mauer\"}]},{\"@type\":\"WebSite\",\"@id\":\"https:\\\/\\\/schubertstone.com\\\/#website\",\"url\":\"https:\\\/\\\/schubertstone.com\\\/\",\"name\":\"SCHUBERT STONE - Naturstein, Feinsteinzeug, Parkett\",\"description\":\"Edle B\u00f6den &amp; Terrassen f\u00fcr Ihre exklusive Immobilie\",\"potentialAction\":[{\"@type\":\"SearchAction\",\"target\":{\"@type\":\"EntryPoint\",\"urlTemplate\":\"https:\\\/\\\/schubertstone.com\\\/?s={search_term_string}\"},\"query-input\":{\"@type\":\"PropertyValueSpecification\",\"valueRequired\":true,\"valueName\":\"search_term_string\"}}],\"inLanguage\":\"en-US\"}]}<\/script>\n<!-- \/ Yoast SEO Premium plugin. -->","yoast_head_json":{"title":"Travertin Nocciole Mauer - SCHUBERT STONE - Naturstein, Feinsteinzeug, Parkett","robots":{"index":"index","follow":"follow","max-snippet":"max-snippet:-1","max-image-preview":"max-image-preview:large","max-video-preview":"max-video-preview:-1"},"canonical":"https:\/\/schubertstone.com\/en\/store\/natural-stone\/travertine\/nocciole-mauer\/","og_locale":"en_US","og_type":"article","og_title":"Travertin Nocciole Mauer","og_description":"Produktbeschreibung:  Der Travertin Nocciole ist ein hochwertiger Naturstein mit warmer, mediterraner Ausstrahlung in Beige-, Nuss- und leicht goldenen Nuancen. Die nat\u00fcrliche Porenstruktur des Travertins verleiht der Oberfl\u00e4che eine lebendige, elegante Tiefe.  Durch das Systemformat entsteht ein abwechslungsreiches, dennoch harmonisches Verlegebild mit klarer Struktur. So lassen sich Mauern gestalten, die sowohl Nat\u00fcrlichkeit als auch architektonische Raffinesse ausstrahlen.     Erh\u00e4ltliche Gr\u00f6\u00dfen:   Schichth\u00f6hen 22,5\/15\/7,5 cm, freie L\u00e4ngen, St\u00e4rke 20 cm     &nbsp;","og_url":"https:\/\/schubertstone.com\/en\/store\/natural-stone\/travertine\/nocciole-mauer\/","og_site_name":"SCHUBERT STONE - Naturstein, Feinsteinzeug, Parkett","article_modified_time":"2026-04-13T15:38:09+00:00","og_image":[{"width":2048,"height":1365,"url":"https:\/\/schubertstone.com\/wp-content\/uploads\/2026\/03\/Travertin-Nocciole-Mauer-2.jpg","type":"image\/jpeg"}],"twitter_card":"summary_large_image","twitter_misc":{"Est. reading time":"1 minute"},"schema":{"@context":"https:\/\/schema.org","@graph":[{"@type":"WebPage","@id":"https:\/\/schubertstone.com\/shop\/naturstein\/travertin\/nocciole-mauer\/","url":"https:\/\/schubertstone.com\/shop\/naturstein\/travertin\/nocciole-mauer\/","name":"Travertin Nocciole Mauer - SCHUBERT STONE - Naturstein, Feinsteinzeug, Parkett","isPartOf":{"@id":"https:\/\/schubertstone.com\/#website"},"primaryImageOfPage":{"@id":"https:\/\/schubertstone.com\/shop\/naturstein\/travertin\/nocciole-mauer\/#primaryimage"},"image":{"@id":"https:\/\/schubertstone.com\/shop\/naturstein\/travertin\/nocciole-mauer\/#primaryimage"},"thumbnailUrl":"https:\/\/schubertstone.com\/wp-content\/uploads\/2026\/03\/Travertin-Nocciole-Mauer-2.jpg","datePublished":"2026-03-26T12:02:43+00:00","dateModified":"2026-04-13T15:38:09+00:00","breadcrumb":{"@id":"https:\/\/schubertstone.com\/shop\/naturstein\/travertin\/nocciole-mauer\/#breadcrumb"},"inLanguage":"en-US","potentialAction":[{"@type":"ReadAction","target":["https:\/\/schubertstone.com\/shop\/naturstein\/travertin\/nocciole-mauer\/"]}]},{"@type":"ImageObject","inLanguage":"en-US","@id":"https:\/\/schubertstone.com\/shop\/naturstein\/travertin\/nocciole-mauer\/#primaryimage","url":"https:\/\/schubertstone.com\/wp-content\/uploads\/2026\/03\/Travertin-Nocciole-Mauer-2.jpg","contentUrl":"https:\/\/schubertstone.com\/wp-content\/uploads\/2026\/03\/Travertin-Nocciole-Mauer-2.jpg","width":2048,"height":1365,"caption":"Edeltravertin Nocciole, gespalten und getrommelt, Schichth\u00f6hen 22,5cm, 15cm, 7,5cm, freie L\u00e4ngen, St\u00e4rke: 20cm"},{"@type":"BreadcrumbList","@id":"https:\/\/schubertstone.com\/shop\/naturstein\/travertin\/nocciole-mauer\/#breadcrumb","itemListElement":[{"@type":"ListItem","position":1,"name":"Home","item":"https:\/\/schubertstone.com\/"},{"@type":"ListItem","position":2,"name":"Shop","item":"https:\/\/schubertstone.com\/shop\/"},{"@type":"ListItem","position":3,"name":"Travertin Nocciole Mauer"}]},{"@type":"WebSite","@id":"https:\/\/schubertstone.com\/#website","url":"https:\/\/schubertstone.com\/","name":"SCHUBERT STONE - Natural stone, porcelain stoneware, parquet","description":"Fine floors &amp; terraces for your exclusive property","potentialAction":[{"@type":"SearchAction","target":{"@type":"EntryPoint","urlTemplate":"https:\/\/schubertstone.com\/?s={search_term_string}"},"query-input":{"@type":"PropertyValueSpecification","valueRequired":true,"valueName":"search_term_string"}}],"inLanguage":"en-US"}]}},"_links":{"self":[{"href":"https:\/\/schubertstone.com\/en\/wp-json\/wp\/v2\/product\/36908","targetHints":{"allow":["GET"]}}],"collection":[{"href":"https:\/\/schubertstone.com\/en\/wp-json\/wp\/v2\/product"}],"about":[{"href":"https:\/\/schubertstone.com\/en\/wp-json\/wp\/v2\/types\/product"}],"version-history":[{"count":3,"href":"https:\/\/schubertstone.com\/en\/wp-json\/wp\/v2\/product\/36908\/revisions"}],"predecessor-version":[{"id":36974,"href":"https:\/\/schubertstone.com\/en\/wp-json\/wp\/v2\/product\/36908\/revisions\/36974"}],"wp:featuredmedia":[{"embeddable":true,"href":"https:\/\/schubertstone.com\/en\/wp-json\/wp\/v2\/media\/36973"}],"wp:attachment":[{"href":"https:\/\/schubertstone.com\/en\/wp-json\/wp\/v2\/media?parent=36908"}],"wp:term":[{"taxonomy":"product_brand","embeddable":true,"href":"https:\/\/schubertstone.com\/en\/wp-json\/wp\/v2\/product_brand?post=36908"},{"taxonomy":"product_cat","embeddable":true,"href":"https:\/\/schubertstone.com\/en\/wp-json\/wp\/v2\/product_cat?post=36908"},{"taxonomy":"product_tag","embeddable":true,"href":"https:\/\/schubertstone.com\/en\/wp-json\/wp\/v2\/product_tag?post=36908"}],"curies":[{"name":"wp","href":"https:\/\/api.w.org\/{rel}","templated":true}]}}