{"id":36971,"date":"2026-04-13T17:18:24","date_gmt":"2026-04-13T15:18:24","guid":{"rendered":"https:\/\/schubertstone.com\/?post_type=product&#038;p=36971"},"modified":"2026-04-13T17:42:25","modified_gmt":"2026-04-13T15:42:25","slug":"do21-split-masonry-fo","status":"publish","type":"product","link":"https:\/\/schubertstone.com\/en\/shop\/naturstein\/dolomit\/do21-spaltmauerwerk-fo\/","title":{"rendered":"Dolomite DO21 Split masonry FO"},"content":{"rendered":"<hr \/>\n<h3 style=\"font-weight: 400;\"><strong>Properties:<\/strong><\/h3>\n<ul>\n<li class=\"p1\">Gray, beige and earthy tones<\/li>\n<li>Surface naturally split<\/li>\n<li>Sawed side surfaces<\/li>\n<li>Elongated formats with clear lines<\/li>\n<\/ul>\n<hr \/>\n<h3 style=\"font-weight: 400;\"><strong>Resilience:<\/strong><\/h3>\n<ul>\n<li>Frost and weather resistant<\/li>\n<li>Particularly robust and dimensionally stable<\/li>\n<\/ul>\n<hr \/>\n<h3 style=\"font-weight: 400;\"><strong>Use:<\/strong><\/h3>\n<ul>\n<li>Garden and retaining walls<\/li>\n<li>Enclosures and privacy screens<\/li>\n<li class=\"p1\">Terrace boundaries<\/li>\n<li class=\"p1\">Natural and alpine architecture<\/li>\n<\/ul>\n<hr \/>\n<h3 style=\"font-weight: 400;\"><strong>Care:<\/strong><\/h3>\n<ul>\n<li>Clean with stone soap, also with the K\u00e4rcher brush<\/li>\n<\/ul>\n<hr \/>\n<h3 style=\"font-weight: 400;\"><strong>Minimum order quantity:<\/strong><\/h3>\n<p>30 m2<\/p>\n<hr \/>\n<p>&nbsp;<\/p>","protected":false},"excerpt":{"rendered":"<hr \/>\n<h2>Product description:<\/h2>\n<p><\/p>\n<p>The dolomite DO21 FO is a strong character <a href=\"https:\/\/schubertstone.com\/en\/natural-stone\/\">Natural stone<\/a> with a powerful, rustic look. The vibrant color palette ranges from grey and beige to slightly earthy nuances and gives every wall a natural depth.<\/p>\n<p>The split surface creates a striking structure and an expressive joint pattern. This creates <a href=\"https:\/\/schubertstone.com\/en\/good_to_know\/natural-stone-walls-for-your-property\/\">Walls<\/a> with an authentic, handcrafted character that blend harmoniously into their surroundings.<\/p>\n<hr \/>\n<h3><strong>Available sizes:<\/strong><\/h3>\n<ul>\n<li>Layer height 15 cm, free lengths, thickness 22 cm<\/li>\n<li>Schichth\u00f6he 22,5 cm, freie L\u00e4ngen, St\u00e4rke 22 cm<\/li>\n<li>Schichth\u00f6hen 7,5\/15\/22,5 cm, freie L\u00e4ngen, St\u00e4rke 22 cm<\/li>\n<\/ul>\n<hr \/>\n<p>&nbsp;<\/p>","protected":false},"featured_media":36909,"template":"","meta":[],"product_brand":[],"product_cat":[170,19,207],"product_tag":[],"class_list":{"0":"post-36971","1":"product","2":"type-product","3":"status-publish","4":"has-post-thumbnail","6":"product_cat-dolomit","7":"product_cat-naturstein","8":"product_cat-systemmauern","9":"pa_bereich-massivmauern","10":"pa_eignung-aussen","11":"pa_form-rechtecke","12":"pa_material-dolomit","13":"pa_oberflaeche-spaltrauskantenbehauen","15":"first","16":"instock","17":"shipping-taxable","18":"product-type-simple"},"yoast_head":"<!-- This site is optimized with the Yoast SEO Premium plugin v27.3 (Yoast SEO v27.4) - https:\/\/yoast.com\/product\/yoast-seo-premium-wordpress\/ -->\n<title>Dolomit DO21 Spaltmauerwerk FO - SCHUBERT STONE - Naturstein, Feinsteinzeug, Parkett<\/title>\n<meta name=\"robots\" content=\"index, follow, max-snippet:-1, max-image-preview:large, max-video-preview:-1\" \/>\n<link rel=\"canonical\" href=\"https:\/\/schubertstone.com\/en\/store\/natural-stone\/dolomite\/do21-split-masonry-fo\/\" \/>\n<meta property=\"og:locale\" content=\"en_US\" \/>\n<meta property=\"og:type\" content=\"article\" \/>\n<meta property=\"og:title\" content=\"Dolomit DO21 Spaltmauerwerk FO\" \/>\n<meta property=\"og:description\" content=\"Produktbeschreibung:  Das Dolomit DO21 FO ist ein charakterstarker Naturstein mit kraftvoller, rustikaler Ausstrahlung. Die lebendige Farbpalette reicht von Grau \u00fcber Beige bis hin zu leicht erdigen Nuancen und verleiht jeder Mauer eine nat\u00fcrliche Tiefe.  Die gespaltene Oberfl\u00e4che sorgt f\u00fcr eine markante Struktur und ein ausdrucksstarkes Fugenbild. Dadurch entstehen Mauern mit authentischem, handwerklichem Charakter, die sich harmonisch in ihre Umgebung einf\u00fcgen.    Erh\u00e4ltliche Gr\u00f6\u00dfen:   Schichth\u00f6he 15 cm, freie L\u00e4ngen, St\u00e4rke 22 cm  Schichth\u00f6he 22,5 cm, freie L\u00e4ngen, St\u00e4rke 22 cm  Schichth\u00f6hen 7,5\/15\/22,5 cm, freie L\u00e4ngen, St\u00e4rke 22 cm     &nbsp;\" \/>\n<meta property=\"og:url\" content=\"https:\/\/schubertstone.com\/en\/store\/natural-stone\/dolomite\/do21-split-masonry-fo\/\" \/>\n<meta property=\"og:site_name\" content=\"SCHUBERT STONE - Naturstein, Feinsteinzeug, Parkett\" \/>\n<meta property=\"article:modified_time\" content=\"2026-04-13T15:42:25+00:00\" \/>\n<meta property=\"og:image\" content=\"https:\/\/schubertstone.com\/wp-content\/uploads\/2026\/03\/Dolomit-DO21.jpg\" \/>\n\t<meta property=\"og:image:width\" content=\"2048\" \/>\n\t<meta property=\"og:image:height\" content=\"1024\" \/>\n\t<meta property=\"og:image:type\" content=\"image\/jpeg\" \/>\n<meta name=\"twitter:card\" content=\"summary_large_image\" \/>\n<meta name=\"twitter:label1\" content=\"Est. reading time\" \/>\n\t<meta name=\"twitter:data1\" content=\"1 minute\" \/>\n<script type=\"application\/ld+json\" class=\"yoast-schema-graph\">{\"@context\":\"https:\\\/\\\/schema.org\",\"@graph\":[{\"@type\":\"WebPage\",\"@id\":\"https:\\\/\\\/schubertstone.com\\\/shop\\\/naturstein\\\/dolomit\\\/do21-spaltmauerwerk-fo\\\/\",\"url\":\"https:\\\/\\\/schubertstone.com\\\/shop\\\/naturstein\\\/dolomit\\\/do21-spaltmauerwerk-fo\\\/\",\"name\":\"Dolomit DO21 Spaltmauerwerk FO - SCHUBERT STONE - Naturstein, Feinsteinzeug, Parkett\",\"isPartOf\":{\"@id\":\"https:\\\/\\\/schubertstone.com\\\/#website\"},\"primaryImageOfPage\":{\"@id\":\"https:\\\/\\\/schubertstone.com\\\/shop\\\/naturstein\\\/dolomit\\\/do21-spaltmauerwerk-fo\\\/#primaryimage\"},\"image\":{\"@id\":\"https:\\\/\\\/schubertstone.com\\\/shop\\\/naturstein\\\/dolomit\\\/do21-spaltmauerwerk-fo\\\/#primaryimage\"},\"thumbnailUrl\":\"https:\\\/\\\/schubertstone.com\\\/wp-content\\\/uploads\\\/2026\\\/03\\\/Dolomit-DO21.jpg\",\"datePublished\":\"2026-04-13T15:18:24+00:00\",\"dateModified\":\"2026-04-13T15:42:25+00:00\",\"breadcrumb\":{\"@id\":\"https:\\\/\\\/schubertstone.com\\\/shop\\\/naturstein\\\/dolomit\\\/do21-spaltmauerwerk-fo\\\/#breadcrumb\"},\"inLanguage\":\"en-US\",\"potentialAction\":[{\"@type\":\"ReadAction\",\"target\":[\"https:\\\/\\\/schubertstone.com\\\/shop\\\/naturstein\\\/dolomit\\\/do21-spaltmauerwerk-fo\\\/\"]}]},{\"@type\":\"ImageObject\",\"inLanguage\":\"en-US\",\"@id\":\"https:\\\/\\\/schubertstone.com\\\/shop\\\/naturstein\\\/dolomit\\\/do21-spaltmauerwerk-fo\\\/#primaryimage\",\"url\":\"https:\\\/\\\/schubertstone.com\\\/wp-content\\\/uploads\\\/2026\\\/03\\\/Dolomit-DO21.jpg\",\"contentUrl\":\"https:\\\/\\\/schubertstone.com\\\/wp-content\\\/uploads\\\/2026\\\/03\\\/Dolomit-DO21.jpg\",\"width\":2048,\"height\":1024,\"caption\":\"Dolomit DO21 Spaltmauerwerk FO, massiv 1-seitig, gespalten, Kante ges\u00e4gt, Schichth\u00f6he 15cm in freien L\u00e4ngen, St\u00e4rke 22cm\"},{\"@type\":\"BreadcrumbList\",\"@id\":\"https:\\\/\\\/schubertstone.com\\\/shop\\\/naturstein\\\/dolomit\\\/do21-spaltmauerwerk-fo\\\/#breadcrumb\",\"itemListElement\":[{\"@type\":\"ListItem\",\"position\":1,\"name\":\"Home\",\"item\":\"https:\\\/\\\/schubertstone.com\\\/\"},{\"@type\":\"ListItem\",\"position\":2,\"name\":\"Shop\",\"item\":\"https:\\\/\\\/schubertstone.com\\\/shop\\\/\"},{\"@type\":\"ListItem\",\"position\":3,\"name\":\"Dolomit DO21 Spaltmauerwerk FO\"}]},{\"@type\":\"WebSite\",\"@id\":\"https:\\\/\\\/schubertstone.com\\\/#website\",\"url\":\"https:\\\/\\\/schubertstone.com\\\/\",\"name\":\"SCHUBERT STONE - Naturstein, Feinsteinzeug, Parkett\",\"description\":\"Edle B\u00f6den &amp; Terrassen f\u00fcr Ihre exklusive Immobilie\",\"potentialAction\":[{\"@type\":\"SearchAction\",\"target\":{\"@type\":\"EntryPoint\",\"urlTemplate\":\"https:\\\/\\\/schubertstone.com\\\/?s={search_term_string}\"},\"query-input\":{\"@type\":\"PropertyValueSpecification\",\"valueRequired\":true,\"valueName\":\"search_term_string\"}}],\"inLanguage\":\"en-US\"}]}<\/script>\n<!-- \/ Yoast SEO Premium plugin. -->","yoast_head_json":{"title":"Dolomite DO21 Split masonry FO - SCHUBERT STONE - Natural stone, fine stoneware, parquet","robots":{"index":"index","follow":"follow","max-snippet":"max-snippet:-1","max-image-preview":"max-image-preview:large","max-video-preview":"max-video-preview:-1"},"canonical":"https:\/\/schubertstone.com\/en\/store\/natural-stone\/dolomite\/do21-split-masonry-fo\/","og_locale":"en_US","og_type":"article","og_title":"Dolomit DO21 Spaltmauerwerk FO","og_description":"Produktbeschreibung:  Das Dolomit DO21 FO ist ein charakterstarker Naturstein mit kraftvoller, rustikaler Ausstrahlung. Die lebendige Farbpalette reicht von Grau \u00fcber Beige bis hin zu leicht erdigen Nuancen und verleiht jeder Mauer eine nat\u00fcrliche Tiefe.  Die gespaltene Oberfl\u00e4che sorgt f\u00fcr eine markante Struktur und ein ausdrucksstarkes Fugenbild. Dadurch entstehen Mauern mit authentischem, handwerklichem Charakter, die sich harmonisch in ihre Umgebung einf\u00fcgen.    Erh\u00e4ltliche Gr\u00f6\u00dfen:   Schichth\u00f6he 15 cm, freie L\u00e4ngen, St\u00e4rke 22 cm  Schichth\u00f6he 22,5 cm, freie L\u00e4ngen, St\u00e4rke 22 cm  Schichth\u00f6hen 7,5\/15\/22,5 cm, freie L\u00e4ngen, St\u00e4rke 22 cm     &nbsp;","og_url":"https:\/\/schubertstone.com\/en\/store\/natural-stone\/dolomite\/do21-split-masonry-fo\/","og_site_name":"SCHUBERT STONE - Naturstein, Feinsteinzeug, Parkett","article_modified_time":"2026-04-13T15:42:25+00:00","og_image":[{"width":2048,"height":1024,"url":"https:\/\/schubertstone.com\/wp-content\/uploads\/2026\/03\/Dolomit-DO21.jpg","type":"image\/jpeg"}],"twitter_card":"summary_large_image","twitter_misc":{"Est. reading time":"1 minute"},"schema":{"@context":"https:\/\/schema.org","@graph":[{"@type":"WebPage","@id":"https:\/\/schubertstone.com\/shop\/naturstein\/dolomit\/do21-spaltmauerwerk-fo\/","url":"https:\/\/schubertstone.com\/shop\/naturstein\/dolomit\/do21-spaltmauerwerk-fo\/","name":"Dolomite DO21 Split masonry FO - SCHUBERT STONE - Natural stone, fine stoneware, parquet","isPartOf":{"@id":"https:\/\/schubertstone.com\/#website"},"primaryImageOfPage":{"@id":"https:\/\/schubertstone.com\/shop\/naturstein\/dolomit\/do21-spaltmauerwerk-fo\/#primaryimage"},"image":{"@id":"https:\/\/schubertstone.com\/shop\/naturstein\/dolomit\/do21-spaltmauerwerk-fo\/#primaryimage"},"thumbnailUrl":"https:\/\/schubertstone.com\/wp-content\/uploads\/2026\/03\/Dolomit-DO21.jpg","datePublished":"2026-04-13T15:18:24+00:00","dateModified":"2026-04-13T15:42:25+00:00","breadcrumb":{"@id":"https:\/\/schubertstone.com\/shop\/naturstein\/dolomit\/do21-spaltmauerwerk-fo\/#breadcrumb"},"inLanguage":"en-US","potentialAction":[{"@type":"ReadAction","target":["https:\/\/schubertstone.com\/shop\/naturstein\/dolomit\/do21-spaltmauerwerk-fo\/"]}]},{"@type":"ImageObject","inLanguage":"en-US","@id":"https:\/\/schubertstone.com\/shop\/naturstein\/dolomit\/do21-spaltmauerwerk-fo\/#primaryimage","url":"https:\/\/schubertstone.com\/wp-content\/uploads\/2026\/03\/Dolomit-DO21.jpg","contentUrl":"https:\/\/schubertstone.com\/wp-content\/uploads\/2026\/03\/Dolomit-DO21.jpg","width":2048,"height":1024,"caption":"Dolomit DO21 Spaltmauerwerk FO, massiv 1-seitig, gespalten, Kante ges\u00e4gt, Schichth\u00f6he 15cm in freien L\u00e4ngen, St\u00e4rke 22cm"},{"@type":"BreadcrumbList","@id":"https:\/\/schubertstone.com\/shop\/naturstein\/dolomit\/do21-spaltmauerwerk-fo\/#breadcrumb","itemListElement":[{"@type":"ListItem","position":1,"name":"Home","item":"https:\/\/schubertstone.com\/"},{"@type":"ListItem","position":2,"name":"Shop","item":"https:\/\/schubertstone.com\/shop\/"},{"@type":"ListItem","position":3,"name":"Dolomit DO21 Spaltmauerwerk FO"}]},{"@type":"WebSite","@id":"https:\/\/schubertstone.com\/#website","url":"https:\/\/schubertstone.com\/","name":"SCHUBERT STONE - Natural stone, porcelain stoneware, parquet","description":"Fine floors &amp; terraces for your exclusive property","potentialAction":[{"@type":"SearchAction","target":{"@type":"EntryPoint","urlTemplate":"https:\/\/schubertstone.com\/?s={search_term_string}"},"query-input":{"@type":"PropertyValueSpecification","valueRequired":true,"valueName":"search_term_string"}}],"inLanguage":"en-US"}]}},"_links":{"self":[{"href":"https:\/\/schubertstone.com\/en\/wp-json\/wp\/v2\/product\/36971","targetHints":{"allow":["GET"]}}],"collection":[{"href":"https:\/\/schubertstone.com\/en\/wp-json\/wp\/v2\/product"}],"about":[{"href":"https:\/\/schubertstone.com\/en\/wp-json\/wp\/v2\/types\/product"}],"version-history":[{"count":1,"href":"https:\/\/schubertstone.com\/en\/wp-json\/wp\/v2\/product\/36971\/revisions"}],"predecessor-version":[{"id":36975,"href":"https:\/\/schubertstone.com\/en\/wp-json\/wp\/v2\/product\/36971\/revisions\/36975"}],"wp:featuredmedia":[{"embeddable":true,"href":"https:\/\/schubertstone.com\/en\/wp-json\/wp\/v2\/media\/36909"}],"wp:attachment":[{"href":"https:\/\/schubertstone.com\/en\/wp-json\/wp\/v2\/media?parent=36971"}],"wp:term":[{"taxonomy":"product_brand","embeddable":true,"href":"https:\/\/schubertstone.com\/en\/wp-json\/wp\/v2\/product_brand?post=36971"},{"taxonomy":"product_cat","embeddable":true,"href":"https:\/\/schubertstone.com\/en\/wp-json\/wp\/v2\/product_cat?post=36971"},{"taxonomy":"product_tag","embeddable":true,"href":"https:\/\/schubertstone.com\/en\/wp-json\/wp\/v2\/product_tag?post=36971"}],"curies":[{"name":"wp","href":"https:\/\/api.w.org\/{rel}","templated":true}]}}