{"id":36987,"date":"2026-04-14T16:12:02","date_gmt":"2026-04-14T14:12:02","guid":{"rendered":"https:\/\/schubertstone.com\/?post_type=product&#038;p=36987"},"modified":"2026-04-14T16:32:07","modified_gmt":"2026-04-14T14:32:07","slug":"fassade-tr-160-light","status":"publish","type":"product","link":"https:\/\/schubertstone.com\/en\/shop\/naturstein\/travertin\/fassade-tr-160-light\/","title":{"rendered":"Travertin Fassade TR 160 light"},"content":{"rendered":"<hr \/>\n<h3 style=\"font-weight: 400;\"><strong>Product features:<\/strong><\/h3>\n<ul>\n<li class=\"p1\">Light beige and cream tones<\/li>\n<li>Oberfl\u00e4che gespalten, Kanten ges\u00e4gt<\/li>\n<li class=\"p1\">Typische Travertin-Porenstruktur<\/li>\n<li>Timelessly elegant look with a natural appearance<\/li>\n<\/ul>\n<hr \/>\n<h3><strong>Resilience:<\/strong><\/h3>\n<ul>\n<li>Frost and weather resistant<\/li>\n<li>Also for hard-wearing public areas<\/li>\n<\/ul>\n<hr \/>\n<h3 style=\"font-weight: 400;\"><strong>Use:<\/strong><\/h3>\n<ul>\n<li class=\"p1\">Facade cladding<\/li>\n<li class=\"p1\">Au\u00dfenw\u00e4nde moderner Architektur<\/li>\n<li class=\"p1\">Pool- und Wellnessbereiche<\/li>\n<li class=\"p1\">Mediterrane und zeitlose Baukonzepte<\/li>\n<li>Suitable for ventilated or bonded fa\u00e7ades<\/li>\n<\/ul>\n<hr \/>\n<h3 style=\"font-weight: 400;\"><strong>Care:<\/strong><\/h3>\n<ul>\n<li>Clean with stone soap in the mop water, also with the K\u00e4rcher brush<\/li>\n<\/ul>\n<hr \/>\n<h3 style=\"font-weight: 400;\"><strong>Minimum order quantity:<\/strong><\/h3>\n<p>50 m2<\/p>\n<hr \/>\n<p>&nbsp;<\/p>","protected":false},"excerpt":{"rendered":"<hr \/>\n<h2>Product description:<\/h2>\n<p><\/p>\n<p>Der Travertin TR 160 light f\u00fcr Fassaden ist ein hochwertiger <a href=\"https:\/\/schubertstone.com\/en\/natural-stone\/\">Natural stone<\/a> mit heller, eleganter Ausstrahlung in sanften Beige- und Cremet\u00f6nen. Die nat\u00fcrliche Porenstruktur verleiht der Oberfl\u00e4che eine lebendige, zugleich ruhige Wirkung und sorgt f\u00fcr ein stilvolles Gesamtbild.<\/p>\n<p class=\"p1\">Durch die klaren, l\u00e4nglichen Formate entsteht ein modernes, horizontales Verlegebild, das Fassaden optisch streckt und Architektur betont. So lassen sich mit diesem <a href=\"https:\/\/schubertstone.com\/en\/natural-stone\/travertine\/\">Travertine<\/a> gro\u00dfz\u00fcgige Fl\u00e4chen mit zeitloser Eleganz und mediterranem Charakter gestalten.<\/p>\n<hr \/>\n<h3><strong>Available sizes:<\/strong><\/h3>\n<ul>\n<li>Freie L\u00e4ngen x 40 x 5 cm<\/li>\n<li>Freie L\u00e4ngen x 60 x 5 cm<\/li>\n<\/ul>\n<hr \/>\n<p>&nbsp;<\/p>","protected":false},"featured_media":36989,"template":"","meta":[],"product_brand":[],"product_cat":[202,19,188],"product_tag":[],"class_list":{"0":"post-36987","1":"product","2":"type-product","3":"status-publish","4":"has-post-thumbnail","6":"product_cat-fassaden","7":"product_cat-naturstein","8":"product_cat-travertin","9":"pa_anwendung-fassaden","10":"pa_eignung-aussen","11":"pa_form-rechtecke","12":"pa_material-travertin","13":"pa_oberflaeche-spaltrau","15":"first","16":"instock","17":"shipping-taxable","18":"product-type-simple"},"yoast_head":"<!-- This site is optimized with the Yoast SEO Premium plugin v27.3 (Yoast SEO v27.4) - https:\/\/yoast.com\/product\/yoast-seo-premium-wordpress\/ -->\n<title>Travertin Fassade TR 160 light - SCHUBERT STONE - Naturstein, Feinsteinzeug, Parkett<\/title>\n<meta name=\"robots\" content=\"index, follow, max-snippet:-1, max-image-preview:large, max-video-preview:-1\" \/>\n<link rel=\"canonical\" href=\"https:\/\/schubertstone.com\/en\/store\/natural-stone\/travertine\/fassade-tr-160-light\/\" \/>\n<meta property=\"og:locale\" content=\"en_US\" \/>\n<meta property=\"og:type\" content=\"article\" \/>\n<meta property=\"og:title\" content=\"Travertin Fassade TR 160 light\" \/>\n<meta property=\"og:description\" content=\"Produktbeschreibung:  Der Travertin TR 160 light f\u00fcr Fassaden ist ein hochwertiger Naturstein mit heller, eleganter Ausstrahlung in sanften Beige- und Cremet\u00f6nen. Die nat\u00fcrliche Porenstruktur verleiht der Oberfl\u00e4che eine lebendige, zugleich ruhige Wirkung und sorgt f\u00fcr ein stilvolles Gesamtbild.  Durch die klaren, l\u00e4nglichen Formate entsteht ein modernes, horizontales Verlegebild, das Fassaden optisch streckt und Architektur betont. So lassen sich mit diesem Travertin gro\u00dfz\u00fcgige Fl\u00e4chen mit zeitloser Eleganz und mediterranem Charakter gestalten.     Erh\u00e4ltliche Gr\u00f6\u00dfen:   Freie L\u00e4ngen x 40 x 5 cm  Freie L\u00e4ngen x 60 x 5 cm     &nbsp;\" \/>\n<meta property=\"og:url\" content=\"https:\/\/schubertstone.com\/en\/store\/natural-stone\/travertine\/fassade-tr-160-light\/\" \/>\n<meta property=\"og:site_name\" content=\"SCHUBERT STONE - Naturstein, Feinsteinzeug, Parkett\" \/>\n<meta property=\"article:modified_time\" content=\"2026-04-14T14:32:07+00:00\" \/>\n<meta property=\"og:image\" content=\"https:\/\/schubertstone.com\/wp-content\/uploads\/2026\/04\/Travertin-Creme-Fassade.jpg\" \/>\n\t<meta property=\"og:image:width\" content=\"2048\" \/>\n\t<meta property=\"og:image:height\" content=\"1365\" \/>\n\t<meta property=\"og:image:type\" content=\"image\/jpeg\" \/>\n<meta name=\"twitter:card\" content=\"summary_large_image\" \/>\n<meta name=\"twitter:label1\" content=\"Est. reading time\" \/>\n\t<meta name=\"twitter:data1\" content=\"1 minute\" \/>\n<script type=\"application\/ld+json\" class=\"yoast-schema-graph\">{\"@context\":\"https:\\\/\\\/schema.org\",\"@graph\":[{\"@type\":\"WebPage\",\"@id\":\"https:\\\/\\\/schubertstone.com\\\/shop\\\/naturstein\\\/travertin\\\/fassade-tr-160-light\\\/\",\"url\":\"https:\\\/\\\/schubertstone.com\\\/shop\\\/naturstein\\\/travertin\\\/fassade-tr-160-light\\\/\",\"name\":\"Travertin Fassade TR 160 light - SCHUBERT STONE - Naturstein, Feinsteinzeug, Parkett\",\"isPartOf\":{\"@id\":\"https:\\\/\\\/schubertstone.com\\\/#website\"},\"primaryImageOfPage\":{\"@id\":\"https:\\\/\\\/schubertstone.com\\\/shop\\\/naturstein\\\/travertin\\\/fassade-tr-160-light\\\/#primaryimage\"},\"image\":{\"@id\":\"https:\\\/\\\/schubertstone.com\\\/shop\\\/naturstein\\\/travertin\\\/fassade-tr-160-light\\\/#primaryimage\"},\"thumbnailUrl\":\"https:\\\/\\\/schubertstone.com\\\/wp-content\\\/uploads\\\/2026\\\/04\\\/Travertin-Creme-Fassade.jpg\",\"datePublished\":\"2026-04-14T14:12:02+00:00\",\"dateModified\":\"2026-04-14T14:32:07+00:00\",\"breadcrumb\":{\"@id\":\"https:\\\/\\\/schubertstone.com\\\/shop\\\/naturstein\\\/travertin\\\/fassade-tr-160-light\\\/#breadcrumb\"},\"inLanguage\":\"en-US\",\"potentialAction\":[{\"@type\":\"ReadAction\",\"target\":[\"https:\\\/\\\/schubertstone.com\\\/shop\\\/naturstein\\\/travertin\\\/fassade-tr-160-light\\\/\"]}]},{\"@type\":\"ImageObject\",\"inLanguage\":\"en-US\",\"@id\":\"https:\\\/\\\/schubertstone.com\\\/shop\\\/naturstein\\\/travertin\\\/fassade-tr-160-light\\\/#primaryimage\",\"url\":\"https:\\\/\\\/schubertstone.com\\\/wp-content\\\/uploads\\\/2026\\\/04\\\/Travertin-Creme-Fassade.jpg\",\"contentUrl\":\"https:\\\/\\\/schubertstone.com\\\/wp-content\\\/uploads\\\/2026\\\/04\\\/Travertin-Creme-Fassade.jpg\",\"width\":2048,\"height\":1365,\"caption\":\"Travertin Naturstein Fassade\"},{\"@type\":\"BreadcrumbList\",\"@id\":\"https:\\\/\\\/schubertstone.com\\\/shop\\\/naturstein\\\/travertin\\\/fassade-tr-160-light\\\/#breadcrumb\",\"itemListElement\":[{\"@type\":\"ListItem\",\"position\":1,\"name\":\"Home\",\"item\":\"https:\\\/\\\/schubertstone.com\\\/\"},{\"@type\":\"ListItem\",\"position\":2,\"name\":\"Shop\",\"item\":\"https:\\\/\\\/schubertstone.com\\\/shop\\\/\"},{\"@type\":\"ListItem\",\"position\":3,\"name\":\"Travertin Fassade TR 160 light\"}]},{\"@type\":\"WebSite\",\"@id\":\"https:\\\/\\\/schubertstone.com\\\/#website\",\"url\":\"https:\\\/\\\/schubertstone.com\\\/\",\"name\":\"SCHUBERT STONE - Naturstein, Feinsteinzeug, Parkett\",\"description\":\"Edle B\u00f6den &amp; Terrassen f\u00fcr Ihre exklusive Immobilie\",\"potentialAction\":[{\"@type\":\"SearchAction\",\"target\":{\"@type\":\"EntryPoint\",\"urlTemplate\":\"https:\\\/\\\/schubertstone.com\\\/?s={search_term_string}\"},\"query-input\":{\"@type\":\"PropertyValueSpecification\",\"valueRequired\":true,\"valueName\":\"search_term_string\"}}],\"inLanguage\":\"en-US\"}]}<\/script>\n<!-- \/ Yoast SEO Premium plugin. -->","yoast_head_json":{"title":"Travertin Fassade TR 160 light - SCHUBERT STONE - Naturstein, Feinsteinzeug, Parkett","robots":{"index":"index","follow":"follow","max-snippet":"max-snippet:-1","max-image-preview":"max-image-preview:large","max-video-preview":"max-video-preview:-1"},"canonical":"https:\/\/schubertstone.com\/en\/store\/natural-stone\/travertine\/fassade-tr-160-light\/","og_locale":"en_US","og_type":"article","og_title":"Travertin Fassade TR 160 light","og_description":"Produktbeschreibung:  Der Travertin TR 160 light f\u00fcr Fassaden ist ein hochwertiger Naturstein mit heller, eleganter Ausstrahlung in sanften Beige- und Cremet\u00f6nen. Die nat\u00fcrliche Porenstruktur verleiht der Oberfl\u00e4che eine lebendige, zugleich ruhige Wirkung und sorgt f\u00fcr ein stilvolles Gesamtbild.  Durch die klaren, l\u00e4nglichen Formate entsteht ein modernes, horizontales Verlegebild, das Fassaden optisch streckt und Architektur betont. So lassen sich mit diesem Travertin gro\u00dfz\u00fcgige Fl\u00e4chen mit zeitloser Eleganz und mediterranem Charakter gestalten.     Erh\u00e4ltliche Gr\u00f6\u00dfen:   Freie L\u00e4ngen x 40 x 5 cm  Freie L\u00e4ngen x 60 x 5 cm     &nbsp;","og_url":"https:\/\/schubertstone.com\/en\/store\/natural-stone\/travertine\/fassade-tr-160-light\/","og_site_name":"SCHUBERT STONE - Naturstein, Feinsteinzeug, Parkett","article_modified_time":"2026-04-14T14:32:07+00:00","og_image":[{"width":2048,"height":1365,"url":"https:\/\/schubertstone.com\/wp-content\/uploads\/2026\/04\/Travertin-Creme-Fassade.jpg","type":"image\/jpeg"}],"twitter_card":"summary_large_image","twitter_misc":{"Est. reading time":"1 minute"},"schema":{"@context":"https:\/\/schema.org","@graph":[{"@type":"WebPage","@id":"https:\/\/schubertstone.com\/shop\/naturstein\/travertin\/fassade-tr-160-light\/","url":"https:\/\/schubertstone.com\/shop\/naturstein\/travertin\/fassade-tr-160-light\/","name":"Travertin Fassade TR 160 light - SCHUBERT STONE - Naturstein, Feinsteinzeug, Parkett","isPartOf":{"@id":"https:\/\/schubertstone.com\/#website"},"primaryImageOfPage":{"@id":"https:\/\/schubertstone.com\/shop\/naturstein\/travertin\/fassade-tr-160-light\/#primaryimage"},"image":{"@id":"https:\/\/schubertstone.com\/shop\/naturstein\/travertin\/fassade-tr-160-light\/#primaryimage"},"thumbnailUrl":"https:\/\/schubertstone.com\/wp-content\/uploads\/2026\/04\/Travertin-Creme-Fassade.jpg","datePublished":"2026-04-14T14:12:02+00:00","dateModified":"2026-04-14T14:32:07+00:00","breadcrumb":{"@id":"https:\/\/schubertstone.com\/shop\/naturstein\/travertin\/fassade-tr-160-light\/#breadcrumb"},"inLanguage":"en-US","potentialAction":[{"@type":"ReadAction","target":["https:\/\/schubertstone.com\/shop\/naturstein\/travertin\/fassade-tr-160-light\/"]}]},{"@type":"ImageObject","inLanguage":"en-US","@id":"https:\/\/schubertstone.com\/shop\/naturstein\/travertin\/fassade-tr-160-light\/#primaryimage","url":"https:\/\/schubertstone.com\/wp-content\/uploads\/2026\/04\/Travertin-Creme-Fassade.jpg","contentUrl":"https:\/\/schubertstone.com\/wp-content\/uploads\/2026\/04\/Travertin-Creme-Fassade.jpg","width":2048,"height":1365,"caption":"Travertin Naturstein Fassade"},{"@type":"BreadcrumbList","@id":"https:\/\/schubertstone.com\/shop\/naturstein\/travertin\/fassade-tr-160-light\/#breadcrumb","itemListElement":[{"@type":"ListItem","position":1,"name":"Home","item":"https:\/\/schubertstone.com\/"},{"@type":"ListItem","position":2,"name":"Shop","item":"https:\/\/schubertstone.com\/shop\/"},{"@type":"ListItem","position":3,"name":"Travertin Fassade TR 160 light"}]},{"@type":"WebSite","@id":"https:\/\/schubertstone.com\/#website","url":"https:\/\/schubertstone.com\/","name":"SCHUBERT STONE - Natural stone, porcelain stoneware, parquet","description":"Fine floors &amp; terraces for your exclusive property","potentialAction":[{"@type":"SearchAction","target":{"@type":"EntryPoint","urlTemplate":"https:\/\/schubertstone.com\/?s={search_term_string}"},"query-input":{"@type":"PropertyValueSpecification","valueRequired":true,"valueName":"search_term_string"}}],"inLanguage":"en-US"}]}},"_links":{"self":[{"href":"https:\/\/schubertstone.com\/en\/wp-json\/wp\/v2\/product\/36987","targetHints":{"allow":["GET"]}}],"collection":[{"href":"https:\/\/schubertstone.com\/en\/wp-json\/wp\/v2\/product"}],"about":[{"href":"https:\/\/schubertstone.com\/en\/wp-json\/wp\/v2\/types\/product"}],"version-history":[{"count":2,"href":"https:\/\/schubertstone.com\/en\/wp-json\/wp\/v2\/product\/36987\/revisions"}],"predecessor-version":[{"id":36994,"href":"https:\/\/schubertstone.com\/en\/wp-json\/wp\/v2\/product\/36987\/revisions\/36994"}],"wp:featuredmedia":[{"embeddable":true,"href":"https:\/\/schubertstone.com\/en\/wp-json\/wp\/v2\/media\/36989"}],"wp:attachment":[{"href":"https:\/\/schubertstone.com\/en\/wp-json\/wp\/v2\/media?parent=36987"}],"wp:term":[{"taxonomy":"product_brand","embeddable":true,"href":"https:\/\/schubertstone.com\/en\/wp-json\/wp\/v2\/product_brand?post=36987"},{"taxonomy":"product_cat","embeddable":true,"href":"https:\/\/schubertstone.com\/en\/wp-json\/wp\/v2\/product_cat?post=36987"},{"taxonomy":"product_tag","embeddable":true,"href":"https:\/\/schubertstone.com\/en\/wp-json\/wp\/v2\/product_tag?post=36987"}],"curies":[{"name":"wp","href":"https:\/\/api.w.org\/{rel}","templated":true}]}}