{"id":36995,"date":"2026-04-14T16:40:48","date_gmt":"2026-04-14T14:40:48","guid":{"rendered":"https:\/\/schubertstone.com\/?post_type=product&#038;p=36995"},"modified":"2026-04-14T16:58:25","modified_gmt":"2026-04-14T14:58:25","slug":"nocciole-antique","status":"publish","type":"product","link":"https:\/\/schubertstone.com\/en\/shop\/naturstein\/travertin\/nocciole-antik\/","title":{"rendered":"Travertine Nocciole Antique"},"content":{"rendered":"<hr \/>\n<h3 style=\"font-weight: 400;\"><strong>Product features:<\/strong><\/h3>\n<ul>\n<li>Warm, nutty play of colors: beige, cream, light grey<\/li>\n<li>Characteristic travertine pore structure<\/li>\n<li>Mediterranean, timeless look<\/li>\n<li>Ideal for Mediterranean design concepts<\/li>\n<\/ul>\n<hr \/>\n<h3 style=\"font-weight: 400;\"><strong>Resilience:<\/strong><\/h3>\n<ul>\n<li>Frost and weather resistant<\/li>\n<li>Very robust and dimensionally stable<\/li>\n<\/ul>\n<hr \/>\n<h3 style=\"font-weight: 400;\"><strong>Use:<\/strong><\/h3>\n<ul>\n<li class=\"p1\">Terraces<\/li>\n<li class=\"p1\">Garden paths<\/li>\n<li class=\"p1\">Seats<\/li>\n<li class=\"p1\">Step systems<\/li>\n<li class=\"p1\">Outdoor areas<\/li>\n<\/ul>\n<hr \/>\n<h3 style=\"font-weight: 400;\"><strong>Care:<\/strong><\/h3>\n<ul>\n<li class=\"p1\">Impregnation recommended<\/li>\n<li class=\"p1\">Clean with stone soap in the mop water<\/li>\n<\/ul>\n<hr \/>\n<h3 style=\"font-weight: 400;\"><strong>Minimum order quantity: <\/strong><\/h3>\n<p>80 square meters<\/p>\n<hr \/>\n<p>&nbsp;<\/p>","protected":false},"excerpt":{"rendered":"<hr \/>\n<h2>Product description:<\/h2>\n<p><\/p>\n<p>Travertin Nocciole Antik ist ein getrommelter <a href=\"https:\/\/schubertstone.com\/en\/natural-stone\/\">Natural stone<\/a>\u00a0mit warmen Beige- und Nussfarbt\u00f6nen, der besonders f\u00fcr Terrassen, Gartenwege und mediterrane Au\u00dfenbereiche eingesetzt wird.<\/p>\n<p>Die f\u00fcr <a href=\"https:\/\/schubertstone.com\/en\/natural-stone\/travertine\/\">Travertine<\/a> typische Porenstruktur \u2013 offen oder gespachtelt je nach Ausf\u00fchrung \u2013 verleiht den Platten eine lebendige, nat\u00fcrliche Ausstrahlung und schafft ein warmes, mediterranes Ambiente.<\/p>\n<hr \/>\n<h3>Available sizes:<\/h3>\n<ul>\n<li>French Pattern x 3 cm<\/li>\n<li>61 x 40.6 x 3 cm<\/li>\n<li>91.5 x 61 x 3 cm<\/li>\n<li>Stufen sowie weitere Gr\u00f6\u00dfen auf Anfrage<\/li>\n<\/ul>\n<hr \/>\n<p>&nbsp;<\/p>","protected":false},"featured_media":36997,"template":"","meta":[],"product_brand":[],"product_cat":[19,201,188],"product_tag":[145],"class_list":{"0":"post-36995","1":"product","2":"type-product","3":"status-publish","4":"has-post-thumbnail","6":"product_cat-naturstein","7":"product_cat-terrassen-antik","8":"product_cat-travertin","9":"product_tag-terrassenplatten","10":"pa_anwendung-terrassenplatten","11":"pa_eignung-aussen","12":"pa_form-roemischer-verband","13":"pa_material-travertin","14":"pa_oberflaeche-antik","16":"first","17":"instock","18":"shipping-taxable","19":"product-type-simple"},"yoast_head":"<!-- This site is optimized with the Yoast SEO Premium plugin v27.3 (Yoast SEO v27.5) - https:\/\/yoast.com\/product\/yoast-seo-premium-wordpress\/ -->\n<title>Travertin Nocciole Antik - SCHUBERT STONE - Naturstein, Feinsteinzeug, Parkett<\/title>\n<meta name=\"robots\" content=\"index, follow, max-snippet:-1, max-image-preview:large, max-video-preview:-1\" \/>\n<link rel=\"canonical\" href=\"https:\/\/schubertstone.com\/en\/store\/natural-stone\/travertine\/nocciole-antique\/\" \/>\n<meta property=\"og:locale\" content=\"en_US\" \/>\n<meta property=\"og:type\" content=\"article\" \/>\n<meta property=\"og:title\" content=\"Travertin Nocciole Antik\" \/>\n<meta property=\"og:description\" content=\"Produktbeschreibung:  Travertin Nocciole Antik ist ein getrommelter Naturstein\u00a0mit warmen Beige- und Nussfarbt\u00f6nen, der besonders f\u00fcr Terrassen, Gartenwege und mediterrane Au\u00dfenbereiche eingesetzt wird.  Die f\u00fcr Travertin typische Porenstruktur \u2013 offen oder gespachtelt je nach Ausf\u00fchrung \u2013 verleiht den Platten eine lebendige, nat\u00fcrliche Ausstrahlung und schafft ein warmes, mediterranes Ambiente.    Erh\u00e4ltliche Gr\u00f6\u00dfen:   R\u00f6mischer Verband x 3 cm  61 x 40,6 x 3 cm  91,5 x 61 x 3 cm  Stufen sowie weitere Gr\u00f6\u00dfen auf Anfrage     &nbsp;\" \/>\n<meta property=\"og:url\" content=\"https:\/\/schubertstone.com\/en\/store\/natural-stone\/travertine\/nocciole-antique\/\" \/>\n<meta property=\"og:site_name\" content=\"SCHUBERT STONE - Naturstein, Feinsteinzeug, Parkett\" \/>\n<meta property=\"article:modified_time\" content=\"2026-04-14T14:58:25+00:00\" \/>\n<meta property=\"og:image\" content=\"https:\/\/schubertstone.com\/wp-content\/uploads\/2026\/04\/Travertin-Nocciole-Antik.jpg\" \/>\n\t<meta property=\"og:image:width\" content=\"2048\" \/>\n\t<meta property=\"og:image:height\" content=\"1365\" \/>\n\t<meta property=\"og:image:type\" content=\"image\/jpeg\" \/>\n<meta name=\"twitter:card\" content=\"summary_large_image\" \/>\n<meta name=\"twitter:label1\" content=\"Est. reading time\" \/>\n\t<meta name=\"twitter:data1\" content=\"1 minute\" \/>\n<script type=\"application\/ld+json\" class=\"yoast-schema-graph\">{\"@context\":\"https:\\\/\\\/schema.org\",\"@graph\":[{\"@type\":\"WebPage\",\"@id\":\"https:\\\/\\\/schubertstone.com\\\/shop\\\/naturstein\\\/travertin\\\/nocciole-antik\\\/\",\"url\":\"https:\\\/\\\/schubertstone.com\\\/shop\\\/naturstein\\\/travertin\\\/nocciole-antik\\\/\",\"name\":\"Travertin Nocciole Antik - SCHUBERT STONE - Naturstein, Feinsteinzeug, Parkett\",\"isPartOf\":{\"@id\":\"https:\\\/\\\/schubertstone.com\\\/#website\"},\"primaryImageOfPage\":{\"@id\":\"https:\\\/\\\/schubertstone.com\\\/shop\\\/naturstein\\\/travertin\\\/nocciole-antik\\\/#primaryimage\"},\"image\":{\"@id\":\"https:\\\/\\\/schubertstone.com\\\/shop\\\/naturstein\\\/travertin\\\/nocciole-antik\\\/#primaryimage\"},\"thumbnailUrl\":\"https:\\\/\\\/schubertstone.com\\\/wp-content\\\/uploads\\\/2026\\\/04\\\/Travertin-Nocciole-Antik.jpg\",\"datePublished\":\"2026-04-14T14:40:48+00:00\",\"dateModified\":\"2026-04-14T14:58:25+00:00\",\"breadcrumb\":{\"@id\":\"https:\\\/\\\/schubertstone.com\\\/shop\\\/naturstein\\\/travertin\\\/nocciole-antik\\\/#breadcrumb\"},\"inLanguage\":\"en-US\",\"potentialAction\":[{\"@type\":\"ReadAction\",\"target\":[\"https:\\\/\\\/schubertstone.com\\\/shop\\\/naturstein\\\/travertin\\\/nocciole-antik\\\/\"]}]},{\"@type\":\"ImageObject\",\"inLanguage\":\"en-US\",\"@id\":\"https:\\\/\\\/schubertstone.com\\\/shop\\\/naturstein\\\/travertin\\\/nocciole-antik\\\/#primaryimage\",\"url\":\"https:\\\/\\\/schubertstone.com\\\/wp-content\\\/uploads\\\/2026\\\/04\\\/Travertin-Nocciole-Antik.jpg\",\"contentUrl\":\"https:\\\/\\\/schubertstone.com\\\/wp-content\\\/uploads\\\/2026\\\/04\\\/Travertin-Nocciole-Antik.jpg\",\"width\":2048,\"height\":1365,\"caption\":\"Edeltravertin Nocciole IR, antik, r\u00f6m. Verband A4 3cm\"},{\"@type\":\"BreadcrumbList\",\"@id\":\"https:\\\/\\\/schubertstone.com\\\/shop\\\/naturstein\\\/travertin\\\/nocciole-antik\\\/#breadcrumb\",\"itemListElement\":[{\"@type\":\"ListItem\",\"position\":1,\"name\":\"Home\",\"item\":\"https:\\\/\\\/schubertstone.com\\\/\"},{\"@type\":\"ListItem\",\"position\":2,\"name\":\"Shop\",\"item\":\"https:\\\/\\\/schubertstone.com\\\/shop\\\/\"},{\"@type\":\"ListItem\",\"position\":3,\"name\":\"Travertin Nocciole Antik\"}]},{\"@type\":\"WebSite\",\"@id\":\"https:\\\/\\\/schubertstone.com\\\/#website\",\"url\":\"https:\\\/\\\/schubertstone.com\\\/\",\"name\":\"SCHUBERT STONE - Naturstein, Feinsteinzeug, Parkett\",\"description\":\"Edle B\u00f6den &amp; Terrassen f\u00fcr Ihre exklusive Immobilie\",\"potentialAction\":[{\"@type\":\"SearchAction\",\"target\":{\"@type\":\"EntryPoint\",\"urlTemplate\":\"https:\\\/\\\/schubertstone.com\\\/?s={search_term_string}\"},\"query-input\":{\"@type\":\"PropertyValueSpecification\",\"valueRequired\":true,\"valueName\":\"search_term_string\"}}],\"inLanguage\":\"en-US\"}]}<\/script>\n<!-- \/ Yoast SEO Premium plugin. -->","yoast_head_json":{"title":"Travertine Nocciole Antique - SCHUBERT STONE - natural stone, porcelain stoneware, parquet","robots":{"index":"index","follow":"follow","max-snippet":"max-snippet:-1","max-image-preview":"max-image-preview:large","max-video-preview":"max-video-preview:-1"},"canonical":"https:\/\/schubertstone.com\/en\/store\/natural-stone\/travertine\/nocciole-antique\/","og_locale":"en_US","og_type":"article","og_title":"Travertin Nocciole Antik","og_description":"Produktbeschreibung:  Travertin Nocciole Antik ist ein getrommelter Naturstein\u00a0mit warmen Beige- und Nussfarbt\u00f6nen, der besonders f\u00fcr Terrassen, Gartenwege und mediterrane Au\u00dfenbereiche eingesetzt wird.  Die f\u00fcr Travertin typische Porenstruktur \u2013 offen oder gespachtelt je nach Ausf\u00fchrung \u2013 verleiht den Platten eine lebendige, nat\u00fcrliche Ausstrahlung und schafft ein warmes, mediterranes Ambiente.    Erh\u00e4ltliche Gr\u00f6\u00dfen:   R\u00f6mischer Verband x 3 cm  61 x 40,6 x 3 cm  91,5 x 61 x 3 cm  Stufen sowie weitere Gr\u00f6\u00dfen auf Anfrage     &nbsp;","og_url":"https:\/\/schubertstone.com\/en\/store\/natural-stone\/travertine\/nocciole-antique\/","og_site_name":"SCHUBERT STONE - Naturstein, Feinsteinzeug, Parkett","article_modified_time":"2026-04-14T14:58:25+00:00","og_image":[{"width":2048,"height":1365,"url":"https:\/\/schubertstone.com\/wp-content\/uploads\/2026\/04\/Travertin-Nocciole-Antik.jpg","type":"image\/jpeg"}],"twitter_card":"summary_large_image","twitter_misc":{"Est. reading time":"1 minute"},"schema":{"@context":"https:\/\/schema.org","@graph":[{"@type":"WebPage","@id":"https:\/\/schubertstone.com\/shop\/naturstein\/travertin\/nocciole-antik\/","url":"https:\/\/schubertstone.com\/shop\/naturstein\/travertin\/nocciole-antik\/","name":"Travertine Nocciole Antique - SCHUBERT STONE - natural stone, porcelain stoneware, parquet","isPartOf":{"@id":"https:\/\/schubertstone.com\/#website"},"primaryImageOfPage":{"@id":"https:\/\/schubertstone.com\/shop\/naturstein\/travertin\/nocciole-antik\/#primaryimage"},"image":{"@id":"https:\/\/schubertstone.com\/shop\/naturstein\/travertin\/nocciole-antik\/#primaryimage"},"thumbnailUrl":"https:\/\/schubertstone.com\/wp-content\/uploads\/2026\/04\/Travertin-Nocciole-Antik.jpg","datePublished":"2026-04-14T14:40:48+00:00","dateModified":"2026-04-14T14:58:25+00:00","breadcrumb":{"@id":"https:\/\/schubertstone.com\/shop\/naturstein\/travertin\/nocciole-antik\/#breadcrumb"},"inLanguage":"en-US","potentialAction":[{"@type":"ReadAction","target":["https:\/\/schubertstone.com\/shop\/naturstein\/travertin\/nocciole-antik\/"]}]},{"@type":"ImageObject","inLanguage":"en-US","@id":"https:\/\/schubertstone.com\/shop\/naturstein\/travertin\/nocciole-antik\/#primaryimage","url":"https:\/\/schubertstone.com\/wp-content\/uploads\/2026\/04\/Travertin-Nocciole-Antik.jpg","contentUrl":"https:\/\/schubertstone.com\/wp-content\/uploads\/2026\/04\/Travertin-Nocciole-Antik.jpg","width":2048,"height":1365,"caption":"Edeltravertin Nocciole IR, antik, r\u00f6m. Verband A4 3cm"},{"@type":"BreadcrumbList","@id":"https:\/\/schubertstone.com\/shop\/naturstein\/travertin\/nocciole-antik\/#breadcrumb","itemListElement":[{"@type":"ListItem","position":1,"name":"Home","item":"https:\/\/schubertstone.com\/"},{"@type":"ListItem","position":2,"name":"Shop","item":"https:\/\/schubertstone.com\/shop\/"},{"@type":"ListItem","position":3,"name":"Travertin Nocciole Antik"}]},{"@type":"WebSite","@id":"https:\/\/schubertstone.com\/#website","url":"https:\/\/schubertstone.com\/","name":"SCHUBERT STONE - Natural stone, porcelain stoneware, parquet","description":"Fine floors &amp; terraces for your exclusive property","potentialAction":[{"@type":"SearchAction","target":{"@type":"EntryPoint","urlTemplate":"https:\/\/schubertstone.com\/?s={search_term_string}"},"query-input":{"@type":"PropertyValueSpecification","valueRequired":true,"valueName":"search_term_string"}}],"inLanguage":"en-US"}]}},"_links":{"self":[{"href":"https:\/\/schubertstone.com\/en\/wp-json\/wp\/v2\/product\/36995","targetHints":{"allow":["GET"]}}],"collection":[{"href":"https:\/\/schubertstone.com\/en\/wp-json\/wp\/v2\/product"}],"about":[{"href":"https:\/\/schubertstone.com\/en\/wp-json\/wp\/v2\/types\/product"}],"version-history":[{"count":2,"href":"https:\/\/schubertstone.com\/en\/wp-json\/wp\/v2\/product\/36995\/revisions"}],"predecessor-version":[{"id":37001,"href":"https:\/\/schubertstone.com\/en\/wp-json\/wp\/v2\/product\/36995\/revisions\/37001"}],"wp:featuredmedia":[{"embeddable":true,"href":"https:\/\/schubertstone.com\/en\/wp-json\/wp\/v2\/media\/36997"}],"wp:attachment":[{"href":"https:\/\/schubertstone.com\/en\/wp-json\/wp\/v2\/media?parent=36995"}],"wp:term":[{"taxonomy":"product_brand","embeddable":true,"href":"https:\/\/schubertstone.com\/en\/wp-json\/wp\/v2\/product_brand?post=36995"},{"taxonomy":"product_cat","embeddable":true,"href":"https:\/\/schubertstone.com\/en\/wp-json\/wp\/v2\/product_cat?post=36995"},{"taxonomy":"product_tag","embeddable":true,"href":"https:\/\/schubertstone.com\/en\/wp-json\/wp\/v2\/product_tag?post=36995"}],"curies":[{"name":"wp","href":"https:\/\/api.w.org\/{rel}","templated":true}]}}