{"id":37007,"date":"2026-04-14T17:21:42","date_gmt":"2026-04-14T15:21:42","guid":{"rendered":"https:\/\/schubertstone.com\/?post_type=product&#038;p=37007"},"modified":"2026-04-14T17:45:29","modified_gmt":"2026-04-14T15:45:29","slug":"technostein-ud06-lr","status":"publish","type":"product","link":"https:\/\/schubertstone.com\/en\/shop\/feinsteinzeug\/terrassen-antik-feinsteinzeug\/technostein-ud06-lr\/","title":{"rendered":"Technostein UD06 LR"},"content":{"rendered":"<hr \/>\n<h3><strong>Properties:<\/strong><\/h3>\n<ul>\n<li>Moderne Grau- und Steinoptik mit leichter Maserung<\/li>\n<li>Structured surface<\/li>\n<li>Antique tumbled edges<\/li>\n<li>Feinsteinzeug mit homogener, dichter Struktur<\/li>\n<\/ul>\n<hr \/>\n<h3>Resilience:<\/h3>\n<ul>\n<li>Non-slip (R11)<\/li>\n<li>Acid and scratch resistant<\/li>\n<li>Stain and UV resistant<\/li>\n<li>High durability<\/li>\n<\/ul>\n<hr \/>\n<h3 style=\"font-weight: 400;\"><strong>Care:<\/strong><\/h3>\n<ul>\n<li>Simply clean with stone soap in the mop water, even with K\u00e4rcher<\/li>\n<li class=\"p1\">No impregnation necessary<\/li>\n<\/ul>\n<hr \/>\n<h3 style=\"font-weight: 400;\"><strong>Use:<\/strong><\/h3>\n<ul>\n<li class=\"p1\">Terraces<\/li>\n<li class=\"p1\">Pool surrounds<\/li>\n<li>Garden areas<\/li>\n<li>Paths<\/li>\n<li class=\"p1\">Inner courtyards and entrance areas<\/li>\n<li class=\"p1\">Commercial outdoor areas<\/li>\n<\/ul>\n<hr \/>\n<h3 style=\"font-weight: 400;\"><strong>Minimum order quantity:<\/strong><\/h3>\n<p>20 m2<\/p>\n<hr \/>\n<p>&nbsp;<\/p>","protected":false},"excerpt":{"rendered":"<hr \/>\n<h2>Product description:<\/h2>\n<p><\/p>\n<p>Der Technostein UD06 LR ist ein hochwertiges <a href=\"https:\/\/schubertstone.com\/en\/porcelain-stoneware-techno-stone\/\">Porcelain stoneware<\/a> mit moderner Steinoptik in k\u00fchlen Grau- und leicht marmorierten Nuancen. Die dezente Maserung verleiht der Oberfl\u00e4che Tiefe und sorgt f\u00fcr ein elegantes, zeitloses Gesamtbild.<\/p>\n<p>Durch die klaren Formate entsteht ein ruhiges, architektonisches Verlegebild, das sich ideal in moderne Au\u00dfenkonzepte einf\u00fcgt. Die Oberfl\u00e4che wirkt hochwertig und reduziert, ohne an Nat\u00fcrlichkeit zu verlieren.<\/p>\n<hr \/>\n<h3>Available sizes:<\/h3>\n<ul>\n<li>79,5 x 39,65 x 2 cm<\/li>\n<\/ul>\n<hr \/>\n<p>&nbsp;<\/p>","protected":false},"featured_media":37013,"template":"","meta":[],"product_brand":[],"product_cat":[21,214],"product_tag":[178],"class_list":{"0":"post-37007","1":"product","2":"type-product","3":"status-publish","4":"has-post-thumbnail","6":"product_cat-feinsteinzeug","7":"product_cat-terrassen-antik-feinsteinzeug","8":"product_tag-boeden","9":"pa_eignung-aussen","10":"pa_eignung-aussenundinnen","11":"pa_form-rechtecke","12":"pa_material-feinsteinzeug","13":"pa_oberflaeche-antik","15":"first","16":"instock","17":"shipping-taxable","18":"product-type-simple"},"yoast_head":"<!-- This site is optimized with the Yoast SEO Premium plugin v27.3 (Yoast SEO v27.4) - https:\/\/yoast.com\/product\/yoast-seo-premium-wordpress\/ -->\n<title>Technostein UD06 LR - SCHUBERT STONE - Naturstein, Feinsteinzeug, Parkett<\/title>\n<meta name=\"robots\" content=\"index, follow, max-snippet:-1, max-image-preview:large, max-video-preview:-1\" \/>\n<link rel=\"canonical\" href=\"https:\/\/schubertstone.com\/en\/store\/fine-stoneware\/terraces-antique-porcelain-stoneware\/technostein-ud06-lr\/\" \/>\n<meta property=\"og:locale\" content=\"en_US\" \/>\n<meta property=\"og:type\" content=\"article\" \/>\n<meta property=\"og:title\" content=\"Technostein UD06 LR\" \/>\n<meta property=\"og:description\" content=\"Produktbeschreibung:  Der Technostein UD06 LR ist ein hochwertiges Feinsteinzeug mit moderner Steinoptik in k\u00fchlen Grau- und leicht marmorierten Nuancen. Die dezente Maserung verleiht der Oberfl\u00e4che Tiefe und sorgt f\u00fcr ein elegantes, zeitloses Gesamtbild.  Durch die klaren Formate entsteht ein ruhiges, architektonisches Verlegebild, das sich ideal in moderne Au\u00dfenkonzepte einf\u00fcgt. Die Oberfl\u00e4che wirkt hochwertig und reduziert, ohne an Nat\u00fcrlichkeit zu verlieren.     Erh\u00e4ltliche Gr\u00f6\u00dfen:   79,5 x 39,65 x 2 cm     &nbsp;\" \/>\n<meta property=\"og:url\" content=\"https:\/\/schubertstone.com\/en\/store\/fine-stoneware\/terraces-antique-porcelain-stoneware\/technostein-ud06-lr\/\" \/>\n<meta property=\"og:site_name\" content=\"SCHUBERT STONE - Naturstein, Feinsteinzeug, Parkett\" \/>\n<meta property=\"article:modified_time\" content=\"2026-04-14T15:45:29+00:00\" \/>\n<meta property=\"og:image\" content=\"https:\/\/schubertstone.com\/wp-content\/uploads\/2026\/04\/Technostein-UD06-LR.jpg\" \/>\n\t<meta property=\"og:image:width\" content=\"2048\" \/>\n\t<meta property=\"og:image:height\" content=\"1024\" \/>\n\t<meta property=\"og:image:type\" content=\"image\/jpeg\" \/>\n<meta name=\"twitter:card\" content=\"summary_large_image\" \/>\n<meta name=\"twitter:label1\" content=\"Est. reading time\" \/>\n\t<meta name=\"twitter:data1\" content=\"1 minute\" \/>\n<script type=\"application\/ld+json\" class=\"yoast-schema-graph\">{\"@context\":\"https:\\\/\\\/schema.org\",\"@graph\":[{\"@type\":\"WebPage\",\"@id\":\"https:\\\/\\\/schubertstone.com\\\/shop\\\/feinsteinzeug\\\/terrassen-antik-feinsteinzeug\\\/technostein-ud06-lr\\\/\",\"url\":\"https:\\\/\\\/schubertstone.com\\\/shop\\\/feinsteinzeug\\\/terrassen-antik-feinsteinzeug\\\/technostein-ud06-lr\\\/\",\"name\":\"Technostein UD06 LR - SCHUBERT STONE - Naturstein, Feinsteinzeug, Parkett\",\"isPartOf\":{\"@id\":\"https:\\\/\\\/schubertstone.com\\\/#website\"},\"primaryImageOfPage\":{\"@id\":\"https:\\\/\\\/schubertstone.com\\\/shop\\\/feinsteinzeug\\\/terrassen-antik-feinsteinzeug\\\/technostein-ud06-lr\\\/#primaryimage\"},\"image\":{\"@id\":\"https:\\\/\\\/schubertstone.com\\\/shop\\\/feinsteinzeug\\\/terrassen-antik-feinsteinzeug\\\/technostein-ud06-lr\\\/#primaryimage\"},\"thumbnailUrl\":\"https:\\\/\\\/schubertstone.com\\\/wp-content\\\/uploads\\\/2026\\\/04\\\/Technostein-UD06-LR.jpg\",\"datePublished\":\"2026-04-14T15:21:42+00:00\",\"dateModified\":\"2026-04-14T15:45:29+00:00\",\"breadcrumb\":{\"@id\":\"https:\\\/\\\/schubertstone.com\\\/shop\\\/feinsteinzeug\\\/terrassen-antik-feinsteinzeug\\\/technostein-ud06-lr\\\/#breadcrumb\"},\"inLanguage\":\"en-US\",\"potentialAction\":[{\"@type\":\"ReadAction\",\"target\":[\"https:\\\/\\\/schubertstone.com\\\/shop\\\/feinsteinzeug\\\/terrassen-antik-feinsteinzeug\\\/technostein-ud06-lr\\\/\"]}]},{\"@type\":\"ImageObject\",\"inLanguage\":\"en-US\",\"@id\":\"https:\\\/\\\/schubertstone.com\\\/shop\\\/feinsteinzeug\\\/terrassen-antik-feinsteinzeug\\\/technostein-ud06-lr\\\/#primaryimage\",\"url\":\"https:\\\/\\\/schubertstone.com\\\/wp-content\\\/uploads\\\/2026\\\/04\\\/Technostein-UD06-LR.jpg\",\"contentUrl\":\"https:\\\/\\\/schubertstone.com\\\/wp-content\\\/uploads\\\/2026\\\/04\\\/Technostein-UD06-LR.jpg\",\"width\":2048,\"height\":1024,\"caption\":\"Technostein UD06 LR, strukturiert, Kante behauen, R11, 79,5 x 39,65 x 2 cm\"},{\"@type\":\"BreadcrumbList\",\"@id\":\"https:\\\/\\\/schubertstone.com\\\/shop\\\/feinsteinzeug\\\/terrassen-antik-feinsteinzeug\\\/technostein-ud06-lr\\\/#breadcrumb\",\"itemListElement\":[{\"@type\":\"ListItem\",\"position\":1,\"name\":\"Home\",\"item\":\"https:\\\/\\\/schubertstone.com\\\/\"},{\"@type\":\"ListItem\",\"position\":2,\"name\":\"Shop\",\"item\":\"https:\\\/\\\/schubertstone.com\\\/shop\\\/\"},{\"@type\":\"ListItem\",\"position\":3,\"name\":\"Technostein UD06 LR\"}]},{\"@type\":\"WebSite\",\"@id\":\"https:\\\/\\\/schubertstone.com\\\/#website\",\"url\":\"https:\\\/\\\/schubertstone.com\\\/\",\"name\":\"SCHUBERT STONE - Naturstein, Feinsteinzeug, Parkett\",\"description\":\"Edle B\u00f6den &amp; Terrassen f\u00fcr Ihre exklusive Immobilie\",\"potentialAction\":[{\"@type\":\"SearchAction\",\"target\":{\"@type\":\"EntryPoint\",\"urlTemplate\":\"https:\\\/\\\/schubertstone.com\\\/?s={search_term_string}\"},\"query-input\":{\"@type\":\"PropertyValueSpecification\",\"valueRequired\":true,\"valueName\":\"search_term_string\"}}],\"inLanguage\":\"en-US\"}]}<\/script>\n<!-- \/ Yoast SEO Premium plugin. -->","yoast_head_json":{"title":"Technostein UD06 LR - SCHUBERT STONE - Naturstein, Feinsteinzeug, Parkett","robots":{"index":"index","follow":"follow","max-snippet":"max-snippet:-1","max-image-preview":"max-image-preview:large","max-video-preview":"max-video-preview:-1"},"canonical":"https:\/\/schubertstone.com\/en\/store\/fine-stoneware\/terraces-antique-porcelain-stoneware\/technostein-ud06-lr\/","og_locale":"en_US","og_type":"article","og_title":"Technostein UD06 LR","og_description":"Produktbeschreibung:  Der Technostein UD06 LR ist ein hochwertiges Feinsteinzeug mit moderner Steinoptik in k\u00fchlen Grau- und leicht marmorierten Nuancen. Die dezente Maserung verleiht der Oberfl\u00e4che Tiefe und sorgt f\u00fcr ein elegantes, zeitloses Gesamtbild.  Durch die klaren Formate entsteht ein ruhiges, architektonisches Verlegebild, das sich ideal in moderne Au\u00dfenkonzepte einf\u00fcgt. Die Oberfl\u00e4che wirkt hochwertig und reduziert, ohne an Nat\u00fcrlichkeit zu verlieren.     Erh\u00e4ltliche Gr\u00f6\u00dfen:   79,5 x 39,65 x 2 cm     &nbsp;","og_url":"https:\/\/schubertstone.com\/en\/store\/fine-stoneware\/terraces-antique-porcelain-stoneware\/technostein-ud06-lr\/","og_site_name":"SCHUBERT STONE - Naturstein, Feinsteinzeug, Parkett","article_modified_time":"2026-04-14T15:45:29+00:00","og_image":[{"width":2048,"height":1024,"url":"https:\/\/schubertstone.com\/wp-content\/uploads\/2026\/04\/Technostein-UD06-LR.jpg","type":"image\/jpeg"}],"twitter_card":"summary_large_image","twitter_misc":{"Est. reading time":"1 minute"},"schema":{"@context":"https:\/\/schema.org","@graph":[{"@type":"WebPage","@id":"https:\/\/schubertstone.com\/shop\/feinsteinzeug\/terrassen-antik-feinsteinzeug\/technostein-ud06-lr\/","url":"https:\/\/schubertstone.com\/shop\/feinsteinzeug\/terrassen-antik-feinsteinzeug\/technostein-ud06-lr\/","name":"Technostein UD06 LR - SCHUBERT STONE - Naturstein, Feinsteinzeug, Parkett","isPartOf":{"@id":"https:\/\/schubertstone.com\/#website"},"primaryImageOfPage":{"@id":"https:\/\/schubertstone.com\/shop\/feinsteinzeug\/terrassen-antik-feinsteinzeug\/technostein-ud06-lr\/#primaryimage"},"image":{"@id":"https:\/\/schubertstone.com\/shop\/feinsteinzeug\/terrassen-antik-feinsteinzeug\/technostein-ud06-lr\/#primaryimage"},"thumbnailUrl":"https:\/\/schubertstone.com\/wp-content\/uploads\/2026\/04\/Technostein-UD06-LR.jpg","datePublished":"2026-04-14T15:21:42+00:00","dateModified":"2026-04-14T15:45:29+00:00","breadcrumb":{"@id":"https:\/\/schubertstone.com\/shop\/feinsteinzeug\/terrassen-antik-feinsteinzeug\/technostein-ud06-lr\/#breadcrumb"},"inLanguage":"en-US","potentialAction":[{"@type":"ReadAction","target":["https:\/\/schubertstone.com\/shop\/feinsteinzeug\/terrassen-antik-feinsteinzeug\/technostein-ud06-lr\/"]}]},{"@type":"ImageObject","inLanguage":"en-US","@id":"https:\/\/schubertstone.com\/shop\/feinsteinzeug\/terrassen-antik-feinsteinzeug\/technostein-ud06-lr\/#primaryimage","url":"https:\/\/schubertstone.com\/wp-content\/uploads\/2026\/04\/Technostein-UD06-LR.jpg","contentUrl":"https:\/\/schubertstone.com\/wp-content\/uploads\/2026\/04\/Technostein-UD06-LR.jpg","width":2048,"height":1024,"caption":"Technostein UD06 LR, strukturiert, Kante behauen, R11, 79,5 x 39,65 x 2 cm"},{"@type":"BreadcrumbList","@id":"https:\/\/schubertstone.com\/shop\/feinsteinzeug\/terrassen-antik-feinsteinzeug\/technostein-ud06-lr\/#breadcrumb","itemListElement":[{"@type":"ListItem","position":1,"name":"Home","item":"https:\/\/schubertstone.com\/"},{"@type":"ListItem","position":2,"name":"Shop","item":"https:\/\/schubertstone.com\/shop\/"},{"@type":"ListItem","position":3,"name":"Technostein UD06 LR"}]},{"@type":"WebSite","@id":"https:\/\/schubertstone.com\/#website","url":"https:\/\/schubertstone.com\/","name":"SCHUBERT STONE - Natural stone, porcelain stoneware, parquet","description":"Fine floors &amp; terraces for your exclusive property","potentialAction":[{"@type":"SearchAction","target":{"@type":"EntryPoint","urlTemplate":"https:\/\/schubertstone.com\/?s={search_term_string}"},"query-input":{"@type":"PropertyValueSpecification","valueRequired":true,"valueName":"search_term_string"}}],"inLanguage":"en-US"}]}},"_links":{"self":[{"href":"https:\/\/schubertstone.com\/en\/wp-json\/wp\/v2\/product\/37007","targetHints":{"allow":["GET"]}}],"collection":[{"href":"https:\/\/schubertstone.com\/en\/wp-json\/wp\/v2\/product"}],"about":[{"href":"https:\/\/schubertstone.com\/en\/wp-json\/wp\/v2\/types\/product"}],"version-history":[{"count":1,"href":"https:\/\/schubertstone.com\/en\/wp-json\/wp\/v2\/product\/37007\/revisions"}],"predecessor-version":[{"id":37014,"href":"https:\/\/schubertstone.com\/en\/wp-json\/wp\/v2\/product\/37007\/revisions\/37014"}],"wp:featuredmedia":[{"embeddable":true,"href":"https:\/\/schubertstone.com\/en\/wp-json\/wp\/v2\/media\/37013"}],"wp:attachment":[{"href":"https:\/\/schubertstone.com\/en\/wp-json\/wp\/v2\/media?parent=37007"}],"wp:term":[{"taxonomy":"product_brand","embeddable":true,"href":"https:\/\/schubertstone.com\/en\/wp-json\/wp\/v2\/product_brand?post=37007"},{"taxonomy":"product_cat","embeddable":true,"href":"https:\/\/schubertstone.com\/en\/wp-json\/wp\/v2\/product_cat?post=37007"},{"taxonomy":"product_tag","embeddable":true,"href":"https:\/\/schubertstone.com\/en\/wp-json\/wp\/v2\/product_tag?post=37007"}],"curies":[{"name":"wp","href":"https:\/\/api.w.org\/{rel}","templated":true}]}}